{"id":4442,"date":"2025-04-27T02:23:54","date_gmt":"2025-04-27T02:23:54","guid":{"rendered":"https:\/\/ua-protector.com\/?post_type=product&#038;p=4442"},"modified":"2025-08-06T00:55:47","modified_gmt":"2025-08-06T07:55:47","slug":"arc-fault-detection-devices","status":"publish","type":"product","link":"https:\/\/ua-protector.com\/sp\/producto\/protector\/afdd-afci\/dispositivos-de-deteccion-de-fallos-de-arco\/","title":{"rendered":"Dispositivos de detecci\u00f3n de fallos de arco JGAFDD-63"},"content":{"rendered":"<h2><strong>Introducci\u00f3n<\/strong><\/h2>\n<hr \/>\n<h1><strong>\u00a0\u00a0<\/strong><\/h1>\n<figure id=\"attachment_4538\" aria-describedby=\"caption-attachment-4538\" style=\"width: 300px\" class=\"wp-caption alignleft\"><img fetchpriority=\"high\" decoding=\"async\" class=\"wp-image-4538 size-medium\" src=\"https:\/\/ua-protector.com\/wp-content\/uploads\/2025\/04\/JGAFDD-63-1-300x300.jpg\" alt=\"Dispositivos de detecci\u00f3n de fallos de arco \" width=\"300\" height=\"300\" srcset=\"https:\/\/ua-protector.com\/wp-content\/uploads\/2025\/04\/JGAFDD-63-1-300x300.jpg 300w, https:\/\/ua-protector.com\/wp-content\/uploads\/2025\/04\/JGAFDD-63-1-100x100.jpg 100w, https:\/\/ua-protector.com\/wp-content\/uploads\/2025\/04\/JGAFDD-63-1-600x600.jpg 600w, https:\/\/ua-protector.com\/wp-content\/uploads\/2025\/04\/JGAFDD-63-1-150x150.jpg 150w, https:\/\/ua-protector.com\/wp-content\/uploads\/2025\/04\/JGAFDD-63-1-768x768.jpg 768w, https:\/\/ua-protector.com\/wp-content\/uploads\/2025\/04\/JGAFDD-63-1.jpg 800w\" sizes=\"(max-width: 300px) 100vw, 300px\" \/><figcaption id=\"caption-attachment-4538\" class=\"wp-caption-text\">Dispositivos de detecci\u00f3n de fallos de arco<\/figcaption><\/figure>\n<p><a href=\"https:\/\/ua-protector.com\/sp\">\u00a0Dispositivos de detecci\u00f3n de fallos de arco <\/a>(<a href=\"https:\/\/elejg.com\/\" target=\"_blank\" rel=\"noopener\">AFDD<\/a>)est\u00e1 ensamblado por un disyuntor en miniatura y un m\u00f3dulo de protecci\u00f3n contra fallos de arco, y tiene funciones de protecci\u00f3n como sobrecarga, cortocircuito y protecci\u00f3n contra fallos de arco.<\/p>\n<p>AFDD Adecuado para comunicaci\u00f3n 50Hz, tensi\u00f3n nominal 230V, corriente nominal hasta 63AEn las siguientes l\u00edneas, se utiliza para proteger la sobrecorriente de las l\u00edneas de edificios y fines similares, y al mismo tiempo, puede detectar con antelaci\u00f3n muchos riesgos de incendio causados por la ruptura de dispositivos el\u00e9ctricos o el envejecimiento de los cables, y proteger contra fallos de arco a tierra, fallos de arco en paralelo y fallos de arco en serie. En cierta medida, se ha reducido la incidencia de accidentes de seguridad contra incendios, y se ha protegido eficazmente la seguridad de la vida y la propiedad de las personas.<\/p>\n<p>&nbsp;<\/p>\n<p>&nbsp;<\/p>\n<p>&nbsp;<\/p>\n<h2><strong>Caracter\u00edsticas del producto AFDD<\/strong><\/h2>\n<hr \/>\n<div style=\"overflow-x: auto;\">\n<table style=\"min-width: 600px; height: 190px;\" border=\"1\" width=\"714\" cellspacing=\"0\">\n<tbody>\n<tr>\n<td>Tipo<\/td>\n<td>JGAFDD-63<\/td>\n<\/tr>\n<tr>\n<td>Especificaciones actuales<\/td>\n<td>63A(1~63A)<\/td>\n<\/tr>\n<tr>\n<td>Tensi\u00f3n de trabajo<\/td>\n<td>AC230V<\/td>\n<\/tr>\n<\/tbody>\n<\/table>\n<p>a\uff09Protecci\u00f3n contra sobrecargas y retardos prolongados;<\/p>\n<\/div>\n<p>b\uff09Protecci\u00f3n contra sobrecargas y cortocircuitos;<\/p>\n<p>c\uff09Protecci\u00f3n de disparo instant\u00e1neo;<\/p>\n<p>d\uff09Protecci\u00f3n contra fallos de arco en serie;<\/p>\n<p>e\uff09Protecci\u00f3n contra fallos de arco en paralelo;<\/p>\n<p>FProtecci\u00f3n contra fallo de arco en tierra;<\/p>\n<p>g\uff09M\u00faltiples especificaciones de corriente.<\/p>\n<p>&nbsp;<\/p>\n<h2><strong>\u00a0Condiciones de trabajo e instalaci\u00f3n de la AFDD<\/strong><\/h2>\n<hr \/>\n<p>aTemperatura del aire ambiente<\/p>\n<p>La temperatura del aire ambiente no es superior+70\u2103,No inferior a-35\u2103\uff0c24La media de las horas no supera+35\u2103\uff1b<\/p>\n<p>Nota: La temperatura del aire ambiente es superior+70\u2103o inferior a-35\u2103condiciones de uso AFDD La protecci\u00f3n contra fallos de arco est\u00e1 desactivada El conductor debe negociarse con el fabricante;<\/p>\n<p>bAltitud<\/p>\n<p>La altitud del lugar de instalaci\u00f3n no supera los 2000m\uff1b.<\/p>\n<p>cCondiciones atmosf\u00e9ricas<\/p>\n<p>La humedad relativa de la atm\u00f3sfera est\u00e1 en su temperatura m\u00e1s alta en los alrededores+60\u2103time no excedi\u00f3 50%, que puede tener una fase m\u00e1s alta a temperaturas m\u00e1s bajas a la humedad, por ejemplo 20\u2103time 90%, para la condensaci\u00f3n ocasional debido a los cambios de temperatura, las medidas protectoras deben ser tomadas;<\/p>\n<p>dCondiciones de instalaci\u00f3n<\/p>\n<p>Protector de fallo de arcoEl campo magn\u00e9tico externo cerca del lugar de instalaci\u00f3n no debe exceder el campo geomagn\u00e9tico en cualquier direcci\u00f3n5Fold; La posici\u00f3n de instalaci\u00f3n debe ser vertical, y la inclinaci\u00f3n en todas las direcciones no debe exceder de 10 \u00b0\uff1b Instalado en un lugar donde no hay vibraciones de choque y no hay lluvia o nieve Square; Adoptar las normas TH35-7.5 secci\u00f3n de instalaci\u00f3n de acero instalaci\u00f3n de carriles;<\/p>\n<p>Nivel de contaminaci\u00f3n electr\u00f3nica: nivel 2<\/p>\n<p>fCategor\u00eda de instalaci\u00f3n:\u2162Kind;<\/p>\n<p>gIngress Protecci\u00f3n:IP20(Instalado en una caja de distribuci\u00f3n, armario de distribuci\u00f3n o caja.) IP40\uff09\uff1b<\/p>\n<p>hCon \u00e9l N Al realizar el cableado, el hilo neutro debe conectarse a la marca N Identificaci\u00f3n de los polos.<\/p>\n<h2><strong><a href=\"https:\/\/ua-protector.com\/sp\">Dispositivos de detecci\u00f3n de fallos de arco <\/a> talla<\/strong><\/h2>\n<hr \/>\n<p><img decoding=\"async\" class=\"alignnone\" title=\"1744705968351984.png\" src=\"https:\/\/www.elejg.com\/static\/upload\/image\/20250415\/1744705968351984.png\" alt=\"imagen.png\" width=\"642\" height=\"367\" \/><\/p>\n<h2><strong>Informaci\u00f3n del paquete est\u00e1ndar<\/strong><\/h2>\n<hr \/>\n<p><img decoding=\"async\" class=\"alignnone size-medium wp-image-6114\" src=\"https:\/\/ua-protector.com\/wp-content\/uploads\/2025\/04\/45.5-23.5-31.5-box-300x300.jpg\" alt=\"\" width=\"300\" height=\"300\" srcset=\"https:\/\/ua-protector.com\/wp-content\/uploads\/2025\/04\/45.5-23.5-31.5-box-300x300.jpg 300w, https:\/\/ua-protector.com\/wp-content\/uploads\/2025\/04\/45.5-23.5-31.5-box-150x150.jpg 150w, https:\/\/ua-protector.com\/wp-content\/uploads\/2025\/04\/45.5-23.5-31.5-box-12x12.jpg 12w, https:\/\/ua-protector.com\/wp-content\/uploads\/2025\/04\/45.5-23.5-31.5-box-600x600.jpg 600w, https:\/\/ua-protector.com\/wp-content\/uploads\/2025\/04\/45.5-23.5-31.5-box-100x100.jpg 100w, https:\/\/ua-protector.com\/wp-content\/uploads\/2025\/04\/45.5-23.5-31.5-box.jpg 750w\" sizes=\"(max-width: 300px) 100vw, 300px\" \/><\/p>\n<div style=\"overflow-x: auto;\">\n<table>\n<tbody>\n<tr>\n<th>Dimensiones de la caja (cm)<\/th>\n<th>Lista de paquetes<\/th>\n<th>CANT<\/th>\n<th>Peso bruto (kg)<\/th>\n<\/tr>\n<tr>\n<td style=\"text-align: center;\">45,5 cm \u00d7 23,5 cm \u00d7 31,5 cm<\/td>\n<td style=\"text-align: center;\">\u00a0protector<\/td>\n<td style=\"text-align: center;\">120 unidades<\/td>\n<td style=\"text-align: center;\">20 kg<\/td>\n<\/tr>\n<\/tbody>\n<\/table>\n<\/div>\n<p>&nbsp;<\/p>\n<hr \/>\n<h1 class=\"elementor-heading-title elementor-size-default\"><span style=\"color: #0000ff;\">P\u00f3ngase en contacto con nosotros.<\/span><\/h1>\n<p>Para obtener m\u00e1s informaci\u00f3n sobre nuestros productos y servicios,Recibir\u00e1 una respuesta de un experto en electricidad,Estaremos encantados de atenderle.<\/p>\n<p>Mob\/WhatsApp\/Wang: +86 18958900126<br \/>\nCorreo electr\u00f3nico profesional\uff1a<strong>sales@tokeep.net<br \/>\n<\/strong>Correo electr\u00f3nico sobre tecnolog\u00eda:\u00a0<strong>tokeepcc@gmail.com<\/strong><strong><br \/>\n<\/strong>Correo electr\u00f3nico personal:<strong>\u00a0wxj7607@126.com<\/strong><\/p>\n<p><img loading=\"lazy\" decoding=\"async\" class=\"alignnone wp-image-5833 size-full\" src=\"https:\/\/ua-protector.com\/wp-content\/uploads\/2025\/04\/whateapp-1.jpg\" sizes=\"(max-width: 573px) 100vw, 573px\" srcset=\"https:\/\/ua-protector.com\/wp-content\/uploads\/2025\/04\/whateapp-1.jpg 573w, https:\/\/ua-protector.com\/wp-content\/uploads\/2025\/04\/whateapp-1-300x169.jpg 300w, https:\/\/ua-protector.com\/wp-content\/uploads\/2025\/04\/whateapp-1-18x10.jpg 18w\" alt=\"\" width=\"573\" height=\"322\" \/><\/p>","protected":false},"excerpt":{"rendered":"<p><a href=\"https:\/\/ua-protector.com\/sp\">Dispositivos de detecci\u00f3n de fallos de arco<\/a> (AFDD ): en lo sucesivo denominado el protector, detecta eficazmente el arco de falta en la l\u00ednea de acceso, incluyendo el arco paralelo de falta y el arco en serie de falta, y cuando se detecta en la l\u00ednea el arco de falta que causa el incendio, se puede llevar a cabo la funci\u00f3n de apagado para lograr el prop\u00f3sito de alerta temprana de incendio. El protector de arco de falla es adecuado para circuitos el\u00e9ctricos de 10KW y menos en edificios industriales y civiles.<\/p>","protected":false},"featured_media":4538,"template":"","meta":{"_acf_changed":false,"site-sidebar-layout":"default","site-content-layout":"","ast-site-content-layout":"default","site-content-style":"default","site-sidebar-style":"default","ast-global-header-display":"","ast-banner-title-visibility":"","ast-main-header-display":"","ast-hfb-above-header-display":"","ast-hfb-below-header-display":"","ast-hfb-mobile-header-display":"","site-post-title":"","ast-breadcrumbs-content":"","ast-featured-img":"","footer-sml-layout":"","theme-transparent-header-meta":"default","adv-header-id-meta":"","stick-header-meta":"","header-above-stick-meta":"","header-main-stick-meta":"","header-below-stick-meta":"","astra-migrate-meta-layouts":"set","ast-page-background-enabled":"default","ast-page-background-meta":{"desktop":{"background-color":"","background-image":"","background-repeat":"repeat","background-position":"center center","background-size":"auto","background-attachment":"scroll","background-type":"","background-media":"","overlay-type":"","overlay-color":"","overlay-opacity":"","overlay-gradient":""},"tablet":{"background-color":"","background-image":"","background-repeat":"repeat","background-position":"center center","background-size":"auto","background-attachment":"scroll","background-type":"","background-media":"","overlay-type":"","overlay-color":"","overlay-opacity":"","overlay-gradient":""},"mobile":{"background-color":"","background-image":"","background-repeat":"repeat","background-position":"center center","background-size":"auto","background-attachment":"scroll","background-type":"","background-media":"","overlay-type":"","overlay-color":"","overlay-opacity":"","overlay-gradient":""}},"ast-content-background-meta":{"desktop":{"background-color":"var(--ast-global-color-5)","background-image":"","background-repeat":"repeat","background-position":"center center","background-size":"auto","background-attachment":"scroll","background-type":"","background-media":"","overlay-type":"","overlay-color":"","overlay-opacity":"","overlay-gradient":""},"tablet":{"background-color":"var(--ast-global-color-5)","background-image":"","background-repeat":"repeat","background-position":"center center","background-size":"auto","background-attachment":"scroll","background-type":"","background-media":"","overlay-type":"","overlay-color":"","overlay-opacity":"","overlay-gradient":""},"mobile":{"background-color":"var(--ast-global-color-5)","background-image":"","background-repeat":"repeat","background-position":"center center","background-size":"auto","background-attachment":"scroll","background-type":"","background-media":"","overlay-type":"","overlay-color":"","overlay-opacity":"","overlay-gradient":""}}},"product_brand":[],"product_cat":[81,65,56,61],"product_tag":[83,82,85,84],"class_list":{"0":"post-4442","1":"product","2":"type-product","3":"status-publish","4":"has-post-thumbnail","6":"product_cat-afdd-afci","7":"product_cat-fireproof-current-limiting-protector","8":"product_cat-protector","9":"product_cat-switch","10":"product_tag-afci","11":"product_tag-afdd","12":"product_tag-arc-fault-circuit-interrupters","13":"product_tag-arc-fault-detection-devices","14":"desktop-align-center","15":"tablet-align-left","16":"mobile-align-left","18":"first","19":"instock","20":"featured","21":"shipping-taxable","22":"product-type-simple"},"acf":[],"_links":{"self":[{"href":"https:\/\/ua-protector.com\/sp\/wp-json\/wp\/v2\/product\/4442","targetHints":{"allow":["GET"]}}],"collection":[{"href":"https:\/\/ua-protector.com\/sp\/wp-json\/wp\/v2\/product"}],"about":[{"href":"https:\/\/ua-protector.com\/sp\/wp-json\/wp\/v2\/types\/product"}],"version-history":[{"count":13,"href":"https:\/\/ua-protector.com\/sp\/wp-json\/wp\/v2\/product\/4442\/revisions"}],"predecessor-version":[{"id":6686,"href":"https:\/\/ua-protector.com\/sp\/wp-json\/wp\/v2\/product\/4442\/revisions\/6686"}],"wp:featuredmedia":[{"embeddable":true,"href":"https:\/\/ua-protector.com\/sp\/wp-json\/wp\/v2\/media\/4538"}],"wp:attachment":[{"href":"https:\/\/ua-protector.com\/sp\/wp-json\/wp\/v2\/media?parent=4442"}],"wp:term":[{"taxonomy":"product_brand","embeddable":true,"href":"https:\/\/ua-protector.com\/sp\/wp-json\/wp\/v2\/product_brand?post=4442"},{"taxonomy":"product_cat","embeddable":true,"href":"https:\/\/ua-protector.com\/sp\/wp-json\/wp\/v2\/product_cat?post=4442"},{"taxonomy":"product_tag","embeddable":true,"href":"https:\/\/ua-protector.com\/sp\/wp-json\/wp\/v2\/product_tag?post=4442"}],"curies":[{"name":"wp","href":"https:\/\/api.w.org\/{rel}","templated":true}]}}