{"id":4441,"date":"2025-04-27T02:23:54","date_gmt":"2025-04-27T02:23:54","guid":{"rendered":"https:\/\/ua-protector.com\/?post_type=product&#038;p=4441"},"modified":"2025-08-06T00:55:00","modified_gmt":"2025-08-06T07:55:00","slug":"automatic-reconnection-energy-metering-protector","status":"publish","type":"product","link":"https:\/\/ua-protector.com\/sp\/producto\/protector\/protector-de-tension\/protector-de-contador-de-energia-de-reconexion-automatica\/","title":{"rendered":"Protector de contador de energ\u00eda de reconexi\u00f3n autom\u00e1tica JGDL-63"},"content":{"rendered":"<h3>Introducci\u00f3n<\/h3>\n<hr \/>\n<figure id=\"attachment_4533\" aria-describedby=\"caption-attachment-4533\" style=\"width: 300px\" class=\"wp-caption alignleft\"><img fetchpriority=\"high\" decoding=\"async\" src=\"https:\/\/ua-protector.com\/wp-content\/uploads\/2025\/04\/JGDL-63-1-300x300.jpg\" alt=\"Protector de contador de energ\u00eda de reconexi\u00f3n autom\u00e1tica\" width=\"300\" height=\"300\" \/><figcaption id=\"caption-attachment-4533\" class=\"wp-caption-text\">Protector de contador de energ\u00eda de reconexi\u00f3n autom\u00e1tica<\/figcaption><\/figure>\n<p><strong><a href=\"https:\/\/ua-protector.com\/sp\/\">\u00a0 \u00a0 Protector de contador de energ\u00eda de reconexi\u00f3n autom\u00e1tica<\/a><\/strong> JGDL-63 es un protector limitador de corriente del tipo de medici\u00f3n de energ\u00eda, que proporciona m\u00faltiples funciones de protecci\u00f3n para sobretensi\u00f3n, subtensi\u00f3n, sobrecorriente, fuga, temperatura, frecuencia y medici\u00f3n de energ\u00edaEl protector integral de Neng puede ajustar todos los par\u00e1metros de protecci\u00f3n de acuerdo con la demanda de electricidad, asegurando que no se produzcan sobretensi\u00f3n, subtensi\u00f3n, sobrecorriente, cortocircuito, fuga, etc. en el circuito. En caso de fallo, el protector puede cortar instant\u00e1neamente el suministro el\u00e9ctrico y proteger los equipos el\u00e9ctricos de posibles da\u00f1os.<\/p>\n<p>Esta serie de productos tiene una estructura compacta, una bella apariencia y una instalaci\u00f3n de ra\u00edles est\u00e1ndar. Es principalmente adecuado para la distribuci\u00f3n de energ\u00eda en el hogar, dormitorios, habitaciones de alquiler, y otras ocasiones.<\/p>\n<h3>Condiciones y par\u00e1metros de trabajo<\/h3>\n<hr \/>\n<div style=\"overflow-x: auto;\">\n<table style=\"min-width: 600px;\" border=\"1\" cellspacing=\"0\">\n<tbody>\n<tr>\n<th>Tipo<\/th>\n<th>JGDL-63<\/th>\n<\/tr>\n<tr>\n<td>Rango de ajuste actual<\/td>\n<td>63A(2~63A)<\/td>\n<\/tr>\n<tr>\n<td>Rango de ajuste de la sobretensi\u00f3n<\/td>\n<td>AC270V(210~300V)<\/td>\n<\/tr>\n<tr>\n<td>Rango de ajuste de subtensi\u00f3n<\/td>\n<td>AC170V(80~200V)<\/td>\n<\/tr>\n<tr>\n<td>Rango de ajuste de la corriente de fuga<\/td>\n<td>20 mA(5~300 mA)<\/td>\n<\/tr>\n<\/tbody>\n<\/table>\n<\/div>\n<p>2.1. El primer encendido normal se cerrar\u00e1 autom\u00e1ticamente tras un retardo de 1 segundo; El producto se desconectar\u00e1 autom\u00e1ticamente en 1 segundo en caso de sobretensi\u00f3n, subtensi\u00f3n, sobrecorriente o fuga durante el primer encendido;<\/p>\n<p>2.2. <a href=\"https:\/\/www.elejg.com\/\" target=\"_blank\" rel=\"noopener\">Protecci\u00f3n actual<\/a> par\u00e1metros:<\/p>\n<p>a. \u2265 1,0 veces la corriente, rango de ajuste 1-120 segundos, por defecto 10 segundos.<\/p>\n<p>b. \u2265 1,2 veces la corriente de cortocircuito, 0,1 segundos para abrir el circuito.<\/p>\n<p>2.3. La temperatura ambiente no debe superar+40 \u2103, no debe ser inferior a -5 \u2103, y la temperatura media durante 24 horas no debe superar+35 \u2103; A+40 \u2103, la humedad del aire circundante no debe superar 50%.<\/p>\n<p>2.4. El nivel del mar del lugar de instalaci\u00f3n no superar\u00e1 los 2000 metros.5. Nivel de contaminaci\u00f3n III.6. En el entorno de la instalaci\u00f3n no hay medios peligrosos explosivos, gases corrosivos o aislantes ni polvo conductor. Tampoco hay zonas afectadas por la lluvia o la nieve.<\/p>\n<p><strong>Documentos t\u00e9cnicos\uff1a<\/strong>protector limitador de corriente tipo contador de energ\u00eda<\/p>\n<h3>3\u3001Configuraci\u00f3n del protector de medici\u00f3n de energ\u00eda<\/h3>\n<hr \/>\n<p>&nbsp;<\/p>\n<p>3.1. Bot\u00f3n de ajustes: Mantenga pulsado el bot\u00f3n de ajustes durante 2 segundos para entrar en el modo de ajustes. Despu\u00e9s de entrar en el modo de ajustes, p\u00falselo una vez para acceder al siguiente men\u00fa de ajustes;<\/p>\n<p>3.2. Tecla Shift: En el estado de ajuste, es la funci\u00f3n de desplazamiento digital;<\/p>\n<p>3.3. Tecla de datos: consulta la informaci\u00f3n sobre el \u00faltimo fallo del producto y modifica los par\u00e1metros que deben configurarse al establecer el estado;<\/p>\n<p>3.4. Bot\u00f3n de rearme: Cuando se produce la primera sobreintensidad o fuga, el producto se cerrar\u00e1 autom\u00e1ticamente tras un retardo de rearme especificado. Cuando se produce la segunda sobreintensidad o fuga, debe confirmarse manualmente que no hay ning\u00fan fallo en el circuito. Tras pulsar manualmente el bot\u00f3n de reinicio, el producto se cerrar\u00e1. Cuando se encuentre en el estado ajustado, pulse el bot\u00f3n de reinicio durante 1 segundo para guardar y salir del estado ajustado,<\/p>\n<p>Mantenga pulsado el bot\u00f3n de reinicio durante la visualizaci\u00f3n en tiempo real para abrir el producto y vuelva a pulsarlo para cerrarlo.<\/p>\n<h3>4\u3001Protector de contador de energ\u00eda Descripci\u00f3n del panel<\/h3>\n<hr \/>\n<p><img decoding=\"async\" src=\"https:\/\/ua-protector.com\/wp-content\/uploads\/2025\/04\/\u83dc\u5355\u8bf4\u660e-\u82f1\u6587\u7248.jpg\" alt=\"men\u00fa de configuraci\u00f3n del protector de medici\u00f3n de energ\u00eda\" width=\"828\" height=\"653\" \/><\/p>\n<h3>5.Dimensiones<\/h3>\n<hr \/>\n<p><img decoding=\"async\" src=\"https:\/\/ua-protector.com\/wp-content\/uploads\/2025\/04\/\u5916\u578b\u5c3a\u5bf8-1.jpg\" alt=\"\" width=\"687\" height=\"533\" \/><\/p>\n<h2><strong><a href=\"https:\/\/ua-protector.com\/sp\">Protector de contador de energ\u00eda de reconexi\u00f3n autom\u00e1tica<\/a><\/strong> Deber\u00eda ser un plan<\/h2>\n<hr \/>\n<figure id=\"attachment_6111\" class=\"wp-caption alignleft\" aria-describedby=\"caption-attachment-6111\"><img loading=\"lazy\" decoding=\"async\" class=\"wp-image-6111 size-full\" src=\"https:\/\/ua-protector.com\/wp-content\/uploads\/2025\/04\/%E6%8E%A5%E7%BA%BF%E5%9B%BE-%E8%BF%87%E6%AC%A0%E5%8E%8B-3.jpg\" sizes=\"(max-width: 600px) 100vw, 600px\" srcset=\"https:\/\/ua-protector.com\/wp-content\/uploads\/2025\/04\/\u63a5\u7ebf\u56fe-\u8fc7\u6b20\u538b-3.jpg 600w, https:\/\/ua-protector.com\/wp-content\/uploads\/2025\/04\/\u63a5\u7ebf\u56fe-\u8fc7\u6b20\u538b-3-159x300.jpg 159w, https:\/\/ua-protector.com\/wp-content\/uploads\/2025\/04\/\u63a5\u7ebf\u56fe-\u8fc7\u6b20\u538b-3-542x1024.jpg 542w, https:\/\/ua-protector.com\/wp-content\/uploads\/2025\/04\/\u63a5\u7ebf\u56fe-\u8fc7\u6b20\u538b-3-6x12.jpg 6w\" alt=\"protectores de sobretensi\u00f3n y subtensi\u00f3n\" width=\"600\" height=\"1133\" \/><figcaption id=\"caption-attachment-6111\" class=\"wp-caption-text\">protectores de sobretensi\u00f3n y subtensi\u00f3n<\/figcaption><\/figure>\n<h3 data-slate-node=\"element\"><span class=\"null hover-sent\" style=\"color: #ff0000;\" data-slate-leaf=\"true\" data-sent-id=\"ejrkgDPYqe\">Advertencia:<\/span><\/h3>\n<div data-slate-node=\"element\"><span data-slate-node=\"text\"><span class=\"null hover-sent\" data-slate-leaf=\"true\" data-sent-id=\"ejrkgDPYqe\">Los hilos N y L no deben conectarse incorrectamente.<\/span><\/span><\/div>\n<div data-slate-node=\"element\" data-slate-fragment=\"JTVCJTdCJTIydHlwZSUyMiUzQSUyMnBhcmFncmFwaCUyMiUyQyUyMmNoaWxkcmVuJTIyJTNBJTVCJTdCJTIyaWQlMjIlM0ElMjJlanJrZ0RQWXFlJTIyJTJDJTIycGFyYUlkeCUyMiUzQTElMkMlMjJzcmMlMjIlM0ElMjJBdHRlbnRpb24lM0ElMjBUaGUlMjBOJTIwYW5kJTIwTCUyMHdpcmVzJTIwbXVzdCUyMG5vdCUyMGJlJTIwY29ubmVjdGVkJTIwaW5jb3JyZWN0bHkuJTIyJTJDJTIyZHN0JTIyJTNBJTIyJUU2JUIzJUE4JUU2JTg0JThGJUVGJUJDJTlBTiVFNSU5MiU4Q0wlRTclQkElQkYlRTQlQjglOEQlRTUlQkUlOTclRTglQkYlOUUlRTYlOEUlQTUlRTklOTQlOTklRTglQUYlQUYlRTMlODAlODIlMjIlMkMlMjJtZXRhZGF0YSUyMiUzQSUyMiUyMiUyQyUyMm1hdGNoZXMlMjIlM0FudWxsJTJDJTIybWV0YURhdGElMjIlM0ElNUIlNUQlMkMlMjJ0ZXh0JTIyJTNBJTIyVGhlJTIwTiUyMGFuZCUyMEwlMjB3aXJlcyUyMG11c3QlMjBub3QlMjBiZSUyMGNvbm5lY3RlZCUyMGluY29ycmVjdGx5LiUyMiU3RCU1RCU3RCUyQyU3QiUyMnR5cGUlMjIlM0ElMjJwYXJhZ3JhcGglMjIlMkMlMjJjaGlsZHJlbiUyMiUzQSU1QiU3QiUyMmlkJTIyJTNBJTIyVk5ETmRqOUFiQiUyMiUyQyUyMnBhcmFJZHglMjIlM0EyJTJDJTIyc3JjJTIyJTNBJTIyQWxsJTIwdGVybWluYWxzJTIwbXVzdCUyMGJlJTIwdGlnaHRlbmVkJTIwdG8lMjBwcmV2ZW50JTIwZmFsc2UlMjBjb25uZWN0aW9ucyUyMHRoYXQlMjBjb3VsZCUyMGJ1cm4lMjBvdXQlMjB0aGUlMjBwcm90ZWN0b3IuJTIyJTJDJTIyZHN0JTIyJTNBJTIyJUU2JTg5JTgwJUU2JTlDJTg5JUU3JUFCJUFGJUU1JUFEJTkwJUU1JUJGJTg1JUU5JUExJUJCJUU2JThCJUE3JUU3JUI0JUE3JUVGJUJDJThDJUU0JUJCJUE1JUU5JTk4JUIyJUU2JUFEJUEyJUU1JThGJUFGJUU4JTgzJUJEJUU3JTgzJUE3JUU1JTlEJThGJUU0JUJGJTlEJUU2JThBJUE0JUU1JTk5JUE4JUU3JTlBJTg0JUU5JTk0JTk5JUU4JUFGJUFGJUU4JUJGJTlFJUU2JThFJUE1JUUzJTgwJTgyJTIyJTJDJTIybWV0YWRhdGElMjIlM0ElMjIlMjIlMkMlMjJtYXRjaGVzJTIyJTNBbnVsbCUyQyUyMm1ldGFEYXRhJTIyJTNBJTVCJTVEJTJDJTIydGV4dCUyMiUzQSUyMkFsbCUyMHRlcm1pbmFscyUyMG11c3QlMjBiZSUyMHRpZ2h0ZW5lZCUyMHRvJTIwcHJldmVudCUyMGZhbHNlJTIwY29ubmVjdGlvbnMlMjB0aGF0JTIwY291bGQlMjBidXJuJTIwb3V0JTIwdGhlJTIwcHJvdGVjdG9yLiUyMiU3RCU1RCU3RCU1RA==\"><span data-slate-node=\"text\"><span class=\"null\" data-slate-leaf=\"true\" data-sent-id=\"VNDNdj9AbB\">Todos los terminales deben estar apretados para evitar falsas conexiones que podr\u00edan quemar el protector.<\/span><\/span><\/div>\n<h2 class=\"wp-block-heading\"><\/h2>\n<h2><strong>Informaci\u00f3n del paquete est\u00e1ndar<\/strong><\/h2>\n<hr \/>\n<p>&nbsp;<\/p>\n<p><img loading=\"lazy\" decoding=\"async\" class=\"alignnone size-medium wp-image-5943\" src=\"https:\/\/ua-protector.com\/wp-content\/uploads\/2025\/04\/45.5-23.5-31.5-box-300x300.jpg\" sizes=\"(max-width: 300px) 100vw, 300px\" srcset=\"https:\/\/ua-protector.com\/wp-content\/uploads\/2025\/04\/45.5-23.5-31.5-box-300x300.jpg 300w, https:\/\/ua-protector.com\/wp-content\/uploads\/2025\/04\/45.5-23.5-31.5-box-150x150.jpg 150w, https:\/\/ua-protector.com\/wp-content\/uploads\/2025\/04\/45.5-23.5-31.5-box-12x12.jpg 12w, https:\/\/ua-protector.com\/wp-content\/uploads\/2025\/04\/45.5-23.5-31.5-box-600x600.jpg 600w, https:\/\/ua-protector.com\/wp-content\/uploads\/2025\/04\/45.5-23.5-31.5-box-100x100.jpg 100w, https:\/\/ua-protector.com\/wp-content\/uploads\/2025\/04\/45.5-23.5-31.5-box.jpg 750w\" alt=\"\" width=\"300\" height=\"300\" \/><\/p>\n<div style=\"overflow-x: auto; margin: 1em 0; border-radius: 4px; box-shadow: 0 2px 5px rgba(0,0,0,0.1);\">\n<table style=\"min-width: 580px; border-collapse: collapse; font-family: sans-serif;\">\n<thead>\n<tr style=\"background: #f8f9fa;\">\n<th style=\"padding: 12px 15px; border: 1px solid #dfe2e5; text-align: left;\">Dimensiones de la caja (cm)<\/th>\n<th style=\"padding: 12px 15px; border: 1px solid #dfe2e5; text-align: left;\">Lista de paquetes<\/th>\n<th style=\"padding: 12px 15px; border: 1px solid #dfe2e5; text-align: center;\">CANT<\/th>\n<th style=\"padding: 12px 15px; border: 1px solid #dfe2e5; text-align: center;\">Peso bruto (kg)<\/th>\n<\/tr>\n<\/thead>\n<tbody>\n<tr>\n<td style=\"padding: 12px 15px; border: 1px solid #dfe2e5;\">45,5 cm \u00d7 23,5 cm \u00d7 31,5 cm<\/td>\n<td style=\"padding: 12px 15px; border: 1px solid #dfe2e5;\">protector<\/td>\n<td style=\"padding: 12px 15px; border: 1px solid #dfe2e5; text-align: center;\">120 unidades<\/td>\n<td style=\"padding: 12px 15px; border: 1px solid #dfe2e5; text-align: center;\">20 kg<\/td>\n<\/tr>\n<\/tbody>\n<\/table>\n<\/div>\n<h1><span style=\"color: #0000ff;\">Contacte con nosotros ahora, Muestras gratuitas disponibles<\/span><\/h1>\n<p>Para obtener m\u00e1s informaci\u00f3n sobre nuestros productos y servicios,Recibir\u00e1 una respuesta de un experto en electricidad,Estaremos encantados de atenderle.<\/p>\n<p>Mob\/WhatsApp\/WeChat\/Wang: +86 18958900126<br \/>\nCorreo electr\u00f3nico profesional\uff1a<strong>sales@tokeep.net<br \/>\n<\/strong>Correo electr\u00f3nico sobre tecnolog\u00eda:\u00a0<strong>tokeepcc@gmail.com<\/strong><strong><br \/>\n<\/strong>Correo electr\u00f3nico personal:<strong>\u00a0wxj7607@126.com<\/strong><\/p>\n<p><img loading=\"lazy\" decoding=\"async\" src=\"https:\/\/ua-protector.com\/wp-content\/uploads\/2025\/05\/whateapp-300x169.jpg\" alt=\"\" width=\"300\" height=\"169\" \/><\/p>","protected":false},"excerpt":{"rendered":"<p><span data-slate-fragment=\"JTVCJTdCJTIydHlwZSUyMiUzQSUyMnBhcmFncmFwaCUyMiUyQyUyMmNoaWxkcmVuJTIyJTNBJTVCJTdCJTIyaWQlMjIlM0ElMjJWQWJRSkp4MVB6JTIyJTJDJTIycGFyYUlkeCUyMiUzQTAlMkMlMjJzcmMlMjIlM0ElMjJBdXRvbWF0aWMlMjByZWNvbm5lY3Rpb24lMjAlMjBlbmVyZ3klMjBtZXRlcmluZyUyMHByb3RlY3RvciUyMCUyMiUyQyUyMmRzdCUyMiUzQSUyMiVFOCU4NyVBQSVFNSU4QSVBOCVFOSU4NyU4RCVFNiU5NiVCMCVFOCVCRiU5RSVFNiU4RSVBNSVFNyU5NCVCNSVFOCU4MyVCRCVFOCVBRSVBMSVFOSU4NyU4RiVFNCVCRiU5RCVFNiU4QSVBNCVFNSU5OSVBOCUyMiUyQyUyMm1ldGFkYXRhJTIyJTNBJTIyJTIyJTJDJTIybWF0Y2hlcyUyMiUzQW51bGwlMkMlMjJtZXRhRGF0YSUyMiUzQSU1QiU1RCUyQyUyMnRleHQlMjIlM0ElMjJBdXRvbWF0aWMlMjByZWNvbm5lY3Rpb24lMjAlMjBlbmVyZ3klMjBtZXRlcmluZyUyMHByb3RlY3RvciUyMCUyMiU3RCU1RCU3RCU1RA==\">\u00a0 Contador de energ\u00eda de reconexi\u00f3n autom\u00e1tica <a href=\"https:\/\/ua-protector.com\/sp\/producto\/limitador-de-corriente-protector-de-alarma-contra-incendios\/\">protector<\/a>\u00a0 <\/span>El JGDL-63 es un protector limitador de corriente de tipo de medici\u00f3n de energ\u00eda, que proporciona m\u00faltiples funciones de protecci\u00f3n para sobretensi\u00f3n, subtensi\u00f3n, sobrecorriente, fuga, temperatura, frecuencia y medici\u00f3n de energ\u00eda.<\/p>\n<p><strong>Instrucciones \uff1a<\/strong><a href=\"https:\/\/ua-protector.com\/wp-content\/uploads\/2025\/04\/JGDL-63-Manual.pdf\">Reconexi\u00f3n autom\u00e1tica tensi\u00f3n ajustable JGDL-63-Manual<\/a><\/p>","protected":false},"featured_media":4533,"template":"","meta":{"_acf_changed":false,"site-sidebar-layout":"default","site-content-layout":"","ast-site-content-layout":"default","site-content-style":"default","site-sidebar-style":"default","ast-global-header-display":"","ast-banner-title-visibility":"","ast-main-header-display":"","ast-hfb-above-header-display":"","ast-hfb-below-header-display":"","ast-hfb-mobile-header-display":"","site-post-title":"","ast-breadcrumbs-content":"","ast-featured-img":"","footer-sml-layout":"","theme-transparent-header-meta":"default","adv-header-id-meta":"","stick-header-meta":"","header-above-stick-meta":"","header-main-stick-meta":"","header-below-stick-meta":"","astra-migrate-meta-layouts":"set","ast-page-background-enabled":"default","ast-page-background-meta":{"desktop":{"background-color":"","background-image":"","background-repeat":"repeat","background-position":"center center","background-size":"auto","background-attachment":"scroll","background-type":"","background-media":"","overlay-type":"","overlay-color":"","overlay-opacity":"","overlay-gradient":""},"tablet":{"background-color":"","background-image":"","background-repeat":"repeat","background-position":"center center","background-size":"auto","background-attachment":"scroll","background-type":"","background-media":"","overlay-type":"","overlay-color":"","overlay-opacity":"","overlay-gradient":""},"mobile":{"background-color":"","background-image":"","background-repeat":"repeat","background-position":"center center","background-size":"auto","background-attachment":"scroll","background-type":"","background-media":"","overlay-type":"","overlay-color":"","overlay-opacity":"","overlay-gradient":""}},"ast-content-background-meta":{"desktop":{"background-color":"var(--ast-global-color-5)","background-image":"","background-repeat":"repeat","background-position":"center center","background-size":"auto","background-attachment":"scroll","background-type":"","background-media":"","overlay-type":"","overlay-color":"","overlay-opacity":"","overlay-gradient":""},"tablet":{"background-color":"var(--ast-global-color-5)","background-image":"","background-repeat":"repeat","background-position":"center center","background-size":"auto","background-attachment":"scroll","background-type":"","background-media":"","overlay-type":"","overlay-color":"","overlay-opacity":"","overlay-gradient":""},"mobile":{"background-color":"var(--ast-global-color-5)","background-image":"","background-repeat":"repeat","background-position":"center center","background-size":"auto","background-attachment":"scroll","background-type":"","background-media":"","overlay-type":"","overlay-color":"","overlay-opacity":"","overlay-gradient":""}}},"product_brand":[],"product_cat":[15,70,65,56,64,62,69],"product_tag":[91,95,110,87],"class_list":{"0":"post-4441","1":"product","2":"type-product","3":"status-publish","4":"has-post-thumbnail","6":"product_cat-product","7":"product_cat-small-ammeter","8":"product_cat-fireproof-current-limiting-protector","9":"product_cat-protector","10":"product_cat-smart-meter","11":"product_cat-voltage-protector","12":"product_cat-small-voltmeter","13":"product_tag-adjustable-over-and-under-voltage-protector","14":"product_tag-protector-current-stabilizer-voltmeter-for-house-protection63a","15":"product_tag-voltage-protector-220v","16":"product_tag-voltage-protector-for-home","17":"desktop-align-center","18":"tablet-align-left","19":"mobile-align-left","21":"first","22":"instock","23":"featured","24":"shipping-taxable","25":"product-type-simple"},"acf":[],"_links":{"self":[{"href":"https:\/\/ua-protector.com\/sp\/wp-json\/wp\/v2\/product\/4441","targetHints":{"allow":["GET"]}}],"collection":[{"href":"https:\/\/ua-protector.com\/sp\/wp-json\/wp\/v2\/product"}],"about":[{"href":"https:\/\/ua-protector.com\/sp\/wp-json\/wp\/v2\/types\/product"}],"version-history":[{"count":34,"href":"https:\/\/ua-protector.com\/sp\/wp-json\/wp\/v2\/product\/4441\/revisions"}],"predecessor-version":[{"id":6685,"href":"https:\/\/ua-protector.com\/sp\/wp-json\/wp\/v2\/product\/4441\/revisions\/6685"}],"wp:featuredmedia":[{"embeddable":true,"href":"https:\/\/ua-protector.com\/sp\/wp-json\/wp\/v2\/media\/4533"}],"wp:attachment":[{"href":"https:\/\/ua-protector.com\/sp\/wp-json\/wp\/v2\/media?parent=4441"}],"wp:term":[{"taxonomy":"product_brand","embeddable":true,"href":"https:\/\/ua-protector.com\/sp\/wp-json\/wp\/v2\/product_brand?post=4441"},{"taxonomy":"product_cat","embeddable":true,"href":"https:\/\/ua-protector.com\/sp\/wp-json\/wp\/v2\/product_cat?post=4441"},{"taxonomy":"product_tag","embeddable":true,"href":"https:\/\/ua-protector.com\/sp\/wp-json\/wp\/v2\/product_tag?post=4441"}],"curies":[{"name":"wp","href":"https:\/\/api.w.org\/{rel}","templated":true}]}}