{"id":4439,"date":"2025-04-27T02:23:54","date_gmt":"2025-04-27T02:23:54","guid":{"rendered":"https:\/\/ua-protector.com\/?post_type=product&#038;p=4439"},"modified":"2025-11-20T04:14:40","modified_gmt":"2025-11-20T11:14:40","slug":"digital-multi-function-power-meter","status":"publish","type":"product","link":"https:\/\/ua-protector.com\/sp\/producto\/contador\/contador-inteligente\/medidor-de-potencia-digital-multifuncion\/","title":{"rendered":"Medidor de potencia digital multifunci\u00f3n, tipo96 , tipo72"},"content":{"rendered":"<h2>Introducci\u00f3n<\/h2>\n<hr \/>\n<p><a href=\"https:\/\/ua-protector.com\/sp\"><img fetchpriority=\"high\" decoding=\"async\" class=\"alignleft wp-image-4521 size-medium\" title=\"Medidor de potencia digital multifunci\u00f3n\" src=\"https:\/\/ua-protector.com\/wp-content\/uploads\/2025\/04\/JGYB-96-0-300x300.jpg\" alt=\"Medidor de potencia digital multifunci\u00f3n\" width=\"300\" height=\"300\" data-wp-editing=\"1\" srcset=\"https:\/\/ua-protector.com\/wp-content\/uploads\/2025\/04\/JGYB-96-0-300x300.jpg 300w, https:\/\/ua-protector.com\/wp-content\/uploads\/2025\/04\/JGYB-96-0-100x100.jpg 100w, https:\/\/ua-protector.com\/wp-content\/uploads\/2025\/04\/JGYB-96-0-600x600.jpg 600w, https:\/\/ua-protector.com\/wp-content\/uploads\/2025\/04\/JGYB-96-0-150x150.jpg 150w, https:\/\/ua-protector.com\/wp-content\/uploads\/2025\/04\/JGYB-96-0-768x768.jpg 768w, https:\/\/ua-protector.com\/wp-content\/uploads\/2025\/04\/JGYB-96-0.jpg 800w\" sizes=\"(max-width: 300px) 100vw, 300px\" \/><\/a><\/p>\n<p><strong>\u00a0 <\/strong><\/p>\n<p><strong>\u00a0 \u00a0<a href=\"https:\/\/ua-protector.com\/sp\/reconexion-automatica-contador-de-energia-protector-de-prueba-jgdl-63\/\">Medidor de potencia digital multifunci\u00f3n <\/a><\/strong>Est\u00e1 dise\u00f1ado para las necesidades de monitorizaci\u00f3n de potencia de sistemas el\u00e9ctricos, empresas industriales y mineras, instalaciones p\u00fablicas y edificios inteligentes. Puede medir todos los par\u00e1metros de potencia habituales, como corriente trif\u00e1sica, tensi\u00f3n, potencia activa y reactiva, electricidad, arm\u00f3nicos, etc. Dado que el <a href=\"https:\/\/elejg.com\/\" target=\"_blank\" rel=\"noopener\">medidor de potencia<\/a> tambi\u00e9n tiene una funci\u00f3n de red de comunicaci\u00f3n completa, lo llamamos medidor de potencia de red. Es ideal para sistemas de monitorizaci\u00f3n de potencia en tiempo real.<\/p>\n<p>&nbsp;<\/p>\n<p>El medidor tiene una elevada relaci\u00f3n rendimiento-precio y puede sustituir directamente a los transmisores de potencia e instrumentos de medici\u00f3n convencionales. Como elemento avanzado de adquisici\u00f3n inteligente y digital de front-end, esta serie de instrumentos de red se ha utilizado ampliamente en diversos sistemas de control, sistemas SCADA y sistemas de gesti\u00f3n de la energ\u00eda.<\/p>\n<h1><\/h1>\n<h2><strong>Normas de productos<\/strong><\/h2>\n<hr \/>\n<p>GB\/T 22264.1-2008 Instrumentos de medida el\u00e9ctricos con pantalla digital montados - Parte 1. Definiciones y requisitos generales: Definiciones y requisitos generales<\/p>\n<p>GB\/T 22264.7-2008 Instrumentos de medida el\u00e9ctricos con pantalla digital - Parte 7: Requisitos especiales para instrumentos multifuncionales.<\/p>\n<p>GB\/T 22264.8-2008 Instrumentos de medida el\u00e9ctricos con pantalla digital montados - Parte 8. M\u00e9todos de verificaci\u00f3n recomendados: M\u00e9todos de verificaci\u00f3n recomendados<\/p>\n<p>GB\/T 17215.322-2008 Equipos de medida de corriente alterna-Requisitos especiales-Parte 22: Contadores est\u00e1ticos de energ\u00eda activa (0.2S y 0.5S)<\/p>\n<p>GB\/T 17215.323-2008 Equipos de medida de corriente alterna-Requisitos especiales-Parte 23: Contadores fijos de energ\u00eda reactiva (Clases 2 y 3)<\/p>\n<p>DL\/T 614-2007 Contador de energ\u00eda multifuncional<\/p>\n<p>GB14287-2005 Sistema el\u00e9ctrico de control de incendios<\/p>\n<p>GB50045-95 C\u00f3digo para el dise\u00f1o de la protecci\u00f3n contra incendios de edificios civiles de gran altura<\/p>\n<p>GB50054-95 C\u00f3digo de dise\u00f1o para la distribuci\u00f3n de energ\u00eda de baja tensi\u00f3n<\/p>\n<p>GB50096 C\u00f3digos de dise\u00f1o residencial<\/p>\n<p>GB13955-2005 Instalaci\u00f3n y funcionamiento del dispositivo de protecci\u00f3n contra la acci\u00f3n de la corriente residual<\/p>\n<p>GB50016-2006 C\u00f3digo de dise\u00f1o de protecci\u00f3n contra incendios de los edificios<\/p>\n<h2><strong>Medidor de potencia digital multifunci\u00f3n de nomenclatura Modelo<\/strong><\/h2>\n<hr \/>\n<p><strong>Caracter\u00edsticas de rendimiento:<\/strong><\/p>\n<p>Medici\u00f3n de alta precisi\u00f3n de tensi\u00f3n trif\u00e1sica, corriente trif\u00e1sica, potencia activa, potencia reactiva, potencia aparente, factor de potencia, frecuencia y otros par\u00e1metros el\u00e9ctricos.<\/p>\n<p>Medici\u00f3n de energ\u00eda activa\/reactiva directa e inversa<\/p>\n<p>Medici\u00f3n de la energ\u00eda el\u00e9ctrica en funci\u00f3n de la hora de consumo, lectura temporizada de contadores de energ\u00eda el\u00e9ctrica en funci\u00f3n de la hora de consumo<\/p>\n<p>Medir la tasa de distorsi\u00f3n arm\u00f3nica total (THD) de la tensi\u00f3n trif\u00e1sica y la corriente trif\u00e1sica, y el componente arm\u00f3nico impar de 2 a 31.<\/p>\n<p>Dispone de tubo digital o pantalla LCD, consulta local de datos<\/p>\n<p>Los men\u00fas son intuitivos y las teclas f\u00e1ciles de usar<\/p>\n<p>La relaci\u00f3n de conversi\u00f3n de corriente y tensi\u00f3n es programable<\/p>\n<p>Supervisa la corriente de fuga en varios bucles<\/p>\n<p>Proporciona un nodo de control multilazo que puede utilizarse para alarmas, disparos y otros controles.<\/p>\n<p>Apoya el enlace de extinci\u00f3n de incendios y corta a distancia el bucle de fallo<\/p>\n<p>Soporta comunicaci\u00f3n RS-485, protocolo Modbus-RTU<\/p>\n<p>Admite entrada de conmutaci\u00f3n, salida de conmutaci\u00f3n, salida de transmisi\u00f3n anal\u00f3gica y salida de impulsos de potencia.<\/p>\n<p>Es f\u00e1cil de instalar, sencillo de cablear y peque\u00f1o en ingenier\u00eda.<\/p>\n<p>Fuente de alimentaci\u00f3n universal AC\/DC de amplio rango: AC\/DC 80V~270V<\/p>\n<p>Puede completar la conexi\u00f3n en red de una variedad de software de comunicaci\u00f3n en SCADA y PLC.<\/p>\n<h2><strong>Indicadores t\u00e9cnicos<\/strong><\/h2>\n<hr \/>\n<p><strong>Precisi\u00f3n de la medici\u00f3n<\/strong><\/p>\n<p>Tensi\u00f3n 0,5 clase<\/p>\n<p>Clase actual 0,5<\/p>\n<p>Potencia activa 0,5 clase<\/p>\n<p>Potencia reactiva 0,5 clase<\/p>\n<p>Factor de potencia 0,5<\/p>\n<p>Frecuencia \u00b10,02Hz<\/p>\n<p>Energ\u00eda activa 0,5S o 0,2S<\/p>\n<p>Nivel de energ\u00eda reactiva 1 \u00f3 2<\/p>\n<p><strong>Entrada de se\u00f1al<\/strong><\/p>\n<p>M\u00e9todo de cableado: trif\u00e1sico de cuatro hilos, trif\u00e1sico de tres hilos<\/p>\n<p>Tensi\u00f3n nominal: AC 57,7V, AC 100V, AC 220V, AC 380V<\/p>\n<p>Corriente nominal: CA 1A, CA 5A<\/p>\n<p>Tensi\u00f3n de sobrecarga: 1,2 veces (continua), 2 veces\/1 seg (instant\u00e1nea)<\/p>\n<p>Corriente: 1,2x (continua), 10x\/5 seg (instant\u00e1nea)<\/p>\n<p>Consumo de energ\u00eda Tensi\u00f3n: &lt;1VA\/fase, Corriente: &lt;0,4VA\/fase<\/p>\n<p>Impedancia Tensi\u00f3n: &gt;300k\u03a9, Corriente: &lt;20m\u03a9<\/p>\n<p>Frecuencia: 45~65Hz<\/p>\n<p><strong>Fuente de alimentaci\u00f3n auxiliar<\/strong><\/p>\n<p>Rango de trabajo AC\/DC: 80V~270V<\/p>\n<p>Consumo &lt;4VA<\/p>\n<p><strong>M\u00f3dulos funcionales<\/strong><\/p>\n<p>Interfaz de comunicaci\u00f3n: Soporta 1 canal de comunicaci\u00f3n RS-485, protocolo Modbus-RTU<\/p>\n<p>Velocidad en baudios: 1200~9600bps, por defecto 2400 bps<\/p>\n<p>Las entradas de conmutaci\u00f3n admiten 4 entradas de uni\u00f3n seca<\/p>\n<p>Salida de conmutaci\u00f3n Soporta 3 salidas de rel\u00e9, capacidad: AC 250V\/5A, DC 30V\/5A<\/p>\n<p>Salida del transductor Soporta 1 salida anal\u00f3gica: 0\/4~20mA o 0~5\/10V<\/p>\n<p>Salida de impulsos de potencia Soporta 2 salidas de impulsos de potencia, constante: 8000imp\/KWh(Kvarh)<\/p>\n<p><strong>medio ambiente<\/strong><\/p>\n<p>Temperatura de funcionamiento: -10\u00b0C~+55\u00b0C<\/p>\n<p>Temperatura de almacenamiento: -25\u00b0C~+70\u00b0C<\/p>\n<p>Humedad relativa \u226493%, ubicaci\u00f3n sin gases corrosivos.<\/p>\n<p>\u2264 2500 m sobre el nivel del mar<\/p>\n<p><strong>seguro<\/strong><\/p>\n<p>Resistencia de aislamiento &gt;100M\u03a9<\/p>\n<p>Tensi\u00f3n soportada CA 2KV<\/p>\n<p><strong>Compatibilidad electromagn\u00e9tica<\/strong><\/p>\n<p>Descarga electrost\u00e1tica nivel 4<\/p>\n<p>R\u00e1faga el\u00e9ctrica de transitorios r\u00e1pidos clase 4<\/p>\n<p>Oleada (Choque) Nivel 4<\/p>\n<p><strong>Dimensiones<\/strong><\/p>\n<p>Tama\u00f1o del marco(mm) 120\u00d7120;96\u00d796; 80\u00d780\uff1b72\u00d772<\/p>\n<p>Tama\u00f1o de corte (mm) 111\u00d7111;92\u00d792; 76\u00d776\uff1b68\u00d768<\/p>\n<hr \/>\n<h1 class=\"elementor-heading-title elementor-size-default\"><span style=\"color: #0000ff;\">P\u00f3ngase en contacto con nosotros.<\/span><\/h1>\n<p>Para obtener m\u00e1s informaci\u00f3n sobre nuestros productos y servicios,Recibir\u00e1 una respuesta de un experto en electricidad,Estaremos encantados de atenderle.<\/p>\n<p>Mob\/WhatsApp\/WeChat\/Wang: +86 18958900126<br \/>\nCorreo electr\u00f3nico profesional\uff1a<strong>sales@tokeep.net<br \/>\n<\/strong>Correo electr\u00f3nico sobre tecnolog\u00eda:\u00a0<strong>tokeepcc@gmail.com<\/strong><strong><br \/>\n<\/strong>Correo electr\u00f3nico personal:<strong>\u00a0wxj7607@126.com<\/strong><\/p>\n<p><img decoding=\"async\" class=\"alignnone wp-image-5833 size-full\" src=\"https:\/\/ua-protector.com\/wp-content\/uploads\/2025\/04\/whateapp-1.jpg\" sizes=\"(max-width: 573px) 100vw, 573px\" srcset=\"https:\/\/ua-protector.com\/wp-content\/uploads\/2025\/04\/whateapp-1.jpg 573w, https:\/\/ua-protector.com\/wp-content\/uploads\/2025\/04\/whateapp-1-300x169.jpg 300w, https:\/\/ua-protector.com\/wp-content\/uploads\/2025\/04\/whateapp-1-18x10.jpg 18w\" alt=\"\" width=\"573\" height=\"322\" \/><\/p>","protected":false},"excerpt":{"rendered":"<p>El medidor de potencia digital multifunci\u00f3n est\u00e1 dise\u00f1ado para las necesidades de monitorizaci\u00f3n de potencia de sistemas el\u00e9ctricos, empresas industriales y mineras, instalaciones p\u00fablicas y edificios inteligentes. Puede medir todos los par\u00e1metros comunes de potencia, como corriente trif\u00e1sica, tensi\u00f3n, potencia activa y reactiva, electricidad, arm\u00f3nicos, etc. Debido a que el medidor de potencia tambi\u00e9n tiene una funci\u00f3n de red de comunicaci\u00f3n completa, lo llamamos un medidor de potencia de red. Es ideal para sistemas de monitorizaci\u00f3n de potencia en tiempo real. El medidor tiene una alta relaci\u00f3n rendimiento-precio y puede sustituir directamente a los transmisores de potencia e instrumentos de medici\u00f3n convencionales. Como elemento avanzado de adquisici\u00f3n inteligente y digital front-end, esta serie de instrumentos de red se ha utilizado ampliamente en diversos sistemas de control, sistemas SCADA y sistemas de gesti\u00f3n de la energ\u00eda.<\/p>","protected":false},"featured_media":4521,"template":"","meta":{"_acf_changed":false,"site-sidebar-layout":"default","site-content-layout":"","ast-site-content-layout":"default","site-content-style":"default","site-sidebar-style":"default","ast-global-header-display":"","ast-banner-title-visibility":"","ast-main-header-display":"","ast-hfb-above-header-display":"","ast-hfb-below-header-display":"","ast-hfb-mobile-header-display":"","site-post-title":"","ast-breadcrumbs-content":"","ast-featured-img":"","footer-sml-layout":"","theme-transparent-header-meta":"default","adv-header-id-meta":"","stick-header-meta":"","header-above-stick-meta":"","header-main-stick-meta":"","header-below-stick-meta":"","astra-migrate-meta-layouts":"set","ast-page-background-enabled":"default","ast-page-background-meta":{"desktop":{"background-color":"","background-image":"","background-repeat":"repeat","background-position":"center center","background-size":"auto","background-attachment":"scroll","background-type":"","background-media":"","overlay-type":"","overlay-color":"","overlay-opacity":"","overlay-gradient":""},"tablet":{"background-color":"","background-image":"","background-repeat":"repeat","background-position":"center center","background-size":"auto","background-attachment":"scroll","background-type":"","background-media":"","overlay-type":"","overlay-color":"","overlay-opacity":"","overlay-gradient":""},"mobile":{"background-color":"","background-image":"","background-repeat":"repeat","background-position":"center center","background-size":"auto","background-attachment":"scroll","background-type":"","background-media":"","overlay-type":"","overlay-color":"","overlay-opacity":"","overlay-gradient":""}},"ast-content-background-meta":{"desktop":{"background-color":"var(--ast-global-color-5)","background-image":"","background-repeat":"repeat","background-position":"center center","background-size":"auto","background-attachment":"scroll","background-type":"","background-media":"","overlay-type":"","overlay-color":"","overlay-opacity":"","overlay-gradient":""},"tablet":{"background-color":"var(--ast-global-color-5)","background-image":"","background-repeat":"repeat","background-position":"center center","background-size":"auto","background-attachment":"scroll","background-type":"","background-media":"","overlay-type":"","overlay-color":"","overlay-opacity":"","overlay-gradient":""},"mobile":{"background-color":"var(--ast-global-color-5)","background-image":"","background-repeat":"repeat","background-position":"center center","background-size":"auto","background-attachment":"scroll","background-type":"","background-media":"","overlay-type":"","overlay-color":"","overlay-opacity":"","overlay-gradient":""}}},"product_brand":[],"product_cat":[64,15,70,55,69],"product_tag":[97,103,101,102,98,99,100],"class_list":{"0":"post-4439","1":"product","2":"type-product","3":"status-publish","4":"has-post-thumbnail","6":"product_cat-smart-meter","7":"product_cat-product","8":"product_cat-small-ammeter","9":"product_cat-meter","10":"product_cat-small-voltmeter","11":"product_tag-digital-multi-function-power-meter","12":"product_tag-electricity-meter","13":"product_tag-lcd-voltmeter","14":"product_tag-led-voltmeter","15":"product_tag-multi-functional-power-meter","16":"product_tag-multifunction-digital-energy-meters","17":"product_tag-multifunction-meters","18":"desktop-align-center","19":"tablet-align-left","20":"mobile-align-left","22":"first","23":"instock","24":"downloadable","25":"shipping-taxable","26":"product-type-simple"},"acf":[],"_links":{"self":[{"href":"https:\/\/ua-protector.com\/sp\/wp-json\/wp\/v2\/product\/4439","targetHints":{"allow":["GET"]}}],"collection":[{"href":"https:\/\/ua-protector.com\/sp\/wp-json\/wp\/v2\/product"}],"about":[{"href":"https:\/\/ua-protector.com\/sp\/wp-json\/wp\/v2\/types\/product"}],"version-history":[{"count":17,"href":"https:\/\/ua-protector.com\/sp\/wp-json\/wp\/v2\/product\/4439\/revisions"}],"predecessor-version":[{"id":5306,"href":"https:\/\/ua-protector.com\/sp\/wp-json\/wp\/v2\/product\/4439\/revisions\/5306"}],"wp:featuredmedia":[{"embeddable":true,"href":"https:\/\/ua-protector.com\/sp\/wp-json\/wp\/v2\/media\/4521"}],"wp:attachment":[{"href":"https:\/\/ua-protector.com\/sp\/wp-json\/wp\/v2\/media?parent=4439"}],"wp:term":[{"taxonomy":"product_brand","embeddable":true,"href":"https:\/\/ua-protector.com\/sp\/wp-json\/wp\/v2\/product_brand?post=4439"},{"taxonomy":"product_cat","embeddable":true,"href":"https:\/\/ua-protector.com\/sp\/wp-json\/wp\/v2\/product_cat?post=4439"},{"taxonomy":"product_tag","embeddable":true,"href":"https:\/\/ua-protector.com\/sp\/wp-json\/wp\/v2\/product_tag?post=4439"}],"curies":[{"name":"wp","href":"https:\/\/api.w.org\/{rel}","templated":true}]}}