{"id":4438,"date":"2025-04-27T02:23:54","date_gmt":"2025-04-27T02:23:54","guid":{"rendered":"https:\/\/ua-protector.com\/?post_type=product&#038;p=4438"},"modified":"2025-08-06T00:53:03","modified_gmt":"2025-08-06T07:53:03","slug":"automatic-reset-over-and-under-voltage-protector","status":"publish","type":"product","link":"https:\/\/ua-protector.com\/sp\/producto\/protector\/protector-de-tension\/protector-de-sobretension-y-subtension-de-rearme-automatico\/","title":{"rendered":"Protector de sobretensi\u00f3n y subtensi\u00f3n de rearme autom\u00e1tico JGGQ-80"},"content":{"rendered":"<h2><strong>\u2160. Introducci\u00f3n<\/strong><\/h2>\n<hr \/>\n<figure id=\"attachment_4519\" aria-describedby=\"caption-attachment-4519\" style=\"width: 300px\" class=\"wp-caption alignleft\"><a href=\"https:\/\/ua-protector.com\/sp\/protector-de-sobretension-y-subtension-de-rearme-automatico\/\"><img fetchpriority=\"high\" decoding=\"async\" class=\"wp-image-4519 size-medium\" src=\"https:\/\/ua-protector.com\/wp-content\/uploads\/2025\/04\/JGGQ-80-2-300x300.jpg\" alt=\"Protector de sobretensi\u00f3n y subtensi\u00f3n de rearme autom\u00e1tico\" width=\"300\" height=\"300\" srcset=\"https:\/\/ua-protector.com\/wp-content\/uploads\/2025\/04\/JGGQ-80-2-300x300.jpg 300w, https:\/\/ua-protector.com\/wp-content\/uploads\/2025\/04\/JGGQ-80-2-100x100.jpg 100w, https:\/\/ua-protector.com\/wp-content\/uploads\/2025\/04\/JGGQ-80-2-600x600.jpg 600w, https:\/\/ua-protector.com\/wp-content\/uploads\/2025\/04\/JGGQ-80-2-150x150.jpg 150w, https:\/\/ua-protector.com\/wp-content\/uploads\/2025\/04\/JGGQ-80-2-768x768.jpg 768w, https:\/\/ua-protector.com\/wp-content\/uploads\/2025\/04\/JGGQ-80-2.jpg 800w\" sizes=\"(max-width: 300px) 100vw, 300px\" \/><\/a><figcaption id=\"caption-attachment-4519\" class=\"wp-caption-text\">Protector de sobretensi\u00f3n y subtensi\u00f3n de rearme autom\u00e1tico<\/figcaption><\/figure>\n<p>Diez a\u00f1os de precipitaciones t\u00e9cnicas, N veces de pruebas y mejoras t\u00e9cnicas, modelo JGGQ-80 <a href=\"https:\/\/ua-protector.com\/sp\/protector-de-sobretension-y-subtension-de-rearme-automatico\/\">Protector de sobretensi\u00f3n y subtensi\u00f3n de rearme autom\u00e1tico\u00a0<\/a>Listado en el mercado, el circuito de control adopta un procesador de micro-bajo consumo de alta velocidad como n\u00facleo, el rel\u00e9 de enclavamiento magn\u00e9tico como circuito principal, y el dise\u00f1o est\u00e1ndar analizado, que tiene las ventajas t\u00e9cnicas de bajo consumo de energ\u00eda, control preciso, bella apariencia, antiarm\u00f3nico, antiinterferencias, soporta voltaje de hasta AC450V, soporta corriente de hasta 3000A, etc.<\/p>\n<p>Cuando la l\u00ednea de alimentaci\u00f3n tiene sobretensi\u00f3n y subtensi\u00f3n, el protector puede cortar el circuito de forma r\u00e1pida y segura bajo el impacto continuo de alta tensi\u00f3n para evitar la ocurrencia de accidentes causados por la tensi\u00f3n anormal enviada a los aparatos el\u00e9ctricos terminales, y cuando la tensi\u00f3n vuelve a los valores normales, el protector encender\u00e1 autom\u00e1ticamente el circuito dentro del tiempo especificado para garantizar el funcionamiento normal de los aparatos el\u00e9ctricos terminales en el caso de desatenci\u00f3n.<\/p>\n<p>El protector de subtensi\u00f3n autorreajustable econ\u00f3mico es un producto que combina el circuito digital y el anal\u00f3gico, que tiene las ventajas del control preciso del circuito digital, que se manifiesta principalmente como el mismo tiempo de reajuste, es decir, si un lote de productos se energiza al mismo tiempo, el tiempo de acci\u00f3n del lote de productos es el mismo, no hay error de tiempo de reajuste entre los productos, y el error de cada tiempo de reajuste no superar\u00e1 los 0,5 segundos; Adem\u00e1s, la tensi\u00f3n soportada es alta, y no se da\u00f1ar\u00e1 durante mucho tiempo en el caso de AC450V.<\/p>\n<h2><strong>\u2161. Par\u00e1metros del protector de sobretensi\u00f3n y subtensi\u00f3n de rearme autom\u00e1tico.<\/strong><\/h2>\n<hr \/>\n<p>1. Corriente nominal: 32A, 40A, 50A, 63A, 80A<\/p>\n<p>2. Tensi\u00f3n de trabajo: AC230V, 50Hz<\/p>\n<p>3. Valor de protecci\u00f3n contra sobretensi\u00f3n: AC270V \u00b15V<\/p>\n<p>4. Valor de protecci\u00f3n de subtensi\u00f3n: AC170V \u00b15V<\/p>\n<p>5. Tiempo de restablecimiento tras fallo: 20 segundos<\/p>\n<p>6. Tiempo de acci\u00f3n: 0,1 segundos<\/p>\n<p>7. El m\u00e1s alto posible soporta una sobretensi\u00f3n de 450 VAC.<\/p>\n<h2><\/h2>\n<h2><strong>\u2162.Protectores de sobretensi\u00f3n y subtensi\u00f3n de normas<\/strong><\/h2>\n<hr \/>\n<p>JGJ242-2011 C\u00f3digo de dise\u00f1o el\u00e9ctrico de edificios residenciales<\/p>\n<p>JGJ\/T16-2008<\/p>\n<p>GJBT-672 Atlas est\u00e1ndar de dise\u00f1o el\u00e9ctrico y construcci\u00f3n de edificios residenciales<\/p>\n<p>GB\/T68895.10-2001<\/p>\n<p>Cumple las normas de seguridad para aparatos el\u00e9ctricos de clase III<\/p>\n<p>JB\/T12762-2015 \u300aDispositivo de protecci\u00f3n contra sobretensi\u00f3n y subtensi\u00f3n con funci\u00f3n de reenganche autom\u00e1tico\uff08.<a href=\"https:\/\/www.elejg.com\/\" target=\"_blank\" rel=\"noopener\"><strong>OUPA<\/strong><\/a>)\u300b<\/p>\n<h2>Deber\u00eda ser un plan<\/h2>\n<hr \/>\n<p><img decoding=\"async\" class=\"alignnone wp-image-6111 size-full\" src=\"https:\/\/ua-protector.com\/wp-content\/uploads\/2025\/04\/\u63a5\u7ebf\u56fe-\u8fc7\u6b20\u538b-3.jpg\" alt=\"protectores de sobretensi\u00f3n y subtensi\u00f3n\" width=\"600\" height=\"1133\" srcset=\"https:\/\/ua-protector.com\/wp-content\/uploads\/2025\/04\/\u63a5\u7ebf\u56fe-\u8fc7\u6b20\u538b-3.jpg 600w, https:\/\/ua-protector.com\/wp-content\/uploads\/2025\/04\/\u63a5\u7ebf\u56fe-\u8fc7\u6b20\u538b-3-159x300.jpg 159w, https:\/\/ua-protector.com\/wp-content\/uploads\/2025\/04\/\u63a5\u7ebf\u56fe-\u8fc7\u6b20\u538b-3-542x1024.jpg 542w, https:\/\/ua-protector.com\/wp-content\/uploads\/2025\/04\/\u63a5\u7ebf\u56fe-\u8fc7\u6b20\u538b-3-6x12.jpg 6w\" sizes=\"(max-width: 600px) 100vw, 600px\" \/><\/p>\n<h3 data-slate-node=\"element\"><span data-slate-node=\"text\"><span class=\"null hover-sent\" data-slate-leaf=\"true\" data-sent-id=\"ejrkgDPYqe\">Advertencia:<\/span><\/span><\/h3>\n<div data-slate-node=\"element\"><span data-slate-node=\"text\"><span class=\"null hover-sent\" data-slate-leaf=\"true\" data-sent-id=\"ejrkgDPYqe\">Los hilos N y L no deben conectarse incorrectamente.<\/span><\/span><\/div>\n<div data-slate-node=\"element\" data-slate-fragment=\"JTVCJTdCJTIydHlwZSUyMiUzQSUyMnBhcmFncmFwaCUyMiUyQyUyMmNoaWxkcmVuJTIyJTNBJTVCJTdCJTIyaWQlMjIlM0ElMjJlanJrZ0RQWXFlJTIyJTJDJTIycGFyYUlkeCUyMiUzQTElMkMlMjJzcmMlMjIlM0ElMjJBdHRlbnRpb24lM0ElMjBUaGUlMjBOJTIwYW5kJTIwTCUyMHdpcmVzJTIwbXVzdCUyMG5vdCUyMGJlJTIwY29ubmVjdGVkJTIwaW5jb3JyZWN0bHkuJTIyJTJDJTIyZHN0JTIyJTNBJTIyJUU2JUIzJUE4JUU2JTg0JThGJUVGJUJDJTlBTiVFNSU5MiU4Q0wlRTclQkElQkYlRTQlQjglOEQlRTUlQkUlOTclRTglQkYlOUUlRTYlOEUlQTUlRTklOTQlOTklRTglQUYlQUYlRTMlODAlODIlMjIlMkMlMjJtZXRhZGF0YSUyMiUzQSUyMiUyMiUyQyUyMm1hdGNoZXMlMjIlM0FudWxsJTJDJTIybWV0YURhdGElMjIlM0ElNUIlNUQlMkMlMjJ0ZXh0JTIyJTNBJTIyVGhlJTIwTiUyMGFuZCUyMEwlMjB3aXJlcyUyMG11c3QlMjBub3QlMjBiZSUyMGNvbm5lY3RlZCUyMGluY29ycmVjdGx5LiUyMiU3RCU1RCU3RCUyQyU3QiUyMnR5cGUlMjIlM0ElMjJwYXJhZ3JhcGglMjIlMkMlMjJjaGlsZHJlbiUyMiUzQSU1QiU3QiUyMmlkJTIyJTNBJTIyVk5ETmRqOUFiQiUyMiUyQyUyMnBhcmFJZHglMjIlM0EyJTJDJTIyc3JjJTIyJTNBJTIyQWxsJTIwdGVybWluYWxzJTIwbXVzdCUyMGJlJTIwdGlnaHRlbmVkJTIwdG8lMjBwcmV2ZW50JTIwZmFsc2UlMjBjb25uZWN0aW9ucyUyMHRoYXQlMjBjb3VsZCUyMGJ1cm4lMjBvdXQlMjB0aGUlMjBwcm90ZWN0b3IuJTIyJTJDJTIyZHN0JTIyJTNBJTIyJUU2JTg5JTgwJUU2JTlDJTg5JUU3JUFCJUFGJUU1JUFEJTkwJUU1JUJGJTg1JUU5JUExJUJCJUU2JThCJUE3JUU3JUI0JUE3JUVGJUJDJThDJUU0JUJCJUE1JUU5JTk4JUIyJUU2JUFEJUEyJUU1JThGJUFGJUU4JTgzJUJEJUU3JTgzJUE3JUU1JTlEJThGJUU0JUJGJTlEJUU2JThBJUE0JUU1JTk5JUE4JUU3JTlBJTg0JUU5JTk0JTk5JUU4JUFGJUFGJUU4JUJGJTlFJUU2JThFJUE1JUUzJTgwJTgyJTIyJTJDJTIybWV0YWRhdGElMjIlM0ElMjIlMjIlMkMlMjJtYXRjaGVzJTIyJTNBbnVsbCUyQyUyMm1ldGFEYXRhJTIyJTNBJTVCJTVEJTJDJTIydGV4dCUyMiUzQSUyMkFsbCUyMHRlcm1pbmFscyUyMG11c3QlMjBiZSUyMHRpZ2h0ZW5lZCUyMHRvJTIwcHJldmVudCUyMGZhbHNlJTIwY29ubmVjdGlvbnMlMjB0aGF0JTIwY291bGQlMjBidXJuJTIwb3V0JTIwdGhlJTIwcHJvdGVjdG9yLiUyMiU3RCU1RCU3RCU1RA==\"><span data-slate-node=\"text\"><span class=\"null\" data-slate-leaf=\"true\" data-sent-id=\"VNDNdj9AbB\">Todos los terminales deben estar apretados para evitar falsas conexiones que podr\u00edan quemar el protector.<\/span><\/span><\/div>\n<h2 class=\"wp-block-heading\"><\/h2>\n<h2><strong>Informaci\u00f3n del paquete est\u00e1ndar<\/strong><\/h2>\n<hr \/>\n<p><img decoding=\"async\" class=\"alignnone size-medium wp-image-6114\" src=\"https:\/\/ua-protector.com\/wp-content\/uploads\/2025\/04\/45.5-23.5-31.5-box-300x300.jpg\" alt=\"\" width=\"300\" height=\"300\" srcset=\"https:\/\/ua-protector.com\/wp-content\/uploads\/2025\/04\/45.5-23.5-31.5-box-300x300.jpg 300w, https:\/\/ua-protector.com\/wp-content\/uploads\/2025\/04\/45.5-23.5-31.5-box-150x150.jpg 150w, https:\/\/ua-protector.com\/wp-content\/uploads\/2025\/04\/45.5-23.5-31.5-box-12x12.jpg 12w, https:\/\/ua-protector.com\/wp-content\/uploads\/2025\/04\/45.5-23.5-31.5-box-600x600.jpg 600w, https:\/\/ua-protector.com\/wp-content\/uploads\/2025\/04\/45.5-23.5-31.5-box-100x100.jpg 100w, https:\/\/ua-protector.com\/wp-content\/uploads\/2025\/04\/45.5-23.5-31.5-box.jpg 750w\" sizes=\"(max-width: 300px) 100vw, 300px\" \/><\/p>\n<div style=\"overflow-x: auto;\">\n<table>\n<tbody>\n<tr>\n<th>Dimensiones de la caja (cm)<\/th>\n<th>Lista de paquetes<\/th>\n<th>CANT<\/th>\n<th>Peso bruto (kg)<\/th>\n<\/tr>\n<tr>\n<td style=\"text-align: center;\">45,5 cm \u00d7 23,5 cm \u00d7 31,5 cm<\/td>\n<td style=\"text-align: center;\">\u00a0protector<\/td>\n<td style=\"text-align: center;\">120 unidades<\/td>\n<td style=\"text-align: center;\">20 kg<\/td>\n<\/tr>\n<\/tbody>\n<\/table>\n<\/div>\n<hr \/>\n<h1 class=\"elementor-heading-title elementor-size-default\"><span style=\"color: #0000ff;\">P\u00f3ngase en contacto con nosotros.<\/span><\/h1>\n<hr \/>\n<p>Para obtener m\u00e1s informaci\u00f3n sobre nuestros productos y servicios,Recibir\u00e1 una respuesta de un experto en electricidad,Estaremos encantados de atenderle.<\/p>\n<p>Mob\/WhatsApp\/WeChat\/Wang: +86 18958900126<br \/>\nCorreo electr\u00f3nico profesional\uff1a<strong>sales@tokeep.net<br \/>\n<\/strong>Correo electr\u00f3nico sobre tecnolog\u00eda:\u00a0<strong>tokeepcc@gmail.com<\/strong><strong><br \/>\n<\/strong>Correo electr\u00f3nico personal:<strong>\u00a0wxj7607@126.com<\/strong><\/p>\n<p><img loading=\"lazy\" decoding=\"async\" class=\"alignnone size-medium wp-image-5920\" src=\"https:\/\/ua-protector.com\/wp-content\/uploads\/2025\/05\/whateapp-300x169.jpg\" alt=\"\" width=\"300\" height=\"169\" srcset=\"https:\/\/ua-protector.com\/wp-content\/uploads\/2025\/05\/whateapp-300x169.jpg 300w, https:\/\/ua-protector.com\/wp-content\/uploads\/2025\/05\/whateapp-18x10.jpg 18w, https:\/\/ua-protector.com\/wp-content\/uploads\/2025\/05\/whateapp.jpg 573w\" sizes=\"(max-width: 300px) 100vw, 300px\" \/><\/p>\n<p>&nbsp;<\/p>","protected":false},"excerpt":{"rendered":"<p>Tras diez a\u00f1os de precipitaciones t\u00e9cnicas, N veces de pruebas y mejoras t\u00e9cnicas, JGGQ-80 \u00a0<a href=\"https:\/\/ua-protector.com\/sp\/protector-de-sobretension-y-subtension-de-rearme-automatico\/\">Protector de sobretensi\u00f3n y subtensi\u00f3n de rearme autom\u00e1tico<\/a> es en el mercado, utilizando micro-procesador de alta velocidad de baja potencia como el n\u00facleo del circuito de control, rel\u00e9 de enclavamiento magn\u00e9tico como el circuito principal, y el dise\u00f1o est\u00e1ndar modularizado, que tiene las ventajas t\u00e9cnicas de bajo consumo de energ\u00eda, control preciso, aspecto hermoso, anti-arm\u00f3nica, anti-interferencia, y soportar la tensi\u00f3n de hasta AC450V.<\/p>","protected":false},"featured_media":4517,"template":"","meta":{"_acf_changed":false,"site-sidebar-layout":"default","site-content-layout":"","ast-site-content-layout":"default","site-content-style":"default","site-sidebar-style":"default","ast-global-header-display":"","ast-banner-title-visibility":"","ast-main-header-display":"","ast-hfb-above-header-display":"","ast-hfb-below-header-display":"","ast-hfb-mobile-header-display":"","site-post-title":"","ast-breadcrumbs-content":"","ast-featured-img":"","footer-sml-layout":"","theme-transparent-header-meta":"default","adv-header-id-meta":"","stick-header-meta":"","header-above-stick-meta":"","header-main-stick-meta":"","header-below-stick-meta":"","astra-migrate-meta-layouts":"set","ast-page-background-enabled":"default","ast-page-background-meta":{"desktop":{"background-color":"","background-image":"","background-repeat":"repeat","background-position":"center center","background-size":"auto","background-attachment":"scroll","background-type":"","background-media":"","overlay-type":"","overlay-color":"","overlay-opacity":"","overlay-gradient":""},"tablet":{"background-color":"","background-image":"","background-repeat":"repeat","background-position":"center center","background-size":"auto","background-attachment":"scroll","background-type":"","background-media":"","overlay-type":"","overlay-color":"","overlay-opacity":"","overlay-gradient":""},"mobile":{"background-color":"","background-image":"","background-repeat":"repeat","background-position":"center center","background-size":"auto","background-attachment":"scroll","background-type":"","background-media":"","overlay-type":"","overlay-color":"","overlay-opacity":"","overlay-gradient":""}},"ast-content-background-meta":{"desktop":{"background-color":"var(--ast-global-color-5)","background-image":"","background-repeat":"repeat","background-position":"center center","background-size":"auto","background-attachment":"scroll","background-type":"","background-media":"","overlay-type":"","overlay-color":"","overlay-opacity":"","overlay-gradient":""},"tablet":{"background-color":"var(--ast-global-color-5)","background-image":"","background-repeat":"repeat","background-position":"center center","background-size":"auto","background-attachment":"scroll","background-type":"","background-media":"","overlay-type":"","overlay-color":"","overlay-opacity":"","overlay-gradient":""},"mobile":{"background-color":"var(--ast-global-color-5)","background-image":"","background-repeat":"repeat","background-position":"center center","background-size":"auto","background-attachment":"scroll","background-type":"","background-media":"","overlay-type":"","overlay-color":"","overlay-opacity":"","overlay-gradient":""}}},"product_brand":[],"product_cat":[62,56],"product_tag":[91,96,88,95,94],"class_list":{"0":"post-4438","1":"product","2":"type-product","3":"status-publish","4":"has-post-thumbnail","6":"product_cat-voltage-protector","7":"product_cat-protector","8":"product_tag-adjustable-over-and-under-voltage-protector","9":"product_tag-adjustable-voltage-protector-settings","10":"product_tag-automatic-reconnect-over-and-under-voltage-protection","11":"product_tag-protector-current-stabilizer-voltmeter-for-house-protection63a","12":"product_tag-voltage-output-stabilizer-for-home-office-appliance","13":"desktop-align-center","14":"tablet-align-left","15":"mobile-align-left","17":"first","18":"instock","19":"featured","20":"shipping-taxable","21":"product-type-simple"},"acf":[],"_links":{"self":[{"href":"https:\/\/ua-protector.com\/sp\/wp-json\/wp\/v2\/product\/4438","targetHints":{"allow":["GET"]}}],"collection":[{"href":"https:\/\/ua-protector.com\/sp\/wp-json\/wp\/v2\/product"}],"about":[{"href":"https:\/\/ua-protector.com\/sp\/wp-json\/wp\/v2\/types\/product"}],"version-history":[{"count":18,"href":"https:\/\/ua-protector.com\/sp\/wp-json\/wp\/v2\/product\/4438\/revisions"}],"predecessor-version":[{"id":6682,"href":"https:\/\/ua-protector.com\/sp\/wp-json\/wp\/v2\/product\/4438\/revisions\/6682"}],"wp:featuredmedia":[{"embeddable":true,"href":"https:\/\/ua-protector.com\/sp\/wp-json\/wp\/v2\/media\/4517"}],"wp:attachment":[{"href":"https:\/\/ua-protector.com\/sp\/wp-json\/wp\/v2\/media?parent=4438"}],"wp:term":[{"taxonomy":"product_brand","embeddable":true,"href":"https:\/\/ua-protector.com\/sp\/wp-json\/wp\/v2\/product_brand?post=4438"},{"taxonomy":"product_cat","embeddable":true,"href":"https:\/\/ua-protector.com\/sp\/wp-json\/wp\/v2\/product_cat?post=4438"},{"taxonomy":"product_tag","embeddable":true,"href":"https:\/\/ua-protector.com\/sp\/wp-json\/wp\/v2\/product_tag?post=4438"}],"curies":[{"name":"wp","href":"https:\/\/api.w.org\/{rel}","templated":true}]}}