{"id":4437,"date":"2025-04-27T02:23:54","date_gmt":"2025-04-27T02:23:54","guid":{"rendered":"https:\/\/ua-protector.com\/?post_type=product&#038;p=4437"},"modified":"2025-08-06T00:46:45","modified_gmt":"2025-08-06T07:46:45","slug":"over-and-under-voltage-protector-jggq-63","status":"publish","type":"product","link":"https:\/\/ua-protector.com\/sp\/producto\/protector\/protector-de-tension\/protector-de-sobretension-y-subtension-jggq-63\/","title":{"rendered":"Protector contra sobretensiones y subtensiones de rearme autom\u00e1tico JGGQ-63"},"content":{"rendered":"<h2><strong>1. Introducci\u00f3n<\/strong><\/h2>\n<figure id=\"attachment_6099\" aria-describedby=\"caption-attachment-6099\" style=\"width: 300px\" class=\"wp-caption alignleft\"><a href=\"https:\/\/ua-protector.com\/sp\/protectors\/\"><img fetchpriority=\"high\" decoding=\"async\" class=\"wp-image-6099 size-medium\" src=\"https:\/\/ua-protector.com\/wp-content\/uploads\/2025\/04\/JGGQ-63-0-300x300.jpg\" alt=\"protector de sobretensi\u00f3n y subtensi\u00f3n JGGQ-63\" width=\"300\" height=\"300\" srcset=\"https:\/\/ua-protector.com\/wp-content\/uploads\/2025\/04\/JGGQ-63-0-300x300.jpg 300w, https:\/\/ua-protector.com\/wp-content\/uploads\/2025\/04\/JGGQ-63-0-150x150.jpg 150w, https:\/\/ua-protector.com\/wp-content\/uploads\/2025\/04\/JGGQ-63-0-768x768.jpg 768w, https:\/\/ua-protector.com\/wp-content\/uploads\/2025\/04\/JGGQ-63-0-12x12.jpg 12w, https:\/\/ua-protector.com\/wp-content\/uploads\/2025\/04\/JGGQ-63-0-600x600.jpg 600w, https:\/\/ua-protector.com\/wp-content\/uploads\/2025\/04\/JGGQ-63-0-100x100.jpg 100w, https:\/\/ua-protector.com\/wp-content\/uploads\/2025\/04\/JGGQ-63-0.jpg 800w\" sizes=\"(max-width: 300px) 100vw, 300px\" \/><\/a><figcaption id=\"caption-attachment-6099\" class=\"wp-caption-text\">protector de sobretensi\u00f3n y subtensi\u00f3n JGGQ-63<\/figcaption><\/figure>\n<p>JGGQ-63 <strong>Reinicio autom\u00e1tico <a href=\"https:\/\/ua-protector.com\/sp\/protectors\/\">protector de sobretensi\u00f3n y subtensi\u00f3n <\/a><\/strong>Cuando la l\u00ednea de alimentaci\u00f3n tiene sobretensi\u00f3n y subtensi\u00f3n, el protector puede cortar r\u00e1pidamente y con seguridad el circuito bajo el impacto continuo de alta tensi\u00f3n para evitar la ocurrencia de accidentes causados por la tensi\u00f3n anormal enviada a los aparatos el\u00e9ctricos terminales, y cuando la tensi\u00f3n vuelve a los valores normales, el protector encender\u00e1 autom\u00e1ticamente el circuito dentro del tiempo especificado para garantizar el funcionamiento normal de los aparatos el\u00e9ctricos terminales en la situaci\u00f3n desatendida.<\/p>\n<p><strong>2. Caracter\u00edsticas y entorno de uso<\/strong><\/p>\n<p>1. Cuando se produce la subtensi\u00f3n de l\u00ednea monof\u00e1sica, corte la l\u00ednea, y la tensi\u00f3n de l\u00ednea monof\u00e1sica volver\u00e1 a la normalidad y se restablecer\u00e1 autom\u00e1ticamente y conectar la l\u00ednea despu\u00e9s de la demora, sin operaci\u00f3n manual.<\/p>\n<p>2. Cuando se produzca una sobretensi\u00f3n transitoria o transitoria en la l\u00ednea, el protector no funcionar\u00e1 mal.<\/p>\n<p>3. Cuando la tensi\u00f3n de la l\u00ednea es inestable debido a aver\u00edas como falsos contactos, o cuando se corta la corriente repentinamente y se produce una llamada, el protector no est\u00e1 conectado a la l\u00ednea.<\/p>\n<p>4. Cuando la tensi\u00f3n de fallo de la l\u00ednea es la m\u00e1s alta, el propio protector no sufrir\u00e1 da\u00f1os.<\/p>\n<p>5. Tensi\u00f3n de impulso soportada: 4 kV (conforme a las normas de seguridad de los aparatos el\u00e9ctricos de clase III).<\/p>\n<p>6. Temperatura ambiente: -25\u00b0C~40\u00b0C, humedad relativa: 10%~90%, altitud no superior a 2500 metros, y el lugar de uso debe disponer de instalaciones a prueba de lluvia.<\/p>\n<h2><strong>protector de sobretensi\u00f3n y subtensi\u00f3n de par\u00e1metros<\/strong><\/h2>\n<hr \/>\n<p>1. Corriente nominal: 32A, 40A, 50A, 63A<\/p>\n<p>2. Tensi\u00f3n de trabajo: AC230V, 50Hz<\/p>\n<p>3. Valor de protecci\u00f3n contra sobretensi\u00f3n: AC270V \u00b15V<\/p>\n<p>4. Valor de protecci\u00f3n de subtensi\u00f3n: AC170V \u00b15V<\/p>\n<p>5. Tiempo de restablecimiento tras fallo: 20 segundos<\/p>\n<p>6. Tiempo de acci\u00f3n: 0,2 segundos<\/p>\n<p>7. El m\u00e1s alto es possiblewithstandAC380V sobretensi\u00f3n.<\/p>\n<h2><strong>protector de sobretensi\u00f3n y subtensi\u00f3n<\/strong><strong>de normas<\/strong><\/h2>\n<hr \/>\n<p>JGJ242-2011 C\u00f3digo de dise\u00f1o el\u00e9ctrico de edificios residenciales<\/p>\n<p>JGJ\/T16-2008<\/p>\n<p>GJBT-672 Atlas est\u00e1ndar de dise\u00f1o el\u00e9ctrico y construcci\u00f3n de edificios residenciales<\/p>\n<p>GB\/T68895.10-2001<\/p>\n<p>Cumple las normas de seguridad para aparatos el\u00e9ctricos de clase III<\/p>\n<p>JB\/T12762-2015 \u300aDispositivo de protecci\u00f3n contra sobretensi\u00f3n y subtensi\u00f3n con funci\u00f3n de reenganche autom\u00e1tico\uff08.<a href=\"https:\/\/www.elejg.com\/\" target=\"_blank\" rel=\"noopener\"><strong>OUPA<\/strong><\/a>)\u300b<\/p>\n<h2><strong>protector de sobretensi\u00f3n y subtensi\u00f3n<\/strong><strong> de tama\u00f1o<\/strong><\/h2>\n<hr \/>\n<p><img decoding=\"async\" class=\"alignnone wp-image-6611 size-full\" src=\"https:\/\/ua-protector.com\/wp-content\/uploads\/2025\/04\/oupa\u5c3a\u5bf8.jpg\" alt=\"Protector contra sobretensiones y subtensiones de rearme autom\u00e1tico JGGQ-63\" width=\"750\" height=\"1069\" srcset=\"https:\/\/ua-protector.com\/wp-content\/uploads\/2025\/04\/oupa\u5c3a\u5bf8.jpg 750w, https:\/\/ua-protector.com\/wp-content\/uploads\/2025\/04\/oupa\u5c3a\u5bf8-210x300.jpg 210w, https:\/\/ua-protector.com\/wp-content\/uploads\/2025\/04\/oupa\u5c3a\u5bf8-718x1024.jpg 718w, https:\/\/ua-protector.com\/wp-content\/uploads\/2025\/04\/oupa\u5c3a\u5bf8-8x12.jpg 8w, https:\/\/ua-protector.com\/wp-content\/uploads\/2025\/04\/oupa\u5c3a\u5bf8-600x855.jpg 600w\" sizes=\"(max-width: 750px) 100vw, 750px\" \/><\/p>\n<p>&nbsp;<\/p>\n<h1 class=\"elementor-heading-title elementor-size-default\"><span style=\"color: #0000ff;\">P\u00f3ngase en contacto con nosotros.<\/span><\/h1>\n<p>Para obtener m\u00e1s informaci\u00f3n sobre nuestros productos y servicios,Recibir\u00e1 una respuesta de un experto en electricidad,Estaremos encantados de atenderle.<\/p>\n<p>Mob\/WhatsApp\/WeChat\/Wang: +86 18958900126<br \/>\nCorreo electr\u00f3nico profesional\uff1a<strong>sales@tokeep.net<br \/>\n<\/strong>Correo electr\u00f3nico sobre tecnolog\u00eda:\u00a0<strong>tokeepcc@gmail.com<\/strong><strong><br \/>\n<\/strong>Correo electr\u00f3nico personal:<strong>\u00a0wxj7607@126.com<\/strong><\/p>\n<p><img decoding=\"async\" class=\"alignnone wp-image-5833 size-full\" src=\"https:\/\/ua-protector.com\/wp-content\/uploads\/2025\/04\/whateapp-1.jpg\" sizes=\"(max-width: 573px) 100vw, 573px\" srcset=\"https:\/\/ua-protector.com\/wp-content\/uploads\/2025\/04\/whateapp-1.jpg 573w, https:\/\/ua-protector.com\/wp-content\/uploads\/2025\/04\/whateapp-1-300x169.jpg 300w, https:\/\/ua-protector.com\/wp-content\/uploads\/2025\/04\/whateapp-1-18x10.jpg 18w\" alt=\"\" width=\"573\" height=\"322\" \/><\/p>","protected":false},"excerpt":{"rendered":"<p>El protector de sobretensi\u00f3n y subtensi\u00f3n de rearme autom\u00e1tico JGGQ-63 adopta el circuito de control con microprocesador de baja potencia de alta velocidad como n\u00facleo, rel\u00e9 de enclavamiento magn\u00e9tico como circuito principal, y dise\u00f1o est\u00e1ndar modularizado, cuando la l\u00ednea de alimentaci\u00f3n aparece sobretensi\u00f3n y subtensi\u00f3n, el protector puede cortar r\u00e1pidamente y con seguridad el circuito bajo el impacto continuo de alto voltaje para evitar la ocurrencia de accidentes causados por el voltaje anormal enviado a los aparatos el\u00e9ctricos terminales, y cuando el voltaje vuelve a los valores normales, el protector encender\u00e1 autom\u00e1ticamente el circuito dentro del tiempo especificado para asegurar el funcionamiento normal de los aparatos terminales en la situaci\u00f3n desatendida.<\/p>","protected":false},"featured_media":6099,"template":"","meta":{"_acf_changed":false,"site-sidebar-layout":"default","site-content-layout":"","ast-site-content-layout":"default","site-content-style":"default","site-sidebar-style":"default","ast-global-header-display":"","ast-banner-title-visibility":"","ast-main-header-display":"","ast-hfb-above-header-display":"","ast-hfb-below-header-display":"","ast-hfb-mobile-header-display":"","site-post-title":"","ast-breadcrumbs-content":"","ast-featured-img":"","footer-sml-layout":"","theme-transparent-header-meta":"default","adv-header-id-meta":"","stick-header-meta":"","header-above-stick-meta":"","header-main-stick-meta":"","header-below-stick-meta":"","astra-migrate-meta-layouts":"set","ast-page-background-enabled":"default","ast-page-background-meta":{"desktop":{"background-color":"","background-image":"","background-repeat":"repeat","background-position":"center center","background-size":"auto","background-attachment":"scroll","background-type":"","background-media":"","overlay-type":"","overlay-color":"","overlay-opacity":"","overlay-gradient":""},"tablet":{"background-color":"","background-image":"","background-repeat":"repeat","background-position":"center center","background-size":"auto","background-attachment":"scroll","background-type":"","background-media":"","overlay-type":"","overlay-color":"","overlay-opacity":"","overlay-gradient":""},"mobile":{"background-color":"","background-image":"","background-repeat":"repeat","background-position":"center center","background-size":"auto","background-attachment":"scroll","background-type":"","background-media":"","overlay-type":"","overlay-color":"","overlay-opacity":"","overlay-gradient":""}},"ast-content-background-meta":{"desktop":{"background-color":"var(--ast-global-color-5)","background-image":"","background-repeat":"repeat","background-position":"center center","background-size":"auto","background-attachment":"scroll","background-type":"","background-media":"","overlay-type":"","overlay-color":"","overlay-opacity":"","overlay-gradient":""},"tablet":{"background-color":"var(--ast-global-color-5)","background-image":"","background-repeat":"repeat","background-position":"center center","background-size":"auto","background-attachment":"scroll","background-type":"","background-media":"","overlay-type":"","overlay-color":"","overlay-opacity":"","overlay-gradient":""},"mobile":{"background-color":"var(--ast-global-color-5)","background-image":"","background-repeat":"repeat","background-position":"center center","background-size":"auto","background-attachment":"scroll","background-type":"","background-media":"","overlay-type":"","overlay-color":"","overlay-opacity":"","overlay-gradient":""}}},"product_brand":[],"product_cat":[62,56],"product_tag":[91,92,94,93,89],"class_list":{"0":"post-4437","1":"product","2":"type-product","3":"status-publish","4":"has-post-thumbnail","6":"product_cat-voltage-protector","7":"product_cat-protector","8":"product_tag-adjustable-over-and-under-voltage-protector","9":"product_tag-digital-voltage-protector","10":"product_tag-voltage-output-stabilizer-for-home-office-appliance","11":"product_tag-voltage-protector-adjustable-under-over-voltage-protection","12":"product_tag-voltage-protector-for-air-conditioner","13":"desktop-align-center","14":"tablet-align-left","15":"mobile-align-left","17":"first","18":"instock","19":"shipping-taxable","20":"product-type-simple"},"acf":[],"_links":{"self":[{"href":"https:\/\/ua-protector.com\/sp\/wp-json\/wp\/v2\/product\/4437","targetHints":{"allow":["GET"]}}],"collection":[{"href":"https:\/\/ua-protector.com\/sp\/wp-json\/wp\/v2\/product"}],"about":[{"href":"https:\/\/ua-protector.com\/sp\/wp-json\/wp\/v2\/types\/product"}],"version-history":[{"count":9,"href":"https:\/\/ua-protector.com\/sp\/wp-json\/wp\/v2\/product\/4437\/revisions"}],"predecessor-version":[{"id":6681,"href":"https:\/\/ua-protector.com\/sp\/wp-json\/wp\/v2\/product\/4437\/revisions\/6681"}],"wp:featuredmedia":[{"embeddable":true,"href":"https:\/\/ua-protector.com\/sp\/wp-json\/wp\/v2\/media\/6099"}],"wp:attachment":[{"href":"https:\/\/ua-protector.com\/sp\/wp-json\/wp\/v2\/media?parent=4437"}],"wp:term":[{"taxonomy":"product_brand","embeddable":true,"href":"https:\/\/ua-protector.com\/sp\/wp-json\/wp\/v2\/product_brand?post=4437"},{"taxonomy":"product_cat","embeddable":true,"href":"https:\/\/ua-protector.com\/sp\/wp-json\/wp\/v2\/product_cat?post=4437"},{"taxonomy":"product_tag","embeddable":true,"href":"https:\/\/ua-protector.com\/sp\/wp-json\/wp\/v2\/product_tag?post=4437"}],"curies":[{"name":"wp","href":"https:\/\/api.w.org\/{rel}","templated":true}]}}