{"id":4436,"date":"2025-04-27T02:23:54","date_gmt":"2025-04-27T02:23:54","guid":{"rendered":"https:\/\/ua-protector.com\/?post_type=product&#038;p=4436"},"modified":"2025-08-06T00:45:34","modified_gmt":"2025-08-06T07:45:34","slug":"3-phase-4-wire-over-and-under-voltage-protector","status":"publish","type":"product","link":"https:\/\/ua-protector.com\/sp\/producto\/protector\/protector-de-tension\/protector-de-sobretension-y-subtension-trifasico-de-4-hilos\/","title":{"rendered":"Protector de sobretensi\u00f3n y subtensi\u00f3n trif\u00e1sico de 4 hilos JGGQ-80"},"content":{"rendered":"<h2><strong>Introducci\u00f3n<\/strong><\/h2>\n<hr \/>\n<figure id=\"attachment_4513\" aria-describedby=\"caption-attachment-4513\" style=\"width: 150px\" class=\"wp-caption alignleft\"><a href=\"https:\/\/ua-protector.com\/sp\/producto\/\"><img decoding=\"async\" class=\"wp-image-4513 size-thumbnail\" src=\"https:\/\/ua-protector.com\/wp-content\/uploads\/2025\/04\/JGGQ-80S-0-150x150.jpg\" alt=\"Protector de sobretensi\u00f3n y subtensi\u00f3n trif\u00e1sico de 4 hilos \" width=\"150\" height=\"150\" srcset=\"https:\/\/ua-protector.com\/wp-content\/uploads\/2025\/04\/JGGQ-80S-0-150x150.jpg 150w, https:\/\/ua-protector.com\/wp-content\/uploads\/2025\/04\/JGGQ-80S-0-300x300.jpg 300w, https:\/\/ua-protector.com\/wp-content\/uploads\/2025\/04\/JGGQ-80S-0-100x100.jpg 100w, https:\/\/ua-protector.com\/wp-content\/uploads\/2025\/04\/JGGQ-80S-0-600x600.jpg 600w, https:\/\/ua-protector.com\/wp-content\/uploads\/2025\/04\/JGGQ-80S-0-768x768.jpg 768w, https:\/\/ua-protector.com\/wp-content\/uploads\/2025\/04\/JGGQ-80S-0.jpg 800w\" sizes=\"(max-width: 150px) 100vw, 150px\" \/><\/a><figcaption id=\"caption-attachment-4513\" class=\"wp-caption-text\">Protector de sobretensi\u00f3n y subtensi\u00f3n trif\u00e1sico de 4 hilos<\/figcaption><\/figure>\n<p><a href=\"https:\/\/ua-protector.com\/sp\/producto\/protector\/protector-limitador-de-corriente-ignifugo\/limitador-de-corriente-protector-de-alarma-contra-incendios\/\">Protector de sobretensi\u00f3n y subtensi\u00f3n trif\u00e1sico de 4 hilos<\/a> JGGQ-80S\/3P+N Es una actualizaci\u00f3n del tipo de producto ordinario, caracter\u00edsticas t\u00e9cnicas del producto: bajo consumo de energ\u00eda, larga vida \u00fatil, control preciso, falta de protecci\u00f3n de fase, falta de protecci\u00f3n de l\u00ednea cero, corriente l\u00edmite m\u00e1xima de cortocircuito de 3000A, control de software de humanizaci\u00f3n, y la indicaci\u00f3n clara con luz Led, el producto se enciende por primera vez en condiciones normales de la fuente de alimentaci\u00f3n de tiempo de cierre de 5 segundos, cuando la l\u00ednea se produce subtensi\u00f3n, falta de fase y otros fallos, cuando la fuente de alimentaci\u00f3n se vuelve normal, el tiempo de cierre es de 20 segundos, este dise\u00f1o ahorra demasiado tiempo para esperar cuando la red el\u00e9ctrica est\u00e1 sin energ\u00eda.<\/p>\n<p>El protector de sobretensi\u00f3n y subtensi\u00f3n trif\u00e1sico de 4 hilosTiene las funciones de p\u00e9rdida de fase, p\u00e9rdida cero, <a href=\"https:\/\/www.elejg.com\/\" target=\"_blank\" rel=\"noopener\">protecci\u00f3n contra sobretensi\u00f3n y subtensi\u00f3n<\/a>y se utiliza a menudo en l\u00edneas de distribuci\u00f3n trif\u00e1sicas de cuatro hilos y cajas combinadoras de generaci\u00f3n de energ\u00eda fotovoltaica.<\/p>\n<h2><strong>Protector de sobretensi\u00f3n y subtensi\u00f3n trif\u00e1sico de 4 hilos de par\u00e1metros<\/strong><\/h2>\n<hr \/>\n<p>1. Corriente nominal: 32A, 40A, 50A, 63A, 80A<\/p>\n<p>2. Tensi\u00f3n de trabajo: AC230V, 50Hz (modo de trabajo de l\u00ednea de fase a l\u00ednea neutra)<\/p>\n<p>3. Valor de protecci\u00f3n contra sobretensi\u00f3n: AC270V \u00b15V (fase a cero)<\/p>\n<p>4. Valor de protecci\u00f3n de subtensi\u00f3n: AC170V \u00b15V (fase a cero)<\/p>\n<p>5. Tiempo de cierre del primer encendido: 5 segundos<\/p>\n<p>6. Tiempo de restablecimiento tras fallo: 20 segundos<\/p>\n<p>7. Tiempo de acci\u00f3n: 0,1 segundos<\/p>\n<p>8. El m\u00e1s alto es possiblewithstandAC450V sobretensi\u00f3n(fase a cero)\u3002<\/p>\n<h2><strong>Normas de aplicaci\u00f3n<\/strong><\/h2>\n<hr \/>\n<p>JGJ242-2011 C\u00f3digo de dise\u00f1o el\u00e9ctrico de edificios residenciales<\/p>\n<p>JGJ\/T16-2008<\/p>\n<p>GJBT-672 Atlas est\u00e1ndar de dise\u00f1o el\u00e9ctrico y construcci\u00f3n de edificios residenciales<\/p>\n<p>GB\/T68895.10-2001<\/p>\n<p>Cumple las normas de seguridad para aparatos el\u00e9ctricos de clase III<\/p>\n<p>JB\/T12762-2015 \u300a<a href=\"https:\/\/ua-protector.com\/sp\"><strong>Protector de sobretensi\u00f3n y subtensi\u00f3n trif\u00e1sico de 4 hilos<\/strong><\/a>\uff08<strong>OUPA<\/strong>)\u300b<\/p>\n<h2><strong><a href=\"https:\/\/ua-protector.com\/sp\/producto\/protector-de-corriente-y-tension-trifasico-de-4-hilos\/\">Protector de sobretensi\u00f3n y subtensi\u00f3n trif\u00e1sico de 4 hilos <\/a><\/strong><strong>de tama\u00f1o<\/strong><\/h2>\n<hr \/>\n<p><strong><img fetchpriority=\"high\" decoding=\"async\" class=\"alignnone wp-image-5588\" src=\"https:\/\/ua-protector.com\/wp-content\/uploads\/2025\/04\/\u5916\u5f62\u5c3a\u5bf8.jpg\" alt=\"\" width=\"800\" height=\"433\" srcset=\"https:\/\/ua-protector.com\/wp-content\/uploads\/2025\/04\/\u5916\u5f62\u5c3a\u5bf8.jpg 1141w, https:\/\/ua-protector.com\/wp-content\/uploads\/2025\/04\/\u5916\u5f62\u5c3a\u5bf8-300x162.jpg 300w, https:\/\/ua-protector.com\/wp-content\/uploads\/2025\/04\/\u5916\u5f62\u5c3a\u5bf8-1024x554.jpg 1024w, https:\/\/ua-protector.com\/wp-content\/uploads\/2025\/04\/\u5916\u5f62\u5c3a\u5bf8-768x415.jpg 768w, https:\/\/ua-protector.com\/wp-content\/uploads\/2025\/04\/\u5916\u5f62\u5c3a\u5bf8-18x10.jpg 18w, https:\/\/ua-protector.com\/wp-content\/uploads\/2025\/04\/\u5916\u5f62\u5c3a\u5bf8-600x324.jpg 600w\" sizes=\"(max-width: 800px) 100vw, 800px\" \/><\/strong><\/p>\n<h2><strong>Informaci\u00f3n del paquete est\u00e1ndar<\/strong><\/h2>\n<hr \/>\n<p>&nbsp;<\/p>\n<p><img decoding=\"async\" class=\"alignnone size-medium wp-image-5943\" src=\"https:\/\/ua-protector.com\/wp-content\/uploads\/2025\/04\/45.5-23.5-31.5-box-300x300.jpg\" sizes=\"(max-width: 300px) 100vw, 300px\" srcset=\"https:\/\/ua-protector.com\/wp-content\/uploads\/2025\/04\/45.5-23.5-31.5-box-300x300.jpg 300w, https:\/\/ua-protector.com\/wp-content\/uploads\/2025\/04\/45.5-23.5-31.5-box-150x150.jpg 150w, https:\/\/ua-protector.com\/wp-content\/uploads\/2025\/04\/45.5-23.5-31.5-box-12x12.jpg 12w, https:\/\/ua-protector.com\/wp-content\/uploads\/2025\/04\/45.5-23.5-31.5-box-600x600.jpg 600w, https:\/\/ua-protector.com\/wp-content\/uploads\/2025\/04\/45.5-23.5-31.5-box-100x100.jpg 100w, https:\/\/ua-protector.com\/wp-content\/uploads\/2025\/04\/45.5-23.5-31.5-box.jpg 750w\" alt=\"\" width=\"300\" height=\"300\" \/><\/p>\n<div style=\"overflow-x: auto;\">\n<table>\n<tbody>\n<tr>\n<th>Dimensiones de la caja (cm)<\/th>\n<th>Lista de paquetes<\/th>\n<th>CANT<\/th>\n<th>Peso bruto (kg)<\/th>\n<\/tr>\n<tr>\n<td style=\"text-align: center;\">45,5 cm \u00d7 23,5 cm \u00d7 31,5 cm<\/td>\n<td style=\"text-align: center;\">\u00a0protector<\/td>\n<td style=\"text-align: center;\">60 unidades<\/td>\n<td style=\"text-align: center;\">20 kg<\/td>\n<\/tr>\n<\/tbody>\n<\/table>\n<\/div>\n<p>&nbsp;<\/p>\n<hr \/>\n<h1 class=\"elementor-heading-title elementor-size-default\"><span style=\"color: #0000ff;\">P\u00f3ngase en contacto con nosotros.<\/span><\/h1>\n<p>Para obtener m\u00e1s informaci\u00f3n sobre nuestros productos y servicios,Recibir\u00e1 una respuesta de un experto en electricidad,Estaremos encantados de atenderle.<\/p>\n<p>Mob\/WhatsApp\/<strong>WeChat\/<\/strong>Wang: +86 18958900126<br \/>\nCorreo electr\u00f3nico profesional\uff1a<strong>sales@tokeep.net<br \/>\n<\/strong>Correo electr\u00f3nico sobre tecnolog\u00eda:\u00a0<strong>tokeepcc@gmail.com<\/strong><strong><br \/>\n<\/strong>Correo electr\u00f3nico personal:<strong>\u00a0wxj7607@126.com<\/strong><\/p>\n<p><img loading=\"lazy\" decoding=\"async\" class=\"alignnone wp-image-5833 size-full\" src=\"https:\/\/ua-protector.com\/wp-content\/uploads\/2025\/04\/whateapp-1.jpg\" sizes=\"(max-width: 573px) 100vw, 573px\" srcset=\"https:\/\/ua-protector.com\/wp-content\/uploads\/2025\/04\/whateapp-1.jpg 573w, https:\/\/ua-protector.com\/wp-content\/uploads\/2025\/04\/whateapp-1-300x169.jpg 300w, https:\/\/ua-protector.com\/wp-content\/uploads\/2025\/04\/whateapp-1-18x10.jpg 18w\" alt=\"\" width=\"573\" height=\"322\" \/><\/p>\n<p>&nbsp;<\/p>","protected":false},"excerpt":{"rendered":"<p>3 fases 4 cables sobre y bajo voltaje protector es una actualizaci\u00f3n del tipo ordinario de producto, caracter\u00edsticas del producto: bajo consumo de energ\u00eda, larga vida \u00fatil, control preciso, protecci\u00f3n de p\u00e9rdida de fase, la falta de protecci\u00f3n de l\u00ednea cero, la m\u00e1xima corriente l\u00edmite de cortocircuito 3000A, la humanizaci\u00f3n de control de software, y la indicaci\u00f3n clara con luz Led, el producto se enciende por primera vez en condiciones normales de la fuente de alimentaci\u00f3n el tiempo de cierre es de 6 segundos, cuando la l\u00ednea se produce sobre-baja tensi\u00f3n, falta de fase y otros fallos, cuando la fuente de alimentaci\u00f3n se vuelve normal, el tiempo de cierre es de 40 segundos, este dise\u00f1o ahorra demasiado tiempo para esperar cuando la red el\u00e9ctrica est\u00e1 en el fallo de alimentaci\u00f3n.<\/p>","protected":false},"featured_media":4513,"template":"","meta":{"_acf_changed":false,"site-sidebar-layout":"default","site-content-layout":"","ast-site-content-layout":"default","site-content-style":"default","site-sidebar-style":"default","ast-global-header-display":"","ast-banner-title-visibility":"","ast-main-header-display":"","ast-hfb-above-header-display":"","ast-hfb-below-header-display":"","ast-hfb-mobile-header-display":"","site-post-title":"","ast-breadcrumbs-content":"","ast-featured-img":"","footer-sml-layout":"","theme-transparent-header-meta":"default","adv-header-id-meta":"","stick-header-meta":"","header-above-stick-meta":"","header-main-stick-meta":"","header-below-stick-meta":"","astra-migrate-meta-layouts":"set","ast-page-background-enabled":"default","ast-page-background-meta":{"desktop":{"background-color":"","background-image":"","background-repeat":"repeat","background-position":"center center","background-size":"auto","background-attachment":"scroll","background-type":"","background-media":"","overlay-type":"","overlay-color":"","overlay-opacity":"","overlay-gradient":""},"tablet":{"background-color":"","background-image":"","background-repeat":"repeat","background-position":"center center","background-size":"auto","background-attachment":"scroll","background-type":"","background-media":"","overlay-type":"","overlay-color":"","overlay-opacity":"","overlay-gradient":""},"mobile":{"background-color":"","background-image":"","background-repeat":"repeat","background-position":"center center","background-size":"auto","background-attachment":"scroll","background-type":"","background-media":"","overlay-type":"","overlay-color":"","overlay-opacity":"","overlay-gradient":""}},"ast-content-background-meta":{"desktop":{"background-color":"var(--ast-global-color-5)","background-image":"","background-repeat":"repeat","background-position":"center center","background-size":"auto","background-attachment":"scroll","background-type":"","background-media":"","overlay-type":"","overlay-color":"","overlay-opacity":"","overlay-gradient":""},"tablet":{"background-color":"var(--ast-global-color-5)","background-image":"","background-repeat":"repeat","background-position":"center center","background-size":"auto","background-attachment":"scroll","background-type":"","background-media":"","overlay-type":"","overlay-color":"","overlay-opacity":"","overlay-gradient":""},"mobile":{"background-color":"var(--ast-global-color-5)","background-image":"","background-repeat":"repeat","background-position":"center center","background-size":"auto","background-attachment":"scroll","background-type":"","background-media":"","overlay-type":"","overlay-color":"","overlay-opacity":"","overlay-gradient":""}}},"product_brand":[],"product_cat":[62,56],"product_tag":[88,86,90,89,87],"class_list":{"0":"post-4436","1":"product","2":"type-product","3":"status-publish","4":"has-post-thumbnail","6":"product_cat-voltage-protector","7":"product_cat-protector","8":"product_tag-automatic-reconnect-over-and-under-voltage-protection","9":"product_tag-voltage-protector","10":"product_tag-voltage-protector-3-phase","11":"product_tag-voltage-protector-for-air-conditioner","12":"product_tag-voltage-protector-for-home","13":"desktop-align-center","14":"tablet-align-left","15":"mobile-align-left","17":"first","18":"instock","19":"shipping-taxable","20":"product-type-simple"},"acf":[],"_links":{"self":[{"href":"https:\/\/ua-protector.com\/sp\/wp-json\/wp\/v2\/product\/4436","targetHints":{"allow":["GET"]}}],"collection":[{"href":"https:\/\/ua-protector.com\/sp\/wp-json\/wp\/v2\/product"}],"about":[{"href":"https:\/\/ua-protector.com\/sp\/wp-json\/wp\/v2\/types\/product"}],"version-history":[{"count":21,"href":"https:\/\/ua-protector.com\/sp\/wp-json\/wp\/v2\/product\/4436\/revisions"}],"predecessor-version":[{"id":6680,"href":"https:\/\/ua-protector.com\/sp\/wp-json\/wp\/v2\/product\/4436\/revisions\/6680"}],"wp:featuredmedia":[{"embeddable":true,"href":"https:\/\/ua-protector.com\/sp\/wp-json\/wp\/v2\/media\/4513"}],"wp:attachment":[{"href":"https:\/\/ua-protector.com\/sp\/wp-json\/wp\/v2\/media?parent=4436"}],"wp:term":[{"taxonomy":"product_brand","embeddable":true,"href":"https:\/\/ua-protector.com\/sp\/wp-json\/wp\/v2\/product_brand?post=4436"},{"taxonomy":"product_cat","embeddable":true,"href":"https:\/\/ua-protector.com\/sp\/wp-json\/wp\/v2\/product_cat?post=4436"},{"taxonomy":"product_tag","embeddable":true,"href":"https:\/\/ua-protector.com\/sp\/wp-json\/wp\/v2\/product_tag?post=4436"}],"curies":[{"name":"wp","href":"https:\/\/api.w.org\/{rel}","templated":true}]}}