{"id":4432,"date":"2025-04-27T02:23:54","date_gmt":"2025-04-27T02:23:54","guid":{"rendered":"https:\/\/ua-protector.com\/?post_type=product&#038;p=4432"},"modified":"2025-08-06T01:26:43","modified_gmt":"2025-08-06T08:26:43","slug":"current-limiting-fire-alarm-protector","status":"publish","type":"product","link":"https:\/\/ua-protector.com\/sp\/producto\/protector\/protector-limitador-de-corriente-ignifugo\/limitador-de-corriente-protector-de-alarma-contra-incendios\/","title":{"rendered":"Protector de alarma contra incendios limitador de corriente FHXL-63"},"content":{"rendered":"<h3><strong>\u00a0Introducci\u00f3n<\/strong><\/h3>\n<hr \/>\n<figure id=\"attachment_4494\" aria-describedby=\"caption-attachment-4494\" style=\"width: 300px\" class=\"wp-caption alignleft\"><img fetchpriority=\"high\" decoding=\"async\" class=\"wp-image-4494 size-medium\" src=\"https:\/\/ua-protector.com\/wp-content\/uploads\/2025\/04\/FHXL-63-1-300x300.jpg\" alt=\"protector de alarma contra incendios limitador de corriente\" width=\"300\" height=\"300\" srcset=\"https:\/\/ua-protector.com\/wp-content\/uploads\/2025\/04\/FHXL-63-1-300x300.jpg 300w, https:\/\/ua-protector.com\/wp-content\/uploads\/2025\/04\/FHXL-63-1-100x100.jpg 100w, https:\/\/ua-protector.com\/wp-content\/uploads\/2025\/04\/FHXL-63-1-600x600.jpg 600w, https:\/\/ua-protector.com\/wp-content\/uploads\/2025\/04\/FHXL-63-1-150x150.jpg 150w, https:\/\/ua-protector.com\/wp-content\/uploads\/2025\/04\/FHXL-63-1-768x768.jpg 768w, https:\/\/ua-protector.com\/wp-content\/uploads\/2025\/04\/FHXL-63-1.jpg 800w\" sizes=\"(max-width: 300px) 100vw, 300px\" \/><figcaption id=\"caption-attachment-4494\" class=\"wp-caption-text\">protector de alarma contra incendios limitador de corriente<\/figcaption><\/figure>\n<p>La serie FHXL-63 es la <a href=\"https:\/\/ua-protector.com\/sp\/categoria-producto\/producto\/protector\/protector-limitador-de-corriente-ignifugo\/\">protector de alarma contra incendios limitador de corriente<\/a>\uff08<span data-slate-fragment=\"JTVCJTdCJTIydHlwZSUyMiUzQSUyMnBhcmFncmFwaCUyMiUyQyUyMmNoaWxkcmVuJTIyJTNBJTVCJTdCJTIyaWQlMjIlM0ElMjJWa0RLV2puUFd6JTIyJTJDJTIycGFyYUlkeCUyMiUzQTAlMkMlMjJzcmMlMjIlM0ElMjJjdXJyZW50JTIwbGltaXRpbmclMjBwcm90ZWN0b3IlMjIlMkMlMjJkc3QlMjIlM0ElMjIlRTklOTklOTAlRTYlQjUlODElRTQlQkYlOUQlRTYlOEElQTQlRTUlOTklQTglMjIlMkMlMjJtZXRhZGF0YSUyMiUzQSUyMiUyMiUyQyUyMm1hdGNoZXMlMjIlM0FudWxsJTJDJTIybWV0YURhdGElMjIlM0ElNUIlNUQlMkMlMjJ0ZXh0JTIyJTNBJTIyY3VycmVudCUyMGxpbWl0aW5nJTIwcHJvdGVjdG9yJTIyJTdEJTVEJTdEJTVE\">protector limitador de corriente\uff09<\/span>Se trata de un protector integral con m\u00faltiples funciones de protecci\u00f3n de sobretensi\u00f3n, subtensi\u00f3n, sobrecorriente, fuga, temperatura y detecci\u00f3n de humo. El producto tiene las ventajas de modularizaci\u00f3n, inteligencia, visualizaci\u00f3n, etc. Al mismo tiempo, soporta la comunicaci\u00f3n est\u00e1ndar Modbus485.<\/p>\n<p>protocolo. Todos los par\u00e1metros de protecci\u00f3n, como la protecci\u00f3n contra sobretensi\u00f3n, subtensi\u00f3n y sobrecorriente, pueden ajustarse en funci\u00f3n de la demanda de potencia, para garantizar que el protector pueda cortar instant\u00e1neamente el suministro el\u00e9ctrico cuando<a href=\"https:\/\/elejg.com\/\" target=\"_blank\" rel=\"noopener\"> sobretensi\u00f3n<\/a>De este modo, se evita que se produzcan subtensiones, sobrecorrientes y otros fallos en la l\u00ednea, y se puede proteger el equipo el\u00e9ctrico de posibles da\u00f1os.<\/p>\n<p>El producto tiene una estructura compacta, una bonita apariencia y dispone de un ra\u00edl gu\u00eda est\u00e1ndar para su instalaci\u00f3n.<\/p>\n<h3><strong>Par\u00e1metros de protecci\u00f3n actuales<\/strong><\/h3>\n<hr \/>\n<div style=\"overflow-x: auto;\">\n<table style=\"min-width: 600px; height: 190px;\" border=\"1\" width=\"714\" cellspacing=\"0\">\n<tbody>\n<tr>\n<td>Tipo<\/td>\n<td>FHXL-63\/3P+N<\/td>\n<\/tr>\n<tr>\n<td>Especificaciones actuales<\/td>\n<td>63A(1~63A)<\/td>\n<\/tr>\n<tr>\n<td>Rango de ajuste de la sobretensi\u00f3n<\/td>\n<td>AC270V(210~300V)<\/td>\n<\/tr>\n<tr>\n<td>Rango de ajuste de subtensi\u00f3n<\/td>\n<td>AC170V(80~200V)<\/td>\n<\/tr>\n<tr>\n<td>Rango de ajuste de la corriente de fuga<\/td>\n<td>20 mA(5~300 mA)<\/td>\n<\/tr>\n<tr>\n<td>Ajuste de la temperatura<\/td>\n<td>70\u2103(1~150\u2103)<\/td>\n<\/tr>\n<tr>\n<td>Tensi\u00f3n de trabajo<\/td>\n<td>AC230V\/400V<\/td>\n<\/tr>\n<\/tbody>\n<\/table>\n<h3><strong>Caracter\u00edsticas funcionales del producto<\/strong><\/h3>\n<hr \/>\n<p>\u25a0 Funci\u00f3n de protecci\u00f3n contra humo y gases combustibles: Cuando el humo, el gas licuado de petr\u00f3leo, el gas natural, el propano, el butano y otros gases combustibles en el campo el\u00e9ctrico superen el l\u00edmite, el protector emitir\u00e1 una se\u00f1al de alarma ac\u00fastica y visual, cortar\u00e1 autom\u00e1ticamente el suministro el\u00e9ctrico y mostrar\u00e1 registros de fallos en tiempo real.<br \/>\nFunci\u00f3n de protecci\u00f3n contra cortocircuitos: El protector supervisa la corriente de la l\u00ednea el\u00e9ctrica en tiempo real. Cuando se produce un fallo de cortocircuito en la l\u00ednea, puede lograr una protecci\u00f3n r\u00e1pida de limitaci\u00f3n de corriente en 0,1 segundos y mostrar registros de fallos en tiempo real.<\/p>\n<p>\u25a0 Funci\u00f3n de protecci\u00f3n contra sobrecarga: Cuando la corriente del circuito protegido se sobrecarga y la duraci\u00f3n de la sobrecarga supera el tiempo de acci\u00f3n (se pueden ajustar de 3 a 60 segundos), el protector inicia la protecci\u00f3n limitadora de corriente y muestra registros de fallos en tiempo real.<br \/>\nFunci\u00f3n de protecci\u00f3n contra sobretensiones: Cuando el protector detecta subtensi\u00f3n o sobretensi\u00f3n en la l\u00ednea, corta autom\u00e1ticamente la alimentaci\u00f3n y muestra registros de fallos en tiempo real.<\/p>\n<p>\u25a0 Funci\u00f3n de monitorizaci\u00f3n de la temperatura del cable de distribuci\u00f3n: Cuando la temperatura del cable monitorizado supera el valor de ajuste de la alarma, el protector corta autom\u00e1ticamente la alimentaci\u00f3n y muestra registros de fallos en tiempo real.<\/p>\n<p>\u25a0 Funci\u00f3n de monitorizaci\u00f3n de la corriente de fuga: Cuando la fuga de la l\u00ednea monitorizada supera el valor de ajuste de la alarma, el protector protege y corta autom\u00e1ticamente la alimentaci\u00f3n, y muestra el registro de fallos en tiempo real.<\/p>\n<p>Funci\u00f3n de comunicaci\u00f3n en red: El protector tiene una interfaz RS485, que puede enviar datos al sistema de monitorizaci\u00f3n de fondo, realizando las cinco funciones remotas de telemetr\u00eda remota, se\u00f1alizaci\u00f3n remota, control remoto, ajuste remoto y visualizaci\u00f3n remota.<\/p>\n<p>\u25a0 Corte simult\u00e1neo de los cables neutro y vivo: Cuando se produce una aver\u00eda en el circuito, el producto corta simult\u00e1neamente el cable neutro y el vivo, sin peligro de que queden cables vivos en el circuito por no haberse cortado el cable neutro.<\/p>\n<p>La sobretensi\u00f3n no da\u00f1a: Cuando la fuente de alimentaci\u00f3n trif\u00e1sica se desconecta, el voltaje m\u00e1ximo de la fuente de alimentaci\u00f3n est\u00e1 en AC450V, y el producto se desconectar\u00e1 dentro del tiempo establecido, mientras que el producto de tierra en s\u00ed no se da\u00f1ar\u00e1 debido a la alta tensi\u00f3n.<br \/>\nAntiarm\u00f3nicos: Actualmente, el consumo de electricidad en la red el\u00e9ctrica es relativamente complejo, con un gran n\u00famero de arm\u00f3nicos presentes. Los peligros arm\u00f3nicos pueden acortar la vida \u00fatil de otros equipos el\u00e9ctricos, pero este producto no se ve afectado en las redes el\u00e9ctricas arm\u00f3nicas.<br \/>\nFunci\u00f3n de recuperaci\u00f3n con un solo clic: Cuando los usuarios no dominan el funcionamiento del producto y no pueden cumplir los requisitos de protecci\u00f3n in situ para la configuraci\u00f3n de par\u00e1metros, pueden restaurar f\u00e1cilmente la configuraci\u00f3n de f\u00e1brica para evitar problemas de protecci\u00f3n err\u00f3neos causados por un funcionamiento incorrecto.<\/p>\n<h3><span data-slate-fragment=\"JTVCJTdCJTIydHlwZSUyMiUzQSUyMnBhcmFncmFwaCUyMiUyQyUyMmNoaWxkcmVuJTIyJTNBJTVCJTdCJTIyaWQlMjIlM0ElMjJWZGx2V2Q0d3JWJTIyJTJDJTIycGFyYUlkeCUyMiUzQTAlMkMlMjJzcmMlMjIlM0ElMjJXb3JraW5nJTIwY29uZGl0aW9ucyUyMiUyQyUyMmRzdCUyMiUzQSUyMiVFNSVCNyVBNSVFNCVCRCU5QyVFNiU5RCVBMSVFNCVCQiVCNiUyMiUyQyUyMm1ldGFkYXRhJTIyJTNBJTIyJTIyJTJDJTIybWF0Y2hlcyUyMiUzQW51bGwlMkMlMjJtZXRhRGF0YSUyMiUzQSU1QiU1RCUyQyUyMnRleHQlMjIlM0ElMjJXb3JraW5nJTIwY29uZGl0aW9ucyUyMiU3RCU1RCU3RCU1RA==\">Condiciones de trabajo<\/span><\/h3>\n<hr \/>\n<\/div>\n<p>1. En caso del primer encendido normal, el dispositivo se cierra autom\u00e1ticamente despu\u00e9s de 1s de retardo; y cuando se enciende por primera vez, en condiciones de sobretensi\u00f3n, subtensi\u00f3n, sobrecorriente y fuga, el dispositivo se abrir\u00e1 autom\u00e1ticamente en 3 segundos;<\/p>\n<p>2. Cuando se enciende por primera vez, es necesario calentar el sensor de humo durante 60 segundos y, a continuaci\u00f3n, el producto entra en estado de protecci\u00f3n. 3. Despu\u00e9s de que se produzca la alarma de humo y se elimine el fallo, es necesario pulsar manualmente la tecla Reset durante 2 segundos, entonces se puede liberar la alarma de humo.<\/p>\n<p>3. Par\u00e1metros de protecci\u00f3n actuales:<\/p>\n<p>a. \u2265 1,05 veces la corriente, &lt; 3 minutos de apertura.<\/p>\n<p>b. \u2265 1,2 veces la corriente, rango de ajuste de 1 a 120 segundos, 10 segundos por defecto.<\/p>\n<p>c. \u2265 2 veces la corriente, \u22640,2 segundos de apertura.<\/p>\n<p>4. La temperatura ambiente no superar\u00e1 los + 40\u00b0C, no ser\u00e1 inferior a 5\u00b0C; y la temperatura media en 24 horas no superar\u00e1 los + 35\u00b0C; a + 40\u00b0C, la humedad del aire ambiente no superar\u00e1 los 50%.<\/p>\n<p>5. La altitud del lugar de instalaci\u00f3n no superar\u00e1 los 2000 metros.<\/p>\n<p>6. Nivel de contaminaci\u00f3n: III.<\/p>\n<p>7. En el entorno de la instalaci\u00f3n, no debe haber ning\u00fan medio peligroso explosivo, ning\u00fan gas corrosivo y destructivo y polvo conductor, y ninguna invasi\u00f3n de lluvia y nieve.<\/p>\n<h3><strong> protector de alarma contra incendios limitador de corriente es Funciones de las claves<\/strong><\/h3>\n<hr \/>\n<p>1. Tecla de configuraci\u00f3n: Mantenga pulsada la tecla de configuraci\u00f3n durante 2 segundos para entrar en el estado de configuraci\u00f3n. Despu\u00e9s de entrar en el estado de configuraci\u00f3n, cada vez que pulse la tecla, el sistema entrar\u00e1 en el siguiente men\u00fa de configuraci\u00f3n;<\/p>\n<p>2. Tecla Shift: consulta los par\u00e1metros actuales de funcionamiento en tiempo real del producto. En el estado de ajuste, tiene la funci\u00f3n de desplazamiento de d\u00edgitos;<\/p>\n<p>3. Tecla de datos: consulta la informaci\u00f3n sobre el \u00faltimo fallo del producto y modifica los par\u00e1metros que deben ajustarse en el estado de ajuste;<\/p>\n<p>4. Tecla de rearme: Cuando se produce la primera sobrecorriente o fuga, el producto se encender\u00e1 autom\u00e1ticamente despu\u00e9s de retrasar el tiempo de reinicio especificado. Cuando se produzca la segunda alarma de sobreintensidad, fuga o incendio, debe confirmarse que no hay ning\u00fan fallo en el circuito; a continuaci\u00f3n, es necesario pulsar manualmente la tecla Reset para que el producto se encienda, y pulsar la tecla Reset durante 2 segundos para guardar y salir del estado de ajuste.<\/p>\n<h2><strong>Informaci\u00f3n del paquete est\u00e1ndar<\/strong><\/h2>\n<hr \/>\n<h3><a href=\"https:\/\/ua-protector.com\/sp\/producto\/\"><img decoding=\"async\" class=\"alignnone size-medium wp-image-6114\" src=\"https:\/\/ua-protector.com\/wp-content\/uploads\/2025\/04\/45.5-23.5-31.5-box-300x300.jpg\" alt=\"\" width=\"300\" height=\"300\" srcset=\"https:\/\/ua-protector.com\/wp-content\/uploads\/2025\/04\/45.5-23.5-31.5-box-300x300.jpg 300w, https:\/\/ua-protector.com\/wp-content\/uploads\/2025\/04\/45.5-23.5-31.5-box-150x150.jpg 150w, https:\/\/ua-protector.com\/wp-content\/uploads\/2025\/04\/45.5-23.5-31.5-box-12x12.jpg 12w, https:\/\/ua-protector.com\/wp-content\/uploads\/2025\/04\/45.5-23.5-31.5-box-600x600.jpg 600w, https:\/\/ua-protector.com\/wp-content\/uploads\/2025\/04\/45.5-23.5-31.5-box-100x100.jpg 100w, https:\/\/ua-protector.com\/wp-content\/uploads\/2025\/04\/45.5-23.5-31.5-box.jpg 750w\" sizes=\"(max-width: 300px) 100vw, 300px\" \/><\/a><\/h3>\n<div style=\"overflow-x: auto;\">\n<table>\n<tbody>\n<tr>\n<th>Dimensiones de la caja (cm)<\/th>\n<th>Lista de paquetes<\/th>\n<th>CANT<\/th>\n<th>Peso bruto (kg)<\/th>\n<\/tr>\n<tr>\n<td style=\"text-align: center;\">45,5 cm \u00d7 23,5 cm \u00d7 31,5 cm<\/td>\n<td style=\"text-align: center;\">\u00a0protector<\/td>\n<td style=\"text-align: center;\">60 unidades<\/td>\n<td style=\"text-align: center;\">20 kg<\/td>\n<\/tr>\n<\/tbody>\n<\/table>\n<\/div>\n<h3><\/h3>\n<h3><a href=\"https:\/\/ua-protector.com\/sp\/producto\/\">Protector de alarma contra incendios limitador de corriente<\/a> Dimensiones<\/h3>\n<hr \/>\n<p>&nbsp;<\/p>\n<p><img decoding=\"async\" class=\"alignnone wp-image-5530 size-full\" src=\"https:\/\/ua-protector.com\/wp-content\/uploads\/2025\/04\/\u9650\u6d41\u5f0f\u9632\u706b\u4fdd\u62a4\u5668-\u63d2\u56fe.jpg\" alt=\"protector-limitador-de-corriente-incombustible\" width=\"750\" height=\"422\" srcset=\"https:\/\/ua-protector.com\/wp-content\/uploads\/2025\/04\/\u9650\u6d41\u5f0f\u9632\u706b\u4fdd\u62a4\u5668-\u63d2\u56fe.jpg 750w, https:\/\/ua-protector.com\/wp-content\/uploads\/2025\/04\/\u9650\u6d41\u5f0f\u9632\u706b\u4fdd\u62a4\u5668-\u63d2\u56fe-300x169.jpg 300w, https:\/\/ua-protector.com\/wp-content\/uploads\/2025\/04\/\u9650\u6d41\u5f0f\u9632\u706b\u4fdd\u62a4\u5668-\u63d2\u56fe-18x10.jpg 18w, https:\/\/ua-protector.com\/wp-content\/uploads\/2025\/04\/\u9650\u6d41\u5f0f\u9632\u706b\u4fdd\u62a4\u5668-\u63d2\u56fe-600x338.jpg 600w\" sizes=\"(max-width: 750px) 100vw, 750px\" \/><\/p>\n<p>&nbsp;<\/p>\n<hr \/>\n<h1 class=\"elementor-heading-title elementor-size-default\"><span style=\"color: #0000ff;\">P\u00f3ngase en contacto con nosotros.<\/span><\/h1>\n<p>Para obtener m\u00e1s informaci\u00f3n sobre nuestros productos y servicios,Recibir\u00e1 una respuesta de un experto en electricidad,Estaremos encantados de atenderle.<\/p>\n<p>Mob\/WhatsApp\/Wang: +86 18958900126<br \/>\nCorreo electr\u00f3nico profesional\uff1a<strong>sales@tokeep.net<br \/>\n<\/strong>Correo electr\u00f3nico sobre tecnolog\u00eda:\u00a0<strong>tokeepcc@gmail.com<\/strong><strong><br \/>\n<\/strong>Correo electr\u00f3nico personal:<strong>\u00a0wxj7607@126.com<\/strong><\/p>\n<p><img loading=\"lazy\" decoding=\"async\" class=\"alignnone size-medium wp-image-5920\" src=\"https:\/\/ua-protector.com\/wp-content\/uploads\/2025\/05\/whateapp-300x169.jpg\" alt=\"\" width=\"300\" height=\"169\" srcset=\"https:\/\/ua-protector.com\/wp-content\/uploads\/2025\/05\/whateapp-300x169.jpg 300w, https:\/\/ua-protector.com\/wp-content\/uploads\/2025\/05\/whateapp-18x10.jpg 18w, https:\/\/ua-protector.com\/wp-content\/uploads\/2025\/05\/whateapp.jpg 573w\" sizes=\"(max-width: 300px) 100vw, 300px\" \/><\/p>","protected":false},"excerpt":{"rendered":"<p>La serie FHXL-63 es la<a href=\"https:\/\/ua-protector.com\/sp\/producto\/limitador-de-corriente-protector-de-alarma-contra-incendios\/\"><strong> protector de alarma contra incendios limitador de corriente<\/strong><\/a>\uff08 protector limitador de corriente\uff09, y es un protector integral con m\u00faltiples funciones de protecci\u00f3n para sobretensi\u00f3n, subtensi\u00f3n, sobrecorriente, fuga, temperatura y detecci\u00f3n de humo. El producto tiene las ventajas de modularizaci\u00f3n, inteligencia, visualizaci\u00f3n, etc. Al mismo tiempo, soporta el protocolo de comunicaci\u00f3n est\u00e1ndar Modbus485.<br \/>\n<strong>Instrucciones \uff1a<\/strong><a href=\"https:\/\/ua-protector.com\/wp-content\/uploads\/2025\/04\/FHXL-63-Current-Limiting-Fire-Alarm-Protector.pdf\">Protector contra incendios limitador de corrienteFHXL-63 Manual<\/a><\/p>","protected":false},"featured_media":4488,"template":"","meta":{"_acf_changed":false,"site-sidebar-layout":"default","site-content-layout":"","ast-site-content-layout":"default","site-content-style":"default","site-sidebar-style":"default","ast-global-header-display":"","ast-banner-title-visibility":"","ast-main-header-display":"","ast-hfb-above-header-display":"","ast-hfb-below-header-display":"","ast-hfb-mobile-header-display":"","site-post-title":"","ast-breadcrumbs-content":"","ast-featured-img":"","footer-sml-layout":"","theme-transparent-header-meta":"default","adv-header-id-meta":"","stick-header-meta":"","header-above-stick-meta":"","header-main-stick-meta":"","header-below-stick-meta":"","astra-migrate-meta-layouts":"set","ast-page-background-enabled":"default","ast-page-background-meta":{"desktop":{"background-color":"","background-image":"","background-repeat":"repeat","background-position":"center center","background-size":"auto","background-attachment":"scroll","background-type":"","background-media":"","overlay-type":"","overlay-color":"","overlay-opacity":"","overlay-gradient":""},"tablet":{"background-color":"","background-image":"","background-repeat":"repeat","background-position":"center center","background-size":"auto","background-attachment":"scroll","background-type":"","background-media":"","overlay-type":"","overlay-color":"","overlay-opacity":"","overlay-gradient":""},"mobile":{"background-color":"","background-image":"","background-repeat":"repeat","background-position":"center center","background-size":"auto","background-attachment":"scroll","background-type":"","background-media":"","overlay-type":"","overlay-color":"","overlay-opacity":"","overlay-gradient":""}},"ast-content-background-meta":{"desktop":{"background-color":"var(--ast-global-color-5)","background-image":"","background-repeat":"repeat","background-position":"center center","background-size":"auto","background-attachment":"scroll","background-type":"","background-media":"","overlay-type":"","overlay-color":"","overlay-opacity":"","overlay-gradient":""},"tablet":{"background-color":"var(--ast-global-color-5)","background-image":"","background-repeat":"repeat","background-position":"center center","background-size":"auto","background-attachment":"scroll","background-type":"","background-media":"","overlay-type":"","overlay-color":"","overlay-opacity":"","overlay-gradient":""},"mobile":{"background-color":"var(--ast-global-color-5)","background-image":"","background-repeat":"repeat","background-position":"center center","background-size":"auto","background-attachment":"scroll","background-type":"","background-media":"","overlay-type":"","overlay-color":"","overlay-opacity":"","overlay-gradient":""}}},"product_brand":[],"product_cat":[65,70,56,64,62,69],"product_tag":[66,58,59,67,60,68],"class_list":{"0":"post-4432","1":"product","2":"type-product","3":"status-publish","4":"has-post-thumbnail","6":"product_cat-fireproof-current-limiting-protector","7":"product_cat-small-ammeter","8":"product_cat-protector","9":"product_cat-smart-meter","10":"product_cat-voltage-protector","11":"product_cat-small-voltmeter","12":"product_tag-current","13":"product_tag-energy","14":"product_tag-phase","15":"product_tag-protector","16":"product_tag-sale","17":"product_tag-voltage","18":"desktop-align-center","19":"tablet-align-left","20":"mobile-align-left","22":"first","23":"instock","24":"featured","25":"shipping-taxable","26":"product-type-simple"},"acf":[],"_links":{"self":[{"href":"https:\/\/ua-protector.com\/sp\/wp-json\/wp\/v2\/product\/4432","targetHints":{"allow":["GET"]}}],"collection":[{"href":"https:\/\/ua-protector.com\/sp\/wp-json\/wp\/v2\/product"}],"about":[{"href":"https:\/\/ua-protector.com\/sp\/wp-json\/wp\/v2\/types\/product"}],"version-history":[{"count":32,"href":"https:\/\/ua-protector.com\/sp\/wp-json\/wp\/v2\/product\/4432\/revisions"}],"predecessor-version":[{"id":6698,"href":"https:\/\/ua-protector.com\/sp\/wp-json\/wp\/v2\/product\/4432\/revisions\/6698"}],"wp:featuredmedia":[{"embeddable":true,"href":"https:\/\/ua-protector.com\/sp\/wp-json\/wp\/v2\/media\/4488"}],"wp:attachment":[{"href":"https:\/\/ua-protector.com\/sp\/wp-json\/wp\/v2\/media?parent=4432"}],"wp:term":[{"taxonomy":"product_brand","embeddable":true,"href":"https:\/\/ua-protector.com\/sp\/wp-json\/wp\/v2\/product_brand?post=4432"},{"taxonomy":"product_cat","embeddable":true,"href":"https:\/\/ua-protector.com\/sp\/wp-json\/wp\/v2\/product_cat?post=4432"},{"taxonomy":"product_tag","embeddable":true,"href":"https:\/\/ua-protector.com\/sp\/wp-json\/wp\/v2\/product_tag?post=4432"}],"curies":[{"name":"wp","href":"https:\/\/api.w.org\/{rel}","templated":true}]}}