{"id":4431,"date":"2025-04-27T02:23:54","date_gmt":"2025-04-27T02:23:54","guid":{"rendered":"https:\/\/ua-protector.com\/?post_type=product&#038;p=4431"},"modified":"2025-08-06T01:26:10","modified_gmt":"2025-08-06T08:26:10","slug":"3phase-4-wire-current-and-voltage-protector","status":"publish","type":"product","link":"https:\/\/ua-protector.com\/sp\/producto\/protector\/protector-de-tension\/protector-de-corriente-y-tension-trifasico-de-4-hilos\/","title":{"rendered":"Protector de corriente y tensi\u00f3n trif\u00e1sico de 4 hilos JGXL-63S-3P+N"},"content":{"rendered":"<h2><strong>Breve introducci\u00f3n<\/strong><\/h2>\n<hr \/>\n<figure id=\"attachment_4482\" aria-describedby=\"caption-attachment-4482\" style=\"width: 300px\" class=\"wp-caption alignleft\"><img fetchpriority=\"high\" decoding=\"async\" class=\"wp-image-4482 size-medium\" src=\"https:\/\/ua-protector.com\/wp-content\/uploads\/2025\/04\/JGXL-63S-4P-4-300x300.jpg\" alt=\"Protector de corriente y tensi\u00f3n trif\u00e1sico de 4 hilos\" width=\"300\" height=\"300\" srcset=\"https:\/\/ua-protector.com\/wp-content\/uploads\/2025\/04\/JGXL-63S-4P-4-300x300.jpg 300w, https:\/\/ua-protector.com\/wp-content\/uploads\/2025\/04\/JGXL-63S-4P-4-100x100.jpg 100w, https:\/\/ua-protector.com\/wp-content\/uploads\/2025\/04\/JGXL-63S-4P-4-600x600.jpg 600w, https:\/\/ua-protector.com\/wp-content\/uploads\/2025\/04\/JGXL-63S-4P-4-150x150.jpg 150w, https:\/\/ua-protector.com\/wp-content\/uploads\/2025\/04\/JGXL-63S-4P-4-768x768.jpg 768w, https:\/\/ua-protector.com\/wp-content\/uploads\/2025\/04\/JGXL-63S-4P-4.jpg 800w\" sizes=\"(max-width: 300px) 100vw, 300px\" \/><figcaption id=\"caption-attachment-4482\" class=\"wp-caption-text\">Protector de corriente y tensi\u00f3n trif\u00e1sico de 4 hilos<\/figcaption><\/figure>\n<p><a href=\"https:\/\/ua-protector.com\/sp\">\u00a0 Protector de corriente y tensi\u00f3n trif\u00e1sico de 4 hilos<\/a>\u00a0 JGXL-63S se utiliza principalmente para AC 50Hz (60Hz), tensi\u00f3n nominal de trabajo 220\/380V, corriente nominal principal de 2A a 63A, controlador inteligente ajustable corriente de trabajo de 2A a 63A, el control de potencia de .5KW a 20KW en el sistema de energ\u00eda encendido, llevar y romper la corriente o tensi\u00f3n en condiciones normales (incluyendo las condiciones de sobrecarga especificados), y tambi\u00e9n se puede encender, llevar y llevar durante un cierto tiempo y en las condiciones anormales especificados (como cortocircuito). , <a href=\"https:\/\/elejg.com\/\" target=\"_blank\" rel=\"noopener\">subtensi\u00f3n<\/a>etc.).<\/p>\n<p>El protector de sobretensi\u00f3n y subtensi\u00f3n trif\u00e1sico de cuatro hilos limitador de corriente adopta un tipo de estructura de producto modular, que tiene las ventajas de su peque\u00f1o tama\u00f1o, alta fiabilidad y c\u00f3modo manejo. Las principales funciones del producto son: sobretensi\u00f3n, subtensi\u00f3n, fallo de fase, l\u00ednea cero y l\u00ednea cero, sobrecorriente, cortocircuito instant\u00e1neo, desequilibrio trif\u00e1sico, subcorriente, secuencia de fases, comunicaci\u00f3n RS485, restablecimiento de f\u00e1brica con una sola tecla y otras funciones, que se utilizan ampliamente en: telecomunicaciones, metalurgia, minas de carb\u00f3n, acero, petroqu\u00edmica, puertos, barcos, ferrocarriles, hospitales, edificios inteligentes y otros campos de distribuci\u00f3n de energ\u00eda y sistemas de control de protecci\u00f3n de motores.<\/p>\n<h2><span data-slate-fragment=\"JTVCJTdCJTIydHlwZSUyMiUzQSUyMnBhcmFncmFwaCUyMiUyQyUyMmNoaWxkcmVuJTIyJTNBJTVCJTdCJTIyaWQlMjIlM0ElMjJCNEE1Z2tKUjdlJTIyJTJDJTIycGFyYUlkeCUyMiUzQTAlMkMlMjJzcmMlMjIlM0ElMjIzcGhhc2UlMjA0d2lyZSUyMGN1cnJlbnQlMjBhbmQlMjB2b2x0YWdlJTIwcHJvdGVjdG9yJTIwaXMlMjBNYWluJTIwdGVjaG5pY2FsJTIwcGFyYW1ldGVycyUyMiUyQyUyMmRzdCUyMiUzQSUyMiVFNCVCOCU4OSVFNyU5QiVCOCVFNSU5QiU5QiVFNyVCQSVCRiVFNyU5NCVCNSVFNiVCNSU4MSVFNyU5NCVCNSVFNSU4RSU4QiVFNCVCRiU5RCVFNiU4QSVBNCVFNSU5OSVBOCVFNCVCOCVCQiVFOCVBNiU4MSVFNiU4QSU4MCVFNiU5QyVBRiVFNSU4RiU4MiVFNiU5NSVCMCUyMiUyQyUyMm1ldGFkYXRhJTIyJTNBJTIyJTIyJTJDJTIybWF0Y2hlcyUyMiUzQW51bGwlMkMlMjJtZXRhRGF0YSUyMiUzQSU1QiU1RCUyQyUyMnRleHQlMjIlM0ElMjIzcGhhc2UlMjA0d2lyZSUyMGN1cnJlbnQlMjBhbmQlMjB2b2x0YWdlJTIwcHJvdGVjdG9yJTIwaXMlMjBNYWluJTIwdGVjaG5pY2FsJTIwcGFyYW1ldGVycyUyMiU3RCU1RCU3RCU1RA==\">El protector de corriente y tensi\u00f3n trif\u00e1sico de 4 hilos es Par\u00e1metros t\u00e9cnicos principales<\/span><\/h2>\n<hr \/>\n<table style=\"height: 257px;\" width=\"674\">\n<tbody>\n<tr>\n<td width=\"212\">Tipo<\/td>\n<td width=\"119\">JGXL-63S\/3P+N<\/td>\n<\/tr>\n<tr>\n<td>Especificaciones actuales<\/td>\n<td>63A(1~63A)<\/td>\n<\/tr>\n<tr>\n<td>Rango de ajuste de la sobretensi\u00f3n<\/td>\n<td>AC270V(210~300V)<\/td>\n<\/tr>\n<tr>\n<td>Rango de ajuste de subtensi\u00f3n<\/td>\n<td>AC170V(80~200V)<\/td>\n<\/tr>\n<tr>\n<td>Tensi\u00f3n de trabajo<\/td>\n<td>AC230V\/400V<\/td>\n<\/tr>\n<\/tbody>\n<\/table>\n<p>1. Rango de detecci\u00f3n de tensi\u00f3n: AC80~450V, nivel de precisi\u00f3n: 1,0.<\/p>\n<p>2. Rango de detecci\u00f3n de corriente: 1~63A, nivel de precisi\u00f3n: 1,0.<\/p>\n<p>3. El consumo de energ\u00eda del propio producto: \u22642W.<\/p>\n<p>4. Corriente de cortocircuito soportada: 2000 A.<\/p>\n<p>5. La vida mec\u00e1nica \u2265 100.000 veces, y la el\u00e9ctrica es de 5.000 veces.<\/p>\n<p>6. M\u00e9todo de cableado del producto: abajo y abajo de la l\u00ednea de salida, arriba dentro y fuera de la l\u00ednea. El m\u00e9todo de cableado por defecto es la l\u00ednea de abajo y la l\u00ednea de salida.<\/p>\n<p>7. La capacidad de cableado es de 16 metros cuadrados.<\/p>\n<p>8. Para m\u00e1s detalles sobre el protocolo de comunicaci\u00f3n RS485, consulte el \"Manual de comunicaci\u00f3n RS485 V2.0 para Power <a href=\"https:\/\/ua-protector.com\/sp\/reconexion-automatica-contador-de-energia-protector-de-prueba-jgdl-63\/\" target=\"_blank\" rel=\"noopener\" data-wpil-monitor-id=\"8\">Contadores y protectores\".<\/a>.<\/p>\n<h2><span data-slate-fragment=\"JTVCJTdCJTIydHlwZSUyMiUzQSUyMnBhcmFncmFwaCUyMiUyQyUyMmNoaWxkcmVuJTIyJTNBJTVCJTdCJTIyaWQlMjIlM0ElMjJCNEE1Z2tKUjdlJTIyJTJDJTIycGFyYUlkeCUyMiUzQTAlMkMlMjJzcmMlMjIlM0ElMjIzcGhhc2UlMjA0d2lyZSUyMGN1cnJlbnQlMjBhbmQlMjB2b2x0YWdlJTIwcHJvdGVjdG9yJTIwaXMlMjBNYWluJTIwdGVjaG5pY2FsJTIwcGFyYW1ldGVycyUyMiUyQyUyMmRzdCUyMiUzQSUyMiVFNCVCOCU4OSVFNyU5QiVCOCVFNSU5QiU5QiVFNyVCQSVCRiVFNyU5NCVCNSVFNiVCNSU4MSVFNyU5NCVCNSVFNSU4RSU4QiVFNCVCRiU5RCVFNiU4QSVBNCVFNSU5OSVBOCVFNCVCOCVCQiVFOCVBNiU4MSVFNiU4QSU4MCVFNiU5QyVBRiVFNSU4RiU4MiVFNiU5NSVCMCUyMiUyQyUyMm1ldGFkYXRhJTIyJTNBJTIyJTIyJTJDJTIybWF0Y2hlcyUyMiUzQW51bGwlMkMlMjJtZXRhRGF0YSUyMiUzQSU1QiU1RCUyQyUyMnRleHQlMjIlM0ElMjIzcGhhc2UlMjA0d2lyZSUyMGN1cnJlbnQlMjBhbmQlMjB2b2x0YWdlJTIwcHJvdGVjdG9yJTIwaXMlMjBNYWluJTIwdGVjaG5pY2FsJTIwcGFyYW1ldGVycyUyMiU3RCU1RCU3RCU1RA==\">Protector de corriente y tensi\u00f3n trif\u00e1sico de 4 hilos de <\/span>talla<\/h2>\n<hr \/>\n<h1><\/h1>\n<h1><strong><img decoding=\"async\" class=\"alignnone wp-image-5612 size-full\" src=\"https:\/\/ua-protector.com\/wp-content\/uploads\/2025\/04\/\u5916\u578b\u5c3a\u5bf8-2.jpg\" alt=\"\" width=\"777\" height=\"419\" srcset=\"https:\/\/ua-protector.com\/wp-content\/uploads\/2025\/04\/\u5916\u578b\u5c3a\u5bf8-2.jpg 777w, https:\/\/ua-protector.com\/wp-content\/uploads\/2025\/04\/\u5916\u578b\u5c3a\u5bf8-2-300x162.jpg 300w, https:\/\/ua-protector.com\/wp-content\/uploads\/2025\/04\/\u5916\u578b\u5c3a\u5bf8-2-768x414.jpg 768w, https:\/\/ua-protector.com\/wp-content\/uploads\/2025\/04\/\u5916\u578b\u5c3a\u5bf8-2-18x10.jpg 18w, https:\/\/ua-protector.com\/wp-content\/uploads\/2025\/04\/\u5916\u578b\u5c3a\u5bf8-2-600x324.jpg 600w\" sizes=\"(max-width: 777px) 100vw, 777px\" \/><\/strong><\/h1>\n<p>&nbsp;<\/p>\n<p>&nbsp;<\/p>\n<h2><strong>Informaci\u00f3n del paquete est\u00e1ndar<\/strong><\/h2>\n<hr \/>\n<p><img decoding=\"async\" class=\"alignnone size-medium wp-image-5943\" src=\"https:\/\/ua-protector.com\/wp-content\/uploads\/2025\/04\/45.5-23.5-31.5-box-300x300.jpg\" sizes=\"(max-width: 300px) 100vw, 300px\" srcset=\"https:\/\/ua-protector.com\/wp-content\/uploads\/2025\/04\/45.5-23.5-31.5-box-300x300.jpg 300w, https:\/\/ua-protector.com\/wp-content\/uploads\/2025\/04\/45.5-23.5-31.5-box-150x150.jpg 150w, https:\/\/ua-protector.com\/wp-content\/uploads\/2025\/04\/45.5-23.5-31.5-box-12x12.jpg 12w, https:\/\/ua-protector.com\/wp-content\/uploads\/2025\/04\/45.5-23.5-31.5-box-600x600.jpg 600w, https:\/\/ua-protector.com\/wp-content\/uploads\/2025\/04\/45.5-23.5-31.5-box-100x100.jpg 100w, https:\/\/ua-protector.com\/wp-content\/uploads\/2025\/04\/45.5-23.5-31.5-box.jpg 750w\" alt=\"\" width=\"300\" height=\"300\" \/><\/p>\n<table style=\"height: 106px;\" border=\"0\" width=\"813\" cellspacing=\"0\" cellpadding=\"0\">\n<tbody>\n<tr>\n<td class=\"et2\" width=\"191\" height=\"19\">Dimensiones de la caja (cm)<\/td>\n<td class=\"et2\" width=\"72\">Lista de paquetes<\/td>\n<td class=\"et2\" width=\"72\">CANT<\/td>\n<td class=\"et2\" width=\"123\">Peso bruto (kg)<\/td>\n<\/tr>\n<tr>\n<td class=\"et2\" width=\"191\" height=\"38\">45,5 cm \u00d7 23,5 cm \u00d7 31,5 cm<\/td>\n<td class=\"et2\" width=\"72\">\u00a0protector<\/td>\n<td class=\"et2\" width=\"72\">60 unidades<\/td>\n<td class=\"et2\" width=\"123\">20 kg<\/td>\n<\/tr>\n<\/tbody>\n<\/table>\n<p><a href=\"https:\/\/elejg.com\/\" target=\"_blank\" rel=\"noopener\">Protector de corriente y tensi\u00f3n trif\u00e1sico de 4 hilos<\/a>,<span data-slate-fragment=\"JTVCJTdCJTIydHlwZSUyMiUzQSUyMnBhcmFncmFwaCUyMiUyQyUyMmNoaWxkcmVuJTIyJTNBJTVCJTdCJTIyaWQlMjIlM0ElMjJWMFFZMGs0cjJ6JTIyJTJDJTIycGFyYUlkeCUyMiUzQTAlMkMlMjJzcmMlMjIlM0ElMjJUaHJlZS1QaGFzZSUyMEZvdXItV2lyZSUyMFNlbGYtQ29tcG91bmQlMjBPdmVyLVVuZGVyLVZvbHRhZ2UlMjBDdXJyZW50JTIwTGltaXRpbmclMjBQcm90ZWN0b3IlMjA2M0ElMjBQaGFzZSUyMFNlcXVlbmNlJTIwTWlzc2luZyUyMFBoYXNlJTIwTWlzc2luZyUyMFplcm8lMjBvZmYlMjBQcm90ZWN0aW9uJTIwU3dpdGNoJTIyJTJDJTIyZHN0JTIyJTNBJTIyJUU0JUI4JTg5JUU3JTlCJUI4JUU1JTlCJTlCJUU3JUJBJUJGJUU4JTg3JUFBJUU1JUE0JThEJUU1JTkwJTg4JUU4JUJGJTg3JUU2JUFDJUEwJUU1JThFJThCJUU5JTk5JTkwJUU2JUI1JTgxJUU0JUJGJTlEJUU2JThBJUE0JUU1JTk5JUE4NjNBJUU3JTlCJUI4JUU1JUJBJThGJUU3JUJDJUJBJUU3JTlCJUI4JUU1JUE0JUIxJUU5JTlCJUI2JUU0JUJGJTlEJUU2JThBJUE0JUU1JUJDJTgwJUU1JTg1JUIzJTIyJTJDJTIybWV0YWRhdGElMjIlM0ElMjIlMjIlMkMlMjJtYXRjaGVzJTIyJTNBbnVsbCUyQyUyMm1ldGFEYXRhJTIyJTNBJTVCJTVEJTJDJTIydGV4dCUyMiUzQSUyMlRocmVlLVBoYXNlJTIwRm91ci1XaXJlJTIwU2VsZi1Db21wb3VuZCUyME92ZXItVW5kZXItVm9sdGFnZSUyMEN1cnJlbnQlMjBMaW1pdGluZyUyMFByb3RlY3RvciUyMDYzQSUyMFBoYXNlJTIwU2VxdWVuY2UlMjBNaXNzaW5nJTIwUGhhc2UlMjBNaXNzaW5nJTIwWmVybyUyMG9mZiUyMFByb3RlY3Rpb24lMjBTd2l0Y2glMjIlN0QlNUQlN0QlNUQ=\">Protector trif\u00e1sico cu\u00e1druple autocompuesto limitador de corriente por sobretensi\u00f3n y subtensi\u00f3n 63A Secuencia de fases Falta de fase Falta de puesta a cero Interruptor de protecci\u00f3n<a href=\"https:\/\/ua-protector.com\/sp\/producto\/limitador-de-corriente-protector-de-alarma-contra-incendios\/\">Protector de corriente y tensi\u00f3n trif\u00e1sico de 4 hilos JGXL-63S-3P+N<\/a>,<\/span>Protector de sobretensi\u00f3n\/subtensi\u00f3n autorreajustable de cuatro hilos trif\u00e1sico, protector de limitaci\u00f3n de corriente de cuatro hilos trif\u00e1sico, protector de secuencia de fase, protector de p\u00e9rdida de fase, protector de falta de cero, protector de limitaci\u00f3n de corriente, protector de falta de fase, secuencia de fase cero, cortocircuito por sobrecarga, desequilibrio trif\u00e1sico, subcorriente, protector de sobretensi\u00f3n y subtensi\u00f3n de limitaci\u00f3n de corriente de cuatro hilos trif\u00e1sico.<\/p>\n<hr \/>\n<h1 class=\"elementor-heading-title elementor-size-default\"><span style=\"color: #0000ff;\">P\u00f3ngase en contacto con nosotros.<\/span><\/h1>\n<p>Para obtener m\u00e1s informaci\u00f3n sobre nuestros productos y servicios,Recibir\u00e1 una respuesta de un experto en electricidad,Estaremos encantados de atenderle.<\/p>\n<p>Mob\/WhatsApp\/Wang: +86 18958900126<br \/>\nCorreo electr\u00f3nico profesional\uff1a<strong>sales@tokeep.net<br \/>\n<\/strong>Correo electr\u00f3nico sobre tecnolog\u00eda:\u00a0<strong>tokeepcc@gmail.com<\/strong><strong><br \/>\n<\/strong>Correo electr\u00f3nico personal:<strong>\u00a0wxj7607@126.com<\/strong><\/p>\n<p><img loading=\"lazy\" decoding=\"async\" class=\"alignnone wp-image-5833 size-full\" src=\"https:\/\/ua-protector.com\/wp-content\/uploads\/2025\/04\/whateapp-1.jpg\" sizes=\"(max-width: 573px) 100vw, 573px\" srcset=\"https:\/\/ua-protector.com\/wp-content\/uploads\/2025\/04\/whateapp-1.jpg 573w, https:\/\/ua-protector.com\/wp-content\/uploads\/2025\/04\/whateapp-1-300x169.jpg 300w, https:\/\/ua-protector.com\/wp-content\/uploads\/2025\/04\/whateapp-1-18x10.jpg 18w\" alt=\"\" width=\"573\" height=\"322\" \/><\/p>","protected":false},"excerpt":{"rendered":"<p>En <a href=\"https:\/\/ua-protector.com\/sp\">Protector de corriente y tensi\u00f3n trif\u00e1sico de 4 hilos<\/a>\u00a0 se utiliza principalmente en sistemas de energ\u00eda con AC 50Hz (60Hz), tensi\u00f3n nominal de trabajo 220\/380V, cuerpo principal corriente nominal que van desde 2A a 63A, controlador inteligente ajustable corriente de trabajo que van desde 2A a 63A, y el control de potencia que van desde. 5KW a 20KW para conectar, llevar y desconectar la corriente o tensi\u00f3n en condiciones normales (incluidas las condiciones especificadas de sobrecarga), y tambi\u00e9n se puede conectar Llevar corriente o tensi\u00f3n en condiciones anormales (como cortocircuito, baja tensi\u00f3n, etc.) durante un cierto per\u00edodo de tiempo y romper las regulaciones.<\/p>","protected":false},"featured_media":4482,"template":"","meta":{"_acf_changed":false,"site-sidebar-layout":"default","site-content-layout":"","ast-site-content-layout":"default","site-content-style":"default","site-sidebar-style":"default","ast-global-header-display":"","ast-banner-title-visibility":"","ast-main-header-display":"","ast-hfb-above-header-display":"","ast-hfb-below-header-display":"","ast-hfb-mobile-header-display":"","site-post-title":"","ast-breadcrumbs-content":"","ast-featured-img":"","footer-sml-layout":"","theme-transparent-header-meta":"default","adv-header-id-meta":"","stick-header-meta":"","header-above-stick-meta":"","header-main-stick-meta":"","header-below-stick-meta":"","astra-migrate-meta-layouts":"set","ast-page-background-enabled":"default","ast-page-background-meta":{"desktop":{"background-color":"","background-image":"","background-repeat":"repeat","background-position":"center center","background-size":"auto","background-attachment":"scroll","background-type":"","background-media":"","overlay-type":"","overlay-color":"","overlay-opacity":"","overlay-gradient":""},"tablet":{"background-color":"","background-image":"","background-repeat":"repeat","background-position":"center center","background-size":"auto","background-attachment":"scroll","background-type":"","background-media":"","overlay-type":"","overlay-color":"","overlay-opacity":"","overlay-gradient":""},"mobile":{"background-color":"","background-image":"","background-repeat":"repeat","background-position":"center center","background-size":"auto","background-attachment":"scroll","background-type":"","background-media":"","overlay-type":"","overlay-color":"","overlay-opacity":"","overlay-gradient":""}},"ast-content-background-meta":{"desktop":{"background-color":"var(--ast-global-color-5)","background-image":"","background-repeat":"repeat","background-position":"center center","background-size":"auto","background-attachment":"scroll","background-type":"","background-media":"","overlay-type":"","overlay-color":"","overlay-opacity":"","overlay-gradient":""},"tablet":{"background-color":"var(--ast-global-color-5)","background-image":"","background-repeat":"repeat","background-position":"center center","background-size":"auto","background-attachment":"scroll","background-type":"","background-media":"","overlay-type":"","overlay-color":"","overlay-opacity":"","overlay-gradient":""},"mobile":{"background-color":"var(--ast-global-color-5)","background-image":"","background-repeat":"repeat","background-position":"center center","background-size":"auto","background-attachment":"scroll","background-type":"","background-media":"","overlay-type":"","overlay-color":"","overlay-opacity":"","overlay-gradient":""}}},"product_brand":[],"product_cat":[70,65,63,56,64,62,69],"product_tag":[58,59,60],"class_list":{"0":"post-4431","1":"product","2":"type-product","3":"status-publish","4":"has-post-thumbnail","6":"product_cat-small-ammeter","7":"product_cat-fireproof-current-limiting-protector","8":"product_cat-motor-protector","9":"product_cat-protector","10":"product_cat-smart-meter","11":"product_cat-voltage-protector","12":"product_cat-small-voltmeter","13":"product_tag-energy","14":"product_tag-phase","15":"product_tag-sale","16":"desktop-align-center","17":"tablet-align-left","18":"mobile-align-left","20":"first","21":"instock","22":"featured","23":"shipping-taxable","24":"product-type-simple"},"acf":[],"_links":{"self":[{"href":"https:\/\/ua-protector.com\/sp\/wp-json\/wp\/v2\/product\/4431","targetHints":{"allow":["GET"]}}],"collection":[{"href":"https:\/\/ua-protector.com\/sp\/wp-json\/wp\/v2\/product"}],"about":[{"href":"https:\/\/ua-protector.com\/sp\/wp-json\/wp\/v2\/types\/product"}],"version-history":[{"count":14,"href":"https:\/\/ua-protector.com\/sp\/wp-json\/wp\/v2\/product\/4431\/revisions"}],"predecessor-version":[{"id":6697,"href":"https:\/\/ua-protector.com\/sp\/wp-json\/wp\/v2\/product\/4431\/revisions\/6697"}],"wp:featuredmedia":[{"embeddable":true,"href":"https:\/\/ua-protector.com\/sp\/wp-json\/wp\/v2\/media\/4482"}],"wp:attachment":[{"href":"https:\/\/ua-protector.com\/sp\/wp-json\/wp\/v2\/media?parent=4431"}],"wp:term":[{"taxonomy":"product_brand","embeddable":true,"href":"https:\/\/ua-protector.com\/sp\/wp-json\/wp\/v2\/product_brand?post=4431"},{"taxonomy":"product_cat","embeddable":true,"href":"https:\/\/ua-protector.com\/sp\/wp-json\/wp\/v2\/product_cat?post=4431"},{"taxonomy":"product_tag","embeddable":true,"href":"https:\/\/ua-protector.com\/sp\/wp-json\/wp\/v2\/product_tag?post=4431"}],"curies":[{"name":"wp","href":"https:\/\/api.w.org\/{rel}","templated":true}]}}