{"id":4430,"date":"2025-04-27T02:23:54","date_gmt":"2025-04-27T02:23:54","guid":{"rendered":"https:\/\/ua-protector.com\/?post_type=product&#038;p=4430"},"modified":"2025-08-06T01:25:41","modified_gmt":"2025-08-06T08:25:41","slug":"control-and-protective-switching-device-motor-protector","status":"publish","type":"product","link":"https:\/\/ua-protector.com\/sp\/producto\/protector\/protector-de-motor\/dispositivo-de-conmutacion-de-control-y-proteccion-protector-de-motor\/","title":{"rendered":"Dispositivo de conmutaci\u00f3n de control y protecci\u00f3n Protector de motor JGKB-45"},"content":{"rendered":"<h2><strong>Introducci\u00f3n<\/strong><\/h2>\n<hr \/>\n<figure id=\"attachment_4481\" aria-describedby=\"caption-attachment-4481\" style=\"width: 300px\" class=\"wp-caption alignleft\"><img fetchpriority=\"high\" decoding=\"async\" class=\"wp-image-4481 size-medium\" src=\"https:\/\/ua-protector.com\/wp-content\/uploads\/2025\/04\/JGKB-45-1-300x300.jpg\" alt=\"Conmutaci\u00f3n de control y protecci\u00f3n,Protector de motor\" width=\"300\" height=\"300\" srcset=\"https:\/\/ua-protector.com\/wp-content\/uploads\/2025\/04\/JGKB-45-1-300x300.jpg 300w, https:\/\/ua-protector.com\/wp-content\/uploads\/2025\/04\/JGKB-45-1-100x100.jpg 100w, https:\/\/ua-protector.com\/wp-content\/uploads\/2025\/04\/JGKB-45-1-600x600.jpg 600w, https:\/\/ua-protector.com\/wp-content\/uploads\/2025\/04\/JGKB-45-1-150x150.jpg 150w, https:\/\/ua-protector.com\/wp-content\/uploads\/2025\/04\/JGKB-45-1-768x768.jpg 768w, https:\/\/ua-protector.com\/wp-content\/uploads\/2025\/04\/JGKB-45-1.jpg 800w\" sizes=\"(max-width: 300px) 100vw, 300px\" \/><figcaption id=\"caption-attachment-4481\" class=\"wp-caption-text\">Conmutaci\u00f3n de control y protecci\u00f3n,Protector de motor<\/figcaption><\/figure>\n<p>En <a href=\"https:\/\/ua-protector.com\/sp\/protector-de-motor\/\">Conmutaci\u00f3n de control y protecci\u00f3n,Protector de motor <\/a>tiene un bonito dise\u00f1o, y el producto dispone de funciones como sobretensi\u00f3n, subtensi\u00f3n, sobrecarga, cortocircuito, rotor bloqueado, desequilibrio trif\u00e1sico, sobretemperatura, fuga, comunicaci\u00f3n, etc. El dise\u00f1o del software es f\u00e1cil de usar, con pantalla directa de tres filas, y las funciones del producto son f\u00e1ciles de ampliar. En la actualidad, es el interruptor de control y protecci\u00f3n m\u00e1s completo en la funci\u00f3n de protecci\u00f3n de las instalaciones el\u00e9ctricas. <a href=\"https:\/\/elejg.com\/\" target=\"_blank\" rel=\"noopener\">protectores<\/a>.<\/p>\n<h2><strong>\u00a0Caracter\u00edsticas del producto<\/strong><\/h2>\n<hr \/>\n<p>1. Ampliaci\u00f3n de funciones: Protecci\u00f3n contra temperatura y fugas, siempre que se conecten accesorios externos, se pueden a\u00f1adir las funciones de protecci\u00f3n necesarias.<\/p>\n<p>2. Pantalla de tubo digital de tres filas, visualizaci\u00f3n intuitiva en tiempo real de los par\u00e1metros de tensi\u00f3n, corriente, fugas y temperatura.<\/p>\n<p>3. Amplia gama ajustable de corriente de protecci\u00f3n:<\/p>\n<p>10A\uff1a 1-10A<\/p>\n<p>45A\uff1a 2-45A<\/p>\n<p>125A\uff1a 32-125A<\/p>\n<p>4. Funci\u00f3n de comunicaci\u00f3n 485 personalizable<\/p>\n<p>5. Funci\u00f3n de contrase\u00f1a para evitar un servicio posventa innecesario causado por personal no autorizado que configura el producto incorrectamente in situ.<\/p>\n<p>6. A\u00f1adida la funci\u00f3n de recuperaci\u00f3n de f\u00e1brica, que permite recuperar el estado original del programa con un solo clic en caso de errores de configuraci\u00f3n in situ.<\/p>\n<p>3\u3001 Par\u00e1metros t\u00e9cnicos<\/p>\n<p>1. Rango de detecci\u00f3n de tensi\u00f3n: AC100~300V, nivel de precisi\u00f3n: 1,0 nivel.<\/p>\n<p>2. Rango de detecci\u00f3n de corriente: 45 tipo, 1-45A, nivel de precisi\u00f3n: 1,0 nivel.<\/p>\n<p>Tipo 125, 32-125A, nivel de precisi\u00f3n: 1,0<\/p>\n<p>3. Rango de detecci\u00f3n de corriente de fuga: 5-300 mA, nivel de precisi\u00f3n: 2,5.<\/p>\n<p>4. Rango de detecci\u00f3n de temperatura: -50~160 \u2103, nivel de precisi\u00f3n: 2,0.<\/p>\n<p>3. Consumo de energ\u00eda del producto: \u2264 6W.<\/p>\n<p>4. Capacidad m\u00e1xima de ruptura: 7000A.<\/p>\n<p>5. Vida mec\u00e1nica \u2265 1 mill\u00f3n de veces, vida el\u00e9ctrica 200000 veces.<\/p>\n<p>6. El protocolo de comunicaci\u00f3n RS485 se detalla en el Manual de Comunicaci\u00f3n RS485 V2.0 para Instrumentos y Protectores de Potencia.<\/p>\n<p>&nbsp;<\/p>\n<hr \/>\n<h1 class=\"elementor-heading-title elementor-size-default\"><span style=\"color: #0000ff;\">P\u00f3ngase en contacto con nosotros.<\/span><\/h1>\n<p>Para obtener m\u00e1s informaci\u00f3n sobre nuestros productos y servicios,Recibir\u00e1 una respuesta de un experto en electricidad,Estaremos encantados de atenderle.<\/p>\n<p>Mob\/WhatsApp\/<strong>WeChat\/<\/strong>Wang: +86 18958900126<br \/>\nCorreo electr\u00f3nico profesional\uff1a<strong>sales@tokeep.net<br \/>\n<\/strong>Correo electr\u00f3nico sobre tecnolog\u00eda:\u00a0<strong>tokeepcc@gmail.com<\/strong><strong><br \/>\n<\/strong>Correo electr\u00f3nico personal:<strong>\u00a0wxj7607@126.com<\/strong><\/p>\n<p><img decoding=\"async\" class=\"alignnone wp-image-5833 size-full\" src=\"https:\/\/ua-protector.com\/wp-content\/uploads\/2025\/04\/whateapp-1.jpg\" sizes=\"(max-width: 573px) 100vw, 573px\" srcset=\"https:\/\/ua-protector.com\/wp-content\/uploads\/2025\/04\/whateapp-1.jpg 573w, https:\/\/ua-protector.com\/wp-content\/uploads\/2025\/04\/whateapp-1-300x169.jpg 300w, https:\/\/ua-protector.com\/wp-content\/uploads\/2025\/04\/whateapp-1-18x10.jpg 18w\" alt=\"\" width=\"573\" height=\"322\" \/><\/p>","protected":false},"excerpt":{"rendered":"<p>En <a href=\"https:\/\/ua-protector.com\/sp\/protector-de-motor\/\">Conmutaci\u00f3n de control y protecci\u00f3n,Protector de motor<\/a> tiene un bonito dise\u00f1o, y el producto dispone de funciones como sobretensi\u00f3n, subtensi\u00f3n, sobrecarga, cortocircuito, rotor bloqueado, desequilibrio trif\u00e1sico, sobretemperatura, fuga, comunicaci\u00f3n, etc. El dise\u00f1o del software es f\u00e1cil de usar, con pantalla directa de tres filas, y las funciones del producto son f\u00e1ciles de ampliar. Actualmente,<\/p>","protected":false},"featured_media":4477,"template":"","meta":{"_acf_changed":false,"site-sidebar-layout":"default","site-content-layout":"","ast-site-content-layout":"default","site-content-style":"default","site-sidebar-style":"default","ast-global-header-display":"","ast-banner-title-visibility":"","ast-main-header-display":"","ast-hfb-above-header-display":"","ast-hfb-below-header-display":"","ast-hfb-mobile-header-display":"","site-post-title":"","ast-breadcrumbs-content":"","ast-featured-img":"","footer-sml-layout":"","theme-transparent-header-meta":"default","adv-header-id-meta":"","stick-header-meta":"","header-above-stick-meta":"","header-main-stick-meta":"","header-below-stick-meta":"","astra-migrate-meta-layouts":"set","ast-page-background-enabled":"default","ast-page-background-meta":{"desktop":{"background-color":"","background-image":"","background-repeat":"repeat","background-position":"center center","background-size":"auto","background-attachment":"scroll","background-type":"","background-media":"","overlay-type":"","overlay-color":"","overlay-opacity":"","overlay-gradient":""},"tablet":{"background-color":"","background-image":"","background-repeat":"repeat","background-position":"center center","background-size":"auto","background-attachment":"scroll","background-type":"","background-media":"","overlay-type":"","overlay-color":"","overlay-opacity":"","overlay-gradient":""},"mobile":{"background-color":"","background-image":"","background-repeat":"repeat","background-position":"center center","background-size":"auto","background-attachment":"scroll","background-type":"","background-media":"","overlay-type":"","overlay-color":"","overlay-opacity":"","overlay-gradient":""}},"ast-content-background-meta":{"desktop":{"background-color":"var(--ast-global-color-5)","background-image":"","background-repeat":"repeat","background-position":"center center","background-size":"auto","background-attachment":"scroll","background-type":"","background-media":"","overlay-type":"","overlay-color":"","overlay-opacity":"","overlay-gradient":""},"tablet":{"background-color":"var(--ast-global-color-5)","background-image":"","background-repeat":"repeat","background-position":"center center","background-size":"auto","background-attachment":"scroll","background-type":"","background-media":"","overlay-type":"","overlay-color":"","overlay-opacity":"","overlay-gradient":""},"mobile":{"background-color":"var(--ast-global-color-5)","background-image":"","background-repeat":"repeat","background-position":"center center","background-size":"auto","background-attachment":"scroll","background-type":"","background-media":"","overlay-type":"","overlay-color":"","overlay-opacity":"","overlay-gradient":""}}},"product_brand":[],"product_cat":[63,56,61,62],"product_tag":[58,59,60],"class_list":{"0":"post-4430","1":"product","2":"type-product","3":"status-publish","4":"has-post-thumbnail","6":"product_cat-motor-protector","7":"product_cat-protector","8":"product_cat-switch","9":"product_cat-voltage-protector","10":"product_tag-energy","11":"product_tag-phase","12":"product_tag-sale","13":"desktop-align-center","14":"tablet-align-left","15":"mobile-align-left","17":"first","18":"instock","19":"featured","20":"shipping-taxable","21":"product-type-simple"},"acf":[],"_links":{"self":[{"href":"https:\/\/ua-protector.com\/sp\/wp-json\/wp\/v2\/product\/4430","targetHints":{"allow":["GET"]}}],"collection":[{"href":"https:\/\/ua-protector.com\/sp\/wp-json\/wp\/v2\/product"}],"about":[{"href":"https:\/\/ua-protector.com\/sp\/wp-json\/wp\/v2\/types\/product"}],"version-history":[{"count":8,"href":"https:\/\/ua-protector.com\/sp\/wp-json\/wp\/v2\/product\/4430\/revisions"}],"predecessor-version":[{"id":6696,"href":"https:\/\/ua-protector.com\/sp\/wp-json\/wp\/v2\/product\/4430\/revisions\/6696"}],"wp:featuredmedia":[{"embeddable":true,"href":"https:\/\/ua-protector.com\/sp\/wp-json\/wp\/v2\/media\/4477"}],"wp:attachment":[{"href":"https:\/\/ua-protector.com\/sp\/wp-json\/wp\/v2\/media?parent=4430"}],"wp:term":[{"taxonomy":"product_brand","embeddable":true,"href":"https:\/\/ua-protector.com\/sp\/wp-json\/wp\/v2\/product_brand?post=4430"},{"taxonomy":"product_cat","embeddable":true,"href":"https:\/\/ua-protector.com\/sp\/wp-json\/wp\/v2\/product_cat?post=4430"},{"taxonomy":"product_tag","embeddable":true,"href":"https:\/\/ua-protector.com\/sp\/wp-json\/wp\/v2\/product_tag?post=4430"}],"curies":[{"name":"wp","href":"https:\/\/api.w.org\/{rel}","templated":true}]}}