{"id":4429,"date":"2025-04-27T02:23:54","date_gmt":"2025-04-27T02:23:54","guid":{"rendered":"https:\/\/ua-protector.com\/?post_type=product&#038;p=4429"},"modified":"2025-08-06T01:25:09","modified_gmt":"2025-08-06T08:25:09","slug":"three-phase-four-wire-self-resettable-over-under-voltage-protector","status":"publish","type":"product","link":"https:\/\/ua-protector.com\/sp\/producto\/protector\/protector-de-tension\/protector-de-sobretension-de-cuatro-hilos-trifasico-autorreiniciable\/","title":{"rendered":"Protector de sobretensi\u00f3n JGGQ-100S de cuatro hilos, trif\u00e1sico y autorreestable"},"content":{"rendered":"<h2><strong>1. Introducci\u00f3n<\/strong><\/h2>\n<hr \/>\n<figure id=\"attachment_4472\" aria-describedby=\"caption-attachment-4472\" style=\"width: 300px\" class=\"wp-caption alignleft\"><img fetchpriority=\"high\" decoding=\"async\" class=\"wp-image-4472 size-medium\" src=\"https:\/\/ua-protector.com\/wp-content\/uploads\/2025\/04\/JGGQ-100S-0-300x300.jpg\" alt=\"Protector de sobretensi\u00f3n y subtensi\u00f3n trif\u00e1sico de 4 hilos con rearme autom\u00e1tico \" width=\"300\" height=\"300\" srcset=\"https:\/\/ua-protector.com\/wp-content\/uploads\/2025\/04\/JGGQ-100S-0-300x300.jpg 300w, https:\/\/ua-protector.com\/wp-content\/uploads\/2025\/04\/JGGQ-100S-0-100x100.jpg 100w, https:\/\/ua-protector.com\/wp-content\/uploads\/2025\/04\/JGGQ-100S-0-600x600.jpg 600w, https:\/\/ua-protector.com\/wp-content\/uploads\/2025\/04\/JGGQ-100S-0-150x150.jpg 150w, https:\/\/ua-protector.com\/wp-content\/uploads\/2025\/04\/JGGQ-100S-0-768x768.jpg 768w, https:\/\/ua-protector.com\/wp-content\/uploads\/2025\/04\/JGGQ-100S-0.jpg 800w\" sizes=\"(max-width: 300px) 100vw, 300px\" \/><figcaption id=\"caption-attachment-4472\" class=\"wp-caption-text\">Protector de sobretensi\u00f3n y subtensi\u00f3n trif\u00e1sico de 4 hilos con rearme autom\u00e1tico<\/figcaption><\/figure>\n<p><a href=\"https:\/\/ua-protector.com\/sp\/\"><strong>Protector de sobretensi\u00f3n cu\u00e1druple trif\u00e1sico autorreiniciable <\/strong><\/a>Cuando la l\u00ednea de alimentaci\u00f3n tiene sobretensi\u00f3n y subtensi\u00f3n, el protector puede cortar r\u00e1pidamente y con seguridad el circuito bajo el impacto continuo de alta tensi\u00f3n para evitar la ocurrencia de accidentes causados por la tensi\u00f3n anormal enviada a los aparatos el\u00e9ctricos terminales, y cuando la tensi\u00f3n vuelve a los valores normales, el protector encender\u00e1 autom\u00e1ticamente el circuito dentro del tiempo especificado para garantizar el funcionamiento normal de los aparatos el\u00e9ctricos terminales en la situaci\u00f3n desatendida.<\/p>\n<p><strong>En segundo lugar, los principales par\u00e1metros t\u00e9cnicos<\/strong><\/p>\n<p>1. Corriente nominal: 32A, 40A, 50A, 63A, 80A, 100A<\/p>\n<p>2. Tensi\u00f3n de trabajo: AC230V (modo de trabajo de l\u00ednea de fase a l\u00ednea neutra)<\/p>\n<p>3. Valor de protecci\u00f3n contra sobretensi\u00f3n: AC270V \u00b15V<\/p>\n<p>4. Valor de protecci\u00f3n de subtensi\u00f3n: AC170V \u00b15V<\/p>\n<p>5. Tiempo de restablecimiento tras fallo: 40 segundos \u00b15 segundos<\/p>\n<p>6. Tiempo de acci\u00f3n: 0,1 segundos<\/p>\n<p>7. Los productos tienen principalmente las funciones de protecci\u00f3n de p\u00e9rdida de fase, carecen de protecci\u00f3n de l\u00ednea cero, <a href=\"https:\/\/elejg.com\/\" target=\"_blank\" rel=\"noopener\">sobretensi\u00f3n<\/a> protecci\u00f3n, protecci\u00f3n contra baja tensi\u00f3n, etc.<\/p>\n<h2><strong>Aplicaci\u00f3n de las normas<\/strong><\/h2>\n<hr \/>\n<p>JGJ242-2011 C\u00f3digo de dise\u00f1o el\u00e9ctrico de edificios residenciales<\/p>\n<p>JGJ\/T16-2008<\/p>\n<p>GJBT-672 Atlas est\u00e1ndar de dise\u00f1o el\u00e9ctrico y construcci\u00f3n de edificios residenciales<\/p>\n<p>GB\/T68895.10-2001<\/p>\n<p>Cumple las normas de seguridad para aparatos el\u00e9ctricos de clase III<\/p>\n<p>JB\/T12762-2015 \u300a<strong>Protector de sobretensi\u00f3n\/subtensi\u00f3n autorreajustable<\/strong>\uff08<strong>OUPA<\/strong>)\u300b<\/p>\n<h2><strong>Las dimensiones totales<\/strong><\/h2>\n<hr \/>\n<p>&nbsp;<\/p>\n<p><img decoding=\"async\" class=\"alignnone\" title=\"Dimensiones .jpg\" src=\"https:\/\/elejg.com\/static\/upload\/image\/20241216\/1734334647745672.jpg\" alt=\"\" width=\"664\" height=\"287\" border=\"0\" hspace=\"0\" vspace=\"0\" data-bd-imgshare-binded=\"1\" \/><\/p>\n<p>&nbsp;<\/p>\n<hr \/>\n<h1 class=\"elementor-heading-title elementor-size-default\"><span style=\"color: #0000ff;\">P\u00f3ngase en contacto con nosotros.<\/span><\/h1>\n<p>Para obtener m\u00e1s informaci\u00f3n sobre nuestros productos y servicios,Recibir\u00e1 una respuesta de un experto en electricidad,Estaremos encantados de atenderle.<\/p>\n<p>Mob\/WhatsApp\/Wang: +86 18958900126<br \/>\nCorreo electr\u00f3nico profesional\uff1a<strong>sales@tokeep.net<br \/>\n<\/strong>Correo electr\u00f3nico sobre tecnolog\u00eda:\u00a0<strong>tokeepcc@gmail.com<\/strong><strong><br \/>\n<\/strong>Correo electr\u00f3nico personal:<strong>\u00a0wxj7607@126.com<\/strong><\/p>\n<p><img decoding=\"async\" class=\"alignnone wp-image-5833 size-full\" src=\"https:\/\/ua-protector.com\/wp-content\/uploads\/2025\/04\/whateapp-1.jpg\" sizes=\"(max-width: 573px) 100vw, 573px\" srcset=\"https:\/\/ua-protector.com\/wp-content\/uploads\/2025\/04\/whateapp-1.jpg 573w, https:\/\/ua-protector.com\/wp-content\/uploads\/2025\/04\/whateapp-1-300x169.jpg 300w, https:\/\/ua-protector.com\/wp-content\/uploads\/2025\/04\/whateapp-1-18x10.jpg 18w\" alt=\"\" width=\"573\" height=\"322\" \/><\/p>\n<p>&nbsp;<\/p>","protected":false},"excerpt":{"rendered":"<p><strong>Protector de sobretensi\u00f3n cu\u00e1druple trif\u00e1sico autorreiniciable <\/strong>adopta un microprocesador de alta velocidad y bajo consumo como n\u00facleo del circuito de control, un rel\u00e9 de enclavamiento magn\u00e9tico como circuito principal, y un dise\u00f1o est\u00e1ndar modularizado, cuando la l\u00ednea de alimentaci\u00f3n tiene sobretensi\u00f3n y subtensi\u00f3n, el protector puede cortar el circuito de forma r\u00e1pida y segura bajo el impacto continuo de alta tensi\u00f3n, para evitar accidentes causados por la tensi\u00f3n anormal enviada a los aparatos el\u00e9ctricos terminales, y cuando la tensi\u00f3n vuelva a los valores normales, el protector encender\u00e1 autom\u00e1ticamente el circuito dentro del tiempo especificado para garantizar el funcionamiento normal de los aparatos el\u00e9ctricos terminales en caso de desatenci\u00f3n.<\/p>","protected":false},"featured_media":4472,"template":"","meta":{"_acf_changed":false,"site-sidebar-layout":"default","site-content-layout":"","ast-site-content-layout":"default","site-content-style":"default","site-sidebar-style":"default","ast-global-header-display":"","ast-banner-title-visibility":"","ast-main-header-display":"","ast-hfb-above-header-display":"","ast-hfb-below-header-display":"","ast-hfb-mobile-header-display":"","site-post-title":"","ast-breadcrumbs-content":"","ast-featured-img":"","footer-sml-layout":"","theme-transparent-header-meta":"default","adv-header-id-meta":"","stick-header-meta":"","header-above-stick-meta":"","header-main-stick-meta":"","header-below-stick-meta":"","astra-migrate-meta-layouts":"set","ast-page-background-enabled":"default","ast-page-background-meta":{"desktop":{"background-color":"","background-image":"","background-repeat":"repeat","background-position":"center center","background-size":"auto","background-attachment":"scroll","background-type":"","background-media":"","overlay-type":"","overlay-color":"","overlay-opacity":"","overlay-gradient":""},"tablet":{"background-color":"","background-image":"","background-repeat":"repeat","background-position":"center center","background-size":"auto","background-attachment":"scroll","background-type":"","background-media":"","overlay-type":"","overlay-color":"","overlay-opacity":"","overlay-gradient":""},"mobile":{"background-color":"","background-image":"","background-repeat":"repeat","background-position":"center center","background-size":"auto","background-attachment":"scroll","background-type":"","background-media":"","overlay-type":"","overlay-color":"","overlay-opacity":"","overlay-gradient":""}},"ast-content-background-meta":{"desktop":{"background-color":"var(--ast-global-color-5)","background-image":"","background-repeat":"repeat","background-position":"center center","background-size":"auto","background-attachment":"scroll","background-type":"","background-media":"","overlay-type":"","overlay-color":"","overlay-opacity":"","overlay-gradient":""},"tablet":{"background-color":"var(--ast-global-color-5)","background-image":"","background-repeat":"repeat","background-position":"center center","background-size":"auto","background-attachment":"scroll","background-type":"","background-media":"","overlay-type":"","overlay-color":"","overlay-opacity":"","overlay-gradient":""},"mobile":{"background-color":"var(--ast-global-color-5)","background-image":"","background-repeat":"repeat","background-position":"center center","background-size":"auto","background-attachment":"scroll","background-type":"","background-media":"","overlay-type":"","overlay-color":"","overlay-opacity":"","overlay-gradient":""}}},"product_brand":[],"product_cat":[62,56],"product_tag":[58,59,60],"class_list":{"0":"post-4429","1":"product","2":"type-product","3":"status-publish","4":"has-post-thumbnail","6":"product_cat-voltage-protector","7":"product_cat-protector","8":"product_tag-energy","9":"product_tag-phase","10":"product_tag-sale","11":"desktop-align-center","12":"tablet-align-left","13":"mobile-align-left","15":"first","16":"instock","17":"featured","18":"shipping-taxable","19":"product-type-simple"},"acf":[],"_links":{"self":[{"href":"https:\/\/ua-protector.com\/sp\/wp-json\/wp\/v2\/product\/4429","targetHints":{"allow":["GET"]}}],"collection":[{"href":"https:\/\/ua-protector.com\/sp\/wp-json\/wp\/v2\/product"}],"about":[{"href":"https:\/\/ua-protector.com\/sp\/wp-json\/wp\/v2\/types\/product"}],"version-history":[{"count":14,"href":"https:\/\/ua-protector.com\/sp\/wp-json\/wp\/v2\/product\/4429\/revisions"}],"predecessor-version":[{"id":6695,"href":"https:\/\/ua-protector.com\/sp\/wp-json\/wp\/v2\/product\/4429\/revisions\/6695"}],"wp:featuredmedia":[{"embeddable":true,"href":"https:\/\/ua-protector.com\/sp\/wp-json\/wp\/v2\/media\/4472"}],"wp:attachment":[{"href":"https:\/\/ua-protector.com\/sp\/wp-json\/wp\/v2\/media?parent=4429"}],"wp:term":[{"taxonomy":"product_brand","embeddable":true,"href":"https:\/\/ua-protector.com\/sp\/wp-json\/wp\/v2\/product_brand?post=4429"},{"taxonomy":"product_cat","embeddable":true,"href":"https:\/\/ua-protector.com\/sp\/wp-json\/wp\/v2\/product_cat?post=4429"},{"taxonomy":"product_tag","embeddable":true,"href":"https:\/\/ua-protector.com\/sp\/wp-json\/wp\/v2\/product_tag?post=4429"}],"curies":[{"name":"wp","href":"https:\/\/api.w.org\/{rel}","templated":true}]}}