{"id":4425,"date":"2025-04-27T02:23:54","date_gmt":"2025-04-27T02:23:54","guid":{"rendered":"https:\/\/ua-protector.com\/?post_type=product&#038;p=4425"},"modified":"2025-08-06T01:17:53","modified_gmt":"2025-08-06T08:17:53","slug":"adjustable-over-under-voltage-protector","status":"publish","type":"product","link":"https:\/\/ua-protector.com\/sp\/producto\/protector\/protector-limitador-de-corriente-ignifugo\/protector-de-sobretension-ajustable\/","title":{"rendered":"Protector de sobretensi\u00f3n ajustable JGIV-63"},"content":{"rendered":"<h3>1\u3001Introducci\u00f3n<\/h3>\n<hr \/>\n<figure id=\"attachment_4449\" aria-describedby=\"caption-attachment-4449\" style=\"width: 300px\" class=\"wp-caption alignleft\"><img fetchpriority=\"high\" decoding=\"async\" src=\"https:\/\/ua-protector.com\/wp-content\/uploads\/2025\/04\/JGIV-63-4-300x300.jpg\" alt=\"Protector de sobretensi\u00f3n ajustable\" width=\"300\" height=\"300\" \/><figcaption id=\"caption-attachment-4449\" class=\"wp-caption-text\">Protector de sobretensi\u00f3n ajustable<\/figcaption><\/figure>\n<p><a href=\"https:\/\/ua-protector.com\/sp\/categoria-producto\/producto\/protector\/protector-de-tension\/\">\u00a0 \u00a0 Protector de sobretensi\u00f3n ajustable<\/a>\u00a0 La serie JGIV-63 es un protector de sobretensi\u00f3n y subtensi\u00f3n del tipo de fuga con limitaci\u00f3n de corriente, que incluye protectores de sobretensi\u00f3n, subtensi\u00f3n, cortocircuito, fuga y protecci\u00f3n integral. El producto tiene las ventajas de modularidad, inteligencia y visualizaci\u00f3n.<\/p>\n<p>Todos los par\u00e1metros de protecci\u00f3n, como la sobretensi\u00f3n, la subtensi\u00f3n y la protecci\u00f3n contra fugas, pueden ajustarse en funci\u00f3n de la demanda de potencia, lo que garantiza que el protector pueda cortar instant\u00e1neamente el suministro el\u00e9ctrico en caso de <a href=\"https:\/\/elejg.com\/\" target=\"_blank\" rel=\"noopener\">sobretensi\u00f3n, subtensi\u00f3n,<\/a> cortocircuitos, fugas y otros fallos en el circuito, protegiendo el equipo el\u00e9ctrico de posibles da\u00f1os.<br \/>\nEsta serie de productos tiene una estructura compacta, una bella apariencia y una instalaci\u00f3n de ra\u00edles est\u00e1ndar. Es principalmente adecuado para la distribuci\u00f3n de energ\u00eda dom\u00e9stica, dormitorios escolares, casas de alquiler, y otras ocasiones.<\/p>\n<h3>2\u3001Condiciones de trabajo y par\u00e1metros<\/h3>\n<hr \/>\n<p>2.1. El primer encendido normal se cerrar\u00e1 autom\u00e1ticamente tras un retardo de 1 segundo; El producto se desconectar\u00e1 autom\u00e1ticamente en 1 segundo en caso de sobretensi\u00f3n, subtensi\u00f3n, sobrecorriente o fuga durante el primer encendido;<br \/>\n2.2. Par\u00e1metros actuales de protecci\u00f3n:<br \/>\na. \u2265 1,0 veces la corriente, rango de ajuste 1-120 segundos, por defecto 10 segundos.<br \/>\nb. \u2265 2 veces la corriente de cortocircuito, 0,1 segundos para abrir el circuito.<br \/>\n2.3. La temperatura ambiente no debe superar+40 \u2103, no debe ser inferior a -5 \u2103, y la temperatura media durante 24 horas no debe superar+35 \u2103; A+40 \u2103, la humedad del aire circundante no debe superar 50%.<br \/>\n2.4. El nivel del mar del lugar de instalaci\u00f3n no superar\u00e1 los 2000 metros.5. Nivel de contaminaci\u00f3n III.6. En el entorno de la instalaci\u00f3n no hay medios peligrosos explosivos, gases corrosivos o aislantes ni polvo conductor. Tampoco hay zonas afectadas por la lluvia o la nieve.<\/p>\n<h3>3\u3001Protector de sobretensi\u00f3n ajustable de ajustes<\/h3>\n<hr \/>\n<div style=\"overflow-x: auto;\">\n<table style=\"min-width: 600px; height: 305px;\" border=\"1\" width=\"1288\" cellspacing=\"0\">\n<tbody>\n<tr>\n<td>Tipo<\/td>\n<td>JGIV-63<\/td>\n<\/tr>\n<tr>\n<td>Especificaciones actuales<\/td>\n<td>63A(2~63A)<\/td>\n<\/tr>\n<tr>\n<td>Rango de ajuste de la sobretensi\u00f3n<\/td>\n<td>AC270V(210~300V)<\/td>\n<\/tr>\n<tr>\n<td>Rango de ajuste de subtensi\u00f3n<\/td>\n<td>AC170V(80~200V)<\/td>\n<\/tr>\n<tr>\n<td>Rango de ajuste de la corriente de fuga<\/td>\n<td>20 mA(5~300 mA)<\/td>\n<\/tr>\n<tr>\n<td>Tensi\u00f3n de trabajo<\/td>\n<td>AC230V\/400V<\/td>\n<\/tr>\n<\/tbody>\n<\/table>\n<\/div>\n<p>3.1. Bot\u00f3n de ajustes: Mantenga pulsado el bot\u00f3n de ajustes durante 2 segundos para entrar en el modo de ajustes. Despu\u00e9s de entrar en el modo de ajustes, p\u00falselo una vez para acceder al siguiente men\u00fa de ajustes;<br \/>\n3.2. Tecla Shift: En el estado de ajuste, es la funci\u00f3n de desplazamiento digital;<br \/>\n3.3. Tecla de datos: consulta la informaci\u00f3n sobre el \u00faltimo fallo del producto y modifica los par\u00e1metros que deben configurarse al establecer el estado;<br \/>\n3.4. Bot\u00f3n de rearme: Cuando se produce la primera sobreintensidad o fuga, el producto se cerrar\u00e1 autom\u00e1ticamente tras un retardo de rearme especificado. Cuando se produce la segunda sobreintensidad o fuga, debe confirmarse manualmente que no hay ning\u00fan fallo en el circuito. Tras pulsar manualmente el bot\u00f3n de reinicio, el producto se cerrar\u00e1. Cuando se encuentre en el estado ajustado, pulse el bot\u00f3n de reinicio durante 1 segundo para guardar y salir del estado ajustado,<br \/>\n3.5.Mantenga pulsado el bot\u00f3n de reinicio durante la visualizaci\u00f3n en tiempo real para abrir el producto y vuelva a pulsarlo para cerrarlo.<\/p>\n<p><img decoding=\"async\" src=\"https:\/\/ua-protector.com\/wp-content\/uploads\/2025\/04\/\u83dc\u5355-\u82f1\u6587.jpg\" alt=\"\" width=\"827\" height=\"594\" \/><\/p>\n<p>&nbsp;<\/p>\n<h3><img decoding=\"async\" src=\"https:\/\/ua-protector.com\/wp-content\/uploads\/2025\/04\/\u9762\u677f\u8bf4\u660e-\u82f1\u6587-1.jpg\" alt=\"\" width=\"451\" height=\"752\" \/><\/h3>\n<p>&nbsp;<\/p>\n<h3>5\u3001Dimensiones<\/h3>\n<hr \/>\n<p><img loading=\"lazy\" decoding=\"async\" src=\"https:\/\/ua-protector.com\/wp-content\/uploads\/2025\/04\/\u5b89\u88c5\u5c3a\u5bf8.jpg\" alt=\"\" width=\"686\" height=\"530\" \/><\/p>\n<h2>Deber\u00eda ser un plan<\/h2>\n<hr \/>\n<figure id=\"attachment_6111\" aria-describedby=\"caption-attachment-6111\" style=\"width: 600px\" class=\"wp-caption alignnone\"><img loading=\"lazy\" decoding=\"async\" class=\"wp-image-6111 size-full\" src=\"https:\/\/ua-protector.com\/wp-content\/uploads\/2025\/04\/\u63a5\u7ebf\u56fe-\u8fc7\u6b20\u538b-3.jpg\" alt=\"protectores de sobretensi\u00f3n y subtensi\u00f3n\" width=\"600\" height=\"1133\" srcset=\"https:\/\/ua-protector.com\/wp-content\/uploads\/2025\/04\/\u63a5\u7ebf\u56fe-\u8fc7\u6b20\u538b-3.jpg 600w, https:\/\/ua-protector.com\/wp-content\/uploads\/2025\/04\/\u63a5\u7ebf\u56fe-\u8fc7\u6b20\u538b-3-159x300.jpg 159w, https:\/\/ua-protector.com\/wp-content\/uploads\/2025\/04\/\u63a5\u7ebf\u56fe-\u8fc7\u6b20\u538b-3-542x1024.jpg 542w, https:\/\/ua-protector.com\/wp-content\/uploads\/2025\/04\/\u63a5\u7ebf\u56fe-\u8fc7\u6b20\u538b-3-6x12.jpg 6w\" sizes=\"(max-width: 600px) 100vw, 600px\" \/><figcaption id=\"caption-attachment-6111\" class=\"wp-caption-text\">protectores de sobretensi\u00f3n y subtensi\u00f3n<\/figcaption><\/figure>\n<h3 data-slate-node=\"element\"><span class=\"null hover-sent\" style=\"color: #ff0000;\" data-slate-leaf=\"true\" data-sent-id=\"ejrkgDPYqe\">Advertencia:<\/span><\/h3>\n<div data-slate-node=\"element\"><span data-slate-node=\"text\"><span class=\"null hover-sent\" data-slate-leaf=\"true\" data-sent-id=\"ejrkgDPYqe\">Los hilos N y L no deben conectarse incorrectamente.<\/span><\/span><\/div>\n<div data-slate-node=\"element\" data-slate-fragment=\"JTVCJTdCJTIydHlwZSUyMiUzQSUyMnBhcmFncmFwaCUyMiUyQyUyMmNoaWxkcmVuJTIyJTNBJTVCJTdCJTIyaWQlMjIlM0ElMjJlanJrZ0RQWXFlJTIyJTJDJTIycGFyYUlkeCUyMiUzQTElMkMlMjJzcmMlMjIlM0ElMjJBdHRlbnRpb24lM0ElMjBUaGUlMjBOJTIwYW5kJTIwTCUyMHdpcmVzJTIwbXVzdCUyMG5vdCUyMGJlJTIwY29ubmVjdGVkJTIwaW5jb3JyZWN0bHkuJTIyJTJDJTIyZHN0JTIyJTNBJTIyJUU2JUIzJUE4JUU2JTg0JThGJUVGJUJDJTlBTiVFNSU5MiU4Q0wlRTclQkElQkYlRTQlQjglOEQlRTUlQkUlOTclRTglQkYlOUUlRTYlOEUlQTUlRTklOTQlOTklRTglQUYlQUYlRTMlODAlODIlMjIlMkMlMjJtZXRhZGF0YSUyMiUzQSUyMiUyMiUyQyUyMm1hdGNoZXMlMjIlM0FudWxsJTJDJTIybWV0YURhdGElMjIlM0ElNUIlNUQlMkMlMjJ0ZXh0JTIyJTNBJTIyVGhlJTIwTiUyMGFuZCUyMEwlMjB3aXJlcyUyMG11c3QlMjBub3QlMjBiZSUyMGNvbm5lY3RlZCUyMGluY29ycmVjdGx5LiUyMiU3RCU1RCU3RCUyQyU3QiUyMnR5cGUlMjIlM0ElMjJwYXJhZ3JhcGglMjIlMkMlMjJjaGlsZHJlbiUyMiUzQSU1QiU3QiUyMmlkJTIyJTNBJTIyVk5ETmRqOUFiQiUyMiUyQyUyMnBhcmFJZHglMjIlM0EyJTJDJTIyc3JjJTIyJTNBJTIyQWxsJTIwdGVybWluYWxzJTIwbXVzdCUyMGJlJTIwdGlnaHRlbmVkJTIwdG8lMjBwcmV2ZW50JTIwZmFsc2UlMjBjb25uZWN0aW9ucyUyMHRoYXQlMjBjb3VsZCUyMGJ1cm4lMjBvdXQlMjB0aGUlMjBwcm90ZWN0b3IuJTIyJTJDJTIyZHN0JTIyJTNBJTIyJUU2JTg5JTgwJUU2JTlDJTg5JUU3JUFCJUFGJUU1JUFEJTkwJUU1JUJGJTg1JUU5JUExJUJCJUU2JThCJUE3JUU3JUI0JUE3JUVGJUJDJThDJUU0JUJCJUE1JUU5JTk4JUIyJUU2JUFEJUEyJUU1JThGJUFGJUU4JTgzJUJEJUU3JTgzJUE3JUU1JTlEJThGJUU0JUJGJTlEJUU2JThBJUE0JUU1JTk5JUE4JUU3JTlBJTg0JUU5JTk0JTk5JUU4JUFGJUFGJUU4JUJGJTlFJUU2JThFJUE1JUUzJTgwJTgyJTIyJTJDJTIybWV0YWRhdGElMjIlM0ElMjIlMjIlMkMlMjJtYXRjaGVzJTIyJTNBbnVsbCUyQyUyMm1ldGFEYXRhJTIyJTNBJTVCJTVEJTJDJTIydGV4dCUyMiUzQSUyMkFsbCUyMHRlcm1pbmFscyUyMG11c3QlMjBiZSUyMHRpZ2h0ZW5lZCUyMHRvJTIwcHJldmVudCUyMGZhbHNlJTIwY29ubmVjdGlvbnMlMjB0aGF0JTIwY291bGQlMjBidXJuJTIwb3V0JTIwdGhlJTIwcHJvdGVjdG9yLiUyMiU3RCU1RCU3RCU1RA==\"><span data-slate-node=\"text\"><span class=\"null\" data-slate-leaf=\"true\" data-sent-id=\"VNDNdj9AbB\">Todos los terminales deben estar apretados para evitar falsas conexiones que podr\u00edan quemar el protector.<\/span><\/span><\/div>\n<h2 class=\"wp-block-heading\"><\/h2>\n<h2><strong>Informaci\u00f3n del paquete est\u00e1ndar<\/strong><\/h2>\n<hr \/>\n<p><img loading=\"lazy\" decoding=\"async\" class=\"alignnone wp-image-6114 size-medium\" src=\"https:\/\/ua-protector.com\/wp-content\/uploads\/2025\/04\/45.5-23.5-31.5-box-300x300.jpg\" alt=\"\" width=\"300\" height=\"300\" srcset=\"https:\/\/ua-protector.com\/wp-content\/uploads\/2025\/04\/45.5-23.5-31.5-box-300x300.jpg 300w, https:\/\/ua-protector.com\/wp-content\/uploads\/2025\/04\/45.5-23.5-31.5-box-150x150.jpg 150w, https:\/\/ua-protector.com\/wp-content\/uploads\/2025\/04\/45.5-23.5-31.5-box-12x12.jpg 12w, https:\/\/ua-protector.com\/wp-content\/uploads\/2025\/04\/45.5-23.5-31.5-box-600x600.jpg 600w, https:\/\/ua-protector.com\/wp-content\/uploads\/2025\/04\/45.5-23.5-31.5-box-100x100.jpg 100w, https:\/\/ua-protector.com\/wp-content\/uploads\/2025\/04\/45.5-23.5-31.5-box.jpg 750w\" sizes=\"(max-width: 300px) 100vw, 300px\" \/><\/p>\n<div style=\"overflow-x: auto;\">\n<table>\n<tbody>\n<tr>\n<th>Dimensiones de la caja (cm)<\/th>\n<th>Lista de paquetes<\/th>\n<th>CANT<\/th>\n<th>Peso bruto (kg)<\/th>\n<\/tr>\n<tr>\n<td style=\"text-align: center;\">45,5 cm \u00d7 23,5 cm \u00d7 31,5 cm<\/td>\n<td style=\"text-align: center;\">\u00a0protector<\/td>\n<td style=\"text-align: center;\">120 unidades<\/td>\n<td style=\"text-align: center;\">20 kg<\/td>\n<\/tr>\n<\/tbody>\n<\/table>\n<\/div>\n<p>&nbsp;<\/p>\n<h1 class=\"elementor-heading-title elementor-size-default\"><span style=\"color: #0000ff;\">P\u00f3ngase en contacto con nosotros.<\/span><\/h1>\n<hr \/>\n<p><strong>Para obtener m\u00e1s informaci\u00f3n sobre nuestros productos y servicios,Recibir\u00e1 una respuesta de un experto en electricidad,Estaremos encantados de atenderle.<\/strong><\/p>\n<p>Mob\/WhatsApp\/WeChat\/Wang: +86 18958900126<br \/>\nCorreo electr\u00f3nico profesional\uff1a<strong>sales@tokeep.net<br \/>\n<\/strong>Correo electr\u00f3nico sobre tecnolog\u00eda:\u00a0<strong>tokeepcc@gmail.com<\/strong><strong><br \/>\n<\/strong>Correo electr\u00f3nico personal:<strong>\u00a0wxj7607@126.com<\/strong><\/p>\n<p><img loading=\"lazy\" decoding=\"async\" class=\"alignnone wp-image-5833 size-full\" src=\"https:\/\/ua-protector.com\/wp-content\/uploads\/2025\/04\/whateapp-1.jpg\" sizes=\"(max-width: 573px) 100vw, 573px\" srcset=\"https:\/\/ua-protector.com\/wp-content\/uploads\/2025\/04\/whateapp-1.jpg 573w, https:\/\/ua-protector.com\/wp-content\/uploads\/2025\/04\/whateapp-1-300x169.jpg 300w, https:\/\/ua-protector.com\/wp-content\/uploads\/2025\/04\/whateapp-1-18x10.jpg 18w\" alt=\"\" width=\"573\" height=\"322\" \/><\/p>\n<p>protector de voltaje para el hogar,en pakistanmejor protector de voltaje para el hogar,Protector ajustable de sobre y bajo voltaje,protector de voltaje para refrigerador,protector de voltaje precio<\/p>","protected":false},"excerpt":{"rendered":"<p><a href=\"https:\/\/ua-protector.com\/sp\/producto\/\"> Protector de sobretensi\u00f3n ajustable\u00a0<\/a> La serie JGIV-63 es un protector de sobretensi\u00f3n y subtensi\u00f3n del tipo de fuga con limitaci\u00f3n de corriente, que incluye protectores de sobretensi\u00f3n, subtensi\u00f3n, cortocircuito, fuga y protecci\u00f3n integral. El producto tiene las ventajas de modularidad, inteligencia y visualizaci\u00f3n.<\/p>","protected":false},"featured_media":4449,"template":"","meta":{"_acf_changed":false,"site-sidebar-layout":"default","site-content-layout":"","ast-site-content-layout":"default","site-content-style":"default","site-sidebar-style":"default","ast-global-header-display":"","ast-banner-title-visibility":"","ast-main-header-display":"","ast-hfb-above-header-display":"","ast-hfb-below-header-display":"","ast-hfb-mobile-header-display":"","site-post-title":"","ast-breadcrumbs-content":"","ast-featured-img":"","footer-sml-layout":"","theme-transparent-header-meta":"default","adv-header-id-meta":"","stick-header-meta":"","header-above-stick-meta":"","header-main-stick-meta":"","header-below-stick-meta":"","astra-migrate-meta-layouts":"set","ast-page-background-enabled":"default","ast-page-background-meta":{"desktop":{"background-color":"","background-image":"","background-repeat":"repeat","background-position":"center center","background-size":"auto","background-attachment":"scroll","background-type":"","background-media":"","overlay-type":"","overlay-color":"","overlay-opacity":"","overlay-gradient":""},"tablet":{"background-color":"","background-image":"","background-repeat":"repeat","background-position":"center center","background-size":"auto","background-attachment":"scroll","background-type":"","background-media":"","overlay-type":"","overlay-color":"","overlay-opacity":"","overlay-gradient":""},"mobile":{"background-color":"","background-image":"","background-repeat":"repeat","background-position":"center center","background-size":"auto","background-attachment":"scroll","background-type":"","background-media":"","overlay-type":"","overlay-color":"","overlay-opacity":"","overlay-gradient":""}},"ast-content-background-meta":{"desktop":{"background-color":"var(--ast-global-color-5)","background-image":"","background-repeat":"repeat","background-position":"center center","background-size":"auto","background-attachment":"scroll","background-type":"","background-media":"","overlay-type":"","overlay-color":"","overlay-opacity":"","overlay-gradient":""},"tablet":{"background-color":"var(--ast-global-color-5)","background-image":"","background-repeat":"repeat","background-position":"center center","background-size":"auto","background-attachment":"scroll","background-type":"","background-media":"","overlay-type":"","overlay-color":"","overlay-opacity":"","overlay-gradient":""},"mobile":{"background-color":"var(--ast-global-color-5)","background-image":"","background-repeat":"repeat","background-position":"center center","background-size":"auto","background-attachment":"scroll","background-type":"","background-media":"","overlay-type":"","overlay-color":"","overlay-opacity":"","overlay-gradient":""}}},"product_brand":[],"product_cat":[65,55,56,64,62,69],"product_tag":[91,115,110,87],"class_list":{"0":"post-4425","1":"product","2":"type-product","3":"status-publish","4":"has-post-thumbnail","6":"product_cat-fireproof-current-limiting-protector","7":"product_cat-meter","8":"product_cat-protector","9":"product_cat-smart-meter","10":"product_cat-voltage-protector","11":"product_cat-small-voltmeter","12":"product_tag-adjustable-over-and-under-voltage-protector","13":"product_tag-in-pakistanbest-voltage-protector-for-home","14":"product_tag-voltage-protector-220v","15":"product_tag-voltage-protector-for-home","16":"desktop-align-center","17":"tablet-align-left","18":"mobile-align-left","20":"first","21":"instock","22":"featured","23":"shipping-taxable","24":"product-type-simple"},"acf":[],"_links":{"self":[{"href":"https:\/\/ua-protector.com\/sp\/wp-json\/wp\/v2\/product\/4425","targetHints":{"allow":["GET"]}}],"collection":[{"href":"https:\/\/ua-protector.com\/sp\/wp-json\/wp\/v2\/product"}],"about":[{"href":"https:\/\/ua-protector.com\/sp\/wp-json\/wp\/v2\/types\/product"}],"version-history":[{"count":42,"href":"https:\/\/ua-protector.com\/sp\/wp-json\/wp\/v2\/product\/4425\/revisions"}],"predecessor-version":[{"id":6691,"href":"https:\/\/ua-protector.com\/sp\/wp-json\/wp\/v2\/product\/4425\/revisions\/6691"}],"wp:featuredmedia":[{"embeddable":true,"href":"https:\/\/ua-protector.com\/sp\/wp-json\/wp\/v2\/media\/4449"}],"wp:attachment":[{"href":"https:\/\/ua-protector.com\/sp\/wp-json\/wp\/v2\/media?parent=4425"}],"wp:term":[{"taxonomy":"product_brand","embeddable":true,"href":"https:\/\/ua-protector.com\/sp\/wp-json\/wp\/v2\/product_brand?post=4425"},{"taxonomy":"product_cat","embeddable":true,"href":"https:\/\/ua-protector.com\/sp\/wp-json\/wp\/v2\/product_cat?post=4425"},{"taxonomy":"product_tag","embeddable":true,"href":"https:\/\/ua-protector.com\/sp\/wp-json\/wp\/v2\/product_tag?post=4425"}],"curies":[{"name":"wp","href":"https:\/\/api.w.org\/{rel}","templated":true}]}}