{"id":4442,"date":"2025-04-27T02:23:54","date_gmt":"2025-04-27T02:23:54","guid":{"rendered":"https:\/\/ua-protector.com\/?post_type=product&#038;p=4442"},"modified":"2025-08-06T00:55:47","modified_gmt":"2025-08-06T07:55:47","slug":"arc-fault-detection-devices","status":"publish","type":"product","link":"https:\/\/ua-protector.com\/pt\/produto\/protetor\/afdd-afci\/dispositivos-de-detecao-de-defeitos-de-arco\/","title":{"rendered":"Dispositivos de dete\u00e7\u00e3o de falha de arco JGAFDD-63"},"content":{"rendered":"<h2><strong>Introdu\u00e7\u00e3o<\/strong><\/h2>\n<hr \/>\n<h1><strong>\u00a0\u00a0<\/strong><\/h1>\n<figure id=\"attachment_4538\" aria-describedby=\"caption-attachment-4538\" style=\"width: 300px\" class=\"wp-caption alignleft\"><img fetchpriority=\"high\" decoding=\"async\" class=\"wp-image-4538 size-medium\" src=\"https:\/\/ua-protector.com\/wp-content\/uploads\/2025\/04\/JGAFDD-63-1-300x300.jpg\" alt=\"Dispositivos de dete\u00e7\u00e3o de falha de arco \" width=\"300\" height=\"300\" srcset=\"https:\/\/ua-protector.com\/wp-content\/uploads\/2025\/04\/JGAFDD-63-1-300x300.jpg 300w, https:\/\/ua-protector.com\/wp-content\/uploads\/2025\/04\/JGAFDD-63-1-100x100.jpg 100w, https:\/\/ua-protector.com\/wp-content\/uploads\/2025\/04\/JGAFDD-63-1-600x600.jpg 600w, https:\/\/ua-protector.com\/wp-content\/uploads\/2025\/04\/JGAFDD-63-1-150x150.jpg 150w, https:\/\/ua-protector.com\/wp-content\/uploads\/2025\/04\/JGAFDD-63-1-768x768.jpg 768w, https:\/\/ua-protector.com\/wp-content\/uploads\/2025\/04\/JGAFDD-63-1.jpg 800w\" sizes=\"(max-width: 300px) 100vw, 300px\" \/><figcaption id=\"caption-attachment-4538\" class=\"wp-caption-text\">Dispositivos de dete\u00e7\u00e3o de falha de arco<\/figcaption><\/figure>\n<p><a href=\"https:\/\/ua-protector.com\/pt\">\u00a0Dispositivos de dete\u00e7\u00e3o de falha de arco <\/a>(<a href=\"https:\/\/elejg.com\/\" target=\"_blank\" rel=\"noopener\">AFDD<\/a>)\u00e9 montado por um disjuntor miniatura e um m\u00f3dulo de prote\u00e7\u00e3o contra falhas de arco, e tem fun\u00e7\u00f5es de prote\u00e7\u00e3o como sobrecarga, curto-circuito e prote\u00e7\u00e3o contra falhas de arco.<\/p>\n<p>AFDD Adequado para comunica\u00e7\u00e3o 50Hz, tens\u00e3o nominal 230V, corrente nominal at\u00e9 63ANas linhas seguintes, \u00e9 utilizado para proteger a sobrecorrente das linhas de edif\u00edcios e fins semelhantes e, ao mesmo tempo, pode detetar antecipadamente muitos riscos de inc\u00eandio causados pela rutura de dispositivos el\u00e9ctricos ou pelo envelhecimento dos fios, e proteger contra falhas de arco de liga\u00e7\u00e3o \u00e0 terra, falhas de arco paralelo e falhas de arco em s\u00e9rie. Em certa medida, a ocorr\u00eancia de acidentes de seguran\u00e7a contra inc\u00eandios foi reduzida e a seguran\u00e7a da vida e dos bens das pessoas foi efetivamente protegida.<\/p>\n<p>&nbsp;<\/p>\n<p>&nbsp;<\/p>\n<p>&nbsp;<\/p>\n<h2><strong>Carater\u00edsticas do produto AFDD<\/strong><\/h2>\n<hr \/>\n<div style=\"overflow-x: auto;\">\n<table style=\"min-width: 600px; height: 190px;\" border=\"1\" width=\"714\" cellspacing=\"0\">\n<tbody>\n<tr>\n<td>Tipo<\/td>\n<td>JGAFDD-63<\/td>\n<\/tr>\n<tr>\n<td>Especifica\u00e7\u00f5es actuais<\/td>\n<td>63A(1~63A)<\/td>\n<\/tr>\n<tr>\n<td>Tens\u00e3o de funcionamento<\/td>\n<td>AC230V<\/td>\n<\/tr>\n<\/tbody>\n<\/table>\n<p>a\uff09Prote\u00e7\u00e3o contra sobrecarga e atrasos longos;<\/p>\n<\/div>\n<p>b\uff09Prote\u00e7\u00e3o contra sobrecarga e curto-atraso;<\/p>\n<p>c\uff09Prote\u00e7\u00e3o de disparo instant\u00e2neo;<\/p>\n<p>d\uff09Prote\u00e7\u00e3o contra arco el\u00e9trico em s\u00e9rie;<\/p>\n<p>e\uff09Prote\u00e7\u00e3o contra falhas de arco em paralelo;<\/p>\n<p>FGprotec\u00e7\u00e3o contra arco voltaico;<\/p>\n<p>g\uff09M\u00faltiplas especifica\u00e7\u00f5es de corrente.<\/p>\n<p>&nbsp;<\/p>\n<h2><strong>\u00a0Condi\u00e7\u00f5es de trabalho e de instala\u00e7\u00e3o do AFDD<\/strong><\/h2>\n<hr \/>\n<p>aTemperatura ambiente do ar<\/p>\n<p>A temperatura do ar ambiente n\u00e3o \u00e9 maior+70\u2103,N\u00e3o menos que-35\u2103\uff0c24A m\u00e9dia das horas n\u00e3o excede+35\u2103\uff1b<\/p>\n<p>Nota: A temperatura do ar ambiente \u00e9 superior+70\u2103ou inferior-35\u2103condi\u00e7\u00f5es de utiliza\u00e7\u00e3o AFDD A prote\u00e7\u00e3o contra falhas de arco est\u00e1 desligada O roader deve ser negociado com o fabricante;<\/p>\n<p>bAltitude<\/p>\n<p>A altitude do local de instala\u00e7\u00e3o n\u00e3o excede 2000m\uff1b<\/p>\n<p>cCondi\u00e7\u00f5es atmosf\u00e9ricas<\/p>\n<p>A umidade relativa da atmosfera est\u00e1 em sua temperatura mais alta nos arredores+60\u2103tempo n\u00e3o excedido 50%, que pode ter uma fase mais alta em temperaturas mais baixas para umidade, por exemplo, 20\u2103tempo 90%, para condensa\u00e7\u00e3o ocasional devido a mudan\u00e7as de temperatura, medidas de prote\u00e7\u00e3o devem ser tomadas;<\/p>\n<p>dCondi\u00e7\u00f5es de instala\u00e7\u00e3o<\/p>\n<p>Protetor de falha de arcoO campo magn\u00e9tico externo pr\u00f3ximo ao local de instala\u00e7\u00e3o n\u00e3o deve exceder o campo geomagn\u00e9tico em qualquer dire\u00e7\u00e3o5Fold; A posi\u00e7\u00e3o de instala\u00e7\u00e3o deve ser vertical e a inclina\u00e7\u00e3o em todas as dire\u00e7\u00f5es n\u00e3o deve exceder 10 \u00b0; Instalado em um local onde n\u00e3o h\u00e1 vibra\u00e7\u00e3o de choque e sem chuva ou neve Quadrado; Adote os padr\u00f5es TH35-7.5 instala\u00e7\u00e3o de trilho de instala\u00e7\u00e3o de a\u00e7o de se\u00e7\u00e3o;<\/p>\n<p>ePolui\u00e7\u00e3o N\u00edvel:2 n\u00edvel<\/p>\n<p>fCategoria de instala\u00e7\u00e3o:\u2162Tipo;<\/p>\n<p>gProtec\u00e7\u00e3o de entrada:IP20(Instalado numa caixa de distribui\u00e7\u00e3o, arm\u00e1rio de distribui\u00e7\u00e3o ou caixa.) IP40\uff09\uff1b<\/p>\n<p>hCom ele N Aquando da cablagem, o fio neutro deve ser ligado \u00e0 marca N Identifica\u00e7\u00e3o dos p\u00f3los.<\/p>\n<h2><strong><a href=\"https:\/\/ua-protector.com\/pt\">Dispositivos de dete\u00e7\u00e3o de falha de arco <\/a> tamanho<\/strong><\/h2>\n<hr \/>\n<p><img decoding=\"async\" class=\"alignnone\" title=\"1744705968351984.png\" src=\"https:\/\/www.elejg.com\/static\/upload\/image\/20250415\/1744705968351984.png\" alt=\"imagem.png\" width=\"642\" height=\"367\" \/><\/p>\n<h2><strong>Informa\u00e7\u00f5es sobre o pacote padr\u00e3o<\/strong><\/h2>\n<hr \/>\n<p><img decoding=\"async\" class=\"alignnone size-medium wp-image-6114\" src=\"https:\/\/ua-protector.com\/wp-content\/uploads\/2025\/04\/45.5-23.5-31.5-box-300x300.jpg\" alt=\"\" width=\"300\" height=\"300\" srcset=\"https:\/\/ua-protector.com\/wp-content\/uploads\/2025\/04\/45.5-23.5-31.5-box-300x300.jpg 300w, https:\/\/ua-protector.com\/wp-content\/uploads\/2025\/04\/45.5-23.5-31.5-box-150x150.jpg 150w, https:\/\/ua-protector.com\/wp-content\/uploads\/2025\/04\/45.5-23.5-31.5-box-12x12.jpg 12w, https:\/\/ua-protector.com\/wp-content\/uploads\/2025\/04\/45.5-23.5-31.5-box-600x600.jpg 600w, https:\/\/ua-protector.com\/wp-content\/uploads\/2025\/04\/45.5-23.5-31.5-box-100x100.jpg 100w, https:\/\/ua-protector.com\/wp-content\/uploads\/2025\/04\/45.5-23.5-31.5-box.jpg 750w\" sizes=\"(max-width: 300px) 100vw, 300px\" \/><\/p>\n<div style=\"overflow-x: auto;\">\n<table>\n<tbody>\n<tr>\n<th>Dimens\u00e3o da caixa de cart\u00e3o (cm)<\/th>\n<th>Lista de embalagem<\/th>\n<th>QUANTIDADE<\/th>\n<th>Peso bruto (kg)<\/th>\n<\/tr>\n<tr>\n<td style=\"text-align: center;\">45,5 cm \u00d7 23,5 cm \u00d7 31,5 cm<\/td>\n<td style=\"text-align: center;\">\u00a0protetor<\/td>\n<td style=\"text-align: center;\">120 unidades<\/td>\n<td style=\"text-align: center;\">20 kg<\/td>\n<\/tr>\n<\/tbody>\n<\/table>\n<\/div>\n<p>&nbsp;<\/p>\n<hr \/>\n<h1 class=\"elementor-heading-title elementor-size-default\"><span style=\"color: #0000ff;\">Contacte-nos agora, a amostra gr\u00e1tis est\u00e1 dispon\u00edvel<\/span><\/h1>\n<p>Para obter mais informa\u00e7\u00f5es sobre os nossos produtos e servi\u00e7os, receber\u00e1 uma resposta de um especialista em eletricidade.<\/p>\n<p>Mob\/WhatsApp\/Wang: +86 18958900126<br \/>\nE-mail comercial\uff1a<strong>sales@tokeep.net<br \/>\n<\/strong>Tecnologia Email:\u00a0<strong>tokeepcc@gmail.com<\/strong><strong><br \/>\n<\/strong>Correio eletr\u00f3nico pessoal:<strong>\u00a0wxj7607@126.com<\/strong><\/p>\n<p><img loading=\"lazy\" decoding=\"async\" class=\"alignnone wp-image-5833 size-full\" src=\"https:\/\/ua-protector.com\/wp-content\/uploads\/2025\/04\/whateapp-1.jpg\" sizes=\"(max-width: 573px) 100vw, 573px\" srcset=\"https:\/\/ua-protector.com\/wp-content\/uploads\/2025\/04\/whateapp-1.jpg 573w, https:\/\/ua-protector.com\/wp-content\/uploads\/2025\/04\/whateapp-1-300x169.jpg 300w, https:\/\/ua-protector.com\/wp-content\/uploads\/2025\/04\/whateapp-1-18x10.jpg 18w\" alt=\"\" width=\"573\" height=\"322\" \/><\/p>","protected":false},"excerpt":{"rendered":"<p><a href=\"https:\/\/ua-protector.com\/pt\">Dispositivos de dete\u00e7\u00e3o de falha de arco<\/a> (AFDD ): a seguir designado por protetor, detecta eficazmente o arco de defeito na linha de acesso, incluindo o arco paralelo de defeito e o arco em s\u00e9rie de defeito, e quando o arco de defeito que provoca o inc\u00eandio \u00e9 detectado na linha, a fun\u00e7\u00e3o de desligamento pode ser executada para atingir o objetivo de alerta precoce de inc\u00eandio. O protetor contra arco de falha \u00e9 adequado para circuitos el\u00e9ctricos de 10KW e inferiores em edif\u00edcios industriais e civis<\/p>","protected":false},"featured_media":4538,"template":"","meta":{"_acf_changed":false,"site-sidebar-layout":"default","site-content-layout":"","ast-site-content-layout":"default","site-content-style":"default","site-sidebar-style":"default","ast-global-header-display":"","ast-banner-title-visibility":"","ast-main-header-display":"","ast-hfb-above-header-display":"","ast-hfb-below-header-display":"","ast-hfb-mobile-header-display":"","site-post-title":"","ast-breadcrumbs-content":"","ast-featured-img":"","footer-sml-layout":"","theme-transparent-header-meta":"default","adv-header-id-meta":"","stick-header-meta":"","header-above-stick-meta":"","header-main-stick-meta":"","header-below-stick-meta":"","astra-migrate-meta-layouts":"set","ast-page-background-enabled":"default","ast-page-background-meta":{"desktop":{"background-color":"","background-image":"","background-repeat":"repeat","background-position":"center center","background-size":"auto","background-attachment":"scroll","background-type":"","background-media":"","overlay-type":"","overlay-color":"","overlay-opacity":"","overlay-gradient":""},"tablet":{"background-color":"","background-image":"","background-repeat":"repeat","background-position":"center center","background-size":"auto","background-attachment":"scroll","background-type":"","background-media":"","overlay-type":"","overlay-color":"","overlay-opacity":"","overlay-gradient":""},"mobile":{"background-color":"","background-image":"","background-repeat":"repeat","background-position":"center center","background-size":"auto","background-attachment":"scroll","background-type":"","background-media":"","overlay-type":"","overlay-color":"","overlay-opacity":"","overlay-gradient":""}},"ast-content-background-meta":{"desktop":{"background-color":"var(--ast-global-color-5)","background-image":"","background-repeat":"repeat","background-position":"center center","background-size":"auto","background-attachment":"scroll","background-type":"","background-media":"","overlay-type":"","overlay-color":"","overlay-opacity":"","overlay-gradient":""},"tablet":{"background-color":"var(--ast-global-color-5)","background-image":"","background-repeat":"repeat","background-position":"center center","background-size":"auto","background-attachment":"scroll","background-type":"","background-media":"","overlay-type":"","overlay-color":"","overlay-opacity":"","overlay-gradient":""},"mobile":{"background-color":"var(--ast-global-color-5)","background-image":"","background-repeat":"repeat","background-position":"center center","background-size":"auto","background-attachment":"scroll","background-type":"","background-media":"","overlay-type":"","overlay-color":"","overlay-opacity":"","overlay-gradient":""}}},"product_brand":[],"product_cat":[81,65,56,61],"product_tag":[83,82,85,84],"class_list":{"0":"post-4442","1":"product","2":"type-product","3":"status-publish","4":"has-post-thumbnail","6":"product_cat-afdd-afci","7":"product_cat-fireproof-current-limiting-protector","8":"product_cat-protector","9":"product_cat-switch","10":"product_tag-afci","11":"product_tag-afdd","12":"product_tag-arc-fault-circuit-interrupters","13":"product_tag-arc-fault-detection-devices","14":"desktop-align-center","15":"tablet-align-left","16":"mobile-align-left","18":"first","19":"instock","20":"featured","21":"shipping-taxable","22":"product-type-simple"},"acf":[],"_links":{"self":[{"href":"https:\/\/ua-protector.com\/pt\/wp-json\/wp\/v2\/product\/4442","targetHints":{"allow":["GET"]}}],"collection":[{"href":"https:\/\/ua-protector.com\/pt\/wp-json\/wp\/v2\/product"}],"about":[{"href":"https:\/\/ua-protector.com\/pt\/wp-json\/wp\/v2\/types\/product"}],"version-history":[{"count":13,"href":"https:\/\/ua-protector.com\/pt\/wp-json\/wp\/v2\/product\/4442\/revisions"}],"predecessor-version":[{"id":6686,"href":"https:\/\/ua-protector.com\/pt\/wp-json\/wp\/v2\/product\/4442\/revisions\/6686"}],"wp:featuredmedia":[{"embeddable":true,"href":"https:\/\/ua-protector.com\/pt\/wp-json\/wp\/v2\/media\/4538"}],"wp:attachment":[{"href":"https:\/\/ua-protector.com\/pt\/wp-json\/wp\/v2\/media?parent=4442"}],"wp:term":[{"taxonomy":"product_brand","embeddable":true,"href":"https:\/\/ua-protector.com\/pt\/wp-json\/wp\/v2\/product_brand?post=4442"},{"taxonomy":"product_cat","embeddable":true,"href":"https:\/\/ua-protector.com\/pt\/wp-json\/wp\/v2\/product_cat?post=4442"},{"taxonomy":"product_tag","embeddable":true,"href":"https:\/\/ua-protector.com\/pt\/wp-json\/wp\/v2\/product_tag?post=4442"}],"curies":[{"name":"wp","href":"https:\/\/api.w.org\/{rel}","templated":true}]}}