{"id":4440,"date":"2025-04-27T02:23:54","date_gmt":"2025-04-27T02:23:54","guid":{"rendered":"https:\/\/ua-protector.com\/?post_type=product&#038;p=4440"},"modified":"2025-08-06T01:42:17","modified_gmt":"2025-08-06T08:42:17","slug":"din-rail-type-energy-meter-dts3845","status":"publish","type":"product","link":"https:\/\/ua-protector.com\/pt\/produto\/contador\/pequeno-amperimetro-2\/contador-de-energia-tipo-carril-din-dts3845\/","title":{"rendered":"Contador de energia trif\u00e1sico de quatro fios tipo calha DIN DTS805"},"content":{"rendered":"<h2><strong>\u00c2mbito de aplica\u00e7\u00e3o<\/strong><\/h2>\n<hr \/>\n<figure id=\"attachment_4527\" aria-describedby=\"caption-attachment-4527\" style=\"width: 300px\" class=\"wp-caption alignleft\"><a href=\"https:\/\/ua-protector.com\/pt\/produto\/medidor-de-potencia-digital-multifuncoes\/\"><img fetchpriority=\"high\" decoding=\"async\" class=\"wp-image-4527 size-medium\" src=\"https:\/\/ua-protector.com\/wp-content\/uploads\/2025\/04\/DTS805-0-300x300.jpg\" alt=\"Contador de energia do tipo carril Din 3 fases 4 fios\" width=\"300\" height=\"300\" srcset=\"https:\/\/ua-protector.com\/wp-content\/uploads\/2025\/04\/DTS805-0-300x300.jpg 300w, https:\/\/ua-protector.com\/wp-content\/uploads\/2025\/04\/DTS805-0-100x100.jpg 100w, https:\/\/ua-protector.com\/wp-content\/uploads\/2025\/04\/DTS805-0-600x600.jpg 600w, https:\/\/ua-protector.com\/wp-content\/uploads\/2025\/04\/DTS805-0-150x150.jpg 150w, https:\/\/ua-protector.com\/wp-content\/uploads\/2025\/04\/DTS805-0-768x768.jpg 768w, https:\/\/ua-protector.com\/wp-content\/uploads\/2025\/04\/DTS805-0.jpg 800w\" sizes=\"(max-width: 300px) 100vw, 300px\" \/><\/a><figcaption id=\"caption-attachment-4527\" class=\"wp-caption-text\">Contador de energia do tipo carril Din 3 fases 4 fios<\/figcaption><\/figure>\n<p><a href=\"https:\/\/ua-protector.com\/pt\/produto\/medidor-de-potencia-digital-multifuncoes\/\"> Contador de energia do tipo carril Din<\/a> Eletr\u00f3nica trif\u00e1sica de 4 fios e trif\u00e1sica de 3 fios para carris el\u00e9ctricos <a href=\"https:\/\/elejg.com\/\" target=\"_blank\" rel=\"noopener\">contador de energia<\/a> (a seguir designado por \"instrumento\") \u00e9 a utiliza\u00e7\u00e3o de circuitos integrados de grande escala, a aplica\u00e7\u00e3o de tecnologia de amostragem digital, \u00e9 concebido para o sistema de energia, a ind\u00fastria das comunica\u00e7\u00f5es, a ind\u00fastria da constru\u00e7\u00e3o e outras necessidades de monitoriza\u00e7\u00e3o e medi\u00e7\u00e3o de energia, principalmente para o circuito el\u00e9trico na tens\u00e3o trif\u00e1sica, corrente trif\u00e1sica, pot\u00eancia ativa, pot\u00eancia reactiva, frequ\u00eancia, energia el\u00e9ctrica direta e inversa, energia el\u00e9ctrica de quatro quadrantes e outros par\u00e2metros para medi\u00e7\u00e3o e visualiza\u00e7\u00e3o em tempo real, utilizando a montagem em calha DIN35mm; Como produto terminal de monitoriza\u00e7\u00e3o do sistema de gest\u00e3o de energia, pode ser amplamente utilizado na avalia\u00e7\u00e3o e monitoriza\u00e7\u00e3o da energia interna de empresas industriais e mineiras, hot\u00e9is, escolas e grandes edif\u00edcios p\u00fablicos.<\/p>\n<p>Os indicadores de desempenho do contador de energia el\u00e9ctrica cumprem as seguintes normas t\u00e9cnicas relevantes:<\/p>\n<p>GB\/T 17215.211-2021<\/p>\n<p>GB\/T 17215.321-2021 Regras particulares para aparelhos de medi\u00e7\u00e3o el\u00e9ctrica (AC) - Parte 21: Contadores de energia ativa est\u00e1tica (Classe A, Classe B, Classe C)<\/p>\n<p>GB\/T 17215.323-2008 Requisitos especiais para equipamento de medi\u00e7\u00e3o de corrente alternada - Parte 23: Contadores de energia reactiva est\u00e1tica (N\u00edveis 2 e 3)<\/p>\n<p>DL\/T 645-2007 \"Multifunctional Energy Meter Communication Protocol\" Protocolo padr\u00e3o MODUS-RTU<\/p>\n<h2><strong>Carater\u00edsticas do produto<\/strong><\/h2>\n<hr \/>\n<p>As principais fun\u00e7\u00f5es do produto s\u00e3o: tens\u00e3o trif\u00e1sica, corrente trif\u00e1sica, pot\u00eancia ativa, pot\u00eancia reactiva, pot\u00eancia, fator de pot\u00eancia, frequ\u00eancia, medi\u00e7\u00e3o de energia ativa, medi\u00e7\u00e3o de energia reactiva, taxa complexa estat\u00edstica de procura (opcional), an\u00e1lise de harm\u00f3nicas (opcional)<\/p>\n<p>Tem uma porta de comunica\u00e7\u00e3o RS485 e suporta o protocolo ModBus standard ou o protocolo DL\/T 645-2007.<\/p>\n<p>Pode suportar a fun\u00e7\u00e3o de controlo externo e suporta at\u00e9 2 sa\u00eddas de rel\u00e9<\/p>\n<p>Montagem em carril padr\u00e3o DIN35mm, design de estrutura modular, tamanho pequeno, f\u00e1cil de instalar;<\/p>\n<h1><strong>Contador de energia do tipo carril Din Descri\u00e7\u00e3o do modelo<\/strong><\/h1>\n<hr \/>\n<p><img decoding=\"async\" src=\"https:\/\/elejg.com\/static\/upload\/image\/20241219\/1734595606168089.jpg\" alt=\"Manual de instru\u00e7\u00f5es do contador de energia el\u00e9ctrica trif\u00e1sico Rail (4P) - descri\u00e7\u00e3o do modelo .jpg\" \/><\/p>\n<h2><strong>Medidor de energia do tipo carril Din de tamanho\u00a0<\/strong><\/h2>\n<hr \/>\n<p><img decoding=\"async\" src=\"https:\/\/elejg.com\/static\/upload\/image\/20241219\/1734595606181735.jpg\" alt=\"Contador de energia el\u00e9ctrica trif\u00e1sico com calha de guia - tamanho do produto .jpg\" \/><\/p>\n<p>&nbsp;<\/p>\n<hr \/>\n<h1 class=\"elementor-heading-title elementor-size-default\"><span style=\"color: #0000ff;\">Contacte-nos agora, a amostra gr\u00e1tis est\u00e1 dispon\u00edvel<\/span><\/h1>\n<p>Para obter mais informa\u00e7\u00f5es sobre os nossos produtos e servi\u00e7os, receber\u00e1 uma resposta de um especialista em eletricidade.<\/p>\n<p>Mob\/WhatsApp\/WeChat\/Wang: +86 18958900126<br \/>\nE-mail comercial\uff1a<strong>sales@tokeep.net<br \/>\n<\/strong>Tecnologia Email:\u00a0<strong>tokeepcc@gmail.com<\/strong><strong><br \/>\n<\/strong>Correio eletr\u00f3nico pessoal:<strong>\u00a0wxj7607@126.com<\/strong><\/p>\n<p><img decoding=\"async\" class=\"alignnone wp-image-5833 size-full\" src=\"https:\/\/ua-protector.com\/wp-content\/uploads\/2025\/04\/whateapp-1.jpg\" sizes=\"(max-width: 573px) 100vw, 573px\" srcset=\"https:\/\/ua-protector.com\/wp-content\/uploads\/2025\/04\/whateapp-1.jpg 573w, https:\/\/ua-protector.com\/wp-content\/uploads\/2025\/04\/whateapp-1-300x169.jpg 300w, https:\/\/ua-protector.com\/wp-content\/uploads\/2025\/04\/whateapp-1-18x10.jpg 18w\" alt=\"\" width=\"573\" height=\"322\" \/><\/p>","protected":false},"excerpt":{"rendered":"<p>O contador de energia do tipo carril Din 3phase 4wire adopta a estrutura de instala\u00e7\u00e3o de carril DIN35mm, tamanho pequeno, pode medir a energia el\u00e9ctrica e outros par\u00e2metros el\u00e9ctricos, pode definir par\u00e2metros como rel\u00f3gio, per\u00edodo de taxa, etc., com alta precis\u00e3o, boa fiabilidade e indicadores de desempenho em conformidade com a norma nacional GB\/T17215-2002, GB\/T17883-1999 e a norma da ind\u00fastria de energia DL\/T614-2007 para os requisitos t\u00e9cnicos do contador de energia el\u00e9ctrica, e tem a fun\u00e7\u00e3o de sa\u00edda de impulsos de energia el\u00e9ctrica; a interface de comunica\u00e7\u00e3o RS485 pode ser utilizada para realizar a troca de dados com o computador anfitri\u00e3o.<\/p>","protected":false},"featured_media":4527,"template":"","meta":{"_acf_changed":false,"site-sidebar-layout":"default","site-content-layout":"","ast-site-content-layout":"default","site-content-style":"default","site-sidebar-style":"default","ast-global-header-display":"","ast-banner-title-visibility":"","ast-main-header-display":"","ast-hfb-above-header-display":"","ast-hfb-below-header-display":"","ast-hfb-mobile-header-display":"","site-post-title":"","ast-breadcrumbs-content":"","ast-featured-img":"","footer-sml-layout":"","theme-transparent-header-meta":"default","adv-header-id-meta":"","stick-header-meta":"","header-above-stick-meta":"","header-main-stick-meta":"","header-below-stick-meta":"","astra-migrate-meta-layouts":"set","ast-page-background-enabled":"default","ast-page-background-meta":{"desktop":{"background-color":"","background-image":"","background-repeat":"repeat","background-position":"center center","background-size":"auto","background-attachment":"scroll","background-type":"","background-media":"","overlay-type":"","overlay-color":"","overlay-opacity":"","overlay-gradient":""},"tablet":{"background-color":"","background-image":"","background-repeat":"repeat","background-position":"center center","background-size":"auto","background-attachment":"scroll","background-type":"","background-media":"","overlay-type":"","overlay-color":"","overlay-opacity":"","overlay-gradient":""},"mobile":{"background-color":"","background-image":"","background-repeat":"repeat","background-position":"center center","background-size":"auto","background-attachment":"scroll","background-type":"","background-media":"","overlay-type":"","overlay-color":"","overlay-opacity":"","overlay-gradient":""}},"ast-content-background-meta":{"desktop":{"background-color":"var(--ast-global-color-5)","background-image":"","background-repeat":"repeat","background-position":"center center","background-size":"auto","background-attachment":"scroll","background-type":"","background-media":"","overlay-type":"","overlay-color":"","overlay-opacity":"","overlay-gradient":""},"tablet":{"background-color":"var(--ast-global-color-5)","background-image":"","background-repeat":"repeat","background-position":"center center","background-size":"auto","background-attachment":"scroll","background-type":"","background-media":"","overlay-type":"","overlay-color":"","overlay-opacity":"","overlay-gradient":""},"mobile":{"background-color":"var(--ast-global-color-5)","background-image":"","background-repeat":"repeat","background-position":"center center","background-size":"auto","background-attachment":"scroll","background-type":"","background-media":"","overlay-type":"","overlay-color":"","overlay-opacity":"","overlay-gradient":""}}},"product_brand":[],"product_cat":[70,15,55,64,69],"product_tag":[105,106,104,107,108,109],"class_list":{"0":"post-4440","1":"product","2":"type-product","3":"status-publish","4":"has-post-thumbnail","6":"product_cat-small-ammeter","7":"product_cat-product","8":"product_cat-meter","9":"product_cat-smart-meter","10":"product_cat-small-voltmeter","11":"product_tag-3-phase-4-wire-kwh-electronic-energy-meter","12":"product_tag-3-phase-4-wire-multifunction-power-instrument-rs485","13":"product_tag-digital-electric-meter-din-rail-mount","14":"product_tag-din-rail-wattmeter-220v","15":"product_tag-three-phase-energy-meter","16":"product_tag-three-phase-multi-function-smart-meter","17":"desktop-align-center","18":"tablet-align-left","19":"mobile-align-left","21":"first","22":"instock","23":"featured","24":"shipping-taxable","25":"product-type-simple"},"acf":[],"_links":{"self":[{"href":"https:\/\/ua-protector.com\/pt\/wp-json\/wp\/v2\/product\/4440","targetHints":{"allow":["GET"]}}],"collection":[{"href":"https:\/\/ua-protector.com\/pt\/wp-json\/wp\/v2\/product"}],"about":[{"href":"https:\/\/ua-protector.com\/pt\/wp-json\/wp\/v2\/types\/product"}],"version-history":[{"count":13,"href":"https:\/\/ua-protector.com\/pt\/wp-json\/wp\/v2\/product\/4440\/revisions"}],"predecessor-version":[{"id":6700,"href":"https:\/\/ua-protector.com\/pt\/wp-json\/wp\/v2\/product\/4440\/revisions\/6700"}],"wp:featuredmedia":[{"embeddable":true,"href":"https:\/\/ua-protector.com\/pt\/wp-json\/wp\/v2\/media\/4527"}],"wp:attachment":[{"href":"https:\/\/ua-protector.com\/pt\/wp-json\/wp\/v2\/media?parent=4440"}],"wp:term":[{"taxonomy":"product_brand","embeddable":true,"href":"https:\/\/ua-protector.com\/pt\/wp-json\/wp\/v2\/product_brand?post=4440"},{"taxonomy":"product_cat","embeddable":true,"href":"https:\/\/ua-protector.com\/pt\/wp-json\/wp\/v2\/product_cat?post=4440"},{"taxonomy":"product_tag","embeddable":true,"href":"https:\/\/ua-protector.com\/pt\/wp-json\/wp\/v2\/product_tag?post=4440"}],"curies":[{"name":"wp","href":"https:\/\/api.w.org\/{rel}","templated":true}]}}