{"id":4439,"date":"2025-04-27T02:23:54","date_gmt":"2025-04-27T02:23:54","guid":{"rendered":"https:\/\/ua-protector.com\/?post_type=product&#038;p=4439"},"modified":"2025-11-20T04:14:40","modified_gmt":"2025-11-20T11:14:40","slug":"digital-multi-function-power-meter","status":"publish","type":"product","link":"https:\/\/ua-protector.com\/pt\/produto\/contador\/contador-inteligente\/medidor-de-potencia-digital-multifuncoes\/","title":{"rendered":"Medidor de pot\u00eancia digital multi-fun\u00e7\u00f5es, tipo 96 , tipo 72"},"content":{"rendered":"<h2>Introdu\u00e7\u00e3o<\/h2>\n<hr \/>\n<p><a href=\"https:\/\/ua-protector.com\/pt\"><img fetchpriority=\"high\" decoding=\"async\" class=\"alignleft wp-image-4521 size-medium\" title=\"Medidor de pot\u00eancia digital multi-fun\u00e7\u00f5es\" src=\"https:\/\/ua-protector.com\/wp-content\/uploads\/2025\/04\/JGYB-96-0-300x300.jpg\" alt=\"Medidor de pot\u00eancia digital multi-fun\u00e7\u00f5es\" width=\"300\" height=\"300\" data-wp-editing=\"1\" srcset=\"https:\/\/ua-protector.com\/wp-content\/uploads\/2025\/04\/JGYB-96-0-300x300.jpg 300w, https:\/\/ua-protector.com\/wp-content\/uploads\/2025\/04\/JGYB-96-0-100x100.jpg 100w, https:\/\/ua-protector.com\/wp-content\/uploads\/2025\/04\/JGYB-96-0-600x600.jpg 600w, https:\/\/ua-protector.com\/wp-content\/uploads\/2025\/04\/JGYB-96-0-150x150.jpg 150w, https:\/\/ua-protector.com\/wp-content\/uploads\/2025\/04\/JGYB-96-0-768x768.jpg 768w, https:\/\/ua-protector.com\/wp-content\/uploads\/2025\/04\/JGYB-96-0.jpg 800w\" sizes=\"(max-width: 300px) 100vw, 300px\" \/><\/a><\/p>\n<p><strong>\u00a0 <\/strong><\/p>\n<p><strong>\u00a0 \u00a0<a href=\"https:\/\/ua-protector.com\/pt\/reconexao-automatica-contador-de-energia-protetor-de-ensaio-jgdl-63\/\">Medidor de pot\u00eancia digital multi-fun\u00e7\u00f5es <\/a><\/strong>Foi concebido para as necessidades de monitoriza\u00e7\u00e3o de energia de sistemas de energia, empresas industriais e mineiras, instala\u00e7\u00f5es p\u00fablicas e edif\u00edcios inteligentes. Pode medir todos os par\u00e2metros de pot\u00eancia comuns, como a corrente trif\u00e1sica, a tens\u00e3o, a pot\u00eancia ativa e reactiva, a eletricidade, os harm\u00f3nicos, etc. Porque o <a href=\"https:\/\/elejg.com\/\" target=\"_blank\" rel=\"noopener\">medidor de pot\u00eancia<\/a> tamb\u00e9m tem uma fun\u00e7\u00e3o de rede de comunica\u00e7\u00e3o completa, chamamos-lhe um medidor de energia de rede. \u00c9 ideal para sistemas de monitoriza\u00e7\u00e3o de energia em tempo real.<\/p>\n<p>&nbsp;<\/p>\n<p>O medidor tem uma elevada rela\u00e7\u00e3o desempenho\/pre\u00e7o e pode substituir diretamente os transmissores de energia e os instrumentos de medi\u00e7\u00e3o convencionais. Como elemento avan\u00e7ado de aquisi\u00e7\u00e3o front-end inteligente e digital, esta s\u00e9rie de instrumentos de rede tem sido amplamente utilizada em v\u00e1rios sistemas de controlo, sistemas SCADA e sistemas de gest\u00e3o de energia.<\/p>\n<h1><\/h1>\n<h2><strong>Normas do produto<\/strong><\/h2>\n<hr \/>\n<p>GB\/T 22264.1-2008 Aparelhos de medi\u00e7\u00e3o el\u00e9ctricos com ecr\u00e3 digital montado - Parte 1: Defini\u00e7\u00f5es e requisitos gerais<\/p>\n<p>GB\/T 22264.7-2008 Aparelhos de medi\u00e7\u00e3o el\u00e9ctricos com ecr\u00e3 digital montado - Parte 7: Requisitos especiais para aparelhos multifuncionais<\/p>\n<p>GB\/T 22264.8-2008 Aparelhos de medi\u00e7\u00e3o el\u00e9ctricos com ecr\u00e3 digital montado - Parte 8: M\u00e9todos de verifica\u00e7\u00e3o recomendados<\/p>\n<p>GB\/T 17215.322-2008 Equipamento de medi\u00e7\u00e3o de corrente alternada - Requisitos especiais - Parte 22: Contadores de energia ativa est\u00e1tica (0,2S e 0,5S)<\/p>\n<p>GB\/T 17215.323-2008 Equipamento de medi\u00e7\u00e3o de corrente alternada - Requisitos especiais - Parte 23: Contadores de energia reactiva estacion\u00e1rios (Classes 2 e 3)<\/p>\n<p>DL\/T 614-2007 Contador de energia multifuncional<\/p>\n<p>GB14287-2005 Sistema de monitoriza\u00e7\u00e3o de inc\u00eandios el\u00e9ctricos<\/p>\n<p>GB50045-95 C\u00f3digo para o projeto de prote\u00e7\u00e3o contra inc\u00eandios de edif\u00edcios civis de grande altura<\/p>\n<p>GB50054-95 C\u00f3digo de Projeto para Distribui\u00e7\u00e3o de Energia de Baixa Tens\u00e3o<\/p>\n<p>GB50096 C\u00f3digos de projeto residencial<\/p>\n<p>GB13955-2005 Instala\u00e7\u00e3o e funcionamento do dispositivo de prote\u00e7\u00e3o contra a a\u00e7\u00e3o de corrente residual<\/p>\n<p>GB50016-2006 C\u00f3digo para o projeto de prote\u00e7\u00e3o contra inc\u00eandios de edif\u00edcios<\/p>\n<h2><strong>Medidor de pot\u00eancia digital multifun\u00e7\u00f5es da nomenclatura do modelo<\/strong><\/h2>\n<hr \/>\n<p><strong>Carater\u00edsticas de desempenho:<\/strong><\/p>\n<p>Medi\u00e7\u00e3o de alta precis\u00e3o da tens\u00e3o trif\u00e1sica, corrente trif\u00e1sica, pot\u00eancia ativa, pot\u00eancia reactiva, pot\u00eancia aparente, fator de pot\u00eancia, frequ\u00eancia e outros par\u00e2metros el\u00e9ctricos<\/p>\n<p>Medi\u00e7\u00e3o de energia ativa\/reactiva para a frente e para tr\u00e1s<\/p>\n<p>Medi\u00e7\u00e3o de energia el\u00e9ctrica ao tempo de utiliza\u00e7\u00e3o, leitura de contadores de energia el\u00e9ctrica ao tempo de utiliza\u00e7\u00e3o<\/p>\n<p>Medir a taxa de distor\u00e7\u00e3o harm\u00f3nica total (THD) da tens\u00e3o trif\u00e1sica e da corrente trif\u00e1sica, e a componente harm\u00f3nica \u00edmpar de 2 a 31<\/p>\n<p>Fornecimento de um ecr\u00e3 de tubo digital ou LCD, consulta local de dados<\/p>\n<p>Os menus s\u00e3o intuitivos e as teclas s\u00e3o f\u00e1ceis de utilizar<\/p>\n<p>O r\u00e1cio de convers\u00e3o de corrente e tens\u00e3o \u00e9 program\u00e1vel<\/p>\n<p>Permite a monitoriza\u00e7\u00e3o da corrente de fuga em v\u00e1rios circuitos<\/p>\n<p>Fornecer n\u00f3 de controlo multi-loop, que pode ser utilizado para alarme, disparo e outro controlo<\/p>\n<p>Apoiar a liga\u00e7\u00e3o de combate a inc\u00eandios e cortar remotamente o circuito de avarias<\/p>\n<p>Suporta comunica\u00e7\u00e3o RS-485, protocolo Modbus-RTU<\/p>\n<p>Suporta entrada de comuta\u00e7\u00e3o, sa\u00edda de comuta\u00e7\u00e3o, sa\u00edda de transmiss\u00e3o anal\u00f3gica e sa\u00edda de impulsos de pot\u00eancia<\/p>\n<p>\u00c9 f\u00e1cil de instalar, simples de ligar e pequeno em termos de engenharia<\/p>\n<p>Fonte de alimenta\u00e7\u00e3o universal AC\/DC de grande alcance: AC\/DC 80V~270V<\/p>\n<p>Pode completar a liga\u00e7\u00e3o em rede de uma variedade de software de comunica\u00e7\u00e3o em SCADA e PLC<\/p>\n<h2><strong>Indicadores t\u00e9cnicos<\/strong><\/h2>\n<hr \/>\n<p><strong>Exatid\u00e3o da medi\u00e7\u00e3o<\/strong><\/p>\n<p>Tens\u00e3o 0,5 classe<\/p>\n<p>Classe 0,5 atual<\/p>\n<p>Pot\u00eancia ativa 0,5 classe<\/p>\n<p>Pot\u00eancia reactiva 0,5 classe<\/p>\n<p>Fator de pot\u00eancia 0,5 n\u00edvel<\/p>\n<p>Frequ\u00eancia \u00b10,02Hz<\/p>\n<p>Energia ativa 0,5S ou 0,2S<\/p>\n<p>N\u00edvel de energia reactiva 1 ou 2<\/p>\n<p><strong>Entrada de sinal<\/strong><\/p>\n<p>M\u00e9todo de liga\u00e7\u00e3o: trif\u00e1sico a quatro fios, trif\u00e1sico a tr\u00eas fios<\/p>\n<p>Tens\u00e3o nominal: AC 57,7V, AC 100V, AC 220V, AC 380V<\/p>\n<p>Corrente nominal: AC 1A, AC 5A<\/p>\n<p>Tens\u00e3o de sobrecarga: 1,2 vezes (cont\u00ednua), 2 vezes\/1 segundo (instant\u00e2nea)<\/p>\n<p>Corrente: 1,2x (cont\u00ednua), 10x\/5 seg. (instant\u00e2nea)<\/p>\n<p>Consumo de energia Tens\u00e3o: &lt;1VA\/fase, Corrente: &lt;0,4VA\/fase<\/p>\n<p>Imped\u00e2ncia de tens\u00e3o: &gt;300k\u03a9, Corrente: &lt;20m\u03a9<\/p>\n<p>Frequ\u00eancia: 45~65Hz<\/p>\n<p><strong>Fonte de alimenta\u00e7\u00e3o auxiliar<\/strong><\/p>\n<p>Gama de funcionamento AC\/DC: 80V~270V<\/p>\n<p>Consumo de energia &lt;4VA<\/p>\n<p><strong>M\u00f3dulos funcionais<\/strong><\/p>\n<p>Interface de comunica\u00e7\u00e3o: Suporta comunica\u00e7\u00e3o RS-485 de 1 canal, protocolo Modbus-RTU<\/p>\n<p>Taxa de transmiss\u00e3o: 1200~9600bps, predefini\u00e7\u00e3o 2400 bps<\/p>\n<p>As entradas de comuta\u00e7\u00e3o suportam 4 entradas de jun\u00e7\u00e3o seca<\/p>\n<p>Sa\u00edda de comuta\u00e7\u00e3o Suporta 3 sa\u00eddas de rel\u00e9, capacidade: AC 250V\/5A, DC 30V\/5A<\/p>\n<p>Sa\u00edda do transdutor Suporta 1 sa\u00edda anal\u00f3gica: 0\/4~20mA ou 0~5\/10V<\/p>\n<p>Sa\u00edda de impulsos de pot\u00eancia Suporta 2 sa\u00eddas de impulsos de pot\u00eancia, constante: 8000imp\/KWh(Kvarh)<\/p>\n<p><strong>ambiente<\/strong><\/p>\n<p>Temperatura de funcionamento: -10\u00b0C~+55\u00b0C<\/p>\n<p>Temperatura de armazenamento: -25\u00b0C~+70\u00b0C<\/p>\n<p>Humidade relativa \u226493%, sem localiza\u00e7\u00e3o de g\u00e1s corrosivo<\/p>\n<p>\u2264 2500m acima do n\u00edvel do mar<\/p>\n<p><strong>seguro<\/strong><\/p>\n<p>Resist\u00eancia de isolamento &gt;100M\u03a9<\/p>\n<p>Tens\u00e3o suport\u00e1vel AC 2KV<\/p>\n<p><strong>Desempenho em termos de compatibilidade electromagn\u00e9tica<\/strong><\/p>\n<p>N\u00edvel de descarga eletrost\u00e1tica 4<\/p>\n<p>Explos\u00e3o el\u00e9ctrica transit\u00f3ria r\u00e1pida classe 4<\/p>\n<p>Surto (Choque) N\u00edvel 4<\/p>\n<p><strong>Dimens\u00f5es<\/strong><\/p>\n<p>Tamanho da moldura (mm) 120\u00d7120; 96\u00d796; 80\u00d780; 72\u00d772<\/p>\n<p>Tamanho do corte (mm) 111\u00d7111; 92\u00d792; 76\u00d776; 68\u00d768<\/p>\n<hr \/>\n<h1 class=\"elementor-heading-title elementor-size-default\"><span style=\"color: #0000ff;\">Contacte-nos agora, a amostra gr\u00e1tis est\u00e1 dispon\u00edvel<\/span><\/h1>\n<p>Para obter mais informa\u00e7\u00f5es sobre os nossos produtos e servi\u00e7os, receber\u00e1 uma resposta de um especialista em eletricidade.<\/p>\n<p>Mob\/WhatsApp\/WeChat\/Wang: +86 18958900126<br \/>\nE-mail comercial\uff1a<strong>sales@tokeep.net<br \/>\n<\/strong>Tecnologia Email:\u00a0<strong>tokeepcc@gmail.com<\/strong><strong><br \/>\n<\/strong>Correio eletr\u00f3nico pessoal:<strong>\u00a0wxj7607@126.com<\/strong><\/p>\n<p><img decoding=\"async\" class=\"alignnone wp-image-5833 size-full\" src=\"https:\/\/ua-protector.com\/wp-content\/uploads\/2025\/04\/whateapp-1.jpg\" sizes=\"(max-width: 573px) 100vw, 573px\" srcset=\"https:\/\/ua-protector.com\/wp-content\/uploads\/2025\/04\/whateapp-1.jpg 573w, https:\/\/ua-protector.com\/wp-content\/uploads\/2025\/04\/whateapp-1-300x169.jpg 300w, https:\/\/ua-protector.com\/wp-content\/uploads\/2025\/04\/whateapp-1-18x10.jpg 18w\" alt=\"\" width=\"573\" height=\"322\" \/><\/p>","protected":false},"excerpt":{"rendered":"<p>O medidor de energia digital multifun\u00e7\u00f5es foi concebido para as necessidades de monitoriza\u00e7\u00e3o de energia de sistemas de energia, empresas industriais e mineiras, instala\u00e7\u00f5es p\u00fablicas e edif\u00edcios inteligentes. Pode medir todos os par\u00e2metros de pot\u00eancia comuns, tais como corrente trif\u00e1sica, tens\u00e3o, pot\u00eancia ativa e reactiva, eletricidade, harm\u00f3nicos, etc. Como o medidor de energia tamb\u00e9m tem uma fun\u00e7\u00e3o de rede de comunica\u00e7\u00e3o completa, chamamos-lhe um medidor de energia de rede. \u00c9 ideal para sistemas de monitoriza\u00e7\u00e3o de energia em tempo real. O medidor tem uma elevada rela\u00e7\u00e3o desempenho\/pre\u00e7o e pode substituir diretamente os transmissores de energia e os instrumentos de medi\u00e7\u00e3o convencionais. Como elemento avan\u00e7ado de aquisi\u00e7\u00e3o front-end inteligente e digital, esta s\u00e9rie de instrumentos de rede tem sido amplamente utilizada em v\u00e1rios sistemas de controlo, sistemas SCADA e sistemas de gest\u00e3o de energia<\/p>","protected":false},"featured_media":4521,"template":"","meta":{"_acf_changed":false,"site-sidebar-layout":"default","site-content-layout":"","ast-site-content-layout":"default","site-content-style":"default","site-sidebar-style":"default","ast-global-header-display":"","ast-banner-title-visibility":"","ast-main-header-display":"","ast-hfb-above-header-display":"","ast-hfb-below-header-display":"","ast-hfb-mobile-header-display":"","site-post-title":"","ast-breadcrumbs-content":"","ast-featured-img":"","footer-sml-layout":"","theme-transparent-header-meta":"default","adv-header-id-meta":"","stick-header-meta":"","header-above-stick-meta":"","header-main-stick-meta":"","header-below-stick-meta":"","astra-migrate-meta-layouts":"set","ast-page-background-enabled":"default","ast-page-background-meta":{"desktop":{"background-color":"","background-image":"","background-repeat":"repeat","background-position":"center center","background-size":"auto","background-attachment":"scroll","background-type":"","background-media":"","overlay-type":"","overlay-color":"","overlay-opacity":"","overlay-gradient":""},"tablet":{"background-color":"","background-image":"","background-repeat":"repeat","background-position":"center center","background-size":"auto","background-attachment":"scroll","background-type":"","background-media":"","overlay-type":"","overlay-color":"","overlay-opacity":"","overlay-gradient":""},"mobile":{"background-color":"","background-image":"","background-repeat":"repeat","background-position":"center center","background-size":"auto","background-attachment":"scroll","background-type":"","background-media":"","overlay-type":"","overlay-color":"","overlay-opacity":"","overlay-gradient":""}},"ast-content-background-meta":{"desktop":{"background-color":"var(--ast-global-color-5)","background-image":"","background-repeat":"repeat","background-position":"center center","background-size":"auto","background-attachment":"scroll","background-type":"","background-media":"","overlay-type":"","overlay-color":"","overlay-opacity":"","overlay-gradient":""},"tablet":{"background-color":"var(--ast-global-color-5)","background-image":"","background-repeat":"repeat","background-position":"center center","background-size":"auto","background-attachment":"scroll","background-type":"","background-media":"","overlay-type":"","overlay-color":"","overlay-opacity":"","overlay-gradient":""},"mobile":{"background-color":"var(--ast-global-color-5)","background-image":"","background-repeat":"repeat","background-position":"center center","background-size":"auto","background-attachment":"scroll","background-type":"","background-media":"","overlay-type":"","overlay-color":"","overlay-opacity":"","overlay-gradient":""}}},"product_brand":[],"product_cat":[64,15,70,55,69],"product_tag":[97,103,101,102,98,99,100],"class_list":{"0":"post-4439","1":"product","2":"type-product","3":"status-publish","4":"has-post-thumbnail","6":"product_cat-smart-meter","7":"product_cat-product","8":"product_cat-small-ammeter","9":"product_cat-meter","10":"product_cat-small-voltmeter","11":"product_tag-digital-multi-function-power-meter","12":"product_tag-electricity-meter","13":"product_tag-lcd-voltmeter","14":"product_tag-led-voltmeter","15":"product_tag-multi-functional-power-meter","16":"product_tag-multifunction-digital-energy-meters","17":"product_tag-multifunction-meters","18":"desktop-align-center","19":"tablet-align-left","20":"mobile-align-left","22":"first","23":"instock","24":"downloadable","25":"shipping-taxable","26":"product-type-simple"},"acf":[],"_links":{"self":[{"href":"https:\/\/ua-protector.com\/pt\/wp-json\/wp\/v2\/product\/4439","targetHints":{"allow":["GET"]}}],"collection":[{"href":"https:\/\/ua-protector.com\/pt\/wp-json\/wp\/v2\/product"}],"about":[{"href":"https:\/\/ua-protector.com\/pt\/wp-json\/wp\/v2\/types\/product"}],"version-history":[{"count":17,"href":"https:\/\/ua-protector.com\/pt\/wp-json\/wp\/v2\/product\/4439\/revisions"}],"predecessor-version":[{"id":5306,"href":"https:\/\/ua-protector.com\/pt\/wp-json\/wp\/v2\/product\/4439\/revisions\/5306"}],"wp:featuredmedia":[{"embeddable":true,"href":"https:\/\/ua-protector.com\/pt\/wp-json\/wp\/v2\/media\/4521"}],"wp:attachment":[{"href":"https:\/\/ua-protector.com\/pt\/wp-json\/wp\/v2\/media?parent=4439"}],"wp:term":[{"taxonomy":"product_brand","embeddable":true,"href":"https:\/\/ua-protector.com\/pt\/wp-json\/wp\/v2\/product_brand?post=4439"},{"taxonomy":"product_cat","embeddable":true,"href":"https:\/\/ua-protector.com\/pt\/wp-json\/wp\/v2\/product_cat?post=4439"},{"taxonomy":"product_tag","embeddable":true,"href":"https:\/\/ua-protector.com\/pt\/wp-json\/wp\/v2\/product_tag?post=4439"}],"curies":[{"name":"wp","href":"https:\/\/api.w.org\/{rel}","templated":true}]}}