{"id":4435,"date":"2025-04-27T02:23:54","date_gmt":"2025-04-27T02:23:54","guid":{"rendered":"https:\/\/ua-protector.com\/?post_type=product&#038;p=4435"},"modified":"2025-08-06T00:23:06","modified_gmt":"2025-08-06T07:23:06","slug":"intelligent-current-voltage-protector","status":"publish","type":"product","link":"https:\/\/ua-protector.com\/pt\/produto\/protetor\/protetor-limitador-de-corrente-a-prova-de-fogo\/protetor-inteligente-de-corrente-e-tensao\/","title":{"rendered":"Protetor inteligente de tens\u00e3o limitadora de corrente JGIV-63S"},"content":{"rendered":"<h3><strong>Apresenta\u00e7\u00e3o do produto<\/strong><\/h3>\n<hr \/>\n<figure id=\"attachment_4506\" aria-describedby=\"caption-attachment-4506\" style=\"width: 150px\" class=\"wp-caption alignleft\"><img decoding=\"async\" class=\"wp-image-4506 size-thumbnail\" src=\"https:\/\/ua-protector.com\/wp-content\/uploads\/2025\/04\/JGXL-63-S-2-150x150.jpg\" alt=\"protetor de tens\u00e3o para casa\" width=\"150\" height=\"150\" srcset=\"https:\/\/ua-protector.com\/wp-content\/uploads\/2025\/04\/JGXL-63-S-2-150x150.jpg 150w, https:\/\/ua-protector.com\/wp-content\/uploads\/2025\/04\/JGXL-63-S-2-300x300.jpg 300w, https:\/\/ua-protector.com\/wp-content\/uploads\/2025\/04\/JGXL-63-S-2-100x100.jpg 100w, https:\/\/ua-protector.com\/wp-content\/uploads\/2025\/04\/JGXL-63-S-2-600x600.jpg 600w, https:\/\/ua-protector.com\/wp-content\/uploads\/2025\/04\/JGXL-63-S-2-768x768.jpg 768w, https:\/\/ua-protector.com\/wp-content\/uploads\/2025\/04\/JGXL-63-S-2.jpg 800w\" sizes=\"(max-width: 150px) 100vw, 150px\" \/><figcaption id=\"caption-attachment-4506\" class=\"wp-caption-text\">protetor de tens\u00e3o para casa<\/figcaption><\/figure>\n<p><a href=\"https:\/\/ua-protector.com\/pt\/categoria-produto\/produto\/\"> \u00a0Protetor de tens\u00e3o para casa<\/a> O protetor inteligente de sobretens\u00e3o do tipo limitador de corrente \u00e9 um conjunto de: fun\u00e7\u00f5es de prote\u00e7\u00e3o contra sobretens\u00e3o, subtens\u00e3o e sobrecorrente de um protetor abrangente, produto modular, inteligente, visualizado, prote\u00e7\u00e3o contra sobretens\u00e3o, subtens\u00e3o e sobrecorrente do produto, todos os par\u00e2metros de prote\u00e7\u00e3o podem ser definidos, quando a linha <a href=\"https:\/\/elejg.com\/\" target=\"_blank\" rel=\"noopener\">sobretens\u00e3o<\/a>Se ocorrerem falhas de tens\u00e3o, subtens\u00e3o, sobrecorrente ou outras, o protetor pode cortar instantaneamente o fornecimento de energia, protegendo o equipamento el\u00e9trico intacto e sem danos.<\/p>\n<p>\u3002 Esta s\u00e9rie de produtos tem estrutura compacta e apar\u00eancia bonita, e \u00e9 instalada em trilhos de guia padr\u00e3o.<\/p>\n<h3><strong>\u00a0Protetor de tens\u00e3o das condi\u00e7\u00f5es de trabalho<\/strong><\/h3>\n<hr \/>\n<table style=\"border-collapse: collapse; width: 249.03pt;\" border=\"0\" width=\"332\" cellspacing=\"0\" cellpadding=\"0\">\n<tbody>\n<tr style=\"height: 13.50pt;\">\n<td class=\"et2\" style=\"height: 13.50pt; width: 159.40pt;\" width=\"212\" height=\"18\">Tipo<\/td>\n<td class=\"et3\" style=\"width: 89.95pt;\" width=\"119\">JGIV-63S<\/td>\n<\/tr>\n<tr style=\"height: 13.50pt;\">\n<td class=\"et4\" style=\"height: 13.50pt;\" height=\"18\">Intervalo de regula\u00e7\u00e3o atual<\/td>\n<td class=\"et4\"><span class=\"font2\">63A(2<\/span><span class=\"font3\">~<\/span><span class=\"font2\">63A)<\/span><\/td>\n<\/tr>\n<tr style=\"height: 13.50pt;\">\n<td class=\"et4\" style=\"height: 13.50pt;\" height=\"18\">Intervalo de regula\u00e7\u00e3o da sobretens\u00e3o<\/td>\n<td class=\"et4\"><span class=\"font2\">AC270V(210<\/span><span class=\"font3\">~<\/span><span class=\"font2\">300V)<\/span><\/td>\n<\/tr>\n<tr style=\"height: 13.50pt;\">\n<td class=\"et4\" style=\"height: 13.50pt;\" height=\"18\">Gama de regula\u00e7\u00e3o da subtens\u00e3o<\/td>\n<td class=\"et4\"><span class=\"font2\">AC170V(80<\/span><span class=\"font3\">~<\/span><span class=\"font2\">200V)<\/span><\/td>\n<\/tr>\n<\/tbody>\n<\/table>\n<p>1. A temperatura ambiente n\u00e3o excede +40 \u00b0C, nem \u00e9 inferior a -5 \u00b0C, e a temperatura m\u00e9dia de 24 horas n\u00e3o excede +35 \u00b0C; a ++40 \u00b0C, a humidade do ar circundante n\u00e3o excede 50%;<\/p>\n<p>2. A altura do mar no local da instala\u00e7\u00e3o n\u00e3o deve exceder 2000 metros<\/p>\n<p>3. N\u00edvel de polui\u00e7\u00e3o 3<\/p>\n<p>4. No ambiente de instala\u00e7\u00e3o, n\u00e3o existe qualquer meio com risco de explos\u00e3o, nem g\u00e1s ou poeiras condutoras que sejam corrosivas e destruam o isolamento, nem locais de invas\u00e3o de chuva e neve<\/p>\n<h3><strong>Em terceiro lugar, os principais par\u00e2metros t\u00e9cnicos<\/strong><\/h3>\n<hr \/>\n<p>1. Tens\u00e3o de funcionamento: AC230V, 50Hz;<\/p>\n<p>2. Corrente nominal: 40A Definir gama de 1 a 40A;<\/p>\n<p>A defini\u00e7\u00e3o de 80A varia de 1 a 80A;<\/p>\n<p>3. Valor de prote\u00e7\u00e3o contra sobretens\u00e3o: AC270V definido de 220 a 300V;<\/p>\n<p>4. Valor de prote\u00e7\u00e3o contra sobretens\u00e3o: AC170V definido para uma gama de 140 a 200V;<\/p>\n<p>5. Fecho autom\u00e1tico com um atraso de 1 segundo para a primeira liga\u00e7\u00e3o normal;<\/p>\n<p>6. Em caso de sobretens\u00e3o, subtens\u00e3o e sobrecorrente, quando ligado pela primeira vez, o produto ser\u00e1 automaticamente desligado no espa\u00e7o de 3 segundos;<\/p>\n<p>7. Tempo de reinicializa\u00e7\u00e3o ap\u00f3s falha: 20 segundos;<\/p>\n<p>8. A vida mec\u00e2nica \u2265 100.000 vezes;<\/p>\n<p>9. M\u00e9todo de cablagem do produto: para baixo, dentro e fora da linha, para cima, dentro e fora da linha, a liga\u00e7\u00e3o padr\u00e3o<\/p>\n<p>O modo de linha \u00e9 \"down the line\" e a linha est\u00e1 desligada;<\/p>\n<p>10. O consumo de energia do pr\u00f3prio produto: \u22642W<\/p>\n<p>11. A capacidade de cablagem \u00e9 de 16 metros quadrados<\/p>\n<h3><strong>Em quarto lugar, a fun\u00e7\u00e3o-chave<\/strong><\/h3>\n<hr \/>\n<p>1. Bot\u00e3o de defini\u00e7\u00e3o: Prima e mantenha premido o bot\u00e3o de defini\u00e7\u00e3o durante 2 segundos para entrar no estado de defini\u00e7\u00e3o e, depois de entrar no estado de defini\u00e7\u00e3o, prima-o sempre para entrar no menu de defini\u00e7\u00e3o seguinte;<\/p>\n<p>2. Tecla para cima: Consultar os par\u00e2metros de defini\u00e7\u00e3o do funcionamento atual do produto e aumentar os par\u00e2metros do valor de defini\u00e7\u00e3o no estado de defini\u00e7\u00e3o;<\/p>\n<p>3. Bot\u00e3o para baixo: consulta a \u00faltima informa\u00e7\u00e3o de falha do produto e reduz o par\u00e2metro do valor definido no estado de defini\u00e7\u00e3o;<\/p>\n<p>4. Bot\u00e3o de reinicializa\u00e7\u00e3o: quando a primeira sobrecorrente \u00e9 gerada, o produto fecha automaticamente ap\u00f3s o tempo de reinicializa\u00e7\u00e3o especificado no atraso, e quando a segunda sobrecorrente deve ser determinada que a carga n\u00e3o est\u00e1 sobrecarregada, pressione manualmente o bot\u00e3o de reinicializa\u00e7\u00e3o para fechar o produto, e pressione o bot\u00e3o de reinicializa\u00e7\u00e3o para salvar e sair do estado de configura\u00e7\u00e3o ao definir o estado.<\/p>\n<h3><strong>Protetor de tens\u00e3o das defini\u00e7\u00f5es do produto<\/strong><\/h3>\n<hr \/>\n<p>1. Premir e manter premido o bot\u00e3o de regula\u00e7\u00e3o durante 2 segundos para entrar no estado de regula\u00e7\u00e3o e apresentar o valor de regula\u00e7\u00e3o da sobretens\u00e3o UH270, o intervalo de regula\u00e7\u00e3o \u00e9 200-300 e o valor de prote\u00e7\u00e3o predefinido da sobretens\u00e3o \u00e9 AC270V;<\/p>\n<p>2. Prima o bot\u00e3o para cima ou para baixo para alterar o valor de prote\u00e7\u00e3o necess\u00e1rio para a sobretens\u00e3o;<\/p>\n<p>3. Prima o bot\u00e3o de defini\u00e7\u00e3o para entrar no menu seguinte, o valor de defini\u00e7\u00e3o da subtens\u00e3o \u00e9 UL170 e o intervalo de defini\u00e7\u00e3o \u00e9 140-200; valor de prote\u00e7\u00e3o predefinido da subtens\u00e3o AC170V;<\/p>\n<p>4. Prima o bot\u00e3o para cima ou para baixo para alterar o valor de prote\u00e7\u00e3o necess\u00e1rio para a subtens\u00e3o;<\/p>\n<p>5. Prima o bot\u00e3o de defini\u00e7\u00e3o para entrar no menu seguinte, o valor de defini\u00e7\u00e3o da prote\u00e7\u00e3o contra subtens\u00e3o \u00e9 Ut1, o intervalo de defini\u00e7\u00e3o \u00e9 de 1-120 segundos e o valor predefinido \u00e9 1 segundo;<\/p>\n<p>6. Prima o bot\u00e3o para cima ou para baixo para alterar o valor de prote\u00e7\u00e3o necess\u00e1rio para a sobretens\u00e3o;<\/p>\n<p>7. Prima o bot\u00e3o de defini\u00e7\u00e3o para entrar no menu seguinte, o valor de defini\u00e7\u00e3o da prote\u00e7\u00e3o de corrente nominal \u00e9 In63, o intervalo de defini\u00e7\u00e3o \u00e9 1-80A e o valor predefinido \u00e9 40A ou 63A;<\/p>\n<p>9. Prima o bot\u00e3o para cima ou para baixo para alterar o valor de prote\u00e7\u00e3o necess\u00e1rio para a sobreintensidade;<\/p>\n<p>10. Prima o bot\u00e3o de defini\u00e7\u00e3o para entrar no menu seguinte, defina o tempo da prote\u00e7\u00e3o de sobreintensidade Int20, defina o intervalo de 1 a 120 segundos e o valor predefinido \u00e9 20 segundos;<\/p>\n<p>11. Prima o bot\u00e3o para cima ou para baixo para alterar o tempo de prote\u00e7\u00e3o necess\u00e1rio para a sobreintensidade;<\/p>\n<p>12. Prima o bot\u00e3o de defini\u00e7\u00e3o para entrar no menu seguinte e o tempo de reposi\u00e7\u00e3o autom\u00e1tica Adt20 ap\u00f3s a falha, o intervalo de defini\u00e7\u00e3o \u00e9 de 1-120 segundos e o valor predefinido \u00e9 de 20 segundos;<\/p>\n<p>13. Prima o bot\u00e3o para cima ou para baixo para alterar o tempo de reinicializa\u00e7\u00e3o autom\u00e1tica;<\/p>\n<p>14. Depois de conclu\u00edda a defini\u00e7\u00e3o, prima o bot\u00e3o de reposi\u00e7\u00e3o para guardar e voltar \u00e0 visualiza\u00e7\u00e3o da corrente e da tens\u00e3o actuais<\/p>\n<h3><strong>Descri\u00e7\u00e3o do painel<\/strong><\/h3>\n<hr \/>\n<p><img fetchpriority=\"high\" decoding=\"async\" class=\"alignnone wp-image-5539\" src=\"https:\/\/ua-protector.com\/wp-content\/uploads\/2025\/04\/\u9762\u677f\u8bf4\u660e-\u82f1\u6587.jpg\" alt=\"\" width=\"800\" height=\"577\" srcset=\"https:\/\/ua-protector.com\/wp-content\/uploads\/2025\/04\/\u9762\u677f\u8bf4\u660e-\u82f1\u6587.jpg 1343w, https:\/\/ua-protector.com\/wp-content\/uploads\/2025\/04\/\u9762\u677f\u8bf4\u660e-\u82f1\u6587-300x216.jpg 300w, https:\/\/ua-protector.com\/wp-content\/uploads\/2025\/04\/\u9762\u677f\u8bf4\u660e-\u82f1\u6587-1024x739.jpg 1024w, https:\/\/ua-protector.com\/wp-content\/uploads\/2025\/04\/\u9762\u677f\u8bf4\u660e-\u82f1\u6587-768x554.jpg 768w, https:\/\/ua-protector.com\/wp-content\/uploads\/2025\/04\/\u9762\u677f\u8bf4\u660e-\u82f1\u6587-18x12.jpg 18w, https:\/\/ua-protector.com\/wp-content\/uploads\/2025\/04\/\u9762\u677f\u8bf4\u660e-\u82f1\u6587-600x433.jpg 600w\" sizes=\"(max-width: 800px) 100vw, 800px\" \/><\/p>\n<p>&nbsp;<\/p>\n<p><img decoding=\"async\" class=\"alignnone wp-image-5538 size-full\" src=\"https:\/\/ua-protector.com\/wp-content\/uploads\/2025\/04\/\u4ea7\u54c1\u5c3a\u5bf8.jpg\" alt=\"\" width=\"700\" height=\"437\" srcset=\"https:\/\/ua-protector.com\/wp-content\/uploads\/2025\/04\/\u4ea7\u54c1\u5c3a\u5bf8.jpg 700w, https:\/\/ua-protector.com\/wp-content\/uploads\/2025\/04\/\u4ea7\u54c1\u5c3a\u5bf8-300x187.jpg 300w, https:\/\/ua-protector.com\/wp-content\/uploads\/2025\/04\/\u4ea7\u54c1\u5c3a\u5bf8-18x12.jpg 18w, https:\/\/ua-protector.com\/wp-content\/uploads\/2025\/04\/\u4ea7\u54c1\u5c3a\u5bf8-600x375.jpg 600w\" sizes=\"(max-width: 700px) 100vw, 700px\" \/><\/p>\n<h2>Deveria ser um plano<\/h2>\n<hr \/>\n<figure id=\"attachment_6111\" class=\"wp-caption alignleft\" aria-describedby=\"caption-attachment-6111\"><img loading=\"lazy\" decoding=\"async\" class=\"wp-image-6111 size-full\" src=\"https:\/\/ua-protector.com\/wp-content\/uploads\/2025\/04\/%E6%8E%A5%E7%BA%BF%E5%9B%BE-%E8%BF%87%E6%AC%A0%E5%8E%8B-3.jpg\" sizes=\"(max-width: 600px) 100vw, 600px\" srcset=\"https:\/\/ua-protector.com\/wp-content\/uploads\/2025\/04\/\u63a5\u7ebf\u56fe-\u8fc7\u6b20\u538b-3.jpg 600w, https:\/\/ua-protector.com\/wp-content\/uploads\/2025\/04\/\u63a5\u7ebf\u56fe-\u8fc7\u6b20\u538b-3-159x300.jpg 159w, https:\/\/ua-protector.com\/wp-content\/uploads\/2025\/04\/\u63a5\u7ebf\u56fe-\u8fc7\u6b20\u538b-3-542x1024.jpg 542w, https:\/\/ua-protector.com\/wp-content\/uploads\/2025\/04\/\u63a5\u7ebf\u56fe-\u8fc7\u6b20\u538b-3-6x12.jpg 6w\" alt=\"protectores contra sobretens\u00e3o e subtens\u00e3o\" width=\"600\" height=\"1133\" \/><figcaption id=\"caption-attachment-6111\" class=\"wp-caption-text\">protectores contra sobretens\u00e3o e subtens\u00e3o<\/figcaption><\/figure>\n<h3 data-slate-node=\"element\"><span class=\"null hover-sent\" style=\"color: #ff0000;\" data-slate-leaf=\"true\" data-sent-id=\"ejrkgDPYqe\">Aviso:<\/span><\/h3>\n<div data-slate-node=\"element\"><span data-slate-node=\"text\"><span class=\"null hover-sent\" data-slate-leaf=\"true\" data-sent-id=\"ejrkgDPYqe\">Os fios N e L n\u00e3o devem ser ligados de forma incorrecta.<\/span><\/span><\/div>\n<div data-slate-node=\"element\" data-slate-fragment=\"JTVCJTdCJTIydHlwZSUyMiUzQSUyMnBhcmFncmFwaCUyMiUyQyUyMmNoaWxkcmVuJTIyJTNBJTVCJTdCJTIyaWQlMjIlM0ElMjJlanJrZ0RQWXFlJTIyJTJDJTIycGFyYUlkeCUyMiUzQTElMkMlMjJzcmMlMjIlM0ElMjJBdHRlbnRpb24lM0ElMjBUaGUlMjBOJTIwYW5kJTIwTCUyMHdpcmVzJTIwbXVzdCUyMG5vdCUyMGJlJTIwY29ubmVjdGVkJTIwaW5jb3JyZWN0bHkuJTIyJTJDJTIyZHN0JTIyJTNBJTIyJUU2JUIzJUE4JUU2JTg0JThGJUVGJUJDJTlBTiVFNSU5MiU4Q0wlRTclQkElQkYlRTQlQjglOEQlRTUlQkUlOTclRTglQkYlOUUlRTYlOEUlQTUlRTklOTQlOTklRTglQUYlQUYlRTMlODAlODIlMjIlMkMlMjJtZXRhZGF0YSUyMiUzQSUyMiUyMiUyQyUyMm1hdGNoZXMlMjIlM0FudWxsJTJDJTIybWV0YURhdGElMjIlM0ElNUIlNUQlMkMlMjJ0ZXh0JTIyJTNBJTIyVGhlJTIwTiUyMGFuZCUyMEwlMjB3aXJlcyUyMG11c3QlMjBub3QlMjBiZSUyMGNvbm5lY3RlZCUyMGluY29ycmVjdGx5LiUyMiU3RCU1RCU3RCUyQyU3QiUyMnR5cGUlMjIlM0ElMjJwYXJhZ3JhcGglMjIlMkMlMjJjaGlsZHJlbiUyMiUzQSU1QiU3QiUyMmlkJTIyJTNBJTIyVk5ETmRqOUFiQiUyMiUyQyUyMnBhcmFJZHglMjIlM0EyJTJDJTIyc3JjJTIyJTNBJTIyQWxsJTIwdGVybWluYWxzJTIwbXVzdCUyMGJlJTIwdGlnaHRlbmVkJTIwdG8lMjBwcmV2ZW50JTIwZmFsc2UlMjBjb25uZWN0aW9ucyUyMHRoYXQlMjBjb3VsZCUyMGJ1cm4lMjBvdXQlMjB0aGUlMjBwcm90ZWN0b3IuJTIyJTJDJTIyZHN0JTIyJTNBJTIyJUU2JTg5JTgwJUU2JTlDJTg5JUU3JUFCJUFGJUU1JUFEJTkwJUU1JUJGJTg1JUU5JUExJUJCJUU2JThCJUE3JUU3JUI0JUE3JUVGJUJDJThDJUU0JUJCJUE1JUU5JTk4JUIyJUU2JUFEJUEyJUU1JThGJUFGJUU4JTgzJUJEJUU3JTgzJUE3JUU1JTlEJThGJUU0JUJGJTlEJUU2JThBJUE0JUU1JTk5JUE4JUU3JTlBJTg0JUU5JTk0JTk5JUU4JUFGJUFGJUU4JUJGJTlFJUU2JThFJUE1JUUzJTgwJTgyJTIyJTJDJTIybWV0YWRhdGElMjIlM0ElMjIlMjIlMkMlMjJtYXRjaGVzJTIyJTNBbnVsbCUyQyUyMm1ldGFEYXRhJTIyJTNBJTVCJTVEJTJDJTIydGV4dCUyMiUzQSUyMkFsbCUyMHRlcm1pbmFscyUyMG11c3QlMjBiZSUyMHRpZ2h0ZW5lZCUyMHRvJTIwcHJldmVudCUyMGZhbHNlJTIwY29ubmVjdGlvbnMlMjB0aGF0JTIwY291bGQlMjBidXJuJTIwb3V0JTIwdGhlJTIwcHJvdGVjdG9yLiUyMiU3RCU1RCU3RCU1RA==\"><span data-slate-node=\"text\"><span class=\"null\" data-slate-leaf=\"true\" data-sent-id=\"VNDNdj9AbB\">Todos os terminais devem ser apertados para evitar liga\u00e7\u00f5es falsas que possam queimar o protetor.<\/span><\/span><\/div>\n<h2><strong>Informa\u00e7\u00f5es sobre o pacote padr\u00e3o<\/strong><\/h2>\n<hr \/>\n<p>&nbsp;<\/p>\n<p><img loading=\"lazy\" decoding=\"async\" class=\"alignnone size-medium wp-image-5943\" src=\"https:\/\/ua-protector.com\/wp-content\/uploads\/2025\/04\/45.5-23.5-31.5-box-300x300.jpg\" sizes=\"(max-width: 300px) 100vw, 300px\" srcset=\"https:\/\/ua-protector.com\/wp-content\/uploads\/2025\/04\/45.5-23.5-31.5-box-300x300.jpg 300w, https:\/\/ua-protector.com\/wp-content\/uploads\/2025\/04\/45.5-23.5-31.5-box-150x150.jpg 150w, https:\/\/ua-protector.com\/wp-content\/uploads\/2025\/04\/45.5-23.5-31.5-box-12x12.jpg 12w, https:\/\/ua-protector.com\/wp-content\/uploads\/2025\/04\/45.5-23.5-31.5-box-600x600.jpg 600w, https:\/\/ua-protector.com\/wp-content\/uploads\/2025\/04\/45.5-23.5-31.5-box-100x100.jpg 100w, https:\/\/ua-protector.com\/wp-content\/uploads\/2025\/04\/45.5-23.5-31.5-box.jpg 750w\" alt=\"\" width=\"300\" height=\"300\" \/><\/p>\n<table style=\"border-collapse: collapse; width: 392px; height: 152px;\" border=\"0\" width=\"459\" cellspacing=\"0\" cellpadding=\"0\">\n<tbody>\n<tr style=\"height: 33.00pt;\">\n<td class=\"et2\" style=\"height: 33.00pt; width: 143.90pt;\" width=\"191\" height=\"44\">Dimens\u00e3o da caixa de cart\u00e3o (cm)<\/td>\n<td class=\"et2\" style=\"width: 54.00pt;\" width=\"72\">Lista de embalagem<\/td>\n<td class=\"et2\" style=\"width: 54.00pt;\" width=\"72\">QUANTIDADE<\/td>\n<td class=\"et2\" style=\"width: 92.80pt;\" width=\"123\">Peso bruto (kg)<\/td>\n<\/tr>\n<tr style=\"height: 49.50pt;\">\n<td class=\"et2\" style=\"height: 49.50pt; width: 143.90pt;\" width=\"191\" height=\"66\">45,5 cm \u00d7 23,5 cm \u00d7 31,5 cm<\/td>\n<td class=\"et2\" style=\"width: 54.00pt;\" width=\"72\">protetor de medi\u00e7\u00e3o<\/td>\n<td class=\"et2\" style=\"width: 54.00pt;\" width=\"72\">120 unidades<\/td>\n<td class=\"et2\" style=\"width: 92.80pt;\" width=\"123\">20 kg<\/td>\n<\/tr>\n<\/tbody>\n<\/table>\n<p>&nbsp;<\/p>\n<hr \/>\n<h1 class=\"elementor-heading-title elementor-size-default\"><span style=\"color: #0000ff;\">Contacte-nos agora, a amostra gr\u00e1tis est\u00e1 dispon\u00edvel<\/span><\/h1>\n<p>Para obter mais informa\u00e7\u00f5es sobre os nossos produtos e servi\u00e7os, receber\u00e1 uma resposta de um especialista em eletricidade.<\/p>\n<p>Mob\/WhatsApp\/<strong>WeChat\/<\/strong>Wang: +86 18958900126<br \/>\nE-mail comercial\uff1a<strong>sales@tokeep.net<br \/>\n<\/strong>Tecnologia Email:\u00a0<strong>tokeepcc@gmail.com<\/strong><strong><br \/>\n<\/strong>Correio eletr\u00f3nico pessoal:<strong>\u00a0wxj7607@126.com<\/strong><\/p>\n<p><img loading=\"lazy\" decoding=\"async\" class=\"alignnone wp-image-5833 size-full\" src=\"https:\/\/ua-protector.com\/wp-content\/uploads\/2025\/04\/whateapp-1.jpg\" sizes=\"(max-width: 573px) 100vw, 573px\" srcset=\"https:\/\/ua-protector.com\/wp-content\/uploads\/2025\/04\/whateapp-1.jpg 573w, https:\/\/ua-protector.com\/wp-content\/uploads\/2025\/04\/whateapp-1-300x169.jpg 300w, https:\/\/ua-protector.com\/wp-content\/uploads\/2025\/04\/whateapp-1-18x10.jpg 18w\" alt=\"\" width=\"573\" height=\"322\" \/><\/p>","protected":false},"excerpt":{"rendered":"<p><a href=\"https:\/\/ua-protector.com\/pt\/categoria-produto\/produto\/\">\u00a0Protetor de tens\u00e3o<\/a> O protetor inteligente de sobretens\u00e3o do tipo limitador de corrente \u00e9 um conjunto de: fun\u00e7\u00f5es de prote\u00e7\u00e3o contra sobretens\u00e3o, subtens\u00e3o e sobrecorrente de um protetor abrangente, produto modular, inteligente, visualizado, sobretens\u00e3o do produto, subtens\u00e3o, prote\u00e7\u00e3o contra sobrecorrente, todos os par\u00e2metros de prote\u00e7\u00e3o podem ser definidos, quando a linha de sobretens\u00e3o, subtens\u00e3o, sobrecorrente e outras falhas ocorrem, o protetor pode cortar instantaneamente a fonte de alimenta\u00e7\u00e3o, proteger o equipamento el\u00e9trico intacto e n\u00e3o danificado.<br \/>\n<strong>Instru\u00e7\u00f5es \uff1a<\/strong><a href=\"https:\/\/ua-protector.com\/wp-content\/uploads\/2025\/04\/JGIV-63Svoltage-protector-1PN.pdf\"> protetor de tens\u00e3o JGIV-63SManual<\/a><\/p>","protected":false},"featured_media":4506,"template":"","meta":{"_acf_changed":false,"site-sidebar-layout":"default","site-content-layout":"","ast-site-content-layout":"default","site-content-style":"default","site-sidebar-style":"default","ast-global-header-display":"","ast-banner-title-visibility":"","ast-main-header-display":"","ast-hfb-above-header-display":"","ast-hfb-below-header-display":"","ast-hfb-mobile-header-display":"","site-post-title":"","ast-breadcrumbs-content":"","ast-featured-img":"","footer-sml-layout":"","theme-transparent-header-meta":"default","adv-header-id-meta":"","stick-header-meta":"","header-above-stick-meta":"","header-main-stick-meta":"","header-below-stick-meta":"","astra-migrate-meta-layouts":"set","ast-page-background-enabled":"default","ast-page-background-meta":{"desktop":{"background-color":"","background-image":"","background-repeat":"repeat","background-position":"center center","background-size":"auto","background-attachment":"scroll","background-type":"","background-media":"","overlay-type":"","overlay-color":"","overlay-opacity":"","overlay-gradient":""},"tablet":{"background-color":"","background-image":"","background-repeat":"repeat","background-position":"center center","background-size":"auto","background-attachment":"scroll","background-type":"","background-media":"","overlay-type":"","overlay-color":"","overlay-opacity":"","overlay-gradient":""},"mobile":{"background-color":"","background-image":"","background-repeat":"repeat","background-position":"center center","background-size":"auto","background-attachment":"scroll","background-type":"","background-media":"","overlay-type":"","overlay-color":"","overlay-opacity":"","overlay-gradient":""}},"ast-content-background-meta":{"desktop":{"background-color":"var(--ast-global-color-5)","background-image":"","background-repeat":"repeat","background-position":"center center","background-size":"auto","background-attachment":"scroll","background-type":"","background-media":"","overlay-type":"","overlay-color":"","overlay-opacity":"","overlay-gradient":""},"tablet":{"background-color":"var(--ast-global-color-5)","background-image":"","background-repeat":"repeat","background-position":"center center","background-size":"auto","background-attachment":"scroll","background-type":"","background-media":"","overlay-type":"","overlay-color":"","overlay-opacity":"","overlay-gradient":""},"mobile":{"background-color":"var(--ast-global-color-5)","background-image":"","background-repeat":"repeat","background-position":"center center","background-size":"auto","background-attachment":"scroll","background-type":"","background-media":"","overlay-type":"","overlay-color":"","overlay-opacity":"","overlay-gradient":""}}},"product_brand":[],"product_cat":[65,70,55,56,62,69],"product_tag":[91,96,92,95,94,93],"class_list":{"0":"post-4435","1":"product","2":"type-product","3":"status-publish","4":"has-post-thumbnail","6":"product_cat-fireproof-current-limiting-protector","7":"product_cat-small-ammeter","8":"product_cat-meter","9":"product_cat-protector","10":"product_cat-voltage-protector","11":"product_cat-small-voltmeter","12":"product_tag-adjustable-over-and-under-voltage-protector","13":"product_tag-adjustable-voltage-protector-settings","14":"product_tag-digital-voltage-protector","15":"product_tag-protector-current-stabilizer-voltmeter-for-house-protection63a","16":"product_tag-voltage-output-stabilizer-for-home-office-appliance","17":"product_tag-voltage-protector-adjustable-under-over-voltage-protection","18":"desktop-align-center","19":"tablet-align-left","20":"mobile-align-left","22":"first","23":"instock","24":"featured","25":"shipping-taxable","26":"product-type-simple"},"acf":[],"_links":{"self":[{"href":"https:\/\/ua-protector.com\/pt\/wp-json\/wp\/v2\/product\/4435","targetHints":{"allow":["GET"]}}],"collection":[{"href":"https:\/\/ua-protector.com\/pt\/wp-json\/wp\/v2\/product"}],"about":[{"href":"https:\/\/ua-protector.com\/pt\/wp-json\/wp\/v2\/types\/product"}],"version-history":[{"count":13,"href":"https:\/\/ua-protector.com\/pt\/wp-json\/wp\/v2\/product\/4435\/revisions"}],"predecessor-version":[{"id":6679,"href":"https:\/\/ua-protector.com\/pt\/wp-json\/wp\/v2\/product\/4435\/revisions\/6679"}],"wp:featuredmedia":[{"embeddable":true,"href":"https:\/\/ua-protector.com\/pt\/wp-json\/wp\/v2\/media\/4506"}],"wp:attachment":[{"href":"https:\/\/ua-protector.com\/pt\/wp-json\/wp\/v2\/media?parent=4435"}],"wp:term":[{"taxonomy":"product_brand","embeddable":true,"href":"https:\/\/ua-protector.com\/pt\/wp-json\/wp\/v2\/product_brand?post=4435"},{"taxonomy":"product_cat","embeddable":true,"href":"https:\/\/ua-protector.com\/pt\/wp-json\/wp\/v2\/product_cat?post=4435"},{"taxonomy":"product_tag","embeddable":true,"href":"https:\/\/ua-protector.com\/pt\/wp-json\/wp\/v2\/product_tag?post=4435"}],"curies":[{"name":"wp","href":"https:\/\/api.w.org\/{rel}","templated":true}]}}