{"id":4432,"date":"2025-04-27T02:23:54","date_gmt":"2025-04-27T02:23:54","guid":{"rendered":"https:\/\/ua-protector.com\/?post_type=product&#038;p=4432"},"modified":"2025-08-06T01:26:43","modified_gmt":"2025-08-06T08:26:43","slug":"current-limiting-fire-alarm-protector","status":"publish","type":"product","link":"https:\/\/ua-protector.com\/pt\/produto\/protetor\/protetor-limitador-de-corrente-a-prova-de-fogo\/protetor-de-alarme-de-incendio-limitador-de-corrente\/","title":{"rendered":"Protetor de alarme de inc\u00eandio com limita\u00e7\u00e3o de corrente FHXL-63"},"content":{"rendered":"<h3><strong>\u00a0Introdu\u00e7\u00e3o<\/strong><\/h3>\n<hr \/>\n<figure id=\"attachment_4494\" aria-describedby=\"caption-attachment-4494\" style=\"width: 300px\" class=\"wp-caption alignleft\"><img fetchpriority=\"high\" decoding=\"async\" class=\"wp-image-4494 size-medium\" src=\"https:\/\/ua-protector.com\/wp-content\/uploads\/2025\/04\/FHXL-63-1-300x300.jpg\" alt=\"protetor de alarme de inc\u00eandio com limita\u00e7\u00e3o de corrente\" width=\"300\" height=\"300\" srcset=\"https:\/\/ua-protector.com\/wp-content\/uploads\/2025\/04\/FHXL-63-1-300x300.jpg 300w, https:\/\/ua-protector.com\/wp-content\/uploads\/2025\/04\/FHXL-63-1-100x100.jpg 100w, https:\/\/ua-protector.com\/wp-content\/uploads\/2025\/04\/FHXL-63-1-600x600.jpg 600w, https:\/\/ua-protector.com\/wp-content\/uploads\/2025\/04\/FHXL-63-1-150x150.jpg 150w, https:\/\/ua-protector.com\/wp-content\/uploads\/2025\/04\/FHXL-63-1-768x768.jpg 768w, https:\/\/ua-protector.com\/wp-content\/uploads\/2025\/04\/FHXL-63-1.jpg 800w\" sizes=\"(max-width: 300px) 100vw, 300px\" \/><figcaption id=\"caption-attachment-4494\" class=\"wp-caption-text\">protetor de alarme de inc\u00eandio com limita\u00e7\u00e3o de corrente<\/figcaption><\/figure>\n<p>A s\u00e9rie FHXL-63 \u00e9 a <a href=\"https:\/\/ua-protector.com\/pt\/categoria-produto\/produto\/protetor\/protetor-limitador-de-corrente-a-prova-de-fogo\/\">protetor de alarme de inc\u00eandio com limita\u00e7\u00e3o de corrente<\/a>\uff08<span data-slate-fragment=\"JTVCJTdCJTIydHlwZSUyMiUzQSUyMnBhcmFncmFwaCUyMiUyQyUyMmNoaWxkcmVuJTIyJTNBJTVCJTdCJTIyaWQlMjIlM0ElMjJWa0RLV2puUFd6JTIyJTJDJTIycGFyYUlkeCUyMiUzQTAlMkMlMjJzcmMlMjIlM0ElMjJjdXJyZW50JTIwbGltaXRpbmclMjBwcm90ZWN0b3IlMjIlMkMlMjJkc3QlMjIlM0ElMjIlRTklOTklOTAlRTYlQjUlODElRTQlQkYlOUQlRTYlOEElQTQlRTUlOTklQTglMjIlMkMlMjJtZXRhZGF0YSUyMiUzQSUyMiUyMiUyQyUyMm1hdGNoZXMlMjIlM0FudWxsJTJDJTIybWV0YURhdGElMjIlM0ElNUIlNUQlMkMlMjJ0ZXh0JTIyJTNBJTIyY3VycmVudCUyMGxpbWl0aW5nJTIwcHJvdGVjdG9yJTIyJTdEJTVEJTdEJTVE\">protetor limitador de corrente\uff09<\/span>e \u00e9 um protetor abrangente com m\u00faltiplas fun\u00e7\u00f5es de prote\u00e7\u00e3o para sobretens\u00e3o, subtens\u00e3o, sobrecorrente, fuga, temperatura e dete\u00e7\u00e3o de fumo. O produto tem as vantagens de modulariza\u00e7\u00e3o, intelig\u00eancia, visualiza\u00e7\u00e3o e assim por diante. Ao mesmo tempo, suporta a comunica\u00e7\u00e3o padr\u00e3o Modbus485<\/p>\n<p>Protocolo. Todos os par\u00e2metros de prote\u00e7\u00e3o, tais como a prote\u00e7\u00e3o contra sobretens\u00e3o, subtens\u00e3o e sobrecorrente, podem ser definidos de acordo com a procura de energia, de modo a garantir que o protetor pode cortar instantaneamente a alimenta\u00e7\u00e3o de energia quando<a href=\"https:\/\/elejg.com\/\" target=\"_blank\" rel=\"noopener\"> sobretens\u00e3o<\/a>A linha pode ser protegida contra danos, subtens\u00e3o, sobrecorrente e outras falhas, e o equipamento el\u00e9trico pode ser protegido contra danos.<\/p>\n<p>O produto tem uma estrutura compacta, uma apar\u00eancia bonita, e existe uma calha de guia padr\u00e3o para a instala\u00e7\u00e3o.<\/p>\n<h3><strong>Par\u00e2metros de prote\u00e7\u00e3o actuais<\/strong><\/h3>\n<hr \/>\n<div style=\"overflow-x: auto;\">\n<table style=\"min-width: 600px; height: 190px;\" border=\"1\" width=\"714\" cellspacing=\"0\">\n<tbody>\n<tr>\n<td>Tipo<\/td>\n<td>FHXL-63\/3P+N<\/td>\n<\/tr>\n<tr>\n<td>Especifica\u00e7\u00f5es actuais<\/td>\n<td>63A(1~63A)<\/td>\n<\/tr>\n<tr>\n<td>Intervalo de regula\u00e7\u00e3o da sobretens\u00e3o<\/td>\n<td>AC270V(210~300V)<\/td>\n<\/tr>\n<tr>\n<td>Gama de regula\u00e7\u00e3o da subtens\u00e3o<\/td>\n<td>AC170V(80~200V)<\/td>\n<\/tr>\n<tr>\n<td>Intervalo de regula\u00e7\u00e3o da corrente de fuga<\/td>\n<td>20mA(5~300mA)<\/td>\n<\/tr>\n<tr>\n<td>Regula\u00e7\u00e3o da temperatura<\/td>\n<td>70\u2103(1~150\u2103)<\/td>\n<\/tr>\n<tr>\n<td>Tens\u00e3o de funcionamento<\/td>\n<td>AC230V\/400V<\/td>\n<\/tr>\n<\/tbody>\n<\/table>\n<h3><strong>Carater\u00edsticas funcionais do produto<\/strong><\/h3>\n<hr \/>\n<p>Fun\u00e7\u00e3o de prote\u00e7\u00e3o contra fumo e g\u00e1s combust\u00edvel: Quando o fumo, o g\u00e1s de petr\u00f3leo liquefeito, o g\u00e1s natural, o propano, o butano e outros gases combust\u00edveis no campo el\u00e9trico excedem o limite, o protetor emite um sinal de alarme sonoro e visual, corta automaticamente a alimenta\u00e7\u00e3o el\u00e9ctrica e apresenta registos de falhas em tempo real.<br \/>\nFun\u00e7\u00e3o de prote\u00e7\u00e3o contra curto-circuitos: O protetor monitoriza a corrente da linha de alimenta\u00e7\u00e3o em tempo real. Quando ocorre uma falha de curto-circuito na linha, pode atingir uma prote\u00e7\u00e3o de limita\u00e7\u00e3o de corrente r\u00e1pida em 0,1 segundos e apresentar registos de falhas em tempo real.<\/p>\n<p>Fun\u00e7\u00e3o de prote\u00e7\u00e3o contra sobrecarga: Quando a corrente do circuito protegido est\u00e1 sobrecarregada e a dura\u00e7\u00e3o da sobrecarga excede o tempo de a\u00e7\u00e3o (podem ser definidos 3 a 60 segundos), o protetor inicia a prote\u00e7\u00e3o de limita\u00e7\u00e3o de corrente e apresenta registos de falhas em tempo real.<br \/>\nFun\u00e7\u00e3o de prote\u00e7\u00e3o contra sobretens\u00e3o: Quando o protetor detecta subtens\u00e3o ou sobretens\u00e3o na linha, corta automaticamente a alimenta\u00e7\u00e3o el\u00e9ctrica e apresenta registos de falhas em tempo real.<\/p>\n<p>Fun\u00e7\u00e3o de monitoriza\u00e7\u00e3o da temperatura do cabo de distribui\u00e7\u00e3o: Quando a temperatura do cabo monitorizado excede o valor definido para o alarme, o protetor corta automaticamente a alimenta\u00e7\u00e3o el\u00e9ctrica e apresenta registos de falhas em tempo real.<\/p>\n<p>Fun\u00e7\u00e3o de monitoriza\u00e7\u00e3o da corrente de fuga: Quando a fuga da linha monitorizada excede o valor definido para o alarme, o protetor protege e corta automaticamente a alimenta\u00e7\u00e3o el\u00e9ctrica e apresenta o registo da falha em tempo real.<\/p>\n<p>Fun\u00e7\u00e3o de rede de comunica\u00e7\u00e3o: O protetor tem uma interface RS485, que pode enviar dados para o sistema de monitoriza\u00e7\u00e3o de fundo, realizando as cinco fun\u00e7\u00f5es remotas de telemetria remota, sinaliza\u00e7\u00e3o remota, controlo remoto, ajuste remoto e visualiza\u00e7\u00e3o remota.<\/p>\n<p>Corte simult\u00e2neo dos fios neutro e vivo: Quando ocorre uma falha no circuito, o produto corta simultaneamente os fios neutro e vivo, sem o perigo de haver fios vivos no circuito devido ao facto de o fio neutro n\u00e3o ser cortado.<\/p>\n<p>A sobretens\u00e3o n\u00e3o causa danos: Quando a fonte de alimenta\u00e7\u00e3o trif\u00e1sica est\u00e1 mal ligada, a tens\u00e3o m\u00e1xima da fonte de alimenta\u00e7\u00e3o \u00e9 de AC450V, e o produto desliga-se dentro do tempo definido, enquanto o pr\u00f3prio produto de terra n\u00e3o ser\u00e1 danificado devido \u00e0 alta tens\u00e3o.<br \/>\nAnti-harm\u00f3nicos: Atualmente, o consumo de eletricidade na rede el\u00e9ctrica \u00e9 relativamente complexo, com um grande n\u00famero de harm\u00f3nicas presentes. Os riscos de harm\u00f3nicas podem encurtar a vida \u00fatil de outros equipamentos el\u00e9ctricos, mas este produto n\u00e3o \u00e9 afetado pelas redes de energia com harm\u00f3nicas.<br \/>\nFun\u00e7\u00e3o de recupera\u00e7\u00e3o com um clique: Quando os utilizadores n\u00e3o s\u00e3o proficientes na opera\u00e7\u00e3o do produto e n\u00e3o conseguem cumprir os requisitos de prote\u00e7\u00e3o no local para as defini\u00e7\u00f5es de par\u00e2metros, podem facilmente restaurar as defini\u00e7\u00f5es de f\u00e1brica para evitar problemas de prote\u00e7\u00e3o err\u00f3neos causados por uma opera\u00e7\u00e3o incorrecta.<\/p>\n<h3><span data-slate-fragment=\"JTVCJTdCJTIydHlwZSUyMiUzQSUyMnBhcmFncmFwaCUyMiUyQyUyMmNoaWxkcmVuJTIyJTNBJTVCJTdCJTIyaWQlMjIlM0ElMjJWZGx2V2Q0d3JWJTIyJTJDJTIycGFyYUlkeCUyMiUzQTAlMkMlMjJzcmMlMjIlM0ElMjJXb3JraW5nJTIwY29uZGl0aW9ucyUyMiUyQyUyMmRzdCUyMiUzQSUyMiVFNSVCNyVBNSVFNCVCRCU5QyVFNiU5RCVBMSVFNCVCQiVCNiUyMiUyQyUyMm1ldGFkYXRhJTIyJTNBJTIyJTIyJTJDJTIybWF0Y2hlcyUyMiUzQW51bGwlMkMlMjJtZXRhRGF0YSUyMiUzQSU1QiU1RCUyQyUyMnRleHQlMjIlM0ElMjJXb3JraW5nJTIwY29uZGl0aW9ucyUyMiU3RCU1RCU3RCU1RA==\">Condi\u00e7\u00f5es de trabalho<\/span><\/h3>\n<hr \/>\n<\/div>\n<p>1. No caso da primeira liga\u00e7\u00e3o normal, o dispositivo fecha-se automaticamente ap\u00f3s um atraso de 1s; e quando ligado pela primeira vez, nas condi\u00e7\u00f5es de sobretens\u00e3o, subtens\u00e3o, sobrecorrente e fuga, o dispositivo abre-se automaticamente no espa\u00e7o de 3 segundos;<\/p>\n<p>2. Quando ligado pela primeira vez, o sensor de fumo tem de ser aquecido durante 60 segundos e, em seguida, o produto entra no estado de prote\u00e7\u00e3o. Ap\u00f3s a ocorr\u00eancia do alarme de fumo e a elimina\u00e7\u00e3o da avaria, \u00e9 necess\u00e1rio premir manualmente a tecla Reset durante 2 segundos e, em seguida, o alarme de fumo pode ser desativado.<\/p>\n<p>3. Par\u00e2metros de prote\u00e7\u00e3o actuais:<\/p>\n<p>a. \u2265 1,05 vezes a corrente, &lt; 3 minutos de abertura.<\/p>\n<p>b. \u2265 1,2 vezes a corrente, intervalo de defini\u00e7\u00e3o de 1 a 120 segundos, 10 segundos por predefini\u00e7\u00e3o<\/p>\n<p>c. \u2265 2 vezes a corrente, \u22640,2 segundos de abertura.<\/p>\n<p>4. A temperatura ambiente n\u00e3o deve exceder + 40\u00b0C, n\u00e3o deve ser inferior a -5\u00b0C; e a temperatura m\u00e9dia em 24 horas n\u00e3o deve exceder + 35\u00b0C; a + 40\u00b0C, a humidade do ar ambiente n\u00e3o deve exceder 50%.<\/p>\n<p>5. A altitude do local de instala\u00e7\u00e3o n\u00e3o deve ser superior a 2000 metros.<\/p>\n<p>6. N\u00edvel de polui\u00e7\u00e3o: III.<\/p>\n<p>7. No ambiente de instala\u00e7\u00e3o, n\u00e3o deve existir nenhum meio explosivo perigoso, nenhum g\u00e1s corrosivo e destrutivo e poeira condutora, nem invas\u00e3o de chuva e neve.<\/p>\n<h3><strong> O protetor de alarme de inc\u00eandio com limita\u00e7\u00e3o de corrente \u00e9 a fun\u00e7\u00e3o das chaves<\/strong><\/h3>\n<hr \/>\n<p>1. Tecla de defini\u00e7\u00e3o: Premir e manter premida a tecla de defini\u00e7\u00e3o durante 2 segundos, entra no estado de defini\u00e7\u00e3o. Depois de entrar no estado de defini\u00e7\u00e3o, sempre que premir a tecla, o sistema entra no menu de defini\u00e7\u00e3o seguinte;<\/p>\n<p>2. Tecla Shift: consulta os par\u00e2metros de funcionamento actuais do produto em tempo real. No estado de defini\u00e7\u00e3o, tem a fun\u00e7\u00e3o de desloca\u00e7\u00e3o de d\u00edgitos;<\/p>\n<p>3. Tecla de dados: consulta a \u00faltima informa\u00e7\u00e3o de falha do produto e altera os par\u00e2metros a definir no estado de defini\u00e7\u00e3o;<\/p>\n<p>4. Tecla de reinicializa\u00e7\u00e3o: Quando ocorre a primeira sobreintensidade ou fuga, o produto liga-se automaticamente ap\u00f3s um atraso no tempo de reinicializa\u00e7\u00e3o especificado. Quando ocorre a segunda sobreintensidade, fuga ou alarme de inc\u00eandio, \u00e9 necess\u00e1rio confirmar que n\u00e3o existe qualquer falha no circuito e, em seguida, \u00e9 necess\u00e1rio premir manualmente a tecla Reset para ligar o produto e premir a tecla Reset durante 2 segundos para guardar e sair do estado de defini\u00e7\u00e3o.<\/p>\n<h2><strong>Informa\u00e7\u00f5es sobre o pacote padr\u00e3o<\/strong><\/h2>\n<hr \/>\n<h3><a href=\"https:\/\/ua-protector.com\/pt\/produto\/\"><img decoding=\"async\" class=\"alignnone size-medium wp-image-6114\" src=\"https:\/\/ua-protector.com\/wp-content\/uploads\/2025\/04\/45.5-23.5-31.5-box-300x300.jpg\" alt=\"\" width=\"300\" height=\"300\" srcset=\"https:\/\/ua-protector.com\/wp-content\/uploads\/2025\/04\/45.5-23.5-31.5-box-300x300.jpg 300w, https:\/\/ua-protector.com\/wp-content\/uploads\/2025\/04\/45.5-23.5-31.5-box-150x150.jpg 150w, https:\/\/ua-protector.com\/wp-content\/uploads\/2025\/04\/45.5-23.5-31.5-box-12x12.jpg 12w, https:\/\/ua-protector.com\/wp-content\/uploads\/2025\/04\/45.5-23.5-31.5-box-600x600.jpg 600w, https:\/\/ua-protector.com\/wp-content\/uploads\/2025\/04\/45.5-23.5-31.5-box-100x100.jpg 100w, https:\/\/ua-protector.com\/wp-content\/uploads\/2025\/04\/45.5-23.5-31.5-box.jpg 750w\" sizes=\"(max-width: 300px) 100vw, 300px\" \/><\/a><\/h3>\n<div style=\"overflow-x: auto;\">\n<table>\n<tbody>\n<tr>\n<th>Dimens\u00e3o da caixa de cart\u00e3o (cm)<\/th>\n<th>Lista de embalagem<\/th>\n<th>QUANTIDADE<\/th>\n<th>Peso bruto (kg)<\/th>\n<\/tr>\n<tr>\n<td style=\"text-align: center;\">45,5 cm \u00d7 23,5 cm \u00d7 31,5 cm<\/td>\n<td style=\"text-align: center;\">\u00a0protetor<\/td>\n<td style=\"text-align: center;\">60 unidades<\/td>\n<td style=\"text-align: center;\">20 kg<\/td>\n<\/tr>\n<\/tbody>\n<\/table>\n<\/div>\n<h3><\/h3>\n<h3><a href=\"https:\/\/ua-protector.com\/pt\/produto\/\">Protetor de alarme de inc\u00eandio com limita\u00e7\u00e3o de corrente<\/a> Dimens\u00f5es<\/h3>\n<hr \/>\n<p>&nbsp;<\/p>\n<p><img decoding=\"async\" class=\"alignnone wp-image-5530 size-full\" src=\"https:\/\/ua-protector.com\/wp-content\/uploads\/2025\/04\/\u9650\u6d41\u5f0f\u9632\u706b\u4fdd\u62a4\u5668-\u63d2\u56fe.jpg\" alt=\"protetor de limita\u00e7\u00e3o de corrente \u00e0 prova de fogo\" width=\"750\" height=\"422\" srcset=\"https:\/\/ua-protector.com\/wp-content\/uploads\/2025\/04\/\u9650\u6d41\u5f0f\u9632\u706b\u4fdd\u62a4\u5668-\u63d2\u56fe.jpg 750w, https:\/\/ua-protector.com\/wp-content\/uploads\/2025\/04\/\u9650\u6d41\u5f0f\u9632\u706b\u4fdd\u62a4\u5668-\u63d2\u56fe-300x169.jpg 300w, https:\/\/ua-protector.com\/wp-content\/uploads\/2025\/04\/\u9650\u6d41\u5f0f\u9632\u706b\u4fdd\u62a4\u5668-\u63d2\u56fe-18x10.jpg 18w, https:\/\/ua-protector.com\/wp-content\/uploads\/2025\/04\/\u9650\u6d41\u5f0f\u9632\u706b\u4fdd\u62a4\u5668-\u63d2\u56fe-600x338.jpg 600w\" sizes=\"(max-width: 750px) 100vw, 750px\" \/><\/p>\n<p>&nbsp;<\/p>\n<hr \/>\n<h1 class=\"elementor-heading-title elementor-size-default\"><span style=\"color: #0000ff;\">Contacte-nos agora, a amostra gr\u00e1tis est\u00e1 dispon\u00edvel<\/span><\/h1>\n<p>Para obter mais informa\u00e7\u00f5es sobre os nossos produtos e servi\u00e7os, receber\u00e1 uma resposta de um especialista em eletricidade.<\/p>\n<p>Mob\/WhatsApp\/Wang: +86 18958900126<br \/>\nE-mail comercial\uff1a<strong>sales@tokeep.net<br \/>\n<\/strong>Tecnologia Email:\u00a0<strong>tokeepcc@gmail.com<\/strong><strong><br \/>\n<\/strong>Correio eletr\u00f3nico pessoal:<strong>\u00a0wxj7607@126.com<\/strong><\/p>\n<p><img loading=\"lazy\" decoding=\"async\" class=\"alignnone size-medium wp-image-5920\" src=\"https:\/\/ua-protector.com\/wp-content\/uploads\/2025\/05\/whateapp-300x169.jpg\" alt=\"\" width=\"300\" height=\"169\" srcset=\"https:\/\/ua-protector.com\/wp-content\/uploads\/2025\/05\/whateapp-300x169.jpg 300w, https:\/\/ua-protector.com\/wp-content\/uploads\/2025\/05\/whateapp-18x10.jpg 18w, https:\/\/ua-protector.com\/wp-content\/uploads\/2025\/05\/whateapp.jpg 573w\" sizes=\"(max-width: 300px) 100vw, 300px\" \/><\/p>","protected":false},"excerpt":{"rendered":"<p>A s\u00e9rie FHXL-63 \u00e9 a<a href=\"https:\/\/ua-protector.com\/pt\/produto\/protetor-de-alarme-de-incendio-limitador-de-corrente\/\"><strong> protetor de alarme de inc\u00eandio com limita\u00e7\u00e3o de corrente<\/strong><\/a>\uff08protetor limitador de corrente\uff09, e \u00e9 um protetor abrangente com m\u00faltiplas fun\u00e7\u00f5es de prote\u00e7\u00e3o para sobretens\u00e3o, subtens\u00e3o, sobrecorrente, vazamento, temperatura e dete\u00e7\u00e3o de fuma\u00e7a. O produto tem as vantagens de modulariza\u00e7\u00e3o, intelig\u00eancia, visualiza\u00e7\u00e3o e assim por diante. Ao mesmo tempo, suporta o protocolo de comunica\u00e7\u00e3o Modbus485 padr\u00e3o.<br \/>\n<strong>Instru\u00e7\u00f5es \uff1a<\/strong><a href=\"https:\/\/ua-protector.com\/wp-content\/uploads\/2025\/04\/FHXL-63-Current-Limiting-Fire-Alarm-Protector.pdf\">Manual do protetor de alarme de inc\u00eandio com limita\u00e7\u00e3o de correnteFHXL-63<\/a><\/p>","protected":false},"featured_media":4488,"template":"","meta":{"_acf_changed":false,"site-sidebar-layout":"default","site-content-layout":"","ast-site-content-layout":"default","site-content-style":"default","site-sidebar-style":"default","ast-global-header-display":"","ast-banner-title-visibility":"","ast-main-header-display":"","ast-hfb-above-header-display":"","ast-hfb-below-header-display":"","ast-hfb-mobile-header-display":"","site-post-title":"","ast-breadcrumbs-content":"","ast-featured-img":"","footer-sml-layout":"","theme-transparent-header-meta":"default","adv-header-id-meta":"","stick-header-meta":"","header-above-stick-meta":"","header-main-stick-meta":"","header-below-stick-meta":"","astra-migrate-meta-layouts":"set","ast-page-background-enabled":"default","ast-page-background-meta":{"desktop":{"background-color":"","background-image":"","background-repeat":"repeat","background-position":"center center","background-size":"auto","background-attachment":"scroll","background-type":"","background-media":"","overlay-type":"","overlay-color":"","overlay-opacity":"","overlay-gradient":""},"tablet":{"background-color":"","background-image":"","background-repeat":"repeat","background-position":"center center","background-size":"auto","background-attachment":"scroll","background-type":"","background-media":"","overlay-type":"","overlay-color":"","overlay-opacity":"","overlay-gradient":""},"mobile":{"background-color":"","background-image":"","background-repeat":"repeat","background-position":"center center","background-size":"auto","background-attachment":"scroll","background-type":"","background-media":"","overlay-type":"","overlay-color":"","overlay-opacity":"","overlay-gradient":""}},"ast-content-background-meta":{"desktop":{"background-color":"var(--ast-global-color-5)","background-image":"","background-repeat":"repeat","background-position":"center center","background-size":"auto","background-attachment":"scroll","background-type":"","background-media":"","overlay-type":"","overlay-color":"","overlay-opacity":"","overlay-gradient":""},"tablet":{"background-color":"var(--ast-global-color-5)","background-image":"","background-repeat":"repeat","background-position":"center center","background-size":"auto","background-attachment":"scroll","background-type":"","background-media":"","overlay-type":"","overlay-color":"","overlay-opacity":"","overlay-gradient":""},"mobile":{"background-color":"var(--ast-global-color-5)","background-image":"","background-repeat":"repeat","background-position":"center center","background-size":"auto","background-attachment":"scroll","background-type":"","background-media":"","overlay-type":"","overlay-color":"","overlay-opacity":"","overlay-gradient":""}}},"product_brand":[],"product_cat":[65,70,56,64,62,69],"product_tag":[66,58,59,67,60,68],"class_list":{"0":"post-4432","1":"product","2":"type-product","3":"status-publish","4":"has-post-thumbnail","6":"product_cat-fireproof-current-limiting-protector","7":"product_cat-small-ammeter","8":"product_cat-protector","9":"product_cat-smart-meter","10":"product_cat-voltage-protector","11":"product_cat-small-voltmeter","12":"product_tag-current","13":"product_tag-energy","14":"product_tag-phase","15":"product_tag-protector","16":"product_tag-sale","17":"product_tag-voltage","18":"desktop-align-center","19":"tablet-align-left","20":"mobile-align-left","22":"first","23":"instock","24":"featured","25":"shipping-taxable","26":"product-type-simple"},"acf":[],"_links":{"self":[{"href":"https:\/\/ua-protector.com\/pt\/wp-json\/wp\/v2\/product\/4432","targetHints":{"allow":["GET"]}}],"collection":[{"href":"https:\/\/ua-protector.com\/pt\/wp-json\/wp\/v2\/product"}],"about":[{"href":"https:\/\/ua-protector.com\/pt\/wp-json\/wp\/v2\/types\/product"}],"version-history":[{"count":32,"href":"https:\/\/ua-protector.com\/pt\/wp-json\/wp\/v2\/product\/4432\/revisions"}],"predecessor-version":[{"id":6698,"href":"https:\/\/ua-protector.com\/pt\/wp-json\/wp\/v2\/product\/4432\/revisions\/6698"}],"wp:featuredmedia":[{"embeddable":true,"href":"https:\/\/ua-protector.com\/pt\/wp-json\/wp\/v2\/media\/4488"}],"wp:attachment":[{"href":"https:\/\/ua-protector.com\/pt\/wp-json\/wp\/v2\/media?parent=4432"}],"wp:term":[{"taxonomy":"product_brand","embeddable":true,"href":"https:\/\/ua-protector.com\/pt\/wp-json\/wp\/v2\/product_brand?post=4432"},{"taxonomy":"product_cat","embeddable":true,"href":"https:\/\/ua-protector.com\/pt\/wp-json\/wp\/v2\/product_cat?post=4432"},{"taxonomy":"product_tag","embeddable":true,"href":"https:\/\/ua-protector.com\/pt\/wp-json\/wp\/v2\/product_tag?post=4432"}],"curies":[{"name":"wp","href":"https:\/\/api.w.org\/{rel}","templated":true}]}}