{"id":4431,"date":"2025-04-27T02:23:54","date_gmt":"2025-04-27T02:23:54","guid":{"rendered":"https:\/\/ua-protector.com\/?post_type=product&#038;p=4431"},"modified":"2025-08-06T01:26:10","modified_gmt":"2025-08-06T08:26:10","slug":"3phase-4-wire-current-and-voltage-protector","status":"publish","type":"product","link":"https:\/\/ua-protector.com\/pt\/produto\/protetor\/protetor-de-tensao\/protetor-de-corrente-e-tensao-trifasico-a-4-fios\/","title":{"rendered":"Protetor de corrente e tens\u00e3o trif\u00e1sico de 4 fios JGXL-63S-3P+N"},"content":{"rendered":"<h2><strong>Breve introdu\u00e7\u00e3o<\/strong><\/h2>\n<hr \/>\n<figure id=\"attachment_4482\" aria-describedby=\"caption-attachment-4482\" style=\"width: 300px\" class=\"wp-caption alignleft\"><img fetchpriority=\"high\" decoding=\"async\" class=\"wp-image-4482 size-medium\" src=\"https:\/\/ua-protector.com\/wp-content\/uploads\/2025\/04\/JGXL-63S-4P-4-300x300.jpg\" alt=\"Protetor de corrente e tens\u00e3o trif\u00e1sico a 4 fios\" width=\"300\" height=\"300\" srcset=\"https:\/\/ua-protector.com\/wp-content\/uploads\/2025\/04\/JGXL-63S-4P-4-300x300.jpg 300w, https:\/\/ua-protector.com\/wp-content\/uploads\/2025\/04\/JGXL-63S-4P-4-100x100.jpg 100w, https:\/\/ua-protector.com\/wp-content\/uploads\/2025\/04\/JGXL-63S-4P-4-600x600.jpg 600w, https:\/\/ua-protector.com\/wp-content\/uploads\/2025\/04\/JGXL-63S-4P-4-150x150.jpg 150w, https:\/\/ua-protector.com\/wp-content\/uploads\/2025\/04\/JGXL-63S-4P-4-768x768.jpg 768w, https:\/\/ua-protector.com\/wp-content\/uploads\/2025\/04\/JGXL-63S-4P-4.jpg 800w\" sizes=\"(max-width: 300px) 100vw, 300px\" \/><figcaption id=\"caption-attachment-4482\" class=\"wp-caption-text\">Protetor de corrente e tens\u00e3o trif\u00e1sico a 4 fios<\/figcaption><\/figure>\n<p><a href=\"https:\/\/ua-protector.com\/pt\">\u00a0 Protetor de corrente e tens\u00e3o trif\u00e1sico a 4 fios<\/a>\u00a0 O JGXL-63S \u00e9 utilizado principalmente para AC 50Hz (60Hz), tens\u00e3o nominal de trabalho 220\/380V, corrente nominal principal de 2A a 63A, corrente de trabalho ajust\u00e1vel do controlador inteligente de 2A a 63A, pot\u00eancia de controlo de .5KW a 20KW no sistema de energia ligado, transportando e quebrando a corrente ou tens\u00e3o em condi\u00e7\u00f5es normais (incluindo as condi\u00e7\u00f5es de sobrecarga especificadas), e tamb\u00e9m pode ser ligado, transportado e transportado durante um certo tempo e sob as condi\u00e7\u00f5es anormais especificadas (como curto-circuito). , <a href=\"https:\/\/elejg.com\/\" target=\"_blank\" rel=\"noopener\">subtens\u00e3o<\/a>, etc.).<\/p>\n<p>O protetor de sobretens\u00e3o e subtens\u00e3o trif\u00e1sico de quatro fios que limita a corrente adopta um tipo de estrutura de produto modular, que tem as vantagens de tamanho pequeno, alta fiabilidade e opera\u00e7\u00e3o conveniente. As principais fun\u00e7\u00f5es do produto s\u00e3o: sobretens\u00e3o, subtens\u00e3o, falha de fase, linha zero e linha zero, sobrecorrente, curto-circuito instant\u00e2neo, desequil\u00edbrio trif\u00e1sico, subcorrente, sequ\u00eancia de fases, comunica\u00e7\u00e3o RS485, reinicializa\u00e7\u00e3o de f\u00e1brica com uma tecla e outras fun\u00e7\u00f5es, que s\u00e3o amplamente utilizadas em: telecomunica\u00e7\u00f5es, metalurgia, minas de carv\u00e3o, a\u00e7o, petroqu\u00edmica, portos, navios, caminhos-de-ferro, hospitais, edif\u00edcios inteligentes e outros campos de distribui\u00e7\u00e3o de energia e sistemas de controlo de prote\u00e7\u00e3o do motor.<\/p>\n<h2><span data-slate-fragment=\"JTVCJTdCJTIydHlwZSUyMiUzQSUyMnBhcmFncmFwaCUyMiUyQyUyMmNoaWxkcmVuJTIyJTNBJTVCJTdCJTIyaWQlMjIlM0ElMjJCNEE1Z2tKUjdlJTIyJTJDJTIycGFyYUlkeCUyMiUzQTAlMkMlMjJzcmMlMjIlM0ElMjIzcGhhc2UlMjA0d2lyZSUyMGN1cnJlbnQlMjBhbmQlMjB2b2x0YWdlJTIwcHJvdGVjdG9yJTIwaXMlMjBNYWluJTIwdGVjaG5pY2FsJTIwcGFyYW1ldGVycyUyMiUyQyUyMmRzdCUyMiUzQSUyMiVFNCVCOCU4OSVFNyU5QiVCOCVFNSU5QiU5QiVFNyVCQSVCRiVFNyU5NCVCNSVFNiVCNSU4MSVFNyU5NCVCNSVFNSU4RSU4QiVFNCVCRiU5RCVFNiU4QSVBNCVFNSU5OSVBOCVFNCVCOCVCQiVFOCVBNiU4MSVFNiU4QSU4MCVFNiU5QyVBRiVFNSU4RiU4MiVFNiU5NSVCMCUyMiUyQyUyMm1ldGFkYXRhJTIyJTNBJTIyJTIyJTJDJTIybWF0Y2hlcyUyMiUzQW51bGwlMkMlMjJtZXRhRGF0YSUyMiUzQSU1QiU1RCUyQyUyMnRleHQlMjIlM0ElMjIzcGhhc2UlMjA0d2lyZSUyMGN1cnJlbnQlMjBhbmQlMjB2b2x0YWdlJTIwcHJvdGVjdG9yJTIwaXMlMjBNYWluJTIwdGVjaG5pY2FsJTIwcGFyYW1ldGVycyUyMiU3RCU1RCU3RCU1RA==\">O protetor de corrente e tens\u00e3o trif\u00e1sico de 4 fios \u00e9 Principais par\u00e2metros t\u00e9cnicos<\/span><\/h2>\n<hr \/>\n<table style=\"height: 257px;\" width=\"674\">\n<tbody>\n<tr>\n<td width=\"212\">Tipo<\/td>\n<td width=\"119\">JGXL-63S\/3P+N<\/td>\n<\/tr>\n<tr>\n<td>Especifica\u00e7\u00f5es actuais<\/td>\n<td>63A(1~63A)<\/td>\n<\/tr>\n<tr>\n<td>Intervalo de regula\u00e7\u00e3o da sobretens\u00e3o<\/td>\n<td>AC270V(210~300V)<\/td>\n<\/tr>\n<tr>\n<td>Gama de regula\u00e7\u00e3o da subtens\u00e3o<\/td>\n<td>AC170V(80~200V)<\/td>\n<\/tr>\n<tr>\n<td>Tens\u00e3o de funcionamento<\/td>\n<td>AC230V\/400V<\/td>\n<\/tr>\n<\/tbody>\n<\/table>\n<p>1. Gama de dete\u00e7\u00e3o de tens\u00e3o: AC80~450V, n\u00edvel de precis\u00e3o: 1.0.<\/p>\n<p>2. Gama de dete\u00e7\u00e3o de corrente: 1~63A, n\u00edvel de precis\u00e3o: 1.0.<\/p>\n<p>3. O consumo de energia do pr\u00f3prio produto: \u22642W.<\/p>\n<p>4. Corrente de curto-circuito suport\u00e1vel: 2000A.<\/p>\n<p>5. A vida mec\u00e2nica \u2265 100.000 vezes e a vida el\u00e9ctrica \u00e9 de 5.000 vezes.<\/p>\n<p>6. M\u00e9todo de cablagem do produto: para baixo e para baixo na sa\u00edda da linha, para cima e para fora da linha. O m\u00e9todo de cablagem predefinido \u00e9 a linha inferior e a linha de sa\u00edda.<\/p>\n<p>7. A capacidade de cablagem \u00e9 de 16 metros quadrados.<\/p>\n<p>8. Para obter detalhes sobre o protocolo de comunica\u00e7\u00e3o RS485, consulte o \"Manual de comunica\u00e7\u00e3o RS485 V2.0 para Power <a href=\"https:\/\/ua-protector.com\/pt\/reconexao-automatica-contador-de-energia-protetor-de-ensaio-jgdl-63\/\" target=\"_blank\" rel=\"noopener\" data-wpil-monitor-id=\"8\">Contadores e protectores\"<\/a>.<\/p>\n<h2><span data-slate-fragment=\"JTVCJTdCJTIydHlwZSUyMiUzQSUyMnBhcmFncmFwaCUyMiUyQyUyMmNoaWxkcmVuJTIyJTNBJTVCJTdCJTIyaWQlMjIlM0ElMjJCNEE1Z2tKUjdlJTIyJTJDJTIycGFyYUlkeCUyMiUzQTAlMkMlMjJzcmMlMjIlM0ElMjIzcGhhc2UlMjA0d2lyZSUyMGN1cnJlbnQlMjBhbmQlMjB2b2x0YWdlJTIwcHJvdGVjdG9yJTIwaXMlMjBNYWluJTIwdGVjaG5pY2FsJTIwcGFyYW1ldGVycyUyMiUyQyUyMmRzdCUyMiUzQSUyMiVFNCVCOCU4OSVFNyU5QiVCOCVFNSU5QiU5QiVFNyVCQSVCRiVFNyU5NCVCNSVFNiVCNSU4MSVFNyU5NCVCNSVFNSU4RSU4QiVFNCVCRiU5RCVFNiU4QSVBNCVFNSU5OSVBOCVFNCVCOCVCQiVFOCVBNiU4MSVFNiU4QSU4MCVFNiU5QyVBRiVFNSU4RiU4MiVFNiU5NSVCMCUyMiUyQyUyMm1ldGFkYXRhJTIyJTNBJTIyJTIyJTJDJTIybWF0Y2hlcyUyMiUzQW51bGwlMkMlMjJtZXRhRGF0YSUyMiUzQSU1QiU1RCUyQyUyMnRleHQlMjIlM0ElMjIzcGhhc2UlMjA0d2lyZSUyMGN1cnJlbnQlMjBhbmQlMjB2b2x0YWdlJTIwcHJvdGVjdG9yJTIwaXMlMjBNYWluJTIwdGVjaG5pY2FsJTIwcGFyYW1ldGVycyUyMiU3RCU1RCU3RCU1RA==\">Protetor de corrente e tens\u00e3o trif\u00e1sico a 4 fios de <\/span>tamanho<\/h2>\n<hr \/>\n<h1><\/h1>\n<h1><strong><img decoding=\"async\" class=\"alignnone wp-image-5612 size-full\" src=\"https:\/\/ua-protector.com\/wp-content\/uploads\/2025\/04\/\u5916\u578b\u5c3a\u5bf8-2.jpg\" alt=\"\" width=\"777\" height=\"419\" srcset=\"https:\/\/ua-protector.com\/wp-content\/uploads\/2025\/04\/\u5916\u578b\u5c3a\u5bf8-2.jpg 777w, https:\/\/ua-protector.com\/wp-content\/uploads\/2025\/04\/\u5916\u578b\u5c3a\u5bf8-2-300x162.jpg 300w, https:\/\/ua-protector.com\/wp-content\/uploads\/2025\/04\/\u5916\u578b\u5c3a\u5bf8-2-768x414.jpg 768w, https:\/\/ua-protector.com\/wp-content\/uploads\/2025\/04\/\u5916\u578b\u5c3a\u5bf8-2-18x10.jpg 18w, https:\/\/ua-protector.com\/wp-content\/uploads\/2025\/04\/\u5916\u578b\u5c3a\u5bf8-2-600x324.jpg 600w\" sizes=\"(max-width: 777px) 100vw, 777px\" \/><\/strong><\/h1>\n<p>&nbsp;<\/p>\n<p>&nbsp;<\/p>\n<h2><strong>Informa\u00e7\u00f5es sobre o pacote padr\u00e3o<\/strong><\/h2>\n<hr \/>\n<p><img decoding=\"async\" class=\"alignnone size-medium wp-image-5943\" src=\"https:\/\/ua-protector.com\/wp-content\/uploads\/2025\/04\/45.5-23.5-31.5-box-300x300.jpg\" sizes=\"(max-width: 300px) 100vw, 300px\" srcset=\"https:\/\/ua-protector.com\/wp-content\/uploads\/2025\/04\/45.5-23.5-31.5-box-300x300.jpg 300w, https:\/\/ua-protector.com\/wp-content\/uploads\/2025\/04\/45.5-23.5-31.5-box-150x150.jpg 150w, https:\/\/ua-protector.com\/wp-content\/uploads\/2025\/04\/45.5-23.5-31.5-box-12x12.jpg 12w, https:\/\/ua-protector.com\/wp-content\/uploads\/2025\/04\/45.5-23.5-31.5-box-600x600.jpg 600w, https:\/\/ua-protector.com\/wp-content\/uploads\/2025\/04\/45.5-23.5-31.5-box-100x100.jpg 100w, https:\/\/ua-protector.com\/wp-content\/uploads\/2025\/04\/45.5-23.5-31.5-box.jpg 750w\" alt=\"\" width=\"300\" height=\"300\" \/><\/p>\n<table style=\"height: 106px;\" border=\"0\" width=\"813\" cellspacing=\"0\" cellpadding=\"0\">\n<tbody>\n<tr>\n<td class=\"et2\" width=\"191\" height=\"19\">Dimens\u00e3o da caixa de cart\u00e3o (cm)<\/td>\n<td class=\"et2\" width=\"72\">Lista de embalagem<\/td>\n<td class=\"et2\" width=\"72\">QUANTIDADE<\/td>\n<td class=\"et2\" width=\"123\">Peso bruto (kg)<\/td>\n<\/tr>\n<tr>\n<td class=\"et2\" width=\"191\" height=\"38\">45,5 cm \u00d7 23,5 cm \u00d7 31,5 cm<\/td>\n<td class=\"et2\" width=\"72\">\u00a0protetor<\/td>\n<td class=\"et2\" width=\"72\">60 unidades<\/td>\n<td class=\"et2\" width=\"123\">20 kg<\/td>\n<\/tr>\n<\/tbody>\n<\/table>\n<p><a href=\"https:\/\/elejg.com\/\" target=\"_blank\" rel=\"noopener\">Protetor de corrente e tens\u00e3o trif\u00e1sico a 4 fios<\/a>,<span data-slate-fragment=\"JTVCJTdCJTIydHlwZSUyMiUzQSUyMnBhcmFncmFwaCUyMiUyQyUyMmNoaWxkcmVuJTIyJTNBJTVCJTdCJTIyaWQlMjIlM0ElMjJWMFFZMGs0cjJ6JTIyJTJDJTIycGFyYUlkeCUyMiUzQTAlMkMlMjJzcmMlMjIlM0ElMjJUaHJlZS1QaGFzZSUyMEZvdXItV2lyZSUyMFNlbGYtQ29tcG91bmQlMjBPdmVyLVVuZGVyLVZvbHRhZ2UlMjBDdXJyZW50JTIwTGltaXRpbmclMjBQcm90ZWN0b3IlMjA2M0ElMjBQaGFzZSUyMFNlcXVlbmNlJTIwTWlzc2luZyUyMFBoYXNlJTIwTWlzc2luZyUyMFplcm8lMjBvZmYlMjBQcm90ZWN0aW9uJTIwU3dpdGNoJTIyJTJDJTIyZHN0JTIyJTNBJTIyJUU0JUI4JTg5JUU3JTlCJUI4JUU1JTlCJTlCJUU3JUJBJUJGJUU4JTg3JUFBJUU1JUE0JThEJUU1JTkwJTg4JUU4JUJGJTg3JUU2JUFDJUEwJUU1JThFJThCJUU5JTk5JTkwJUU2JUI1JTgxJUU0JUJGJTlEJUU2JThBJUE0JUU1JTk5JUE4NjNBJUU3JTlCJUI4JUU1JUJBJThGJUU3JUJDJUJBJUU3JTlCJUI4JUU1JUE0JUIxJUU5JTlCJUI2JUU0JUJGJTlEJUU2JThBJUE0JUU1JUJDJTgwJUU1JTg1JUIzJTIyJTJDJTIybWV0YWRhdGElMjIlM0ElMjIlMjIlMkMlMjJtYXRjaGVzJTIyJTNBbnVsbCUyQyUyMm1ldGFEYXRhJTIyJTNBJTVCJTVEJTJDJTIydGV4dCUyMiUzQSUyMlRocmVlLVBoYXNlJTIwRm91ci1XaXJlJTIwU2VsZi1Db21wb3VuZCUyME92ZXItVW5kZXItVm9sdGFnZSUyMEN1cnJlbnQlMjBMaW1pdGluZyUyMFByb3RlY3RvciUyMDYzQSUyMFBoYXNlJTIwU2VxdWVuY2UlMjBNaXNzaW5nJTIwUGhhc2UlMjBNaXNzaW5nJTIwWmVybyUyMG9mZiUyMFByb3RlY3Rpb24lMjBTd2l0Y2glMjIlN0QlNUQlN0QlNUQ=\">Protetor limitador de corrente de sobretens\u00e3o e subtens\u00e3o auto-composto de quatro fios trif\u00e1sico 63A Sequ\u00eancia de fases Fase em falta Fase em falta Zero desligado Interruptor de prote\u00e7\u00e3o<a href=\"https:\/\/ua-protector.com\/pt\/produto\/protetor-de-alarme-de-incendio-limitador-de-corrente\/\">Protetor de corrente e tens\u00e3o trif\u00e1sico a 4 fios JGXL-63S-3P+N<\/a>,<\/span>Protetor de sobre\/subtens\u00e3o trif\u00e1sico de quatro fios, protetor limitador de corrente trif\u00e1sico de quatro fios, protetor de sequ\u00eancia de fase, protetor de perda de fase, falta de protetor zero, protetor limitador de corrente Falta de fase, sequ\u00eancia de fase zero, curto-circuito de sobrecarga, desequil\u00edbrio trif\u00e1sico, subcorrente, protetor de sobretens\u00e3o e subtens\u00e3o limitador de corrente trif\u00e1sico de quatro fios<\/p>\n<hr \/>\n<h1 class=\"elementor-heading-title elementor-size-default\"><span style=\"color: #0000ff;\">Contacte-nos agora, a amostra gr\u00e1tis est\u00e1 dispon\u00edvel<\/span><\/h1>\n<p>Para obter mais informa\u00e7\u00f5es sobre os nossos produtos e servi\u00e7os, receber\u00e1 uma resposta de um especialista em eletricidade.<\/p>\n<p>Mob\/WhatsApp\/Wang: +86 18958900126<br \/>\nE-mail comercial\uff1a<strong>sales@tokeep.net<br \/>\n<\/strong>Tecnologia Email:\u00a0<strong>tokeepcc@gmail.com<\/strong><strong><br \/>\n<\/strong>Correio eletr\u00f3nico pessoal:<strong>\u00a0wxj7607@126.com<\/strong><\/p>\n<p><img loading=\"lazy\" decoding=\"async\" class=\"alignnone wp-image-5833 size-full\" src=\"https:\/\/ua-protector.com\/wp-content\/uploads\/2025\/04\/whateapp-1.jpg\" sizes=\"(max-width: 573px) 100vw, 573px\" srcset=\"https:\/\/ua-protector.com\/wp-content\/uploads\/2025\/04\/whateapp-1.jpg 573w, https:\/\/ua-protector.com\/wp-content\/uploads\/2025\/04\/whateapp-1-300x169.jpg 300w, https:\/\/ua-protector.com\/wp-content\/uploads\/2025\/04\/whateapp-1-18x10.jpg 18w\" alt=\"\" width=\"573\" height=\"322\" \/><\/p>","protected":false},"excerpt":{"rendered":"<p>O <a href=\"https:\/\/ua-protector.com\/pt\">Protetor de corrente e tens\u00e3o trif\u00e1sico a 4 fios<\/a>\u00a0 \u00e9 utilizado principalmente em sistemas de energia com AC 50Hz (60Hz), tens\u00e3o nominal de trabalho 220\/380V, corrente nominal do corpo principal entre 2A e 63A, corrente de trabalho ajust\u00e1vel do controlador inteligente entre 2A e 63A e pot\u00eancia de controlo entre. 5KW a 20KW para ligar, transportar e desligar a corrente ou a tens\u00e3o em condi\u00e7\u00f5es normais (incluindo condi\u00e7\u00f5es de sobrecarga especificadas), e pode tamb\u00e9m ser ligado Transportando a corrente ou a tens\u00e3o em condi\u00e7\u00f5es anormais (tais como curto-circuito, subtens\u00e3o, etc.) durante um determinado per\u00edodo de tempo e infringindo os regulamentos.<\/p>","protected":false},"featured_media":4482,"template":"","meta":{"_acf_changed":false,"site-sidebar-layout":"default","site-content-layout":"","ast-site-content-layout":"default","site-content-style":"default","site-sidebar-style":"default","ast-global-header-display":"","ast-banner-title-visibility":"","ast-main-header-display":"","ast-hfb-above-header-display":"","ast-hfb-below-header-display":"","ast-hfb-mobile-header-display":"","site-post-title":"","ast-breadcrumbs-content":"","ast-featured-img":"","footer-sml-layout":"","theme-transparent-header-meta":"default","adv-header-id-meta":"","stick-header-meta":"","header-above-stick-meta":"","header-main-stick-meta":"","header-below-stick-meta":"","astra-migrate-meta-layouts":"set","ast-page-background-enabled":"default","ast-page-background-meta":{"desktop":{"background-color":"","background-image":"","background-repeat":"repeat","background-position":"center center","background-size":"auto","background-attachment":"scroll","background-type":"","background-media":"","overlay-type":"","overlay-color":"","overlay-opacity":"","overlay-gradient":""},"tablet":{"background-color":"","background-image":"","background-repeat":"repeat","background-position":"center center","background-size":"auto","background-attachment":"scroll","background-type":"","background-media":"","overlay-type":"","overlay-color":"","overlay-opacity":"","overlay-gradient":""},"mobile":{"background-color":"","background-image":"","background-repeat":"repeat","background-position":"center center","background-size":"auto","background-attachment":"scroll","background-type":"","background-media":"","overlay-type":"","overlay-color":"","overlay-opacity":"","overlay-gradient":""}},"ast-content-background-meta":{"desktop":{"background-color":"var(--ast-global-color-5)","background-image":"","background-repeat":"repeat","background-position":"center center","background-size":"auto","background-attachment":"scroll","background-type":"","background-media":"","overlay-type":"","overlay-color":"","overlay-opacity":"","overlay-gradient":""},"tablet":{"background-color":"var(--ast-global-color-5)","background-image":"","background-repeat":"repeat","background-position":"center center","background-size":"auto","background-attachment":"scroll","background-type":"","background-media":"","overlay-type":"","overlay-color":"","overlay-opacity":"","overlay-gradient":""},"mobile":{"background-color":"var(--ast-global-color-5)","background-image":"","background-repeat":"repeat","background-position":"center center","background-size":"auto","background-attachment":"scroll","background-type":"","background-media":"","overlay-type":"","overlay-color":"","overlay-opacity":"","overlay-gradient":""}}},"product_brand":[],"product_cat":[70,65,63,56,64,62,69],"product_tag":[58,59,60],"class_list":{"0":"post-4431","1":"product","2":"type-product","3":"status-publish","4":"has-post-thumbnail","6":"product_cat-small-ammeter","7":"product_cat-fireproof-current-limiting-protector","8":"product_cat-motor-protector","9":"product_cat-protector","10":"product_cat-smart-meter","11":"product_cat-voltage-protector","12":"product_cat-small-voltmeter","13":"product_tag-energy","14":"product_tag-phase","15":"product_tag-sale","16":"desktop-align-center","17":"tablet-align-left","18":"mobile-align-left","20":"first","21":"instock","22":"featured","23":"shipping-taxable","24":"product-type-simple"},"acf":[],"_links":{"self":[{"href":"https:\/\/ua-protector.com\/pt\/wp-json\/wp\/v2\/product\/4431","targetHints":{"allow":["GET"]}}],"collection":[{"href":"https:\/\/ua-protector.com\/pt\/wp-json\/wp\/v2\/product"}],"about":[{"href":"https:\/\/ua-protector.com\/pt\/wp-json\/wp\/v2\/types\/product"}],"version-history":[{"count":14,"href":"https:\/\/ua-protector.com\/pt\/wp-json\/wp\/v2\/product\/4431\/revisions"}],"predecessor-version":[{"id":6697,"href":"https:\/\/ua-protector.com\/pt\/wp-json\/wp\/v2\/product\/4431\/revisions\/6697"}],"wp:featuredmedia":[{"embeddable":true,"href":"https:\/\/ua-protector.com\/pt\/wp-json\/wp\/v2\/media\/4482"}],"wp:attachment":[{"href":"https:\/\/ua-protector.com\/pt\/wp-json\/wp\/v2\/media?parent=4431"}],"wp:term":[{"taxonomy":"product_brand","embeddable":true,"href":"https:\/\/ua-protector.com\/pt\/wp-json\/wp\/v2\/product_brand?post=4431"},{"taxonomy":"product_cat","embeddable":true,"href":"https:\/\/ua-protector.com\/pt\/wp-json\/wp\/v2\/product_cat?post=4431"},{"taxonomy":"product_tag","embeddable":true,"href":"https:\/\/ua-protector.com\/pt\/wp-json\/wp\/v2\/product_tag?post=4431"}],"curies":[{"name":"wp","href":"https:\/\/api.w.org\/{rel}","templated":true}]}}