{"id":4430,"date":"2025-04-27T02:23:54","date_gmt":"2025-04-27T02:23:54","guid":{"rendered":"https:\/\/ua-protector.com\/?post_type=product&#038;p=4430"},"modified":"2025-08-06T01:25:41","modified_gmt":"2025-08-06T08:25:41","slug":"control-and-protective-switching-device-motor-protector","status":"publish","type":"product","link":"https:\/\/ua-protector.com\/pt\/produto\/protetor\/protetor-do-motor\/dispositivo-de-comutacao-de-controlo-e-protecao-protetor-do-motor\/","title":{"rendered":"Dispositivo de comuta\u00e7\u00e3o de controlo e prote\u00e7\u00e3o Protetor de motor JGKB-45"},"content":{"rendered":"<h2><strong>Introdu\u00e7\u00e3o<\/strong><\/h2>\n<hr \/>\n<figure id=\"attachment_4481\" aria-describedby=\"caption-attachment-4481\" style=\"width: 300px\" class=\"wp-caption alignleft\"><img fetchpriority=\"high\" decoding=\"async\" class=\"wp-image-4481 size-medium\" src=\"https:\/\/ua-protector.com\/wp-content\/uploads\/2025\/04\/JGKB-45-1-300x300.jpg\" alt=\"Controlo e comuta\u00e7\u00e3o de prote\u00e7\u00e3o, Protetor de motor\" width=\"300\" height=\"300\" srcset=\"https:\/\/ua-protector.com\/wp-content\/uploads\/2025\/04\/JGKB-45-1-300x300.jpg 300w, https:\/\/ua-protector.com\/wp-content\/uploads\/2025\/04\/JGKB-45-1-100x100.jpg 100w, https:\/\/ua-protector.com\/wp-content\/uploads\/2025\/04\/JGKB-45-1-600x600.jpg 600w, https:\/\/ua-protector.com\/wp-content\/uploads\/2025\/04\/JGKB-45-1-150x150.jpg 150w, https:\/\/ua-protector.com\/wp-content\/uploads\/2025\/04\/JGKB-45-1-768x768.jpg 768w, https:\/\/ua-protector.com\/wp-content\/uploads\/2025\/04\/JGKB-45-1.jpg 800w\" sizes=\"(max-width: 300px) 100vw, 300px\" \/><figcaption id=\"caption-attachment-4481\" class=\"wp-caption-text\">Controlo e comuta\u00e7\u00e3o de prote\u00e7\u00e3o, Protetor de motor<\/figcaption><\/figure>\n<p>O <a href=\"https:\/\/ua-protector.com\/pt\/protetor-do-motor\/\">Controlo e comuta\u00e7\u00e3o de prote\u00e7\u00e3o, Protetor de motor <\/a>tem um design bonito e o produto tem fun\u00e7\u00f5es como sobretens\u00e3o, subtens\u00e3o, sobrecarga, curto-circuito, rotor bloqueado, desequil\u00edbrio trif\u00e1sico, sobretemperatura, fuga, comunica\u00e7\u00e3o, etc. O design do software \u00e9 de f\u00e1cil utiliza\u00e7\u00e3o, com ecr\u00e3 direto de tr\u00eas linhas, e as fun\u00e7\u00f5es do produto s\u00e3o f\u00e1ceis de expandir. Atualmente, \u00e9 o interrutor de controlo e prote\u00e7\u00e3o mais abrangente na fun\u00e7\u00e3o de prote\u00e7\u00e3o de equipamentos el\u00e9ctricos. <a href=\"https:\/\/elejg.com\/\" target=\"_blank\" rel=\"noopener\">protectores<\/a>.<\/p>\n<h2><strong>\u00a0Carater\u00edsticas do produto<\/strong><\/h2>\n<hr \/>\n<p>1. Extens\u00e3o de fun\u00e7\u00f5es: Prote\u00e7\u00e3o contra temperatura e fugas, desde que estejam ligados acess\u00f3rios externos, podem ser acrescentadas as fun\u00e7\u00f5es de prote\u00e7\u00e3o necess\u00e1rias<\/p>\n<p>2. Ecr\u00e3 de tubo digital de tr\u00eas filas, tens\u00e3o em tempo real, corrente, fugas e par\u00e2metros de temperatura apresentados intuitivamente<\/p>\n<p>3. Ampla gama ajust\u00e1vel de corrente de prote\u00e7\u00e3o:<\/p>\n<p>10A\uff1a 1-10A<\/p>\n<p>45A\uff1a 2-45A<\/p>\n<p>125A\uff1a 32-125A<\/p>\n<p>4. Fun\u00e7\u00e3o de comunica\u00e7\u00e3o 485 personaliz\u00e1vel<\/p>\n<p>5. Fun\u00e7\u00e3o de palavra-passe para evitar um servi\u00e7o p\u00f3s-venda desnecess\u00e1rio provocado por pessoal n\u00e3o autorizado que tenha configurado incorretamente o produto no local<\/p>\n<p>6. Adicionada a fun\u00e7\u00e3o de recupera\u00e7\u00e3o de f\u00e1brica, que permite a recupera\u00e7\u00e3o com um clique do estado original do programa em caso de erros de configura\u00e7\u00e3o no local<\/p>\n<p>3\u3001 Par\u00e2metros t\u00e9cnicos<\/p>\n<p>1. Gama de dete\u00e7\u00e3o de tens\u00e3o: AC100~300V, n\u00edvel de precis\u00e3o: 1.0 n\u00edvel.<\/p>\n<p>2. Gama de dete\u00e7\u00e3o de corrente: 45 tipos, 1-45A, n\u00edvel de precis\u00e3o: 1,0 n\u00edvel.<\/p>\n<p>Tipo 125, 32-125A, n\u00edvel de precis\u00e3o: 1,0<\/p>\n<p>3. Gama de dete\u00e7\u00e3o de corrente de fuga: 5-300mA, n\u00edvel de precis\u00e3o: 2,5.<\/p>\n<p>4. Gama de dete\u00e7\u00e3o de temperatura: -50~160 \u2103, n\u00edvel de precis\u00e3o: 2.0.<\/p>\n<p>3. Consumo de energia do produto: \u2264 6W.<\/p>\n<p>4. Capacidade de rutura m\u00e1xima: 7000A.<\/p>\n<p>5. Vida mec\u00e2nica \u2265 1 milh\u00e3o de vezes, vida el\u00e9ctrica 200000 vezes.<\/p>\n<p>6. O protocolo de comunica\u00e7\u00e3o RS485 \u00e9 detalhado no Manual de Comunica\u00e7\u00e3o RS485 V2.0 para Instrumentos e Protectores de Pot\u00eancia.<\/p>\n<p>&nbsp;<\/p>\n<hr \/>\n<h1 class=\"elementor-heading-title elementor-size-default\"><span style=\"color: #0000ff;\">Contacte-nos agora, a amostra gr\u00e1tis est\u00e1 dispon\u00edvel<\/span><\/h1>\n<p>Para obter mais informa\u00e7\u00f5es sobre os nossos produtos e servi\u00e7os, receber\u00e1 uma resposta de um especialista em eletricidade.<\/p>\n<p>Mob\/WhatsApp\/<strong>WeChat\/<\/strong>Wang: +86 18958900126<br \/>\nE-mail comercial\uff1a<strong>sales@tokeep.net<br \/>\n<\/strong>Tecnologia Email:\u00a0<strong>tokeepcc@gmail.com<\/strong><strong><br \/>\n<\/strong>Correio eletr\u00f3nico pessoal:<strong>\u00a0wxj7607@126.com<\/strong><\/p>\n<p><img decoding=\"async\" class=\"alignnone wp-image-5833 size-full\" src=\"https:\/\/ua-protector.com\/wp-content\/uploads\/2025\/04\/whateapp-1.jpg\" sizes=\"(max-width: 573px) 100vw, 573px\" srcset=\"https:\/\/ua-protector.com\/wp-content\/uploads\/2025\/04\/whateapp-1.jpg 573w, https:\/\/ua-protector.com\/wp-content\/uploads\/2025\/04\/whateapp-1-300x169.jpg 300w, https:\/\/ua-protector.com\/wp-content\/uploads\/2025\/04\/whateapp-1-18x10.jpg 18w\" alt=\"\" width=\"573\" height=\"322\" \/><\/p>","protected":false},"excerpt":{"rendered":"<p>O <a href=\"https:\/\/ua-protector.com\/pt\/protetor-do-motor\/\">Controlo e comuta\u00e7\u00e3o de prote\u00e7\u00e3o, Protetor de motor<\/a> tem um design bonito e o produto tem fun\u00e7\u00f5es como sobretens\u00e3o, subtens\u00e3o, sobrecarga, curto-circuito, rotor bloqueado, desequil\u00edbrio trif\u00e1sico, sobretemperatura, fuga, comunica\u00e7\u00e3o, etc. O design do software \u00e9 de f\u00e1cil utiliza\u00e7\u00e3o, com visor direto de tr\u00eas linhas, e as fun\u00e7\u00f5es do produto s\u00e3o f\u00e1ceis de expandir. Atualmente,<\/p>","protected":false},"featured_media":4477,"template":"","meta":{"_acf_changed":false,"site-sidebar-layout":"default","site-content-layout":"","ast-site-content-layout":"default","site-content-style":"default","site-sidebar-style":"default","ast-global-header-display":"","ast-banner-title-visibility":"","ast-main-header-display":"","ast-hfb-above-header-display":"","ast-hfb-below-header-display":"","ast-hfb-mobile-header-display":"","site-post-title":"","ast-breadcrumbs-content":"","ast-featured-img":"","footer-sml-layout":"","theme-transparent-header-meta":"default","adv-header-id-meta":"","stick-header-meta":"","header-above-stick-meta":"","header-main-stick-meta":"","header-below-stick-meta":"","astra-migrate-meta-layouts":"set","ast-page-background-enabled":"default","ast-page-background-meta":{"desktop":{"background-color":"","background-image":"","background-repeat":"repeat","background-position":"center center","background-size":"auto","background-attachment":"scroll","background-type":"","background-media":"","overlay-type":"","overlay-color":"","overlay-opacity":"","overlay-gradient":""},"tablet":{"background-color":"","background-image":"","background-repeat":"repeat","background-position":"center center","background-size":"auto","background-attachment":"scroll","background-type":"","background-media":"","overlay-type":"","overlay-color":"","overlay-opacity":"","overlay-gradient":""},"mobile":{"background-color":"","background-image":"","background-repeat":"repeat","background-position":"center center","background-size":"auto","background-attachment":"scroll","background-type":"","background-media":"","overlay-type":"","overlay-color":"","overlay-opacity":"","overlay-gradient":""}},"ast-content-background-meta":{"desktop":{"background-color":"var(--ast-global-color-5)","background-image":"","background-repeat":"repeat","background-position":"center center","background-size":"auto","background-attachment":"scroll","background-type":"","background-media":"","overlay-type":"","overlay-color":"","overlay-opacity":"","overlay-gradient":""},"tablet":{"background-color":"var(--ast-global-color-5)","background-image":"","background-repeat":"repeat","background-position":"center center","background-size":"auto","background-attachment":"scroll","background-type":"","background-media":"","overlay-type":"","overlay-color":"","overlay-opacity":"","overlay-gradient":""},"mobile":{"background-color":"var(--ast-global-color-5)","background-image":"","background-repeat":"repeat","background-position":"center center","background-size":"auto","background-attachment":"scroll","background-type":"","background-media":"","overlay-type":"","overlay-color":"","overlay-opacity":"","overlay-gradient":""}}},"product_brand":[],"product_cat":[63,56,61,62],"product_tag":[58,59,60],"class_list":{"0":"post-4430","1":"product","2":"type-product","3":"status-publish","4":"has-post-thumbnail","6":"product_cat-motor-protector","7":"product_cat-protector","8":"product_cat-switch","9":"product_cat-voltage-protector","10":"product_tag-energy","11":"product_tag-phase","12":"product_tag-sale","13":"desktop-align-center","14":"tablet-align-left","15":"mobile-align-left","17":"first","18":"instock","19":"featured","20":"shipping-taxable","21":"product-type-simple"},"acf":[],"_links":{"self":[{"href":"https:\/\/ua-protector.com\/pt\/wp-json\/wp\/v2\/product\/4430","targetHints":{"allow":["GET"]}}],"collection":[{"href":"https:\/\/ua-protector.com\/pt\/wp-json\/wp\/v2\/product"}],"about":[{"href":"https:\/\/ua-protector.com\/pt\/wp-json\/wp\/v2\/types\/product"}],"version-history":[{"count":8,"href":"https:\/\/ua-protector.com\/pt\/wp-json\/wp\/v2\/product\/4430\/revisions"}],"predecessor-version":[{"id":6696,"href":"https:\/\/ua-protector.com\/pt\/wp-json\/wp\/v2\/product\/4430\/revisions\/6696"}],"wp:featuredmedia":[{"embeddable":true,"href":"https:\/\/ua-protector.com\/pt\/wp-json\/wp\/v2\/media\/4477"}],"wp:attachment":[{"href":"https:\/\/ua-protector.com\/pt\/wp-json\/wp\/v2\/media?parent=4430"}],"wp:term":[{"taxonomy":"product_brand","embeddable":true,"href":"https:\/\/ua-protector.com\/pt\/wp-json\/wp\/v2\/product_brand?post=4430"},{"taxonomy":"product_cat","embeddable":true,"href":"https:\/\/ua-protector.com\/pt\/wp-json\/wp\/v2\/product_cat?post=4430"},{"taxonomy":"product_tag","embeddable":true,"href":"https:\/\/ua-protector.com\/pt\/wp-json\/wp\/v2\/product_tag?post=4430"}],"curies":[{"name":"wp","href":"https:\/\/api.w.org\/{rel}","templated":true}]}}