{"id":4428,"date":"2025-04-27T02:23:54","date_gmt":"2025-04-27T02:23:54","guid":{"rendered":"https:\/\/ua-protector.com\/?post_type=product&#038;p=4428"},"modified":"2025-08-06T01:24:30","modified_gmt":"2025-08-06T08:24:30","slug":"dual-power-automatic-transfer-switch-jgq1-63","status":"publish","type":"product","link":"https:\/\/ua-protector.com\/pt\/produto\/produto\/interrutor\/interrutor-de-transferencia-automatica-de-dupla-potencia-jgq1-63\/","title":{"rendered":"Interruptor de transfer\u00eancia autom\u00e1tica de pot\u00eancia dupla JGQ1-63 Tipo mini"},"content":{"rendered":"<h2><strong>introdu\u00e7\u00e3o<\/strong><\/h2>\n<hr \/>\n<figure id=\"attachment_4466\" aria-describedby=\"caption-attachment-4466\" style=\"width: 300px\" class=\"wp-caption alignleft\"><img fetchpriority=\"high\" decoding=\"async\" class=\"wp-image-4466 size-medium\" src=\"https:\/\/ua-protector.com\/wp-content\/uploads\/2025\/04\/JGQ1-63-2-300x300.jpg\" alt=\"Interruptor de transfer\u00eancia autom\u00e1tica de pot\u00eancia dupla\" width=\"300\" height=\"300\" srcset=\"https:\/\/ua-protector.com\/wp-content\/uploads\/2025\/04\/JGQ1-63-2-300x300.jpg 300w, https:\/\/ua-protector.com\/wp-content\/uploads\/2025\/04\/JGQ1-63-2-100x100.jpg 100w, https:\/\/ua-protector.com\/wp-content\/uploads\/2025\/04\/JGQ1-63-2-600x600.jpg 600w, https:\/\/ua-protector.com\/wp-content\/uploads\/2025\/04\/JGQ1-63-2-150x150.jpg 150w, https:\/\/ua-protector.com\/wp-content\/uploads\/2025\/04\/JGQ1-63-2-768x768.jpg 768w, https:\/\/ua-protector.com\/wp-content\/uploads\/2025\/04\/JGQ1-63-2.jpg 800w\" sizes=\"(max-width: 300px) 100vw, 300px\" \/><figcaption id=\"caption-attachment-4466\" class=\"wp-caption-text\">Interruptor de transfer\u00eancia autom\u00e1tica de pot\u00eancia dupla<\/figcaption><\/figure>\n<p>S\u00e9rie JGQ1 <a href=\"https:\/\/ua-protector.com\/pt\/disjuntores-de-corrente-continua-2\/\">Interruptor de transfer\u00eancia autom\u00e1tica de pot\u00eancia dupla<\/a> (a seguir designado por interrutor de transfer\u00eancia) \u00e9 adequado para AC 50Hz ou 60Hz, tens\u00e3o nominal de funcionamento 400V, abaixo do sistema de alimenta\u00e7\u00e3o de circuito duplo. A convers\u00e3o selectiva entre as duas fontes de alimenta\u00e7\u00e3o pode ser feita conforme necess\u00e1rio. O produto tem as fun\u00e7\u00f5es de curto-circuito, sobrecarga, subtens\u00e3o e perda de tens\u00e3o, e tamb\u00e9m tem as fun\u00e7\u00f5es de inc\u00eandio <a href=\"https:\/\/elejg.com\/\" target=\"_blank\" rel=\"noopener\">prote\u00e7\u00e3o<\/a>, divis\u00e3o dupla e sinal de fecho de sa\u00edda.<br \/>\n\u00c9 especialmente adequado para a instala\u00e7\u00e3o e utiliza\u00e7\u00e3o de linhas de ilumina\u00e7\u00e3o em edif\u00edcios de escrit\u00f3rios, centros comerciais, bancos, esta\u00e7\u00f5es, hospitais e edif\u00edcios altos que exigem requisitos de prote\u00e7\u00e3o contra inc\u00eandios.<br \/>\nO produto est\u00e1 em conformidade com as normas GB\/T14048, 11.<\/p>\n<h2>Condi\u00e7\u00f5es normais de trabalho<\/h2>\n<hr \/>\n<p>3.1 O limite superior da temperatura do ar ambiente n\u00e3o deve exceder +40\u00b0C, e o limite inferior n\u00e3o deve exceder \u00b0C.<\/p>\n<p>O valor m\u00e9dio de 24h n\u00e3o excede +35\u00b0C.<\/p>\n<p>3.2 A altitude do local de instala\u00e7\u00e3o n\u00e3o deve ser superior a 2000 m.<\/p>\n<p>3.3 A humidade relativa da atmosfera n\u00e3o excede 50% \u00e0 temperatura do ar ambiente +40\u00b0C, e a temperaturas mais baixas, pode haver maior humidade; Quando a temperatura m\u00ednima mensal m\u00e9dia do m\u00eas mais chuvoso \u00e9 +25\u00b0C, a humidade relativa m\u00e1xima m\u00e9dia \u00e9 90%, tendo em conta os factores<\/p>\n<p>Se ocorrerem altera\u00e7\u00f5es de humidade na superf\u00edcie do produto devido a condensa\u00e7\u00e3o, devem ser tomadas medidas especiais.<\/p>\n<p>3.4 O n\u00edvel de polui\u00e7\u00e3o \u00e9 de classe III.<\/p>\n<p>3.5 N\u00e3o h\u00e1 vibra\u00e7\u00e3o forte e impacto no local de opera\u00e7\u00e3o, n\u00e3o h\u00e1 corros\u00e3o e danos aos gases nocivos do isolamento, n\u00e3o h\u00e1 poeira grave, n\u00e3o h\u00e1 part\u00edculas condutoras e subst\u00e2ncias perigosas explosivas,<\/p>\n<p>Nenhuma interfer\u00eancia eletromagn\u00e9tica forte\u3002<\/p>\n<h2>4. carater\u00edsticas do interrutor de transfer\u00eancia autom\u00e1tica de pot\u00eancia dupla<\/h2>\n<hr \/>\n<p>4.1 O interrutor de transfer\u00eancia autom\u00e1tica de pot\u00eancia dupla da estrutura \u00e9 razo\u00e1vel, o tamanho \u00e9 m\u00ednimo, a apar\u00eancia \u00e9 bonita, equipada com uma capa protetora e a fonte de alimenta\u00e7\u00e3o \u00e9 mais segura e confi\u00e1vel.<\/p>\n<p>4.2 A fun\u00e7\u00e3o de expans\u00e3o \u00e9 completa, com prote\u00e7\u00e3o contra curto-circuito, sobrecarga, perda de fase, subtens\u00e3o e outras.<\/p>\n<p>4.3 Com a interface de pot\u00eancia de inc\u00eandio EPS, DC12~24V pode ser fi\u00e1vel e a divis\u00e3o dupla de longa dist\u00e2ncia.<\/p>\n<p>4.4 Funcionamento sem ru\u00eddo, poupan\u00e7a de energia e redu\u00e7\u00e3o do consumo, instala\u00e7\u00e3o f\u00e1cil, funcionamento simples, desempenho fi\u00e1vel e est\u00e1vel.<\/p>\n<h2>5.Desempenho do interrutor de transfer\u00eancia autom\u00e1tica de pot\u00eancia dupla<\/h2>\n<hr \/>\n<p>5.1 O interrutor de transfer\u00eancia \u00e9 composto por dois disjuntores miniatura e motores e dispositivos de rota\u00e7\u00e3o mec\u00e2nica combinados num s\u00f3 e detecta as duas fontes de alimenta\u00e7\u00e3o atrav\u00e9s do controlador, quando o circuito \u00e9 anormal, o controlador faz uma avalia\u00e7\u00e3o l\u00f3gica dos resultados da dete\u00e7\u00e3o, de acordo com as instru\u00e7\u00f5es do controlador<\/p>\n<p>Acionar o mecanismo de funcionamento para abrir ou fechar, de modo a garantir o fornecimento seguro e fi\u00e1vel de energia \u00e0 carga.<\/p>\n<p>5.2 Capacidades de comuta\u00e7\u00e3o e desconex\u00e3o<\/p>\n<p>5.3 Capacidade nominal de interrup\u00e7\u00e3o de curto-circuito: 3kA<\/p>\n<p>5.4 Capacidade nominal de liga\u00e7\u00e3o em curto-circuito: 3kA<\/p>\n<p>5.5 Tempo de convers\u00e3o: \u22643s<\/p>\n<p>5.6 A tens\u00e3o de controlo do interrutor de transfer\u00eancia \u00e9 AC230V<\/p>\n<p>5.7 A vida mec\u00e2nica do interrutor de transfer\u00eancia (convers\u00e3o comum e em espera) \u00e9 de 3000 vezes,<\/p>\n<p>A vida el\u00e9ctrica \u00e9 de 1500 vezes<\/p>\n<p>5.8 Tens\u00e3o nominal de isolamento: U=500V<\/p>\n<p>5.9 Corrente nominal de trabalho: 10A, 16A, 20A, 25A, 32A, 40A, 63A.<\/p>\n<p>5.10 De um modo geral, o interrutor de transfer\u00eancia tem a fun\u00e7\u00e3o de auto-recupera\u00e7\u00e3o e de auto-recupera\u00e7\u00e3o e o princ\u00edpio da prioridade da fonte de alimenta\u00e7\u00e3o comum. Se uma ocasi\u00e3o especial exigir um interrutor de transfer\u00eancia de auto-recupera\u00e7\u00e3o, o utilizador deve negociar com o fabricante a sua personaliza\u00e7\u00e3o.<\/p>\n<h2>6. Funcionamento e instala\u00e7\u00e3o<\/h2>\n<hr \/>\n<p>6.1 Se o disjuntor for de 3 p\u00f3los, o fio neutro deve ser ligado ao terminal neutro do interrutor de transfer\u00eancia (o fio neutro normalmente utilizado e o fio neutro sobresselente na figura<\/p>\n<p>6.2 est\u00e3o ligados aos terminais 2# e 4#, respetivamente).<\/p>\n<p>6.1 Esquema de liga\u00e7\u00e3o do circuito principal<\/p>\n<p>6.2 Indica\u00e7\u00e3o de fecho da fonte de alimenta\u00e7\u00e3o externa e diagrama de cablagem da fonte de alimenta\u00e7\u00e3o de inc\u00eandio<\/p>\n<p>6.3 Quando o interrutor de transfer\u00eancia precisa de ser operado manualmente, se for do tipo JGQ1-63, o interrutor de bot\u00e3o deve estar primeiro na posi\u00e7\u00e3o manual e, em seguida, o man\u00edpulo pode ser rodado para convers\u00e3o comum ou em espera, se for do tipo JGQ1-63, prima o bot\u00e3o manual\/autom\u00e1tico e, quando a luz indicadora manual estiver acesa, a convers\u00e3o comum ou em espera pode ser efectuada. Colocar o modo de controlo na posi\u00e7\u00e3o autom\u00e1tica, e o interrutor de transfer\u00eancia entrar\u00e1 no estado de funcionamento autom\u00e1tico; e a fonte de alimenta\u00e7\u00e3o comum tem preced\u00eancia.<\/p>\n<p>6.4 Quando o interrutor de transfer\u00eancia \u00e9 ligado \u00e0 linha de acordo com o diagrama de cablagem, depois de a energia ser normalmente ligada, se a fonte de alimenta\u00e7\u00e3o comum e a fonte de alimenta\u00e7\u00e3o em espera estiverem todas normais, a luz indicadora (vermelha) da fonte de alimenta\u00e7\u00e3o comum ou da fonte de alimenta\u00e7\u00e3o em espera acende-se e o interrutor de transfer\u00eancia funciona normalmente.<\/p>\n<p>&nbsp;<\/p>\n<hr \/>\n<h1 class=\"elementor-heading-title elementor-size-default\"><span style=\"color: #0000ff;\">Contacte-nos agora, a amostra gr\u00e1tis est\u00e1 dispon\u00edvel<\/span><\/h1>\n<p>Para obter mais informa\u00e7\u00f5es sobre os nossos produtos e servi\u00e7os, receber\u00e1 uma resposta de um especialista em eletricidade.<\/p>\n<p>Mob\/WhatsApp\/Wang: +86 18958900126<br \/>\nE-mail comercial\uff1a<strong>sales@tokeep.net<br \/>\n<\/strong>Tecnologia Email:\u00a0<strong>tokeepcc@gmail.com<\/strong><strong><br \/>\n<\/strong>Correio eletr\u00f3nico pessoal:<strong>\u00a0wxj7607@126.com<\/strong><\/p>\n<p><img decoding=\"async\" class=\"alignnone wp-image-5833 size-full\" src=\"https:\/\/ua-protector.com\/wp-content\/uploads\/2025\/04\/whateapp-1.jpg\" sizes=\"(max-width: 573px) 100vw, 573px\" srcset=\"https:\/\/ua-protector.com\/wp-content\/uploads\/2025\/04\/whateapp-1.jpg 573w, https:\/\/ua-protector.com\/wp-content\/uploads\/2025\/04\/whateapp-1-300x169.jpg 300w, https:\/\/ua-protector.com\/wp-content\/uploads\/2025\/04\/whateapp-1-18x10.jpg 18w\" alt=\"\" width=\"573\" height=\"322\" \/><\/p>","protected":false},"excerpt":{"rendered":"<p>S\u00e9rie JGQ1 <a href=\"https:\/\/ua-protector.com\/pt\/disjuntores-de-corrente-continua-2\/\">Interruptor de transfer\u00eancia autom\u00e1tica de pot\u00eancia dupla<\/a> (a seguir designado por interrutor de transfer\u00eancia) \u00e9 adequado para AC 50Hz ou 60Hz, tens\u00e3o nominal de funcionamento 400V, abaixo do sistema de alimenta\u00e7\u00e3o de circuito duplo. A convers\u00e3o selectiva entre as duas fontes de alimenta\u00e7\u00e3o pode ser feita conforme necess\u00e1rio. O produto tem as fun\u00e7\u00f5es de curto-circuito, sobrecarga, subtens\u00e3o e perda de tens\u00e3o, e tamb\u00e9m tem as fun\u00e7\u00f5es de prote\u00e7\u00e3o contra inc\u00eandios, divis\u00e3o dupla e sinal de fecho de sa\u00edda.<\/p>\n<p>\u00c9 especialmente adequado para a instala\u00e7\u00e3o e utiliza\u00e7\u00e3o de linhas de ilumina\u00e7\u00e3o em edif\u00edcios de escrit\u00f3rios, centros comerciais, bancos, esta\u00e7\u00f5es, hospitais e edif\u00edcios altos que exigem requisitos de prote\u00e7\u00e3o contra inc\u00eandios.<\/p>","protected":false},"featured_media":4466,"template":"","meta":{"_acf_changed":false,"site-sidebar-layout":"default","site-content-layout":"","ast-site-content-layout":"default","site-content-style":"default","site-sidebar-style":"default","ast-global-header-display":"","ast-banner-title-visibility":"","ast-main-header-display":"","ast-hfb-above-header-display":"","ast-hfb-below-header-display":"","ast-hfb-mobile-header-display":"","site-post-title":"","ast-breadcrumbs-content":"","ast-featured-img":"","footer-sml-layout":"","theme-transparent-header-meta":"default","adv-header-id-meta":"","stick-header-meta":"","header-above-stick-meta":"","header-main-stick-meta":"","header-below-stick-meta":"","astra-migrate-meta-layouts":"set","ast-page-background-enabled":"default","ast-page-background-meta":{"desktop":{"background-color":"","background-image":"","background-repeat":"repeat","background-position":"center center","background-size":"auto","background-attachment":"scroll","background-type":"","background-media":"","overlay-type":"","overlay-color":"","overlay-opacity":"","overlay-gradient":""},"tablet":{"background-color":"","background-image":"","background-repeat":"repeat","background-position":"center center","background-size":"auto","background-attachment":"scroll","background-type":"","background-media":"","overlay-type":"","overlay-color":"","overlay-opacity":"","overlay-gradient":""},"mobile":{"background-color":"","background-image":"","background-repeat":"repeat","background-position":"center center","background-size":"auto","background-attachment":"scroll","background-type":"","background-media":"","overlay-type":"","overlay-color":"","overlay-opacity":"","overlay-gradient":""}},"ast-content-background-meta":{"desktop":{"background-color":"var(--ast-global-color-5)","background-image":"","background-repeat":"repeat","background-position":"center center","background-size":"auto","background-attachment":"scroll","background-type":"","background-media":"","overlay-type":"","overlay-color":"","overlay-opacity":"","overlay-gradient":""},"tablet":{"background-color":"var(--ast-global-color-5)","background-image":"","background-repeat":"repeat","background-position":"center center","background-size":"auto","background-attachment":"scroll","background-type":"","background-media":"","overlay-type":"","overlay-color":"","overlay-opacity":"","overlay-gradient":""},"mobile":{"background-color":"var(--ast-global-color-5)","background-image":"","background-repeat":"repeat","background-position":"center center","background-size":"auto","background-attachment":"scroll","background-type":"","background-media":"","overlay-type":"","overlay-color":"","overlay-opacity":"","overlay-gradient":""}}},"product_brand":[],"product_cat":[61],"product_tag":[58,59,60],"class_list":{"0":"post-4428","1":"product","2":"type-product","3":"status-publish","4":"has-post-thumbnail","6":"product_cat-switch","7":"product_tag-energy","8":"product_tag-phase","9":"product_tag-sale","10":"desktop-align-center","11":"tablet-align-left","12":"mobile-align-left","14":"first","15":"instock","16":"shipping-taxable","17":"product-type-simple"},"acf":[],"_links":{"self":[{"href":"https:\/\/ua-protector.com\/pt\/wp-json\/wp\/v2\/product\/4428","targetHints":{"allow":["GET"]}}],"collection":[{"href":"https:\/\/ua-protector.com\/pt\/wp-json\/wp\/v2\/product"}],"about":[{"href":"https:\/\/ua-protector.com\/pt\/wp-json\/wp\/v2\/types\/product"}],"version-history":[{"count":11,"href":"https:\/\/ua-protector.com\/pt\/wp-json\/wp\/v2\/product\/4428\/revisions"}],"predecessor-version":[{"id":6694,"href":"https:\/\/ua-protector.com\/pt\/wp-json\/wp\/v2\/product\/4428\/revisions\/6694"}],"wp:featuredmedia":[{"embeddable":true,"href":"https:\/\/ua-protector.com\/pt\/wp-json\/wp\/v2\/media\/4466"}],"wp:attachment":[{"href":"https:\/\/ua-protector.com\/pt\/wp-json\/wp\/v2\/media?parent=4428"}],"wp:term":[{"taxonomy":"product_brand","embeddable":true,"href":"https:\/\/ua-protector.com\/pt\/wp-json\/wp\/v2\/product_brand?post=4428"},{"taxonomy":"product_cat","embeddable":true,"href":"https:\/\/ua-protector.com\/pt\/wp-json\/wp\/v2\/product_cat?post=4428"},{"taxonomy":"product_tag","embeddable":true,"href":"https:\/\/ua-protector.com\/pt\/wp-json\/wp\/v2\/product_tag?post=4428"}],"curies":[{"name":"wp","href":"https:\/\/api.w.org\/{rel}","templated":true}]}}