{"id":4424,"date":"2025-04-27T02:23:54","date_gmt":"2025-04-27T02:23:54","guid":{"rendered":"https:\/\/ua-protector.com\/?post_type=product&#038;p=4424"},"modified":"2025-08-06T03:25:57","modified_gmt":"2025-08-06T10:25:57","slug":"selective-power-limit-protector","status":"publish","type":"product","link":"https:\/\/ua-protector.com\/pt\/produto\/protetor\/protetor-limitador-de-corrente-a-prova-de-fogo\/protetor-seletivo-de-limite-de-potencia\/","title":{"rendered":"O protetor seletivo de limita\u00e7\u00e3o de pot\u00eancia JGXZ-63"},"content":{"rendered":"<h3>1\u3001Introdu\u00e7\u00e3o<\/h3>\n<hr \/>\n<figure id=\"attachment_4443\" aria-describedby=\"caption-attachment-4443\" style=\"width: 300px\" class=\"wp-caption alignleft\"><img fetchpriority=\"high\" decoding=\"async\" class=\"wp-image-4443 size-medium\" src=\"https:\/\/ua-protector.com\/wp-content\/uploads\/2025\/04\/JGXZ-63-4-300x300.jpg\" alt=\"Protetor de limite de pot\u00eancia seletivo\" width=\"300\" height=\"300\" srcset=\"https:\/\/ua-protector.com\/wp-content\/uploads\/2025\/04\/JGXZ-63-4-300x300.jpg 300w, https:\/\/ua-protector.com\/wp-content\/uploads\/2025\/04\/JGXZ-63-4-100x100.jpg 100w, https:\/\/ua-protector.com\/wp-content\/uploads\/2025\/04\/JGXZ-63-4-600x600.jpg 600w, https:\/\/ua-protector.com\/wp-content\/uploads\/2025\/04\/JGXZ-63-4-150x150.jpg 150w, https:\/\/ua-protector.com\/wp-content\/uploads\/2025\/04\/JGXZ-63-4-768x768.jpg 768w, https:\/\/ua-protector.com\/wp-content\/uploads\/2025\/04\/JGXZ-63-4.jpg 800w\" sizes=\"(max-width: 300px) 100vw, 300px\" \/><figcaption id=\"caption-attachment-4443\" class=\"wp-caption-text\">Protetor de limite de pot\u00eancia seletivo<\/figcaption><\/figure>\n<p><strong><a href=\"https:\/\/ua-protector.com\/pt\/\">\u00a0 \u00a0 \u00a0Protetor de limite de pot\u00eancia seletivo<\/a> <\/strong>O JGXZ-63 \u00e9 um protetor de limite de pot\u00eancia seletivo, utilizado principalmente para limitar o consumo de energia de aparelhos el\u00e9ctricos individuais com pot\u00eancia excessiva, e um protetor de limite de pot\u00eancia inteligente para exceder o limite de pot\u00eancia total. Ao mesmo tempo, o produto tem m\u00faltiplas fun\u00e7\u00f5es de prote\u00e7\u00e3o, tais como sobretens\u00e3o, subtens\u00e3o, curto-circuito, fuga, temperatura, frequ\u00eancia e medi\u00e7\u00e3o de eletricidade. O produto tem as vantagens de modularidade, intelig\u00eancia, visualiza\u00e7\u00e3o e suporta o protocolo de comunica\u00e7\u00e3o Modbus 485 padr\u00e3o.<\/p>\n<p>Todos os par\u00e2metros de prote\u00e7\u00e3o, como a sobretens\u00e3o, a subtens\u00e3o, o limite de pot\u00eancia, a prote\u00e7\u00e3o contra fugas, etc., podem ser definidos de acordo com a procura de energia para garantir que o protetor pode cortar instantaneamente a alimenta\u00e7\u00e3o el\u00e9ctrica em caso de <a href=\"https:\/\/www.elejg.com\/\" target=\"_blank\" rel=\"noopener\">sobretens\u00e3o<\/a>A linha de alimenta\u00e7\u00e3o \u00e9 protegida contra a subtens\u00e3o, curto-circuito, fugas e outras falhas na linha, protegendo o equipamento el\u00e9trico contra danos.<\/p>\n<p>Esta s\u00e9rie de produtos tem uma estrutura compacta, uma apar\u00eancia bonita e uma instala\u00e7\u00e3o de carris de guia padr\u00e3o. \u00c9 principalmente adequada para dormit\u00f3rios escolares, casas de aluguer e outras ocasi\u00f5es.<\/p>\n<h3>2\u3001Princ\u00edpio de funcionamento do produto<\/h3>\n<hr \/>\n<p>Exemplo: Par\u00e2metros predefinidos do produto: A pot\u00eancia individual \u00e9 de 0,2kw, limitada a 3 vezes, a pot\u00eancia total \u00e9 de 2,0kw<\/p>\n<p>a\u3001 Ligue 10 aparelhos com uma pot\u00eancia inferior a 0,2kw separadamente, e neste momento, a pot\u00eancia individual n\u00e3o excede 0,2kw, e a pot\u00eancia total n\u00e3o excede 2,0kw. O protetor est\u00e1 a funcionar normalmente. Se a pot\u00eancia individual dos aparelhos el\u00e9ctricos ligados n\u00e3o exceder, mas a pot\u00eancia total exceder 2,0kw devido a demasiadas liga\u00e7\u00f5es, o protetor desligar-se-\u00e1 dentro do tempo especificado, sendo necess\u00e1ria uma reposi\u00e7\u00e3o manual nesse momento.<\/p>\n<p>b\u3001 Quando um \u00fanico aparelho el\u00e9trico \u00e9 ligado com uma pot\u00eancia superior a 0,2kw, a luz vermelha P do produto pisca, indicando que foi ligado um aparelho com pot\u00eancia excessiva. Se a fonte de alimenta\u00e7\u00e3o da carga n\u00e3o for desligada e cortada atempadamente dentro do tempo especificado, o produto entrar\u00e1 numa contagem decrescente. Quando a contagem decrescente termina, o produto fecha-se automaticamente. Se, ap\u00f3s o fecho, ainda existirem aparelhos acima do limite, o produto desliga-se automaticamente. Depois de exceder o limite por mais de 3 vezes, o bot\u00e3o de reposi\u00e7\u00e3o deve ser premido manualmente para fechar o circuito.<\/p>\n<p>c\u3001 Se a pot\u00eancia de um \u00fanico aparelho n\u00e3o exceder o limite, mas exceder a pot\u00eancia total, o produto deve ser reiniciado manualmente para fechar ap\u00f3s a prote\u00e7\u00e3o.<\/p>\n<p>Quando for necess\u00e1rio premir manualmente o bot\u00e3o de reinicializa\u00e7\u00e3o, todos os aparelhos el\u00e9ctricos com limite superior t\u00eam de ser removidos<\/p>\n<h3>3\u3001Condi\u00e7\u00f5es e par\u00e2metros de trabalho<\/h3>\n<hr \/>\n<div class=\"scroll-table-container\">\n<table class=\"scroll-table\">\n<tbody>\n<tr>\n<th>Tipo<\/th>\n<td>JGXZ-63<\/td>\n<\/tr>\n<tr>\n<th>Regula\u00e7\u00e3o de pot\u00eancia \u00fanica 1<\/th>\n<td>0,01~9,9kw<\/td>\n<\/tr>\n<tr>\n<th>Regula\u00e7\u00e3o de pot\u00eancia \u00fanica 2<\/th>\n<td>0,5~13,2kw<\/td>\n<\/tr>\n<tr>\n<th>Intervalo de regula\u00e7\u00e3o da sobretens\u00e3o<\/th>\n<td>AC270V(210~300V)<\/td>\n<\/tr>\n<tr>\n<th>Gama de regula\u00e7\u00e3o da subtens\u00e3o<\/th>\n<td>AC170V(80~200V)<\/td>\n<\/tr>\n<tr>\n<th>Intervalo de regula\u00e7\u00e3o da corrente de fuga<\/th>\n<td>20mA(5~300mA)<\/td>\n<\/tr>\n<tr>\n<th>Medi\u00e7\u00e3o de eletricidade<\/th>\n<td>0,1-99999,9kwh<\/td>\n<\/tr>\n<\/tbody>\n<\/table>\n<\/div>\n<p>&nbsp;<\/p>\n<p>3.1. O produto desliga-se automaticamente no espa\u00e7o de 1 segundo em caso de sobretens\u00e3o, subtens\u00e3o, sobrecorrente ou fuga durante a primeira liga\u00e7\u00e3o;<\/p>\n<p>3.2. Par\u00e2metros de prote\u00e7\u00e3o actuais:<\/p>\n<p>a. \u2265 1,0 vezes a corrente, intervalo de defini\u00e7\u00e3o 1-120 segundos, predefini\u00e7\u00e3o 10 segundos<\/p>\n<p>b. \u2265 1,2 vezes a corrente de curto-circuito, 0,1 segundos para abrir o circuito<\/p>\n<p>3.3. A temperatura ambiente n\u00e3o deve exceder+40 \u2103, n\u00e3o deve ser inferior a -5 \u2103, e a temperatura m\u00e9dia durante 24 horas n\u00e3o deve exceder+35 \u2103; A+40 \u2103, a humidade do ar circundante n\u00e3o deve exceder 50%.<\/p>\n<p>3.4. O n\u00edvel do mar no local da instala\u00e7\u00e3o n\u00e3o deve exceder 2000 metros.5. N\u00edvel de polui\u00e7\u00e3o III.6. N\u00e3o existem meios explosivos perigosos, nem gases corrosivos ou isolantes, nem poeiras condutoras no ambiente da instala\u00e7\u00e3o. Tamb\u00e9m n\u00e3o existem \u00e1reas afectadas pela chuva ou neve.<\/p>\n<h3>4\u3001Descri\u00e7\u00e3o do painel<\/h3>\n<hr \/>\n<p><img decoding=\"async\" class=\"alignnone wp-image-4535 size-full\" src=\"https:\/\/ua-protetor.com\/wp-content\/uploads\/2025\/04\/\u9762\u677f\u8bf4\u660e-\u82f1\u6587\u7248.jpg\" alt=\"\" width=\"668\" height=\"733\" srcset=\"\" sizes=\"(max-width: 668px) 100vw, 668px\" data-srcset=\"\" \/><\/p>\n<h3>5\u3001<strong><a href=\"https:\/\/ua-protector.com\/pt\/\">Protetor de limite de pot\u00eancia seletivo<\/a> <\/strong>Dimens\u00f5es<\/h3>\n<hr \/>\n<p><img decoding=\"async\" class=\"alignnone wp-image-5180 size-full\" src=\"https:\/\/ua-protector.com\/wp-content\/uploads\/2025\/04\/\u5916\u578b\u5c3a\u5bf8.jpg\" alt=\"\" width=\"687\" height=\"533\" srcset=\"https:\/\/ua-protector.com\/wp-content\/uploads\/2025\/04\/\u5916\u578b\u5c3a\u5bf8.jpg 687w, https:\/\/ua-protector.com\/wp-content\/uploads\/2025\/04\/\u5916\u578b\u5c3a\u5bf8-300x233.jpg 300w, https:\/\/ua-protector.com\/wp-content\/uploads\/2025\/04\/\u5916\u578b\u5c3a\u5bf8-15x12.jpg 15w, https:\/\/ua-protector.com\/wp-content\/uploads\/2025\/04\/\u5916\u578b\u5c3a\u5bf8-600x466.jpg 600w\" sizes=\"(max-width: 687px) 100vw, 687px\" \/><\/p>\n<p>&nbsp;<\/p>\n<h2>Deveria ser um plano<\/h2>\n<hr \/>\n<figure id=\"attachment_6111\" aria-describedby=\"caption-attachment-6111\" style=\"width: 600px\" class=\"wp-caption alignnone\"><img loading=\"lazy\" decoding=\"async\" class=\"wp-image-6111 size-full\" src=\"https:\/\/ua-protector.com\/wp-content\/uploads\/2025\/04\/\u63a5\u7ebf\u56fe-\u8fc7\u6b20\u538b-3.jpg\" alt=\"protectores contra sobretens\u00e3o e subtens\u00e3o\" width=\"600\" height=\"1133\" srcset=\"https:\/\/ua-protector.com\/wp-content\/uploads\/2025\/04\/\u63a5\u7ebf\u56fe-\u8fc7\u6b20\u538b-3.jpg 600w, https:\/\/ua-protector.com\/wp-content\/uploads\/2025\/04\/\u63a5\u7ebf\u56fe-\u8fc7\u6b20\u538b-3-159x300.jpg 159w, https:\/\/ua-protector.com\/wp-content\/uploads\/2025\/04\/\u63a5\u7ebf\u56fe-\u8fc7\u6b20\u538b-3-542x1024.jpg 542w, https:\/\/ua-protector.com\/wp-content\/uploads\/2025\/04\/\u63a5\u7ebf\u56fe-\u8fc7\u6b20\u538b-3-6x12.jpg 6w\" sizes=\"(max-width: 600px) 100vw, 600px\" \/><figcaption id=\"caption-attachment-6111\" class=\"wp-caption-text\">protectores contra sobretens\u00e3o e subtens\u00e3o<\/figcaption><\/figure>\n<h3 data-slate-node=\"element\"><span style=\"color: #ff0000;\" data-slate-node=\"text\"><span class=\"null hover-sent\" data-slate-leaf=\"true\" data-sent-id=\"ejrkgDPYqe\">Aviso:<\/span><\/span><\/h3>\n<div data-slate-node=\"element\"><span data-slate-node=\"text\"><span class=\"null hover-sent\" data-slate-leaf=\"true\" data-sent-id=\"ejrkgDPYqe\">Os fios N e L n\u00e3o devem ser ligados de forma incorrecta.<\/span><\/span><\/div>\n<div data-slate-node=\"element\" data-slate-fragment=\"JTVCJTdCJTIydHlwZSUyMiUzQSUyMnBhcmFncmFwaCUyMiUyQyUyMmNoaWxkcmVuJTIyJTNBJTVCJTdCJTIyaWQlMjIlM0ElMjJlanJrZ0RQWXFlJTIyJTJDJTIycGFyYUlkeCUyMiUzQTElMkMlMjJzcmMlMjIlM0ElMjJBdHRlbnRpb24lM0ElMjBUaGUlMjBOJTIwYW5kJTIwTCUyMHdpcmVzJTIwbXVzdCUyMG5vdCUyMGJlJTIwY29ubmVjdGVkJTIwaW5jb3JyZWN0bHkuJTIyJTJDJTIyZHN0JTIyJTNBJTIyJUU2JUIzJUE4JUU2JTg0JThGJUVGJUJDJTlBTiVFNSU5MiU4Q0wlRTclQkElQkYlRTQlQjglOEQlRTUlQkUlOTclRTglQkYlOUUlRTYlOEUlQTUlRTklOTQlOTklRTglQUYlQUYlRTMlODAlODIlMjIlMkMlMjJtZXRhZGF0YSUyMiUzQSUyMiUyMiUyQyUyMm1hdGNoZXMlMjIlM0FudWxsJTJDJTIybWV0YURhdGElMjIlM0ElNUIlNUQlMkMlMjJ0ZXh0JTIyJTNBJTIyVGhlJTIwTiUyMGFuZCUyMEwlMjB3aXJlcyUyMG11c3QlMjBub3QlMjBiZSUyMGNvbm5lY3RlZCUyMGluY29ycmVjdGx5LiUyMiU3RCU1RCU3RCUyQyU3QiUyMnR5cGUlMjIlM0ElMjJwYXJhZ3JhcGglMjIlMkMlMjJjaGlsZHJlbiUyMiUzQSU1QiU3QiUyMmlkJTIyJTNBJTIyVk5ETmRqOUFiQiUyMiUyQyUyMnBhcmFJZHglMjIlM0EyJTJDJTIyc3JjJTIyJTNBJTIyQWxsJTIwdGVybWluYWxzJTIwbXVzdCUyMGJlJTIwdGlnaHRlbmVkJTIwdG8lMjBwcmV2ZW50JTIwZmFsc2UlMjBjb25uZWN0aW9ucyUyMHRoYXQlMjBjb3VsZCUyMGJ1cm4lMjBvdXQlMjB0aGUlMjBwcm90ZWN0b3IuJTIyJTJDJTIyZHN0JTIyJTNBJTIyJUU2JTg5JTgwJUU2JTlDJTg5JUU3JUFCJUFGJUU1JUFEJTkwJUU1JUJGJTg1JUU5JUExJUJCJUU2JThCJUE3JUU3JUI0JUE3JUVGJUJDJThDJUU0JUJCJUE1JUU5JTk4JUIyJUU2JUFEJUEyJUU1JThGJUFGJUU4JTgzJUJEJUU3JTgzJUE3JUU1JTlEJThGJUU0JUJGJTlEJUU2JThBJUE0JUU1JTk5JUE4JUU3JTlBJTg0JUU5JTk0JTk5JUU4JUFGJUFGJUU4JUJGJTlFJUU2JThFJUE1JUUzJTgwJTgyJTIyJTJDJTIybWV0YWRhdGElMjIlM0ElMjIlMjIlMkMlMjJtYXRjaGVzJTIyJTNBbnVsbCUyQyUyMm1ldGFEYXRhJTIyJTNBJTVCJTVEJTJDJTIydGV4dCUyMiUzQSUyMkFsbCUyMHRlcm1pbmFscyUyMG11c3QlMjBiZSUyMHRpZ2h0ZW5lZCUyMHRvJTIwcHJldmVudCUyMGZhbHNlJTIwY29ubmVjdGlvbnMlMjB0aGF0JTIwY291bGQlMjBidXJuJTIwb3V0JTIwdGhlJTIwcHJvdGVjdG9yLiUyMiU3RCU1RCU3RCU1RA==\"><span data-slate-node=\"text\"><span class=\"null\" data-slate-leaf=\"true\" data-sent-id=\"VNDNdj9AbB\">Todos os terminais devem ser apertados para evitar liga\u00e7\u00f5es falsas que possam queimar o protetor.<\/span><\/span><\/div>\n<h2 class=\"wp-block-heading\"><\/h2>\n<h2><strong>Informa\u00e7\u00f5es sobre o pacote padr\u00e3o<\/strong><\/h2>\n<hr \/>\n<p>&nbsp;<\/p>\n<p><img loading=\"lazy\" decoding=\"async\" class=\"alignnone size-medium wp-image-5943\" src=\"https:\/\/ua-protector.com\/wp-content\/uploads\/2025\/04\/45.5-23.5-31.5-box-300x300.jpg\" sizes=\"(max-width: 300px) 100vw, 300px\" srcset=\"https:\/\/ua-protector.com\/wp-content\/uploads\/2025\/04\/45.5-23.5-31.5-box-300x300.jpg 300w, https:\/\/ua-protector.com\/wp-content\/uploads\/2025\/04\/45.5-23.5-31.5-box-150x150.jpg 150w, https:\/\/ua-protector.com\/wp-content\/uploads\/2025\/04\/45.5-23.5-31.5-box-12x12.jpg 12w, https:\/\/ua-protector.com\/wp-content\/uploads\/2025\/04\/45.5-23.5-31.5-box-600x600.jpg 600w, https:\/\/ua-protector.com\/wp-content\/uploads\/2025\/04\/45.5-23.5-31.5-box-100x100.jpg 100w, https:\/\/ua-protector.com\/wp-content\/uploads\/2025\/04\/45.5-23.5-31.5-box.jpg 750w\" alt=\"\" width=\"300\" height=\"300\" \/><\/p>\n<div style=\"overflow-x: auto;\">\n<table style=\"height: 109px;\" width=\"1337\">\n<tbody>\n<tr>\n<th>Dimens\u00e3o da caixa de cart\u00e3o (cm)<\/th>\n<th>Lista de embalagem<\/th>\n<th>QUANTIDADE<\/th>\n<th>Peso bruto (kg)<\/th>\n<\/tr>\n<tr>\n<td style=\"text-align: center;\">45,5 cm \u00d7 23,5 cm \u00d7 31,5 cm<\/td>\n<td style=\"text-align: center;\">protetor de medi\u00e7\u00e3o<\/td>\n<td style=\"text-align: center;\">120 unidades<\/td>\n<td style=\"text-align: center;\">20 kg<\/td>\n<\/tr>\n<\/tbody>\n<\/table>\n<\/div>\n<hr \/>\n<h1 class=\"elementor-heading-title elementor-size-default\"><span style=\"color: #0000ff;\">Contacte-nos agora, a amostra gr\u00e1tis est\u00e1 dispon\u00edvel<\/span><\/h1>\n<p>Para obter mais informa\u00e7\u00f5es sobre os nossos produtos e servi\u00e7os, receber\u00e1 uma resposta de um especialista em eletricidade.<\/p>\n<p>Mob\/WhatsApp\/Wang: +86 18958900126<br \/>\nE-mail comercial\uff1a<strong>sales@tokeep.net<br \/>\n<\/strong>Tecnologia Email:\u00a0<strong>tokeepcc@gmail.com<\/strong><strong><br \/>\n<\/strong>Correio eletr\u00f3nico pessoal:<strong>\u00a0wxj7607@126.com<\/strong><\/p>\n<p><img loading=\"lazy\" decoding=\"async\" class=\"alignnone wp-image-5833 size-full\" src=\"https:\/\/ua-protector.com\/wp-content\/uploads\/2025\/04\/whateapp-1.jpg\" sizes=\"(max-width: 573px) 100vw, 573px\" srcset=\"https:\/\/ua-protector.com\/wp-content\/uploads\/2025\/04\/whateapp-1.jpg 573w, https:\/\/ua-protector.com\/wp-content\/uploads\/2025\/04\/whateapp-1-300x169.jpg 300w, https:\/\/ua-protector.com\/wp-content\/uploads\/2025\/04\/whateapp-1-18x10.jpg 18w\" alt=\"\" width=\"573\" height=\"322\" \/><\/p>\n<p>&nbsp;<\/p>","protected":false},"excerpt":{"rendered":"<p>O JGXZ-63 \u00e9 um protetor de limite de pot\u00eancia seletivo, utilizado principalmente para limitar o consumo de energia de aparelhos el\u00e9ctricos individuais com pot\u00eancia excessiva, e um protetor de limite de pot\u00eancia inteligente para exceder o limite de pot\u00eancia total.<br \/>\n<strong>Instru\u00e7\u00f5es \uff1a<a href=\"https:\/\/ua-protector.com\/wp-content\/uploads\/2025\/04\/JGXZ-63-Manual.pdf\">Protetor de limite de pot\u00eancia selectiva JGXZ-63-Manual<\/a><\/strong><\/p>\n<p>&nbsp;<\/p>","protected":false},"featured_media":4443,"template":"","meta":{"_acf_changed":false,"site-sidebar-layout":"default","site-content-layout":"","ast-site-content-layout":"default","site-content-style":"default","site-sidebar-style":"default","ast-global-header-display":"","ast-banner-title-visibility":"","ast-main-header-display":"","ast-hfb-above-header-display":"","ast-hfb-below-header-display":"","ast-hfb-mobile-header-display":"","site-post-title":"","ast-breadcrumbs-content":"","ast-featured-img":"","footer-sml-layout":"","theme-transparent-header-meta":"default","adv-header-id-meta":"","stick-header-meta":"","header-above-stick-meta":"","header-main-stick-meta":"","header-below-stick-meta":"","astra-migrate-meta-layouts":"set","ast-page-background-enabled":"default","ast-page-background-meta":{"desktop":{"background-color":"","background-image":"","background-repeat":"repeat","background-position":"center center","background-size":"auto","background-attachment":"scroll","background-type":"","background-media":"","overlay-type":"","overlay-color":"","overlay-opacity":"","overlay-gradient":""},"tablet":{"background-color":"","background-image":"","background-repeat":"repeat","background-position":"center center","background-size":"auto","background-attachment":"scroll","background-type":"","background-media":"","overlay-type":"","overlay-color":"","overlay-opacity":"","overlay-gradient":""},"mobile":{"background-color":"","background-image":"","background-repeat":"repeat","background-position":"center center","background-size":"auto","background-attachment":"scroll","background-type":"","background-media":"","overlay-type":"","overlay-color":"","overlay-opacity":"","overlay-gradient":""}},"ast-content-background-meta":{"desktop":{"background-color":"var(--ast-global-color-5)","background-image":"","background-repeat":"repeat","background-position":"center center","background-size":"auto","background-attachment":"scroll","background-type":"","background-media":"","overlay-type":"","overlay-color":"","overlay-opacity":"","overlay-gradient":""},"tablet":{"background-color":"var(--ast-global-color-5)","background-image":"","background-repeat":"repeat","background-position":"center center","background-size":"auto","background-attachment":"scroll","background-type":"","background-media":"","overlay-type":"","overlay-color":"","overlay-opacity":"","overlay-gradient":""},"mobile":{"background-color":"var(--ast-global-color-5)","background-image":"","background-repeat":"repeat","background-position":"center center","background-size":"auto","background-attachment":"scroll","background-type":"","background-media":"","overlay-type":"","overlay-color":"","overlay-opacity":"","overlay-gradient":""}}},"product_brand":[],"product_cat":[65,64,62,69],"product_tag":[96,110,93,87],"class_list":{"0":"post-4424","1":"product","2":"type-product","3":"status-publish","4":"has-post-thumbnail","6":"product_cat-fireproof-current-limiting-protector","7":"product_cat-smart-meter","8":"product_cat-voltage-protector","9":"product_cat-small-voltmeter","10":"product_tag-adjustable-voltage-protector-settings","11":"product_tag-voltage-protector-220v","12":"product_tag-voltage-protector-adjustable-under-over-voltage-protection","13":"product_tag-voltage-protector-for-home","14":"desktop-align-center","15":"tablet-align-left","16":"mobile-align-left","18":"first","19":"instock","20":"featured","21":"shipping-taxable","22":"product-type-external"},"acf":[],"_links":{"self":[{"href":"https:\/\/ua-protector.com\/pt\/wp-json\/wp\/v2\/product\/4424","targetHints":{"allow":["GET"]}}],"collection":[{"href":"https:\/\/ua-protector.com\/pt\/wp-json\/wp\/v2\/product"}],"about":[{"href":"https:\/\/ua-protector.com\/pt\/wp-json\/wp\/v2\/types\/product"}],"version-history":[{"count":22,"href":"https:\/\/ua-protector.com\/pt\/wp-json\/wp\/v2\/product\/4424\/revisions"}],"predecessor-version":[{"id":6701,"href":"https:\/\/ua-protector.com\/pt\/wp-json\/wp\/v2\/product\/4424\/revisions\/6701"}],"wp:featuredmedia":[{"embeddable":true,"href":"https:\/\/ua-protector.com\/pt\/wp-json\/wp\/v2\/media\/4443"}],"wp:attachment":[{"href":"https:\/\/ua-protector.com\/pt\/wp-json\/wp\/v2\/media?parent=4424"}],"wp:term":[{"taxonomy":"product_brand","embeddable":true,"href":"https:\/\/ua-protector.com\/pt\/wp-json\/wp\/v2\/product_brand?post=4424"},{"taxonomy":"product_cat","embeddable":true,"href":"https:\/\/ua-protector.com\/pt\/wp-json\/wp\/v2\/product_cat?post=4424"},{"taxonomy":"product_tag","embeddable":true,"href":"https:\/\/ua-protector.com\/pt\/wp-json\/wp\/v2\/product_tag?post=4424"}],"curies":[{"name":"wp","href":"https:\/\/api.w.org\/{rel}","templated":true}]}}