{"id":4439,"date":"2025-04-27T02:23:54","date_gmt":"2025-04-27T02:23:54","guid":{"rendered":"https:\/\/ua-protector.com\/?post_type=product&#038;p=4439"},"modified":"2025-11-20T04:14:40","modified_gmt":"2025-11-20T11:14:40","slug":"digital-multi-function-power-meter","status":"publish","type":"product","link":"https:\/\/ua-protector.com\/ko\/\uc81c\ud488\/\ubbf8\ud130\/\uc2a4\ub9c8\ud2b8-\ubbf8\ud130\/\ub514\uc9c0\ud138-\ub2e4\uae30\ub2a5-\ud30c\uc6cc-\ubbf8\ud130\/","title":{"rendered":"\ub514\uc9c0\ud138 \ub2e4\uae30\ub2a5 \uc804\ub825\uacc4, \uc720\ud61596 , \uc720\ud61572"},"content":{"rendered":"<h2>\uc18c\uac1c<\/h2>\n<hr \/>\n<p><a href=\"https:\/\/ua-protector.com\/ko\"><img fetchpriority=\"high\" decoding=\"async\" class=\"alignleft wp-image-4521 size-medium\" title=\"\ub514\uc9c0\ud138 \ub2e4\uae30\ub2a5 \ud30c\uc6cc \ubbf8\ud130\" src=\"https:\/\/ua-protector.com\/wp-content\/uploads\/2025\/04\/JGYB-96-0-300x300.jpg\" alt=\"\ub514\uc9c0\ud138 \ub2e4\uae30\ub2a5 \ud30c\uc6cc \ubbf8\ud130\" width=\"300\" height=\"300\" data-wp-editing=\"1\" srcset=\"https:\/\/ua-protector.com\/wp-content\/uploads\/2025\/04\/JGYB-96-0-300x300.jpg 300w, https:\/\/ua-protector.com\/wp-content\/uploads\/2025\/04\/JGYB-96-0-100x100.jpg 100w, https:\/\/ua-protector.com\/wp-content\/uploads\/2025\/04\/JGYB-96-0-600x600.jpg 600w, https:\/\/ua-protector.com\/wp-content\/uploads\/2025\/04\/JGYB-96-0-150x150.jpg 150w, https:\/\/ua-protector.com\/wp-content\/uploads\/2025\/04\/JGYB-96-0-768x768.jpg 768w, https:\/\/ua-protector.com\/wp-content\/uploads\/2025\/04\/JGYB-96-0.jpg 800w\" sizes=\"(max-width: 300px) 100vw, 300px\" \/><\/a><\/p>\n<p><strong>\u00a0 <\/strong><\/p>\n<p><strong>\u00a0 \u00a0<a href=\"https:\/\/ua-protector.com\/ko\/\uc790\ub3d9-\uc7ac\uc5f0\uacb0-\uc5d0\ub108\uc9c0-\uacc4\ub7c9-\ud504\ub85c\ud14d\ud130-\ud14c\uc2a4\ud2b8-jgdl-63\/\">\ub514\uc9c0\ud138 \ub2e4\uae30\ub2a5 \ud30c\uc6cc \ubbf8\ud130 <\/a><\/strong>\uc804\ub825 \uc2dc\uc2a4\ud15c, \uc0b0\uc5c5 \ubc0f \uad11\uc5c5 \uae30\uc5c5, \uacf5\uacf5 \uc2dc\uc124 \ubc0f \uc9c0\ub2a5\ud615 \ube4c\ub529\uc758 \uc804\ub825 \ubaa8\ub2c8\ud130\ub9c1 \uc694\uad6c \uc0ac\ud56d\uc744 \uc704\ud574 \uc124\uacc4\ub418\uc5c8\uc2b5\ub2c8\ub2e4. 3\uc0c1 \uc804\ub958, \uc804\uc555, \uc720\ud6a8 \ubc0f \ubb34\ud6a8 \uc804\ub825, \uc804\uae30, \uace0\uc870\ud30c \ub4f1\uacfc \uac19\uc740 \ubaa8\ub4e0 \uc77c\ubc18\uc801\uc778 \uc804\ub825 \ud30c\ub77c\ubbf8\ud130\ub97c \uce21\uc815\ud560 \uc218 \uc788\uc2b5\ub2c8\ub2e4. \uc65c\ub0d0\ud558\uba74 <a href=\"https:\/\/elejg.com\/\" target=\"_blank\" rel=\"noopener\">\ud30c\uc6cc \ubbf8\ud130<\/a> \ub610\ud55c \uc644\uc804\ud55c \ud1b5\uc2e0 \ub124\ud2b8\uc6cc\ud0b9 \uae30\ub2a5\uc744 \uac16\ucd94\uace0 \uc788\uc5b4 \ub124\ud2b8\uc6cc\ud06c \uc804\ub825\uacc4\ub77c\uace0 \ubd80\ub985\ub2c8\ub2e4. \uc2e4\uc2dc\uac04 \uc804\ub825 \ubaa8\ub2c8\ud130\ub9c1 \uc2dc\uc2a4\ud15c\uc5d0 \uc774\uc0c1\uc801\uc785\ub2c8\ub2e4.<\/p>\n<p>&nbsp;<\/p>\n<p>\uc774 \uacc4\uce21\uae30\ub294 \uac00\uaca9 \ub300\ube44 \uc131\ub2a5\uc774 \ub6f0\uc5b4\ub098\uba70 \uae30\uc874\uc758 \uc804\ub825 \uc804\uc1a1\uae30 \ubc0f \uacc4\uce21\uae30\ub97c \uc9c1\uc811 \ub300\uccb4\ud560 \uc218 \uc788\uc2b5\ub2c8\ub2e4. \uace0\uae09 \uc9c0\ub2a5\ud615 \ub514\uc9c0\ud138 \ud504\ub7f0\ud2b8 \uc5d4\ub4dc \uc218\uc9d1 \uc694\uc18c\uc778 \uc774 \ub124\ud2b8\uc6cc\ud06c \uacc4\uce21\uae30 \uc2dc\ub9ac\uc988\ub294 \ub2e4\uc591\ud55c \uc81c\uc5b4 \uc2dc\uc2a4\ud15c, SCADA \uc2dc\uc2a4\ud15c \ubc0f \uc5d0\ub108\uc9c0 \uad00\ub9ac \uc2dc\uc2a4\ud15c\uc5d0\uc11c \ub110\ub9ac \uc0ac\uc6a9\ub418\uc5c8\uc2b5\ub2c8\ub2e4.<\/p>\n<h1><\/h1>\n<h2><strong>\uc81c\ud488 \ud45c\uc900<\/strong><\/h2>\n<hr \/>\n<p>GB\/T 22264.1-2008 \ud0d1\uc7ac\ud615 \ub514\uc9c0\ud138 \ub514\uc2a4\ud50c\ub808\uc774 \uc804\uae30 \uce21\uc815\uae30 - 1\ubd80: \uc815\uc758 \ubc0f \uc77c\ubc18 \uc694\uad6c \uc0ac\ud56d<\/p>\n<p>GB\/T 22264.7-2008 \uc7a5\ucc29\ud615 \ub514\uc9c0\ud138 \ub514\uc2a4\ud50c\ub808\uc774 \uc804\uae30 \uce21\uc815 \uae30\uae30 - \ud30c\ud2b8 7: \ub2e4\uae30\ub2a5 \uae30\uae30\uc5d0 \ub300\ud55c \ud2b9\ubcc4 \uc694\uad6c \uc0ac\ud56d<\/p>\n<p>GB\/T 22264.8-2008 \ud0d1\uc7ac\ud615 \ub514\uc9c0\ud138 \ub514\uc2a4\ud50c\ub808\uc774 \uc804\uae30 \uce21\uc815\uae30 - \ud30c\ud2b8 8: \uad8c\uc7a5 \uac80\uc99d \ubc29\ubc95<\/p>\n<p>GB\/T 17215.322-2008 \uad50\ub958 \uce21\uc815 \uc7a5\ube44-\ud2b9\ubcc4 \uc694\uad6c \uc0ac\ud56d-\ud30c\ud2b8 22: \uc815\uc801 \uc720\ud6a8 \uc5d0\ub108\uc9c0 \ubbf8\ud130(0.2S \ubc0f 0.5S)<\/p>\n<p>GB\/T 17215.323-2008 \uad50\ub958 \uce21\uc815 \uc7a5\ube44-\ud2b9\ubcc4 \uc694\uad6c \uc0ac\ud56d-\ud30c\ud2b8 23: \uace0\uc815\uc2dd \ubb34\ud6a8 \uc5d0\ub108\uc9c0 \ubbf8\ud130(\ud074\ub798\uc2a4 2 \ubc0f 3)<\/p>\n<p>DL\/T 614-2007 \ub2e4\uae30\ub2a5 \uc5d0\ub108\uc9c0 \ubbf8\ud130<\/p>\n<p>GB14287-2005 \uc804\uae30 \ud654\uc7ac \ubaa8\ub2c8\ud130\ub9c1 \uc2dc\uc2a4\ud15c<\/p>\n<p>GB50045-95 \uace0\uce35 \ubbfc\uac04 \uac74\ubb3c\uc758 \ud654\uc7ac \ubc29\uc9c0 \uc124\uacc4\ub97c \uc704\ud55c \ucf54\ub4dc<\/p>\n<p>\uc800\uc804\uc555 \ubc30\uc804\uc744 \uc704\ud55c GB50054-95 \uc124\uacc4 \ucf54\ub4dc<\/p>\n<p>GB50096 \uc8fc\uac70\uc6a9 \uc124\uacc4 \ucf54\ub4dc<\/p>\n<p>GB13955-2005 \uc794\ub958 \uc804\ub958 \ub3d9\uc791 \ubcf4\ud638 \uc7a5\uce58\uc758 \uc124\uce58 \ubc0f \uc791\ub3d9<\/p>\n<p>GB50016-2006 \uac74\ubb3c \ud654\uc7ac \ubc29\uc9c0 \uc124\uacc4\uc5d0 \uad00\ud55c \ucf54\ub4dc<\/p>\n<h2><strong>\ubaa8\ub378 \uba85\uba85\ubc95\uc758 \ub514\uc9c0\ud138 \ub2e4\uae30\ub2a5 \ud30c\uc6cc \ubbf8\ud130<\/strong><\/h2>\n<hr \/>\n<p><strong>\uc131\ub2a5 \ud2b9\uc131:<\/strong><\/p>\n<p>3\uc0c1 \uc804\uc555, 3\uc0c1 \uc804\ub958, \uc720\ud6a8 \uc804\ub825, \ubb34\ud6a8 \uc804\ub825, \ud53c\uc0c1 \uc804\ub825, \uc5ed\ub960, \uc8fc\ud30c\uc218 \ubc0f \uae30\ud0c0 \uc804\uae30 \ud30c\ub77c\ubbf8\ud130\uc758 \uace0\uc815\ubc00 \uce21\uc815<\/p>\n<p>\uc21c\ubc29\ud5a5 \ubc0f \uc5ed\ubc29\ud5a5 \uc561\ud2f0\ube0c\/\ub9ac\uc561\ud2f0\ube0c \uc5d0\ub108\uc9c0 \uacc4\ub7c9<\/p>\n<p>\uc0ac\uc6a9 \uc2dc\uac04 \uc804\uae30 \uc5d0\ub108\uc9c0 \uacc4\ub7c9, \uc0ac\uc6a9 \uc2dc\uac04 \uc804\uae30 \uc5d0\ub108\uc9c0 \ud0c0\uc774\ubc0d \uac80\uce68<\/p>\n<p>3\uc0c1 \uc804\uc555 \ubc0f 3\uc0c1 \uc804\ub958\uc758 \ucd1d \uace0\uc870\ud30c \uc65c\uace1\ub960(THD)\uacfc 2~31\uc758 \ud640\uc218 \uace0\uc870\ud30c \uc131\ubd84\uc744 \uce21\uc815\ud569\ub2c8\ub2e4.<\/p>\n<p>\ub514\uc9c0\ud138 \ud29c\ube0c \ub610\ub294 LCD \ub514\uc2a4\ud50c\ub808\uc774, \ub85c\uceec \ub370\uc774\ud130 \ucffc\ub9ac \uc81c\uacf5<\/p>\n<p>\uba54\ub274\ub294 \uc9c1\uad00\uc801\uc774\uace0 \ud0a4\ub294 \uc0ac\uc6a9\ud558\uae30 \uc27d\uc2b5\ub2c8\ub2e4.<\/p>\n<p>\uc804\ub958 \ubc0f \uc804\uc555 \ubcc0\ud658 \ube44\uc728\uc744 \ud504\ub85c\uadf8\ub798\ubc0d\ud560 \uc218 \uc788\uc2b5\ub2c8\ub2e4.<\/p>\n<p>\uba40\ud2f0 \ub8e8\ud504 \ub204\uc124 \uc804\ub958 \ubaa8\ub2c8\ud130\ub9c1 \uc81c\uacf5<\/p>\n<p>\uc54c\ub78c, \ud2b8\ub9bd \ubc0f \uae30\ud0c0 \uc81c\uc5b4\uc5d0 \uc0ac\uc6a9\ud560 \uc218 \uc788\ub294 \uba40\ud2f0 \ub8e8\ud504 \uc81c\uc5b4 \ub178\ub4dc \uc81c\uacf5<\/p>\n<p>\uc18c\ubc29 \uc5f0\ub3d9 \uc9c0\uc6d0 \ubc0f \uace0\uc7a5 \ub8e8\ud504 \uc6d0\uaca9 \ucc28\ub2e8<\/p>\n<p>RS-485 \ud1b5\uc2e0, Modbus-RTU \ud504\ub85c\ud1a0\ucf5c \uc9c0\uc6d0<\/p>\n<p>\uc2a4\uc704\uce6d \uc785\ub825, \uc2a4\uc704\uce6d \ucd9c\ub825, \uc544\ub0a0\ub85c\uadf8 \uc804\uc1a1 \ucd9c\ub825 \ubc0f \ud30c\uc6cc \ud384\uc2a4 \ucd9c\ub825\uc744 \uc9c0\uc6d0\ud569\ub2c8\ub2e4.<\/p>\n<p>\uc124\uce58\uac00 \uc27d\uace0 \ubc30\uc120\uc774 \uac04\ub2e8\ud558\uba70 \uc5d4\uc9c0\ub2c8\uc5b4\ub9c1 \ube44\uc6a9\uc774 \uc801\uac8c \ub4ed\ub2c8\ub2e4.<\/p>\n<p>\uad11\ubc94\uc704\ud55c AC\/DC \ubc94\uc6a9 \uc804\uc6d0 \uacf5\uae09 \uc7a5\uce58: AC\/DC 80V~270V<\/p>\n<p>SCADA \ubc0f PLC\uc5d0\uc11c \ub2e4\uc591\ud55c \ud1b5\uc2e0 \uc18c\ud504\ud2b8\uc6e8\uc5b4\uc758 \ub124\ud2b8\uc6cc\ud0b9\uc744 \uc644\ub8cc\ud560 \uc218 \uc788\uc2b5\ub2c8\ub2e4.<\/p>\n<h2><strong>\uae30\uc220 \uc9c0\ud45c<\/strong><\/h2>\n<hr \/>\n<p><strong>\uce21\uc815 \uc815\ud655\ub3c4<\/strong><\/p>\n<p>\uc804\uc555 0.5 \ud074\ub798\uc2a4<\/p>\n<p>\ud604\uc7ac 0.5 \ud074\ub798\uc2a4<\/p>\n<p>\uc720\ud6a8 \uc804\ub825 0.5 \ud074\ub798\uc2a4<\/p>\n<p>\ubb34\ud6a8 \uc804\ub825 0.5 \ud074\ub798\uc2a4<\/p>\n<p>\uc5ed\ub960 0.5 \uc218\uc900<\/p>\n<p>\uc8fc\ud30c\uc218 \u00b10.02Hz<\/p>\n<p>\ud65c\uc131 \uc5d0\ub108\uc9c0 0.5S \ub610\ub294 0.2S<\/p>\n<p>\ubc18\uc751 \uc5d0\ub108\uc9c0 \ub808\ubca8 1 \ub610\ub294 2<\/p>\n<p><strong>\uc2e0\ud638 \uc785\ub825<\/strong><\/p>\n<p>\ubc30\uc120 \ubc29\uc2dd: 3\uc0c1 4\uc120\uc2dd, 3\uc0c1 3\uc120\uc2dd<\/p>\n<p>\uc815\uaca9 \uc804\uc555: AC 57.7V, AC 100V, AC 220V, AC 380V<\/p>\n<p>\uc815\uaca9 \uc804\ub958: AC 1A, AC 5A<\/p>\n<p>\uacfc\ubd80\ud558 \uc804\uc555: 1.2\ubc30(\uc5f0\uc18d), 2\ubc30\/1\ucd08(\uc21c\uac04)<\/p>\n<p>\uc804\ub958: 1.2\ubc30\uc18d(\uc5f0\uc18d), 10\ubc30\uc18d\/5\ucd08(\uc21c\uac04)<\/p>\n<p>\uc804\ub825 \uc18c\ube44 \uc804\uc555: &lt;1VA\/\uc0c1, \uc804\ub958: &lt;0.4VA\/\uc0c1<\/p>\n<p>\uc784\ud53c\ub358\uc2a4 \uc804\uc555: &gt;300k\u03a9, \uc804\ub958: &lt;20m\u03a9<\/p>\n<p>\uc8fc\ud30c\uc218: 45~65Hz<\/p>\n<p><strong>\ubcf4\uc870 \uc804\uc6d0 \uacf5\uae09 \uc7a5\uce58<\/strong><\/p>\n<p>\uc791\ub3d9 \ubc94\uc704 AC\/DC: 80V~270V<\/p>\n<p>\uc804\ub825 \uc18c\ube44 &lt;4VA<\/p>\n<p><strong>\uae30\ub2a5 \ubaa8\ub4c8<\/strong><\/p>\n<p>\ud1b5\uc2e0 \uc778\ud130\ud398\uc774\uc2a4: 1\ucc44\ub110 RS-485 \ud1b5\uc2e0, Modbus-RTU \ud504\ub85c\ud1a0\ucf5c \uc9c0\uc6d0<\/p>\n<p>\uc804\uc1a1 \uc18d\ub3c4: 1200~9600bps, \uae30\ubcf8 2400bps<\/p>\n<p>\uc2a4\uc704\uce6d \uc785\ub825\uc740 4\uac1c\uc758 \ub4dc\ub77c\uc774 \uc815\uc158 \uc785\ub825\uc744 \uc9c0\uc6d0\ud569\ub2c8\ub2e4.<\/p>\n<p>\uc2a4\uc704\uce6d \ucd9c\ub825 3\uac1c\uc758 \ub9b4\ub808\uc774 \ucd9c\ub825, \uc6a9\ub7c9\uc744 \uc9c0\uc6d0\ud569\ub2c8\ub2e4: AC 250V\/5A, DC 30V\/5A<\/p>\n<p>\ud2b8\ub79c\uc2a4\ub4c0\uc11c \ucd9c\ub825 \uc544\ub0a0\ub85c\uadf8 \ucd9c\ub825 1\uac1c \uc9c0\uc6d0: 0\/4~20mA \ub610\ub294 0~5\/10V<\/p>\n<p>\uc804\ub825 \ud384\uc2a4 \ucd9c\ub825 \uc9c0\uc6d0 2\uac1c\uc758 \uc804\ub825 \ud384\uc2a4 \ucd9c\ub825, \uc0c1\uc218: 8000imp\/KWh(Kvarh)<\/p>\n<p><strong>\ud658\uacbd<\/strong><\/p>\n<p>\uc791\ub3d9 \uc628\ub3c4: -10\u00b0C~+55\u00b0C<\/p>\n<p>\ubcf4\uad00 \uc628\ub3c4: -25\u00b0C~+70\u00b0C<\/p>\n<p>\uc0c1\ub300 \uc2b5\ub3c4 \u226493%, \ubd80\uc2dd\uc131 \uac00\uc2a4 \uc704\uce58 \uc5c6\uc74c<\/p>\n<p>\u2264 \ud574\ubc1c 2500m \uc774\ud558<\/p>\n<p><strong>\uc548\uc804<\/strong><\/p>\n<p>\uc808\uc5f0 \uc800\ud56d &gt; 100M\u03a9<\/p>\n<p>AC \ub0b4\uc804\uc555 AC 2KV<\/p>\n<p><strong>\uc804\uc790\uae30 \ud638\ud658\uc131 \uc131\ub2a5<\/strong><\/p>\n<p>\uc815\uc804\uae30 \ubc29\uc804 \ub808\ubca8 4<\/p>\n<p>\uc804\uae30\uc801 \uace0\uc18d \uacfc\ub3c4 \ubc84\uc2a4\ud2b8 \ud074\ub798\uc2a4 4<\/p>\n<p>\uc11c\uc9c0(\ucda9\uaca9) \ub808\ubca8 4<\/p>\n<p><strong>\uce58\uc218<\/strong><\/p>\n<p>\ud504\ub808\uc784 \ud06c\uae30(mm) 120\u00d7120; 96\u00d796; 80\u00d780; 72\u00d772<\/p>\n<p>\ucef7\uc544\uc6c3 \ud06c\uae30(mm) 111\u00d7111; 92\u00d792; 76\u00d776; 68\u00d768<\/p>\n<hr \/>\n<h1 class=\"elementor-heading-title elementor-size-default\"><span style=\"color: #0000ff;\">\uc9c0\uae08 \ubb38\uc758\ud558\uc138\uc694, \ubb34\ub8cc \uc0d8\ud50c \uc81c\uacf5<\/span><\/h1>\n<p>\uc81c\ud488 \ubc0f \uc11c\ube44\uc2a4\uc5d0 \ub300\ud55c \uc790\uc138\ud55c \ub0b4\uc6a9\uc744 \ud655\uc778\ud558\ub824\uba74,\uc804\uae30 \uc804\ubb38\uac00\ub85c\ubd80\ud130 \ub2f5\ubcc0\uc744 \ubc1b\uc73c\uc2e4 \uc218 \uc788\uc73c\uba70,\ub3c4\uc640\ub4dc\ub9ac\uaca0\uc2b5\ub2c8\ub2e4.<\/p>\n<p>Mob\/WhatsApp\/WeChat\/Wang: +86 18958900126<br \/>\n\ube44\uc988\ub2c8\uc2a4 \uc774\uba54\uc77c: \ube44\uc988\ub2c8\uc2a4 \uc774\uba54\uc77c<strong>sales@tokeep.net<br \/>\n<\/strong>\uae30\uc220 \uc774\uba54\uc77c:\u00a0<strong>tokeepcc@gmail.com<\/strong><strong><br \/>\n<\/strong>\uac1c\uc778 \uc774\uba54\uc77c:<strong>\u00a0wxj7607@126.com<\/strong><\/p>\n<p><img decoding=\"async\" class=\"alignnone wp-image-5833 size-full\" src=\"https:\/\/ua-protector.com\/wp-content\/uploads\/2025\/04\/whateapp-1.jpg\" sizes=\"(max-width: 573px) 100vw, 573px\" srcset=\"https:\/\/ua-protector.com\/wp-content\/uploads\/2025\/04\/whateapp-1.jpg 573w, https:\/\/ua-protector.com\/wp-content\/uploads\/2025\/04\/whateapp-1-300x169.jpg 300w, https:\/\/ua-protector.com\/wp-content\/uploads\/2025\/04\/whateapp-1-18x10.jpg 18w\" alt=\"\" width=\"573\" height=\"322\" \/><\/p>","protected":false},"excerpt":{"rendered":"<p>\ub514\uc9c0\ud138 \ub2e4\uae30\ub2a5 \uc804\ub825\uacc4\ub294 \uc804\ub825 \uc2dc\uc2a4\ud15c, \uc0b0\uc5c5 \ubc0f \uad11\uc5c5 \uae30\uc5c5, \uacf5\uacf5 \uc2dc\uc124 \ubc0f \uc9c0\ub2a5\ud615 \ube4c\ub529\uc758 \uc804\ub825 \ubaa8\ub2c8\ud130\ub9c1 \uc694\uad6c \uc0ac\ud56d\uc744 \uc704\ud574 \uc124\uacc4\ub418\uc5c8\uc2b5\ub2c8\ub2e4. 3\uc0c1 \uc804\ub958, \uc804\uc555, \uc720\ud6a8 \ubc0f \ubb34\ud6a8 \uc804\ub825, \uc804\uae30, \uace0\uc870\ud30c \ub4f1\uacfc \uac19\uc740 \ubaa8\ub4e0 \uc77c\ubc18\uc801\uc778 \uc804\ub825 \ud30c\ub77c\ubbf8\ud130\ub97c \uce21\uc815\ud560 \uc218 \uc788\uc2b5\ub2c8\ub2e4. \uc804\ub825\uacc4\uc5d0\ub294 \uc644\uc804\ud55c \ud1b5\uc2e0 \ub124\ud2b8\uc6cc\ud0b9 \uae30\ub2a5\ub3c4 \uc788\uae30 \ub54c\ubb38\uc5d0 \ub124\ud2b8\uc6cc\ud06c \uc804\ub825\uacc4\ub77c\uace0 \ubd80\ub985\ub2c8\ub2e4. \uc2e4\uc2dc\uac04 \uc804\ub825 \ubaa8\ub2c8\ud130\ub9c1 \uc2dc\uc2a4\ud15c\uc5d0 \uc774\uc0c1\uc801\uc785\ub2c8\ub2e4. \uc774 \ubbf8\ud130\ub294 \uac00\uaca9 \ub300\ube44 \uc131\ub2a5\uc774 \ub6f0\uc5b4\ub098\uba70 \uae30\uc874\uc758 \uc804\ub825 \uc804\uc1a1\uae30 \ubc0f \uce21\uc815\uae30\ub97c \uc9c1\uc811 \ub300\uccb4\ud560 \uc218 \uc788\uc2b5\ub2c8\ub2e4. \uace0\uae09 \uc9c0\ub2a5\ud615 \ub514\uc9c0\ud138 \ud504\ub7f0\ud2b8 \uc5d4\ub4dc \uc218\uc9d1 \uc694\uc18c \uc778\uc774 \ub124\ud2b8\uc6cc\ud06c \uacc4\uce21\uae30 \uc2dc\ub9ac\uc988\ub294 \ub2e4\uc591\ud55c \uc81c\uc5b4 \uc2dc\uc2a4\ud15c, SCADA \uc2dc\uc2a4\ud15c \ubc0f \uc5d0\ub108\uc9c0 \uad00\ub9ac \uc2dc\uc2a4\ud15c\uc5d0\uc11c \ub110\ub9ac \uc0ac\uc6a9\ub418\uc5c8\uc2b5\ub2c8\ub2e4.<\/p>","protected":false},"featured_media":4521,"template":"","meta":{"_acf_changed":false,"site-sidebar-layout":"default","site-content-layout":"","ast-site-content-layout":"default","site-content-style":"default","site-sidebar-style":"default","ast-global-header-display":"","ast-banner-title-visibility":"","ast-main-header-display":"","ast-hfb-above-header-display":"","ast-hfb-below-header-display":"","ast-hfb-mobile-header-display":"","site-post-title":"","ast-breadcrumbs-content":"","ast-featured-img":"","footer-sml-layout":"","theme-transparent-header-meta":"default","adv-header-id-meta":"","stick-header-meta":"","header-above-stick-meta":"","header-main-stick-meta":"","header-below-stick-meta":"","astra-migrate-meta-layouts":"set","ast-page-background-enabled":"default","ast-page-background-meta":{"desktop":{"background-color":"","background-image":"","background-repeat":"repeat","background-position":"center center","background-size":"auto","background-attachment":"scroll","background-type":"","background-media":"","overlay-type":"","overlay-color":"","overlay-opacity":"","overlay-gradient":""},"tablet":{"background-color":"","background-image":"","background-repeat":"repeat","background-position":"center center","background-size":"auto","background-attachment":"scroll","background-type":"","background-media":"","overlay-type":"","overlay-color":"","overlay-opacity":"","overlay-gradient":""},"mobile":{"background-color":"","background-image":"","background-repeat":"repeat","background-position":"center center","background-size":"auto","background-attachment":"scroll","background-type":"","background-media":"","overlay-type":"","overlay-color":"","overlay-opacity":"","overlay-gradient":""}},"ast-content-background-meta":{"desktop":{"background-color":"var(--ast-global-color-5)","background-image":"","background-repeat":"repeat","background-position":"center center","background-size":"auto","background-attachment":"scroll","background-type":"","background-media":"","overlay-type":"","overlay-color":"","overlay-opacity":"","overlay-gradient":""},"tablet":{"background-color":"var(--ast-global-color-5)","background-image":"","background-repeat":"repeat","background-position":"center center","background-size":"auto","background-attachment":"scroll","background-type":"","background-media":"","overlay-type":"","overlay-color":"","overlay-opacity":"","overlay-gradient":""},"mobile":{"background-color":"var(--ast-global-color-5)","background-image":"","background-repeat":"repeat","background-position":"center center","background-size":"auto","background-attachment":"scroll","background-type":"","background-media":"","overlay-type":"","overlay-color":"","overlay-opacity":"","overlay-gradient":""}}},"product_brand":[],"product_cat":[64,15,70,55,69],"product_tag":[97,103,101,102,98,99,100],"class_list":{"0":"post-4439","1":"product","2":"type-product","3":"status-publish","4":"has-post-thumbnail","6":"product_cat-smart-meter","7":"product_cat-product","8":"product_cat-small-ammeter","9":"product_cat-meter","10":"product_cat-small-voltmeter","11":"product_tag-digital-multi-function-power-meter","12":"product_tag-electricity-meter","13":"product_tag-lcd-voltmeter","14":"product_tag-led-voltmeter","15":"product_tag-multi-functional-power-meter","16":"product_tag-multifunction-digital-energy-meters","17":"product_tag-multifunction-meters","18":"desktop-align-center","19":"tablet-align-left","20":"mobile-align-left","22":"first","23":"instock","24":"downloadable","25":"shipping-taxable","26":"product-type-simple"},"acf":[],"_links":{"self":[{"href":"https:\/\/ua-protector.com\/ko\/wp-json\/wp\/v2\/product\/4439","targetHints":{"allow":["GET"]}}],"collection":[{"href":"https:\/\/ua-protector.com\/ko\/wp-json\/wp\/v2\/product"}],"about":[{"href":"https:\/\/ua-protector.com\/ko\/wp-json\/wp\/v2\/types\/product"}],"version-history":[{"count":17,"href":"https:\/\/ua-protector.com\/ko\/wp-json\/wp\/v2\/product\/4439\/revisions"}],"predecessor-version":[{"id":5306,"href":"https:\/\/ua-protector.com\/ko\/wp-json\/wp\/v2\/product\/4439\/revisions\/5306"}],"wp:featuredmedia":[{"embeddable":true,"href":"https:\/\/ua-protector.com\/ko\/wp-json\/wp\/v2\/media\/4521"}],"wp:attachment":[{"href":"https:\/\/ua-protector.com\/ko\/wp-json\/wp\/v2\/media?parent=4439"}],"wp:term":[{"taxonomy":"product_brand","embeddable":true,"href":"https:\/\/ua-protector.com\/ko\/wp-json\/wp\/v2\/product_brand?post=4439"},{"taxonomy":"product_cat","embeddable":true,"href":"https:\/\/ua-protector.com\/ko\/wp-json\/wp\/v2\/product_cat?post=4439"},{"taxonomy":"product_tag","embeddable":true,"href":"https:\/\/ua-protector.com\/ko\/wp-json\/wp\/v2\/product_tag?post=4439"}],"curies":[{"name":"wp","href":"https:\/\/api.w.org\/{rel}","templated":true}]}}