{"id":4440,"date":"2025-04-27T02:23:54","date_gmt":"2025-04-27T02:23:54","guid":{"rendered":"https:\/\/ua-protector.com\/?post_type=product&#038;p=4440"},"modified":"2025-08-06T01:42:17","modified_gmt":"2025-08-06T08:42:17","slug":"din-rail-type-energy-meter-dts3845","status":"publish","type":"product","link":"https:\/\/ua-protector.com\/fr\/produit\/compteur\/petit-amperemetre-2\/compteur-denergie-de-type-rail-din-dts3845\/","title":{"rendered":"Compteur d'\u00e9nergie triphas\u00e9 \u00e0 quatre fils DTS805"},"content":{"rendered":"<h2><strong>Champ d'application<\/strong><\/h2>\n<hr \/>\n<figure id=\"attachment_4527\" aria-describedby=\"caption-attachment-4527\" style=\"width: 300px\" class=\"wp-caption alignleft\"><a href=\"https:\/\/ua-protector.com\/fr\/produit\/power-meter-numerique-multifonctions\/\"><img fetchpriority=\"high\" decoding=\"async\" class=\"wp-image-4527 size-medium\" src=\"https:\/\/ua-protector.com\/wp-content\/uploads\/2025\/04\/DTS805-0-300x300.jpg\" alt=\"Compteur d&#039;\u00e9nergie de type rail Din 3phase 4 fils\" width=\"300\" height=\"300\" srcset=\"https:\/\/ua-protector.com\/wp-content\/uploads\/2025\/04\/DTS805-0-300x300.jpg 300w, https:\/\/ua-protector.com\/wp-content\/uploads\/2025\/04\/DTS805-0-100x100.jpg 100w, https:\/\/ua-protector.com\/wp-content\/uploads\/2025\/04\/DTS805-0-600x600.jpg 600w, https:\/\/ua-protector.com\/wp-content\/uploads\/2025\/04\/DTS805-0-150x150.jpg 150w, https:\/\/ua-protector.com\/wp-content\/uploads\/2025\/04\/DTS805-0-768x768.jpg 768w, https:\/\/ua-protector.com\/wp-content\/uploads\/2025\/04\/DTS805-0.jpg 800w\" sizes=\"(max-width: 300px) 100vw, 300px\" \/><\/a><figcaption id=\"caption-attachment-4527\" class=\"wp-caption-text\">Compteur d'\u00e9nergie de type rail Din 3phase 4 fils<\/figcaption><\/figure>\n<p><a href=\"https:\/\/ua-protector.com\/fr\/produit\/power-meter-numerique-multifonctions\/\"> Compteur d'\u00e9nergie de type rail Din<\/a> 3 phases 4 fils et 3 phases 3 fils rail \u00e9lectronique \u00e9lectrique <a href=\"https:\/\/elejg.com\/\" target=\"_blank\" rel=\"noopener\">compteur d'\u00e9nergie<\/a> (ci-apr\u00e8s d\u00e9nomm\u00e9 \"l'instrument\") utilise des circuits int\u00e9gr\u00e9s \u00e0 grande \u00e9chelle et la technologie d'\u00e9chantillonnage num\u00e9rique. Il est con\u00e7u pour le syst\u00e8me \u00e9lectrique, l'industrie de la communication, l'industrie de la construction et d'autres besoins de surveillance et de mesure de la puissance, principalement pour le circuit \u00e9lectrique dans la tension triphas\u00e9e, le courant triphas\u00e9, la puissance active, la puissance r\u00e9active, la fr\u00e9quence, l'\u00e9nergie \u00e9lectrique directe et inverse, l'\u00e9nergie \u00e9lectrique \u00e0 quatre quadrants et d'autres param\u00e8tres pour la mesure et l'affichage en temps r\u00e9el, \u00e0 l'aide d'un montage sur rail Din standard de 35 mm ; En tant que terminal de surveillance du syst\u00e8me de gestion de l'\u00e9nergie, il peut \u00eatre largement utilis\u00e9 pour l'\u00e9valuation et la surveillance de la puissance interne des entreprises industrielles et mini\u00e8res, des h\u00f4tels, des \u00e9coles et des grands b\u00e2timents publics.<\/p>\n<p>Les indicateurs de performance du compteur d'\u00e9nergie \u00e9lectrique sont conformes aux normes techniques pertinentes suivantes :<\/p>\n<p>GB\/T 17215.211-2021<\/p>\n<p>GB\/T 17215.321-2021 Exigences sp\u00e9ciales pour les appareils de mesure \u00e9lectriques (CA) - Partie 21 : Compteurs statiques d'\u00e9nergie active (Classe A, Classe B, Classe C)<\/p>\n<p>GB\/T 17215.323-2008 Exigences sp\u00e9ciales pour les appareils de mesure du courant alternatif - Partie 23 : Compteurs d'\u00e9nergie r\u00e9active statique (niveaux 2 et 3)<\/p>\n<p>DL\/T 645-2007 \"Protocole de communication des compteurs d'\u00e9nergie multifonctionnels\" Protocole standard MODUS-RTU<\/p>\n<h2><strong>Caract\u00e9ristiques du produit<\/strong><\/h2>\n<hr \/>\n<p>Les principales fonctions du produit sont les suivantes : tension triphas\u00e9e, courant triphas\u00e9, puissance active, puissance r\u00e9active, puissance, facteur de puissance, fr\u00e9quence, comptage de l'\u00e9nergie active, comptage de l'\u00e9nergie r\u00e9active, taux complexe statistique de la demande (en option), analyse harmonique (en option).<\/p>\n<p>Il dispose d'un port de communication RS485 et prend en charge le protocole ModBus standard ou le protocole DL\/T 645-2007.<\/p>\n<p>Il peut prendre en charge la fonction de contr\u00f4le externe et supporte jusqu'\u00e0 2 sorties de relais.<\/p>\n<p>Montage sur rail standard DIN 35 mm, structure modulaire, petite taille, facile \u00e0 installer ;<\/p>\n<h1><strong>Compteur d'\u00e9nergie de type rail Din Description du mod\u00e8le<\/strong><\/h1>\n<hr \/>\n<p><img decoding=\"async\" src=\"https:\/\/elejg.com\/static\/upload\/image\/20241219\/1734595606168089.jpg\" alt=\"Mode d&#039;emploi du compteur d&#039;\u00e9nergie \u00e9lectrique triphas\u00e9 (4P) - description du mod\u00e8le .jpg\" \/><\/p>\n<h2><strong>Din rail type energy mete of size\u00a0<\/strong><\/h2>\n<hr \/>\n<p><img decoding=\"async\" src=\"https:\/\/elejg.com\/static\/upload\/image\/20241219\/1734595606181735.jpg\" alt=\"Compteur d&#039;\u00e9nergie \u00e9lectrique triphas\u00e9 avec rail de guidage - taille du produit .jpg\" \/><\/p>\n<p>&nbsp;<\/p>\n<hr \/>\n<h1 class=\"elementor-heading-title elementor-size-default\"><span style=\"color: #0000ff;\">Contactez-nous d\u00e8s maintenant, des \u00e9chantillons gratuits sont disponibles<\/span><\/h1>\n<p>Pour obtenir plus d'informations sur nos produits et services, vous recevrez une r\u00e9ponse d'un expert en \u00e9lectricit\u00e9.<\/p>\n<p>Mob\/WhatsApp\/WeChat\/Wang : +86 18958900126<br \/>\nEmail professionnel\uff1a<strong>sales@tokeep.net<br \/>\n<\/strong>Adresse \u00e9lectronique de la technologie :\u00a0<strong>tokeepcc@gmail.com<\/strong><strong><br \/>\n<\/strong>Courriel personnel :<strong>\u00a0wxj7607@126.com<\/strong><\/p>\n<p><img decoding=\"async\" class=\"alignnone wp-image-5833 size-full\" src=\"https:\/\/ua-protector.com\/wp-content\/uploads\/2025\/04\/whateapp-1.jpg\" sizes=\"(max-width: 573px) 100vw, 573px\" srcset=\"https:\/\/ua-protector.com\/wp-content\/uploads\/2025\/04\/whateapp-1.jpg 573w, https:\/\/ua-protector.com\/wp-content\/uploads\/2025\/04\/whateapp-1-300x169.jpg 300w, https:\/\/ua-protector.com\/wp-content\/uploads\/2025\/04\/whateapp-1-18x10.jpg 18w\" alt=\"\" width=\"573\" height=\"322\" \/><\/p>","protected":false},"excerpt":{"rendered":"<p>Le compteur d'\u00e9nergie triphas\u00e9 4 fils de type rail Din adopte une structure d'installation sur rail DIN 35 mm, de petite taille, peut mesurer l'\u00e9nergie \u00e9lectrique et d'autres param\u00e8tres \u00e9lectriques, peut r\u00e9gler des param\u00e8tres tels que l'horloge, la p\u00e9riode de taux, etc., avec une haute pr\u00e9cision, une bonne fiabilit\u00e9 et des indicateurs de performance conformes \u00e0 la norme nationale GB\/T17215-2002, GB\/T17883-1999 et \u00e0 la norme de l'industrie de l'\u00e9nergie DL\/T614-2007 pour les exigences techniques du compteur d'\u00e9nergie \u00e9lectrique, et a la fonction de sortie d'impulsion d'\u00e9nergie \u00e9lectrique ; l'interface de communication RS485 peut \u00eatre utilis\u00e9e pour r\u00e9aliser l'\u00e9change de donn\u00e9es avec l'ordinateur h\u00f4te.<\/p>","protected":false},"featured_media":4527,"template":"","meta":{"_acf_changed":false,"site-sidebar-layout":"default","site-content-layout":"","ast-site-content-layout":"default","site-content-style":"default","site-sidebar-style":"default","ast-global-header-display":"","ast-banner-title-visibility":"","ast-main-header-display":"","ast-hfb-above-header-display":"","ast-hfb-below-header-display":"","ast-hfb-mobile-header-display":"","site-post-title":"","ast-breadcrumbs-content":"","ast-featured-img":"","footer-sml-layout":"","theme-transparent-header-meta":"default","adv-header-id-meta":"","stick-header-meta":"","header-above-stick-meta":"","header-main-stick-meta":"","header-below-stick-meta":"","astra-migrate-meta-layouts":"set","ast-page-background-enabled":"default","ast-page-background-meta":{"desktop":{"background-color":"","background-image":"","background-repeat":"repeat","background-position":"center center","background-size":"auto","background-attachment":"scroll","background-type":"","background-media":"","overlay-type":"","overlay-color":"","overlay-opacity":"","overlay-gradient":""},"tablet":{"background-color":"","background-image":"","background-repeat":"repeat","background-position":"center center","background-size":"auto","background-attachment":"scroll","background-type":"","background-media":"","overlay-type":"","overlay-color":"","overlay-opacity":"","overlay-gradient":""},"mobile":{"background-color":"","background-image":"","background-repeat":"repeat","background-position":"center center","background-size":"auto","background-attachment":"scroll","background-type":"","background-media":"","overlay-type":"","overlay-color":"","overlay-opacity":"","overlay-gradient":""}},"ast-content-background-meta":{"desktop":{"background-color":"var(--ast-global-color-5)","background-image":"","background-repeat":"repeat","background-position":"center center","background-size":"auto","background-attachment":"scroll","background-type":"","background-media":"","overlay-type":"","overlay-color":"","overlay-opacity":"","overlay-gradient":""},"tablet":{"background-color":"var(--ast-global-color-5)","background-image":"","background-repeat":"repeat","background-position":"center center","background-size":"auto","background-attachment":"scroll","background-type":"","background-media":"","overlay-type":"","overlay-color":"","overlay-opacity":"","overlay-gradient":""},"mobile":{"background-color":"var(--ast-global-color-5)","background-image":"","background-repeat":"repeat","background-position":"center center","background-size":"auto","background-attachment":"scroll","background-type":"","background-media":"","overlay-type":"","overlay-color":"","overlay-opacity":"","overlay-gradient":""}}},"product_brand":[],"product_cat":[70,15,55,64,69],"product_tag":[105,106,104,107,108,109],"class_list":{"0":"post-4440","1":"product","2":"type-product","3":"status-publish","4":"has-post-thumbnail","6":"product_cat-small-ammeter","7":"product_cat-product","8":"product_cat-meter","9":"product_cat-smart-meter","10":"product_cat-small-voltmeter","11":"product_tag-3-phase-4-wire-kwh-electronic-energy-meter","12":"product_tag-3-phase-4-wire-multifunction-power-instrument-rs485","13":"product_tag-digital-electric-meter-din-rail-mount","14":"product_tag-din-rail-wattmeter-220v","15":"product_tag-three-phase-energy-meter","16":"product_tag-three-phase-multi-function-smart-meter","17":"desktop-align-center","18":"tablet-align-left","19":"mobile-align-left","21":"first","22":"instock","23":"featured","24":"shipping-taxable","25":"product-type-simple"},"acf":[],"_links":{"self":[{"href":"https:\/\/ua-protector.com\/fr\/wp-json\/wp\/v2\/product\/4440","targetHints":{"allow":["GET"]}}],"collection":[{"href":"https:\/\/ua-protector.com\/fr\/wp-json\/wp\/v2\/product"}],"about":[{"href":"https:\/\/ua-protector.com\/fr\/wp-json\/wp\/v2\/types\/product"}],"version-history":[{"count":13,"href":"https:\/\/ua-protector.com\/fr\/wp-json\/wp\/v2\/product\/4440\/revisions"}],"predecessor-version":[{"id":6700,"href":"https:\/\/ua-protector.com\/fr\/wp-json\/wp\/v2\/product\/4440\/revisions\/6700"}],"wp:featuredmedia":[{"embeddable":true,"href":"https:\/\/ua-protector.com\/fr\/wp-json\/wp\/v2\/media\/4527"}],"wp:attachment":[{"href":"https:\/\/ua-protector.com\/fr\/wp-json\/wp\/v2\/media?parent=4440"}],"wp:term":[{"taxonomy":"product_brand","embeddable":true,"href":"https:\/\/ua-protector.com\/fr\/wp-json\/wp\/v2\/product_brand?post=4440"},{"taxonomy":"product_cat","embeddable":true,"href":"https:\/\/ua-protector.com\/fr\/wp-json\/wp\/v2\/product_cat?post=4440"},{"taxonomy":"product_tag","embeddable":true,"href":"https:\/\/ua-protector.com\/fr\/wp-json\/wp\/v2\/product_tag?post=4440"}],"curies":[{"name":"wp","href":"https:\/\/api.w.org\/{rel}","templated":true}]}}