{"id":4439,"date":"2025-04-27T02:23:54","date_gmt":"2025-04-27T02:23:54","guid":{"rendered":"https:\/\/ua-protector.com\/?post_type=product&#038;p=4439"},"modified":"2025-11-20T04:14:40","modified_gmt":"2025-11-20T11:14:40","slug":"digital-multi-function-power-meter","status":"publish","type":"product","link":"https:\/\/ua-protector.com\/fr\/produit\/compteur\/compteur-intelligent\/power-meter-numerique-multifonctions\/","title":{"rendered":"Puissancem\u00e8tre num\u00e9rique multifonction, type96 , type72"},"content":{"rendered":"<h2>Introduction<\/h2>\n<hr \/>\n<p><a href=\"https:\/\/ua-protector.com\/fr\"><img fetchpriority=\"high\" decoding=\"async\" class=\"alignleft wp-image-4521 size-medium\" title=\"Puissancem\u00e8tre num\u00e9rique multifonction\" src=\"https:\/\/ua-protector.com\/wp-content\/uploads\/2025\/04\/JGYB-96-0-300x300.jpg\" alt=\"Puissancem\u00e8tre num\u00e9rique multifonction\" width=\"300\" height=\"300\" data-wp-editing=\"1\" srcset=\"https:\/\/ua-protector.com\/wp-content\/uploads\/2025\/04\/JGYB-96-0-300x300.jpg 300w, https:\/\/ua-protector.com\/wp-content\/uploads\/2025\/04\/JGYB-96-0-100x100.jpg 100w, https:\/\/ua-protector.com\/wp-content\/uploads\/2025\/04\/JGYB-96-0-600x600.jpg 600w, https:\/\/ua-protector.com\/wp-content\/uploads\/2025\/04\/JGYB-96-0-150x150.jpg 150w, https:\/\/ua-protector.com\/wp-content\/uploads\/2025\/04\/JGYB-96-0-768x768.jpg 768w, https:\/\/ua-protector.com\/wp-content\/uploads\/2025\/04\/JGYB-96-0.jpg 800w\" sizes=\"(max-width: 300px) 100vw, 300px\" \/><\/a><\/p>\n<p><strong>\u00a0 <\/strong><\/p>\n<p><strong>\u00a0 \u00a0<a href=\"https:\/\/ua-protector.com\/fr\/reconnexion-automatique-compteur-denergie-protecteur-dessai-jgdl-2\/\">Puissancem\u00e8tre num\u00e9rique multifonction <\/a><\/strong>Il est con\u00e7u pour r\u00e9pondre aux besoins de surveillance des r\u00e9seaux \u00e9lectriques, des entreprises industrielles et mini\u00e8res, des installations publiques et des b\u00e2timents intelligents. Il peut mesurer tous les param\u00e8tres de puissance courants, tels que le courant triphas\u00e9, la tension, la puissance active et r\u00e9active, l'\u00e9lectricit\u00e9, les harmoniques, etc. \u00c9tant donn\u00e9 que le <a href=\"https:\/\/elejg.com\/\" target=\"_blank\" rel=\"noopener\">compteur de puissance<\/a> dispose \u00e9galement d'une fonction compl\u00e8te de communication en r\u00e9seau, nous l'appelons un wattm\u00e8tre en r\u00e9seau. Il est id\u00e9al pour les syst\u00e8mes de surveillance de la puissance en temps r\u00e9el.<\/p>\n<p>&nbsp;<\/p>\n<p>Ce compteur pr\u00e9sente un rapport performances\/prix \u00e9lev\u00e9 et peut remplacer directement les transmetteurs de puissance et les instruments de mesure conventionnels. En tant qu'\u00e9l\u00e9ment d'acquisition intelligent et num\u00e9rique avanc\u00e9, cette s\u00e9rie d'instruments de r\u00e9seau a \u00e9t\u00e9 largement utilis\u00e9e dans divers syst\u00e8mes de contr\u00f4le, syst\u00e8mes SCADA et syst\u00e8mes de gestion de l'\u00e9nergie.<\/p>\n<h1><\/h1>\n<h2><strong>Normes de produits<\/strong><\/h2>\n<hr \/>\n<p>GB\/T 22264.1-2008 Appareils de mesure \u00e9lectrique \u00e0 affichage num\u00e9rique mont\u00e9s - Partie 1 : D\u00e9finitions et exigences g\u00e9n\u00e9rales<\/p>\n<p>GB\/T 22264.7-2008 Appareils de mesure \u00e9lectrique \u00e0 affichage num\u00e9rique mont\u00e9s - Partie 7 : Exigences particuli\u00e8res pour les appareils multifonctionnels<\/p>\n<p>GB\/T 22264.8-2008 Appareils de mesure \u00e9lectrique \u00e0 affichage num\u00e9rique mont\u00e9s - Partie 8 : M\u00e9thodes de v\u00e9rification recommand\u00e9es<\/p>\n<p>GB\/T 17215.322-2008 Appareils de mesure du courant alternatif - Exigences particuli\u00e8res - Partie 22 : Compteurs statiques d'\u00e9nergie active (0,2S et 0,5S)<\/p>\n<p>GB\/T 17215.323-2008 \u00c9quipements de mesure du courant alternatif - Exigences particuli\u00e8res - Partie 23 : Compteurs stationnaires d'\u00e9nergie r\u00e9active (classes 2 et 3)<\/p>\n<p>DL\/T 614-2007 Compteur d'\u00e9nergie multifonctionnel<\/p>\n<p>GB14287-2005 Syst\u00e8me de surveillance des incendies \u00e9lectriques<\/p>\n<p>GB50045-95 Code pour la conception de la protection contre l'incendie des b\u00e2timents civils de grande hauteur<\/p>\n<p>GB50054-95 Code de conception pour la distribution d'\u00e9nergie \u00e0 basse tension<\/p>\n<p>GB50096 Codes de conception r\u00e9sidentielle<\/p>\n<p>GB13955-2005 Installation and operation of residual current action protection device (Installation et fonctionnement d'un dispositif de protection \u00e0 action diff\u00e9rentielle)<\/p>\n<p>GB50016-2006 Code pour la conception des b\u00e2timents en mati\u00e8re de protection contre l'incendie<\/p>\n<h2><strong>Wattm\u00e8tre num\u00e9rique multifonction de la nomenclature du mod\u00e8le<\/strong><\/h2>\n<hr \/>\n<p><strong>Caract\u00e9ristiques de performance :<\/strong><\/p>\n<p>Mesure de haute pr\u00e9cision de la tension triphas\u00e9e, du courant triphas\u00e9, de la puissance active, de la puissance r\u00e9active, de la puissance apparente, du facteur de puissance, de la fr\u00e9quence et d'autres param\u00e8tres \u00e9lectriques<\/p>\n<p>Mesure de l'\u00e9nergie active\/r\u00e9active en avant et en arri\u00e8re<\/p>\n<p>Comptage de l'\u00e9nergie \u00e9lectrique en fonction de l'heure de consommation, relev\u00e9 des compteurs d'\u00e9nergie \u00e9lectrique en fonction de l'heure de consommation<\/p>\n<p>Mesurer le taux de distorsion harmonique totale (THD) de la tension triphas\u00e9e et du courant triphas\u00e9, ainsi que la composante harmonique impaire de 2 \u00e0 31.<\/p>\n<p>Fournir un tube num\u00e9rique ou un \u00e9cran LCD, pour l'interrogation des donn\u00e9es locales.<\/p>\n<p>Les menus sont intuitifs et les touches sont faciles \u00e0 utiliser<\/p>\n<p>Le rapport de conversion du courant et de la tension est programmable<\/p>\n<p>Surveillance du courant de fuite en boucle multiple<\/p>\n<p>Fournit un n\u0153ud de contr\u00f4le multi-boucles, qui peut \u00eatre utilis\u00e9 pour les alarmes, les d\u00e9clenchements et d'autres contr\u00f4les.<\/p>\n<p>Soutenir la liaison de lutte contre l'incendie et couper \u00e0 distance la boucle de d\u00e9faillance<\/p>\n<p>Prise en charge de la communication RS-485, protocole Modbus-RTU<\/p>\n<p>Il prend en charge l'entr\u00e9e et la sortie de commutation, la sortie de transmission analogique et la sortie d'impulsion de puissance.<\/p>\n<p>Il est facile \u00e0 installer, simple \u00e0 c\u00e2bler et peu encombrant.<\/p>\n<p>Alimentation \u00e9lectrique universelle AC\/DC \u00e0 large gamme : AC\/DC 80V~270V<\/p>\n<p>Il peut compl\u00e9ter la mise en r\u00e9seau d'une vari\u00e9t\u00e9 de logiciels de communication dans les syst\u00e8mes SCADA et PLC.<\/p>\n<h2><strong>Indicateurs techniques<\/strong><\/h2>\n<hr \/>\n<p><strong>Pr\u00e9cision de la mesure<\/strong><\/p>\n<p>Tension 0,5 classe<\/p>\n<p>Classe actuelle 0,5<\/p>\n<p>Puissance active 0,5 classe<\/p>\n<p>Puissance r\u00e9active 0,5 classe<\/p>\n<p>Facteur de puissance 0,5<\/p>\n<p>Fr\u00e9quence \u00b10,02Hz<\/p>\n<p>\u00c9nergie active 0,5S ou 0,2S<\/p>\n<p>Niveau d'\u00e9nergie r\u00e9active 1 ou 2<\/p>\n<p><strong>Entr\u00e9e du signal<\/strong><\/p>\n<p>M\u00e9thode de c\u00e2blage : triphas\u00e9 \u00e0 quatre fils, triphas\u00e9 \u00e0 trois fils<\/p>\n<p>Tension nominale : AC 57.7V, AC 100V, AC 220V, AC 380V<\/p>\n<p>Courant nominal : AC 1A, AC 5A<\/p>\n<p>Tension de surcharge : 1,2 fois (continue), 2 fois\/1 sec (instantan\u00e9e)<\/p>\n<p>Courant : 1,2x (continu), 10x\/5 sec (instantan\u00e9)<\/p>\n<p>Consommation \u00e9lectrique Tension : &lt;1VA\/phase, Courant : &lt;0,4VA\/phase<\/p>\n<p>Imp\u00e9dance Tension : &gt;300k\u03a9, Courant : &lt;20m\u03a9<\/p>\n<p>Fr\u00e9quence : 45~65Hz<\/p>\n<p><strong>Alimentation auxiliaire<\/strong><\/p>\n<p>Plage de travail AC\/DC : 80V~270V<\/p>\n<p>Consommation \u00e9lectrique &lt;4VA<\/p>\n<p><strong>Modules fonctionnels<\/strong><\/p>\n<p>Interface de communication : Prise en charge de la communication RS-485 \u00e0 1 canal, protocole Modbus-RTU<\/p>\n<p>D\u00e9bit en bauds : 1200~9600bps, par d\u00e9faut 2400 bps<\/p>\n<p>Les entr\u00e9es de commutation prennent en charge 4 entr\u00e9es de jonction s\u00e8che<\/p>\n<p>Sortie de commutation Prise en charge de 3 sorties de relais, capacit\u00e9 : AC 250V\/5A, DC 30V\/5A<\/p>\n<p>Sortie du transducteur Prise en charge d'une sortie analogique : 0\/4~20mA ou 0~5\/10V<\/p>\n<p>Sortie d'impulsion de puissance Prise en charge de 2 sorties d'impulsion de puissance, constante : 8000imp\/KWh(Kvarh)<\/p>\n<p><strong>l'environnement<\/strong><\/p>\n<p>Temp\u00e9rature de fonctionnement : -10\u00b0C~+55\u00b0C<\/p>\n<p>Temp\u00e9rature de stockage : -25\u00b0C~+70\u00b0C<\/p>\n<p>Humidit\u00e9 relative \u226493%, emplacement sans gaz corrosif<\/p>\n<p>\u2264 2500m au-dessus du niveau de la mer<\/p>\n<p><strong>s\u00fbr<\/strong><\/p>\n<p>R\u00e9sistance d'isolation &gt;100M\u03a9<\/p>\n<p>Tension de r\u00e9sistance AC 2KV<\/p>\n<p><strong>Compatibilit\u00e9 \u00e9lectromagn\u00e9tique<\/strong><\/p>\n<p>D\u00e9charge \u00e9lectrostatique niveau 4<\/p>\n<p>Eclatement \u00e9lectrique transitoire rapide classe 4<\/p>\n<p>Surge (Choc) Niveau 4<\/p>\n<p><strong>Dimensions<\/strong><\/p>\n<p>Taille du cadre (mm) 120\u00d7120;96\u00d796 ; 80\u00d780\uff1b72\u00d772<\/p>\n<p>Taille de la d\u00e9coupe (mm) 111\u00d7111;92\u00d792 ; 76\u00d776\uff1b68\u00d768<\/p>\n<hr \/>\n<h1 class=\"elementor-heading-title elementor-size-default\"><span style=\"color: #0000ff;\">Contactez-nous d\u00e8s maintenant, des \u00e9chantillons gratuits sont disponibles<\/span><\/h1>\n<p>Pour obtenir plus d'informations sur nos produits et services, vous recevrez une r\u00e9ponse d'un expert en \u00e9lectricit\u00e9.<\/p>\n<p>Mob\/WhatsApp\/WeChat\/Wang : +86 18958900126<br \/>\nEmail professionnel\uff1a<strong>sales@tokeep.net<br \/>\n<\/strong>Adresse \u00e9lectronique de la technologie :\u00a0<strong>tokeepcc@gmail.com<\/strong><strong><br \/>\n<\/strong>Courriel personnel :<strong>\u00a0wxj7607@126.com<\/strong><\/p>\n<p><img decoding=\"async\" class=\"alignnone wp-image-5833 size-full\" src=\"https:\/\/ua-protector.com\/wp-content\/uploads\/2025\/04\/whateapp-1.jpg\" sizes=\"(max-width: 573px) 100vw, 573px\" srcset=\"https:\/\/ua-protector.com\/wp-content\/uploads\/2025\/04\/whateapp-1.jpg 573w, https:\/\/ua-protector.com\/wp-content\/uploads\/2025\/04\/whateapp-1-300x169.jpg 300w, https:\/\/ua-protector.com\/wp-content\/uploads\/2025\/04\/whateapp-1-18x10.jpg 18w\" alt=\"\" width=\"573\" height=\"322\" \/><\/p>","protected":false},"excerpt":{"rendered":"<p>Le wattm\u00e8tre num\u00e9rique multifonction est con\u00e7u pour r\u00e9pondre aux besoins de surveillance des r\u00e9seaux \u00e9lectriques, des entreprises industrielles et mini\u00e8res, des installations publiques et des b\u00e2timents intelligents. Il peut mesurer tous les param\u00e8tres de puissance courants, tels que le courant triphas\u00e9, la tension, la puissance active et r\u00e9active, l'\u00e9lectricit\u00e9, les harmoniques, etc. Comme le wattm\u00e8tre dispose \u00e9galement d'une fonction compl\u00e8te de r\u00e9seau de communication, nous l'appelons wattm\u00e8tre r\u00e9seau. Il est id\u00e9al pour les syst\u00e8mes de surveillance de l'\u00e9nergie en temps r\u00e9el. Le compteur pr\u00e9sente un rapport performances\/prix \u00e9lev\u00e9 et peut remplacer directement les transmetteurs de puissance et les instruments de mesure conventionnels. En tant qu'\u00e9l\u00e9ment d'acquisition intelligent et num\u00e9rique avanc\u00e9, cette s\u00e9rie d'instruments de r\u00e9seau a \u00e9t\u00e9 largement utilis\u00e9e dans divers syst\u00e8mes de contr\u00f4le, syst\u00e8mes SCADA et syst\u00e8mes de gestion de l'\u00e9nergie.<\/p>","protected":false},"featured_media":4521,"template":"","meta":{"_acf_changed":false,"site-sidebar-layout":"default","site-content-layout":"","ast-site-content-layout":"default","site-content-style":"default","site-sidebar-style":"default","ast-global-header-display":"","ast-banner-title-visibility":"","ast-main-header-display":"","ast-hfb-above-header-display":"","ast-hfb-below-header-display":"","ast-hfb-mobile-header-display":"","site-post-title":"","ast-breadcrumbs-content":"","ast-featured-img":"","footer-sml-layout":"","theme-transparent-header-meta":"default","adv-header-id-meta":"","stick-header-meta":"","header-above-stick-meta":"","header-main-stick-meta":"","header-below-stick-meta":"","astra-migrate-meta-layouts":"set","ast-page-background-enabled":"default","ast-page-background-meta":{"desktop":{"background-color":"","background-image":"","background-repeat":"repeat","background-position":"center center","background-size":"auto","background-attachment":"scroll","background-type":"","background-media":"","overlay-type":"","overlay-color":"","overlay-opacity":"","overlay-gradient":""},"tablet":{"background-color":"","background-image":"","background-repeat":"repeat","background-position":"center center","background-size":"auto","background-attachment":"scroll","background-type":"","background-media":"","overlay-type":"","overlay-color":"","overlay-opacity":"","overlay-gradient":""},"mobile":{"background-color":"","background-image":"","background-repeat":"repeat","background-position":"center center","background-size":"auto","background-attachment":"scroll","background-type":"","background-media":"","overlay-type":"","overlay-color":"","overlay-opacity":"","overlay-gradient":""}},"ast-content-background-meta":{"desktop":{"background-color":"var(--ast-global-color-5)","background-image":"","background-repeat":"repeat","background-position":"center center","background-size":"auto","background-attachment":"scroll","background-type":"","background-media":"","overlay-type":"","overlay-color":"","overlay-opacity":"","overlay-gradient":""},"tablet":{"background-color":"var(--ast-global-color-5)","background-image":"","background-repeat":"repeat","background-position":"center center","background-size":"auto","background-attachment":"scroll","background-type":"","background-media":"","overlay-type":"","overlay-color":"","overlay-opacity":"","overlay-gradient":""},"mobile":{"background-color":"var(--ast-global-color-5)","background-image":"","background-repeat":"repeat","background-position":"center center","background-size":"auto","background-attachment":"scroll","background-type":"","background-media":"","overlay-type":"","overlay-color":"","overlay-opacity":"","overlay-gradient":""}}},"product_brand":[],"product_cat":[64,15,70,55,69],"product_tag":[97,103,101,102,98,99,100],"class_list":{"0":"post-4439","1":"product","2":"type-product","3":"status-publish","4":"has-post-thumbnail","6":"product_cat-smart-meter","7":"product_cat-product","8":"product_cat-small-ammeter","9":"product_cat-meter","10":"product_cat-small-voltmeter","11":"product_tag-digital-multi-function-power-meter","12":"product_tag-electricity-meter","13":"product_tag-lcd-voltmeter","14":"product_tag-led-voltmeter","15":"product_tag-multi-functional-power-meter","16":"product_tag-multifunction-digital-energy-meters","17":"product_tag-multifunction-meters","18":"desktop-align-center","19":"tablet-align-left","20":"mobile-align-left","22":"first","23":"instock","24":"downloadable","25":"shipping-taxable","26":"product-type-simple"},"acf":[],"_links":{"self":[{"href":"https:\/\/ua-protector.com\/fr\/wp-json\/wp\/v2\/product\/4439","targetHints":{"allow":["GET"]}}],"collection":[{"href":"https:\/\/ua-protector.com\/fr\/wp-json\/wp\/v2\/product"}],"about":[{"href":"https:\/\/ua-protector.com\/fr\/wp-json\/wp\/v2\/types\/product"}],"version-history":[{"count":17,"href":"https:\/\/ua-protector.com\/fr\/wp-json\/wp\/v2\/product\/4439\/revisions"}],"predecessor-version":[{"id":5306,"href":"https:\/\/ua-protector.com\/fr\/wp-json\/wp\/v2\/product\/4439\/revisions\/5306"}],"wp:featuredmedia":[{"embeddable":true,"href":"https:\/\/ua-protector.com\/fr\/wp-json\/wp\/v2\/media\/4521"}],"wp:attachment":[{"href":"https:\/\/ua-protector.com\/fr\/wp-json\/wp\/v2\/media?parent=4439"}],"wp:term":[{"taxonomy":"product_brand","embeddable":true,"href":"https:\/\/ua-protector.com\/fr\/wp-json\/wp\/v2\/product_brand?post=4439"},{"taxonomy":"product_cat","embeddable":true,"href":"https:\/\/ua-protector.com\/fr\/wp-json\/wp\/v2\/product_cat?post=4439"},{"taxonomy":"product_tag","embeddable":true,"href":"https:\/\/ua-protector.com\/fr\/wp-json\/wp\/v2\/product_tag?post=4439"}],"curies":[{"name":"wp","href":"https:\/\/api.w.org\/{rel}","templated":true}]}}