{"id":4438,"date":"2025-04-27T02:23:54","date_gmt":"2025-04-27T02:23:54","guid":{"rendered":"https:\/\/ua-protector.com\/?post_type=product&#038;p=4438"},"modified":"2025-08-06T00:53:03","modified_gmt":"2025-08-06T07:53:03","slug":"automatic-reset-over-and-under-voltage-protector","status":"publish","type":"product","link":"https:\/\/ua-protector.com\/fr\/produit\/protecteur\/protecteur-de-tension\/protection-contre-les-surtensions-et-les-sous-tensions-a-rearmement-automatique\/","title":{"rendered":"Protecteur de surtension et de sous-tension \u00e0 r\u00e9armement automatique JGGQ-80"},"content":{"rendered":"<h2><strong>\u2160. Introduction<\/strong><\/h2>\n<hr \/>\n<figure id=\"attachment_4519\" aria-describedby=\"caption-attachment-4519\" style=\"width: 300px\" class=\"wp-caption alignleft\"><a href=\"https:\/\/ua-protector.com\/fr\/protection-contre-les-surtensions-et-les-sous-tensions-a-rearmement-automatique\/\"><img fetchpriority=\"high\" decoding=\"async\" class=\"wp-image-4519 size-medium\" src=\"https:\/\/ua-protector.com\/wp-content\/uploads\/2025\/04\/JGGQ-80-2-300x300.jpg\" alt=\"Protection contre les surtensions et les sous-tensions \u00e0 r\u00e9armement automatique\" width=\"300\" height=\"300\" srcset=\"https:\/\/ua-protector.com\/wp-content\/uploads\/2025\/04\/JGGQ-80-2-300x300.jpg 300w, https:\/\/ua-protector.com\/wp-content\/uploads\/2025\/04\/JGGQ-80-2-100x100.jpg 100w, https:\/\/ua-protector.com\/wp-content\/uploads\/2025\/04\/JGGQ-80-2-600x600.jpg 600w, https:\/\/ua-protector.com\/wp-content\/uploads\/2025\/04\/JGGQ-80-2-150x150.jpg 150w, https:\/\/ua-protector.com\/wp-content\/uploads\/2025\/04\/JGGQ-80-2-768x768.jpg 768w, https:\/\/ua-protector.com\/wp-content\/uploads\/2025\/04\/JGGQ-80-2.jpg 800w\" sizes=\"(max-width: 300px) 100vw, 300px\" \/><\/a><figcaption id=\"caption-attachment-4519\" class=\"wp-caption-text\">Protection contre les surtensions et les sous-tensions \u00e0 r\u00e9armement automatique<\/figcaption><\/figure>\n<p>Dix ans de pr\u00e9cipitations techniques, N fois de tests et d'am\u00e9liorations techniques, mod\u00e8le JGGQ-80 <a href=\"https:\/\/ua-protector.com\/fr\/protection-contre-les-surtensions-et-les-sous-tensions-a-rearmement-automatique\/\">Protection contre les surtensions et les sous-tensions \u00e0 r\u00e9armement automatique\u00a0<\/a>List\u00e9 sur le march\u00e9, le circuit de contr\u00f4le adopte un microprocesseur haute vitesse \u00e0 faible consommation comme noyau, le relais magn\u00e9tique \u00e0 verrouillage comme circuit principal, et la conception standard analogique, qui pr\u00e9sente les avantages techniques suivants : faible consommation d'\u00e9nergie, contr\u00f4le pr\u00e9cis, belle apparence, anti-harmonique, anti-interf\u00e9rence, tension de r\u00e9sistance jusqu'\u00e0 AC450V, courant de r\u00e9sistance jusqu'\u00e0 3000A, etc.<\/p>\n<p>Lorsque la ligne d'alimentation \u00e9lectrique pr\u00e9sente une surtension ou une sous-tension, le protecteur peut couper rapidement et en toute s\u00e9curit\u00e9 le circuit sous l'impact continu de la haute tension afin d'\u00e9viter les accidents caus\u00e9s par une tension anormale envoy\u00e9e aux appareils \u00e9lectriques terminaux. Lorsque la tension revient \u00e0 des valeurs normales, le protecteur r\u00e9tablit automatiquement le circuit dans le d\u00e9lai sp\u00e9cifi\u00e9 afin d'assurer le fonctionnement normal des appareils \u00e9lectriques terminaux en cas d'absence de surveillance.<\/p>\n<p>Le protecteur \u00e0 minimum de tension auto-r\u00e9armable \u00e9conomique est un produit combinant un circuit num\u00e9rique et un circuit analogique, qui pr\u00e9sente les avantages d'un contr\u00f4le pr\u00e9cis du circuit num\u00e9rique, principalement manifest\u00e9s par le m\u00eame temps de r\u00e9initialisation, c'est-\u00e0-dire que si un lot de produits est aliment\u00e9 en m\u00eame temps, le temps d'action du lot de produits est le m\u00eame, il n'y a pas d'erreur de temps de r\u00e9initialisation entre les produits, et l'erreur de chaque temps de r\u00e9initialisation ne d\u00e9passera pas 0,5 seconde ; en outre, la tension de r\u00e9sistance est \u00e9lev\u00e9e, et il ne sera pas endommag\u00e9 pendant une longue p\u00e9riode dans le cas d'AC450V.<\/p>\n<h2><strong>\u2161. Param\u00e8tres du protecteur de surtension et de sous-tension \u00e0 r\u00e9armement automatique<\/strong><\/h2>\n<hr \/>\n<p>1. Courant nominal : 32A, 40A, 50A, 63A, 80A<\/p>\n<p>2. Tension de fonctionnement : AC230V, 50Hz<\/p>\n<p>3. Valeur de protection contre les surtensions : AC270V \u00b15V<\/p>\n<p>4. Valeur de protection contre les sous-tensions : AC170V \u00b15V<\/p>\n<p>5. Temps de r\u00e9initialisation apr\u00e8s une d\u00e9faillance : 20 secondes<\/p>\n<p>6. Temps d'action : 0,1 seconde<\/p>\n<p>7. La plus \u00e9lev\u00e9e est possible avec une surtension de 450 V CA.<\/p>\n<h2><\/h2>\n<h2><strong>\u2162.protecteurs contre la surtension et la soustension des normes<\/strong><\/h2>\n<hr \/>\n<p>JGJ242-2011 Code pour la conception \u00e9lectrique des b\u00e2timents r\u00e9sidentiels<\/p>\n<p>JGJ\/T16-2008<\/p>\n<p>GJBT-672 Atlas normalis\u00e9 de la conception et de la construction \u00e9lectrique des b\u00e2timents r\u00e9sidentiels<\/p>\n<p>GB\/T68895.10-2001<\/p>\n<p>Conforme aux normes de s\u00e9curit\u00e9 pour les appareils \u00e9lectriques de classe III<\/p>\n<p>JB\/T12762-2015 \u300aDispositif de protection contre les surtensions et les sous-tensions avec fonction de r\u00e9enclenchement automatique\uff08<a href=\"https:\/\/www.elejg.com\/\" target=\"_blank\" rel=\"noopener\"><strong>OUPA<\/strong><\/a>)\u300b<\/p>\n<h2>Il devrait y avoir un plan<\/h2>\n<hr \/>\n<p><img decoding=\"async\" class=\"alignnone wp-image-6111 size-full\" src=\"https:\/\/ua-protector.com\/wp-content\/uploads\/2025\/04\/\u63a5\u7ebf\u56fe-\u8fc7\u6b20\u538b-3.jpg\" alt=\"protecteurs contre la surtension et la soustension\" width=\"600\" height=\"1133\" srcset=\"https:\/\/ua-protector.com\/wp-content\/uploads\/2025\/04\/\u63a5\u7ebf\u56fe-\u8fc7\u6b20\u538b-3.jpg 600w, https:\/\/ua-protector.com\/wp-content\/uploads\/2025\/04\/\u63a5\u7ebf\u56fe-\u8fc7\u6b20\u538b-3-159x300.jpg 159w, https:\/\/ua-protector.com\/wp-content\/uploads\/2025\/04\/\u63a5\u7ebf\u56fe-\u8fc7\u6b20\u538b-3-542x1024.jpg 542w, https:\/\/ua-protector.com\/wp-content\/uploads\/2025\/04\/\u63a5\u7ebf\u56fe-\u8fc7\u6b20\u538b-3-6x12.jpg 6w\" sizes=\"(max-width: 600px) 100vw, 600px\" \/><\/p>\n<h3 data-slate-node=\"element\"><span data-slate-node=\"text\"><span class=\"null hover-sent\" data-slate-leaf=\"true\" data-sent-id=\"ejrkgDPYqe\">Avertissement :<\/span><\/span><\/h3>\n<div data-slate-node=\"element\"><span data-slate-node=\"text\"><span class=\"null hover-sent\" data-slate-leaf=\"true\" data-sent-id=\"ejrkgDPYqe\">Les fils N et L ne doivent pas \u00eatre mal raccord\u00e9s.<\/span><\/span><\/div>\n<div data-slate-node=\"element\" data-slate-fragment=\"JTVCJTdCJTIydHlwZSUyMiUzQSUyMnBhcmFncmFwaCUyMiUyQyUyMmNoaWxkcmVuJTIyJTNBJTVCJTdCJTIyaWQlMjIlM0ElMjJlanJrZ0RQWXFlJTIyJTJDJTIycGFyYUlkeCUyMiUzQTElMkMlMjJzcmMlMjIlM0ElMjJBdHRlbnRpb24lM0ElMjBUaGUlMjBOJTIwYW5kJTIwTCUyMHdpcmVzJTIwbXVzdCUyMG5vdCUyMGJlJTIwY29ubmVjdGVkJTIwaW5jb3JyZWN0bHkuJTIyJTJDJTIyZHN0JTIyJTNBJTIyJUU2JUIzJUE4JUU2JTg0JThGJUVGJUJDJTlBTiVFNSU5MiU4Q0wlRTclQkElQkYlRTQlQjglOEQlRTUlQkUlOTclRTglQkYlOUUlRTYlOEUlQTUlRTklOTQlOTklRTglQUYlQUYlRTMlODAlODIlMjIlMkMlMjJtZXRhZGF0YSUyMiUzQSUyMiUyMiUyQyUyMm1hdGNoZXMlMjIlM0FudWxsJTJDJTIybWV0YURhdGElMjIlM0ElNUIlNUQlMkMlMjJ0ZXh0JTIyJTNBJTIyVGhlJTIwTiUyMGFuZCUyMEwlMjB3aXJlcyUyMG11c3QlMjBub3QlMjBiZSUyMGNvbm5lY3RlZCUyMGluY29ycmVjdGx5LiUyMiU3RCU1RCU3RCUyQyU3QiUyMnR5cGUlMjIlM0ElMjJwYXJhZ3JhcGglMjIlMkMlMjJjaGlsZHJlbiUyMiUzQSU1QiU3QiUyMmlkJTIyJTNBJTIyVk5ETmRqOUFiQiUyMiUyQyUyMnBhcmFJZHglMjIlM0EyJTJDJTIyc3JjJTIyJTNBJTIyQWxsJTIwdGVybWluYWxzJTIwbXVzdCUyMGJlJTIwdGlnaHRlbmVkJTIwdG8lMjBwcmV2ZW50JTIwZmFsc2UlMjBjb25uZWN0aW9ucyUyMHRoYXQlMjBjb3VsZCUyMGJ1cm4lMjBvdXQlMjB0aGUlMjBwcm90ZWN0b3IuJTIyJTJDJTIyZHN0JTIyJTNBJTIyJUU2JTg5JTgwJUU2JTlDJTg5JUU3JUFCJUFGJUU1JUFEJTkwJUU1JUJGJTg1JUU5JUExJUJCJUU2JThCJUE3JUU3JUI0JUE3JUVGJUJDJThDJUU0JUJCJUE1JUU5JTk4JUIyJUU2JUFEJUEyJUU1JThGJUFGJUU4JTgzJUJEJUU3JTgzJUE3JUU1JTlEJThGJUU0JUJGJTlEJUU2JThBJUE0JUU1JTk5JUE4JUU3JTlBJTg0JUU5JTk0JTk5JUU4JUFGJUFGJUU4JUJGJTlFJUU2JThFJUE1JUUzJTgwJTgyJTIyJTJDJTIybWV0YWRhdGElMjIlM0ElMjIlMjIlMkMlMjJtYXRjaGVzJTIyJTNBbnVsbCUyQyUyMm1ldGFEYXRhJTIyJTNBJTVCJTVEJTJDJTIydGV4dCUyMiUzQSUyMkFsbCUyMHRlcm1pbmFscyUyMG11c3QlMjBiZSUyMHRpZ2h0ZW5lZCUyMHRvJTIwcHJldmVudCUyMGZhbHNlJTIwY29ubmVjdGlvbnMlMjB0aGF0JTIwY291bGQlMjBidXJuJTIwb3V0JTIwdGhlJTIwcHJvdGVjdG9yLiUyMiU3RCU1RCU3RCU1RA==\"><span data-slate-node=\"text\"><span class=\"null\" data-slate-leaf=\"true\" data-sent-id=\"VNDNdj9AbB\">Toutes les bornes doivent \u00eatre serr\u00e9es afin d'\u00e9viter les faux raccordements qui pourraient griller le protecteur.<\/span><\/span><\/div>\n<h2 class=\"wp-block-heading\"><\/h2>\n<h2><strong>Informations sur le paquet standard<\/strong><\/h2>\n<hr \/>\n<p><img decoding=\"async\" class=\"alignnone size-medium wp-image-6114\" src=\"https:\/\/ua-protector.com\/wp-content\/uploads\/2025\/04\/45.5-23.5-31.5-box-300x300.jpg\" alt=\"\" width=\"300\" height=\"300\" srcset=\"https:\/\/ua-protector.com\/wp-content\/uploads\/2025\/04\/45.5-23.5-31.5-box-300x300.jpg 300w, https:\/\/ua-protector.com\/wp-content\/uploads\/2025\/04\/45.5-23.5-31.5-box-150x150.jpg 150w, https:\/\/ua-protector.com\/wp-content\/uploads\/2025\/04\/45.5-23.5-31.5-box-12x12.jpg 12w, https:\/\/ua-protector.com\/wp-content\/uploads\/2025\/04\/45.5-23.5-31.5-box-600x600.jpg 600w, https:\/\/ua-protector.com\/wp-content\/uploads\/2025\/04\/45.5-23.5-31.5-box-100x100.jpg 100w, https:\/\/ua-protector.com\/wp-content\/uploads\/2025\/04\/45.5-23.5-31.5-box.jpg 750w\" sizes=\"(max-width: 300px) 100vw, 300px\" \/><\/p>\n<div style=\"overflow-x: auto;\">\n<table>\n<tbody>\n<tr>\n<th>Dimension du carton (cm)<\/th>\n<th>Liste de colisage<\/th>\n<th>QT\u00c9<\/th>\n<th>Poids brut (kg)<\/th>\n<\/tr>\n<tr>\n<td style=\"text-align: center;\">45,5cm \u00d7 23,5cm \u00d7 31,5cm<\/td>\n<td style=\"text-align: center;\">\u00a0protecteur<\/td>\n<td style=\"text-align: center;\">120pcs<\/td>\n<td style=\"text-align: center;\">20 kg<\/td>\n<\/tr>\n<\/tbody>\n<\/table>\n<\/div>\n<hr \/>\n<h1 class=\"elementor-heading-title elementor-size-default\"><span style=\"color: #0000ff;\">Contactez-nous d\u00e8s maintenant, des \u00e9chantillons gratuits sont disponibles<\/span><\/h1>\n<hr \/>\n<p>Pour obtenir plus d'informations sur nos produits et services, vous recevrez une r\u00e9ponse d'un expert en \u00e9lectricit\u00e9.<\/p>\n<p>Mob\/WhatsApp\/WeChat\/Wang : +86 18958900126<br \/>\nEmail professionnel\uff1a<strong>sales@tokeep.net<br \/>\n<\/strong>Adresse \u00e9lectronique de la technologie :\u00a0<strong>tokeepcc@gmail.com<\/strong><strong><br \/>\n<\/strong>Courriel personnel :<strong>\u00a0wxj7607@126.com<\/strong><\/p>\n<p><img loading=\"lazy\" decoding=\"async\" class=\"alignnone size-medium wp-image-5920\" src=\"https:\/\/ua-protector.com\/wp-content\/uploads\/2025\/05\/whateapp-300x169.jpg\" alt=\"\" width=\"300\" height=\"169\" srcset=\"https:\/\/ua-protector.com\/wp-content\/uploads\/2025\/05\/whateapp-300x169.jpg 300w, https:\/\/ua-protector.com\/wp-content\/uploads\/2025\/05\/whateapp-18x10.jpg 18w, https:\/\/ua-protector.com\/wp-content\/uploads\/2025\/05\/whateapp.jpg 573w\" sizes=\"(max-width: 300px) 100vw, 300px\" \/><\/p>\n<p>&nbsp;<\/p>","protected":false},"excerpt":{"rendered":"<p>Apr\u00e8s dix ans de pr\u00e9cipitations techniques, N fois de tests et d'am\u00e9liorations techniques, JGGQ-80 \u00a0<a href=\"https:\/\/ua-protector.com\/fr\/protection-contre-les-surtensions-et-les-sous-tensions-a-rearmement-automatique\/\">Protection contre les surtensions et les sous-tensions \u00e0 r\u00e9armement automatique<\/a> Il utilise un microprocesseur haute vitesse \u00e0 faible consommation d'\u00e9nergie comme noyau du circuit de commande, un relais magn\u00e9tique \u00e0 verrouillage comme circuit principal et une conception standard modulaire. Il pr\u00e9sente les avantages techniques suivants : faible consommation d'\u00e9nergie, contr\u00f4le pr\u00e9cis, belle apparence, anti-harmonique, anti-interf\u00e9rence et r\u00e9siste \u00e0 une tension allant jusqu'\u00e0 450 V CA.<\/p>","protected":false},"featured_media":4517,"template":"","meta":{"_acf_changed":false,"site-sidebar-layout":"default","site-content-layout":"","ast-site-content-layout":"default","site-content-style":"default","site-sidebar-style":"default","ast-global-header-display":"","ast-banner-title-visibility":"","ast-main-header-display":"","ast-hfb-above-header-display":"","ast-hfb-below-header-display":"","ast-hfb-mobile-header-display":"","site-post-title":"","ast-breadcrumbs-content":"","ast-featured-img":"","footer-sml-layout":"","theme-transparent-header-meta":"default","adv-header-id-meta":"","stick-header-meta":"","header-above-stick-meta":"","header-main-stick-meta":"","header-below-stick-meta":"","astra-migrate-meta-layouts":"set","ast-page-background-enabled":"default","ast-page-background-meta":{"desktop":{"background-color":"","background-image":"","background-repeat":"repeat","background-position":"center center","background-size":"auto","background-attachment":"scroll","background-type":"","background-media":"","overlay-type":"","overlay-color":"","overlay-opacity":"","overlay-gradient":""},"tablet":{"background-color":"","background-image":"","background-repeat":"repeat","background-position":"center center","background-size":"auto","background-attachment":"scroll","background-type":"","background-media":"","overlay-type":"","overlay-color":"","overlay-opacity":"","overlay-gradient":""},"mobile":{"background-color":"","background-image":"","background-repeat":"repeat","background-position":"center center","background-size":"auto","background-attachment":"scroll","background-type":"","background-media":"","overlay-type":"","overlay-color":"","overlay-opacity":"","overlay-gradient":""}},"ast-content-background-meta":{"desktop":{"background-color":"var(--ast-global-color-5)","background-image":"","background-repeat":"repeat","background-position":"center center","background-size":"auto","background-attachment":"scroll","background-type":"","background-media":"","overlay-type":"","overlay-color":"","overlay-opacity":"","overlay-gradient":""},"tablet":{"background-color":"var(--ast-global-color-5)","background-image":"","background-repeat":"repeat","background-position":"center center","background-size":"auto","background-attachment":"scroll","background-type":"","background-media":"","overlay-type":"","overlay-color":"","overlay-opacity":"","overlay-gradient":""},"mobile":{"background-color":"var(--ast-global-color-5)","background-image":"","background-repeat":"repeat","background-position":"center center","background-size":"auto","background-attachment":"scroll","background-type":"","background-media":"","overlay-type":"","overlay-color":"","overlay-opacity":"","overlay-gradient":""}}},"product_brand":[],"product_cat":[62,56],"product_tag":[91,96,88,95,94],"class_list":{"0":"post-4438","1":"product","2":"type-product","3":"status-publish","4":"has-post-thumbnail","6":"product_cat-voltage-protector","7":"product_cat-protector","8":"product_tag-adjustable-over-and-under-voltage-protector","9":"product_tag-adjustable-voltage-protector-settings","10":"product_tag-automatic-reconnect-over-and-under-voltage-protection","11":"product_tag-protector-current-stabilizer-voltmeter-for-house-protection63a","12":"product_tag-voltage-output-stabilizer-for-home-office-appliance","13":"desktop-align-center","14":"tablet-align-left","15":"mobile-align-left","17":"first","18":"instock","19":"featured","20":"shipping-taxable","21":"product-type-simple"},"acf":[],"_links":{"self":[{"href":"https:\/\/ua-protector.com\/fr\/wp-json\/wp\/v2\/product\/4438","targetHints":{"allow":["GET"]}}],"collection":[{"href":"https:\/\/ua-protector.com\/fr\/wp-json\/wp\/v2\/product"}],"about":[{"href":"https:\/\/ua-protector.com\/fr\/wp-json\/wp\/v2\/types\/product"}],"version-history":[{"count":18,"href":"https:\/\/ua-protector.com\/fr\/wp-json\/wp\/v2\/product\/4438\/revisions"}],"predecessor-version":[{"id":6682,"href":"https:\/\/ua-protector.com\/fr\/wp-json\/wp\/v2\/product\/4438\/revisions\/6682"}],"wp:featuredmedia":[{"embeddable":true,"href":"https:\/\/ua-protector.com\/fr\/wp-json\/wp\/v2\/media\/4517"}],"wp:attachment":[{"href":"https:\/\/ua-protector.com\/fr\/wp-json\/wp\/v2\/media?parent=4438"}],"wp:term":[{"taxonomy":"product_brand","embeddable":true,"href":"https:\/\/ua-protector.com\/fr\/wp-json\/wp\/v2\/product_brand?post=4438"},{"taxonomy":"product_cat","embeddable":true,"href":"https:\/\/ua-protector.com\/fr\/wp-json\/wp\/v2\/product_cat?post=4438"},{"taxonomy":"product_tag","embeddable":true,"href":"https:\/\/ua-protector.com\/fr\/wp-json\/wp\/v2\/product_tag?post=4438"}],"curies":[{"name":"wp","href":"https:\/\/api.w.org\/{rel}","templated":true}]}}