{"id":4437,"date":"2025-04-27T02:23:54","date_gmt":"2025-04-27T02:23:54","guid":{"rendered":"https:\/\/ua-protector.com\/?post_type=product&#038;p=4437"},"modified":"2025-08-06T00:46:45","modified_gmt":"2025-08-06T07:46:45","slug":"over-and-under-voltage-protector-jggq-63","status":"publish","type":"product","link":"https:\/\/ua-protector.com\/fr\/produit\/protecteur\/protecteur-de-tension\/protecteur-de-sur-et-sous-tension-jggq-63\/","title":{"rendered":"Protection contre les surtensions et les sous-tensions \u00e0 r\u00e9armement automatique JGGQ-63"},"content":{"rendered":"<h2><strong>1. Introduction<\/strong><\/h2>\n<figure id=\"attachment_6099\" aria-describedby=\"caption-attachment-6099\" style=\"width: 300px\" class=\"wp-caption alignleft\"><a href=\"https:\/\/ua-protector.com\/fr\/protectors\/\"><img fetchpriority=\"high\" decoding=\"async\" class=\"wp-image-6099 size-medium\" src=\"https:\/\/ua-protector.com\/wp-content\/uploads\/2025\/04\/JGGQ-63-0-300x300.jpg\" alt=\"Protection contre les surtensions et les sous-tensions JGGQ-63\" width=\"300\" height=\"300\" srcset=\"https:\/\/ua-protector.com\/wp-content\/uploads\/2025\/04\/JGGQ-63-0-300x300.jpg 300w, https:\/\/ua-protector.com\/wp-content\/uploads\/2025\/04\/JGGQ-63-0-150x150.jpg 150w, https:\/\/ua-protector.com\/wp-content\/uploads\/2025\/04\/JGGQ-63-0-768x768.jpg 768w, https:\/\/ua-protector.com\/wp-content\/uploads\/2025\/04\/JGGQ-63-0-12x12.jpg 12w, https:\/\/ua-protector.com\/wp-content\/uploads\/2025\/04\/JGGQ-63-0-600x600.jpg 600w, https:\/\/ua-protector.com\/wp-content\/uploads\/2025\/04\/JGGQ-63-0-100x100.jpg 100w, https:\/\/ua-protector.com\/wp-content\/uploads\/2025\/04\/JGGQ-63-0.jpg 800w\" sizes=\"(max-width: 300px) 100vw, 300px\" \/><\/a><figcaption id=\"caption-attachment-6099\" class=\"wp-caption-text\">Protection contre les surtensions et les sous-tensions JGGQ-63<\/figcaption><\/figure>\n<p>JGGQ-63 <strong>R\u00e9initialisation automatique <a href=\"https:\/\/ua-protector.com\/fr\/protectors\/\">protection contre les surtensions et les sous-tensions <\/a><\/strong>Lorsque la ligne d'alimentation pr\u00e9sente une surtension ou une sous-tension, le protecteur peut couper rapidement et en toute s\u00e9curit\u00e9 le circuit sous l'impact continu de la haute tension afin d'\u00e9viter les accidents caus\u00e9s par une tension anormale envoy\u00e9e aux appareils \u00e9lectriques terminaux. Lorsque la tension revient \u00e0 des valeurs normales, le protecteur r\u00e9tablit automatiquement le circuit dans le d\u00e9lai sp\u00e9cifi\u00e9 afin d'assurer le fonctionnement normal des appareils \u00e9lectriques terminaux dans une situation d'absence de surveillance.<\/p>\n<p><strong>2. Caract\u00e9ristiques et environnement d'utilisation<\/strong><\/p>\n<p>1. Lorsque la sous-tension de la ligne monophas\u00e9e se produit, couper la ligne, et la tension de la ligne monophas\u00e9e reviendra \u00e0 la normale et se r\u00e9initialisera automatiquement et connectera la ligne apr\u00e8s le d\u00e9lai, sans op\u00e9ration manuelle.<\/p>\n<p>2. En cas de tension transitoire ou de surtension transitoire dans la ligne, le protecteur ne fonctionne pas mal.<\/p>\n<p>3. Lorsque la tension de la ligne est instable en raison de d\u00e9fauts tels que des faux contacts, ou lorsque l'alimentation est soudainement coup\u00e9e et que l'appel arrive soudainement, le protecteur n'est pas connect\u00e9 \u00e0 la ligne.<\/p>\n<p>4. Lorsque la tension de d\u00e9faut de ligne est la plus \u00e9lev\u00e9e, le protecteur lui-m\u00eame n'est pas endommag\u00e9.<\/p>\n<p>5. R\u00e9sistance \u00e0 la tension d'impulsion : 4kV (conform\u00e9ment aux normes de s\u00e9curit\u00e9 des appareils \u00e9lectriques de classe III).<\/p>\n<p>6. Temp\u00e9rature ambiante : -25\u00b0C~40\u00b0C, humidit\u00e9 relative : 10%~90%, altitude ne d\u00e9passant pas 2500 m\u00e8tres, et le lieu d'utilisation doit \u00eatre \u00e9quip\u00e9 d'installations \u00e9tanches \u00e0 la pluie.<\/p>\n<h2><strong>protection contre la surtension et la soustension des param\u00e8tres<\/strong><\/h2>\n<hr \/>\n<p>1. Courant nominal : 32A, 40A, 50A, 63A<\/p>\n<p>2. Tension de fonctionnement : AC230V, 50Hz<\/p>\n<p>3. Valeur de protection contre les surtensions : AC270V \u00b15V<\/p>\n<p>4. Valeur de protection contre les sous-tensions : AC170V \u00b15V<\/p>\n<p>5. Temps de r\u00e9initialisation apr\u00e8s une d\u00e9faillance : 20 secondes<\/p>\n<p>6. Temps d'action : 0,2 seconde<\/p>\n<p>7. La plus \u00e9lev\u00e9e est possible pour supporter une surtension de 380 V CA.<\/p>\n<h2><strong>protection contre les surtensions et les sous-tensions<\/strong><strong>des normes<\/strong><\/h2>\n<hr \/>\n<p>JGJ242-2011 Code pour la conception \u00e9lectrique des b\u00e2timents r\u00e9sidentiels<\/p>\n<p>JGJ\/T16-2008<\/p>\n<p>GJBT-672 Atlas normalis\u00e9 de la conception et de la construction \u00e9lectrique des b\u00e2timents r\u00e9sidentiels<\/p>\n<p>GB\/T68895.10-2001<\/p>\n<p>Conforme aux normes de s\u00e9curit\u00e9 pour les appareils \u00e9lectriques de classe III<\/p>\n<p>JB\/T12762-2015 \u300aDispositif de protection contre les surtensions et les sous-tensions avec fonction de r\u00e9enclenchement automatique\uff08<a href=\"https:\/\/www.elejg.com\/\" target=\"_blank\" rel=\"noopener\"><strong>OUPA<\/strong><\/a>)\u300b<\/p>\n<h2><strong>protection contre les surtensions et les sous-tensions<\/strong><strong> de la taille<\/strong><\/h2>\n<hr \/>\n<p><img decoding=\"async\" class=\"alignnone wp-image-6611 size-full\" src=\"https:\/\/ua-protector.com\/wp-content\/uploads\/2025\/04\/oupa\u5c3a\u5bf8.jpg\" alt=\"Protection contre les surtensions et les sous-tensions \u00e0 r\u00e9armement automatique JGGQ-63\" width=\"750\" height=\"1069\" srcset=\"https:\/\/ua-protector.com\/wp-content\/uploads\/2025\/04\/oupa\u5c3a\u5bf8.jpg 750w, https:\/\/ua-protector.com\/wp-content\/uploads\/2025\/04\/oupa\u5c3a\u5bf8-210x300.jpg 210w, https:\/\/ua-protector.com\/wp-content\/uploads\/2025\/04\/oupa\u5c3a\u5bf8-718x1024.jpg 718w, https:\/\/ua-protector.com\/wp-content\/uploads\/2025\/04\/oupa\u5c3a\u5bf8-8x12.jpg 8w, https:\/\/ua-protector.com\/wp-content\/uploads\/2025\/04\/oupa\u5c3a\u5bf8-600x855.jpg 600w\" sizes=\"(max-width: 750px) 100vw, 750px\" \/><\/p>\n<p>&nbsp;<\/p>\n<h1 class=\"elementor-heading-title elementor-size-default\"><span style=\"color: #0000ff;\">Contactez-nous d\u00e8s maintenant, des \u00e9chantillons gratuits sont disponibles<\/span><\/h1>\n<p>Pour obtenir plus d'informations sur nos produits et services, vous recevrez une r\u00e9ponse d'un expert en \u00e9lectricit\u00e9.<\/p>\n<p>Mob\/WhatsApp\/WeChat\/Wang : +86 18958900126<br \/>\nEmail professionnel\uff1a<strong>sales@tokeep.net<br \/>\n<\/strong>Adresse \u00e9lectronique de la technologie :\u00a0<strong>tokeepcc@gmail.com<\/strong><strong><br \/>\n<\/strong>Courriel personnel :<strong>\u00a0wxj7607@126.com<\/strong><\/p>\n<p><img decoding=\"async\" class=\"alignnone wp-image-5833 size-full\" src=\"https:\/\/ua-protector.com\/wp-content\/uploads\/2025\/04\/whateapp-1.jpg\" sizes=\"(max-width: 573px) 100vw, 573px\" srcset=\"https:\/\/ua-protector.com\/wp-content\/uploads\/2025\/04\/whateapp-1.jpg 573w, https:\/\/ua-protector.com\/wp-content\/uploads\/2025\/04\/whateapp-1-300x169.jpg 300w, https:\/\/ua-protector.com\/wp-content\/uploads\/2025\/04\/whateapp-1-18x10.jpg 18w\" alt=\"\" width=\"573\" height=\"322\" \/><\/p>","protected":false},"excerpt":{"rendered":"<p>Le protecteur contre les surtensions et les sous-tensions \u00e0 r\u00e9enclenchement automatique JGGQ-63 adopte un circuit de contr\u00f4le avec un processeur haute vitesse \u00e0 faible consommation comme noyau, un relais magn\u00e9tique \u00e0 verrouillage comme circuit principal, et une conception standard modulaire, lorsque la ligne d'alimentation \u00e9lectrique pr\u00e9sente une surtension ou une sous-tension, Lorsque la ligne d'alimentation appara\u00eet en surtension et en sous-tension, le protecteur peut rapidement et en toute s\u00e9curit\u00e9 couper le circuit sous l'impact continu de la haute tension afin d'\u00e9viter les accidents caus\u00e9s par une tension anormale envoy\u00e9e aux appareils \u00e9lectriques terminaux. Lorsque la tension revient \u00e0 des valeurs normales, le protecteur rallume automatiquement le circuit dans le d\u00e9lai sp\u00e9cifi\u00e9 afin d'assurer le fonctionnement normal des appareils terminaux en situation d'absence de surveillance.<\/p>","protected":false},"featured_media":6099,"template":"","meta":{"_acf_changed":false,"site-sidebar-layout":"default","site-content-layout":"","ast-site-content-layout":"default","site-content-style":"default","site-sidebar-style":"default","ast-global-header-display":"","ast-banner-title-visibility":"","ast-main-header-display":"","ast-hfb-above-header-display":"","ast-hfb-below-header-display":"","ast-hfb-mobile-header-display":"","site-post-title":"","ast-breadcrumbs-content":"","ast-featured-img":"","footer-sml-layout":"","theme-transparent-header-meta":"default","adv-header-id-meta":"","stick-header-meta":"","header-above-stick-meta":"","header-main-stick-meta":"","header-below-stick-meta":"","astra-migrate-meta-layouts":"set","ast-page-background-enabled":"default","ast-page-background-meta":{"desktop":{"background-color":"","background-image":"","background-repeat":"repeat","background-position":"center center","background-size":"auto","background-attachment":"scroll","background-type":"","background-media":"","overlay-type":"","overlay-color":"","overlay-opacity":"","overlay-gradient":""},"tablet":{"background-color":"","background-image":"","background-repeat":"repeat","background-position":"center center","background-size":"auto","background-attachment":"scroll","background-type":"","background-media":"","overlay-type":"","overlay-color":"","overlay-opacity":"","overlay-gradient":""},"mobile":{"background-color":"","background-image":"","background-repeat":"repeat","background-position":"center center","background-size":"auto","background-attachment":"scroll","background-type":"","background-media":"","overlay-type":"","overlay-color":"","overlay-opacity":"","overlay-gradient":""}},"ast-content-background-meta":{"desktop":{"background-color":"var(--ast-global-color-5)","background-image":"","background-repeat":"repeat","background-position":"center center","background-size":"auto","background-attachment":"scroll","background-type":"","background-media":"","overlay-type":"","overlay-color":"","overlay-opacity":"","overlay-gradient":""},"tablet":{"background-color":"var(--ast-global-color-5)","background-image":"","background-repeat":"repeat","background-position":"center center","background-size":"auto","background-attachment":"scroll","background-type":"","background-media":"","overlay-type":"","overlay-color":"","overlay-opacity":"","overlay-gradient":""},"mobile":{"background-color":"var(--ast-global-color-5)","background-image":"","background-repeat":"repeat","background-position":"center center","background-size":"auto","background-attachment":"scroll","background-type":"","background-media":"","overlay-type":"","overlay-color":"","overlay-opacity":"","overlay-gradient":""}}},"product_brand":[],"product_cat":[62,56],"product_tag":[91,92,94,93,89],"class_list":{"0":"post-4437","1":"product","2":"type-product","3":"status-publish","4":"has-post-thumbnail","6":"product_cat-voltage-protector","7":"product_cat-protector","8":"product_tag-adjustable-over-and-under-voltage-protector","9":"product_tag-digital-voltage-protector","10":"product_tag-voltage-output-stabilizer-for-home-office-appliance","11":"product_tag-voltage-protector-adjustable-under-over-voltage-protection","12":"product_tag-voltage-protector-for-air-conditioner","13":"desktop-align-center","14":"tablet-align-left","15":"mobile-align-left","17":"first","18":"instock","19":"shipping-taxable","20":"product-type-simple"},"acf":[],"_links":{"self":[{"href":"https:\/\/ua-protector.com\/fr\/wp-json\/wp\/v2\/product\/4437","targetHints":{"allow":["GET"]}}],"collection":[{"href":"https:\/\/ua-protector.com\/fr\/wp-json\/wp\/v2\/product"}],"about":[{"href":"https:\/\/ua-protector.com\/fr\/wp-json\/wp\/v2\/types\/product"}],"version-history":[{"count":9,"href":"https:\/\/ua-protector.com\/fr\/wp-json\/wp\/v2\/product\/4437\/revisions"}],"predecessor-version":[{"id":6681,"href":"https:\/\/ua-protector.com\/fr\/wp-json\/wp\/v2\/product\/4437\/revisions\/6681"}],"wp:featuredmedia":[{"embeddable":true,"href":"https:\/\/ua-protector.com\/fr\/wp-json\/wp\/v2\/media\/6099"}],"wp:attachment":[{"href":"https:\/\/ua-protector.com\/fr\/wp-json\/wp\/v2\/media?parent=4437"}],"wp:term":[{"taxonomy":"product_brand","embeddable":true,"href":"https:\/\/ua-protector.com\/fr\/wp-json\/wp\/v2\/product_brand?post=4437"},{"taxonomy":"product_cat","embeddable":true,"href":"https:\/\/ua-protector.com\/fr\/wp-json\/wp\/v2\/product_cat?post=4437"},{"taxonomy":"product_tag","embeddable":true,"href":"https:\/\/ua-protector.com\/fr\/wp-json\/wp\/v2\/product_tag?post=4437"}],"curies":[{"name":"wp","href":"https:\/\/api.w.org\/{rel}","templated":true}]}}