{"id":4435,"date":"2025-04-27T02:23:54","date_gmt":"2025-04-27T02:23:54","guid":{"rendered":"https:\/\/ua-protector.com\/?post_type=product&#038;p=4435"},"modified":"2025-08-06T00:23:06","modified_gmt":"2025-08-06T07:23:06","slug":"intelligent-current-voltage-protector","status":"publish","type":"product","link":"https:\/\/ua-protector.com\/fr\/produit\/protecteur\/protecteur-limiteur-de-courant-ignifuge\/protecteur-intelligent-de-courant-et-de-tension\/","title":{"rendered":"Protecteur de tension intelligent \u00e0 limitation de courant JGIV-63S"},"content":{"rendered":"<h3><strong>Pr\u00e9sentation du produit<\/strong><\/h3>\n<hr \/>\n<figure id=\"attachment_4506\" aria-describedby=\"caption-attachment-4506\" style=\"width: 150px\" class=\"wp-caption alignleft\"><img decoding=\"async\" class=\"wp-image-4506 size-thumbnail\" src=\"https:\/\/ua-protector.com\/wp-content\/uploads\/2025\/04\/JGXL-63-S-2-150x150.jpg\" alt=\"protecteur de tension pour la maison\" width=\"150\" height=\"150\" srcset=\"https:\/\/ua-protector.com\/wp-content\/uploads\/2025\/04\/JGXL-63-S-2-150x150.jpg 150w, https:\/\/ua-protector.com\/wp-content\/uploads\/2025\/04\/JGXL-63-S-2-300x300.jpg 300w, https:\/\/ua-protector.com\/wp-content\/uploads\/2025\/04\/JGXL-63-S-2-100x100.jpg 100w, https:\/\/ua-protector.com\/wp-content\/uploads\/2025\/04\/JGXL-63-S-2-600x600.jpg 600w, https:\/\/ua-protector.com\/wp-content\/uploads\/2025\/04\/JGXL-63-S-2-768x768.jpg 768w, https:\/\/ua-protector.com\/wp-content\/uploads\/2025\/04\/JGXL-63-S-2.jpg 800w\" sizes=\"(max-width: 150px) 100vw, 150px\" \/><figcaption id=\"caption-attachment-4506\" class=\"wp-caption-text\">protecteur de tension pour la maison<\/figcaption><\/figure>\n<p><a href=\"https:\/\/ua-protector.com\/fr\/categorie-produit\/produit\/\"> \u00a0Protecteur de tension pour la maison<\/a> Le protecteur de surtension \u00e0 limitation de courant intelligent est un ensemble de fonctions de protection contre la surtension, la sous-tension et la surintensit\u00e9 d'un protecteur complet, produit modulaire, intelligent, visualis\u00e9, protection contre la surtension, la sous-tension et la surintensit\u00e9 du produit, tous les param\u00e8tres de protection peuvent \u00eatre r\u00e9gl\u00e9s, lorsque la ligne est en surtension ou en surintensit\u00e9. <a href=\"https:\/\/elejg.com\/\" target=\"_blank\" rel=\"noopener\">surtension<\/a>En cas de panne, de sous-tension, de surintensit\u00e9 ou d'autres d\u00e9fauts, le protecteur peut couper instantan\u00e9ment l'alimentation \u00e9lectrique, prot\u00e9ger l'\u00e9quipement \u00e9lectrique et l'emp\u00eacher d'\u00eatre endommag\u00e9.<\/p>\n<p>\u3002 Cette s\u00e9rie de produits a une structure compacte et une belle apparence, et est install\u00e9e sur des rails de guidage standard.<\/p>\n<h3><strong>\u00a0Protecteur de tension de Conditions de travail<\/strong><\/h3>\n<hr \/>\n<table style=\"border-collapse: collapse; width: 249.03pt;\" border=\"0\" width=\"332\" cellspacing=\"0\" cellpadding=\"0\">\n<tbody>\n<tr style=\"height: 13.50pt;\">\n<td class=\"et2\" style=\"height: 13.50pt; width: 159.40pt;\" width=\"212\" height=\"18\">Type<\/td>\n<td class=\"et3\" style=\"width: 89.95pt;\" width=\"119\">JGIV-63S<\/td>\n<\/tr>\n<tr style=\"height: 13.50pt;\">\n<td class=\"et4\" style=\"height: 13.50pt;\" height=\"18\">Plage de r\u00e9glage actuelle<\/td>\n<td class=\"et4\"><span class=\"font2\">63A(2<\/span><span class=\"font3\">~<\/span><span class=\"font2\">63A)<\/span><\/td>\n<\/tr>\n<tr style=\"height: 13.50pt;\">\n<td class=\"et4\" style=\"height: 13.50pt;\" height=\"18\">Plage de r\u00e9glage de la surtension<\/td>\n<td class=\"et4\"><span class=\"font2\">AC270V(210<\/span><span class=\"font3\">~<\/span><span class=\"font2\">300V)<\/span><\/td>\n<\/tr>\n<tr style=\"height: 13.50pt;\">\n<td class=\"et4\" style=\"height: 13.50pt;\" height=\"18\">Plage de r\u00e9glage de la sous-tension<\/td>\n<td class=\"et4\"><span class=\"font2\">AC170V(80<\/span><span class=\"font3\">~<\/span><span class=\"font2\">200V)<\/span><\/td>\n<\/tr>\n<\/tbody>\n<\/table>\n<p>1. La temp\u00e9rature ambiante ne d\u00e9passe pas +40 \u00b0C, n'est pas inf\u00e9rieure \u00e0 -5 \u00b0C et la temp\u00e9rature moyenne sur 24 heures ne d\u00e9passe pas +35 \u00b0C ; \u00e0 +40 \u00b0C, l'humidit\u00e9 de l'air ambiant ne d\u00e9passe pas 50% ;<\/p>\n<p>2. La hauteur du cadran de la mer sur le site de l'installation ne doit pas d\u00e9passer 2000 m\u00e8tres.<\/p>\n<p>3. Niveau de pollution 3<\/p>\n<p>4. Dans l'environnement d'installation, il n'y a pas de milieu \u00e0 risque d'explosion, pas de gaz ni de poussi\u00e8res conductrices qui corrodent et d\u00e9truisent l'isolation, et pas d'endroits envahis par la pluie ou la neige.<\/p>\n<h3><strong>Troisi\u00e8mement, les principaux param\u00e8tres techniques<\/strong><\/h3>\n<hr \/>\n<p>1. Tension de fonctionnement : AC230V, 50Hz ;<\/p>\n<p>2. Courant nominal : 40A Plage de r\u00e9glage de 1 \u00e0 40A ;<\/p>\n<p>Le r\u00e9glage de 80A est compris entre 1 et 80A ;<\/p>\n<p>3. Valeur de protection contre les surtensions : AC270V, plage de r\u00e9glage de 220 \u00e0 300V ;<\/p>\n<p>4. Valeur de protection contre les surtensions : AC170V plage de r\u00e9glage de 140 \u00e0 200V ;<\/p>\n<p>5. Fermeture automatique avec un d\u00e9lai d'une seconde pour la premi\u00e8re mise sous tension normale ;<\/p>\n<p>6. En cas de surtension, de sous-tension et de surintensit\u00e9 lors de la premi\u00e8re mise sous tension, le produit sera automatiquement d\u00e9connect\u00e9 dans les 3 secondes ;<\/p>\n<p>7. Temps de r\u00e9initialisation apr\u00e8s une d\u00e9faillance : 20 secondes ;<\/p>\n<p>8. Dur\u00e9e de vie m\u00e9canique \u2265 100 000 fois ;<\/p>\n<p>9. M\u00e9thode de c\u00e2blage du produit : entr\u00e9e et sortie de la ligne, entr\u00e9e et sortie de la ligne, connexion par d\u00e9faut.<\/p>\n<p>Le mode ligne est en bas de la ligne et la ligne est hors service ;<\/p>\n<p>10. Consommation \u00e9lectrique du produit lui-m\u00eame : \u22642W<\/p>\n<p>11. La capacit\u00e9 de c\u00e2blage est de 16 m\u00e8tres carr\u00e9s<\/p>\n<h3><strong>Quatri\u00e8mement, la fonction cl\u00e9<\/strong><\/h3>\n<hr \/>\n<p>1. Bouton de r\u00e9glage : Appuyez sur la touche de r\u00e9glage et maintenez-la enfonc\u00e9e pendant 2 secondes pour passer \u00e0 l'\u00e9tat de r\u00e9glage. Une fois l'\u00e9tat de r\u00e9glage atteint, appuyez sur la touche pour passer au menu de r\u00e9glage suivant \u00e0 chaque fois ;<\/p>\n<p>2. Touche Haut : Interroge les param\u00e8tres de r\u00e9glage du fonctionnement actuel du produit et augmente les param\u00e8tres de la valeur de r\u00e9glage dans l'\u00e9tat de r\u00e9glage ;<\/p>\n<p>3. Bouton bas : demande les derni\u00e8res informations de d\u00e9faut du produit et r\u00e9duit le param\u00e8tre de la valeur r\u00e9gl\u00e9e dans l'\u00e9tat de r\u00e9glage ;<\/p>\n<p>4. Bouton de r\u00e9initialisation : lorsque la premi\u00e8re surintensit\u00e9 est g\u00e9n\u00e9r\u00e9e, le produit se ferme automatiquement apr\u00e8s le temps de r\u00e9initialisation sp\u00e9cifi\u00e9 dans le d\u00e9lai, et lorsque la deuxi\u00e8me surintensit\u00e9 doit \u00eatre d\u00e9termin\u00e9e que la charge n'est pas surcharg\u00e9e, appuyez manuellement sur le bouton de r\u00e9initialisation pour fermer le produit, et appuyez sur le bouton de r\u00e9initialisation pour sauvegarder et quitter l'\u00e9tat de r\u00e9glage lors du r\u00e9glage de l'\u00e9tat.<\/p>\n<h3><strong>Protecteur de tension des param\u00e8tres du produit<\/strong><\/h3>\n<hr \/>\n<p>1. Appuyez sur le bouton de r\u00e9glage et maintenez-le enfonc\u00e9 pendant 2 secondes pour entrer dans l'\u00e9tat de r\u00e9glage et afficher la valeur de r\u00e9glage de la surtension UH270. La plage de r\u00e9glage est de 200 \u00e0 300 et la valeur de protection par d\u00e9faut de la surtension est AC270V ;<\/p>\n<p>2. Appuyez sur le bouton haut ou bas pour modifier la valeur de protection requise pour la surtension ;<\/p>\n<p>3. Appuyez sur le bouton de r\u00e9glage pour entrer dans le menu suivant, la valeur de r\u00e9glage de la sous-tension est UL170, et la plage de r\u00e9glage est 140-200 ; valeur de protection par d\u00e9faut de la sous-tension AC170V ;<\/p>\n<p>4. Appuyez sur le bouton haut ou bas pour modifier la valeur de protection requise pour la sous-tension ;<\/p>\n<p>5. Appuyez sur le bouton de r\u00e9glage pour acc\u00e9der au menu suivant, la valeur de r\u00e9glage de la protection contre les sous-tensions est Ut1, la plage de r\u00e9glage est de 1-120 secondes, et la valeur par d\u00e9faut est de 1 seconde ;<\/p>\n<p>6. Appuyez sur le bouton haut ou bas pour modifier la valeur de protection requise pour la surtension ;<\/p>\n<p>7. Appuyez sur le bouton de r\u00e9glage pour acc\u00e9der au menu suivant, la valeur de r\u00e9glage de la protection du courant nominal est In63, la plage de r\u00e9glage est 1-80A, et la valeur par d\u00e9faut est 40A ou 63A ;<\/p>\n<p>9. Appuyez sur le bouton haut ou bas pour modifier la valeur de protection requise pour la surintensit\u00e9 ;<\/p>\n<p>10. Appuyez sur le bouton de r\u00e9glage pour acc\u00e9der au menu suivant, r\u00e9glez le temps de la protection contre les surintensit\u00e9s Int20, r\u00e9glez la plage de 1 \u00e0 120 secondes, et la valeur par d\u00e9faut est de 20 secondes ;<\/p>\n<p>11. Appuyez sur le bouton haut ou bas pour modifier le temps de protection requis pour la surintensit\u00e9 ;<\/p>\n<p>12. Appuyez sur le bouton de r\u00e9glage pour acc\u00e9der au menu suivant, et le temps de r\u00e9initialisation automatique Adt20 apr\u00e8s la panne, la plage de r\u00e9glage est de 1-120 secondes, et la valeur par d\u00e9faut est de 20 secondes ;<\/p>\n<p>13. Appuyez sur la touche haut ou bas pour modifier l'heure de r\u00e9initialisation automatique ;<\/p>\n<p>14. Une fois le r\u00e9glage termin\u00e9, appuyez sur le bouton de r\u00e9initialisation pour sauvegarder et revenir \u00e0 l'affichage du courant et de la tension r\u00e9els.<\/p>\n<h3><strong>Description du panel<\/strong><\/h3>\n<hr \/>\n<p><img fetchpriority=\"high\" decoding=\"async\" class=\"alignnone wp-image-5539\" src=\"https:\/\/ua-protector.com\/wp-content\/uploads\/2025\/04\/\u9762\u677f\u8bf4\u660e-\u82f1\u6587.jpg\" alt=\"\" width=\"800\" height=\"577\" srcset=\"https:\/\/ua-protector.com\/wp-content\/uploads\/2025\/04\/\u9762\u677f\u8bf4\u660e-\u82f1\u6587.jpg 1343w, https:\/\/ua-protector.com\/wp-content\/uploads\/2025\/04\/\u9762\u677f\u8bf4\u660e-\u82f1\u6587-300x216.jpg 300w, https:\/\/ua-protector.com\/wp-content\/uploads\/2025\/04\/\u9762\u677f\u8bf4\u660e-\u82f1\u6587-1024x739.jpg 1024w, https:\/\/ua-protector.com\/wp-content\/uploads\/2025\/04\/\u9762\u677f\u8bf4\u660e-\u82f1\u6587-768x554.jpg 768w, https:\/\/ua-protector.com\/wp-content\/uploads\/2025\/04\/\u9762\u677f\u8bf4\u660e-\u82f1\u6587-18x12.jpg 18w, https:\/\/ua-protector.com\/wp-content\/uploads\/2025\/04\/\u9762\u677f\u8bf4\u660e-\u82f1\u6587-600x433.jpg 600w\" sizes=\"(max-width: 800px) 100vw, 800px\" \/><\/p>\n<p>&nbsp;<\/p>\n<p><img decoding=\"async\" class=\"alignnone wp-image-5538 size-full\" src=\"https:\/\/ua-protector.com\/wp-content\/uploads\/2025\/04\/\u4ea7\u54c1\u5c3a\u5bf8.jpg\" alt=\"\" width=\"700\" height=\"437\" srcset=\"https:\/\/ua-protector.com\/wp-content\/uploads\/2025\/04\/\u4ea7\u54c1\u5c3a\u5bf8.jpg 700w, https:\/\/ua-protector.com\/wp-content\/uploads\/2025\/04\/\u4ea7\u54c1\u5c3a\u5bf8-300x187.jpg 300w, https:\/\/ua-protector.com\/wp-content\/uploads\/2025\/04\/\u4ea7\u54c1\u5c3a\u5bf8-18x12.jpg 18w, https:\/\/ua-protector.com\/wp-content\/uploads\/2025\/04\/\u4ea7\u54c1\u5c3a\u5bf8-600x375.jpg 600w\" sizes=\"(max-width: 700px) 100vw, 700px\" \/><\/p>\n<h2>Il devrait y avoir un plan<\/h2>\n<hr \/>\n<figure id=\"attachment_6111\" class=\"wp-caption alignleft\" aria-describedby=\"caption-attachment-6111\"><img loading=\"lazy\" decoding=\"async\" class=\"wp-image-6111 size-full\" src=\"https:\/\/ua-protector.com\/wp-content\/uploads\/2025\/04\/%E6%8E%A5%E7%BA%BF%E5%9B%BE-%E8%BF%87%E6%AC%A0%E5%8E%8B-3.jpg\" sizes=\"(max-width: 600px) 100vw, 600px\" srcset=\"https:\/\/ua-protector.com\/wp-content\/uploads\/2025\/04\/\u63a5\u7ebf\u56fe-\u8fc7\u6b20\u538b-3.jpg 600w, https:\/\/ua-protector.com\/wp-content\/uploads\/2025\/04\/\u63a5\u7ebf\u56fe-\u8fc7\u6b20\u538b-3-159x300.jpg 159w, https:\/\/ua-protector.com\/wp-content\/uploads\/2025\/04\/\u63a5\u7ebf\u56fe-\u8fc7\u6b20\u538b-3-542x1024.jpg 542w, https:\/\/ua-protector.com\/wp-content\/uploads\/2025\/04\/\u63a5\u7ebf\u56fe-\u8fc7\u6b20\u538b-3-6x12.jpg 6w\" alt=\"protecteurs contre la surtension et la soustension\" width=\"600\" height=\"1133\" \/><figcaption id=\"caption-attachment-6111\" class=\"wp-caption-text\">protecteurs contre la surtension et la soustension<\/figcaption><\/figure>\n<h3 data-slate-node=\"element\"><span class=\"null hover-sent\" style=\"color: #ff0000;\" data-slate-leaf=\"true\" data-sent-id=\"ejrkgDPYqe\">Avertissement :<\/span><\/h3>\n<div data-slate-node=\"element\"><span data-slate-node=\"text\"><span class=\"null hover-sent\" data-slate-leaf=\"true\" data-sent-id=\"ejrkgDPYqe\">Les fils N et L ne doivent pas \u00eatre mal raccord\u00e9s.<\/span><\/span><\/div>\n<div data-slate-node=\"element\" data-slate-fragment=\"JTVCJTdCJTIydHlwZSUyMiUzQSUyMnBhcmFncmFwaCUyMiUyQyUyMmNoaWxkcmVuJTIyJTNBJTVCJTdCJTIyaWQlMjIlM0ElMjJlanJrZ0RQWXFlJTIyJTJDJTIycGFyYUlkeCUyMiUzQTElMkMlMjJzcmMlMjIlM0ElMjJBdHRlbnRpb24lM0ElMjBUaGUlMjBOJTIwYW5kJTIwTCUyMHdpcmVzJTIwbXVzdCUyMG5vdCUyMGJlJTIwY29ubmVjdGVkJTIwaW5jb3JyZWN0bHkuJTIyJTJDJTIyZHN0JTIyJTNBJTIyJUU2JUIzJUE4JUU2JTg0JThGJUVGJUJDJTlBTiVFNSU5MiU4Q0wlRTclQkElQkYlRTQlQjglOEQlRTUlQkUlOTclRTglQkYlOUUlRTYlOEUlQTUlRTklOTQlOTklRTglQUYlQUYlRTMlODAlODIlMjIlMkMlMjJtZXRhZGF0YSUyMiUzQSUyMiUyMiUyQyUyMm1hdGNoZXMlMjIlM0FudWxsJTJDJTIybWV0YURhdGElMjIlM0ElNUIlNUQlMkMlMjJ0ZXh0JTIyJTNBJTIyVGhlJTIwTiUyMGFuZCUyMEwlMjB3aXJlcyUyMG11c3QlMjBub3QlMjBiZSUyMGNvbm5lY3RlZCUyMGluY29ycmVjdGx5LiUyMiU3RCU1RCU3RCUyQyU3QiUyMnR5cGUlMjIlM0ElMjJwYXJhZ3JhcGglMjIlMkMlMjJjaGlsZHJlbiUyMiUzQSU1QiU3QiUyMmlkJTIyJTNBJTIyVk5ETmRqOUFiQiUyMiUyQyUyMnBhcmFJZHglMjIlM0EyJTJDJTIyc3JjJTIyJTNBJTIyQWxsJTIwdGVybWluYWxzJTIwbXVzdCUyMGJlJTIwdGlnaHRlbmVkJTIwdG8lMjBwcmV2ZW50JTIwZmFsc2UlMjBjb25uZWN0aW9ucyUyMHRoYXQlMjBjb3VsZCUyMGJ1cm4lMjBvdXQlMjB0aGUlMjBwcm90ZWN0b3IuJTIyJTJDJTIyZHN0JTIyJTNBJTIyJUU2JTg5JTgwJUU2JTlDJTg5JUU3JUFCJUFGJUU1JUFEJTkwJUU1JUJGJTg1JUU5JUExJUJCJUU2JThCJUE3JUU3JUI0JUE3JUVGJUJDJThDJUU0JUJCJUE1JUU5JTk4JUIyJUU2JUFEJUEyJUU1JThGJUFGJUU4JTgzJUJEJUU3JTgzJUE3JUU1JTlEJThGJUU0JUJGJTlEJUU2JThBJUE0JUU1JTk5JUE4JUU3JTlBJTg0JUU5JTk0JTk5JUU4JUFGJUFGJUU4JUJGJTlFJUU2JThFJUE1JUUzJTgwJTgyJTIyJTJDJTIybWV0YWRhdGElMjIlM0ElMjIlMjIlMkMlMjJtYXRjaGVzJTIyJTNBbnVsbCUyQyUyMm1ldGFEYXRhJTIyJTNBJTVCJTVEJTJDJTIydGV4dCUyMiUzQSUyMkFsbCUyMHRlcm1pbmFscyUyMG11c3QlMjBiZSUyMHRpZ2h0ZW5lZCUyMHRvJTIwcHJldmVudCUyMGZhbHNlJTIwY29ubmVjdGlvbnMlMjB0aGF0JTIwY291bGQlMjBidXJuJTIwb3V0JTIwdGhlJTIwcHJvdGVjdG9yLiUyMiU3RCU1RCU3RCU1RA==\"><span data-slate-node=\"text\"><span class=\"null\" data-slate-leaf=\"true\" data-sent-id=\"VNDNdj9AbB\">Toutes les bornes doivent \u00eatre serr\u00e9es afin d'\u00e9viter les faux raccordements qui pourraient griller le protecteur.<\/span><\/span><\/div>\n<h2><strong>Informations sur le paquet standard<\/strong><\/h2>\n<hr \/>\n<p>&nbsp;<\/p>\n<p><img loading=\"lazy\" decoding=\"async\" class=\"alignnone size-medium wp-image-5943\" src=\"https:\/\/ua-protector.com\/wp-content\/uploads\/2025\/04\/45.5-23.5-31.5-box-300x300.jpg\" sizes=\"(max-width: 300px) 100vw, 300px\" srcset=\"https:\/\/ua-protector.com\/wp-content\/uploads\/2025\/04\/45.5-23.5-31.5-box-300x300.jpg 300w, https:\/\/ua-protector.com\/wp-content\/uploads\/2025\/04\/45.5-23.5-31.5-box-150x150.jpg 150w, https:\/\/ua-protector.com\/wp-content\/uploads\/2025\/04\/45.5-23.5-31.5-box-12x12.jpg 12w, https:\/\/ua-protector.com\/wp-content\/uploads\/2025\/04\/45.5-23.5-31.5-box-600x600.jpg 600w, https:\/\/ua-protector.com\/wp-content\/uploads\/2025\/04\/45.5-23.5-31.5-box-100x100.jpg 100w, https:\/\/ua-protector.com\/wp-content\/uploads\/2025\/04\/45.5-23.5-31.5-box.jpg 750w\" alt=\"\" width=\"300\" height=\"300\" \/><\/p>\n<table style=\"border-collapse: collapse; width: 392px; height: 152px;\" border=\"0\" width=\"459\" cellspacing=\"0\" cellpadding=\"0\">\n<tbody>\n<tr style=\"height: 33.00pt;\">\n<td class=\"et2\" style=\"height: 33.00pt; width: 143.90pt;\" width=\"191\" height=\"44\">Dimension du carton (cm)<\/td>\n<td class=\"et2\" style=\"width: 54.00pt;\" width=\"72\">Liste de colisage<\/td>\n<td class=\"et2\" style=\"width: 54.00pt;\" width=\"72\">QT\u00c9<\/td>\n<td class=\"et2\" style=\"width: 92.80pt;\" width=\"123\">Poids brut (kg)<\/td>\n<\/tr>\n<tr style=\"height: 49.50pt;\">\n<td class=\"et2\" style=\"height: 49.50pt; width: 143.90pt;\" width=\"191\" height=\"66\">45,5cm \u00d7 23,5cm \u00d7 31,5cm<\/td>\n<td class=\"et2\" style=\"width: 54.00pt;\" width=\"72\">protecteur de comptage<\/td>\n<td class=\"et2\" style=\"width: 54.00pt;\" width=\"72\">120pcs<\/td>\n<td class=\"et2\" style=\"width: 92.80pt;\" width=\"123\">20 kg<\/td>\n<\/tr>\n<\/tbody>\n<\/table>\n<p>&nbsp;<\/p>\n<hr \/>\n<h1 class=\"elementor-heading-title elementor-size-default\"><span style=\"color: #0000ff;\">Contactez-nous d\u00e8s maintenant, des \u00e9chantillons gratuits sont disponibles<\/span><\/h1>\n<p>Pour obtenir plus d'informations sur nos produits et services, vous recevrez une r\u00e9ponse d'un expert en \u00e9lectricit\u00e9.<\/p>\n<p>Mob\/WhatsApp\/<strong>WeChat\/<\/strong>Wang : +86 18958900126<br \/>\nEmail professionnel\uff1a<strong>sales@tokeep.net<br \/>\n<\/strong>Adresse \u00e9lectronique de la technologie :\u00a0<strong>tokeepcc@gmail.com<\/strong><strong><br \/>\n<\/strong>Courriel personnel :<strong>\u00a0wxj7607@126.com<\/strong><\/p>\n<p><img loading=\"lazy\" decoding=\"async\" class=\"alignnone wp-image-5833 size-full\" src=\"https:\/\/ua-protector.com\/wp-content\/uploads\/2025\/04\/whateapp-1.jpg\" sizes=\"(max-width: 573px) 100vw, 573px\" srcset=\"https:\/\/ua-protector.com\/wp-content\/uploads\/2025\/04\/whateapp-1.jpg 573w, https:\/\/ua-protector.com\/wp-content\/uploads\/2025\/04\/whateapp-1-300x169.jpg 300w, https:\/\/ua-protector.com\/wp-content\/uploads\/2025\/04\/whateapp-1-18x10.jpg 18w\" alt=\"\" width=\"573\" height=\"322\" \/><\/p>","protected":false},"excerpt":{"rendered":"<p><a href=\"https:\/\/ua-protector.com\/fr\/categorie-produit\/produit\/\">\u00a0Protecteur de tension<\/a> Le protecteur contre les surtensions et les sous-tensions de type limiteur de courant intelligent est un ensemble de fonctions de protection contre les surtensions, les sous-tensions et les surintensit\u00e9s d'un protecteur complet, modulaire, intelligent, visualis\u00e9, de protection contre les surtensions, les sous-tensions et les surintensit\u00e9s, tous les param\u00e8tres de protection peuvent \u00eatre r\u00e9gl\u00e9s, lorsque la surtension, la sous-tension, la surintensit\u00e9 et d'autres d\u00e9fauts surviennent, le protecteur peut instantan\u00e9ment couper l'alimentation, prot\u00e9ger l'\u00e9quipement \u00e9lectrique intact et non endommag\u00e9.<br \/>\n<strong>Instructions \uff1a<\/strong><a href=\"https:\/\/ua-protector.com\/wp-content\/uploads\/2025\/04\/JGIV-63Svoltage-protector-1PN.pdf\"> protecteur de tension JGIV-63SManuel<\/a><\/p>","protected":false},"featured_media":4506,"template":"","meta":{"_acf_changed":false,"site-sidebar-layout":"default","site-content-layout":"","ast-site-content-layout":"default","site-content-style":"default","site-sidebar-style":"default","ast-global-header-display":"","ast-banner-title-visibility":"","ast-main-header-display":"","ast-hfb-above-header-display":"","ast-hfb-below-header-display":"","ast-hfb-mobile-header-display":"","site-post-title":"","ast-breadcrumbs-content":"","ast-featured-img":"","footer-sml-layout":"","theme-transparent-header-meta":"default","adv-header-id-meta":"","stick-header-meta":"","header-above-stick-meta":"","header-main-stick-meta":"","header-below-stick-meta":"","astra-migrate-meta-layouts":"set","ast-page-background-enabled":"default","ast-page-background-meta":{"desktop":{"background-color":"","background-image":"","background-repeat":"repeat","background-position":"center center","background-size":"auto","background-attachment":"scroll","background-type":"","background-media":"","overlay-type":"","overlay-color":"","overlay-opacity":"","overlay-gradient":""},"tablet":{"background-color":"","background-image":"","background-repeat":"repeat","background-position":"center center","background-size":"auto","background-attachment":"scroll","background-type":"","background-media":"","overlay-type":"","overlay-color":"","overlay-opacity":"","overlay-gradient":""},"mobile":{"background-color":"","background-image":"","background-repeat":"repeat","background-position":"center center","background-size":"auto","background-attachment":"scroll","background-type":"","background-media":"","overlay-type":"","overlay-color":"","overlay-opacity":"","overlay-gradient":""}},"ast-content-background-meta":{"desktop":{"background-color":"var(--ast-global-color-5)","background-image":"","background-repeat":"repeat","background-position":"center center","background-size":"auto","background-attachment":"scroll","background-type":"","background-media":"","overlay-type":"","overlay-color":"","overlay-opacity":"","overlay-gradient":""},"tablet":{"background-color":"var(--ast-global-color-5)","background-image":"","background-repeat":"repeat","background-position":"center center","background-size":"auto","background-attachment":"scroll","background-type":"","background-media":"","overlay-type":"","overlay-color":"","overlay-opacity":"","overlay-gradient":""},"mobile":{"background-color":"var(--ast-global-color-5)","background-image":"","background-repeat":"repeat","background-position":"center center","background-size":"auto","background-attachment":"scroll","background-type":"","background-media":"","overlay-type":"","overlay-color":"","overlay-opacity":"","overlay-gradient":""}}},"product_brand":[],"product_cat":[65,70,55,56,62,69],"product_tag":[91,96,92,95,94,93],"class_list":{"0":"post-4435","1":"product","2":"type-product","3":"status-publish","4":"has-post-thumbnail","6":"product_cat-fireproof-current-limiting-protector","7":"product_cat-small-ammeter","8":"product_cat-meter","9":"product_cat-protector","10":"product_cat-voltage-protector","11":"product_cat-small-voltmeter","12":"product_tag-adjustable-over-and-under-voltage-protector","13":"product_tag-adjustable-voltage-protector-settings","14":"product_tag-digital-voltage-protector","15":"product_tag-protector-current-stabilizer-voltmeter-for-house-protection63a","16":"product_tag-voltage-output-stabilizer-for-home-office-appliance","17":"product_tag-voltage-protector-adjustable-under-over-voltage-protection","18":"desktop-align-center","19":"tablet-align-left","20":"mobile-align-left","22":"first","23":"instock","24":"featured","25":"shipping-taxable","26":"product-type-simple"},"acf":[],"_links":{"self":[{"href":"https:\/\/ua-protector.com\/fr\/wp-json\/wp\/v2\/product\/4435","targetHints":{"allow":["GET"]}}],"collection":[{"href":"https:\/\/ua-protector.com\/fr\/wp-json\/wp\/v2\/product"}],"about":[{"href":"https:\/\/ua-protector.com\/fr\/wp-json\/wp\/v2\/types\/product"}],"version-history":[{"count":13,"href":"https:\/\/ua-protector.com\/fr\/wp-json\/wp\/v2\/product\/4435\/revisions"}],"predecessor-version":[{"id":6679,"href":"https:\/\/ua-protector.com\/fr\/wp-json\/wp\/v2\/product\/4435\/revisions\/6679"}],"wp:featuredmedia":[{"embeddable":true,"href":"https:\/\/ua-protector.com\/fr\/wp-json\/wp\/v2\/media\/4506"}],"wp:attachment":[{"href":"https:\/\/ua-protector.com\/fr\/wp-json\/wp\/v2\/media?parent=4435"}],"wp:term":[{"taxonomy":"product_brand","embeddable":true,"href":"https:\/\/ua-protector.com\/fr\/wp-json\/wp\/v2\/product_brand?post=4435"},{"taxonomy":"product_cat","embeddable":true,"href":"https:\/\/ua-protector.com\/fr\/wp-json\/wp\/v2\/product_cat?post=4435"},{"taxonomy":"product_tag","embeddable":true,"href":"https:\/\/ua-protector.com\/fr\/wp-json\/wp\/v2\/product_tag?post=4435"}],"curies":[{"name":"wp","href":"https:\/\/api.w.org\/{rel}","templated":true}]}}