{"id":4433,"date":"2025-04-27T02:23:54","date_gmt":"2025-04-27T02:23:54","guid":{"rendered":"https:\/\/ua-protector.com\/?post_type=product&#038;p=4433"},"modified":"2025-08-06T01:03:56","modified_gmt":"2025-08-06T08:03:56","slug":"3-phase-4-wire-current-limiting-protector","status":"publish","type":"product","link":"https:\/\/ua-protector.com\/fr\/produit\/protecteur\/protecteur-limiteur-de-courant-ignifuge\/protecteur-limiteur-de-courant-triphase-a-4-fils\/","title":{"rendered":"Protecteur limiteur de courant triphas\u00e9 \u00e0 4 fils JGFH-125JS"},"content":{"rendered":"<h3>Pr\u00e9sentation du produit<\/h3>\n<hr \/>\n<figure id=\"attachment_4499\" aria-describedby=\"caption-attachment-4499\" style=\"width: 300px\" class=\"wp-caption alignleft\"><img fetchpriority=\"high\" decoding=\"async\" class=\"wp-image-4499 size-medium\" src=\"https:\/\/ua-protector.com\/wp-content\/uploads\/2025\/04\/JGFH-250js-0-300x300.jpg\" alt=\"Protecteur limiteur de courant triphas\u00e9 4 fils \" width=\"300\" height=\"300\" srcset=\"https:\/\/ua-protector.com\/wp-content\/uploads\/2025\/04\/JGFH-250js-0-300x300.jpg 300w, https:\/\/ua-protector.com\/wp-content\/uploads\/2025\/04\/JGFH-250js-0-100x100.jpg 100w, https:\/\/ua-protector.com\/wp-content\/uploads\/2025\/04\/JGFH-250js-0-600x600.jpg 600w, https:\/\/ua-protector.com\/wp-content\/uploads\/2025\/04\/JGFH-250js-0-150x150.jpg 150w, https:\/\/ua-protector.com\/wp-content\/uploads\/2025\/04\/JGFH-250js-0-768x768.jpg 768w, https:\/\/ua-protector.com\/wp-content\/uploads\/2025\/04\/JGFH-250js-0.jpg 800w\" sizes=\"(max-width: 300px) 100vw, 300px\" \/><figcaption id=\"caption-attachment-4499\" class=\"wp-caption-text\">Protecteur limiteur de courant triphas\u00e9 4 fils<\/figcaption><\/figure>\n<p><a href=\"https:\/\/ua-protector.com\/fr\/protectors\/\">Protecteur limiteur de courant triphas\u00e9 \u00e0 4 fils<\/a>\u00a0Le JGFH-125JS est un protecteur complet dot\u00e9 de diverses fonctions de protection telles que surtension, sous-tension, surintensit\u00e9, fuite, perte de phase et absence de z\u00e9ro. Le produit est modulaire, intelligent, visualis\u00e9, etc. et prend en charge le protocole de communication standard Modbus485, et tous les param\u00e8tres de protection tels que <a href=\"https:\/\/elejg.com\/\" target=\"_blank\" rel=\"noopener\">surtension<\/a>La protection contre les surtensions, les sous-tensions et les surintensit\u00e9s peut \u00eatre r\u00e9gl\u00e9e en fonction de la demande de puissance, de mani\u00e8re \u00e0 garantir que les surtensions, les sous-tensions, les surintensit\u00e9s, les courants de fuite, les courts-circuits, les pertes de phase, etc. ne se produisent pas sur la ligne. En cas de d\u00e9faillance, telle que l'absence de z\u00e9ro, le protecteur peut couper instantan\u00e9ment l'alimentation \u00e9lectrique afin de prot\u00e9ger l'\u00e9quipement \u00e9lectrique contre les dommages.<\/p>\n<h3>Conditions de travail<\/h3>\n<hr \/>\n<p>1. Le premier d\u00e9lai normal de mise sous tension est de 20 secondes et se ferme automatiquement ; en cas de surtension, de sous-tension, de surintensit\u00e9 et de fuite lors de la premi\u00e8re mise sous tension, le produit sera automatiquement d\u00e9connect\u00e9 dans les 3 secondes ;<\/p>\n<p>2. La temp\u00e9rature ambiante ne d\u00e9passe pas +40 \u00b0C, n'est pas inf\u00e9rieure \u00e0 -5 \u00b0C et la temp\u00e9rature moyenne sur 24 heures ne d\u00e9passe pas +35 \u00b0C ; \u00e0 +40 \u00b0C, l'humidit\u00e9 de l'air ambiant ne d\u00e9passe pas 50%.<\/p>\n<p>3. La hauteur du cadran de la mer sur le site de l'installation ne doit pas d\u00e9passer 2000 m\u00e8tres.<\/p>\n<p>4. Niveau de pollution III.<\/p>\n<p>5. Dans l'environnement d'installation, il n'y a pas de risque d'explosion, pas de gaz corrosif et isolant ni de poussi\u00e8re conductrice, et pas d'invasion de pluie ou de neige.<\/p>\n<h3><span data-slate-fragment=\"JTVCJTdCJTIydHlwZSUyMiUzQSUyMnBhcmFncmFwaCUyMiUyQyUyMmNoaWxkcmVuJTIyJTNBJTVCJTdCJTIyaWQlMjIlM0ElMjJCNEE1NjMyMWplJTIyJTJDJTIycGFyYUlkeCUyMiUzQTAlMkMlMjJzcmMlMjIlM0ElMjIzcGhhc2UlMjA0d2lyZSUyMGN1cnJlbnQlMjBsaW1pdGluZyUyMHByb3RlY3RvciUyMEpHRkgtMTI1SlMlQzIlQTBvZiUyMGFyYW1ldGVycyUyMiUyQyUyMmRzdCUyMiUzQSUyMiVFNCVCOCU4OSVFNyU5QiVCOCVFNSU5QiU5QiVFNyVCQSVCRiVFOSU5OSU5MCVFNiVCNSU4MSVFNCVCRiU5RCVFNiU4QSVBNCVFNSU5OSVBOEpHRkgtMTI1SlMlRTUlOEYlODIlRTYlOTUlQjAlMjIlMkMlMjJtZXRhZGF0YSUyMiUzQSUyMiUyMiUyQyUyMm1hdGNoZXMlMjIlM0FudWxsJTJDJTIybWV0YURhdGElMjIlM0ElNUIlNUQlMkMlMjJ0ZXh0JTIyJTNBJTIyM3BoYXNlJTIwNHdpcmUlMjBjdXJyZW50JTIwbGltaXRpbmclMjBwcm90ZWN0b3IlMjBKR0ZILTEyNUpTJUMyJUEwb2YlMjBhcmFtZXRlcnMlMjIlN0QlNUQlN0QlNUQ=\">Protecteur limiteur de courant 3 phases 4 fils JGFH-125JS de param\u00e8tres<\/span><\/h3>\n<hr \/>\n<p>a. 1 fois le temps d'action peut \u00eatre r\u00e9gl\u00e9 de 1 \u00e0 120 secondes, la valeur par d\u00e9faut \u00e9tant de 5 secondes ;<\/p>\n<p>b. 1,1 fois le temps d'action est inf\u00e9rieur \u00e0 0,1 seconde ;<\/p>\n<p>c. La valeur de protection contre les surtensions AC265V est r\u00e9gl\u00e9e dans la plage 210-300V,<\/p>\n<p>Le temps d'action est de 0,1 seconde, et la plage de r\u00e9glage : 0,1-10 secondes ;<\/p>\n<p>d. La valeur de protection contre les sous-tensions AC170V est r\u00e9gl\u00e9e sur 120-200V,<\/p>\n<p>Le temps d'action est de 0,1 seconde, et la plage de r\u00e9glage : 0,1-10 secondes ;<\/p>\n<p>e. La valeur par d\u00e9faut du d\u00e9s\u00e9quilibre triphas\u00e9 est P000, c'est-\u00e0-dire l'\u00e9tat ferm\u00e9 ;<\/p>\n<p>f. Plage de r\u00e9glage de la surintensit\u00e9<\/p>\n<p>Type JGFH-125JS\/125 : 32 \u00e0 125A<\/p>\n<p>Mod\u00e8le JGFH-250JS\/250 : 100 \u00e0 250A<\/p>\n<p>Mod\u00e8le JGFH-400JS\/400 : 160 \u00e0 400A<\/p>\n<p>g. Plage de r\u00e9glage de la valeur de protection contre le courant r\u00e9siduel : 1 \u00e0 1000mA, la valeur par d\u00e9faut est de 75mA, et le temps d'action est inf\u00e9rieur \u00e0 0,1 seconde.<\/p>\n<h3>sch\u00e9ma de c\u00e2blage auxiliaire et dimensions externes<\/h3>\n<hr \/>\n<p>&nbsp;<\/p>\n<p>&nbsp;<\/p>\n<hr \/>\n<h1 class=\"elementor-heading-title elementor-size-default\"><span style=\"color: #0000ff;\">Contactez-nous d\u00e8s maintenant, des \u00e9chantillons gratuits sont disponibles<\/span><\/h1>\n<p>Pour obtenir plus d'informations sur nos produits et services, vous recevrez une r\u00e9ponse d'un expert en \u00e9lectricit\u00e9.<\/p>\n<p>Mob\/WhatsApp\/Wang : +86 18958900126<br \/>\nEmail professionnel\uff1a<strong>sales@tokeep.net<br \/>\n<\/strong>Adresse \u00e9lectronique de la technologie :\u00a0<strong>tokeepcc@gmail.com<\/strong><strong><br \/>\n<\/strong>Courriel personnel :<strong>\u00a0wxj7607@126.com<\/strong><\/p>\n<p><img decoding=\"async\" class=\"alignnone wp-image-5833 size-full\" src=\"https:\/\/ua-protector.com\/wp-content\/uploads\/2025\/04\/whateapp-1.jpg\" sizes=\"(max-width: 573px) 100vw, 573px\" srcset=\"https:\/\/ua-protector.com\/wp-content\/uploads\/2025\/04\/whateapp-1.jpg 573w, https:\/\/ua-protector.com\/wp-content\/uploads\/2025\/04\/whateapp-1-300x169.jpg 300w, https:\/\/ua-protector.com\/wp-content\/uploads\/2025\/04\/whateapp-1-18x10.jpg 18w\" alt=\"\" width=\"573\" height=\"322\" \/><\/p>","protected":false},"excerpt":{"rendered":"<p><a href=\"https:\/\/ua-protector.com\/fr\/protectors\/\">Protecteur limiteur de courant triphas\u00e9 \u00e0 4 fils<\/a>\u00a0Le JGFH-125JS est un protecteur complet dot\u00e9 de diverses fonctions de protection telles que surtension, sous-tension, surintensit\u00e9, fuite, perte de phase et absence de z\u00e9ro. Le produit est modulaire, intelligent, visualis\u00e9, etc. et prend en charge le protocole de communication standard Modbus485, et tous les param\u00e8tres de protection tels que <a href=\"https:\/\/elejg.com\/\">surtension<\/a><\/p>","protected":false},"featured_media":4495,"template":"","meta":{"_acf_changed":false,"site-sidebar-layout":"default","site-content-layout":"","ast-site-content-layout":"default","site-content-style":"default","site-sidebar-style":"default","ast-global-header-display":"","ast-banner-title-visibility":"","ast-main-header-display":"","ast-hfb-above-header-display":"","ast-hfb-below-header-display":"","ast-hfb-mobile-header-display":"","site-post-title":"","ast-breadcrumbs-content":"","ast-featured-img":"","footer-sml-layout":"","theme-transparent-header-meta":"default","adv-header-id-meta":"","stick-header-meta":"","header-above-stick-meta":"","header-main-stick-meta":"","header-below-stick-meta":"","astra-migrate-meta-layouts":"set","ast-page-background-enabled":"default","ast-page-background-meta":{"desktop":{"background-color":"","background-image":"","background-repeat":"repeat","background-position":"center center","background-size":"auto","background-attachment":"scroll","background-type":"","background-media":"","overlay-type":"","overlay-color":"","overlay-opacity":"","overlay-gradient":""},"tablet":{"background-color":"","background-image":"","background-repeat":"repeat","background-position":"center center","background-size":"auto","background-attachment":"scroll","background-type":"","background-media":"","overlay-type":"","overlay-color":"","overlay-opacity":"","overlay-gradient":""},"mobile":{"background-color":"","background-image":"","background-repeat":"repeat","background-position":"center center","background-size":"auto","background-attachment":"scroll","background-type":"","background-media":"","overlay-type":"","overlay-color":"","overlay-opacity":"","overlay-gradient":""}},"ast-content-background-meta":{"desktop":{"background-color":"var(--ast-global-color-5)","background-image":"","background-repeat":"repeat","background-position":"center center","background-size":"auto","background-attachment":"scroll","background-type":"","background-media":"","overlay-type":"","overlay-color":"","overlay-opacity":"","overlay-gradient":""},"tablet":{"background-color":"var(--ast-global-color-5)","background-image":"","background-repeat":"repeat","background-position":"center center","background-size":"auto","background-attachment":"scroll","background-type":"","background-media":"","overlay-type":"","overlay-color":"","overlay-opacity":"","overlay-gradient":""},"mobile":{"background-color":"var(--ast-global-color-5)","background-image":"","background-repeat":"repeat","background-position":"center center","background-size":"auto","background-attachment":"scroll","background-type":"","background-media":"","overlay-type":"","overlay-color":"","overlay-opacity":"","overlay-gradient":""}}},"product_brand":[],"product_cat":[65,56,64,61,62,69],"product_tag":[],"class_list":{"0":"post-4433","1":"product","2":"type-product","3":"status-publish","4":"has-post-thumbnail","6":"product_cat-fireproof-current-limiting-protector","7":"product_cat-protector","8":"product_cat-smart-meter","9":"product_cat-switch","10":"product_cat-voltage-protector","11":"product_cat-small-voltmeter","12":"desktop-align-center","13":"tablet-align-left","14":"mobile-align-left","16":"first","17":"instock","18":"featured","19":"shipping-taxable","20":"product-type-simple"},"acf":[],"_links":{"self":[{"href":"https:\/\/ua-protector.com\/fr\/wp-json\/wp\/v2\/product\/4433","targetHints":{"allow":["GET"]}}],"collection":[{"href":"https:\/\/ua-protector.com\/fr\/wp-json\/wp\/v2\/product"}],"about":[{"href":"https:\/\/ua-protector.com\/fr\/wp-json\/wp\/v2\/types\/product"}],"version-history":[{"count":11,"href":"https:\/\/ua-protector.com\/fr\/wp-json\/wp\/v2\/product\/4433\/revisions"}],"predecessor-version":[{"id":6689,"href":"https:\/\/ua-protector.com\/fr\/wp-json\/wp\/v2\/product\/4433\/revisions\/6689"}],"wp:featuredmedia":[{"embeddable":true,"href":"https:\/\/ua-protector.com\/fr\/wp-json\/wp\/v2\/media\/4495"}],"wp:attachment":[{"href":"https:\/\/ua-protector.com\/fr\/wp-json\/wp\/v2\/media?parent=4433"}],"wp:term":[{"taxonomy":"product_brand","embeddable":true,"href":"https:\/\/ua-protector.com\/fr\/wp-json\/wp\/v2\/product_brand?post=4433"},{"taxonomy":"product_cat","embeddable":true,"href":"https:\/\/ua-protector.com\/fr\/wp-json\/wp\/v2\/product_cat?post=4433"},{"taxonomy":"product_tag","embeddable":true,"href":"https:\/\/ua-protector.com\/fr\/wp-json\/wp\/v2\/product_tag?post=4433"}],"curies":[{"name":"wp","href":"https:\/\/api.w.org\/{rel}","templated":true}]}}