{"id":4432,"date":"2025-04-27T02:23:54","date_gmt":"2025-04-27T02:23:54","guid":{"rendered":"https:\/\/ua-protector.com\/?post_type=product&#038;p=4432"},"modified":"2025-08-06T01:26:43","modified_gmt":"2025-08-06T08:26:43","slug":"current-limiting-fire-alarm-protector","status":"publish","type":"product","link":"https:\/\/ua-protector.com\/fr\/produit\/protecteur\/protecteur-limiteur-de-courant-ignifuge\/protecteur-dalarme-incendie-a-limitation-de-courant\/","title":{"rendered":"Protecteur d'alarme incendie \u00e0 limitation de courant FHXL-63"},"content":{"rendered":"<h3><strong>\u00a0Introduction<\/strong><\/h3>\n<hr \/>\n<figure id=\"attachment_4494\" aria-describedby=\"caption-attachment-4494\" style=\"width: 300px\" class=\"wp-caption alignleft\"><img fetchpriority=\"high\" decoding=\"async\" class=\"wp-image-4494 size-medium\" src=\"https:\/\/ua-protector.com\/wp-content\/uploads\/2025\/04\/FHXL-63-1-300x300.jpg\" alt=\"protecteur d&#039;alarme incendie limiteur de courant\" width=\"300\" height=\"300\" srcset=\"https:\/\/ua-protector.com\/wp-content\/uploads\/2025\/04\/FHXL-63-1-300x300.jpg 300w, https:\/\/ua-protector.com\/wp-content\/uploads\/2025\/04\/FHXL-63-1-100x100.jpg 100w, https:\/\/ua-protector.com\/wp-content\/uploads\/2025\/04\/FHXL-63-1-600x600.jpg 600w, https:\/\/ua-protector.com\/wp-content\/uploads\/2025\/04\/FHXL-63-1-150x150.jpg 150w, https:\/\/ua-protector.com\/wp-content\/uploads\/2025\/04\/FHXL-63-1-768x768.jpg 768w, https:\/\/ua-protector.com\/wp-content\/uploads\/2025\/04\/FHXL-63-1.jpg 800w\" sizes=\"(max-width: 300px) 100vw, 300px\" \/><figcaption id=\"caption-attachment-4494\" class=\"wp-caption-text\">protecteur d'alarme incendie limiteur de courant<\/figcaption><\/figure>\n<p>La s\u00e9rie FHXL-63 est la <a href=\"https:\/\/ua-protector.com\/fr\/categorie-produit\/produit\/protecteur\/protecteur-limiteur-de-courant-ignifuge\/\">protecteur d'alarme incendie limiteur de courant<\/a>\uff08<span data-slate-fragment=\"JTVCJTdCJTIydHlwZSUyMiUzQSUyMnBhcmFncmFwaCUyMiUyQyUyMmNoaWxkcmVuJTIyJTNBJTVCJTdCJTIyaWQlMjIlM0ElMjJWa0RLV2puUFd6JTIyJTJDJTIycGFyYUlkeCUyMiUzQTAlMkMlMjJzcmMlMjIlM0ElMjJjdXJyZW50JTIwbGltaXRpbmclMjBwcm90ZWN0b3IlMjIlMkMlMjJkc3QlMjIlM0ElMjIlRTklOTklOTAlRTYlQjUlODElRTQlQkYlOUQlRTYlOEElQTQlRTUlOTklQTglMjIlMkMlMjJtZXRhZGF0YSUyMiUzQSUyMiUyMiUyQyUyMm1hdGNoZXMlMjIlM0FudWxsJTJDJTIybWV0YURhdGElMjIlM0ElNUIlNUQlMkMlMjJ0ZXh0JTIyJTNBJTIyY3VycmVudCUyMGxpbWl0aW5nJTIwcHJvdGVjdG9yJTIyJTdEJTVEJTdEJTVE\">protecteur limiteur de courant\uff09<\/span>Il s'agit d'un protecteur complet dot\u00e9 de multiples fonctions de protection contre les surtensions, les sous-tensions, les surintensit\u00e9s, les fuites, la temp\u00e9rature et la d\u00e9tection de fum\u00e9e. Le produit pr\u00e9sente les avantages de la modularisation, de l'intelligence, de la visualisation, etc. En m\u00eame temps, il prend en charge la communication standard Modbus485.<\/p>\n<p>protocole. Tous les param\u00e8tres de protection, tels que la protection contre les surtensions, les sous-tensions et les surintensit\u00e9s, peuvent \u00eatre r\u00e9gl\u00e9s en fonction de la demande de puissance, de mani\u00e8re \u00e0 garantir que le protecteur puisse couper instantan\u00e9ment l'alimentation en cas de surtension.<a href=\"https:\/\/elejg.com\/\" target=\"_blank\" rel=\"noopener\"> surtension<\/a>Il est possible de prot\u00e9ger l'\u00e9quipement \u00e9lectrique contre les dommages en cas de sous-tension, de surintensit\u00e9 ou d'autres d\u00e9fauts survenant sur la ligne.<\/p>\n<p>Le produit a une structure compacte, une belle apparence et un rail de guidage standard pour l'installation.<\/p>\n<h3><strong>Param\u00e8tres de protection du courant<\/strong><\/h3>\n<hr \/>\n<div style=\"overflow-x: auto;\">\n<table style=\"min-width: 600px; height: 190px;\" border=\"1\" width=\"714\" cellspacing=\"0\">\n<tbody>\n<tr>\n<td>Type<\/td>\n<td>FHXL-63\/3P+N<\/td>\n<\/tr>\n<tr>\n<td>Sp\u00e9cifications actuelles<\/td>\n<td>63A(1~63A)<\/td>\n<\/tr>\n<tr>\n<td>Plage de r\u00e9glage de la surtension<\/td>\n<td>AC270V(210~300V)<\/td>\n<\/tr>\n<tr>\n<td>Plage de r\u00e9glage de la sous-tension<\/td>\n<td>AC170V(80~200V)<\/td>\n<\/tr>\n<tr>\n<td>Plage de r\u00e9glage du courant de fuite<\/td>\n<td>20mA(5~300mA)<\/td>\n<\/tr>\n<tr>\n<td>R\u00e9glage de la temp\u00e9rature<\/td>\n<td>70\u2103(1~150\u2103)<\/td>\n<\/tr>\n<tr>\n<td>Tension de fonctionnement<\/td>\n<td>AC230V\/400V<\/td>\n<\/tr>\n<\/tbody>\n<\/table>\n<h3><strong>Caract\u00e9ristiques fonctionnelles du produit<\/strong><\/h3>\n<hr \/>\n<p>\u25a0 Fonction de protection contre la fum\u00e9e et les gaz combustibles : Lorsque la fum\u00e9e, le gaz de p\u00e9trole liqu\u00e9fi\u00e9, le gaz naturel, le propane, le butane et d'autres gaz combustibles pr\u00e9sents dans le champ \u00e9lectrique d\u00e9passent la limite, le protecteur \u00e9met un signal d'alarme sonore et visuel, coupe automatiquement l'alimentation \u00e9lectrique et affiche des enregistrements de d\u00e9fauts en temps r\u00e9el.<br \/>\nFonction de protection contre les courts-circuits : Le protecteur surveille le courant de la ligne \u00e9lectrique en temps r\u00e9el. Lorsqu'un d\u00e9faut de court-circuit se produit sur la ligne, il peut r\u00e9aliser une protection par limitation de courant rapide en 0,1 seconde et afficher des enregistrements de d\u00e9faut en temps r\u00e9el.<\/p>\n<p>\u25a0 Fonction de protection contre les surcharges : Lorsque le courant du circuit prot\u00e9g\u00e9 est surcharg\u00e9 et que la dur\u00e9e de la surcharge d\u00e9passe le temps d'action (3 \u00e0 60 secondes peuvent \u00eatre d\u00e9finies), le protecteur d\u00e9marre une protection par limitation de courant et affiche des enregistrements de d\u00e9faut en temps r\u00e9el.<br \/>\nFonction de protection contre les surtensions : Lorsque le protecteur d\u00e9tecte une sous-tension ou une surtension dans la ligne, il coupe automatiquement l'alimentation \u00e9lectrique et affiche des relev\u00e9s de d\u00e9fauts en temps r\u00e9el.<\/p>\n<p>\u25a0 Fonction de surveillance de la temp\u00e9rature du c\u00e2ble de distribution : Lorsque la temp\u00e9rature du c\u00e2ble surveill\u00e9 d\u00e9passe la valeur de consigne de l'alarme, le protecteur coupe automatiquement l'alimentation \u00e9lectrique et affiche des enregistrements de d\u00e9fauts en temps r\u00e9el.<\/p>\n<p>\u25a0 Fonction de surveillance du courant de fuite : Lorsque la fuite de la ligne surveill\u00e9e d\u00e9passe la valeur de consigne de l'alarme, le protecteur prot\u00e8ge et coupe automatiquement l'alimentation, et affiche l'enregistrement du d\u00e9faut en temps r\u00e9el.<\/p>\n<p>\u25a0 Fonction de communication en r\u00e9seau : Le protecteur dispose d'une interface RS485, qui peut envoyer des donn\u00e9es au syst\u00e8me de surveillance en arri\u00e8re-plan, r\u00e9alisant les cinq fonctions \u00e0 distance de t\u00e9l\u00e9m\u00e9trie, de signalisation \u00e0 distance, de commande \u00e0 distance, de r\u00e9glage \u00e0 distance et de visualisation \u00e0 distance.<\/p>\n<p>\u25a0 Coupure simultan\u00e9e du fil neutre et du fil sous tension : Lorsqu'un d\u00e9faut se produit dans le circuit, le produit coupe simultan\u00e9ment le fil neutre et le fil sous tension, sans qu'il y ait de risque de fils sous tension sur le circuit en raison de l'absence de coupure du fil neutre.<\/p>\n<p>La surtension n'endommage pas l'appareil : Lorsque l'alimentation triphas\u00e9e est mal connect\u00e9e, la tension d'alimentation maximale est de 450 V CA, et le produit se d\u00e9connecte dans le temps imparti, sans que le produit de mise \u00e0 la terre lui-m\u00eame ne soit endommag\u00e9 par la haute tension.<br \/>\nAnti-harmonique : Actuellement, la consommation d'\u00e9lectricit\u00e9 dans le r\u00e9seau \u00e9lectrique est relativement complexe, avec un grand nombre d'harmoniques pr\u00e9sentes. Les risques d'harmoniques peuvent r\u00e9duire la dur\u00e9e de vie d'autres \u00e9quipements \u00e9lectriques, mais ce produit n'est pas affect\u00e9 par les r\u00e9seaux \u00e9lectriques harmoniques.<br \/>\nFonction de r\u00e9cup\u00e9ration en un clic : Lorsque les utilisateurs ne ma\u00eetrisent pas le fonctionnement du produit et ne peuvent pas r\u00e9pondre aux exigences de protection sur site en mati\u00e8re de param\u00e9trage, ils peuvent facilement r\u00e9tablir les param\u00e8tres d'usine afin d'\u00e9viter les probl\u00e8mes de protection dus \u00e0 une mauvaise utilisation.<\/p>\n<h3><span data-slate-fragment=\"JTVCJTdCJTIydHlwZSUyMiUzQSUyMnBhcmFncmFwaCUyMiUyQyUyMmNoaWxkcmVuJTIyJTNBJTVCJTdCJTIyaWQlMjIlM0ElMjJWZGx2V2Q0d3JWJTIyJTJDJTIycGFyYUlkeCUyMiUzQTAlMkMlMjJzcmMlMjIlM0ElMjJXb3JraW5nJTIwY29uZGl0aW9ucyUyMiUyQyUyMmRzdCUyMiUzQSUyMiVFNSVCNyVBNSVFNCVCRCU5QyVFNiU5RCVBMSVFNCVCQiVCNiUyMiUyQyUyMm1ldGFkYXRhJTIyJTNBJTIyJTIyJTJDJTIybWF0Y2hlcyUyMiUzQW51bGwlMkMlMjJtZXRhRGF0YSUyMiUzQSU1QiU1RCUyQyUyMnRleHQlMjIlM0ElMjJXb3JraW5nJTIwY29uZGl0aW9ucyUyMiU3RCU1RCU3RCU1RA==\">Conditions de travail<\/span><\/h3>\n<hr \/>\n<\/div>\n<p>1. Lors de la premi\u00e8re mise sous tension normale, l'appareil se ferme automatiquement apr\u00e8s un d\u00e9lai d'une seconde ; et lors de la premi\u00e8re mise sous tension, en cas de surtension, de sous-tension, de surintensit\u00e9 et de fuite, l'appareil s'ouvre automatiquement dans les 3 secondes ;<\/p>\n<p>2. Lors de la premi\u00e8re mise sous tension, le capteur de fum\u00e9e doit \u00eatre chauff\u00e9 pendant 60 secondes, puis le produit entre en \u00e9tat de protection. Une fois que l'alarme de fum\u00e9e s'est d\u00e9clench\u00e9e et que le d\u00e9faut a \u00e9t\u00e9 \u00e9limin\u00e9, il est n\u00e9cessaire d'appuyer manuellement sur la touche de r\u00e9initialisation pendant 2 secondes, puis l'alarme de fum\u00e9e peut \u00eatre d\u00e9sactiv\u00e9e.<\/p>\n<p>3. Param\u00e8tres de protection du courant :<\/p>\n<p>a. \u2265 1,05 fois le courant, &lt; 3 minutes d&#039;ouverture.<\/p>\n<p>b. \u2265 1,2 fois le courant, plage de r\u00e9glage de 1 \u00e0 120 secondes, 10 secondes par d\u00e9faut<\/p>\n<p>c. \u2265 2 fois le courant, \u22640,2 seconde d'ouverture.<\/p>\n<p>4. La temp\u00e9rature ambiante ne doit pas d\u00e9passer + 40\u00b0C, elle ne doit pas \u00eatre inf\u00e9rieure \u00e0 5\u00b0C ; la temp\u00e9rature moyenne sur 24 heures ne doit pas d\u00e9passer + 35\u00b0C ; \u00e0 + 40\u00b0C, l'humidit\u00e9 de l'air ambiant ne doit pas d\u00e9passer 50%.<\/p>\n<p>5. L'altitude du site d'installation ne doit pas d\u00e9passer 2000 m\u00e8tres.<\/p>\n<p>6. Niveau de pollution : III.<\/p>\n<p>7. Dans l'environnement d'installation, il ne doit pas y avoir de milieu explosif dangereux, de gaz corrosif et destructeur et de poussi\u00e8re conductrice, ni d'invasion de pluie ou de neige.<\/p>\n<h3><strong> Le protecteur d'alarme incendie \u00e0 limitation de courant est Fonctions des cl\u00e9s<\/strong><\/h3>\n<hr \/>\n<p>1. Touche de r\u00e9glage : Appuyez sur la touche de r\u00e9glage et maintenez-la enfonc\u00e9e pendant 2 secondes pour passer \u00e0 l'\u00e9tat de r\u00e9glage. Une fois le r\u00e9glage effectu\u00e9, chaque fois que vous appuyez sur la touche, le syst\u00e8me passe au menu de r\u00e9glage suivant ;<\/p>\n<p>2. Touche Shift : permet d'interroger les param\u00e8tres de fonctionnement en temps r\u00e9el du produit. En mode r\u00e9glage, elle a la fonction de d\u00e9calage des chiffres ;<\/p>\n<p>3. Touche de donn\u00e9es : permet d'interroger les derni\u00e8res informations de d\u00e9faut du produit et de modifier les param\u00e8tres \u00e0 r\u00e9gler en fonction de l'\u00e9tat de r\u00e9glage ;<\/p>\n<p>4. Touche de r\u00e9initialisation : Lorsque la premi\u00e8re surintensit\u00e9 ou fuite se produit, le produit s'allume automatiquement apr\u00e8s le d\u00e9lai de r\u00e9initialisation sp\u00e9cifi\u00e9. Lorsque la deuxi\u00e8me surintensit\u00e9, fuite ou alarme incendie se produit, il faut s'assurer qu'il n'y a pas de d\u00e9faut dans le circuit, puis appuyer manuellement sur la touche de r\u00e9initialisation pour mettre le produit en marche, et appuyer sur la touche de r\u00e9initialisation pendant 2 secondes pour sauvegarder et quitter l'\u00e9tat de r\u00e9glage.<\/p>\n<h2><strong>Informations sur le paquet standard<\/strong><\/h2>\n<hr \/>\n<h3><a href=\"https:\/\/ua-protector.com\/fr\/produit\/\"><img decoding=\"async\" class=\"alignnone size-medium wp-image-6114\" src=\"https:\/\/ua-protector.com\/wp-content\/uploads\/2025\/04\/45.5-23.5-31.5-box-300x300.jpg\" alt=\"\" width=\"300\" height=\"300\" srcset=\"https:\/\/ua-protector.com\/wp-content\/uploads\/2025\/04\/45.5-23.5-31.5-box-300x300.jpg 300w, https:\/\/ua-protector.com\/wp-content\/uploads\/2025\/04\/45.5-23.5-31.5-box-150x150.jpg 150w, https:\/\/ua-protector.com\/wp-content\/uploads\/2025\/04\/45.5-23.5-31.5-box-12x12.jpg 12w, https:\/\/ua-protector.com\/wp-content\/uploads\/2025\/04\/45.5-23.5-31.5-box-600x600.jpg 600w, https:\/\/ua-protector.com\/wp-content\/uploads\/2025\/04\/45.5-23.5-31.5-box-100x100.jpg 100w, https:\/\/ua-protector.com\/wp-content\/uploads\/2025\/04\/45.5-23.5-31.5-box.jpg 750w\" sizes=\"(max-width: 300px) 100vw, 300px\" \/><\/a><\/h3>\n<div style=\"overflow-x: auto;\">\n<table>\n<tbody>\n<tr>\n<th>Dimension du carton (cm)<\/th>\n<th>Liste de colisage<\/th>\n<th>QT\u00c9<\/th>\n<th>Poids brut (kg)<\/th>\n<\/tr>\n<tr>\n<td style=\"text-align: center;\">45,5cm \u00d7 23,5cm \u00d7 31,5cm<\/td>\n<td style=\"text-align: center;\">\u00a0protecteur<\/td>\n<td style=\"text-align: center;\">60pcs<\/td>\n<td style=\"text-align: center;\">20 kg<\/td>\n<\/tr>\n<\/tbody>\n<\/table>\n<\/div>\n<h3><\/h3>\n<h3><a href=\"https:\/\/ua-protector.com\/fr\/produit\/\">Protecteur d'alarme incendie \u00e0 limitation de courant<\/a> Dimensions<\/h3>\n<hr \/>\n<p>&nbsp;<\/p>\n<p><img decoding=\"async\" class=\"alignnone wp-image-5530 size-full\" src=\"https:\/\/ua-protector.com\/wp-content\/uploads\/2025\/04\/\u9650\u6d41\u5f0f\u9632\u706b\u4fdd\u62a4\u5668-\u63d2\u56fe.jpg\" alt=\"protecteur de limitation de courant ignifuge\" width=\"750\" height=\"422\" srcset=\"https:\/\/ua-protector.com\/wp-content\/uploads\/2025\/04\/\u9650\u6d41\u5f0f\u9632\u706b\u4fdd\u62a4\u5668-\u63d2\u56fe.jpg 750w, https:\/\/ua-protector.com\/wp-content\/uploads\/2025\/04\/\u9650\u6d41\u5f0f\u9632\u706b\u4fdd\u62a4\u5668-\u63d2\u56fe-300x169.jpg 300w, https:\/\/ua-protector.com\/wp-content\/uploads\/2025\/04\/\u9650\u6d41\u5f0f\u9632\u706b\u4fdd\u62a4\u5668-\u63d2\u56fe-18x10.jpg 18w, https:\/\/ua-protector.com\/wp-content\/uploads\/2025\/04\/\u9650\u6d41\u5f0f\u9632\u706b\u4fdd\u62a4\u5668-\u63d2\u56fe-600x338.jpg 600w\" sizes=\"(max-width: 750px) 100vw, 750px\" \/><\/p>\n<p>&nbsp;<\/p>\n<hr \/>\n<h1 class=\"elementor-heading-title elementor-size-default\"><span style=\"color: #0000ff;\">Contactez-nous d\u00e8s maintenant, des \u00e9chantillons gratuits sont disponibles<\/span><\/h1>\n<p>Pour obtenir plus d'informations sur nos produits et services, vous recevrez une r\u00e9ponse d'un expert en \u00e9lectricit\u00e9.<\/p>\n<p>Mob\/WhatsApp\/Wang : +86 18958900126<br \/>\nEmail professionnel\uff1a<strong>sales@tokeep.net<br \/>\n<\/strong>Adresse \u00e9lectronique de la technologie :\u00a0<strong>tokeepcc@gmail.com<\/strong><strong><br \/>\n<\/strong>Courriel personnel :<strong>\u00a0wxj7607@126.com<\/strong><\/p>\n<p><img loading=\"lazy\" decoding=\"async\" class=\"alignnone size-medium wp-image-5920\" src=\"https:\/\/ua-protector.com\/wp-content\/uploads\/2025\/05\/whateapp-300x169.jpg\" alt=\"\" width=\"300\" height=\"169\" srcset=\"https:\/\/ua-protector.com\/wp-content\/uploads\/2025\/05\/whateapp-300x169.jpg 300w, https:\/\/ua-protector.com\/wp-content\/uploads\/2025\/05\/whateapp-18x10.jpg 18w, https:\/\/ua-protector.com\/wp-content\/uploads\/2025\/05\/whateapp.jpg 573w\" sizes=\"(max-width: 300px) 100vw, 300px\" \/><\/p>","protected":false},"excerpt":{"rendered":"<p>La s\u00e9rie FHXL-63 est la<a href=\"https:\/\/ua-protector.com\/fr\/produit\/protecteur-dalarme-incendie-a-limitation-de-courant\/\"><strong> protecteur d'alarme incendie limiteur de courant<\/strong><\/a>\uff08 current limiting protector\uff09, et c'est un protecteur complet avec des fonctions de protection multiples pour la surtension, la sous-tension, la surintensit\u00e9, la fuite, la temp\u00e9rature et la d\u00e9tection de fum\u00e9e. Le produit pr\u00e9sente les avantages de la modularisation, de l'intelligence, de la visualisation, etc. En m\u00eame temps, il prend en charge le protocole de communication standard Modbus485.<br \/>\n<strong>Instructions \uff1a<\/strong><a href=\"https:\/\/ua-protector.com\/wp-content\/uploads\/2025\/04\/FHXL-63-Current-Limiting-Fire-Alarm-Protector.pdf\">Protecteur d'alarme-incendie \u00e0 limitation de courantFHXL-63 Manuel<\/a><\/p>","protected":false},"featured_media":4488,"template":"","meta":{"_acf_changed":false,"site-sidebar-layout":"default","site-content-layout":"","ast-site-content-layout":"default","site-content-style":"default","site-sidebar-style":"default","ast-global-header-display":"","ast-banner-title-visibility":"","ast-main-header-display":"","ast-hfb-above-header-display":"","ast-hfb-below-header-display":"","ast-hfb-mobile-header-display":"","site-post-title":"","ast-breadcrumbs-content":"","ast-featured-img":"","footer-sml-layout":"","theme-transparent-header-meta":"default","adv-header-id-meta":"","stick-header-meta":"","header-above-stick-meta":"","header-main-stick-meta":"","header-below-stick-meta":"","astra-migrate-meta-layouts":"set","ast-page-background-enabled":"default","ast-page-background-meta":{"desktop":{"background-color":"","background-image":"","background-repeat":"repeat","background-position":"center center","background-size":"auto","background-attachment":"scroll","background-type":"","background-media":"","overlay-type":"","overlay-color":"","overlay-opacity":"","overlay-gradient":""},"tablet":{"background-color":"","background-image":"","background-repeat":"repeat","background-position":"center center","background-size":"auto","background-attachment":"scroll","background-type":"","background-media":"","overlay-type":"","overlay-color":"","overlay-opacity":"","overlay-gradient":""},"mobile":{"background-color":"","background-image":"","background-repeat":"repeat","background-position":"center center","background-size":"auto","background-attachment":"scroll","background-type":"","background-media":"","overlay-type":"","overlay-color":"","overlay-opacity":"","overlay-gradient":""}},"ast-content-background-meta":{"desktop":{"background-color":"var(--ast-global-color-5)","background-image":"","background-repeat":"repeat","background-position":"center center","background-size":"auto","background-attachment":"scroll","background-type":"","background-media":"","overlay-type":"","overlay-color":"","overlay-opacity":"","overlay-gradient":""},"tablet":{"background-color":"var(--ast-global-color-5)","background-image":"","background-repeat":"repeat","background-position":"center center","background-size":"auto","background-attachment":"scroll","background-type":"","background-media":"","overlay-type":"","overlay-color":"","overlay-opacity":"","overlay-gradient":""},"mobile":{"background-color":"var(--ast-global-color-5)","background-image":"","background-repeat":"repeat","background-position":"center center","background-size":"auto","background-attachment":"scroll","background-type":"","background-media":"","overlay-type":"","overlay-color":"","overlay-opacity":"","overlay-gradient":""}}},"product_brand":[],"product_cat":[65,70,56,64,62,69],"product_tag":[66,58,59,67,60,68],"class_list":{"0":"post-4432","1":"product","2":"type-product","3":"status-publish","4":"has-post-thumbnail","6":"product_cat-fireproof-current-limiting-protector","7":"product_cat-small-ammeter","8":"product_cat-protector","9":"product_cat-smart-meter","10":"product_cat-voltage-protector","11":"product_cat-small-voltmeter","12":"product_tag-current","13":"product_tag-energy","14":"product_tag-phase","15":"product_tag-protector","16":"product_tag-sale","17":"product_tag-voltage","18":"desktop-align-center","19":"tablet-align-left","20":"mobile-align-left","22":"first","23":"instock","24":"featured","25":"shipping-taxable","26":"product-type-simple"},"acf":[],"_links":{"self":[{"href":"https:\/\/ua-protector.com\/fr\/wp-json\/wp\/v2\/product\/4432","targetHints":{"allow":["GET"]}}],"collection":[{"href":"https:\/\/ua-protector.com\/fr\/wp-json\/wp\/v2\/product"}],"about":[{"href":"https:\/\/ua-protector.com\/fr\/wp-json\/wp\/v2\/types\/product"}],"version-history":[{"count":32,"href":"https:\/\/ua-protector.com\/fr\/wp-json\/wp\/v2\/product\/4432\/revisions"}],"predecessor-version":[{"id":6698,"href":"https:\/\/ua-protector.com\/fr\/wp-json\/wp\/v2\/product\/4432\/revisions\/6698"}],"wp:featuredmedia":[{"embeddable":true,"href":"https:\/\/ua-protector.com\/fr\/wp-json\/wp\/v2\/media\/4488"}],"wp:attachment":[{"href":"https:\/\/ua-protector.com\/fr\/wp-json\/wp\/v2\/media?parent=4432"}],"wp:term":[{"taxonomy":"product_brand","embeddable":true,"href":"https:\/\/ua-protector.com\/fr\/wp-json\/wp\/v2\/product_brand?post=4432"},{"taxonomy":"product_cat","embeddable":true,"href":"https:\/\/ua-protector.com\/fr\/wp-json\/wp\/v2\/product_cat?post=4432"},{"taxonomy":"product_tag","embeddable":true,"href":"https:\/\/ua-protector.com\/fr\/wp-json\/wp\/v2\/product_tag?post=4432"}],"curies":[{"name":"wp","href":"https:\/\/api.w.org\/{rel}","templated":true}]}}