{"id":4431,"date":"2025-04-27T02:23:54","date_gmt":"2025-04-27T02:23:54","guid":{"rendered":"https:\/\/ua-protector.com\/?post_type=product&#038;p=4431"},"modified":"2025-08-06T01:26:10","modified_gmt":"2025-08-06T08:26:10","slug":"3phase-4-wire-current-and-voltage-protector","status":"publish","type":"product","link":"https:\/\/ua-protector.com\/fr\/produit\/protecteur\/protecteur-de-tension\/protecteur-de-courant-et-de-tension-triphase-a-4-fils\/","title":{"rendered":"Protecteur de courant et de tension triphas\u00e9 \u00e0 4 fils JGXL-63S-3P+N"},"content":{"rendered":"<h2><strong>Br\u00e8ve introduction<\/strong><\/h2>\n<hr \/>\n<figure id=\"attachment_4482\" aria-describedby=\"caption-attachment-4482\" style=\"width: 300px\" class=\"wp-caption alignleft\"><img fetchpriority=\"high\" decoding=\"async\" class=\"wp-image-4482 size-medium\" src=\"https:\/\/ua-protector.com\/wp-content\/uploads\/2025\/04\/JGXL-63S-4P-4-300x300.jpg\" alt=\"Protecteur de courant et de tension triphas\u00e9 \u00e0 4 fils\" width=\"300\" height=\"300\" srcset=\"https:\/\/ua-protector.com\/wp-content\/uploads\/2025\/04\/JGXL-63S-4P-4-300x300.jpg 300w, https:\/\/ua-protector.com\/wp-content\/uploads\/2025\/04\/JGXL-63S-4P-4-100x100.jpg 100w, https:\/\/ua-protector.com\/wp-content\/uploads\/2025\/04\/JGXL-63S-4P-4-600x600.jpg 600w, https:\/\/ua-protector.com\/wp-content\/uploads\/2025\/04\/JGXL-63S-4P-4-150x150.jpg 150w, https:\/\/ua-protector.com\/wp-content\/uploads\/2025\/04\/JGXL-63S-4P-4-768x768.jpg 768w, https:\/\/ua-protector.com\/wp-content\/uploads\/2025\/04\/JGXL-63S-4P-4.jpg 800w\" sizes=\"(max-width: 300px) 100vw, 300px\" \/><figcaption id=\"caption-attachment-4482\" class=\"wp-caption-text\">Protecteur de courant et de tension triphas\u00e9 \u00e0 4 fils<\/figcaption><\/figure>\n<p><a href=\"https:\/\/ua-protector.com\/fr\">\u00a0 Protecteur de courant et de tension triphas\u00e9 \u00e0 4 fils<\/a>\u00a0 Le JGXL-63S est principalement utilis\u00e9 pour le courant alternatif 50Hz (60Hz), la tension de travail nominale 220\/380V, le courant nominal principal de 2A \u00e0 63A, le courant de travail r\u00e9glable du contr\u00f4leur intelligent de 2A \u00e0 63A, la puissance de contr\u00f4le de 0,5KW \u00e0 20KW dans le syst\u00e8me d'alimentation mis en marche, transportant et coupant le courant ou la tension dans des conditions normales (y compris les conditions de surcharge sp\u00e9cifi\u00e9es), et peut \u00e9galement \u00eatre mis en marche, transport\u00e9 et transport\u00e9 pendant un certain temps et dans les conditions anormales sp\u00e9cifi\u00e9es (telles qu'un court-circuit). , <a href=\"https:\/\/elejg.com\/\" target=\"_blank\" rel=\"noopener\">sous-tension<\/a>etc.)<\/p>\n<p>Le protecteur de surtension et de sous-tension triphas\u00e9 \u00e0 quatre fils limitant le courant adopte un type de structure de produit modulaire, qui pr\u00e9sente les avantages d'une petite taille, d'une grande fiabilit\u00e9 et d'une utilisation pratique. Les principales fonctions du produit sont les suivantes : surtension, sous-tension, d\u00e9faillance de phase, ligne z\u00e9ro et ligne z\u00e9ro, surintensit\u00e9, court-circuit instantan\u00e9, d\u00e9s\u00e9quilibre triphas\u00e9, sous-intensit\u00e9, s\u00e9quence de phase, communication RS485, r\u00e9initialisation d'usine \u00e0 cl\u00e9 unique et autres fonctions, qui sont largement utilis\u00e9es dans les t\u00e9l\u00e9communications, la m\u00e9tallurgie, les mines de charbon, l'acier, la p\u00e9trochimie, les ports, les navires, les chemins de fer, les h\u00f4pitaux, les b\u00e2timents intelligents et d'autres domaines de la distribution d'\u00e9nergie et des syst\u00e8mes de contr\u00f4le de la protection des moteurs.<\/p>\n<h2><span data-slate-fragment=\"JTVCJTdCJTIydHlwZSUyMiUzQSUyMnBhcmFncmFwaCUyMiUyQyUyMmNoaWxkcmVuJTIyJTNBJTVCJTdCJTIyaWQlMjIlM0ElMjJCNEE1Z2tKUjdlJTIyJTJDJTIycGFyYUlkeCUyMiUzQTAlMkMlMjJzcmMlMjIlM0ElMjIzcGhhc2UlMjA0d2lyZSUyMGN1cnJlbnQlMjBhbmQlMjB2b2x0YWdlJTIwcHJvdGVjdG9yJTIwaXMlMjBNYWluJTIwdGVjaG5pY2FsJTIwcGFyYW1ldGVycyUyMiUyQyUyMmRzdCUyMiUzQSUyMiVFNCVCOCU4OSVFNyU5QiVCOCVFNSU5QiU5QiVFNyVCQSVCRiVFNyU5NCVCNSVFNiVCNSU4MSVFNyU5NCVCNSVFNSU4RSU4QiVFNCVCRiU5RCVFNiU4QSVBNCVFNSU5OSVBOCVFNCVCOCVCQiVFOCVBNiU4MSVFNiU4QSU4MCVFNiU5QyVBRiVFNSU4RiU4MiVFNiU5NSVCMCUyMiUyQyUyMm1ldGFkYXRhJTIyJTNBJTIyJTIyJTJDJTIybWF0Y2hlcyUyMiUzQW51bGwlMkMlMjJtZXRhRGF0YSUyMiUzQSU1QiU1RCUyQyUyMnRleHQlMjIlM0ElMjIzcGhhc2UlMjA0d2lyZSUyMGN1cnJlbnQlMjBhbmQlMjB2b2x0YWdlJTIwcHJvdGVjdG9yJTIwaXMlMjBNYWluJTIwdGVjaG5pY2FsJTIwcGFyYW1ldGVycyUyMiU3RCU1RCU3RCU1RA==\">Le protecteur de courant et de tension triphas\u00e9 \u00e0 4 fils est Principaux param\u00e8tres techniques<\/span><\/h2>\n<hr \/>\n<table style=\"height: 257px;\" width=\"674\">\n<tbody>\n<tr>\n<td width=\"212\">Type<\/td>\n<td width=\"119\">JGXL-63S\/3P+N<\/td>\n<\/tr>\n<tr>\n<td>Sp\u00e9cifications actuelles<\/td>\n<td>63A(1~63A)<\/td>\n<\/tr>\n<tr>\n<td>Plage de r\u00e9glage de la surtension<\/td>\n<td>AC270V(210~300V)<\/td>\n<\/tr>\n<tr>\n<td>Plage de r\u00e9glage de la sous-tension<\/td>\n<td>AC170V(80~200V)<\/td>\n<\/tr>\n<tr>\n<td>Tension de fonctionnement<\/td>\n<td>AC230V\/400V<\/td>\n<\/tr>\n<\/tbody>\n<\/table>\n<p>1. Plage de d\u00e9tection de la tension : AC80~450V, niveau de pr\u00e9cision : 1,0.<\/p>\n<p>2. Plage de d\u00e9tection du courant : 1~63A, niveau de pr\u00e9cision : 1,0.<\/p>\n<p>3. Consommation \u00e9lectrique du produit lui-m\u00eame : \u22642W.<\/p>\n<p>4. Courant de court-circuit r\u00e9sistant : 2000A.<\/p>\n<p>5. La dur\u00e9e de vie m\u00e9canique est \u2265 100 000 fois et la dur\u00e9e de vie \u00e9lectrique est de 5 000 fois.<\/p>\n<p>6. M\u00e9thode de c\u00e2blage du produit : vers le bas et vers la sortie de la ligne, vers le haut dans et hors de la ligne. La m\u00e9thode de c\u00e2blage par d\u00e9faut est la ligne inf\u00e9rieure et la ligne sortante.<\/p>\n<p>7. La capacit\u00e9 de c\u00e2blage est de 16 m\u00e8tres carr\u00e9s.<\/p>\n<p>8. Pour plus de d\u00e9tails sur le protocole de communication RS485, veuillez vous r\u00e9f\u00e9rer au \"Manuel de communication RS485 V2.0 pour Power <a href=\"https:\/\/ua-protector.com\/fr\/reconnexion-automatique-compteur-denergie-protecteur-dessai-jgdl-2\/\" target=\"_blank\" rel=\"noopener\" data-wpil-monitor-id=\"8\">Compteurs et protecteurs\"<\/a>.<\/p>\n<h2><span data-slate-fragment=\"JTVCJTdCJTIydHlwZSUyMiUzQSUyMnBhcmFncmFwaCUyMiUyQyUyMmNoaWxkcmVuJTIyJTNBJTVCJTdCJTIyaWQlMjIlM0ElMjJCNEE1Z2tKUjdlJTIyJTJDJTIycGFyYUlkeCUyMiUzQTAlMkMlMjJzcmMlMjIlM0ElMjIzcGhhc2UlMjA0d2lyZSUyMGN1cnJlbnQlMjBhbmQlMjB2b2x0YWdlJTIwcHJvdGVjdG9yJTIwaXMlMjBNYWluJTIwdGVjaG5pY2FsJTIwcGFyYW1ldGVycyUyMiUyQyUyMmRzdCUyMiUzQSUyMiVFNCVCOCU4OSVFNyU5QiVCOCVFNSU5QiU5QiVFNyVCQSVCRiVFNyU5NCVCNSVFNiVCNSU4MSVFNyU5NCVCNSVFNSU4RSU4QiVFNCVCRiU5RCVFNiU4QSVBNCVFNSU5OSVBOCVFNCVCOCVCQiVFOCVBNiU4MSVFNiU4QSU4MCVFNiU5QyVBRiVFNSU4RiU4MiVFNiU5NSVCMCUyMiUyQyUyMm1ldGFkYXRhJTIyJTNBJTIyJTIyJTJDJTIybWF0Y2hlcyUyMiUzQW51bGwlMkMlMjJtZXRhRGF0YSUyMiUzQSU1QiU1RCUyQyUyMnRleHQlMjIlM0ElMjIzcGhhc2UlMjA0d2lyZSUyMGN1cnJlbnQlMjBhbmQlMjB2b2x0YWdlJTIwcHJvdGVjdG9yJTIwaXMlMjBNYWluJTIwdGVjaG5pY2FsJTIwcGFyYW1ldGVycyUyMiU3RCU1RCU3RCU1RA==\">Protecteur de courant et de tension triphas\u00e9 \u00e0 4 fils de <\/span>taille<\/h2>\n<hr \/>\n<h1><\/h1>\n<h1><strong><img decoding=\"async\" class=\"alignnone wp-image-5612 size-full\" src=\"https:\/\/ua-protector.com\/wp-content\/uploads\/2025\/04\/\u5916\u578b\u5c3a\u5bf8-2.jpg\" alt=\"\" width=\"777\" height=\"419\" srcset=\"https:\/\/ua-protector.com\/wp-content\/uploads\/2025\/04\/\u5916\u578b\u5c3a\u5bf8-2.jpg 777w, https:\/\/ua-protector.com\/wp-content\/uploads\/2025\/04\/\u5916\u578b\u5c3a\u5bf8-2-300x162.jpg 300w, https:\/\/ua-protector.com\/wp-content\/uploads\/2025\/04\/\u5916\u578b\u5c3a\u5bf8-2-768x414.jpg 768w, https:\/\/ua-protector.com\/wp-content\/uploads\/2025\/04\/\u5916\u578b\u5c3a\u5bf8-2-18x10.jpg 18w, https:\/\/ua-protector.com\/wp-content\/uploads\/2025\/04\/\u5916\u578b\u5c3a\u5bf8-2-600x324.jpg 600w\" sizes=\"(max-width: 777px) 100vw, 777px\" \/><\/strong><\/h1>\n<p>&nbsp;<\/p>\n<p>&nbsp;<\/p>\n<h2><strong>Informations sur le paquet standard<\/strong><\/h2>\n<hr \/>\n<p><img decoding=\"async\" class=\"alignnone size-medium wp-image-5943\" src=\"https:\/\/ua-protector.com\/wp-content\/uploads\/2025\/04\/45.5-23.5-31.5-box-300x300.jpg\" sizes=\"(max-width: 300px) 100vw, 300px\" srcset=\"https:\/\/ua-protector.com\/wp-content\/uploads\/2025\/04\/45.5-23.5-31.5-box-300x300.jpg 300w, https:\/\/ua-protector.com\/wp-content\/uploads\/2025\/04\/45.5-23.5-31.5-box-150x150.jpg 150w, https:\/\/ua-protector.com\/wp-content\/uploads\/2025\/04\/45.5-23.5-31.5-box-12x12.jpg 12w, https:\/\/ua-protector.com\/wp-content\/uploads\/2025\/04\/45.5-23.5-31.5-box-600x600.jpg 600w, https:\/\/ua-protector.com\/wp-content\/uploads\/2025\/04\/45.5-23.5-31.5-box-100x100.jpg 100w, https:\/\/ua-protector.com\/wp-content\/uploads\/2025\/04\/45.5-23.5-31.5-box.jpg 750w\" alt=\"\" width=\"300\" height=\"300\" \/><\/p>\n<table style=\"height: 106px;\" border=\"0\" width=\"813\" cellspacing=\"0\" cellpadding=\"0\">\n<tbody>\n<tr>\n<td class=\"et2\" width=\"191\" height=\"19\">Dimension du carton (cm)<\/td>\n<td class=\"et2\" width=\"72\">Liste de colisage<\/td>\n<td class=\"et2\" width=\"72\">QT\u00c9<\/td>\n<td class=\"et2\" width=\"123\">Poids brut (kg)<\/td>\n<\/tr>\n<tr>\n<td class=\"et2\" width=\"191\" height=\"38\">45,5cm \u00d7 23,5cm \u00d7 31,5cm<\/td>\n<td class=\"et2\" width=\"72\">\u00a0protecteur<\/td>\n<td class=\"et2\" width=\"72\">60pcs<\/td>\n<td class=\"et2\" width=\"123\">20 kg<\/td>\n<\/tr>\n<\/tbody>\n<\/table>\n<p><a href=\"https:\/\/elejg.com\/\" target=\"_blank\" rel=\"noopener\">Protecteur de courant et de tension triphas\u00e9 \u00e0 4 fils<\/a>,<span data-slate-fragment=\"JTVCJTdCJTIydHlwZSUyMiUzQSUyMnBhcmFncmFwaCUyMiUyQyUyMmNoaWxkcmVuJTIyJTNBJTVCJTdCJTIyaWQlMjIlM0ElMjJWMFFZMGs0cjJ6JTIyJTJDJTIycGFyYUlkeCUyMiUzQTAlMkMlMjJzcmMlMjIlM0ElMjJUaHJlZS1QaGFzZSUyMEZvdXItV2lyZSUyMFNlbGYtQ29tcG91bmQlMjBPdmVyLVVuZGVyLVZvbHRhZ2UlMjBDdXJyZW50JTIwTGltaXRpbmclMjBQcm90ZWN0b3IlMjA2M0ElMjBQaGFzZSUyMFNlcXVlbmNlJTIwTWlzc2luZyUyMFBoYXNlJTIwTWlzc2luZyUyMFplcm8lMjBvZmYlMjBQcm90ZWN0aW9uJTIwU3dpdGNoJTIyJTJDJTIyZHN0JTIyJTNBJTIyJUU0JUI4JTg5JUU3JTlCJUI4JUU1JTlCJTlCJUU3JUJBJUJGJUU4JTg3JUFBJUU1JUE0JThEJUU1JTkwJTg4JUU4JUJGJTg3JUU2JUFDJUEwJUU1JThFJThCJUU5JTk5JTkwJUU2JUI1JTgxJUU0JUJGJTlEJUU2JThBJUE0JUU1JTk5JUE4NjNBJUU3JTlCJUI4JUU1JUJBJThGJUU3JUJDJUJBJUU3JTlCJUI4JUU1JUE0JUIxJUU5JTlCJUI2JUU0JUJGJTlEJUU2JThBJUE0JUU1JUJDJTgwJUU1JTg1JUIzJTIyJTJDJTIybWV0YWRhdGElMjIlM0ElMjIlMjIlMkMlMjJtYXRjaGVzJTIyJTNBbnVsbCUyQyUyMm1ldGFEYXRhJTIyJTNBJTVCJTVEJTJDJTIydGV4dCUyMiUzQSUyMlRocmVlLVBoYXNlJTIwRm91ci1XaXJlJTIwU2VsZi1Db21wb3VuZCUyME92ZXItVW5kZXItVm9sdGFnZSUyMEN1cnJlbnQlMjBMaW1pdGluZyUyMFByb3RlY3RvciUyMDYzQSUyMFBoYXNlJTIwU2VxdWVuY2UlMjBNaXNzaW5nJTIwUGhhc2UlMjBNaXNzaW5nJTIwWmVybyUyMG9mZiUyMFByb3RlY3Rpb24lMjBTd2l0Y2glMjIlN0QlNUQlN0QlNUQ=\">Protecteur limiteur de courant triphas\u00e9 \u00e0 quatre fils auto-compos\u00e9 contre les surtensions et les sous-tensions 63A S\u00e9quence de phases manquante Phase manquante Interrupteur de protection contre l'absence de z\u00e9ro<a href=\"https:\/\/ua-protector.com\/fr\/produit\/protecteur-dalarme-incendie-a-limitation-de-courant\/\">Protecteur de courant et de tension triphas\u00e9 \u00e0 4 fils JGXL-63S-3P+N<\/a>,<\/span>Protecteur triphas\u00e9 \u00e0 quatre filsProtecteur de surtension\/sous-tension autor\u00e9armable, protecteur triphas\u00e9 \u00e0 quatre fils limitant le courant,protecteur de s\u00e9quence de phase\uff0cProtecteur de perte de phase\uff0cProtecteur z\u00e9ro manquant\uff0cProtecteur limitant le courant Manque de phase, s\u00e9quence de phase z\u00e9ro, surcharge, court-circuit, d\u00e9s\u00e9quilibre triphas\u00e9, sous-courant, protecteur triphas\u00e9 \u00e0 quatre fils limitant le courant, protecteur de surtension et de sous-tension<\/p>\n<hr \/>\n<h1 class=\"elementor-heading-title elementor-size-default\"><span style=\"color: #0000ff;\">Contactez-nous d\u00e8s maintenant, des \u00e9chantillons gratuits sont disponibles<\/span><\/h1>\n<p>Pour obtenir plus d'informations sur nos produits et services, vous recevrez une r\u00e9ponse d'un expert en \u00e9lectricit\u00e9.<\/p>\n<p>Mob\/WhatsApp\/Wang : +86 18958900126<br \/>\nEmail professionnel\uff1a<strong>sales@tokeep.net<br \/>\n<\/strong>Adresse \u00e9lectronique de la technologie :\u00a0<strong>tokeepcc@gmail.com<\/strong><strong><br \/>\n<\/strong>Courriel personnel :<strong>\u00a0wxj7607@126.com<\/strong><\/p>\n<p><img loading=\"lazy\" decoding=\"async\" class=\"alignnone wp-image-5833 size-full\" src=\"https:\/\/ua-protector.com\/wp-content\/uploads\/2025\/04\/whateapp-1.jpg\" sizes=\"(max-width: 573px) 100vw, 573px\" srcset=\"https:\/\/ua-protector.com\/wp-content\/uploads\/2025\/04\/whateapp-1.jpg 573w, https:\/\/ua-protector.com\/wp-content\/uploads\/2025\/04\/whateapp-1-300x169.jpg 300w, https:\/\/ua-protector.com\/wp-content\/uploads\/2025\/04\/whateapp-1-18x10.jpg 18w\" alt=\"\" width=\"573\" height=\"322\" \/><\/p>","protected":false},"excerpt":{"rendered":"<p>Le <a href=\"https:\/\/ua-protector.com\/fr\">Protecteur de courant et de tension triphas\u00e9 \u00e0 4 fils<\/a>\u00a0 est principalement utilis\u00e9 dans les syst\u00e8mes d'alimentation avec AC 50Hz (60Hz), tension de travail nominale 220\/380V, courant nominal du corps principal allant de 2A \u00e0 63A, courant de travail r\u00e9glable du contr\u00f4leur intelligent allant de 2A \u00e0 63A, et puissance de contr\u00f4le allant de . La puissance de commande varie de 5KW \u00e0 20KW pour connecter, transporter et d\u00e9connecter le courant ou la tension dans des conditions normales (y compris les conditions de surcharge sp\u00e9cifi\u00e9es), et peut \u00e9galement \u00eatre connect\u00e9e pour transporter le courant ou la tension dans des conditions anormales (telles qu'un court-circuit, une sous-tension, etc.) pendant une certaine p\u00e9riode de temps et en violation des r\u00e9glementations.<\/p>","protected":false},"featured_media":4482,"template":"","meta":{"_acf_changed":false,"site-sidebar-layout":"default","site-content-layout":"","ast-site-content-layout":"default","site-content-style":"default","site-sidebar-style":"default","ast-global-header-display":"","ast-banner-title-visibility":"","ast-main-header-display":"","ast-hfb-above-header-display":"","ast-hfb-below-header-display":"","ast-hfb-mobile-header-display":"","site-post-title":"","ast-breadcrumbs-content":"","ast-featured-img":"","footer-sml-layout":"","theme-transparent-header-meta":"default","adv-header-id-meta":"","stick-header-meta":"","header-above-stick-meta":"","header-main-stick-meta":"","header-below-stick-meta":"","astra-migrate-meta-layouts":"set","ast-page-background-enabled":"default","ast-page-background-meta":{"desktop":{"background-color":"","background-image":"","background-repeat":"repeat","background-position":"center center","background-size":"auto","background-attachment":"scroll","background-type":"","background-media":"","overlay-type":"","overlay-color":"","overlay-opacity":"","overlay-gradient":""},"tablet":{"background-color":"","background-image":"","background-repeat":"repeat","background-position":"center center","background-size":"auto","background-attachment":"scroll","background-type":"","background-media":"","overlay-type":"","overlay-color":"","overlay-opacity":"","overlay-gradient":""},"mobile":{"background-color":"","background-image":"","background-repeat":"repeat","background-position":"center center","background-size":"auto","background-attachment":"scroll","background-type":"","background-media":"","overlay-type":"","overlay-color":"","overlay-opacity":"","overlay-gradient":""}},"ast-content-background-meta":{"desktop":{"background-color":"var(--ast-global-color-5)","background-image":"","background-repeat":"repeat","background-position":"center center","background-size":"auto","background-attachment":"scroll","background-type":"","background-media":"","overlay-type":"","overlay-color":"","overlay-opacity":"","overlay-gradient":""},"tablet":{"background-color":"var(--ast-global-color-5)","background-image":"","background-repeat":"repeat","background-position":"center center","background-size":"auto","background-attachment":"scroll","background-type":"","background-media":"","overlay-type":"","overlay-color":"","overlay-opacity":"","overlay-gradient":""},"mobile":{"background-color":"var(--ast-global-color-5)","background-image":"","background-repeat":"repeat","background-position":"center center","background-size":"auto","background-attachment":"scroll","background-type":"","background-media":"","overlay-type":"","overlay-color":"","overlay-opacity":"","overlay-gradient":""}}},"product_brand":[],"product_cat":[70,65,63,56,64,62,69],"product_tag":[58,59,60],"class_list":{"0":"post-4431","1":"product","2":"type-product","3":"status-publish","4":"has-post-thumbnail","6":"product_cat-small-ammeter","7":"product_cat-fireproof-current-limiting-protector","8":"product_cat-motor-protector","9":"product_cat-protector","10":"product_cat-smart-meter","11":"product_cat-voltage-protector","12":"product_cat-small-voltmeter","13":"product_tag-energy","14":"product_tag-phase","15":"product_tag-sale","16":"desktop-align-center","17":"tablet-align-left","18":"mobile-align-left","20":"first","21":"instock","22":"featured","23":"shipping-taxable","24":"product-type-simple"},"acf":[],"_links":{"self":[{"href":"https:\/\/ua-protector.com\/fr\/wp-json\/wp\/v2\/product\/4431","targetHints":{"allow":["GET"]}}],"collection":[{"href":"https:\/\/ua-protector.com\/fr\/wp-json\/wp\/v2\/product"}],"about":[{"href":"https:\/\/ua-protector.com\/fr\/wp-json\/wp\/v2\/types\/product"}],"version-history":[{"count":14,"href":"https:\/\/ua-protector.com\/fr\/wp-json\/wp\/v2\/product\/4431\/revisions"}],"predecessor-version":[{"id":6697,"href":"https:\/\/ua-protector.com\/fr\/wp-json\/wp\/v2\/product\/4431\/revisions\/6697"}],"wp:featuredmedia":[{"embeddable":true,"href":"https:\/\/ua-protector.com\/fr\/wp-json\/wp\/v2\/media\/4482"}],"wp:attachment":[{"href":"https:\/\/ua-protector.com\/fr\/wp-json\/wp\/v2\/media?parent=4431"}],"wp:term":[{"taxonomy":"product_brand","embeddable":true,"href":"https:\/\/ua-protector.com\/fr\/wp-json\/wp\/v2\/product_brand?post=4431"},{"taxonomy":"product_cat","embeddable":true,"href":"https:\/\/ua-protector.com\/fr\/wp-json\/wp\/v2\/product_cat?post=4431"},{"taxonomy":"product_tag","embeddable":true,"href":"https:\/\/ua-protector.com\/fr\/wp-json\/wp\/v2\/product_tag?post=4431"}],"curies":[{"name":"wp","href":"https:\/\/api.w.org\/{rel}","templated":true}]}}