{"id":4430,"date":"2025-04-27T02:23:54","date_gmt":"2025-04-27T02:23:54","guid":{"rendered":"https:\/\/ua-protector.com\/?post_type=product&#038;p=4430"},"modified":"2025-08-06T01:25:41","modified_gmt":"2025-08-06T08:25:41","slug":"control-and-protective-switching-device-motor-protector","status":"publish","type":"product","link":"https:\/\/ua-protector.com\/fr\/produit\/protecteur\/protecteur-de-moteur\/dispositif-de-commutation-de-commande-et-de-protection-protecteur-de-moteur\/","title":{"rendered":"Dispositif de commande et de protection Protecteur de moteur JGKB-45"},"content":{"rendered":"<h2><strong>Introduction<\/strong><\/h2>\n<hr \/>\n<figure id=\"attachment_4481\" aria-describedby=\"caption-attachment-4481\" style=\"width: 300px\" class=\"wp-caption alignleft\"><img fetchpriority=\"high\" decoding=\"async\" class=\"wp-image-4481 size-medium\" src=\"https:\/\/ua-protector.com\/wp-content\/uploads\/2025\/04\/JGKB-45-1-300x300.jpg\" alt=\"Commutation de contr\u00f4le et de protection, Protecteur de moteur\" width=\"300\" height=\"300\" srcset=\"https:\/\/ua-protector.com\/wp-content\/uploads\/2025\/04\/JGKB-45-1-300x300.jpg 300w, https:\/\/ua-protector.com\/wp-content\/uploads\/2025\/04\/JGKB-45-1-100x100.jpg 100w, https:\/\/ua-protector.com\/wp-content\/uploads\/2025\/04\/JGKB-45-1-600x600.jpg 600w, https:\/\/ua-protector.com\/wp-content\/uploads\/2025\/04\/JGKB-45-1-150x150.jpg 150w, https:\/\/ua-protector.com\/wp-content\/uploads\/2025\/04\/JGKB-45-1-768x768.jpg 768w, https:\/\/ua-protector.com\/wp-content\/uploads\/2025\/04\/JGKB-45-1.jpg 800w\" sizes=\"(max-width: 300px) 100vw, 300px\" \/><figcaption id=\"caption-attachment-4481\" class=\"wp-caption-text\">Commutation de contr\u00f4le et de protection, Protecteur de moteur<\/figcaption><\/figure>\n<p>Le <a href=\"https:\/\/ua-protector.com\/fr\/protecteur-de-moteur\/\">Commutation de contr\u00f4le et de protection, Protecteur de moteur <\/a>Le produit poss\u00e8de des fonctions telles que la surtension, la sous-tension, la surcharge, le court-circuit, le rotor bloqu\u00e9, le d\u00e9s\u00e9quilibre triphas\u00e9, la surchauffe, les fuites, la communication, etc. La conception du logiciel est conviviale, avec un affichage direct sur trois lignes, et les fonctions du produit sont faciles \u00e0 \u00e9tendre. Actuellement, il s'agit de l'interrupteur de contr\u00f4le et de protection le plus complet dans la fonction de protection des \u00e9quipements \u00e9lectriques. <a href=\"https:\/\/elejg.com\/\" target=\"_blank\" rel=\"noopener\">protecteurs<\/a>.<\/p>\n<h2><strong>\u00a0Caract\u00e9ristiques du produit<\/strong><\/h2>\n<hr \/>\n<p>1. Extension des fonctions : Protection contre la temp\u00e9rature et les fuites, tant que des accessoires externes sont connect\u00e9s, les fonctions de protection requises peuvent \u00eatre ajout\u00e9es.<\/p>\n<p>2. Affichage num\u00e9rique \u00e0 trois rang\u00e9es de tubes, affichage intuitif en temps r\u00e9el des param\u00e8tres de tension, de courant, de fuite et de temp\u00e9rature.<\/p>\n<p>3. Large plage de r\u00e9glage du courant de protection :<\/p>\n<p>10A\uff1a 1-10A<\/p>\n<p>45A\uff1a 2-45A<\/p>\n<p>125A\uff1a 32-125A<\/p>\n<p>4. Fonction de communication 485 personnalisable<\/p>\n<p>5. Fonction de mot de passe pour \u00e9viter un service apr\u00e8s-vente inutile caus\u00e9 par un personnel non autoris\u00e9 qui r\u00e8gle le produit de mani\u00e8re incorrecte sur le site.<\/p>\n<p>6. Ajout d'une fonction de r\u00e9cup\u00e9ration d'usine, qui permet de r\u00e9tablir en un seul clic l'\u00e9tat d'origine du programme en cas d'erreur de r\u00e9glage sur place.<\/p>\n<p>3\u3001 Param\u00e8tres techniques<\/p>\n<p>1. Plage de d\u00e9tection de la tension : AC100~300V, niveau de pr\u00e9cision : 1,0 niveau.<\/p>\n<p>2. Plage de d\u00e9tection du courant : 45 type, 1-45A, niveau de pr\u00e9cision : 1,0 niveau.<\/p>\n<p>Type 125, 32-125A, niveau de pr\u00e9cision : 1,0<\/p>\n<p>3. Plage de d\u00e9tection du courant de fuite : 5-300mA, niveau de pr\u00e9cision : 2,5.<\/p>\n<p>4. Plage de d\u00e9tection de la temp\u00e9rature : -50~160 \u2103, niveau de pr\u00e9cision : 2,0.<\/p>\n<p>3. Consommation \u00e9lectrique du produit : \u2264 6W.<\/p>\n<p>4. Capacit\u00e9 de rupture ultime : 7000A.<\/p>\n<p>5. Dur\u00e9e de vie m\u00e9canique \u2265 1 million de fois, dur\u00e9e de vie \u00e9lectrique 200000 fois.<\/p>\n<p>6. Le protocole de communication RS485 est d\u00e9taill\u00e9 dans le manuel de communication RS485 V2.0 pour les instruments de puissance et les protecteurs.<\/p>\n<p>&nbsp;<\/p>\n<hr \/>\n<h1 class=\"elementor-heading-title elementor-size-default\"><span style=\"color: #0000ff;\">Contactez-nous d\u00e8s maintenant, des \u00e9chantillons gratuits sont disponibles<\/span><\/h1>\n<p>Pour obtenir plus d'informations sur nos produits et services, vous recevrez une r\u00e9ponse d'un expert en \u00e9lectricit\u00e9.<\/p>\n<p>Mob\/WhatsApp\/<strong>WeChat\/<\/strong>Wang : +86 18958900126<br \/>\nEmail professionnel\uff1a<strong>sales@tokeep.net<br \/>\n<\/strong>Adresse \u00e9lectronique de la technologie :\u00a0<strong>tokeepcc@gmail.com<\/strong><strong><br \/>\n<\/strong>Courriel personnel :<strong>\u00a0wxj7607@126.com<\/strong><\/p>\n<p><img decoding=\"async\" class=\"alignnone wp-image-5833 size-full\" src=\"https:\/\/ua-protector.com\/wp-content\/uploads\/2025\/04\/whateapp-1.jpg\" sizes=\"(max-width: 573px) 100vw, 573px\" srcset=\"https:\/\/ua-protector.com\/wp-content\/uploads\/2025\/04\/whateapp-1.jpg 573w, https:\/\/ua-protector.com\/wp-content\/uploads\/2025\/04\/whateapp-1-300x169.jpg 300w, https:\/\/ua-protector.com\/wp-content\/uploads\/2025\/04\/whateapp-1-18x10.jpg 18w\" alt=\"\" width=\"573\" height=\"322\" \/><\/p>","protected":false},"excerpt":{"rendered":"<p>Le <a href=\"https:\/\/ua-protector.com\/fr\/protecteur-de-moteur\/\">Commutation de contr\u00f4le et de protection, Protecteur de moteur<\/a> Le produit poss\u00e8de des fonctions telles que la surtension, la sous-tension, la surcharge, le court-circuit, le rotor bloqu\u00e9, le d\u00e9s\u00e9quilibre triphas\u00e9, la surchauffe, les fuites, la communication, etc. La conception du logiciel est conviviale, avec un affichage direct sur trois lignes, et les fonctions du produit sont faciles \u00e0 \u00e9tendre. Actuellement,<\/p>","protected":false},"featured_media":4477,"template":"","meta":{"_acf_changed":false,"site-sidebar-layout":"default","site-content-layout":"","ast-site-content-layout":"default","site-content-style":"default","site-sidebar-style":"default","ast-global-header-display":"","ast-banner-title-visibility":"","ast-main-header-display":"","ast-hfb-above-header-display":"","ast-hfb-below-header-display":"","ast-hfb-mobile-header-display":"","site-post-title":"","ast-breadcrumbs-content":"","ast-featured-img":"","footer-sml-layout":"","theme-transparent-header-meta":"default","adv-header-id-meta":"","stick-header-meta":"","header-above-stick-meta":"","header-main-stick-meta":"","header-below-stick-meta":"","astra-migrate-meta-layouts":"set","ast-page-background-enabled":"default","ast-page-background-meta":{"desktop":{"background-color":"","background-image":"","background-repeat":"repeat","background-position":"center center","background-size":"auto","background-attachment":"scroll","background-type":"","background-media":"","overlay-type":"","overlay-color":"","overlay-opacity":"","overlay-gradient":""},"tablet":{"background-color":"","background-image":"","background-repeat":"repeat","background-position":"center center","background-size":"auto","background-attachment":"scroll","background-type":"","background-media":"","overlay-type":"","overlay-color":"","overlay-opacity":"","overlay-gradient":""},"mobile":{"background-color":"","background-image":"","background-repeat":"repeat","background-position":"center center","background-size":"auto","background-attachment":"scroll","background-type":"","background-media":"","overlay-type":"","overlay-color":"","overlay-opacity":"","overlay-gradient":""}},"ast-content-background-meta":{"desktop":{"background-color":"var(--ast-global-color-5)","background-image":"","background-repeat":"repeat","background-position":"center center","background-size":"auto","background-attachment":"scroll","background-type":"","background-media":"","overlay-type":"","overlay-color":"","overlay-opacity":"","overlay-gradient":""},"tablet":{"background-color":"var(--ast-global-color-5)","background-image":"","background-repeat":"repeat","background-position":"center center","background-size":"auto","background-attachment":"scroll","background-type":"","background-media":"","overlay-type":"","overlay-color":"","overlay-opacity":"","overlay-gradient":""},"mobile":{"background-color":"var(--ast-global-color-5)","background-image":"","background-repeat":"repeat","background-position":"center center","background-size":"auto","background-attachment":"scroll","background-type":"","background-media":"","overlay-type":"","overlay-color":"","overlay-opacity":"","overlay-gradient":""}}},"product_brand":[],"product_cat":[63,56,61,62],"product_tag":[58,59,60],"class_list":{"0":"post-4430","1":"product","2":"type-product","3":"status-publish","4":"has-post-thumbnail","6":"product_cat-motor-protector","7":"product_cat-protector","8":"product_cat-switch","9":"product_cat-voltage-protector","10":"product_tag-energy","11":"product_tag-phase","12":"product_tag-sale","13":"desktop-align-center","14":"tablet-align-left","15":"mobile-align-left","17":"first","18":"instock","19":"featured","20":"shipping-taxable","21":"product-type-simple"},"acf":[],"_links":{"self":[{"href":"https:\/\/ua-protector.com\/fr\/wp-json\/wp\/v2\/product\/4430","targetHints":{"allow":["GET"]}}],"collection":[{"href":"https:\/\/ua-protector.com\/fr\/wp-json\/wp\/v2\/product"}],"about":[{"href":"https:\/\/ua-protector.com\/fr\/wp-json\/wp\/v2\/types\/product"}],"version-history":[{"count":8,"href":"https:\/\/ua-protector.com\/fr\/wp-json\/wp\/v2\/product\/4430\/revisions"}],"predecessor-version":[{"id":6696,"href":"https:\/\/ua-protector.com\/fr\/wp-json\/wp\/v2\/product\/4430\/revisions\/6696"}],"wp:featuredmedia":[{"embeddable":true,"href":"https:\/\/ua-protector.com\/fr\/wp-json\/wp\/v2\/media\/4477"}],"wp:attachment":[{"href":"https:\/\/ua-protector.com\/fr\/wp-json\/wp\/v2\/media?parent=4430"}],"wp:term":[{"taxonomy":"product_brand","embeddable":true,"href":"https:\/\/ua-protector.com\/fr\/wp-json\/wp\/v2\/product_brand?post=4430"},{"taxonomy":"product_cat","embeddable":true,"href":"https:\/\/ua-protector.com\/fr\/wp-json\/wp\/v2\/product_cat?post=4430"},{"taxonomy":"product_tag","embeddable":true,"href":"https:\/\/ua-protector.com\/fr\/wp-json\/wp\/v2\/product_tag?post=4430"}],"curies":[{"name":"wp","href":"https:\/\/api.w.org\/{rel}","templated":true}]}}