{"id":4429,"date":"2025-04-27T02:23:54","date_gmt":"2025-04-27T02:23:54","guid":{"rendered":"https:\/\/ua-protector.com\/?post_type=product&#038;p=4429"},"modified":"2025-08-06T01:25:09","modified_gmt":"2025-08-06T08:25:09","slug":"three-phase-four-wire-self-resettable-over-under-voltage-protector","status":"publish","type":"product","link":"https:\/\/ua-protector.com\/fr\/produit\/protecteur\/protecteur-de-tension\/protecteur-de-surtension-et-de-soustension-triphase-a-quatre-fils-a-reenclenchement-automatique\/","title":{"rendered":"Protecteur de surtension et de sous-tension triphas\u00e9 \u00e0 quatre fils \u00e0 r\u00e9armement automatique JGGQ-100S"},"content":{"rendered":"<h2><strong>1. Introduction<\/strong><\/h2>\n<hr \/>\n<figure id=\"attachment_4472\" aria-describedby=\"caption-attachment-4472\" style=\"width: 300px\" class=\"wp-caption alignleft\"><img fetchpriority=\"high\" decoding=\"async\" class=\"wp-image-4472 size-medium\" src=\"https:\/\/ua-protector.com\/wp-content\/uploads\/2025\/04\/JGGQ-100S-0-300x300.jpg\" alt=\"Protecteur de surtension et de sous-tension triphas\u00e9 4 fils \u00e0 r\u00e9armement automatique \" width=\"300\" height=\"300\" srcset=\"https:\/\/ua-protector.com\/wp-content\/uploads\/2025\/04\/JGGQ-100S-0-300x300.jpg 300w, https:\/\/ua-protector.com\/wp-content\/uploads\/2025\/04\/JGGQ-100S-0-100x100.jpg 100w, https:\/\/ua-protector.com\/wp-content\/uploads\/2025\/04\/JGGQ-100S-0-600x600.jpg 600w, https:\/\/ua-protector.com\/wp-content\/uploads\/2025\/04\/JGGQ-100S-0-150x150.jpg 150w, https:\/\/ua-protector.com\/wp-content\/uploads\/2025\/04\/JGGQ-100S-0-768x768.jpg 768w, https:\/\/ua-protector.com\/wp-content\/uploads\/2025\/04\/JGGQ-100S-0.jpg 800w\" sizes=\"(max-width: 300px) 100vw, 300px\" \/><figcaption id=\"caption-attachment-4472\" class=\"wp-caption-text\">Protecteur de surtension et de sous-tension triphas\u00e9 4 fils \u00e0 r\u00e9armement automatique<\/figcaption><\/figure>\n<p><a href=\"https:\/\/ua-protector.com\/fr\/\"><strong>Protecteur de surtension et de sous-tension triphas\u00e9 \u00e0 quatre fils \u00e0 r\u00e9armement automatique <\/strong><\/a>Lorsque la ligne d'alimentation pr\u00e9sente une surtension ou une sous-tension, le protecteur peut couper rapidement et en toute s\u00e9curit\u00e9 le circuit sous l'impact continu de la haute tension afin d'\u00e9viter les accidents caus\u00e9s par une tension anormale envoy\u00e9e aux appareils \u00e9lectriques terminaux. Lorsque la tension revient \u00e0 des valeurs normales, le protecteur r\u00e9tablit automatiquement le circuit dans le d\u00e9lai sp\u00e9cifi\u00e9 afin d'assurer le fonctionnement normal des appareils \u00e9lectriques terminaux dans une situation d'absence de surveillance.<\/p>\n<p><strong>Deuxi\u00e8mement, les principaux param\u00e8tres techniques<\/strong><\/p>\n<p>1. Courant nominal : 32A, 40A, 50A, 63A, 80A, 100A<\/p>\n<p>2. Tension de fonctionnement : AC230V (mode de fonctionnement de la ligne de phase \u00e0 la ligne neutre)<\/p>\n<p>3. Valeur de protection contre les surtensions : AC270V \u00b15V<\/p>\n<p>4. Valeur de protection contre les sous-tensions : AC170V \u00b15V<\/p>\n<p>5. Temps de r\u00e9initialisation apr\u00e8s l'\u00e9chec : 40 secondes \u00b15 secondes<\/p>\n<p>6. Temps d'action : 0,1 seconde<\/p>\n<p>7. Les produits ont principalement des fonctions de protection contre les pertes de phase et de protection contre l'absence de ligne z\u00e9ro, <a href=\"https:\/\/elejg.com\/\" target=\"_blank\" rel=\"noopener\">surtension<\/a> protection, protection contre la soustension, etc.<\/p>\n<h2><strong>La mise en \u0153uvre des normes<\/strong><\/h2>\n<hr \/>\n<p>JGJ242-2011 Code pour la conception \u00e9lectrique des b\u00e2timents r\u00e9sidentiels<\/p>\n<p>JGJ\/T16-2008<\/p>\n<p>GJBT-672 Atlas normalis\u00e9 de la conception et de la construction \u00e9lectrique des b\u00e2timents r\u00e9sidentiels<\/p>\n<p>GB\/T68895.10-2001<\/p>\n<p>Conforme aux normes de s\u00e9curit\u00e9 pour les appareils \u00e9lectriques de classe III<\/p>\n<p>JB\/T12762-2015 \u300a<strong>Protection contre les surtensions et les sous-tensions \u00e0 r\u00e9armement automatique<\/strong>\uff08<strong>OUPA<\/strong>)\u300b<\/p>\n<h2><strong>Les dimensions g\u00e9n\u00e9rales<\/strong><\/h2>\n<hr \/>\n<p>&nbsp;<\/p>\n<p><img decoding=\"async\" class=\"alignnone\" title=\"Dimensions .jpg\" src=\"https:\/\/elejg.com\/static\/upload\/image\/20241216\/1734334647745672.jpg\" alt=\"\" width=\"664\" height=\"287\" border=\"0\" hspace=\"0\" vspace=\"0\" data-bd-imgshare-binded=\"1\" \/><\/p>\n<p>&nbsp;<\/p>\n<hr \/>\n<h1 class=\"elementor-heading-title elementor-size-default\"><span style=\"color: #0000ff;\">Contactez-nous d\u00e8s maintenant, des \u00e9chantillons gratuits sont disponibles<\/span><\/h1>\n<p>Pour obtenir plus d'informations sur nos produits et services, vous recevrez une r\u00e9ponse d'un expert en \u00e9lectricit\u00e9.<\/p>\n<p>Mob\/WhatsApp\/Wang : +86 18958900126<br \/>\nEmail professionnel\uff1a<strong>sales@tokeep.net<br \/>\n<\/strong>Adresse \u00e9lectronique de la technologie :\u00a0<strong>tokeepcc@gmail.com<\/strong><strong><br \/>\n<\/strong>Courriel personnel :<strong>\u00a0wxj7607@126.com<\/strong><\/p>\n<p><img decoding=\"async\" class=\"alignnone wp-image-5833 size-full\" src=\"https:\/\/ua-protector.com\/wp-content\/uploads\/2025\/04\/whateapp-1.jpg\" sizes=\"(max-width: 573px) 100vw, 573px\" srcset=\"https:\/\/ua-protector.com\/wp-content\/uploads\/2025\/04\/whateapp-1.jpg 573w, https:\/\/ua-protector.com\/wp-content\/uploads\/2025\/04\/whateapp-1-300x169.jpg 300w, https:\/\/ua-protector.com\/wp-content\/uploads\/2025\/04\/whateapp-1-18x10.jpg 18w\" alt=\"\" width=\"573\" height=\"322\" \/><\/p>\n<p>&nbsp;<\/p>","protected":false},"excerpt":{"rendered":"<p><strong>Protecteur de surtension et de sous-tension triphas\u00e9 \u00e0 quatre fils \u00e0 r\u00e9armement automatique <\/strong>adopte un processeur haute vitesse \u00e0 faible consommation d'\u00e9nergie comme noyau du circuit de commande, un relais magn\u00e9tique \u00e0 verrouillage comme circuit principal, et une conception standard modulaire. Lorsque la ligne d'alimentation pr\u00e9sente une surtension ou une sous-tension, le protecteur peut rapidement et en toute s\u00e9curit\u00e9 couper le circuit sous l'impact continu d'une haute tension, Lorsque la tension revient \u00e0 des valeurs normales, le protecteur r\u00e9tablit automatiquement le circuit dans le d\u00e9lai sp\u00e9cifi\u00e9 afin d'assurer le fonctionnement normal des appareils \u00e9lectriques terminaux en cas d'absence de surveillance.<\/p>","protected":false},"featured_media":4472,"template":"","meta":{"_acf_changed":false,"site-sidebar-layout":"default","site-content-layout":"","ast-site-content-layout":"default","site-content-style":"default","site-sidebar-style":"default","ast-global-header-display":"","ast-banner-title-visibility":"","ast-main-header-display":"","ast-hfb-above-header-display":"","ast-hfb-below-header-display":"","ast-hfb-mobile-header-display":"","site-post-title":"","ast-breadcrumbs-content":"","ast-featured-img":"","footer-sml-layout":"","theme-transparent-header-meta":"default","adv-header-id-meta":"","stick-header-meta":"","header-above-stick-meta":"","header-main-stick-meta":"","header-below-stick-meta":"","astra-migrate-meta-layouts":"set","ast-page-background-enabled":"default","ast-page-background-meta":{"desktop":{"background-color":"","background-image":"","background-repeat":"repeat","background-position":"center center","background-size":"auto","background-attachment":"scroll","background-type":"","background-media":"","overlay-type":"","overlay-color":"","overlay-opacity":"","overlay-gradient":""},"tablet":{"background-color":"","background-image":"","background-repeat":"repeat","background-position":"center center","background-size":"auto","background-attachment":"scroll","background-type":"","background-media":"","overlay-type":"","overlay-color":"","overlay-opacity":"","overlay-gradient":""},"mobile":{"background-color":"","background-image":"","background-repeat":"repeat","background-position":"center center","background-size":"auto","background-attachment":"scroll","background-type":"","background-media":"","overlay-type":"","overlay-color":"","overlay-opacity":"","overlay-gradient":""}},"ast-content-background-meta":{"desktop":{"background-color":"var(--ast-global-color-5)","background-image":"","background-repeat":"repeat","background-position":"center center","background-size":"auto","background-attachment":"scroll","background-type":"","background-media":"","overlay-type":"","overlay-color":"","overlay-opacity":"","overlay-gradient":""},"tablet":{"background-color":"var(--ast-global-color-5)","background-image":"","background-repeat":"repeat","background-position":"center center","background-size":"auto","background-attachment":"scroll","background-type":"","background-media":"","overlay-type":"","overlay-color":"","overlay-opacity":"","overlay-gradient":""},"mobile":{"background-color":"var(--ast-global-color-5)","background-image":"","background-repeat":"repeat","background-position":"center center","background-size":"auto","background-attachment":"scroll","background-type":"","background-media":"","overlay-type":"","overlay-color":"","overlay-opacity":"","overlay-gradient":""}}},"product_brand":[],"product_cat":[62,56],"product_tag":[58,59,60],"class_list":{"0":"post-4429","1":"product","2":"type-product","3":"status-publish","4":"has-post-thumbnail","6":"product_cat-voltage-protector","7":"product_cat-protector","8":"product_tag-energy","9":"product_tag-phase","10":"product_tag-sale","11":"desktop-align-center","12":"tablet-align-left","13":"mobile-align-left","15":"first","16":"instock","17":"featured","18":"shipping-taxable","19":"product-type-simple"},"acf":[],"_links":{"self":[{"href":"https:\/\/ua-protector.com\/fr\/wp-json\/wp\/v2\/product\/4429","targetHints":{"allow":["GET"]}}],"collection":[{"href":"https:\/\/ua-protector.com\/fr\/wp-json\/wp\/v2\/product"}],"about":[{"href":"https:\/\/ua-protector.com\/fr\/wp-json\/wp\/v2\/types\/product"}],"version-history":[{"count":14,"href":"https:\/\/ua-protector.com\/fr\/wp-json\/wp\/v2\/product\/4429\/revisions"}],"predecessor-version":[{"id":6695,"href":"https:\/\/ua-protector.com\/fr\/wp-json\/wp\/v2\/product\/4429\/revisions\/6695"}],"wp:featuredmedia":[{"embeddable":true,"href":"https:\/\/ua-protector.com\/fr\/wp-json\/wp\/v2\/media\/4472"}],"wp:attachment":[{"href":"https:\/\/ua-protector.com\/fr\/wp-json\/wp\/v2\/media?parent=4429"}],"wp:term":[{"taxonomy":"product_brand","embeddable":true,"href":"https:\/\/ua-protector.com\/fr\/wp-json\/wp\/v2\/product_brand?post=4429"},{"taxonomy":"product_cat","embeddable":true,"href":"https:\/\/ua-protector.com\/fr\/wp-json\/wp\/v2\/product_cat?post=4429"},{"taxonomy":"product_tag","embeddable":true,"href":"https:\/\/ua-protector.com\/fr\/wp-json\/wp\/v2\/product_tag?post=4429"}],"curies":[{"name":"wp","href":"https:\/\/api.w.org\/{rel}","templated":true}]}}