{"id":4427,"date":"2025-04-27T02:23:54","date_gmt":"2025-04-27T02:23:54","guid":{"rendered":"https:\/\/ua-protector.com\/?post_type=product&#038;p=4427"},"modified":"2025-08-06T01:23:49","modified_gmt":"2025-08-06T08:23:49","slug":"dual-power-automatic-transfer-switch-jgq3-100-4p","status":"publish","type":"product","link":"https:\/\/ua-protector.com\/fr\/produit\/produit\/interrupteur\/commutateur-de-transfert-automatique-double-puissance-jgq3-100-4p\/","title":{"rendered":"Commutateur de transfert automatique double puissance deux entr\u00e9es et une sortie JGQ3-100 4P"},"content":{"rendered":"<h3><strong>Introduction<\/strong><\/h3>\n<hr \/>\n<figure id=\"attachment_4462\" aria-describedby=\"caption-attachment-4462\" style=\"width: 300px\" class=\"wp-caption alignleft\"><img fetchpriority=\"high\" decoding=\"async\" class=\"wp-image-4462 size-medium\" src=\"https:\/\/ua-protector.com\/wp-content\/uploads\/2025\/04\/JGQ3-100X-3-300x300.jpg\" alt=\"Commutateur de transfert automatique \u00e0 double puissance\" width=\"300\" height=\"300\" srcset=\"https:\/\/ua-protector.com\/wp-content\/uploads\/2025\/04\/JGQ3-100X-3-300x300.jpg 300w, https:\/\/ua-protector.com\/wp-content\/uploads\/2025\/04\/JGQ3-100X-3-100x100.jpg 100w, https:\/\/ua-protector.com\/wp-content\/uploads\/2025\/04\/JGQ3-100X-3-600x600.jpg 600w, https:\/\/ua-protector.com\/wp-content\/uploads\/2025\/04\/JGQ3-100X-3-150x150.jpg 150w, https:\/\/ua-protector.com\/wp-content\/uploads\/2025\/04\/JGQ3-100X-3-768x768.jpg 768w, https:\/\/ua-protector.com\/wp-content\/uploads\/2025\/04\/JGQ3-100X-3.jpg 800w\" sizes=\"(max-width: 300px) 100vw, 300px\" \/><figcaption id=\"caption-attachment-4462\" class=\"wp-caption-text\">Commutateur de transfert automatique \u00e0 double puissance<\/figcaption><\/figure>\n<p><a href=\"https:\/\/ua-protector.com\/fr\/disjoncteurs-c-c-2\/\">Commutateur de transfert automatique \u00e0 double puissance<\/a> JGQ3-100 (ATSE), est un ensemble de commutateur et de contr\u00f4le logique en un seul, sans besoin d'un contr\u00f4leur externe, r\u00e9alisant vraiment l'int\u00e9gration m\u00e9canique et \u00e9lectrique du commutateur de transfert automatique, il est adapt\u00e9 pour AC 50Hz, tension nominale jusqu'\u00e0 440V, le courant de chauffage convenu de 100A dans l'\u00e9quipement de distribution d'\u00e9nergie industriel et d'entreprise, avec d\u00e9tection de tension, Il est largement utilis\u00e9 dans la conversion automatique du courant principal et du syst\u00e8me d'alimentation de secours ou dans la conversion automatique et l'isolation de s\u00e9curit\u00e9 de deux \u00e9quipements de charge.<\/p>\n<p>L'interrupteur est g\u00e9r\u00e9 par la carte de circuit imprim\u00e9 de contr\u00f4le qui \u00e9met diverses commandes logiques, et le moteur entra\u00eene le m\u00e9canisme de fonctionnement de la partie principale de l'interrupteur, qui connecte rapidement l'interrupteur \u00e0 la carte de circuit imprim\u00e9 de contr\u00f4le. <a href=\"https:\/\/elejg.com\/\" target=\"_blank\" rel=\"noopener\">rupture<\/a> ou convertit l'appareil \u00e9lectrique, et r\u00e9alise l'isolation de s\u00e9curit\u00e9 par l'\u00e9tat visible \u00e9vident.<\/p>\n<h2>Description de la structure du commutateur<\/h2>\n<hr \/>\n<p>1. Bouton \u00e9lectrique : contr\u00f4le l'alimentation \u00e9lectrique de la ligne de commande interne de l'interrupteur de commande, et lorsque le bouton \u00e9lectrique est automatique, l'interrupteur peut \u00eatre enti\u00e8rement automatique et op\u00e9rationnel.<br \/>\nContr\u00f4ler et forcer l'op\u00e9ration \"0\", lorsque le bouton \u00e9lectrique est manuel, l'interrupteur ne peut \u00eatre actionn\u00e9 que manuellement.<br \/>\n2. Actionner la poign\u00e9e : Lors de l'utilisation de la poign\u00e9e de commande manuelle, le bouton \u00e9lectrique doit \u00eatre en position manuelle.<br \/>\n3. Cadenas du m\u00e9canisme : sp\u00e9cial pour la maintenance, c'est-\u00e0-dire qu'il faut d'abord utiliser la poign\u00e9e de man\u0153uvre pour mettre l'interrupteur en position \"0\", puis connecter le m\u00e9canisme du cadenas.<br \/>\ncadenas, peut \u00eatre r\u00e9vis\u00e9 (prendre le cadenas pour couper le pouvoir de contr\u00f4le interne de l'interrupteur, l'interrupteur ne peut pas \u00eatre automatique, et ne peut pas \u00eatre r\u00e9alis\u00e9 \u00e0 la main).<br \/>\nen mouvement).<br \/>\n4. Indicateur : indique la position de l'interrupteur en \u00e9tat de marche (I, O, II)<\/p>\n<h2>Les principaux param\u00e8tres techniques<\/h2>\n<hr \/>\n<p>1. Le commutateur est conforme \u00e0 : IEC947-6-1, GB14048.11<br \/>\n2. Tension nominale de fonctionnement (Ue) : AC415V<br \/>\n3. Capacit\u00e9 nominale de mise sous tension (A Rms) : 10Ie<br \/>\n4. Pouvoir de coupure nominal (A eff.) : 8Ie<br \/>\n5. Courant de chauffage nominal : 100A<br \/>\n6. Tension nominale d'isolation : 750V<br \/>\n7. Tension nominale de r\u00e9sistance aux chocs : 8kV<br \/>\n8. Courant de travail nominal : 100A<br \/>\n9. Courant de court-circuit nominal : 7kA<br \/>\n10. Courant limite nominal : 100 kA<br \/>\n11. Temps de conversion : 1S<\/p>\n<h2>Comment l'utiliser ?<\/h2>\n<hr \/>\n<p>1. Fonction enti\u00e8rement automatique : lorsque l'alimentation couramment utilis\u00e9e est \u00e9teinte, l'interrupteur passe automatiquement \u00e0 l'alimentation de secours ; lorsque l'alimentation de secours est r\u00e9tablie \u00e0 la normale,<br \/>\nLe commutateur revient automatiquement \u00e0 l'alimentation de secours.<br \/>\n2. Fonction \"0\" forc\u00e9e : Lancez le bouton \"0\" forc\u00e9, et l'interrupteur coupera la double alimentation.<br \/>\n3. Fonction de t\u00e9l\u00e9commande : c'est-\u00e0-dire que pour la t\u00e9l\u00e9commande, il faut appuyer sur le bouton \"I\" ; l'alimentation \u00e9lectrique est alors couramment utilis\u00e9e ; il faut appuyer sur la position \"II\".<br \/>\nAppuyez sur la touche \"0\" pour couper l'alimentation double.<br \/>\n4. Veuillez s\u00e9lectionner la fonction de l'interrupteur en fonction de vos besoins et c\u00e2bler selon la fonction correspondante.<br \/>\n5. Lors de la commande, veuillez indiquer le mod\u00e8le de l'interrupteur, la sp\u00e9cification actuelle et la fonction requise.<\/p>\n<p>&nbsp;<\/p>\n<hr \/>\n<h1 class=\"elementor-heading-title elementor-size-default\"><span style=\"color: #0000ff;\">Contactez-nous d\u00e8s maintenant, des \u00e9chantillons gratuits sont disponibles<\/span><\/h1>\n<p>Pour obtenir plus d'informations sur nos produits et services, vous recevrez une r\u00e9ponse d'un expert en \u00e9lectricit\u00e9.<\/p>\n<p>Mob\/WhatsApp\/Wang : +86 18958900126<br \/>\nEmail professionnel\uff1a<strong>sales@tokeep.net<br \/>\n<\/strong>Adresse \u00e9lectronique de la technologie :\u00a0<strong>tokeepcc@gmail.com<\/strong><strong><br \/>\n<\/strong>Courriel personnel :<strong>\u00a0wxj7607@126.com<\/strong><\/p>\n<p><img decoding=\"async\" class=\"alignnone wp-image-5833 size-full\" src=\"https:\/\/ua-protector.com\/wp-content\/uploads\/2025\/04\/whateapp-1.jpg\" sizes=\"(max-width: 573px) 100vw, 573px\" srcset=\"https:\/\/ua-protector.com\/wp-content\/uploads\/2025\/04\/whateapp-1.jpg 573w, https:\/\/ua-protector.com\/wp-content\/uploads\/2025\/04\/whateapp-1-300x169.jpg 300w, https:\/\/ua-protector.com\/wp-content\/uploads\/2025\/04\/whateapp-1-18x10.jpg 18w\" alt=\"\" width=\"573\" height=\"322\" \/><\/p>","protected":false},"excerpt":{"rendered":"<p><a href=\"https:\/\/ua-protector.com\/fr\/disjoncteurs-c-c-2\/\">Commutateur de transfert automatique \u00e0 double puissance<\/a> JGQ3-100 (ATSE), est un ensemble de commutateur et de contr\u00f4le logique en un seul, sans besoin d'un contr\u00f4leur externe, r\u00e9alisant vraiment l'int\u00e9gration m\u00e9canique et \u00e9lectrique du commutateur de transfert automatique, il est adapt\u00e9 pour AC 50Hz, tension nominale jusqu'\u00e0 440V, le courant de chauffage convenu de 100A dans l'\u00e9quipement de distribution d'\u00e9nergie industriel et d'entreprise, avec la d\u00e9tection de la tension,<\/p>","protected":false},"featured_media":4460,"template":"","meta":{"_acf_changed":false,"site-sidebar-layout":"default","site-content-layout":"","ast-site-content-layout":"default","site-content-style":"default","site-sidebar-style":"default","ast-global-header-display":"","ast-banner-title-visibility":"","ast-main-header-display":"","ast-hfb-above-header-display":"","ast-hfb-below-header-display":"","ast-hfb-mobile-header-display":"","site-post-title":"","ast-breadcrumbs-content":"","ast-featured-img":"","footer-sml-layout":"","theme-transparent-header-meta":"default","adv-header-id-meta":"","stick-header-meta":"","header-above-stick-meta":"","header-main-stick-meta":"","header-below-stick-meta":"","astra-migrate-meta-layouts":"set","ast-page-background-enabled":"default","ast-page-background-meta":{"desktop":{"background-color":"","background-image":"","background-repeat":"repeat","background-position":"center center","background-size":"auto","background-attachment":"scroll","background-type":"","background-media":"","overlay-type":"","overlay-color":"","overlay-opacity":"","overlay-gradient":""},"tablet":{"background-color":"","background-image":"","background-repeat":"repeat","background-position":"center center","background-size":"auto","background-attachment":"scroll","background-type":"","background-media":"","overlay-type":"","overlay-color":"","overlay-opacity":"","overlay-gradient":""},"mobile":{"background-color":"","background-image":"","background-repeat":"repeat","background-position":"center center","background-size":"auto","background-attachment":"scroll","background-type":"","background-media":"","overlay-type":"","overlay-color":"","overlay-opacity":"","overlay-gradient":""}},"ast-content-background-meta":{"desktop":{"background-color":"var(--ast-global-color-5)","background-image":"","background-repeat":"repeat","background-position":"center center","background-size":"auto","background-attachment":"scroll","background-type":"","background-media":"","overlay-type":"","overlay-color":"","overlay-opacity":"","overlay-gradient":""},"tablet":{"background-color":"var(--ast-global-color-5)","background-image":"","background-repeat":"repeat","background-position":"center center","background-size":"auto","background-attachment":"scroll","background-type":"","background-media":"","overlay-type":"","overlay-color":"","overlay-opacity":"","overlay-gradient":""},"mobile":{"background-color":"var(--ast-global-color-5)","background-image":"","background-repeat":"repeat","background-position":"center center","background-size":"auto","background-attachment":"scroll","background-type":"","background-media":"","overlay-type":"","overlay-color":"","overlay-opacity":"","overlay-gradient":""}}},"product_brand":[],"product_cat":[61],"product_tag":[],"class_list":{"0":"post-4427","1":"product","2":"type-product","3":"status-publish","4":"has-post-thumbnail","6":"product_cat-switch","7":"desktop-align-center","8":"tablet-align-left","9":"mobile-align-left","11":"first","12":"instock","13":"shipping-taxable","14":"product-type-simple"},"acf":[],"_links":{"self":[{"href":"https:\/\/ua-protector.com\/fr\/wp-json\/wp\/v2\/product\/4427","targetHints":{"allow":["GET"]}}],"collection":[{"href":"https:\/\/ua-protector.com\/fr\/wp-json\/wp\/v2\/product"}],"about":[{"href":"https:\/\/ua-protector.com\/fr\/wp-json\/wp\/v2\/types\/product"}],"version-history":[{"count":9,"href":"https:\/\/ua-protector.com\/fr\/wp-json\/wp\/v2\/product\/4427\/revisions"}],"predecessor-version":[{"id":6693,"href":"https:\/\/ua-protector.com\/fr\/wp-json\/wp\/v2\/product\/4427\/revisions\/6693"}],"wp:featuredmedia":[{"embeddable":true,"href":"https:\/\/ua-protector.com\/fr\/wp-json\/wp\/v2\/media\/4460"}],"wp:attachment":[{"href":"https:\/\/ua-protector.com\/fr\/wp-json\/wp\/v2\/media?parent=4427"}],"wp:term":[{"taxonomy":"product_brand","embeddable":true,"href":"https:\/\/ua-protector.com\/fr\/wp-json\/wp\/v2\/product_brand?post=4427"},{"taxonomy":"product_cat","embeddable":true,"href":"https:\/\/ua-protector.com\/fr\/wp-json\/wp\/v2\/product_cat?post=4427"},{"taxonomy":"product_tag","embeddable":true,"href":"https:\/\/ua-protector.com\/fr\/wp-json\/wp\/v2\/product_tag?post=4427"}],"curies":[{"name":"wp","href":"https:\/\/api.w.org\/{rel}","templated":true}]}}