{"id":4425,"date":"2025-04-27T02:23:54","date_gmt":"2025-04-27T02:23:54","guid":{"rendered":"https:\/\/ua-protector.com\/?post_type=product&#038;p=4425"},"modified":"2025-08-06T01:17:53","modified_gmt":"2025-08-06T08:17:53","slug":"adjustable-over-under-voltage-protector","status":"publish","type":"product","link":"https:\/\/ua-protector.com\/fr\/produit\/protecteur\/protecteur-limiteur-de-courant-ignifuge\/protection-reglable-contre-la-surtension-et-la-soustension\/","title":{"rendered":"Protecteur de surtension r\u00e9glable JGIV-63"},"content":{"rendered":"<h3>1\u3001Introduction<\/h3>\n<hr \/>\n<figure id=\"attachment_4449\" aria-describedby=\"caption-attachment-4449\" style=\"width: 300px\" class=\"wp-caption alignleft\"><img fetchpriority=\"high\" decoding=\"async\" src=\"https:\/\/ua-protector.com\/wp-content\/uploads\/2025\/04\/JGIV-63-4-300x300.jpg\" alt=\"Protecteur de surtension et de sous-tension r\u00e9glable\" width=\"300\" height=\"300\" \/><figcaption id=\"caption-attachment-4449\" class=\"wp-caption-text\">Protecteur de surtension et de sous-tension r\u00e9glable<\/figcaption><\/figure>\n<p><a href=\"https:\/\/ua-protector.com\/fr\/categorie-produit\/produit\/protecteur\/protecteur-de-tension\/\">\u00a0 \u00a0 Protecteur de surtension et de sous-tension r\u00e9glable<\/a>\u00a0 La s\u00e9rie JGIV-63 est un protecteur de surtension et de sous-tension de type fuite \u00e0 limitation de courant, qui comprend des protecteurs de surtension, de sous-tension, de court-circuit, de fuite et des protecteurs complets. Le produit pr\u00e9sente les avantages de la modularit\u00e9, de l'intelligence et de la visualisation.<\/p>\n<p>Tous les param\u00e8tres de protection, tels que la surtension, la sous-tension et la protection contre les fuites, peuvent \u00eatre r\u00e9gl\u00e9s en fonction de la demande de puissance, ce qui garantit que le protecteur peut couper instantan\u00e9ment l'alimentation en cas d'incident. <a href=\"https:\/\/elejg.com\/\" target=\"_blank\" rel=\"noopener\">surtension, sous-tension,<\/a> les courts-circuits, les fuites et autres d\u00e9fauts dans le circuit, prot\u00e9geant ainsi l'\u00e9quipement \u00e9lectrique contre les dommages.<br \/>\nCette s\u00e9rie de produits pr\u00e9sente une structure compacte, une belle apparence et une installation standard sur rail. Elle convient principalement \u00e0 la distribution d'\u00e9nergie domestique, aux dortoirs d'\u00e9cole, aux maisons de location et \u00e0 d'autres occasions.<\/p>\n<h3>2\u3001Conditions de travail et param\u00e8tres<\/h3>\n<hr \/>\n<p>2.1. Le produit se d\u00e9connecte automatiquement dans un d\u00e9lai d'une seconde en cas de surtension, de sous-tension, de surintensit\u00e9 ou de fuite lors de la premi\u00e8re mise sous tension ;<br \/>\n2.2. Param\u00e8tres de protection du courant :<br \/>\na. \u2265 1,0 fois le courant, plage de r\u00e9glage 1-120 secondes, 10 secondes par d\u00e9faut<br \/>\nb. \u2265 2 fois le courant de court-circuit, 0,1 seconde pour ouvrir le circuit<br \/>\n2.3. La temp\u00e9rature ambiante ne doit pas d\u00e9passer +40 \u2103, ni \u00eatre inf\u00e9rieure \u00e0 -5 \u2103, et la temp\u00e9rature moyenne sur 24 heures ne doit pas d\u00e9passer +35 \u2103 ; \u00e0 +40 \u2103, l'humidit\u00e9 de l'air ambiant ne doit pas d\u00e9passer 50%.<br \/>\n2.4. Le niveau de la mer \u00e0 l'emplacement de l'installation ne doit pas d\u00e9passer 2000 m\u00e8tres.5 Niveau de pollution III.6. L'environnement d'installation ne contient pas de produits dangereux explosifs, de gaz corrosifs ou isolants, ni de poussi\u00e8res conductrices. Il n'y a pas non plus de zones affect\u00e9es par la pluie ou la neige.<\/p>\n<h3>3\u3001Protecteur de surtension et de sous-tension r\u00e9glable<\/h3>\n<hr \/>\n<div style=\"overflow-x: auto;\">\n<table style=\"min-width: 600px; height: 305px;\" border=\"1\" width=\"1288\" cellspacing=\"0\">\n<tbody>\n<tr>\n<td>Type<\/td>\n<td>JGIV-63<\/td>\n<\/tr>\n<tr>\n<td>Sp\u00e9cifications actuelles<\/td>\n<td>63A(2~63A)<\/td>\n<\/tr>\n<tr>\n<td>Plage de r\u00e9glage de la surtension<\/td>\n<td>AC270V(210~300V)<\/td>\n<\/tr>\n<tr>\n<td>Plage de r\u00e9glage de la sous-tension<\/td>\n<td>AC170V(80~200V)<\/td>\n<\/tr>\n<tr>\n<td>Plage de r\u00e9glage du courant de fuite<\/td>\n<td>20mA(5~300mA)<\/td>\n<\/tr>\n<tr>\n<td>Tension de fonctionnement<\/td>\n<td>AC230V\/400V<\/td>\n<\/tr>\n<\/tbody>\n<\/table>\n<\/div>\n<p>3.1. Bouton de r\u00e9glage : Appuyez sur la touche de r\u00e9glage pendant 2 secondes pour acc\u00e9der au mode de r\u00e9glage. Apr\u00e8s avoir acc\u00e9d\u00e9 au mode de r\u00e9glage, appuyez une fois sur cette touche pour acc\u00e9der au menu de r\u00e9glage suivant ;<br \/>\n3.2. Touche de d\u00e9calage : En \u00e9tat de r\u00e9glage, il s'agit de la fonction de d\u00e9calage num\u00e9rique ;<br \/>\n3.3. Touche de donn\u00e9es : permet d'interroger les derni\u00e8res informations de d\u00e9faut du produit et de modifier les param\u00e8tres qui doivent \u00eatre r\u00e9gl\u00e9s lors de la d\u00e9finition de l'\u00e9tat ;<br \/>\n3.4. Bouton de r\u00e9initialisation : Lorsque la premi\u00e8re surintensit\u00e9 ou fuite se produit, le produit se ferme automatiquement apr\u00e8s un d\u00e9lai de r\u00e9initialisation sp\u00e9cifi\u00e9. Lorsque la deuxi\u00e8me surintensit\u00e9 ou fuite se produit, il faut confirmer manuellement qu'il n'y a pas de d\u00e9faut dans le circuit. Apr\u00e8s avoir appuy\u00e9 manuellement sur le bouton de r\u00e9initialisation, le produit se ferme. Lorsque l'appareil est r\u00e9gl\u00e9, appuyez sur le bouton de r\u00e9initialisation pendant une seconde pour sauvegarder et quitter l'\u00e9tat r\u00e9gl\u00e9,<br \/>\n3.5. Appuyez sur le bouton de r\u00e9initialisation et maintenez-le enfonc\u00e9 pendant l'affichage en temps r\u00e9el pour ouvrir le produit, et appuyez \u00e0 nouveau sur ce bouton pour le fermer.<\/p>\n<p><img decoding=\"async\" src=\"https:\/\/ua-protector.com\/wp-content\/uploads\/2025\/04\/\u83dc\u5355-\u82f1\u6587.jpg\" alt=\"\" width=\"827\" height=\"594\" \/><\/p>\n<p>&nbsp;<\/p>\n<h3><img decoding=\"async\" src=\"https:\/\/ua-protector.com\/wp-content\/uploads\/2025\/04\/\u9762\u677f\u8bf4\u660e-\u82f1\u6587-1.jpg\" alt=\"\" width=\"451\" height=\"752\" \/><\/h3>\n<p>&nbsp;<\/p>\n<h3>5\u3001Dimensions<\/h3>\n<hr \/>\n<p><img loading=\"lazy\" decoding=\"async\" src=\"https:\/\/ua-protector.com\/wp-content\/uploads\/2025\/04\/\u5b89\u88c5\u5c3a\u5bf8.jpg\" alt=\"\" width=\"686\" height=\"530\" \/><\/p>\n<h2>Il devrait y avoir un plan<\/h2>\n<hr \/>\n<figure id=\"attachment_6111\" aria-describedby=\"caption-attachment-6111\" style=\"width: 600px\" class=\"wp-caption alignnone\"><img loading=\"lazy\" decoding=\"async\" class=\"wp-image-6111 size-full\" src=\"https:\/\/ua-protector.com\/wp-content\/uploads\/2025\/04\/\u63a5\u7ebf\u56fe-\u8fc7\u6b20\u538b-3.jpg\" alt=\"protecteurs contre la surtension et la soustension\" width=\"600\" height=\"1133\" srcset=\"https:\/\/ua-protector.com\/wp-content\/uploads\/2025\/04\/\u63a5\u7ebf\u56fe-\u8fc7\u6b20\u538b-3.jpg 600w, https:\/\/ua-protector.com\/wp-content\/uploads\/2025\/04\/\u63a5\u7ebf\u56fe-\u8fc7\u6b20\u538b-3-159x300.jpg 159w, https:\/\/ua-protector.com\/wp-content\/uploads\/2025\/04\/\u63a5\u7ebf\u56fe-\u8fc7\u6b20\u538b-3-542x1024.jpg 542w, https:\/\/ua-protector.com\/wp-content\/uploads\/2025\/04\/\u63a5\u7ebf\u56fe-\u8fc7\u6b20\u538b-3-6x12.jpg 6w\" sizes=\"(max-width: 600px) 100vw, 600px\" \/><figcaption id=\"caption-attachment-6111\" class=\"wp-caption-text\">protecteurs contre la surtension et la soustension<\/figcaption><\/figure>\n<h3 data-slate-node=\"element\"><span class=\"null hover-sent\" style=\"color: #ff0000;\" data-slate-leaf=\"true\" data-sent-id=\"ejrkgDPYqe\">Avertissement :<\/span><\/h3>\n<div data-slate-node=\"element\"><span data-slate-node=\"text\"><span class=\"null hover-sent\" data-slate-leaf=\"true\" data-sent-id=\"ejrkgDPYqe\">Les fils N et L ne doivent pas \u00eatre mal raccord\u00e9s.<\/span><\/span><\/div>\n<div data-slate-node=\"element\" data-slate-fragment=\"JTVCJTdCJTIydHlwZSUyMiUzQSUyMnBhcmFncmFwaCUyMiUyQyUyMmNoaWxkcmVuJTIyJTNBJTVCJTdCJTIyaWQlMjIlM0ElMjJlanJrZ0RQWXFlJTIyJTJDJTIycGFyYUlkeCUyMiUzQTElMkMlMjJzcmMlMjIlM0ElMjJBdHRlbnRpb24lM0ElMjBUaGUlMjBOJTIwYW5kJTIwTCUyMHdpcmVzJTIwbXVzdCUyMG5vdCUyMGJlJTIwY29ubmVjdGVkJTIwaW5jb3JyZWN0bHkuJTIyJTJDJTIyZHN0JTIyJTNBJTIyJUU2JUIzJUE4JUU2JTg0JThGJUVGJUJDJTlBTiVFNSU5MiU4Q0wlRTclQkElQkYlRTQlQjglOEQlRTUlQkUlOTclRTglQkYlOUUlRTYlOEUlQTUlRTklOTQlOTklRTglQUYlQUYlRTMlODAlODIlMjIlMkMlMjJtZXRhZGF0YSUyMiUzQSUyMiUyMiUyQyUyMm1hdGNoZXMlMjIlM0FudWxsJTJDJTIybWV0YURhdGElMjIlM0ElNUIlNUQlMkMlMjJ0ZXh0JTIyJTNBJTIyVGhlJTIwTiUyMGFuZCUyMEwlMjB3aXJlcyUyMG11c3QlMjBub3QlMjBiZSUyMGNvbm5lY3RlZCUyMGluY29ycmVjdGx5LiUyMiU3RCU1RCU3RCUyQyU3QiUyMnR5cGUlMjIlM0ElMjJwYXJhZ3JhcGglMjIlMkMlMjJjaGlsZHJlbiUyMiUzQSU1QiU3QiUyMmlkJTIyJTNBJTIyVk5ETmRqOUFiQiUyMiUyQyUyMnBhcmFJZHglMjIlM0EyJTJDJTIyc3JjJTIyJTNBJTIyQWxsJTIwdGVybWluYWxzJTIwbXVzdCUyMGJlJTIwdGlnaHRlbmVkJTIwdG8lMjBwcmV2ZW50JTIwZmFsc2UlMjBjb25uZWN0aW9ucyUyMHRoYXQlMjBjb3VsZCUyMGJ1cm4lMjBvdXQlMjB0aGUlMjBwcm90ZWN0b3IuJTIyJTJDJTIyZHN0JTIyJTNBJTIyJUU2JTg5JTgwJUU2JTlDJTg5JUU3JUFCJUFGJUU1JUFEJTkwJUU1JUJGJTg1JUU5JUExJUJCJUU2JThCJUE3JUU3JUI0JUE3JUVGJUJDJThDJUU0JUJCJUE1JUU5JTk4JUIyJUU2JUFEJUEyJUU1JThGJUFGJUU4JTgzJUJEJUU3JTgzJUE3JUU1JTlEJThGJUU0JUJGJTlEJUU2JThBJUE0JUU1JTk5JUE4JUU3JTlBJTg0JUU5JTk0JTk5JUU4JUFGJUFGJUU4JUJGJTlFJUU2JThFJUE1JUUzJTgwJTgyJTIyJTJDJTIybWV0YWRhdGElMjIlM0ElMjIlMjIlMkMlMjJtYXRjaGVzJTIyJTNBbnVsbCUyQyUyMm1ldGFEYXRhJTIyJTNBJTVCJTVEJTJDJTIydGV4dCUyMiUzQSUyMkFsbCUyMHRlcm1pbmFscyUyMG11c3QlMjBiZSUyMHRpZ2h0ZW5lZCUyMHRvJTIwcHJldmVudCUyMGZhbHNlJTIwY29ubmVjdGlvbnMlMjB0aGF0JTIwY291bGQlMjBidXJuJTIwb3V0JTIwdGhlJTIwcHJvdGVjdG9yLiUyMiU3RCU1RCU3RCU1RA==\"><span data-slate-node=\"text\"><span class=\"null\" data-slate-leaf=\"true\" data-sent-id=\"VNDNdj9AbB\">Toutes les bornes doivent \u00eatre serr\u00e9es afin d'\u00e9viter les faux raccordements qui pourraient griller le protecteur.<\/span><\/span><\/div>\n<h2 class=\"wp-block-heading\"><\/h2>\n<h2><strong>Informations sur le paquet standard<\/strong><\/h2>\n<hr \/>\n<p><img loading=\"lazy\" decoding=\"async\" class=\"alignnone wp-image-6114 size-medium\" src=\"https:\/\/ua-protector.com\/wp-content\/uploads\/2025\/04\/45.5-23.5-31.5-box-300x300.jpg\" alt=\"\" width=\"300\" height=\"300\" srcset=\"https:\/\/ua-protector.com\/wp-content\/uploads\/2025\/04\/45.5-23.5-31.5-box-300x300.jpg 300w, https:\/\/ua-protector.com\/wp-content\/uploads\/2025\/04\/45.5-23.5-31.5-box-150x150.jpg 150w, https:\/\/ua-protector.com\/wp-content\/uploads\/2025\/04\/45.5-23.5-31.5-box-12x12.jpg 12w, https:\/\/ua-protector.com\/wp-content\/uploads\/2025\/04\/45.5-23.5-31.5-box-600x600.jpg 600w, https:\/\/ua-protector.com\/wp-content\/uploads\/2025\/04\/45.5-23.5-31.5-box-100x100.jpg 100w, https:\/\/ua-protector.com\/wp-content\/uploads\/2025\/04\/45.5-23.5-31.5-box.jpg 750w\" sizes=\"(max-width: 300px) 100vw, 300px\" \/><\/p>\n<div style=\"overflow-x: auto;\">\n<table>\n<tbody>\n<tr>\n<th>Dimension du carton (cm)<\/th>\n<th>Liste de colisage<\/th>\n<th>QT\u00c9<\/th>\n<th>Poids brut (kg)<\/th>\n<\/tr>\n<tr>\n<td style=\"text-align: center;\">45,5cm \u00d7 23,5cm \u00d7 31,5cm<\/td>\n<td style=\"text-align: center;\">\u00a0protecteur<\/td>\n<td style=\"text-align: center;\">120pcs<\/td>\n<td style=\"text-align: center;\">20 kg<\/td>\n<\/tr>\n<\/tbody>\n<\/table>\n<\/div>\n<p>&nbsp;<\/p>\n<h1 class=\"elementor-heading-title elementor-size-default\"><span style=\"color: #0000ff;\">Contactez-nous d\u00e8s maintenant, des \u00e9chantillons gratuits sont disponibles<\/span><\/h1>\n<hr \/>\n<p><strong>Pour obtenir plus d'informations sur nos produits et services, vous recevrez une r\u00e9ponse d'un expert en \u00e9lectricit\u00e9.<\/strong><\/p>\n<p>Mob\/WhatsApp\/WeChat\/Wang : +86 18958900126<br \/>\nEmail professionnel\uff1a<strong>sales@tokeep.net<br \/>\n<\/strong>Adresse \u00e9lectronique de la technologie :\u00a0<strong>tokeepcc@gmail.com<\/strong><strong><br \/>\n<\/strong>Courriel personnel :<strong>\u00a0wxj7607@126.com<\/strong><\/p>\n<p><img loading=\"lazy\" decoding=\"async\" class=\"alignnone wp-image-5833 size-full\" src=\"https:\/\/ua-protector.com\/wp-content\/uploads\/2025\/04\/whateapp-1.jpg\" sizes=\"(max-width: 573px) 100vw, 573px\" srcset=\"https:\/\/ua-protector.com\/wp-content\/uploads\/2025\/04\/whateapp-1.jpg 573w, https:\/\/ua-protector.com\/wp-content\/uploads\/2025\/04\/whateapp-1-300x169.jpg 300w, https:\/\/ua-protector.com\/wp-content\/uploads\/2025\/04\/whateapp-1-18x10.jpg 18w\" alt=\"\" width=\"573\" height=\"322\" \/><\/p>\n<p>protecteur de tension pour la maison,au pakistan,meilleur protecteur de tension pour la maison,protecteur de sur et sous tension ajustable,protecteur de tension pour refrigerateur,prix du protecteur de tension<\/p>","protected":false},"excerpt":{"rendered":"<p><a href=\"https:\/\/ua-protector.com\/fr\/produit\/\"> Protecteur de surtension et de sous-tension r\u00e9glable\u00a0<\/a> La s\u00e9rie JGIV-63 est un protecteur de surtension et de sous-tension de type fuite \u00e0 limitation de courant, qui comprend des protecteurs de surtension, de sous-tension, de court-circuit, de fuite et des protecteurs complets. Le produit pr\u00e9sente les avantages de la modularit\u00e9, de l'intelligence et de la visualisation.<\/p>","protected":false},"featured_media":4449,"template":"","meta":{"_acf_changed":false,"site-sidebar-layout":"default","site-content-layout":"","ast-site-content-layout":"default","site-content-style":"default","site-sidebar-style":"default","ast-global-header-display":"","ast-banner-title-visibility":"","ast-main-header-display":"","ast-hfb-above-header-display":"","ast-hfb-below-header-display":"","ast-hfb-mobile-header-display":"","site-post-title":"","ast-breadcrumbs-content":"","ast-featured-img":"","footer-sml-layout":"","theme-transparent-header-meta":"default","adv-header-id-meta":"","stick-header-meta":"","header-above-stick-meta":"","header-main-stick-meta":"","header-below-stick-meta":"","astra-migrate-meta-layouts":"set","ast-page-background-enabled":"default","ast-page-background-meta":{"desktop":{"background-color":"","background-image":"","background-repeat":"repeat","background-position":"center center","background-size":"auto","background-attachment":"scroll","background-type":"","background-media":"","overlay-type":"","overlay-color":"","overlay-opacity":"","overlay-gradient":""},"tablet":{"background-color":"","background-image":"","background-repeat":"repeat","background-position":"center center","background-size":"auto","background-attachment":"scroll","background-type":"","background-media":"","overlay-type":"","overlay-color":"","overlay-opacity":"","overlay-gradient":""},"mobile":{"background-color":"","background-image":"","background-repeat":"repeat","background-position":"center center","background-size":"auto","background-attachment":"scroll","background-type":"","background-media":"","overlay-type":"","overlay-color":"","overlay-opacity":"","overlay-gradient":""}},"ast-content-background-meta":{"desktop":{"background-color":"var(--ast-global-color-5)","background-image":"","background-repeat":"repeat","background-position":"center center","background-size":"auto","background-attachment":"scroll","background-type":"","background-media":"","overlay-type":"","overlay-color":"","overlay-opacity":"","overlay-gradient":""},"tablet":{"background-color":"var(--ast-global-color-5)","background-image":"","background-repeat":"repeat","background-position":"center center","background-size":"auto","background-attachment":"scroll","background-type":"","background-media":"","overlay-type":"","overlay-color":"","overlay-opacity":"","overlay-gradient":""},"mobile":{"background-color":"var(--ast-global-color-5)","background-image":"","background-repeat":"repeat","background-position":"center center","background-size":"auto","background-attachment":"scroll","background-type":"","background-media":"","overlay-type":"","overlay-color":"","overlay-opacity":"","overlay-gradient":""}}},"product_brand":[],"product_cat":[65,55,56,64,62,69],"product_tag":[91,115,110,87],"class_list":{"0":"post-4425","1":"product","2":"type-product","3":"status-publish","4":"has-post-thumbnail","6":"product_cat-fireproof-current-limiting-protector","7":"product_cat-meter","8":"product_cat-protector","9":"product_cat-smart-meter","10":"product_cat-voltage-protector","11":"product_cat-small-voltmeter","12":"product_tag-adjustable-over-and-under-voltage-protector","13":"product_tag-in-pakistanbest-voltage-protector-for-home","14":"product_tag-voltage-protector-220v","15":"product_tag-voltage-protector-for-home","16":"desktop-align-center","17":"tablet-align-left","18":"mobile-align-left","20":"first","21":"instock","22":"featured","23":"shipping-taxable","24":"product-type-simple"},"acf":[],"_links":{"self":[{"href":"https:\/\/ua-protector.com\/fr\/wp-json\/wp\/v2\/product\/4425","targetHints":{"allow":["GET"]}}],"collection":[{"href":"https:\/\/ua-protector.com\/fr\/wp-json\/wp\/v2\/product"}],"about":[{"href":"https:\/\/ua-protector.com\/fr\/wp-json\/wp\/v2\/types\/product"}],"version-history":[{"count":42,"href":"https:\/\/ua-protector.com\/fr\/wp-json\/wp\/v2\/product\/4425\/revisions"}],"predecessor-version":[{"id":6691,"href":"https:\/\/ua-protector.com\/fr\/wp-json\/wp\/v2\/product\/4425\/revisions\/6691"}],"wp:featuredmedia":[{"embeddable":true,"href":"https:\/\/ua-protector.com\/fr\/wp-json\/wp\/v2\/media\/4449"}],"wp:attachment":[{"href":"https:\/\/ua-protector.com\/fr\/wp-json\/wp\/v2\/media?parent=4425"}],"wp:term":[{"taxonomy":"product_brand","embeddable":true,"href":"https:\/\/ua-protector.com\/fr\/wp-json\/wp\/v2\/product_brand?post=4425"},{"taxonomy":"product_cat","embeddable":true,"href":"https:\/\/ua-protector.com\/fr\/wp-json\/wp\/v2\/product_cat?post=4425"},{"taxonomy":"product_tag","embeddable":true,"href":"https:\/\/ua-protector.com\/fr\/wp-json\/wp\/v2\/product_tag?post=4425"}],"curies":[{"name":"wp","href":"https:\/\/api.w.org\/{rel}","templated":true}]}}