{"id":4424,"date":"2025-04-27T02:23:54","date_gmt":"2025-04-27T02:23:54","guid":{"rendered":"https:\/\/ua-protector.com\/?post_type=product&#038;p=4424"},"modified":"2025-08-06T03:25:57","modified_gmt":"2025-08-06T10:25:57","slug":"selective-power-limit-protector","status":"publish","type":"product","link":"https:\/\/ua-protector.com\/fr\/produit\/protecteur\/protecteur-limiteur-de-courant-ignifuge\/protecteur-selectif-de-limite-de-puissance\/","title":{"rendered":"Le protecteur s\u00e9lectif de limitation de puissance JGXZ-63"},"content":{"rendered":"<h3>1\u3001Introduction<\/h3>\n<hr \/>\n<figure id=\"attachment_4443\" aria-describedby=\"caption-attachment-4443\" style=\"width: 300px\" class=\"wp-caption alignleft\"><img fetchpriority=\"high\" decoding=\"async\" class=\"wp-image-4443 size-medium\" src=\"https:\/\/ua-protector.com\/wp-content\/uploads\/2025\/04\/JGXZ-63-4-300x300.jpg\" alt=\"Protecteur s\u00e9lectif de limite de puissance\" width=\"300\" height=\"300\" srcset=\"https:\/\/ua-protector.com\/wp-content\/uploads\/2025\/04\/JGXZ-63-4-300x300.jpg 300w, https:\/\/ua-protector.com\/wp-content\/uploads\/2025\/04\/JGXZ-63-4-100x100.jpg 100w, https:\/\/ua-protector.com\/wp-content\/uploads\/2025\/04\/JGXZ-63-4-600x600.jpg 600w, https:\/\/ua-protector.com\/wp-content\/uploads\/2025\/04\/JGXZ-63-4-150x150.jpg 150w, https:\/\/ua-protector.com\/wp-content\/uploads\/2025\/04\/JGXZ-63-4-768x768.jpg 768w, https:\/\/ua-protector.com\/wp-content\/uploads\/2025\/04\/JGXZ-63-4.jpg 800w\" sizes=\"(max-width: 300px) 100vw, 300px\" \/><figcaption id=\"caption-attachment-4443\" class=\"wp-caption-text\">Protecteur s\u00e9lectif de limite de puissance<\/figcaption><\/figure>\n<p><strong><a href=\"https:\/\/ua-protector.com\/fr\/\">\u00a0 \u00a0 \u00a0Protecteur s\u00e9lectif de limite de puissance<\/a> <\/strong>Le JGXZ-63 est un protecteur s\u00e9lectif de limite de puissance, principalement utilis\u00e9 pour limiter la consommation d'\u00e9nergie des appareils \u00e9lectriques individuels ayant une puissance excessive, et un protecteur intelligent de limite de puissance pour le d\u00e9passement de la limite de puissance totale. En m\u00eame temps, le produit poss\u00e8de de multiples fonctions de protection telles que la surtension, la sous-tension, le court-circuit, la fuite, la temp\u00e9rature, la fr\u00e9quence et la mesure de l'\u00e9lectricit\u00e9. Le produit pr\u00e9sente les avantages de la modularit\u00e9, de l'intelligence, de la visualisation et prend en charge le protocole de communication standard Modbus 485.<\/p>\n<p>Tous les param\u00e8tres de protection tels que la surtension, la sous-tension, la limite de puissance, la protection contre les fuites, etc. peuvent \u00eatre r\u00e9gl\u00e9s en fonction de la demande de puissance afin de garantir que le protecteur puisse couper instantan\u00e9ment l'alimentation \u00e9lectrique en cas de <a href=\"https:\/\/www.elejg.com\/\" target=\"_blank\" rel=\"noopener\">surtension<\/a>Il prot\u00e8ge l'\u00e9quipement \u00e9lectrique des dommages caus\u00e9s par les sous-tensions, les courts-circuits, les fuites et d'autres d\u00e9fauts de la ligne.<\/p>\n<p>Cette s\u00e9rie de produits pr\u00e9sente une structure compacte, une belle apparence et une installation de rail de guidage standard. Elle convient principalement aux dortoirs des \u00e9coles, aux maisons de location et \u00e0 d'autres occasions.<\/p>\n<h3>2\u3001Principe de fonctionnement du produit<\/h3>\n<hr \/>\n<p>Exemple : Param\u00e8tres par d\u00e9faut du produit : La puissance unique est de 0,2 kW, limit\u00e9e \u00e0 3 fois, la puissance totale est de 2,0 kW.<\/p>\n<p>a\u3001 Branchez s\u00e9par\u00e9ment 10 appareils d'une puissance inf\u00e9rieure \u00e0 0,2kw, et \u00e0 ce moment-l\u00e0, la puissance individuelle ne d\u00e9passe pas 0,2kw, et la puissance totale ne d\u00e9passe pas 2,0kw. Le protecteur fonctionne normalement. Si la puissance individuelle des appareils \u00e9lectriques connect\u00e9s ne d\u00e9passe pas, mais que la puissance totale d\u00e9passe 2,0 kw en raison d'un trop grand nombre de connexions, le protecteur se d\u00e9connecte dans le d\u00e9lai sp\u00e9cifi\u00e9 et une r\u00e9initialisation manuelle est n\u00e9cessaire \u00e0 ce moment-l\u00e0.<\/p>\n<p>b\u3001 Lorsqu'un seul appareil \u00e9lectrique est branch\u00e9 avec une puissance sup\u00e9rieure \u00e0 0,2 kw, le voyant rouge P du produit clignote, indiquant qu'un appareil avec une puissance excessive a \u00e9t\u00e9 branch\u00e9. Si l'alimentation de la charge n'est pas d\u00e9connect\u00e9e et coup\u00e9e en temps voulu dans le d\u00e9lai sp\u00e9cifi\u00e9, l'appareil entame un compte \u00e0 rebours. \u00c0 la fin du compte \u00e0 rebours, l'appareil se ferme automatiquement. Si des appareils d\u00e9passent encore la limite apr\u00e8s la fermeture, l'appareil se d\u00e9connecte automatiquement. Apr\u00e8s avoir d\u00e9pass\u00e9 la limite plus de trois fois, il faut appuyer manuellement sur le bouton de r\u00e9initialisation pour fermer le circuit.<\/p>\n<p>c\u3001 Si la puissance d'un seul appareil ne d\u00e9passe pas la limite, mais d\u00e9passe la puissance totale, le produit doit \u00eatre r\u00e9initialis\u00e9 manuellement pour se fermer apr\u00e8s la protection.<\/p>\n<p>Lorsqu'il est n\u00e9cessaire d'appuyer manuellement sur le bouton de r\u00e9initialisation, tous les appareils \u00e9lectriques hors limites doivent \u00eatre retir\u00e9s.<\/p>\n<h3>3\u3001Conditions et param\u00e8tres de travail<\/h3>\n<hr \/>\n<div class=\"scroll-table-container\">\n<table class=\"scroll-table\">\n<tbody>\n<tr>\n<th>Type<\/th>\n<td>JGXZ-63<\/td>\n<\/tr>\n<tr>\n<th>R\u00e9glage simple de la puissance 1<\/th>\n<td>0,01~9,9kw<\/td>\n<\/tr>\n<tr>\n<th>R\u00e9glage simple de la puissance 2<\/th>\n<td>0,5~13,2kw<\/td>\n<\/tr>\n<tr>\n<th>Plage de r\u00e9glage de la surtension<\/th>\n<td>AC270V(210~300V)<\/td>\n<\/tr>\n<tr>\n<th>Plage de r\u00e9glage de la sous-tension<\/th>\n<td>AC170V(80~200V)<\/td>\n<\/tr>\n<tr>\n<th>Plage de r\u00e9glage du courant de fuite<\/th>\n<td>20mA(5~300mA)<\/td>\n<\/tr>\n<tr>\n<th>Comptage de l'\u00e9lectricit\u00e9<\/th>\n<td>0,1-99999,9kwh<\/td>\n<\/tr>\n<\/tbody>\n<\/table>\n<\/div>\n<p>&nbsp;<\/p>\n<p>3.1. Le produit se d\u00e9connecte automatiquement dans un d\u00e9lai d'une seconde en cas de surtension, de sous-tension, de surintensit\u00e9 ou de fuite lors de la premi\u00e8re mise sous tension ;<\/p>\n<p>3.2. Param\u00e8tres de protection du courant :<\/p>\n<p>a. \u2265 1,0 fois le courant, plage de r\u00e9glage 1-120 secondes, 10 secondes par d\u00e9faut<\/p>\n<p>b. \u2265 1,2 fois le courant de court-circuit, 0,1 seconde pour ouvrir le circuit<\/p>\n<p>3.3. La temp\u00e9rature ambiante ne doit pas d\u00e9passer +40 \u2103, ni \u00eatre inf\u00e9rieure \u00e0 -5 \u2103, et la temp\u00e9rature moyenne sur 24 heures ne doit pas d\u00e9passer +35 \u2103 ; \u00e0 +40 \u2103, l'humidit\u00e9 de l'air ambiant ne doit pas d\u00e9passer 50%.<\/p>\n<p>3.4. Le niveau de la mer sur le lieu d'installation ne doit pas d\u00e9passer 2000 m\u00e8tres.5 Niveau de pollution III.6. L'environnement d'installation ne contient pas de produits dangereux explosifs, de gaz corrosifs ou isolants, ni de poussi\u00e8res conductrices. Il n'y a pas non plus de zones affect\u00e9es par la pluie ou la neige.<\/p>\n<h3>4\u3001Description du panneau<\/h3>\n<hr \/>\n<p><img decoding=\"async\" class=\"alignnone wp-image-4535 size-full\" src=\"https:\/\/ua-protector.com\/wp-content\/uploads\/2025\/04\/\u9762\u677f\u8bf4\u660e-\u82f1\u6587\u7248.jpg\" alt=\"\" width=\"668\" height=\"733\" srcset=\"https:\/\/ua-protector.com\/wp-content\/uploads\/2025\/04\/\u9762\u677f\u8bf4\u660e-\u82f1\u6587\u7248.jpg 668w, https:\/\/ua-protector.com\/wp-content\/uploads\/2025\/04\/\u9762\u677f\u8bf4\u660e-\u82f1\u6587\u7248-600x658.jpg 600w, https:\/\/ua-protector.com\/wp-content\/uploads\/2025\/04\/\u9762\u677f\u8bf4\u660e-\u82f1\u6587\u7248-273x300.jpg 273w\" sizes=\"(max-width: 668px) 100vw, 668px\" \/><\/p>\n<h3>5\u3001<strong><a href=\"https:\/\/ua-protector.com\/fr\/\">Protecteur s\u00e9lectif de limite de puissance<\/a> <\/strong>Dimensions<\/h3>\n<hr \/>\n<p><img decoding=\"async\" class=\"alignnone wp-image-5180 size-full\" src=\"https:\/\/ua-protector.com\/wp-content\/uploads\/2025\/04\/\u5916\u578b\u5c3a\u5bf8.jpg\" alt=\"\" width=\"687\" height=\"533\" srcset=\"https:\/\/ua-protector.com\/wp-content\/uploads\/2025\/04\/\u5916\u578b\u5c3a\u5bf8.jpg 687w, https:\/\/ua-protector.com\/wp-content\/uploads\/2025\/04\/\u5916\u578b\u5c3a\u5bf8-300x233.jpg 300w, https:\/\/ua-protector.com\/wp-content\/uploads\/2025\/04\/\u5916\u578b\u5c3a\u5bf8-15x12.jpg 15w, https:\/\/ua-protector.com\/wp-content\/uploads\/2025\/04\/\u5916\u578b\u5c3a\u5bf8-600x466.jpg 600w\" sizes=\"(max-width: 687px) 100vw, 687px\" \/><\/p>\n<p>&nbsp;<\/p>\n<h2>Il devrait y avoir un plan<\/h2>\n<hr \/>\n<figure id=\"attachment_6111\" aria-describedby=\"caption-attachment-6111\" style=\"width: 600px\" class=\"wp-caption alignnone\"><img loading=\"lazy\" decoding=\"async\" class=\"wp-image-6111 size-full\" src=\"https:\/\/ua-protector.com\/wp-content\/uploads\/2025\/04\/\u63a5\u7ebf\u56fe-\u8fc7\u6b20\u538b-3.jpg\" alt=\"protecteurs contre la surtension et la soustension\" width=\"600\" height=\"1133\" srcset=\"https:\/\/ua-protector.com\/wp-content\/uploads\/2025\/04\/\u63a5\u7ebf\u56fe-\u8fc7\u6b20\u538b-3.jpg 600w, https:\/\/ua-protector.com\/wp-content\/uploads\/2025\/04\/\u63a5\u7ebf\u56fe-\u8fc7\u6b20\u538b-3-159x300.jpg 159w, https:\/\/ua-protector.com\/wp-content\/uploads\/2025\/04\/\u63a5\u7ebf\u56fe-\u8fc7\u6b20\u538b-3-542x1024.jpg 542w, https:\/\/ua-protector.com\/wp-content\/uploads\/2025\/04\/\u63a5\u7ebf\u56fe-\u8fc7\u6b20\u538b-3-6x12.jpg 6w\" sizes=\"(max-width: 600px) 100vw, 600px\" \/><figcaption id=\"caption-attachment-6111\" class=\"wp-caption-text\">protecteurs contre la surtension et la soustension<\/figcaption><\/figure>\n<h3 data-slate-node=\"element\"><span style=\"color: #ff0000;\" data-slate-node=\"text\"><span class=\"null hover-sent\" data-slate-leaf=\"true\" data-sent-id=\"ejrkgDPYqe\">Avertissement :<\/span><\/span><\/h3>\n<div data-slate-node=\"element\"><span data-slate-node=\"text\"><span class=\"null hover-sent\" data-slate-leaf=\"true\" data-sent-id=\"ejrkgDPYqe\">Les fils N et L ne doivent pas \u00eatre mal raccord\u00e9s.<\/span><\/span><\/div>\n<div data-slate-node=\"element\" data-slate-fragment=\"JTVCJTdCJTIydHlwZSUyMiUzQSUyMnBhcmFncmFwaCUyMiUyQyUyMmNoaWxkcmVuJTIyJTNBJTVCJTdCJTIyaWQlMjIlM0ElMjJlanJrZ0RQWXFlJTIyJTJDJTIycGFyYUlkeCUyMiUzQTElMkMlMjJzcmMlMjIlM0ElMjJBdHRlbnRpb24lM0ElMjBUaGUlMjBOJTIwYW5kJTIwTCUyMHdpcmVzJTIwbXVzdCUyMG5vdCUyMGJlJTIwY29ubmVjdGVkJTIwaW5jb3JyZWN0bHkuJTIyJTJDJTIyZHN0JTIyJTNBJTIyJUU2JUIzJUE4JUU2JTg0JThGJUVGJUJDJTlBTiVFNSU5MiU4Q0wlRTclQkElQkYlRTQlQjglOEQlRTUlQkUlOTclRTglQkYlOUUlRTYlOEUlQTUlRTklOTQlOTklRTglQUYlQUYlRTMlODAlODIlMjIlMkMlMjJtZXRhZGF0YSUyMiUzQSUyMiUyMiUyQyUyMm1hdGNoZXMlMjIlM0FudWxsJTJDJTIybWV0YURhdGElMjIlM0ElNUIlNUQlMkMlMjJ0ZXh0JTIyJTNBJTIyVGhlJTIwTiUyMGFuZCUyMEwlMjB3aXJlcyUyMG11c3QlMjBub3QlMjBiZSUyMGNvbm5lY3RlZCUyMGluY29ycmVjdGx5LiUyMiU3RCU1RCU3RCUyQyU3QiUyMnR5cGUlMjIlM0ElMjJwYXJhZ3JhcGglMjIlMkMlMjJjaGlsZHJlbiUyMiUzQSU1QiU3QiUyMmlkJTIyJTNBJTIyVk5ETmRqOUFiQiUyMiUyQyUyMnBhcmFJZHglMjIlM0EyJTJDJTIyc3JjJTIyJTNBJTIyQWxsJTIwdGVybWluYWxzJTIwbXVzdCUyMGJlJTIwdGlnaHRlbmVkJTIwdG8lMjBwcmV2ZW50JTIwZmFsc2UlMjBjb25uZWN0aW9ucyUyMHRoYXQlMjBjb3VsZCUyMGJ1cm4lMjBvdXQlMjB0aGUlMjBwcm90ZWN0b3IuJTIyJTJDJTIyZHN0JTIyJTNBJTIyJUU2JTg5JTgwJUU2JTlDJTg5JUU3JUFCJUFGJUU1JUFEJTkwJUU1JUJGJTg1JUU5JUExJUJCJUU2JThCJUE3JUU3JUI0JUE3JUVGJUJDJThDJUU0JUJCJUE1JUU5JTk4JUIyJUU2JUFEJUEyJUU1JThGJUFGJUU4JTgzJUJEJUU3JTgzJUE3JUU1JTlEJThGJUU0JUJGJTlEJUU2JThBJUE0JUU1JTk5JUE4JUU3JTlBJTg0JUU5JTk0JTk5JUU4JUFGJUFGJUU4JUJGJTlFJUU2JThFJUE1JUUzJTgwJTgyJTIyJTJDJTIybWV0YWRhdGElMjIlM0ElMjIlMjIlMkMlMjJtYXRjaGVzJTIyJTNBbnVsbCUyQyUyMm1ldGFEYXRhJTIyJTNBJTVCJTVEJTJDJTIydGV4dCUyMiUzQSUyMkFsbCUyMHRlcm1pbmFscyUyMG11c3QlMjBiZSUyMHRpZ2h0ZW5lZCUyMHRvJTIwcHJldmVudCUyMGZhbHNlJTIwY29ubmVjdGlvbnMlMjB0aGF0JTIwY291bGQlMjBidXJuJTIwb3V0JTIwdGhlJTIwcHJvdGVjdG9yLiUyMiU3RCU1RCU3RCU1RA==\"><span data-slate-node=\"text\"><span class=\"null\" data-slate-leaf=\"true\" data-sent-id=\"VNDNdj9AbB\">Toutes les bornes doivent \u00eatre serr\u00e9es afin d'\u00e9viter les faux raccordements qui pourraient griller le protecteur.<\/span><\/span><\/div>\n<h2 class=\"wp-block-heading\"><\/h2>\n<h2><strong>Informations sur le paquet standard<\/strong><\/h2>\n<hr \/>\n<p>&nbsp;<\/p>\n<p><img loading=\"lazy\" decoding=\"async\" class=\"alignnone size-medium wp-image-5943\" src=\"https:\/\/ua-protector.com\/wp-content\/uploads\/2025\/04\/45.5-23.5-31.5-box-300x300.jpg\" sizes=\"(max-width: 300px) 100vw, 300px\" srcset=\"https:\/\/ua-protector.com\/wp-content\/uploads\/2025\/04\/45.5-23.5-31.5-box-300x300.jpg 300w, https:\/\/ua-protector.com\/wp-content\/uploads\/2025\/04\/45.5-23.5-31.5-box-150x150.jpg 150w, https:\/\/ua-protector.com\/wp-content\/uploads\/2025\/04\/45.5-23.5-31.5-box-12x12.jpg 12w, https:\/\/ua-protector.com\/wp-content\/uploads\/2025\/04\/45.5-23.5-31.5-box-600x600.jpg 600w, https:\/\/ua-protector.com\/wp-content\/uploads\/2025\/04\/45.5-23.5-31.5-box-100x100.jpg 100w, https:\/\/ua-protector.com\/wp-content\/uploads\/2025\/04\/45.5-23.5-31.5-box.jpg 750w\" alt=\"\" width=\"300\" height=\"300\" \/><\/p>\n<div style=\"overflow-x: auto;\">\n<table style=\"height: 109px;\" width=\"1337\">\n<tbody>\n<tr>\n<th>Dimension du carton (cm)<\/th>\n<th>Liste de colisage<\/th>\n<th>QT\u00c9<\/th>\n<th>Poids brut (kg)<\/th>\n<\/tr>\n<tr>\n<td style=\"text-align: center;\">45,5cm \u00d7 23,5cm \u00d7 31,5cm<\/td>\n<td style=\"text-align: center;\">protecteur de comptage<\/td>\n<td style=\"text-align: center;\">120pcs<\/td>\n<td style=\"text-align: center;\">20 kg<\/td>\n<\/tr>\n<\/tbody>\n<\/table>\n<\/div>\n<hr \/>\n<h1 class=\"elementor-heading-title elementor-size-default\"><span style=\"color: #0000ff;\">Contactez-nous d\u00e8s maintenant, des \u00e9chantillons gratuits sont disponibles<\/span><\/h1>\n<p>Pour obtenir plus d'informations sur nos produits et services, vous recevrez une r\u00e9ponse d'un expert en \u00e9lectricit\u00e9.<\/p>\n<p>Mob\/WhatsApp\/Wang : +86 18958900126<br \/>\nEmail professionnel\uff1a<strong>sales@tokeep.net<br \/>\n<\/strong>Adresse \u00e9lectronique de la technologie :\u00a0<strong>tokeepcc@gmail.com<\/strong><strong><br \/>\n<\/strong>Courriel personnel :<strong>\u00a0wxj7607@126.com<\/strong><\/p>\n<p><img loading=\"lazy\" decoding=\"async\" class=\"alignnone wp-image-5833 size-full\" src=\"https:\/\/ua-protector.com\/wp-content\/uploads\/2025\/04\/whateapp-1.jpg\" sizes=\"(max-width: 573px) 100vw, 573px\" srcset=\"https:\/\/ua-protector.com\/wp-content\/uploads\/2025\/04\/whateapp-1.jpg 573w, https:\/\/ua-protector.com\/wp-content\/uploads\/2025\/04\/whateapp-1-300x169.jpg 300w, https:\/\/ua-protector.com\/wp-content\/uploads\/2025\/04\/whateapp-1-18x10.jpg 18w\" alt=\"\" width=\"573\" height=\"322\" \/><\/p>\n<p>&nbsp;<\/p>","protected":false},"excerpt":{"rendered":"<p>Le JGXZ-63 est un protecteur s\u00e9lectif de limitation de puissance, principalement utilis\u00e9 pour limiter la consommation d'\u00e9nergie des appareils \u00e9lectriques individuels ayant une puissance excessive, et un protecteur intelligent de limitation de puissance pour le d\u00e9passement de la limite de puissance totale.<br \/>\n<strong>Instructions \uff1a<a href=\"https:\/\/ua-protector.com\/wp-content\/uploads\/2025\/04\/JGXZ-63-Manual.pdf\">Protecteur s\u00e9lectif de limite de puissance JGXZ-63-Manuel<\/a><\/strong><\/p>\n<p>&nbsp;<\/p>","protected":false},"featured_media":4443,"template":"","meta":{"_acf_changed":false,"site-sidebar-layout":"default","site-content-layout":"","ast-site-content-layout":"default","site-content-style":"default","site-sidebar-style":"default","ast-global-header-display":"","ast-banner-title-visibility":"","ast-main-header-display":"","ast-hfb-above-header-display":"","ast-hfb-below-header-display":"","ast-hfb-mobile-header-display":"","site-post-title":"","ast-breadcrumbs-content":"","ast-featured-img":"","footer-sml-layout":"","theme-transparent-header-meta":"default","adv-header-id-meta":"","stick-header-meta":"","header-above-stick-meta":"","header-main-stick-meta":"","header-below-stick-meta":"","astra-migrate-meta-layouts":"set","ast-page-background-enabled":"default","ast-page-background-meta":{"desktop":{"background-color":"","background-image":"","background-repeat":"repeat","background-position":"center center","background-size":"auto","background-attachment":"scroll","background-type":"","background-media":"","overlay-type":"","overlay-color":"","overlay-opacity":"","overlay-gradient":""},"tablet":{"background-color":"","background-image":"","background-repeat":"repeat","background-position":"center center","background-size":"auto","background-attachment":"scroll","background-type":"","background-media":"","overlay-type":"","overlay-color":"","overlay-opacity":"","overlay-gradient":""},"mobile":{"background-color":"","background-image":"","background-repeat":"repeat","background-position":"center center","background-size":"auto","background-attachment":"scroll","background-type":"","background-media":"","overlay-type":"","overlay-color":"","overlay-opacity":"","overlay-gradient":""}},"ast-content-background-meta":{"desktop":{"background-color":"var(--ast-global-color-5)","background-image":"","background-repeat":"repeat","background-position":"center center","background-size":"auto","background-attachment":"scroll","background-type":"","background-media":"","overlay-type":"","overlay-color":"","overlay-opacity":"","overlay-gradient":""},"tablet":{"background-color":"var(--ast-global-color-5)","background-image":"","background-repeat":"repeat","background-position":"center center","background-size":"auto","background-attachment":"scroll","background-type":"","background-media":"","overlay-type":"","overlay-color":"","overlay-opacity":"","overlay-gradient":""},"mobile":{"background-color":"var(--ast-global-color-5)","background-image":"","background-repeat":"repeat","background-position":"center center","background-size":"auto","background-attachment":"scroll","background-type":"","background-media":"","overlay-type":"","overlay-color":"","overlay-opacity":"","overlay-gradient":""}}},"product_brand":[],"product_cat":[65,64,62,69],"product_tag":[96,110,93,87],"class_list":{"0":"post-4424","1":"product","2":"type-product","3":"status-publish","4":"has-post-thumbnail","6":"product_cat-fireproof-current-limiting-protector","7":"product_cat-smart-meter","8":"product_cat-voltage-protector","9":"product_cat-small-voltmeter","10":"product_tag-adjustable-voltage-protector-settings","11":"product_tag-voltage-protector-220v","12":"product_tag-voltage-protector-adjustable-under-over-voltage-protection","13":"product_tag-voltage-protector-for-home","14":"desktop-align-center","15":"tablet-align-left","16":"mobile-align-left","18":"first","19":"instock","20":"featured","21":"shipping-taxable","22":"product-type-external"},"acf":[],"_links":{"self":[{"href":"https:\/\/ua-protector.com\/fr\/wp-json\/wp\/v2\/product\/4424","targetHints":{"allow":["GET"]}}],"collection":[{"href":"https:\/\/ua-protector.com\/fr\/wp-json\/wp\/v2\/product"}],"about":[{"href":"https:\/\/ua-protector.com\/fr\/wp-json\/wp\/v2\/types\/product"}],"version-history":[{"count":22,"href":"https:\/\/ua-protector.com\/fr\/wp-json\/wp\/v2\/product\/4424\/revisions"}],"predecessor-version":[{"id":6701,"href":"https:\/\/ua-protector.com\/fr\/wp-json\/wp\/v2\/product\/4424\/revisions\/6701"}],"wp:featuredmedia":[{"embeddable":true,"href":"https:\/\/ua-protector.com\/fr\/wp-json\/wp\/v2\/media\/4443"}],"wp:attachment":[{"href":"https:\/\/ua-protector.com\/fr\/wp-json\/wp\/v2\/media?parent=4424"}],"wp:term":[{"taxonomy":"product_brand","embeddable":true,"href":"https:\/\/ua-protector.com\/fr\/wp-json\/wp\/v2\/product_brand?post=4424"},{"taxonomy":"product_cat","embeddable":true,"href":"https:\/\/ua-protector.com\/fr\/wp-json\/wp\/v2\/product_cat?post=4424"},{"taxonomy":"product_tag","embeddable":true,"href":"https:\/\/ua-protector.com\/fr\/wp-json\/wp\/v2\/product_tag?post=4424"}],"curies":[{"name":"wp","href":"https:\/\/api.w.org\/{rel}","templated":true}]}}