{"id":4442,"date":"2025-04-27T02:23:54","date_gmt":"2025-04-27T02:23:54","guid":{"rendered":"https:\/\/ua-protector.com\/?post_type=product&#038;p=4442"},"modified":"2025-08-06T00:55:47","modified_gmt":"2025-08-06T07:55:47","slug":"arc-fault-detection-devices","status":"publish","type":"product","link":"https:\/\/ua-protector.com\/de\/produkt\/beschutzer\/afdd-afci\/storlichtbogen-erkennungsgerate\/","title":{"rendered":"St\u00f6rlichtbogen-Erkennungsger\u00e4te JGAFDD-63"},"content":{"rendered":"<h2><strong>Einf\u00fchrung<\/strong><\/h2>\n<hr \/>\n<h1><strong>\u00a0\u00a0<\/strong><\/h1>\n<figure id=\"attachment_4538\" aria-describedby=\"caption-attachment-4538\" style=\"width: 300px\" class=\"wp-caption alignleft\"><img fetchpriority=\"high\" decoding=\"async\" class=\"wp-image-4538 size-medium\" src=\"https:\/\/ua-protector.com\/wp-content\/uploads\/2025\/04\/JGAFDD-63-1-300x300.jpg\" alt=\"St\u00f6rlichtbogen-Erkennungsger\u00e4te \" width=\"300\" height=\"300\" srcset=\"https:\/\/ua-protector.com\/wp-content\/uploads\/2025\/04\/JGAFDD-63-1-300x300.jpg 300w, https:\/\/ua-protector.com\/wp-content\/uploads\/2025\/04\/JGAFDD-63-1-100x100.jpg 100w, https:\/\/ua-protector.com\/wp-content\/uploads\/2025\/04\/JGAFDD-63-1-600x600.jpg 600w, https:\/\/ua-protector.com\/wp-content\/uploads\/2025\/04\/JGAFDD-63-1-150x150.jpg 150w, https:\/\/ua-protector.com\/wp-content\/uploads\/2025\/04\/JGAFDD-63-1-768x768.jpg 768w, https:\/\/ua-protector.com\/wp-content\/uploads\/2025\/04\/JGAFDD-63-1.jpg 800w\" sizes=\"(max-width: 300px) 100vw, 300px\" \/><figcaption id=\"caption-attachment-4538\" class=\"wp-caption-text\">St\u00f6rlichtbogen-Erkennungsger\u00e4te<\/figcaption><\/figure>\n<p><a href=\"https:\/\/ua-protector.com\/de\">\u00a0St\u00f6rlichtbogen-Erkennungsger\u00e4te <\/a>(<a href=\"https:\/\/elejg.com\/\" target=\"_blank\" rel=\"noopener\">AFDD<\/a>)Es besteht aus einem Leitungsschutzschalter und einem St\u00f6rlichtbogenschutzmodul und verf\u00fcgt \u00fcber Schutzfunktionen wie \u00dcberlast-, Kurzschluss- und St\u00f6rlichtbogenschutz.<\/p>\n<p>AFDD Geeignet f\u00fcr Kommunikation 50Hz, Nennspannung 230V, Nennstrom bis 63AIn den folgenden Zeilen wird es verwendet, um den \u00dcberstrom der Leitungen von Geb\u00e4uden und \u00e4hnlichen Zwecken zu sch\u00fctzen, und gleichzeitig kann es viele Brandrisiken, die durch den Bruch von elektrischen Ger\u00e4ten oder die Alterung von Dr\u00e4hten verursacht werden, im Voraus erkennen und vor Erdungslichtbogenfehlern, parallelen Lichtbogenfehlern und Serienlichtbogenfehlern sch\u00fctzen. Die Zahl der Brandunf\u00e4lle ist in gewissem Ma\u00dfe zur\u00fcckgegangen, und die Sicherheit von Leben und Eigentum der Menschen wurde wirksam gesch\u00fctzt.<\/p>\n<p>&nbsp;<\/p>\n<p>&nbsp;<\/p>\n<p>&nbsp;<\/p>\n<h2><strong>AFDD-Produktmerkmale<\/strong><\/h2>\n<hr \/>\n<div style=\"overflow-x: auto;\">\n<table style=\"min-width: 600px; height: 190px;\" border=\"1\" width=\"714\" cellspacing=\"0\">\n<tbody>\n<tr>\n<td>Typ<\/td>\n<td>JGAFDD-63<\/td>\n<\/tr>\n<tr>\n<td>Aktuelle Spezifikationen<\/td>\n<td>63A(1~63A)<\/td>\n<\/tr>\n<tr>\n<td>Betriebsspannung<\/td>\n<td>AC230V<\/td>\n<\/tr>\n<\/tbody>\n<\/table>\n<p>a\uff09Schutz vor \u00dcberlastung und langen Verz\u00f6gerungen;<\/p>\n<\/div>\n<p>b\uff09Schutz vor \u00dcberlast und Kurzzeitverz\u00f6gerung;<\/p>\n<p>c\uff09Sofortiger Ausl\u00f6seschutz;<\/p>\n<p>d\uff09Serien-St\u00f6rlichtbogenschutz;<\/p>\n<p>e\uff09Paralleler St\u00f6rlichtbogenschutz;<\/p>\n<p>FGround St\u00f6rlichtbogenschutz;<\/p>\n<p>g\uff09Mehrere Stromangaben.<\/p>\n<p>&nbsp;<\/p>\n<h2><strong>\u00a0AFDD Arbeits- und Installationsbedingungen<\/strong><\/h2>\n<hr \/>\n<p>aAmbientelufttemperatur<\/p>\n<p>Die Umgebungslufttemperatur ist nicht h\u00f6her als +70\u2103, nicht niedriger als-35\u2103\uff0c24Der Durchschnitt der Stunden \u00fcberschreitet nicht +35\u2103\uff1b<\/p>\n<p>Hinweis: Die Umgebungslufttemperatur ist h\u00f6her als +70\u2103oder niedriger als -35\u2103Benutzungsbedingungen AFDD St\u00f6rlichtbogenschutz ist ausgeschaltet Der Roader sollte mit dem Hersteller verhandelt werden;<\/p>\n<p>bAltitude<\/p>\n<p>Die H\u00f6he des Aufstellungsortes \u00fcbersteigt nicht 2000m\uff1b.<\/p>\n<p>cAtmosph\u00e4rische Bedingungen<\/p>\n<p>Die relative Luftfeuchtigkeit ist bei der h\u00f6chsten Temperatur in der Umgebung +60\u2103zeitlich nicht \u00fcberschritten 50%, die eine h\u00f6here Phase bei niedrigeren Temperaturen haben kann, um Feuchtigkeit, z. B. 20\u2103zeitlich 90%, f\u00fcr gelegentliche Kondensation aufgrund von Temperaturschwankungen, sollten Schutzma\u00dfnahmen getroffen werden;<\/p>\n<p>dInstallationsbedingungen<\/p>\n<p>St\u00f6rlichtbogenschutzDas externe Magnetfeld in der N\u00e4he des Installationsortes sollte das geomagnetische Feld in keiner Richtung \u00fcberschreiten5Fold; Die Installationsposition sollte vertikal sein, und die Neigung in alle Richtungen sollte 10\u00b0\uff1b nicht \u00fcberschreiten Installiert an einem Ort, wo es keine Schock Vibration und kein Regen oder Schnee Platz; Adopt Standards TH35-7.5 Abschnitt Stahl Installation Schiene Installation;<\/p>\n<p>ePollution Level:2 Level<\/p>\n<p>fInstallationskategorie:\u2162Art;<\/p>\n<p>gIngressschutz:IP20(Installiert in einem Verteilerkasten, Verteilerschrank oder einer Box.) IP40\uff09\uff1b<\/p>\n<p>hDamit N Bei der Verdrahtung muss der Nullleiter an die Markierung N Kennzeichnung der Pole angeschlossen werden.<\/p>\n<h2><strong><a href=\"https:\/\/ua-protector.com\/de\">St\u00f6rlichtbogen-Erkennungsger\u00e4te <\/a> Gr\u00f6\u00dfe<\/strong><\/h2>\n<hr \/>\n<p><img decoding=\"async\" class=\"alignnone\" title=\"1744705968351984.png\" src=\"https:\/\/www.elejg.com\/static\/upload\/image\/20250415\/1744705968351984.png\" alt=\"bild.png\" width=\"642\" height=\"367\" \/><\/p>\n<h2><strong>Informationen zum Standardpaket<\/strong><\/h2>\n<hr \/>\n<p><img decoding=\"async\" class=\"alignnone size-medium wp-image-6114\" src=\"https:\/\/ua-protector.com\/wp-content\/uploads\/2025\/04\/45.5-23.5-31.5-box-300x300.jpg\" alt=\"\" width=\"300\" height=\"300\" srcset=\"https:\/\/ua-protector.com\/wp-content\/uploads\/2025\/04\/45.5-23.5-31.5-box-300x300.jpg 300w, https:\/\/ua-protector.com\/wp-content\/uploads\/2025\/04\/45.5-23.5-31.5-box-150x150.jpg 150w, https:\/\/ua-protector.com\/wp-content\/uploads\/2025\/04\/45.5-23.5-31.5-box-12x12.jpg 12w, https:\/\/ua-protector.com\/wp-content\/uploads\/2025\/04\/45.5-23.5-31.5-box-600x600.jpg 600w, https:\/\/ua-protector.com\/wp-content\/uploads\/2025\/04\/45.5-23.5-31.5-box-100x100.jpg 100w, https:\/\/ua-protector.com\/wp-content\/uploads\/2025\/04\/45.5-23.5-31.5-box.jpg 750w\" sizes=\"(max-width: 300px) 100vw, 300px\" \/><\/p>\n<div style=\"overflow-x: auto;\">\n<table>\n<tbody>\n<tr>\n<th>Karton Abmessung (cm)<\/th>\n<th>Packliste<\/th>\n<th>QTY<\/th>\n<th>Bruttogewicht(kg)<\/th>\n<\/tr>\n<tr>\n<td style=\"text-align: center;\">45,5 cm \u00d7 23,5 cm \u00d7 31,5 cm<\/td>\n<td style=\"text-align: center;\">\u00a0Besch\u00fctzer<\/td>\n<td style=\"text-align: center;\">120St\u00fcck<\/td>\n<td style=\"text-align: center;\">20kg<\/td>\n<\/tr>\n<\/tbody>\n<\/table>\n<\/div>\n<p>&nbsp;<\/p>\n<hr \/>\n<h1 class=\"elementor-heading-title elementor-size-default\"><span style=\"color: #0000ff;\">Kontaktieren Sie uns jetzt, kostenlose Muster sind verf\u00fcgbar<\/span><\/h1>\n<p>Wenn Sie mehr \u00fcber unsere Produkte und Dienstleistungen erfahren m\u00f6chten, erhalten Sie eine Antwort von einem Elektrofachmann. Wir freuen uns darauf, Sie zu unterst\u00fctzen.<\/p>\n<p>Mob\/WhatsApp\/Wang: +86 18958900126<br \/>\nGesch\u00e4ftliche E-Mail\uff1a<strong>sales@tokeep.net<br \/>\n<\/strong>Technologie E-Mail:\u00a0<strong>tokeepcc@gmail.com<\/strong><strong><br \/>\n<\/strong>Pers\u00f6nliche E-Mail:<strong>\u00a0wxj7607@126.com<\/strong><\/p>\n<p><img loading=\"lazy\" decoding=\"async\" class=\"alignnone wp-image-5833 size-full\" src=\"https:\/\/ua-protector.com\/wp-content\/uploads\/2025\/04\/whateapp-1.jpg\" sizes=\"(max-width: 573px) 100vw, 573px\" srcset=\"https:\/\/ua-protector.com\/wp-content\/uploads\/2025\/04\/whateapp-1.jpg 573w, https:\/\/ua-protector.com\/wp-content\/uploads\/2025\/04\/whateapp-1-300x169.jpg 300w, https:\/\/ua-protector.com\/wp-content\/uploads\/2025\/04\/whateapp-1-18x10.jpg 18w\" alt=\"\" width=\"573\" height=\"322\" \/><\/p>","protected":false},"excerpt":{"rendered":"<p><a href=\"https:\/\/ua-protector.com\/de\">St\u00f6rlichtbogen-Erkennungsger\u00e4te<\/a> (AFDD ): nachstehend als Schutzeinrichtung bezeichnet, erkennt wirksam den Fehlerlichtbogen in der Anschlussleitung, einschlie\u00dflich des Parallel- und des Serienfehlerlichtbogens, und wenn der Fehlerlichtbogen, der einen Brand verursacht, in der Leitung erkannt wird, kann die Abschaltfunktion ausgef\u00fchrt werden, um den Zweck der Brandfr\u00fchwarnung zu erreichen. Der St\u00f6rlichtbogenschutz ist f\u00fcr Stromkreise von 10KW und darunter in industriellen und zivilen Geb\u00e4uden geeignet.<\/p>","protected":false},"featured_media":4538,"template":"","meta":{"_acf_changed":false,"site-sidebar-layout":"default","site-content-layout":"","ast-site-content-layout":"default","site-content-style":"default","site-sidebar-style":"default","ast-global-header-display":"","ast-banner-title-visibility":"","ast-main-header-display":"","ast-hfb-above-header-display":"","ast-hfb-below-header-display":"","ast-hfb-mobile-header-display":"","site-post-title":"","ast-breadcrumbs-content":"","ast-featured-img":"","footer-sml-layout":"","theme-transparent-header-meta":"default","adv-header-id-meta":"","stick-header-meta":"","header-above-stick-meta":"","header-main-stick-meta":"","header-below-stick-meta":"","astra-migrate-meta-layouts":"set","ast-page-background-enabled":"default","ast-page-background-meta":{"desktop":{"background-color":"","background-image":"","background-repeat":"repeat","background-position":"center center","background-size":"auto","background-attachment":"scroll","background-type":"","background-media":"","overlay-type":"","overlay-color":"","overlay-opacity":"","overlay-gradient":""},"tablet":{"background-color":"","background-image":"","background-repeat":"repeat","background-position":"center center","background-size":"auto","background-attachment":"scroll","background-type":"","background-media":"","overlay-type":"","overlay-color":"","overlay-opacity":"","overlay-gradient":""},"mobile":{"background-color":"","background-image":"","background-repeat":"repeat","background-position":"center center","background-size":"auto","background-attachment":"scroll","background-type":"","background-media":"","overlay-type":"","overlay-color":"","overlay-opacity":"","overlay-gradient":""}},"ast-content-background-meta":{"desktop":{"background-color":"var(--ast-global-color-5)","background-image":"","background-repeat":"repeat","background-position":"center center","background-size":"auto","background-attachment":"scroll","background-type":"","background-media":"","overlay-type":"","overlay-color":"","overlay-opacity":"","overlay-gradient":""},"tablet":{"background-color":"var(--ast-global-color-5)","background-image":"","background-repeat":"repeat","background-position":"center center","background-size":"auto","background-attachment":"scroll","background-type":"","background-media":"","overlay-type":"","overlay-color":"","overlay-opacity":"","overlay-gradient":""},"mobile":{"background-color":"var(--ast-global-color-5)","background-image":"","background-repeat":"repeat","background-position":"center center","background-size":"auto","background-attachment":"scroll","background-type":"","background-media":"","overlay-type":"","overlay-color":"","overlay-opacity":"","overlay-gradient":""}}},"product_brand":[],"product_cat":[81,65,56,61],"product_tag":[83,82,85,84],"class_list":{"0":"post-4442","1":"product","2":"type-product","3":"status-publish","4":"has-post-thumbnail","6":"product_cat-afdd-afci","7":"product_cat-fireproof-current-limiting-protector","8":"product_cat-protector","9":"product_cat-switch","10":"product_tag-afci","11":"product_tag-afdd","12":"product_tag-arc-fault-circuit-interrupters","13":"product_tag-arc-fault-detection-devices","14":"desktop-align-center","15":"tablet-align-left","16":"mobile-align-left","18":"first","19":"instock","20":"featured","21":"shipping-taxable","22":"product-type-simple"},"acf":[],"_links":{"self":[{"href":"https:\/\/ua-protector.com\/de\/wp-json\/wp\/v2\/product\/4442","targetHints":{"allow":["GET"]}}],"collection":[{"href":"https:\/\/ua-protector.com\/de\/wp-json\/wp\/v2\/product"}],"about":[{"href":"https:\/\/ua-protector.com\/de\/wp-json\/wp\/v2\/types\/product"}],"version-history":[{"count":13,"href":"https:\/\/ua-protector.com\/de\/wp-json\/wp\/v2\/product\/4442\/revisions"}],"predecessor-version":[{"id":6686,"href":"https:\/\/ua-protector.com\/de\/wp-json\/wp\/v2\/product\/4442\/revisions\/6686"}],"wp:featuredmedia":[{"embeddable":true,"href":"https:\/\/ua-protector.com\/de\/wp-json\/wp\/v2\/media\/4538"}],"wp:attachment":[{"href":"https:\/\/ua-protector.com\/de\/wp-json\/wp\/v2\/media?parent=4442"}],"wp:term":[{"taxonomy":"product_brand","embeddable":true,"href":"https:\/\/ua-protector.com\/de\/wp-json\/wp\/v2\/product_brand?post=4442"},{"taxonomy":"product_cat","embeddable":true,"href":"https:\/\/ua-protector.com\/de\/wp-json\/wp\/v2\/product_cat?post=4442"},{"taxonomy":"product_tag","embeddable":true,"href":"https:\/\/ua-protector.com\/de\/wp-json\/wp\/v2\/product_tag?post=4442"}],"curies":[{"name":"wp","href":"https:\/\/api.w.org\/{rel}","templated":true}]}}