{"id":4441,"date":"2025-04-27T02:23:54","date_gmt":"2025-04-27T02:23:54","guid":{"rendered":"https:\/\/ua-protector.com\/?post_type=product&#038;p=4441"},"modified":"2025-08-06T00:55:00","modified_gmt":"2025-08-06T07:55:00","slug":"automatic-reconnection-energy-metering-protector","status":"publish","type":"product","link":"https:\/\/ua-protector.com\/de\/produkt\/beschutzer\/spannungswachter\/automatischer-wiedereinschaltschutz-fur-die-energiemessung\/","title":{"rendered":"Automatisch wiedereinschaltender Schutzschalter f\u00fcr die Energiemessung JGDL-63"},"content":{"rendered":"<h3>Einf\u00fchrung<\/h3>\n<hr \/>\n<figure id=\"attachment_4533\" aria-describedby=\"caption-attachment-4533\" style=\"width: 300px\" class=\"wp-caption alignleft\"><img fetchpriority=\"high\" decoding=\"async\" src=\"https:\/\/ua-protector.com\/wp-content\/uploads\/2025\/04\/JGDL-63-1-300x300.jpg\" alt=\"Automatisch wiedereinschaltender Schutzschalter f\u00fcr die Energiemessung\" width=\"300\" height=\"300\" \/><figcaption id=\"caption-attachment-4533\" class=\"wp-caption-text\">Automatisch wiedereinschaltender Schutzschalter f\u00fcr die Energiemessung<\/figcaption><\/figure>\n<p><strong><a href=\"https:\/\/ua-protector.com\/de\/\">\u00a0 \u00a0 Automatisch wiedereinschaltender Schutzschalter f\u00fcr die Energiemessung<\/a><\/strong> JGDL-63 ist ein strombegrenzender Schutzschalter mit Energiemessung, der mehrere Schutzfunktionen f\u00fcr \u00dcberspannung, Unterspannung, \u00dcberstrom, Leckage, Temperatur, Frequenz und Energiemessung bietet. Der umfassende Schutzschalter von Neng kann alle Schutzparameter entsprechend dem Strombedarf einstellen und gew\u00e4hrleistet, dass \u00dcberspannung, Unterspannung, \u00dcberstrom, Kurzschluss, Leckage usw. im Stromkreis auftreten. Im Falle eines Fehlers kann der Schutzschalter die Stromzufuhr sofort unterbrechen und die elektrischen Ger\u00e4te vor Sch\u00e4den sch\u00fctzen.<\/p>\n<p>Diese Produktreihe hat eine kompakte Struktur, ein sch\u00f6nes Aussehen und eine Standardschieneninstallation. Sie eignet sich vor allem f\u00fcr die Stromverteilung in Haushalten, Wohnheimen, Mietr\u00e4umen und anderen Gelegenheiten.<\/p>\n<h3>Arbeitsbedingungen und Parameter<\/h3>\n<hr \/>\n<div style=\"overflow-x: auto;\">\n<table style=\"min-width: 600px;\" border=\"1\" cellspacing=\"0\">\n<tbody>\n<tr>\n<th>Typ<\/th>\n<th>JGDL-63<\/th>\n<\/tr>\n<tr>\n<td>Aktueller Einstellbereich<\/td>\n<td>63A(2~63A)<\/td>\n<\/tr>\n<tr>\n<td>Einstellbereich der \u00dcberspannung<\/td>\n<td>AC270V(210~300V)<\/td>\n<\/tr>\n<tr>\n<td>Bereich der Unterspannungseinstellung<\/td>\n<td>AC170V(80~200V)<\/td>\n<\/tr>\n<tr>\n<td>Ableitstrom-Einstellbereich<\/td>\n<td>20mA(5~300mA)<\/td>\n<\/tr>\n<\/tbody>\n<\/table>\n<\/div>\n<p>2.1. Das erste normale Einschalten erfolgt automatisch nach einer Verz\u00f6gerung von 1 Sekunde; bei \u00dcberspannung, Unterspannung, \u00dcberstrom oder Leckage w\u00e4hrend des ersten Einschaltens schaltet sich das Produkt innerhalb von 1 Sekunde automatisch ab;<\/p>\n<p>2.2. <a href=\"https:\/\/www.elejg.com\/\" target=\"_blank\" rel=\"noopener\">Stromschutz<\/a> Parameter:<\/p>\n<p>a. \u2265 1,0 mal Strom, Einstellbereich 1-120 Sekunden, Standard 10 Sekunden<\/p>\n<p>b. \u2265 das 1,2-fache des Kurzschlussstroms, 0,1 Sekunden zum \u00d6ffnen des Stromkreises<\/p>\n<p>2.3. Die Umgebungstemperatur sollte +40 \u2103 nicht \u00fcberschreiten, nicht niedriger als -5 \u2103 sein, und die durchschnittliche Temperatur \u00fcber 24 Stunden sollte +35 \u2103 nicht \u00fcberschreiten; Bei +40 \u2103 sollte die Umgebungsluftfeuchtigkeit 50% nicht \u00fcberschreiten.<\/p>\n<p>2.4. Die Meeresh\u00f6he des Aufstellungsortes darf 2000 Meter nicht \u00fcberschreiten.5. Verschmutzungsgrad III.6. In der Installationsumgebung gibt es keine explosiven gef\u00e4hrlichen Medien, keine \u00e4tzenden oder isolierenden Gase und keinen leitf\u00e4higen Staub. Es gibt auch keine Bereiche, die von Regen oder Schnee betroffen sind.<\/p>\n<p><strong>Technische Dokumente\uff1a<\/strong>strombegrenzender Schutzschalter f\u00fcr die Energiemessung<\/p>\n<h3>3\u3001Einstellungen der Schutzeinrichtung f\u00fcr die Energiemessung<\/h3>\n<hr \/>\n<p>&nbsp;<\/p>\n<p>3.1. Taste \"Einstellungen\": Halten Sie die Einstellungstaste 2 Sekunden lang gedr\u00fcckt, um in den Einstellungsmodus zu gelangen. Nach dem Aufrufen des Einstellungsmodus dr\u00fccken Sie die Taste einmal, um das n\u00e4chste Einstellungsmen\u00fc aufzurufen;<\/p>\n<p>3.2. Umschalttaste: In der Einstellung ist dies die digitale Umschaltfunktion;<\/p>\n<p>3.3. Datenschl\u00fcssel: Abfrage der letzten Fehlerinformationen des Produkts und \u00c4nderung der Parameter, die beim Setzen des Status eingestellt werden m\u00fcssen;<\/p>\n<p>3.4. Reset-Taste: Wenn der erste \u00dcberstrom oder die erste Leckage auftritt, schaltet sich das Produkt nach einer bestimmten R\u00fcckstellverz\u00f6gerungszeit automatisch aus. Wenn der zweite \u00dcberstrom oder die zweite Leckage auftritt, muss manuell best\u00e4tigt werden, dass kein Fehler im Stromkreis vorhanden ist. Nach der manuellen Bet\u00e4tigung des R\u00fcckstellknopfes wird das Ger\u00e4t geschlossen. Dr\u00fccken Sie im eingestellten Zustand die R\u00fccksetztaste 1 Sekunde lang, um den eingestellten Zustand zu speichern und zu verlassen,<\/p>\n<p>Halten Sie die Reset-Taste w\u00e4hrend der Echtzeitanzeige gedr\u00fcckt, um das Produkt zu \u00f6ffnen, und dr\u00fccken Sie sie erneut, um es zu schlie\u00dfen.<\/p>\n<h3>4\u3001Energiez\u00e4hler-Schutzeinrichtung Beschreibung des Panels<\/h3>\n<hr \/>\n<p><img decoding=\"async\" src=\"https:\/\/ua-protector.com\/wp-content\/uploads\/2025\/04\/\u83dc\u5355\u8bf4\u660e-\u82f1\u6587\u7248.jpg\" alt=\"Einstellungsmen\u00fc f\u00fcr den Energiemessungsschutz\" width=\"828\" height=\"653\" \/><\/p>\n<h3>5.Abmessungen<\/h3>\n<hr \/>\n<p><img decoding=\"async\" src=\"https:\/\/ua-protector.com\/wp-content\/uploads\/2025\/04\/\u5916\u578b\u5c3a\u5bf8-1.jpg\" alt=\"\" width=\"687\" height=\"533\" \/><\/p>\n<h2><strong><a href=\"https:\/\/ua-protector.com\/de\">Automatisch wiedereinschaltender Schutzschalter f\u00fcr die Energiemessung<\/a><\/strong> Sollte ein Plan sein<\/h2>\n<hr \/>\n<figure id=\"attachment_6111\" class=\"wp-caption alignleft\" aria-describedby=\"caption-attachment-6111\"><img loading=\"lazy\" decoding=\"async\" class=\"wp-image-6111 size-full\" src=\"https:\/\/ua-protector.com\/wp-content\/uploads\/2025\/04\/%E6%8E%A5%E7%BA%BF%E5%9B%BE-%E8%BF%87%E6%AC%A0%E5%8E%8B-3.jpg\" sizes=\"(max-width: 600px) 100vw, 600px\" srcset=\"https:\/\/ua-protector.com\/wp-content\/uploads\/2025\/04\/\u63a5\u7ebf\u56fe-\u8fc7\u6b20\u538b-3.jpg 600w, https:\/\/ua-protector.com\/wp-content\/uploads\/2025\/04\/\u63a5\u7ebf\u56fe-\u8fc7\u6b20\u538b-3-159x300.jpg 159w, https:\/\/ua-protector.com\/wp-content\/uploads\/2025\/04\/\u63a5\u7ebf\u56fe-\u8fc7\u6b20\u538b-3-542x1024.jpg 542w, https:\/\/ua-protector.com\/wp-content\/uploads\/2025\/04\/\u63a5\u7ebf\u56fe-\u8fc7\u6b20\u538b-3-6x12.jpg 6w\" alt=\"\u00dcber- und Unterspannungsschutzger\u00e4te\" width=\"600\" height=\"1133\" \/><figcaption id=\"caption-attachment-6111\" class=\"wp-caption-text\">\u00dcber- und Unterspannungsschutzger\u00e4te<\/figcaption><\/figure>\n<h3 data-slate-node=\"element\"><span class=\"null hover-sent\" style=\"color: #ff0000;\" data-slate-leaf=\"true\" data-sent-id=\"ejrkgDPYqe\">Warnung:<\/span><\/h3>\n<div data-slate-node=\"element\"><span data-slate-node=\"text\"><span class=\"null hover-sent\" data-slate-leaf=\"true\" data-sent-id=\"ejrkgDPYqe\">Die Dr\u00e4hte N und L d\u00fcrfen nicht falsch angeschlossen werden.<\/span><\/span><\/div>\n<div data-slate-node=\"element\" data-slate-fragment=\"JTVCJTdCJTIydHlwZSUyMiUzQSUyMnBhcmFncmFwaCUyMiUyQyUyMmNoaWxkcmVuJTIyJTNBJTVCJTdCJTIyaWQlMjIlM0ElMjJlanJrZ0RQWXFlJTIyJTJDJTIycGFyYUlkeCUyMiUzQTElMkMlMjJzcmMlMjIlM0ElMjJBdHRlbnRpb24lM0ElMjBUaGUlMjBOJTIwYW5kJTIwTCUyMHdpcmVzJTIwbXVzdCUyMG5vdCUyMGJlJTIwY29ubmVjdGVkJTIwaW5jb3JyZWN0bHkuJTIyJTJDJTIyZHN0JTIyJTNBJTIyJUU2JUIzJUE4JUU2JTg0JThGJUVGJUJDJTlBTiVFNSU5MiU4Q0wlRTclQkElQkYlRTQlQjglOEQlRTUlQkUlOTclRTglQkYlOUUlRTYlOEUlQTUlRTklOTQlOTklRTglQUYlQUYlRTMlODAlODIlMjIlMkMlMjJtZXRhZGF0YSUyMiUzQSUyMiUyMiUyQyUyMm1hdGNoZXMlMjIlM0FudWxsJTJDJTIybWV0YURhdGElMjIlM0ElNUIlNUQlMkMlMjJ0ZXh0JTIyJTNBJTIyVGhlJTIwTiUyMGFuZCUyMEwlMjB3aXJlcyUyMG11c3QlMjBub3QlMjBiZSUyMGNvbm5lY3RlZCUyMGluY29ycmVjdGx5LiUyMiU3RCU1RCU3RCUyQyU3QiUyMnR5cGUlMjIlM0ElMjJwYXJhZ3JhcGglMjIlMkMlMjJjaGlsZHJlbiUyMiUzQSU1QiU3QiUyMmlkJTIyJTNBJTIyVk5ETmRqOUFiQiUyMiUyQyUyMnBhcmFJZHglMjIlM0EyJTJDJTIyc3JjJTIyJTNBJTIyQWxsJTIwdGVybWluYWxzJTIwbXVzdCUyMGJlJTIwdGlnaHRlbmVkJTIwdG8lMjBwcmV2ZW50JTIwZmFsc2UlMjBjb25uZWN0aW9ucyUyMHRoYXQlMjBjb3VsZCUyMGJ1cm4lMjBvdXQlMjB0aGUlMjBwcm90ZWN0b3IuJTIyJTJDJTIyZHN0JTIyJTNBJTIyJUU2JTg5JTgwJUU2JTlDJTg5JUU3JUFCJUFGJUU1JUFEJTkwJUU1JUJGJTg1JUU5JUExJUJCJUU2JThCJUE3JUU3JUI0JUE3JUVGJUJDJThDJUU0JUJCJUE1JUU5JTk4JUIyJUU2JUFEJUEyJUU1JThGJUFGJUU4JTgzJUJEJUU3JTgzJUE3JUU1JTlEJThGJUU0JUJGJTlEJUU2JThBJUE0JUU1JTk5JUE4JUU3JTlBJTg0JUU5JTk0JTk5JUU4JUFGJUFGJUU4JUJGJTlFJUU2JThFJUE1JUUzJTgwJTgyJTIyJTJDJTIybWV0YWRhdGElMjIlM0ElMjIlMjIlMkMlMjJtYXRjaGVzJTIyJTNBbnVsbCUyQyUyMm1ldGFEYXRhJTIyJTNBJTVCJTVEJTJDJTIydGV4dCUyMiUzQSUyMkFsbCUyMHRlcm1pbmFscyUyMG11c3QlMjBiZSUyMHRpZ2h0ZW5lZCUyMHRvJTIwcHJldmVudCUyMGZhbHNlJTIwY29ubmVjdGlvbnMlMjB0aGF0JTIwY291bGQlMjBidXJuJTIwb3V0JTIwdGhlJTIwcHJvdGVjdG9yLiUyMiU3RCU1RCU3RCU1RA==\"><span data-slate-node=\"text\"><span class=\"null\" data-slate-leaf=\"true\" data-sent-id=\"VNDNdj9AbB\">Alle Klemmen m\u00fcssen fest angezogen sein, um falsche Verbindungen zu vermeiden, die den Schutz durchbrennen lassen k\u00f6nnten.<\/span><\/span><\/div>\n<h2 class=\"wp-block-heading\"><\/h2>\n<h2><strong>Informationen zum Standardpaket<\/strong><\/h2>\n<hr \/>\n<p>&nbsp;<\/p>\n<p><img loading=\"lazy\" decoding=\"async\" class=\"alignnone size-medium wp-image-5943\" src=\"https:\/\/ua-protector.com\/wp-content\/uploads\/2025\/04\/45.5-23.5-31.5-box-300x300.jpg\" sizes=\"(max-width: 300px) 100vw, 300px\" srcset=\"https:\/\/ua-protector.com\/wp-content\/uploads\/2025\/04\/45.5-23.5-31.5-box-300x300.jpg 300w, https:\/\/ua-protector.com\/wp-content\/uploads\/2025\/04\/45.5-23.5-31.5-box-150x150.jpg 150w, https:\/\/ua-protector.com\/wp-content\/uploads\/2025\/04\/45.5-23.5-31.5-box-12x12.jpg 12w, https:\/\/ua-protector.com\/wp-content\/uploads\/2025\/04\/45.5-23.5-31.5-box-600x600.jpg 600w, https:\/\/ua-protector.com\/wp-content\/uploads\/2025\/04\/45.5-23.5-31.5-box-100x100.jpg 100w, https:\/\/ua-protector.com\/wp-content\/uploads\/2025\/04\/45.5-23.5-31.5-box.jpg 750w\" alt=\"\" width=\"300\" height=\"300\" \/><\/p>\n<div style=\"overflow-x: auto; margin: 1em 0; border-radius: 4px; box-shadow: 0 2px 5px rgba(0,0,0,0.1);\">\n<table style=\"min-width: 580px; border-collapse: collapse; font-family: sans-serif;\">\n<thead>\n<tr style=\"background: #f8f9fa;\">\n<th style=\"padding: 12px 15px; border: 1px solid #dfe2e5; text-align: left;\">Karton Abmessung (cm)<\/th>\n<th style=\"padding: 12px 15px; border: 1px solid #dfe2e5; text-align: left;\">Packliste<\/th>\n<th style=\"padding: 12px 15px; border: 1px solid #dfe2e5; text-align: center;\">QTY<\/th>\n<th style=\"padding: 12px 15px; border: 1px solid #dfe2e5; text-align: center;\">Bruttogewicht(kg)<\/th>\n<\/tr>\n<\/thead>\n<tbody>\n<tr>\n<td style=\"padding: 12px 15px; border: 1px solid #dfe2e5;\">45,5 cm \u00d7 23,5 cm \u00d7 31,5 cm<\/td>\n<td style=\"padding: 12px 15px; border: 1px solid #dfe2e5;\">Besch\u00fctzer<\/td>\n<td style=\"padding: 12px 15px; border: 1px solid #dfe2e5; text-align: center;\">120St\u00fcck<\/td>\n<td style=\"padding: 12px 15px; border: 1px solid #dfe2e5; text-align: center;\">20kg<\/td>\n<\/tr>\n<\/tbody>\n<\/table>\n<\/div>\n<h1><span style=\"color: #0000ff;\">Kontaktieren Sie uns jetzt, kostenlose Muster sind verf\u00fcgbar<\/span><\/h1>\n<p>Wenn Sie mehr \u00fcber unsere Produkte und Dienstleistungen erfahren m\u00f6chten, erhalten Sie eine Antwort von einem Elektrofachmann. Wir freuen uns darauf, Sie zu unterst\u00fctzen.<\/p>\n<p>Mob\/WhatsApp\/WeChat\/Wang: +86 18958900126<br \/>\nGesch\u00e4ftliche E-Mail\uff1a<strong>sales@tokeep.net<br \/>\n<\/strong>Technologie E-Mail:\u00a0<strong>tokeepcc@gmail.com<\/strong><strong><br \/>\n<\/strong>Pers\u00f6nliche E-Mail:<strong>\u00a0wxj7607@126.com<\/strong><\/p>\n<p><img loading=\"lazy\" decoding=\"async\" src=\"https:\/\/ua-protector.com\/wp-content\/uploads\/2025\/05\/whateapp-300x169.jpg\" alt=\"\" width=\"300\" height=\"169\" \/><\/p>","protected":false},"excerpt":{"rendered":"<p><span data-slate-fragment=\"JTVCJTdCJTIydHlwZSUyMiUzQSUyMnBhcmFncmFwaCUyMiUyQyUyMmNoaWxkcmVuJTIyJTNBJTVCJTdCJTIyaWQlMjIlM0ElMjJWQWJRSkp4MVB6JTIyJTJDJTIycGFyYUlkeCUyMiUzQTAlMkMlMjJzcmMlMjIlM0ElMjJBdXRvbWF0aWMlMjByZWNvbm5lY3Rpb24lMjAlMjBlbmVyZ3klMjBtZXRlcmluZyUyMHByb3RlY3RvciUyMCUyMiUyQyUyMmRzdCUyMiUzQSUyMiVFOCU4NyVBQSVFNSU4QSVBOCVFOSU4NyU4RCVFNiU5NiVCMCVFOCVCRiU5RSVFNiU4RSVBNSVFNyU5NCVCNSVFOCU4MyVCRCVFOCVBRSVBMSVFOSU4NyU4RiVFNCVCRiU5RCVFNiU4QSVBNCVFNSU5OSVBOCUyMiUyQyUyMm1ldGFkYXRhJTIyJTNBJTIyJTIyJTJDJTIybWF0Y2hlcyUyMiUzQW51bGwlMkMlMjJtZXRhRGF0YSUyMiUzQSU1QiU1RCUyQyUyMnRleHQlMjIlM0ElMjJBdXRvbWF0aWMlMjByZWNvbm5lY3Rpb24lMjAlMjBlbmVyZ3klMjBtZXRlcmluZyUyMHByb3RlY3RvciUyMCUyMiU3RCU1RCU3RCU1RA==\">\u00a0 Automatische Energiemessung bei Wiedereinschaltung <a href=\"https:\/\/ua-protector.com\/de\/produkt\/strombegrenzender-brandmeldeschutzschalter\/\">Besch\u00fctzer<\/a>\u00a0 <\/span>JGDL-63 ist ein strombegrenzender Schutzschalter mit Energiemessung, der mehrere Schutzfunktionen f\u00fcr \u00dcberspannung, Unterspannung, \u00dcberstrom, Leckage, Temperatur, Frequenz und Energiemessung bietet.<\/p>\n<p><strong>Anweisungen \uff1a<\/strong><a href=\"https:\/\/ua-protector.com\/wp-content\/uploads\/2025\/04\/JGDL-63-Manual.pdf\">Automatische Wiedereinschaltung einstellbare Spannung JGDL-63-Handbuch<\/a><\/p>","protected":false},"featured_media":4533,"template":"","meta":{"_acf_changed":false,"site-sidebar-layout":"default","site-content-layout":"","ast-site-content-layout":"default","site-content-style":"default","site-sidebar-style":"default","ast-global-header-display":"","ast-banner-title-visibility":"","ast-main-header-display":"","ast-hfb-above-header-display":"","ast-hfb-below-header-display":"","ast-hfb-mobile-header-display":"","site-post-title":"","ast-breadcrumbs-content":"","ast-featured-img":"","footer-sml-layout":"","theme-transparent-header-meta":"default","adv-header-id-meta":"","stick-header-meta":"","header-above-stick-meta":"","header-main-stick-meta":"","header-below-stick-meta":"","astra-migrate-meta-layouts":"set","ast-page-background-enabled":"default","ast-page-background-meta":{"desktop":{"background-color":"","background-image":"","background-repeat":"repeat","background-position":"center center","background-size":"auto","background-attachment":"scroll","background-type":"","background-media":"","overlay-type":"","overlay-color":"","overlay-opacity":"","overlay-gradient":""},"tablet":{"background-color":"","background-image":"","background-repeat":"repeat","background-position":"center center","background-size":"auto","background-attachment":"scroll","background-type":"","background-media":"","overlay-type":"","overlay-color":"","overlay-opacity":"","overlay-gradient":""},"mobile":{"background-color":"","background-image":"","background-repeat":"repeat","background-position":"center center","background-size":"auto","background-attachment":"scroll","background-type":"","background-media":"","overlay-type":"","overlay-color":"","overlay-opacity":"","overlay-gradient":""}},"ast-content-background-meta":{"desktop":{"background-color":"var(--ast-global-color-5)","background-image":"","background-repeat":"repeat","background-position":"center center","background-size":"auto","background-attachment":"scroll","background-type":"","background-media":"","overlay-type":"","overlay-color":"","overlay-opacity":"","overlay-gradient":""},"tablet":{"background-color":"var(--ast-global-color-5)","background-image":"","background-repeat":"repeat","background-position":"center center","background-size":"auto","background-attachment":"scroll","background-type":"","background-media":"","overlay-type":"","overlay-color":"","overlay-opacity":"","overlay-gradient":""},"mobile":{"background-color":"var(--ast-global-color-5)","background-image":"","background-repeat":"repeat","background-position":"center center","background-size":"auto","background-attachment":"scroll","background-type":"","background-media":"","overlay-type":"","overlay-color":"","overlay-opacity":"","overlay-gradient":""}}},"product_brand":[],"product_cat":[15,70,65,56,64,62,69],"product_tag":[91,95,110,87],"class_list":{"0":"post-4441","1":"product","2":"type-product","3":"status-publish","4":"has-post-thumbnail","6":"product_cat-product","7":"product_cat-small-ammeter","8":"product_cat-fireproof-current-limiting-protector","9":"product_cat-protector","10":"product_cat-smart-meter","11":"product_cat-voltage-protector","12":"product_cat-small-voltmeter","13":"product_tag-adjustable-over-and-under-voltage-protector","14":"product_tag-protector-current-stabilizer-voltmeter-for-house-protection63a","15":"product_tag-voltage-protector-220v","16":"product_tag-voltage-protector-for-home","17":"desktop-align-center","18":"tablet-align-left","19":"mobile-align-left","21":"first","22":"instock","23":"featured","24":"shipping-taxable","25":"product-type-simple"},"acf":[],"_links":{"self":[{"href":"https:\/\/ua-protector.com\/de\/wp-json\/wp\/v2\/product\/4441","targetHints":{"allow":["GET"]}}],"collection":[{"href":"https:\/\/ua-protector.com\/de\/wp-json\/wp\/v2\/product"}],"about":[{"href":"https:\/\/ua-protector.com\/de\/wp-json\/wp\/v2\/types\/product"}],"version-history":[{"count":34,"href":"https:\/\/ua-protector.com\/de\/wp-json\/wp\/v2\/product\/4441\/revisions"}],"predecessor-version":[{"id":6685,"href":"https:\/\/ua-protector.com\/de\/wp-json\/wp\/v2\/product\/4441\/revisions\/6685"}],"wp:featuredmedia":[{"embeddable":true,"href":"https:\/\/ua-protector.com\/de\/wp-json\/wp\/v2\/media\/4533"}],"wp:attachment":[{"href":"https:\/\/ua-protector.com\/de\/wp-json\/wp\/v2\/media?parent=4441"}],"wp:term":[{"taxonomy":"product_brand","embeddable":true,"href":"https:\/\/ua-protector.com\/de\/wp-json\/wp\/v2\/product_brand?post=4441"},{"taxonomy":"product_cat","embeddable":true,"href":"https:\/\/ua-protector.com\/de\/wp-json\/wp\/v2\/product_cat?post=4441"},{"taxonomy":"product_tag","embeddable":true,"href":"https:\/\/ua-protector.com\/de\/wp-json\/wp\/v2\/product_tag?post=4441"}],"curies":[{"name":"wp","href":"https:\/\/api.w.org\/{rel}","templated":true}]}}