{"id":4440,"date":"2025-04-27T02:23:54","date_gmt":"2025-04-27T02:23:54","guid":{"rendered":"https:\/\/ua-protector.com\/?post_type=product&#038;p=4440"},"modified":"2025-08-06T01:42:17","modified_gmt":"2025-08-06T08:42:17","slug":"din-rail-type-energy-meter-dts3845","status":"publish","type":"product","link":"https:\/\/ua-protector.com\/de\/produkt\/zahler\/kleines-amperemeter\/energiezahler-fur-din-schienen-dts3845\/","title":{"rendered":"Din-Schienen-Energiez\u00e4hler Dreiphasen-Vierleiter DTS805"},"content":{"rendered":"<h2><strong>Umfang der Anwendung<\/strong><\/h2>\n<hr \/>\n<figure id=\"attachment_4527\" aria-describedby=\"caption-attachment-4527\" style=\"width: 300px\" class=\"wp-caption alignleft\"><a href=\"https:\/\/ua-protector.com\/de\/produkt\/digitaler-multifunktions-leistungsmesser\/\"><img fetchpriority=\"high\" decoding=\"async\" class=\"wp-image-4527 size-medium\" src=\"https:\/\/ua-protector.com\/wp-content\/uploads\/2025\/04\/DTS805-0-300x300.jpg\" alt=\"Energiez\u00e4hler f\u00fcr die Hutschiene, 3 Phasen, 4 Dr\u00e4hte\" width=\"300\" height=\"300\" srcset=\"https:\/\/ua-protector.com\/wp-content\/uploads\/2025\/04\/DTS805-0-300x300.jpg 300w, https:\/\/ua-protector.com\/wp-content\/uploads\/2025\/04\/DTS805-0-100x100.jpg 100w, https:\/\/ua-protector.com\/wp-content\/uploads\/2025\/04\/DTS805-0-600x600.jpg 600w, https:\/\/ua-protector.com\/wp-content\/uploads\/2025\/04\/DTS805-0-150x150.jpg 150w, https:\/\/ua-protector.com\/wp-content\/uploads\/2025\/04\/DTS805-0-768x768.jpg 768w, https:\/\/ua-protector.com\/wp-content\/uploads\/2025\/04\/DTS805-0.jpg 800w\" sizes=\"(max-width: 300px) 100vw, 300px\" \/><\/a><figcaption id=\"caption-attachment-4527\" class=\"wp-caption-text\">Energiez\u00e4hler f\u00fcr die Hutschiene, 3 Phasen, 4 Dr\u00e4hte<\/figcaption><\/figure>\n<p><a href=\"https:\/\/ua-protector.com\/de\/produkt\/digitaler-multifunktions-leistungsmesser\/\"> Energiez\u00e4hler f\u00fcr die Hutschiene<\/a> 3-Phasen-4-Draht und 3-Phasen-3-Draht elektronische Schiene elektrisch <a href=\"https:\/\/elejg.com\/\" target=\"_blank\" rel=\"noopener\">Energiez\u00e4hler<\/a> (im Folgenden als \"Instrument\") ist die Verwendung von gro\u00dfen integrierten Schaltungen, die Anwendung der digitalen Abtastung Technologie, ist f\u00fcr das Stromnetz, Kommunikations-Industrie, Bauindustrie und andere Power Monitoring und Power Metering Bed\u00fcrfnisse, vor allem f\u00fcr die elektrische Schaltung in der Drei-Phasen-Spannung, Drei-Phasen-Strom, Wirkleistung, Blindleistung, Frequenz, vorw\u00e4rts und r\u00fcckw\u00e4rts elektrische Energie, vier-Quadranten elektrische Energie und andere Parameter f\u00fcr die Echtzeit-Messung und Anzeige, mit Standard-DIN35mm Din-Schiene Montage; Als Monitoring-Terminal-Produkt des Energiemanagementsystems kann es weithin in der internen Leistungsbewertung und \u00dcberwachung von Industrie- und Bergbauunternehmen, Hotels, Schulen und gro\u00dfen \u00f6ffentlichen Geb\u00e4uden eingesetzt werden.<\/p>\n<p>Die Leistungsindikatoren des Stromz\u00e4hlers entsprechen den folgenden einschl\u00e4gigen technischen Normen:<\/p>\n<p>GB\/T 17215.211-2021<\/p>\n<p>GB\/T 17215.321-2021 Besondere Anforderungen f\u00fcr elektrische Messger\u00e4te (AC) - Teil 21: Statische Wirkenergiez\u00e4hler (Klasse A, Klasse B, Klasse C)<\/p>\n<p>GB\/T 17215.323-2008 Besondere Anforderungen an Wechselstrommessger\u00e4te - Teil 23: Statische Blindenergiez\u00e4hler (Ebenen 2 und 3)<\/p>\n<p>DL\/T 645-2007 \"Multifunktionales Kommunikationsprotokoll f\u00fcr Energiez\u00e4hler\" MODUS-RTU Standardprotokoll<\/p>\n<h2><strong>Produktmerkmale<\/strong><\/h2>\n<hr \/>\n<p>Die wichtigsten Funktionen des Produkts sind: dreiphasige Spannung, dreiphasiger Strom, Wirkleistung, Blindleistung, Leistung, Leistungsfaktor, Frequenz, Messung der Wirkenergie, Messung der Blindenergie, statistischer komplexer Tarif (optional), Oberwellenanalyse (optional)<\/p>\n<p>Er verf\u00fcgt \u00fcber einen RS485-Kommunikationsanschluss und unterst\u00fctzt das Standardprotokoll ModBus oder das Protokoll DL\/T 645-2007.<\/p>\n<p>Es kann externe Steuerfunktionen unterst\u00fctzen und unterst\u00fctzt bis zu 2 Relaisausg\u00e4nge<\/p>\n<p>DIN35mm Standardschienenmontage, modularer Aufbau, geringe Gr\u00f6\u00dfe, einfach zu installieren;<\/p>\n<h1><strong>Energiez\u00e4hler f\u00fcr die Hutschiene Modellbeschreibung<\/strong><\/h1>\n<hr \/>\n<p><img decoding=\"async\" src=\"https:\/\/elejg.com\/static\/upload\/image\/20241219\/1734595606168089.jpg\" alt=\"Bedienungsanleitung f\u00fcr den Drehstromz\u00e4hler (4P) - Modellbeschreibung .jpg\" \/><\/p>\n<h2><strong>Din-Schienen-Energiemessger\u00e4t der Gr\u00f6\u00dfe\u00a0<\/strong><\/h2>\n<hr \/>\n<p><img decoding=\"async\" src=\"https:\/\/elejg.com\/static\/upload\/image\/20241219\/1734595606181735.jpg\" alt=\"Dreiphasiger Stromz\u00e4hler mit F\u00fchrungsschiene - Produktgr\u00f6\u00dfe .jpg\" \/><\/p>\n<p>&nbsp;<\/p>\n<hr \/>\n<h1 class=\"elementor-heading-title elementor-size-default\"><span style=\"color: #0000ff;\">Kontaktieren Sie uns jetzt, kostenlose Muster sind verf\u00fcgbar<\/span><\/h1>\n<p>Wenn Sie mehr \u00fcber unsere Produkte und Dienstleistungen erfahren m\u00f6chten, erhalten Sie eine Antwort von einem Elektrofachmann. Wir freuen uns darauf, Sie zu unterst\u00fctzen.<\/p>\n<p>Mob\/WhatsApp\/WeChat\/Wang: +86 18958900126<br \/>\nGesch\u00e4ftliche E-Mail\uff1a<strong>sales@tokeep.net<br \/>\n<\/strong>Technologie E-Mail:\u00a0<strong>tokeepcc@gmail.com<\/strong><strong><br \/>\n<\/strong>Pers\u00f6nliche E-Mail:<strong>\u00a0wxj7607@126.com<\/strong><\/p>\n<p><img decoding=\"async\" class=\"alignnone wp-image-5833 size-full\" src=\"https:\/\/ua-protector.com\/wp-content\/uploads\/2025\/04\/whateapp-1.jpg\" sizes=\"(max-width: 573px) 100vw, 573px\" srcset=\"https:\/\/ua-protector.com\/wp-content\/uploads\/2025\/04\/whateapp-1.jpg 573w, https:\/\/ua-protector.com\/wp-content\/uploads\/2025\/04\/whateapp-1-300x169.jpg 300w, https:\/\/ua-protector.com\/wp-content\/uploads\/2025\/04\/whateapp-1-18x10.jpg 18w\" alt=\"\" width=\"573\" height=\"322\" \/><\/p>","protected":false},"excerpt":{"rendered":"<p>Die Din-Schiene Typ Energiez\u00e4hler 3Phase 4Wire nimmt DIN35mm Schiene Installation Struktur, geringe Gr\u00f6\u00dfe, kann elektrische Energie und andere elektrische Parameter zu messen, k\u00f6nnen Parameter wie Uhr, Rate Zeitraum, etc., mit hoher Pr\u00e4zision, gute Zuverl\u00e4ssigkeit und Leistungsindikatoren im Einklang mit dem nationalen Standard GB\/T17215-2002, GB\/T17883-1999 und die Energie-Industrie-Standard DL\/T614-2007 f\u00fcr die technischen Anforderungen der elektrischen Energiez\u00e4hler, und hat die Funktion der elektrischen Energie Impulsausgang; RS485-Kommunikations-Schnittstelle kann verwendet werden, um den Datenaustausch mit dem Host-Computer zu realisieren.<\/p>","protected":false},"featured_media":4527,"template":"","meta":{"_acf_changed":false,"site-sidebar-layout":"default","site-content-layout":"","ast-site-content-layout":"default","site-content-style":"default","site-sidebar-style":"default","ast-global-header-display":"","ast-banner-title-visibility":"","ast-main-header-display":"","ast-hfb-above-header-display":"","ast-hfb-below-header-display":"","ast-hfb-mobile-header-display":"","site-post-title":"","ast-breadcrumbs-content":"","ast-featured-img":"","footer-sml-layout":"","theme-transparent-header-meta":"default","adv-header-id-meta":"","stick-header-meta":"","header-above-stick-meta":"","header-main-stick-meta":"","header-below-stick-meta":"","astra-migrate-meta-layouts":"set","ast-page-background-enabled":"default","ast-page-background-meta":{"desktop":{"background-color":"","background-image":"","background-repeat":"repeat","background-position":"center center","background-size":"auto","background-attachment":"scroll","background-type":"","background-media":"","overlay-type":"","overlay-color":"","overlay-opacity":"","overlay-gradient":""},"tablet":{"background-color":"","background-image":"","background-repeat":"repeat","background-position":"center center","background-size":"auto","background-attachment":"scroll","background-type":"","background-media":"","overlay-type":"","overlay-color":"","overlay-opacity":"","overlay-gradient":""},"mobile":{"background-color":"","background-image":"","background-repeat":"repeat","background-position":"center center","background-size":"auto","background-attachment":"scroll","background-type":"","background-media":"","overlay-type":"","overlay-color":"","overlay-opacity":"","overlay-gradient":""}},"ast-content-background-meta":{"desktop":{"background-color":"var(--ast-global-color-5)","background-image":"","background-repeat":"repeat","background-position":"center center","background-size":"auto","background-attachment":"scroll","background-type":"","background-media":"","overlay-type":"","overlay-color":"","overlay-opacity":"","overlay-gradient":""},"tablet":{"background-color":"var(--ast-global-color-5)","background-image":"","background-repeat":"repeat","background-position":"center center","background-size":"auto","background-attachment":"scroll","background-type":"","background-media":"","overlay-type":"","overlay-color":"","overlay-opacity":"","overlay-gradient":""},"mobile":{"background-color":"var(--ast-global-color-5)","background-image":"","background-repeat":"repeat","background-position":"center center","background-size":"auto","background-attachment":"scroll","background-type":"","background-media":"","overlay-type":"","overlay-color":"","overlay-opacity":"","overlay-gradient":""}}},"product_brand":[],"product_cat":[70,15,55,64,69],"product_tag":[105,106,104,107,108,109],"class_list":{"0":"post-4440","1":"product","2":"type-product","3":"status-publish","4":"has-post-thumbnail","6":"product_cat-small-ammeter","7":"product_cat-product","8":"product_cat-meter","9":"product_cat-smart-meter","10":"product_cat-small-voltmeter","11":"product_tag-3-phase-4-wire-kwh-electronic-energy-meter","12":"product_tag-3-phase-4-wire-multifunction-power-instrument-rs485","13":"product_tag-digital-electric-meter-din-rail-mount","14":"product_tag-din-rail-wattmeter-220v","15":"product_tag-three-phase-energy-meter","16":"product_tag-three-phase-multi-function-smart-meter","17":"desktop-align-center","18":"tablet-align-left","19":"mobile-align-left","21":"first","22":"instock","23":"featured","24":"shipping-taxable","25":"product-type-simple"},"acf":[],"_links":{"self":[{"href":"https:\/\/ua-protector.com\/de\/wp-json\/wp\/v2\/product\/4440","targetHints":{"allow":["GET"]}}],"collection":[{"href":"https:\/\/ua-protector.com\/de\/wp-json\/wp\/v2\/product"}],"about":[{"href":"https:\/\/ua-protector.com\/de\/wp-json\/wp\/v2\/types\/product"}],"version-history":[{"count":13,"href":"https:\/\/ua-protector.com\/de\/wp-json\/wp\/v2\/product\/4440\/revisions"}],"predecessor-version":[{"id":6700,"href":"https:\/\/ua-protector.com\/de\/wp-json\/wp\/v2\/product\/4440\/revisions\/6700"}],"wp:featuredmedia":[{"embeddable":true,"href":"https:\/\/ua-protector.com\/de\/wp-json\/wp\/v2\/media\/4527"}],"wp:attachment":[{"href":"https:\/\/ua-protector.com\/de\/wp-json\/wp\/v2\/media?parent=4440"}],"wp:term":[{"taxonomy":"product_brand","embeddable":true,"href":"https:\/\/ua-protector.com\/de\/wp-json\/wp\/v2\/product_brand?post=4440"},{"taxonomy":"product_cat","embeddable":true,"href":"https:\/\/ua-protector.com\/de\/wp-json\/wp\/v2\/product_cat?post=4440"},{"taxonomy":"product_tag","embeddable":true,"href":"https:\/\/ua-protector.com\/de\/wp-json\/wp\/v2\/product_tag?post=4440"}],"curies":[{"name":"wp","href":"https:\/\/api.w.org\/{rel}","templated":true}]}}