{"id":4439,"date":"2025-04-27T02:23:54","date_gmt":"2025-04-27T02:23:54","guid":{"rendered":"https:\/\/ua-protector.com\/?post_type=product&#038;p=4439"},"modified":"2025-11-20T04:14:40","modified_gmt":"2025-11-20T11:14:40","slug":"digital-multi-function-power-meter","status":"publish","type":"product","link":"https:\/\/ua-protector.com\/de\/produkt\/zahler\/intelligenter-zahler\/digitaler-multifunktions-leistungsmesser\/","title":{"rendered":"Digitaler Multifunktions-Leistungsmesser, Typ96, Typ72"},"content":{"rendered":"<h2>Einf\u00fchrung<\/h2>\n<hr \/>\n<p><a href=\"https:\/\/ua-protector.com\/de\"><img fetchpriority=\"high\" decoding=\"async\" class=\"alignleft wp-image-4521 size-medium\" title=\"Digitaler Multifunktions-Leistungsmesser\" src=\"https:\/\/ua-protector.com\/wp-content\/uploads\/2025\/04\/JGYB-96-0-300x300.jpg\" alt=\"Digitaler Multifunktions-Leistungsmesser\" width=\"300\" height=\"300\" data-wp-editing=\"1\" srcset=\"https:\/\/ua-protector.com\/wp-content\/uploads\/2025\/04\/JGYB-96-0-300x300.jpg 300w, https:\/\/ua-protector.com\/wp-content\/uploads\/2025\/04\/JGYB-96-0-100x100.jpg 100w, https:\/\/ua-protector.com\/wp-content\/uploads\/2025\/04\/JGYB-96-0-600x600.jpg 600w, https:\/\/ua-protector.com\/wp-content\/uploads\/2025\/04\/JGYB-96-0-150x150.jpg 150w, https:\/\/ua-protector.com\/wp-content\/uploads\/2025\/04\/JGYB-96-0-768x768.jpg 768w, https:\/\/ua-protector.com\/wp-content\/uploads\/2025\/04\/JGYB-96-0.jpg 800w\" sizes=\"(max-width: 300px) 100vw, 300px\" \/><\/a><\/p>\n<p><strong>\u00a0 <\/strong><\/p>\n<p><strong>\u00a0 \u00a0<a href=\"https:\/\/ua-protector.com\/de\/automatische-wiedereinschaltung-energiemessende-schutzeinrichtung-der-prufung-jgdl-63\/\">Digitaler Multifunktions-Leistungsmesser <\/a><\/strong>Es ist f\u00fcr die Leistungs\u00fcberwachung von Stromnetzen, Industrie- und Bergbauunternehmen, \u00f6ffentlichen Einrichtungen und intelligenten Geb\u00e4uden konzipiert. Es kann alle g\u00e4ngigen Leistungsparameter messen, wie z. B. Dreiphasenstrom, Spannung, Wirk- und Blindleistung, Strom, Oberschwingungen usw. Da die <a href=\"https:\/\/elejg.com\/\" target=\"_blank\" rel=\"noopener\">Leistungsmesser<\/a> verf\u00fcgt auch \u00fcber eine vollst\u00e4ndige Kommunikationsnetzwerkfunktion, wir nennen es ein Netzwerkleistungsmessger\u00e4t. Er ist ideal f\u00fcr Echtzeit-Strom\u00fcberwachungssysteme.<\/p>\n<p>&nbsp;<\/p>\n<p>Das Messger\u00e4t hat ein gutes Preis-Leistungs-Verh\u00e4ltnis und kann herk\u00f6mmliche Leistungstransmitter und Messger\u00e4te direkt ersetzen. Als fortschrittliches intelligentes und digitales Front-End-Erfassungselement wurde diese Serie von Netzinstrumenten in verschiedenen Steuerungssystemen, SCADA-Systemen und Energiemanagementsystemen weithin eingesetzt.<\/p>\n<h1><\/h1>\n<h2><strong>Produktnormen<\/strong><\/h2>\n<hr \/>\n<p>GB\/T 22264.1-2008 Elektrische Messger\u00e4te mit eingebauter Digitalanzeige - Teil 1: Definitionen und allgemeine Anforderungen<\/p>\n<p>GB\/T 22264.7-2008 Elektrische Messger\u00e4te mit eingebauter Digitalanzeige - Teil 7: Besondere Anforderungen an Multifunktionsger\u00e4te<\/p>\n<p>GB\/T 22264.8-2008 Elektrische Messger\u00e4te mit eingebauter Digitalanzeige - Teil 8: Empfohlene Pr\u00fcfverfahren<\/p>\n<p>GB\/T 17215.322-2008 Wechselstrommessger\u00e4te - Besondere Anforderungen - Teil 22: Statische Wirkenergiez\u00e4hler (0,2S und 0,5S)<\/p>\n<p>GB\/T 17215.323-2008 Wechselstrommessger\u00e4te - Besondere Anforderungen - Teil 23: Station\u00e4re Blindenergiez\u00e4hler (Klasse 2 und 3)<\/p>\n<p>DL\/T 614-2007 Multifunktionaler Energiez\u00e4hler<\/p>\n<p>GB14287-2005 Elektrisches Brand\u00fcberwachungssystem<\/p>\n<p>GB50045-95 Code f\u00fcr die brandschutztechnische Planung von Hochh\u00e4usern<\/p>\n<p>GB50054-95 Entwurfsregeln f\u00fcr die Niederspannungsenergieverteilung<\/p>\n<p>GB50096 Codes f\u00fcr die Gestaltung von Wohngeb\u00e4uden<\/p>\n<p>GB13955-2005 Installation und Betrieb von Fehlerstromschutzeinrichtungen<\/p>\n<p>GB50016-2006 Code f\u00fcr die Brandschutzplanung von Geb\u00e4uden<\/p>\n<h2><strong>Digitaler Multifunktions-Leistungsmesser der Modell-Nomenklatur<\/strong><\/h2>\n<hr \/>\n<p><strong>Leistungsmerkmale:<\/strong><\/p>\n<p>Hochpr\u00e4zise Messung von Dreiphasenspannung, Dreiphasenstrom, Wirkleistung, Blindleistung, Scheinleistung, Leistungsfaktor, Frequenz und anderen elektrischen Parametern<\/p>\n<p>Vorw\u00e4rts- und R\u00fcckw\u00e4rts-Wirk-\/Blindenergiez\u00e4hlung<\/p>\n<p>Verbrauchszeitmessung von elektrischer Energie, zeitabh\u00e4ngige Ablesung von elektrischer Energie<\/p>\n<p>Messung der gesamten harmonischen Verzerrung (THD) der dreiphasigen Spannung und des dreiphasigen Stroms sowie der ungeraden harmonischen Komponente von 2 bis 31<\/p>\n<p>Digitale R\u00f6hren- oder LCD-Anzeige, lokale Datenabfrage<\/p>\n<p>Die Men\u00fcs sind intuitiv und die Tasten sind leicht zu bedienen<\/p>\n<p>Das Strom- und Spannungswandlungsverh\u00e4ltnis ist programmierbar<\/p>\n<p>Erm\u00f6glicht die \u00dcberwachung des Leckstroms in mehreren Schleifen<\/p>\n<p>Bietet einen Mehrkreis-Steuerknoten, der f\u00fcr Alarm, Ausl\u00f6sung und andere Steuerungen verwendet werden kann<\/p>\n<p>Unterst\u00fctzung der Brandbek\u00e4mpfung und Unterbrechung der Fehlerschleife aus der Ferne<\/p>\n<p>Unterst\u00fctzt RS-485-Kommunikation, Modbus-RTU-Protokoll<\/p>\n<p>Es unterst\u00fctzt Schalteing\u00e4nge, Schaltausg\u00e4nge, analoge \u00dcbertragungsausg\u00e4nge und Leistungsimpulsausg\u00e4nge<\/p>\n<p>Es ist leicht zu installieren, einfach zu verdrahten und klein im Aufbau<\/p>\n<p>Universelles AC\/DC-Netzteil mit gro\u00dfer Reichweite: AC\/DC 80V~270V<\/p>\n<p>Es kann die Vernetzung einer Vielzahl von Kommunikationssoftware in SCADA und PLC vervollst\u00e4ndigen<\/p>\n<h2><strong>Technische Indikatoren<\/strong><\/h2>\n<hr \/>\n<p><strong>Messgenauigkeit<\/strong><\/p>\n<p>Spannung 0,5 Klasse<\/p>\n<p>Aktuell 0,5 Klasse<\/p>\n<p>Wirkleistung 0,5 Klasse<\/p>\n<p>Blindleistung 0,5 Klasse<\/p>\n<p>Leistungsfaktor 0,5 Niveau<\/p>\n<p>Frequenz \u00b10,02Hz<\/p>\n<p>Wirkenergie 0,5S oder 0,2S<\/p>\n<p>Blindenergie Stufe 1 oder 2<\/p>\n<p><strong>Signaleingang<\/strong><\/p>\n<p>Verdrahtungsart: Dreiphasen-Vierleiter, Dreiphasen-Dreileiter<\/p>\n<p>Nennspannung: AC 57.7V, AC 100V, AC 220V, AC 380V<\/p>\n<p>Nennstrom: AC 1A, AC 5A<\/p>\n<p>\u00dcberlastspannung: 1,2 Mal (kontinuierlich), 2 Mal\/1 Sekunde (sofort)<\/p>\n<p>Stromst\u00e4rke: 1,2x (kontinuierlich), 10x\/5 sec (sofort)<\/p>\n<p>Leistungsaufnahme Spannung: &lt;1VA\/Phase, Strom: &lt;0,4VA\/Phase<\/p>\n<p>Impedanz Spannung: &gt;300k\u03a9, Strom: &lt;20m\u03a9<\/p>\n<p>Frequenz: 45~65Hz<\/p>\n<p><strong>Hilfsenergieversorgung<\/strong><\/p>\n<p>Arbeitsbereich AC\/DC: 80V~270V<\/p>\n<p>Leistungsaufnahme &lt;4VA<\/p>\n<p><strong>Funktionale Module<\/strong><\/p>\n<p>Kommunikationsschnittstelle: Unterst\u00fctzt 1 Kanal RS-485 Kommunikation, Modbus-RTU Protokoll<\/p>\n<p>Baudrate: 1200~9600bps, Standard 2400 bps<\/p>\n<p>Schalteing\u00e4nge unterst\u00fctzen 4 Dry Junction-Eing\u00e4nge<\/p>\n<p>Schaltausgang Unterst\u00fctzung von 3 Relaisausg\u00e4ngen, Kapazit\u00e4t: AC 250V\/5A, DC 30V\/5A<\/p>\n<p>Messwandlerausgang Unterst\u00fctzt 1 Analogausgang: 0\/4~20mA oder 0~5\/10V<\/p>\n<p>Leistungsimpulsausgang Unterst\u00fctzt 2 Leistungsimpulsausg\u00e4nge, konstant: 8000imp\/KWh(Kvarh)<\/p>\n<p><strong>Umwelt<\/strong><\/p>\n<p>Betriebstemperatur: -10\u00b0C~+55\u00b0C<\/p>\n<p>Lagertemperatur: -25\u00b0C~+70\u00b0C<\/p>\n<p>Relative Luftfeuchtigkeit \u226493%, kein Ort f\u00fcr korrosive Gase<\/p>\n<p>\u2264 2500m \u00fcber dem Meeresspiegel<\/p>\n<p><strong>sicher<\/strong><\/p>\n<p>Isolationswiderstand &gt;100M\u03a9<\/p>\n<p>AC-Stehspannung AC 2KV<\/p>\n<p><strong>Elektromagnetische Vertr\u00e4glichkeit<\/strong><\/p>\n<p>Elektrostatische Entladung Stufe 4<\/p>\n<p>Elektrischer schneller transienter Burst Klasse 4<\/p>\n<p>Wucht (Schock) Stufe 4<\/p>\n<p><strong>Abmessungen<\/strong><\/p>\n<p>Rahmengr\u00f6\u00dfe (mm) 120\u00d7120;96\u00d796; 80\u00d780\uff1b72\u00d772<\/p>\n<p>Ausschnittgr\u00f6\u00dfe (mm) 111\u00d7111;92\u00d792; 76\u00d776\uff1b68\u00d768<\/p>\n<hr \/>\n<h1 class=\"elementor-heading-title elementor-size-default\"><span style=\"color: #0000ff;\">Kontaktieren Sie uns jetzt, kostenlose Muster sind verf\u00fcgbar<\/span><\/h1>\n<p>Wenn Sie mehr \u00fcber unsere Produkte und Dienstleistungen erfahren m\u00f6chten, erhalten Sie eine Antwort von einem Elektrofachmann. Wir freuen uns darauf, Sie zu unterst\u00fctzen.<\/p>\n<p>Mob\/WhatsApp\/WeChat\/Wang: +86 18958900126<br \/>\nGesch\u00e4ftliche E-Mail\uff1a<strong>sales@tokeep.net<br \/>\n<\/strong>Technologie E-Mail:\u00a0<strong>tokeepcc@gmail.com<\/strong><strong><br \/>\n<\/strong>Pers\u00f6nliche E-Mail:<strong>\u00a0wxj7607@126.com<\/strong><\/p>\n<p><img decoding=\"async\" class=\"alignnone wp-image-5833 size-full\" src=\"https:\/\/ua-protector.com\/wp-content\/uploads\/2025\/04\/whateapp-1.jpg\" sizes=\"(max-width: 573px) 100vw, 573px\" srcset=\"https:\/\/ua-protector.com\/wp-content\/uploads\/2025\/04\/whateapp-1.jpg 573w, https:\/\/ua-protector.com\/wp-content\/uploads\/2025\/04\/whateapp-1-300x169.jpg 300w, https:\/\/ua-protector.com\/wp-content\/uploads\/2025\/04\/whateapp-1-18x10.jpg 18w\" alt=\"\" width=\"573\" height=\"322\" \/><\/p>","protected":false},"excerpt":{"rendered":"<p>Das digitale Multifunktions-Leistungsmessger\u00e4t ist f\u00fcr die Leistungs\u00fcberwachung von Stromnetzen, Industrie- und Bergbauunternehmen, \u00f6ffentlichen Einrichtungen und intelligenten Geb\u00e4uden konzipiert. Er kann alle g\u00e4ngigen Leistungsparameter messen, wie z. B. Drehstrom, Spannung, Wirk- und Blindleistung, Strom, Oberschwingungen usw. Da der Stromz\u00e4hler auch \u00fcber eine vollst\u00e4ndige Kommunikationsnetzwerkfunktion verf\u00fcgt, nennen wir ihn einen Netzwerkstromz\u00e4hler. Er ist ideal f\u00fcr Echtzeit-Energie\u00fcberwachungssysteme. Der Z\u00e4hler hat ein gutes Preis-Leistungs-Verh\u00e4ltnis und kann herk\u00f6mmliche Leistungstransmitter und Messger\u00e4te direkt ersetzen. Als fortschrittliches intelligentes und digitales Front-End-Erfassungselement wurde diese Serie von Netzwerkinstrumenten in verschiedenen Steuerungssystemen, SCADA-Systemen und Energiemanagementsystemen weithin eingesetzt.<\/p>","protected":false},"featured_media":4521,"template":"","meta":{"_acf_changed":false,"site-sidebar-layout":"default","site-content-layout":"","ast-site-content-layout":"default","site-content-style":"default","site-sidebar-style":"default","ast-global-header-display":"","ast-banner-title-visibility":"","ast-main-header-display":"","ast-hfb-above-header-display":"","ast-hfb-below-header-display":"","ast-hfb-mobile-header-display":"","site-post-title":"","ast-breadcrumbs-content":"","ast-featured-img":"","footer-sml-layout":"","theme-transparent-header-meta":"default","adv-header-id-meta":"","stick-header-meta":"","header-above-stick-meta":"","header-main-stick-meta":"","header-below-stick-meta":"","astra-migrate-meta-layouts":"set","ast-page-background-enabled":"default","ast-page-background-meta":{"desktop":{"background-color":"","background-image":"","background-repeat":"repeat","background-position":"center center","background-size":"auto","background-attachment":"scroll","background-type":"","background-media":"","overlay-type":"","overlay-color":"","overlay-opacity":"","overlay-gradient":""},"tablet":{"background-color":"","background-image":"","background-repeat":"repeat","background-position":"center center","background-size":"auto","background-attachment":"scroll","background-type":"","background-media":"","overlay-type":"","overlay-color":"","overlay-opacity":"","overlay-gradient":""},"mobile":{"background-color":"","background-image":"","background-repeat":"repeat","background-position":"center center","background-size":"auto","background-attachment":"scroll","background-type":"","background-media":"","overlay-type":"","overlay-color":"","overlay-opacity":"","overlay-gradient":""}},"ast-content-background-meta":{"desktop":{"background-color":"var(--ast-global-color-5)","background-image":"","background-repeat":"repeat","background-position":"center center","background-size":"auto","background-attachment":"scroll","background-type":"","background-media":"","overlay-type":"","overlay-color":"","overlay-opacity":"","overlay-gradient":""},"tablet":{"background-color":"var(--ast-global-color-5)","background-image":"","background-repeat":"repeat","background-position":"center center","background-size":"auto","background-attachment":"scroll","background-type":"","background-media":"","overlay-type":"","overlay-color":"","overlay-opacity":"","overlay-gradient":""},"mobile":{"background-color":"var(--ast-global-color-5)","background-image":"","background-repeat":"repeat","background-position":"center center","background-size":"auto","background-attachment":"scroll","background-type":"","background-media":"","overlay-type":"","overlay-color":"","overlay-opacity":"","overlay-gradient":""}}},"product_brand":[],"product_cat":[64,15,70,55,69],"product_tag":[97,103,101,102,98,99,100],"class_list":{"0":"post-4439","1":"product","2":"type-product","3":"status-publish","4":"has-post-thumbnail","6":"product_cat-smart-meter","7":"product_cat-product","8":"product_cat-small-ammeter","9":"product_cat-meter","10":"product_cat-small-voltmeter","11":"product_tag-digital-multi-function-power-meter","12":"product_tag-electricity-meter","13":"product_tag-lcd-voltmeter","14":"product_tag-led-voltmeter","15":"product_tag-multi-functional-power-meter","16":"product_tag-multifunction-digital-energy-meters","17":"product_tag-multifunction-meters","18":"desktop-align-center","19":"tablet-align-left","20":"mobile-align-left","22":"first","23":"instock","24":"downloadable","25":"shipping-taxable","26":"product-type-simple"},"acf":[],"_links":{"self":[{"href":"https:\/\/ua-protector.com\/de\/wp-json\/wp\/v2\/product\/4439","targetHints":{"allow":["GET"]}}],"collection":[{"href":"https:\/\/ua-protector.com\/de\/wp-json\/wp\/v2\/product"}],"about":[{"href":"https:\/\/ua-protector.com\/de\/wp-json\/wp\/v2\/types\/product"}],"version-history":[{"count":17,"href":"https:\/\/ua-protector.com\/de\/wp-json\/wp\/v2\/product\/4439\/revisions"}],"predecessor-version":[{"id":5306,"href":"https:\/\/ua-protector.com\/de\/wp-json\/wp\/v2\/product\/4439\/revisions\/5306"}],"wp:featuredmedia":[{"embeddable":true,"href":"https:\/\/ua-protector.com\/de\/wp-json\/wp\/v2\/media\/4521"}],"wp:attachment":[{"href":"https:\/\/ua-protector.com\/de\/wp-json\/wp\/v2\/media?parent=4439"}],"wp:term":[{"taxonomy":"product_brand","embeddable":true,"href":"https:\/\/ua-protector.com\/de\/wp-json\/wp\/v2\/product_brand?post=4439"},{"taxonomy":"product_cat","embeddable":true,"href":"https:\/\/ua-protector.com\/de\/wp-json\/wp\/v2\/product_cat?post=4439"},{"taxonomy":"product_tag","embeddable":true,"href":"https:\/\/ua-protector.com\/de\/wp-json\/wp\/v2\/product_tag?post=4439"}],"curies":[{"name":"wp","href":"https:\/\/api.w.org\/{rel}","templated":true}]}}