{"id":4438,"date":"2025-04-27T02:23:54","date_gmt":"2025-04-27T02:23:54","guid":{"rendered":"https:\/\/ua-protector.com\/?post_type=product&#038;p=4438"},"modified":"2025-08-06T00:53:03","modified_gmt":"2025-08-06T07:53:03","slug":"automatic-reset-over-and-under-voltage-protector","status":"publish","type":"product","link":"https:\/\/ua-protector.com\/de\/produkt\/beschutzer\/spannungswachter\/uber-und-unterspannungsschutz-mit-automatischer-ruckstellung\/","title":{"rendered":"\u00dcber- und Unterspannungsschutz mit automatischer R\u00fcckstellung JGGQ-80"},"content":{"rendered":"<h2><strong>\u2160. Einleitung<\/strong><\/h2>\n<hr \/>\n<figure id=\"attachment_4519\" aria-describedby=\"caption-attachment-4519\" style=\"width: 300px\" class=\"wp-caption alignleft\"><a href=\"https:\/\/ua-protector.com\/de\/uber-und-unterspannungsschutz-mit-automatischer-ruckstellung\/\"><img fetchpriority=\"high\" decoding=\"async\" class=\"wp-image-4519 size-medium\" src=\"https:\/\/ua-protector.com\/wp-content\/uploads\/2025\/04\/JGGQ-80-2-300x300.jpg\" alt=\"\u00dcber- und Unterspannungsschutz mit automatischer R\u00fcckstellung\" width=\"300\" height=\"300\" srcset=\"https:\/\/ua-protector.com\/wp-content\/uploads\/2025\/04\/JGGQ-80-2-300x300.jpg 300w, https:\/\/ua-protector.com\/wp-content\/uploads\/2025\/04\/JGGQ-80-2-100x100.jpg 100w, https:\/\/ua-protector.com\/wp-content\/uploads\/2025\/04\/JGGQ-80-2-600x600.jpg 600w, https:\/\/ua-protector.com\/wp-content\/uploads\/2025\/04\/JGGQ-80-2-150x150.jpg 150w, https:\/\/ua-protector.com\/wp-content\/uploads\/2025\/04\/JGGQ-80-2-768x768.jpg 768w, https:\/\/ua-protector.com\/wp-content\/uploads\/2025\/04\/JGGQ-80-2.jpg 800w\" sizes=\"(max-width: 300px) 100vw, 300px\" \/><\/a><figcaption id=\"caption-attachment-4519\" class=\"wp-caption-text\">\u00dcber- und Unterspannungsschutz mit automatischer R\u00fcckstellung<\/figcaption><\/figure>\n<p>Zehn Jahre technischer Niederschlag, N-malige Pr\u00fcfung und technische Verbesserung, Modell JGGQ-80 <a href=\"https:\/\/ua-protector.com\/de\/uber-und-unterspannungsschutz-mit-automatischer-ruckstellung\/\">\u00dcber- und Unterspannungsschutz mit automatischer R\u00fcckstellung\u00a0<\/a>Der auf dem Markt gelistete Steuerschaltkreis verwendet einen Hochgeschwindigkeits-Mikroprozessor mit geringem Stromverbrauch als Kern, ein magnetisches Verriegelungsrelais als Hauptschaltkreis und ein analoges Standarddesign, das die technischen Vorteile eines geringen Stromverbrauchs, einer pr\u00e4zisen Steuerung, eines sch\u00f6nen Aussehens, einer Anti-Harmonisierung, einer Anti-Interferenz, einer Spannungsfestigkeit von bis zu AC450V, einer Stromfestigkeit von bis zu 3000A, usw. aufweist.<\/p>\n<p>Wenn die Stromversorgungsleitung \u00dcber- und Unterspannung aufweist, kann der Schutzschalter den Stromkreis bei anhaltender Hochspannung schnell und sicher unterbrechen, um das Auftreten von Unf\u00e4llen zu vermeiden, die durch eine anormale Spannung verursacht werden, die an die elektrischen Endger\u00e4te gesendet wird, und wenn die Spannung zu normalen Werten zur\u00fcckkehrt, schaltet der Schutzschalter den Stromkreis innerhalb der festgelegten Zeit automatisch wieder ein, um den normalen Betrieb der elektrischen Endger\u00e4te zu gew\u00e4hrleisten, wenn sie unbeaufsichtigt sind.<\/p>\n<p>Der kosteng\u00fcnstige, selbstr\u00fcckstellende Unterspannungsschutz ist ein Produkt, das digitale und analoge Schaltkreise kombiniert und die Vorteile der pr\u00e4zisen Steuerung digitaler Schaltkreise hat, die sich vor allem in der gleichen R\u00fcckstellzeit manifestieren, d.h. wenn eine Charge von Produkten zur gleichen Zeit unter Strom gesetzt wird, ist die Aktionszeit der Charge von Produkten gleich, es gibt keinen Fehler der R\u00fcckstellzeit zwischen den Produkten, und der Fehler jeder R\u00fcckstellzeit wird 0,5 Sekunden nicht \u00fcberschreiten; Dar\u00fcber hinaus ist die Stehspannung hoch, und es wird nicht f\u00fcr eine lange Zeit im Falle von AC450V besch\u00e4digt werden.<\/p>\n<h2><strong>\u2161. Automatische R\u00fcckstellung der Parameter des \u00dcber- und Unterspannungsschutzes<\/strong><\/h2>\n<hr \/>\n<p>1. Nennstrom: 32A, 40A, 50A, 63A, 80A<\/p>\n<p>2. Betriebsspannung: AC230V, 50Hz<\/p>\n<p>3. \u00dcberspannungsschutzwert: AC270V \u00b15V<\/p>\n<p>4. Unterspannungsschutzwert: AC170V \u00b15V<\/p>\n<p>5. R\u00fcckstellzeit nach Ausfall: 20 Sekunden<\/p>\n<p>6. Aktionszeit: 0,1 Sekunden<\/p>\n<p>7. Der h\u00f6chste Wert ist bei einer \u00dcberspannung von AC450V m\u00f6glich.<\/p>\n<h2><\/h2>\n<h2><strong>\u2162.\u00dcber- und Unterspannungsschutzger\u00e4te der Normen<\/strong><\/h2>\n<hr \/>\n<p>JGJ242-2011 Code f\u00fcr die elektrische Planung von Wohngeb\u00e4uden<\/p>\n<p>JGJ\/T16-2008<\/p>\n<p>GJBT-672 Standardatlas f\u00fcr die elektrische Planung und Konstruktion von Wohngeb\u00e4uden<\/p>\n<p>GB\/T68895.10-2001<\/p>\n<p>Erf\u00fcllt die Sicherheitsstandards f\u00fcr Elektroger\u00e4te der Klasse III<\/p>\n<p>JB\/T12762-2015 \u300a\u00dcberspannungs- und Unterspannungsschutzger\u00e4te mit automatischer Wiedereinschaltfunktion\uff08<a href=\"https:\/\/www.elejg.com\/\" target=\"_blank\" rel=\"noopener\"><strong>OUPA<\/strong><\/a>)\u300b<\/p>\n<h2>Sollte ein Plan sein<\/h2>\n<hr \/>\n<p><img decoding=\"async\" class=\"alignnone wp-image-6111 size-full\" src=\"https:\/\/ua-protector.com\/wp-content\/uploads\/2025\/04\/\u63a5\u7ebf\u56fe-\u8fc7\u6b20\u538b-3.jpg\" alt=\"\u00dcber- und Unterspannungsschutzger\u00e4te\" width=\"600\" height=\"1133\" srcset=\"https:\/\/ua-protector.com\/wp-content\/uploads\/2025\/04\/\u63a5\u7ebf\u56fe-\u8fc7\u6b20\u538b-3.jpg 600w, https:\/\/ua-protector.com\/wp-content\/uploads\/2025\/04\/\u63a5\u7ebf\u56fe-\u8fc7\u6b20\u538b-3-159x300.jpg 159w, https:\/\/ua-protector.com\/wp-content\/uploads\/2025\/04\/\u63a5\u7ebf\u56fe-\u8fc7\u6b20\u538b-3-542x1024.jpg 542w, https:\/\/ua-protector.com\/wp-content\/uploads\/2025\/04\/\u63a5\u7ebf\u56fe-\u8fc7\u6b20\u538b-3-6x12.jpg 6w\" sizes=\"(max-width: 600px) 100vw, 600px\" \/><\/p>\n<h3 data-slate-node=\"element\"><span data-slate-node=\"text\"><span class=\"null hover-sent\" data-slate-leaf=\"true\" data-sent-id=\"ejrkgDPYqe\">Warnung:<\/span><\/span><\/h3>\n<div data-slate-node=\"element\"><span data-slate-node=\"text\"><span class=\"null hover-sent\" data-slate-leaf=\"true\" data-sent-id=\"ejrkgDPYqe\">Die Dr\u00e4hte N und L d\u00fcrfen nicht falsch angeschlossen werden.<\/span><\/span><\/div>\n<div data-slate-node=\"element\" data-slate-fragment=\"JTVCJTdCJTIydHlwZSUyMiUzQSUyMnBhcmFncmFwaCUyMiUyQyUyMmNoaWxkcmVuJTIyJTNBJTVCJTdCJTIyaWQlMjIlM0ElMjJlanJrZ0RQWXFlJTIyJTJDJTIycGFyYUlkeCUyMiUzQTElMkMlMjJzcmMlMjIlM0ElMjJBdHRlbnRpb24lM0ElMjBUaGUlMjBOJTIwYW5kJTIwTCUyMHdpcmVzJTIwbXVzdCUyMG5vdCUyMGJlJTIwY29ubmVjdGVkJTIwaW5jb3JyZWN0bHkuJTIyJTJDJTIyZHN0JTIyJTNBJTIyJUU2JUIzJUE4JUU2JTg0JThGJUVGJUJDJTlBTiVFNSU5MiU4Q0wlRTclQkElQkYlRTQlQjglOEQlRTUlQkUlOTclRTglQkYlOUUlRTYlOEUlQTUlRTklOTQlOTklRTglQUYlQUYlRTMlODAlODIlMjIlMkMlMjJtZXRhZGF0YSUyMiUzQSUyMiUyMiUyQyUyMm1hdGNoZXMlMjIlM0FudWxsJTJDJTIybWV0YURhdGElMjIlM0ElNUIlNUQlMkMlMjJ0ZXh0JTIyJTNBJTIyVGhlJTIwTiUyMGFuZCUyMEwlMjB3aXJlcyUyMG11c3QlMjBub3QlMjBiZSUyMGNvbm5lY3RlZCUyMGluY29ycmVjdGx5LiUyMiU3RCU1RCU3RCUyQyU3QiUyMnR5cGUlMjIlM0ElMjJwYXJhZ3JhcGglMjIlMkMlMjJjaGlsZHJlbiUyMiUzQSU1QiU3QiUyMmlkJTIyJTNBJTIyVk5ETmRqOUFiQiUyMiUyQyUyMnBhcmFJZHglMjIlM0EyJTJDJTIyc3JjJTIyJTNBJTIyQWxsJTIwdGVybWluYWxzJTIwbXVzdCUyMGJlJTIwdGlnaHRlbmVkJTIwdG8lMjBwcmV2ZW50JTIwZmFsc2UlMjBjb25uZWN0aW9ucyUyMHRoYXQlMjBjb3VsZCUyMGJ1cm4lMjBvdXQlMjB0aGUlMjBwcm90ZWN0b3IuJTIyJTJDJTIyZHN0JTIyJTNBJTIyJUU2JTg5JTgwJUU2JTlDJTg5JUU3JUFCJUFGJUU1JUFEJTkwJUU1JUJGJTg1JUU5JUExJUJCJUU2JThCJUE3JUU3JUI0JUE3JUVGJUJDJThDJUU0JUJCJUE1JUU5JTk4JUIyJUU2JUFEJUEyJUU1JThGJUFGJUU4JTgzJUJEJUU3JTgzJUE3JUU1JTlEJThGJUU0JUJGJTlEJUU2JThBJUE0JUU1JTk5JUE4JUU3JTlBJTg0JUU5JTk0JTk5JUU4JUFGJUFGJUU4JUJGJTlFJUU2JThFJUE1JUUzJTgwJTgyJTIyJTJDJTIybWV0YWRhdGElMjIlM0ElMjIlMjIlMkMlMjJtYXRjaGVzJTIyJTNBbnVsbCUyQyUyMm1ldGFEYXRhJTIyJTNBJTVCJTVEJTJDJTIydGV4dCUyMiUzQSUyMkFsbCUyMHRlcm1pbmFscyUyMG11c3QlMjBiZSUyMHRpZ2h0ZW5lZCUyMHRvJTIwcHJldmVudCUyMGZhbHNlJTIwY29ubmVjdGlvbnMlMjB0aGF0JTIwY291bGQlMjBidXJuJTIwb3V0JTIwdGhlJTIwcHJvdGVjdG9yLiUyMiU3RCU1RCU3RCU1RA==\"><span data-slate-node=\"text\"><span class=\"null\" data-slate-leaf=\"true\" data-sent-id=\"VNDNdj9AbB\">Alle Klemmen m\u00fcssen fest angezogen sein, um falsche Verbindungen zu vermeiden, die den Schutz durchbrennen lassen k\u00f6nnten.<\/span><\/span><\/div>\n<h2 class=\"wp-block-heading\"><\/h2>\n<h2><strong>Informationen zum Standardpaket<\/strong><\/h2>\n<hr \/>\n<p><img decoding=\"async\" class=\"alignnone size-medium wp-image-6114\" src=\"https:\/\/ua-protector.com\/wp-content\/uploads\/2025\/04\/45.5-23.5-31.5-box-300x300.jpg\" alt=\"\" width=\"300\" height=\"300\" srcset=\"https:\/\/ua-protector.com\/wp-content\/uploads\/2025\/04\/45.5-23.5-31.5-box-300x300.jpg 300w, https:\/\/ua-protector.com\/wp-content\/uploads\/2025\/04\/45.5-23.5-31.5-box-150x150.jpg 150w, https:\/\/ua-protector.com\/wp-content\/uploads\/2025\/04\/45.5-23.5-31.5-box-12x12.jpg 12w, https:\/\/ua-protector.com\/wp-content\/uploads\/2025\/04\/45.5-23.5-31.5-box-600x600.jpg 600w, https:\/\/ua-protector.com\/wp-content\/uploads\/2025\/04\/45.5-23.5-31.5-box-100x100.jpg 100w, https:\/\/ua-protector.com\/wp-content\/uploads\/2025\/04\/45.5-23.5-31.5-box.jpg 750w\" sizes=\"(max-width: 300px) 100vw, 300px\" \/><\/p>\n<div style=\"overflow-x: auto;\">\n<table>\n<tbody>\n<tr>\n<th>Karton Abmessung (cm)<\/th>\n<th>Packliste<\/th>\n<th>QTY<\/th>\n<th>Bruttogewicht(kg)<\/th>\n<\/tr>\n<tr>\n<td style=\"text-align: center;\">45,5 cm \u00d7 23,5 cm \u00d7 31,5 cm<\/td>\n<td style=\"text-align: center;\">\u00a0Besch\u00fctzer<\/td>\n<td style=\"text-align: center;\">120St\u00fcck<\/td>\n<td style=\"text-align: center;\">20kg<\/td>\n<\/tr>\n<\/tbody>\n<\/table>\n<\/div>\n<hr \/>\n<h1 class=\"elementor-heading-title elementor-size-default\"><span style=\"color: #0000ff;\">Kontaktieren Sie uns jetzt, kostenlose Muster sind verf\u00fcgbar<\/span><\/h1>\n<hr \/>\n<p>Wenn Sie mehr \u00fcber unsere Produkte und Dienstleistungen erfahren m\u00f6chten, erhalten Sie eine Antwort von einem Elektrofachmann. Wir freuen uns darauf, Sie zu unterst\u00fctzen.<\/p>\n<p>Mob\/WhatsApp\/WeChat\/Wang: +86 18958900126<br \/>\nGesch\u00e4ftliche E-Mail\uff1a<strong>sales@tokeep.net<br \/>\n<\/strong>Technologie E-Mail:\u00a0<strong>tokeepcc@gmail.com<\/strong><strong><br \/>\n<\/strong>Pers\u00f6nliche E-Mail:<strong>\u00a0wxj7607@126.com<\/strong><\/p>\n<p><img loading=\"lazy\" decoding=\"async\" class=\"alignnone size-medium wp-image-5920\" src=\"https:\/\/ua-protector.com\/wp-content\/uploads\/2025\/05\/whateapp-300x169.jpg\" alt=\"\" width=\"300\" height=\"169\" srcset=\"https:\/\/ua-protector.com\/wp-content\/uploads\/2025\/05\/whateapp-300x169.jpg 300w, https:\/\/ua-protector.com\/wp-content\/uploads\/2025\/05\/whateapp-18x10.jpg 18w, https:\/\/ua-protector.com\/wp-content\/uploads\/2025\/05\/whateapp.jpg 573w\" sizes=\"(max-width: 300px) 100vw, 300px\" \/><\/p>\n<p>&nbsp;<\/p>","protected":false},"excerpt":{"rendered":"<p>Nach zehn Jahren des technischen Niederschlags, N-maligen Tests und technischen Verbesserungen ist der JGGQ-80 \u00a0<a href=\"https:\/\/ua-protector.com\/de\/uber-und-unterspannungsschutz-mit-automatischer-ruckstellung\/\">\u00dcber- und Unterspannungsschutz mit automatischer R\u00fcckstellung<\/a> ist auf dem Markt, mit High-Speed-Mikro-Low-Power-Prozessor als das Herzst\u00fcck des Steuerkreises, magnetische Verriegelungsrelais als die wichtigste Schaltung, und modularisierte Standard-Design, das die technischen Vorteile der geringen Stromverbrauch, pr\u00e4zise Steuerung, sch\u00f6nes Aussehen, Anti-Harmonische, Anti-Interferenz, und widerstehen Spannung bis zu AC450V hat.<\/p>","protected":false},"featured_media":4517,"template":"","meta":{"_acf_changed":false,"site-sidebar-layout":"default","site-content-layout":"","ast-site-content-layout":"default","site-content-style":"default","site-sidebar-style":"default","ast-global-header-display":"","ast-banner-title-visibility":"","ast-main-header-display":"","ast-hfb-above-header-display":"","ast-hfb-below-header-display":"","ast-hfb-mobile-header-display":"","site-post-title":"","ast-breadcrumbs-content":"","ast-featured-img":"","footer-sml-layout":"","theme-transparent-header-meta":"default","adv-header-id-meta":"","stick-header-meta":"","header-above-stick-meta":"","header-main-stick-meta":"","header-below-stick-meta":"","astra-migrate-meta-layouts":"set","ast-page-background-enabled":"default","ast-page-background-meta":{"desktop":{"background-color":"","background-image":"","background-repeat":"repeat","background-position":"center center","background-size":"auto","background-attachment":"scroll","background-type":"","background-media":"","overlay-type":"","overlay-color":"","overlay-opacity":"","overlay-gradient":""},"tablet":{"background-color":"","background-image":"","background-repeat":"repeat","background-position":"center center","background-size":"auto","background-attachment":"scroll","background-type":"","background-media":"","overlay-type":"","overlay-color":"","overlay-opacity":"","overlay-gradient":""},"mobile":{"background-color":"","background-image":"","background-repeat":"repeat","background-position":"center center","background-size":"auto","background-attachment":"scroll","background-type":"","background-media":"","overlay-type":"","overlay-color":"","overlay-opacity":"","overlay-gradient":""}},"ast-content-background-meta":{"desktop":{"background-color":"var(--ast-global-color-5)","background-image":"","background-repeat":"repeat","background-position":"center center","background-size":"auto","background-attachment":"scroll","background-type":"","background-media":"","overlay-type":"","overlay-color":"","overlay-opacity":"","overlay-gradient":""},"tablet":{"background-color":"var(--ast-global-color-5)","background-image":"","background-repeat":"repeat","background-position":"center center","background-size":"auto","background-attachment":"scroll","background-type":"","background-media":"","overlay-type":"","overlay-color":"","overlay-opacity":"","overlay-gradient":""},"mobile":{"background-color":"var(--ast-global-color-5)","background-image":"","background-repeat":"repeat","background-position":"center center","background-size":"auto","background-attachment":"scroll","background-type":"","background-media":"","overlay-type":"","overlay-color":"","overlay-opacity":"","overlay-gradient":""}}},"product_brand":[],"product_cat":[62,56],"product_tag":[91,96,88,95,94],"class_list":{"0":"post-4438","1":"product","2":"type-product","3":"status-publish","4":"has-post-thumbnail","6":"product_cat-voltage-protector","7":"product_cat-protector","8":"product_tag-adjustable-over-and-under-voltage-protector","9":"product_tag-adjustable-voltage-protector-settings","10":"product_tag-automatic-reconnect-over-and-under-voltage-protection","11":"product_tag-protector-current-stabilizer-voltmeter-for-house-protection63a","12":"product_tag-voltage-output-stabilizer-for-home-office-appliance","13":"desktop-align-center","14":"tablet-align-left","15":"mobile-align-left","17":"first","18":"instock","19":"featured","20":"shipping-taxable","21":"product-type-simple"},"acf":[],"_links":{"self":[{"href":"https:\/\/ua-protector.com\/de\/wp-json\/wp\/v2\/product\/4438","targetHints":{"allow":["GET"]}}],"collection":[{"href":"https:\/\/ua-protector.com\/de\/wp-json\/wp\/v2\/product"}],"about":[{"href":"https:\/\/ua-protector.com\/de\/wp-json\/wp\/v2\/types\/product"}],"version-history":[{"count":18,"href":"https:\/\/ua-protector.com\/de\/wp-json\/wp\/v2\/product\/4438\/revisions"}],"predecessor-version":[{"id":6682,"href":"https:\/\/ua-protector.com\/de\/wp-json\/wp\/v2\/product\/4438\/revisions\/6682"}],"wp:featuredmedia":[{"embeddable":true,"href":"https:\/\/ua-protector.com\/de\/wp-json\/wp\/v2\/media\/4517"}],"wp:attachment":[{"href":"https:\/\/ua-protector.com\/de\/wp-json\/wp\/v2\/media?parent=4438"}],"wp:term":[{"taxonomy":"product_brand","embeddable":true,"href":"https:\/\/ua-protector.com\/de\/wp-json\/wp\/v2\/product_brand?post=4438"},{"taxonomy":"product_cat","embeddable":true,"href":"https:\/\/ua-protector.com\/de\/wp-json\/wp\/v2\/product_cat?post=4438"},{"taxonomy":"product_tag","embeddable":true,"href":"https:\/\/ua-protector.com\/de\/wp-json\/wp\/v2\/product_tag?post=4438"}],"curies":[{"name":"wp","href":"https:\/\/api.w.org\/{rel}","templated":true}]}}