{"id":4437,"date":"2025-04-27T02:23:54","date_gmt":"2025-04-27T02:23:54","guid":{"rendered":"https:\/\/ua-protector.com\/?post_type=product&#038;p=4437"},"modified":"2025-08-06T00:46:45","modified_gmt":"2025-08-06T07:46:45","slug":"over-and-under-voltage-protector-jggq-63","status":"publish","type":"product","link":"https:\/\/ua-protector.com\/de\/produkt\/beschutzer\/spannungswachter\/uber-und-unterspannungsschutzgerat-jggq-63\/","title":{"rendered":"\u00dcber- und Unterspannungsschutz mit automatischer R\u00fcckstellung JGGQ-63"},"content":{"rendered":"<h2><strong>1. Einleitung<\/strong><\/h2>\n<figure id=\"attachment_6099\" aria-describedby=\"caption-attachment-6099\" style=\"width: 300px\" class=\"wp-caption alignleft\"><a href=\"https:\/\/ua-protector.com\/de\/protectors\/\"><img fetchpriority=\"high\" decoding=\"async\" class=\"wp-image-6099 size-medium\" src=\"https:\/\/ua-protector.com\/wp-content\/uploads\/2025\/04\/JGGQ-63-0-300x300.jpg\" alt=\"\u00dcber- und Unterspannungsschutzger\u00e4t JGGQ-63\" width=\"300\" height=\"300\" srcset=\"https:\/\/ua-protector.com\/wp-content\/uploads\/2025\/04\/JGGQ-63-0-300x300.jpg 300w, https:\/\/ua-protector.com\/wp-content\/uploads\/2025\/04\/JGGQ-63-0-150x150.jpg 150w, https:\/\/ua-protector.com\/wp-content\/uploads\/2025\/04\/JGGQ-63-0-768x768.jpg 768w, https:\/\/ua-protector.com\/wp-content\/uploads\/2025\/04\/JGGQ-63-0-12x12.jpg 12w, https:\/\/ua-protector.com\/wp-content\/uploads\/2025\/04\/JGGQ-63-0-600x600.jpg 600w, https:\/\/ua-protector.com\/wp-content\/uploads\/2025\/04\/JGGQ-63-0-100x100.jpg 100w, https:\/\/ua-protector.com\/wp-content\/uploads\/2025\/04\/JGGQ-63-0.jpg 800w\" sizes=\"(max-width: 300px) 100vw, 300px\" \/><\/a><figcaption id=\"caption-attachment-6099\" class=\"wp-caption-text\">\u00dcber- und Unterspannungsschutzger\u00e4t JGGQ-63<\/figcaption><\/figure>\n<p>JGGQ-63 <strong>Automatische R\u00fcckstellung <a href=\"https:\/\/ua-protector.com\/de\/protectors\/\">\u00dcber- und Unterspannungsschutz <\/a><\/strong>Wenn die Stromversorgungsleitung \u00dcber- und Unterspannung aufweist, kann der Schutzschalter den Stromkreis unter der st\u00e4ndigen Einwirkung von Hochspannung schnell und sicher unterbrechen, um das Auftreten von Unf\u00e4llen zu vermeiden, die durch die an die elektrischen Endger\u00e4te gesendete anormale Spannung verursacht werden, und wenn die Spannung zu normalen Werten zur\u00fcckkehrt, schaltet der Schutzschalter den Stromkreis innerhalb der festgelegten Zeit automatisch ein, um den normalen Betrieb der elektrischen Endger\u00e4te in der unbeaufsichtigten Situation zu gew\u00e4hrleisten.<\/p>\n<p><strong>2. Merkmale und Einsatzumgebung<\/strong><\/p>\n<p>1. Wenn die einphasige Netzunterspannung auftritt, schalten Sie die Leitung ab, und die einphasige Netzspannung wird wieder normal und automatisch zur\u00fcckgesetzt und verbinden Sie die Leitung nach der Verz\u00f6gerung, ohne manuelle Bedienung.<\/p>\n<p>2. Bei transienter oder vor\u00fcbergehender \u00dcberspannung in der Leitung kommt es zu keiner Fehlfunktion des Schutzger\u00e4ts.<\/p>\n<p>3. Wenn die Spannung der Leitung aufgrund von Fehlern, wie z. B. falschen Kontakten, instabil ist, oder wenn der Strom pl\u00f6tzlich abgeschaltet wird und der Anruf pl\u00f6tzlich kommt, ist der Schutz nicht an die Leitung angeschlossen.<\/p>\n<p>4. Wenn die Netzfehlerspannung am h\u00f6chsten ist, wird die Schutzeinrichtung selbst nicht besch\u00e4digt.<\/p>\n<p>5. Sto\u00dfspannungsfestigkeit: 4 kV (entspricht den Sicherheitsstandards f\u00fcr Elektroger\u00e4te der Klasse III).<\/p>\n<p>6. Umgebungstemperatur: -25\u00b0C~40\u00b0C, relative Luftfeuchtigkeit: 10%~90%, H\u00f6he nicht mehr als 2500 Meter, und der Ort der Verwendung sollte regenfest Einrichtungen haben.<\/p>\n<h2><strong>\u00dcber- und Unterspannungsschutz der Parameter<\/strong><\/h2>\n<hr \/>\n<p>1. Nennstrom: 32A, 40A, 50A, 63A<\/p>\n<p>2. Betriebsspannung: AC230V, 50Hz<\/p>\n<p>3. \u00dcberspannungsschutzwert: AC270V \u00b15V<\/p>\n<p>4. Unterspannungsschutzwert: AC170V \u00b15V<\/p>\n<p>5. R\u00fcckstellzeit nach Ausfall: 20 Sekunden<\/p>\n<p>6. Aktionszeit: 0,2 Sekunden<\/p>\n<p>7. Die h\u00f6chste \u00dcberspannungsfestigkeit ist mit 380 V AC m\u00f6glich.<\/p>\n<h2><strong>\u00dcber- und Unterspannungsschutz<\/strong><strong>von Normen<\/strong><\/h2>\n<hr \/>\n<p>JGJ242-2011 Code f\u00fcr die elektrische Planung von Wohngeb\u00e4uden<\/p>\n<p>JGJ\/T16-2008<\/p>\n<p>GJBT-672 Standardatlas f\u00fcr die elektrische Planung und Konstruktion von Wohngeb\u00e4uden<\/p>\n<p>GB\/T68895.10-2001<\/p>\n<p>Erf\u00fcllt die Sicherheitsstandards f\u00fcr Elektroger\u00e4te der Klasse III<\/p>\n<p>JB\/T12762-2015 \u300a\u00dcberspannungs- und Unterspannungsschutzger\u00e4te mit automatischer Wiedereinschaltfunktion\uff08<a href=\"https:\/\/www.elejg.com\/\" target=\"_blank\" rel=\"noopener\"><strong>OUPA<\/strong><\/a>)\u300b<\/p>\n<h2><strong>\u00dcber- und Unterspannungsschutz<\/strong><strong> der Gr\u00f6\u00dfe<\/strong><\/h2>\n<hr \/>\n<p><img decoding=\"async\" class=\"alignnone wp-image-6611 size-full\" src=\"https:\/\/ua-protector.com\/wp-content\/uploads\/2025\/04\/oupa\u5c3a\u5bf8.jpg\" alt=\"\u00dcber- und Unterspannungsschutz mit automatischer R\u00fcckstellung JGGQ-63\" width=\"750\" height=\"1069\" srcset=\"https:\/\/ua-protector.com\/wp-content\/uploads\/2025\/04\/oupa\u5c3a\u5bf8.jpg 750w, https:\/\/ua-protector.com\/wp-content\/uploads\/2025\/04\/oupa\u5c3a\u5bf8-210x300.jpg 210w, https:\/\/ua-protector.com\/wp-content\/uploads\/2025\/04\/oupa\u5c3a\u5bf8-718x1024.jpg 718w, https:\/\/ua-protector.com\/wp-content\/uploads\/2025\/04\/oupa\u5c3a\u5bf8-8x12.jpg 8w, https:\/\/ua-protector.com\/wp-content\/uploads\/2025\/04\/oupa\u5c3a\u5bf8-600x855.jpg 600w\" sizes=\"(max-width: 750px) 100vw, 750px\" \/><\/p>\n<p>&nbsp;<\/p>\n<h1 class=\"elementor-heading-title elementor-size-default\"><span style=\"color: #0000ff;\">Kontaktieren Sie uns jetzt, kostenlose Muster sind verf\u00fcgbar<\/span><\/h1>\n<p>Wenn Sie mehr \u00fcber unsere Produkte und Dienstleistungen erfahren m\u00f6chten, erhalten Sie eine Antwort von einem Elektrofachmann. Wir freuen uns darauf, Sie zu unterst\u00fctzen.<\/p>\n<p>Mob\/WhatsApp\/WeChat\/Wang: +86 18958900126<br \/>\nGesch\u00e4ftliche E-Mail\uff1a<strong>sales@tokeep.net<br \/>\n<\/strong>Technologie E-Mail:\u00a0<strong>tokeepcc@gmail.com<\/strong><strong><br \/>\n<\/strong>Pers\u00f6nliche E-Mail:<strong>\u00a0wxj7607@126.com<\/strong><\/p>\n<p><img decoding=\"async\" class=\"alignnone wp-image-5833 size-full\" src=\"https:\/\/ua-protector.com\/wp-content\/uploads\/2025\/04\/whateapp-1.jpg\" sizes=\"(max-width: 573px) 100vw, 573px\" srcset=\"https:\/\/ua-protector.com\/wp-content\/uploads\/2025\/04\/whateapp-1.jpg 573w, https:\/\/ua-protector.com\/wp-content\/uploads\/2025\/04\/whateapp-1-300x169.jpg 300w, https:\/\/ua-protector.com\/wp-content\/uploads\/2025\/04\/whateapp-1-18x10.jpg 18w\" alt=\"\" width=\"573\" height=\"322\" \/><\/p>","protected":false},"excerpt":{"rendered":"<p>JGGQ-63 Automatisch zur\u00fcckgesetzter \u00dcber- und Unterspannungsschutz nimmt den Steuerkreis mit Hochgeschwindigkeits-Mikro-Low-Power-Prozessor als Kern, magnetisches Verriegelungsrelais als Hauptschaltkreis und modularisiertes Standarddesign an, wenn die Stromversorgungsleitung \u00dcber- und Unterspannung aufweist, Wenn die Stromversorgungsleitung \u00dcber- oder Unterspannung aufweist, kann der Schutzschalter den Stromkreis bei anhaltender Hochspannung schnell und sicher unterbrechen, um das Auftreten von Unf\u00e4llen zu vermeiden, die durch abnormale Spannungen verursacht werden, die an die elektrischen Endger\u00e4te gesendet werden, und wenn die Spannung zu normalen Werten zur\u00fcckkehrt, schaltet der Schutzschalter den Stromkreis automatisch innerhalb der festgelegten Zeit ein, um den normalen Betrieb der Endger\u00e4te in der unbeaufsichtigten Situation zu gew\u00e4hrleisten.<\/p>","protected":false},"featured_media":6099,"template":"","meta":{"_acf_changed":false,"site-sidebar-layout":"default","site-content-layout":"","ast-site-content-layout":"default","site-content-style":"default","site-sidebar-style":"default","ast-global-header-display":"","ast-banner-title-visibility":"","ast-main-header-display":"","ast-hfb-above-header-display":"","ast-hfb-below-header-display":"","ast-hfb-mobile-header-display":"","site-post-title":"","ast-breadcrumbs-content":"","ast-featured-img":"","footer-sml-layout":"","theme-transparent-header-meta":"default","adv-header-id-meta":"","stick-header-meta":"","header-above-stick-meta":"","header-main-stick-meta":"","header-below-stick-meta":"","astra-migrate-meta-layouts":"set","ast-page-background-enabled":"default","ast-page-background-meta":{"desktop":{"background-color":"","background-image":"","background-repeat":"repeat","background-position":"center center","background-size":"auto","background-attachment":"scroll","background-type":"","background-media":"","overlay-type":"","overlay-color":"","overlay-opacity":"","overlay-gradient":""},"tablet":{"background-color":"","background-image":"","background-repeat":"repeat","background-position":"center center","background-size":"auto","background-attachment":"scroll","background-type":"","background-media":"","overlay-type":"","overlay-color":"","overlay-opacity":"","overlay-gradient":""},"mobile":{"background-color":"","background-image":"","background-repeat":"repeat","background-position":"center center","background-size":"auto","background-attachment":"scroll","background-type":"","background-media":"","overlay-type":"","overlay-color":"","overlay-opacity":"","overlay-gradient":""}},"ast-content-background-meta":{"desktop":{"background-color":"var(--ast-global-color-5)","background-image":"","background-repeat":"repeat","background-position":"center center","background-size":"auto","background-attachment":"scroll","background-type":"","background-media":"","overlay-type":"","overlay-color":"","overlay-opacity":"","overlay-gradient":""},"tablet":{"background-color":"var(--ast-global-color-5)","background-image":"","background-repeat":"repeat","background-position":"center center","background-size":"auto","background-attachment":"scroll","background-type":"","background-media":"","overlay-type":"","overlay-color":"","overlay-opacity":"","overlay-gradient":""},"mobile":{"background-color":"var(--ast-global-color-5)","background-image":"","background-repeat":"repeat","background-position":"center center","background-size":"auto","background-attachment":"scroll","background-type":"","background-media":"","overlay-type":"","overlay-color":"","overlay-opacity":"","overlay-gradient":""}}},"product_brand":[],"product_cat":[62,56],"product_tag":[91,92,94,93,89],"class_list":{"0":"post-4437","1":"product","2":"type-product","3":"status-publish","4":"has-post-thumbnail","6":"product_cat-voltage-protector","7":"product_cat-protector","8":"product_tag-adjustable-over-and-under-voltage-protector","9":"product_tag-digital-voltage-protector","10":"product_tag-voltage-output-stabilizer-for-home-office-appliance","11":"product_tag-voltage-protector-adjustable-under-over-voltage-protection","12":"product_tag-voltage-protector-for-air-conditioner","13":"desktop-align-center","14":"tablet-align-left","15":"mobile-align-left","17":"first","18":"instock","19":"shipping-taxable","20":"product-type-simple"},"acf":[],"_links":{"self":[{"href":"https:\/\/ua-protector.com\/de\/wp-json\/wp\/v2\/product\/4437","targetHints":{"allow":["GET"]}}],"collection":[{"href":"https:\/\/ua-protector.com\/de\/wp-json\/wp\/v2\/product"}],"about":[{"href":"https:\/\/ua-protector.com\/de\/wp-json\/wp\/v2\/types\/product"}],"version-history":[{"count":9,"href":"https:\/\/ua-protector.com\/de\/wp-json\/wp\/v2\/product\/4437\/revisions"}],"predecessor-version":[{"id":6681,"href":"https:\/\/ua-protector.com\/de\/wp-json\/wp\/v2\/product\/4437\/revisions\/6681"}],"wp:featuredmedia":[{"embeddable":true,"href":"https:\/\/ua-protector.com\/de\/wp-json\/wp\/v2\/media\/6099"}],"wp:attachment":[{"href":"https:\/\/ua-protector.com\/de\/wp-json\/wp\/v2\/media?parent=4437"}],"wp:term":[{"taxonomy":"product_brand","embeddable":true,"href":"https:\/\/ua-protector.com\/de\/wp-json\/wp\/v2\/product_brand?post=4437"},{"taxonomy":"product_cat","embeddable":true,"href":"https:\/\/ua-protector.com\/de\/wp-json\/wp\/v2\/product_cat?post=4437"},{"taxonomy":"product_tag","embeddable":true,"href":"https:\/\/ua-protector.com\/de\/wp-json\/wp\/v2\/product_tag?post=4437"}],"curies":[{"name":"wp","href":"https:\/\/api.w.org\/{rel}","templated":true}]}}