{"id":4436,"date":"2025-04-27T02:23:54","date_gmt":"2025-04-27T02:23:54","guid":{"rendered":"https:\/\/ua-protector.com\/?post_type=product&#038;p=4436"},"modified":"2025-08-06T00:45:34","modified_gmt":"2025-08-06T07:45:34","slug":"3-phase-4-wire-over-and-under-voltage-protector","status":"publish","type":"product","link":"https:\/\/ua-protector.com\/de\/produkt\/beschutzer\/spannungswachter\/3-phasen-4-leiter-uber-und-unterspannungsschutz\/","title":{"rendered":"3-phasiger 4-Leiter-\u00dcber- und Unterspannungsschutz JGGQ-80"},"content":{"rendered":"<h2><strong>Einf\u00fchrung<\/strong><\/h2>\n<hr \/>\n<figure id=\"attachment_4513\" aria-describedby=\"caption-attachment-4513\" style=\"width: 150px\" class=\"wp-caption alignleft\"><a href=\"https:\/\/ua-protector.com\/de\/produkt\/\"><img decoding=\"async\" class=\"wp-image-4513 size-thumbnail\" src=\"https:\/\/ua-protector.com\/wp-content\/uploads\/2025\/04\/JGGQ-80S-0-150x150.jpg\" alt=\"3-Phasen-4-Leiter-\u00dcber- und Unterspannungsschutz \" width=\"150\" height=\"150\" srcset=\"https:\/\/ua-protector.com\/wp-content\/uploads\/2025\/04\/JGGQ-80S-0-150x150.jpg 150w, https:\/\/ua-protector.com\/wp-content\/uploads\/2025\/04\/JGGQ-80S-0-300x300.jpg 300w, https:\/\/ua-protector.com\/wp-content\/uploads\/2025\/04\/JGGQ-80S-0-100x100.jpg 100w, https:\/\/ua-protector.com\/wp-content\/uploads\/2025\/04\/JGGQ-80S-0-600x600.jpg 600w, https:\/\/ua-protector.com\/wp-content\/uploads\/2025\/04\/JGGQ-80S-0-768x768.jpg 768w, https:\/\/ua-protector.com\/wp-content\/uploads\/2025\/04\/JGGQ-80S-0.jpg 800w\" sizes=\"(max-width: 150px) 100vw, 150px\" \/><\/a><figcaption id=\"caption-attachment-4513\" class=\"wp-caption-text\">3-Phasen-4-Leiter-\u00dcber- und Unterspannungsschutz<\/figcaption><\/figure>\n<p><a href=\"https:\/\/ua-protector.com\/de\/produkt\/beschutzer\/feuerfester-strombegrenzungsschutzschalter\/strombegrenzender-brandmeldeschutzschalter\/\">3-Phasen-4-Leiter-\u00dcber- und Unterspannungsschutz<\/a> JGGQ-80S\/3P+N Es ist ein Upgrade von der gew\u00f6hnlichen Art von Produkt, Produkt technische Merkmale: geringer Stromverbrauch, lange Lebensdauer, pr\u00e4zise Steuerung, fehlender Phasenschutz, fehlender Null-Leitungsschutz, maximaler Kurzschlussgrenzstrom von 3000A, Softwaresteuerung der Humanisierung und klare Anzeige mit Led-Licht, das Produkt wird zum ersten Mal unter normalen Bedingungen der Stromversorgung Schlie\u00dfzeit von 5 Sekunden eingeschaltet, wenn die Leitung Unterspannung, fehlende Phase und andere Fehler auftritt, wenn die Stromversorgung normal wird, ist die Schlie\u00dfzeit 20 Sekunden, dieses Design spart zu viel Zeit zu warten, wenn das Stromnetz ohne Strom ist.<\/p>\n<p>Die 3-Phasen-4-Draht-Self-Reset-Tabelle \u00fcber und Unterspannung ProtectorEs hat die Funktionen der Phase Verlust, Null-Verlust, <a href=\"https:\/\/www.elejg.com\/\" target=\"_blank\" rel=\"noopener\">\u00dcberspannungs- und Unterspannungsschutz<\/a>und wird h\u00e4ufig in dreiphasigen vieradrigen Verteilungsleitungen und Photovoltaik-Stromerzeugungsk\u00e4sten verwendet.<\/p>\n<h2><strong>3-Phasen-4-Leiter-\u00dcber- und Unterspannungsschutz der Parameter<\/strong><\/h2>\n<hr \/>\n<p>1. Nennstrom: 32A, 40A, 50A, 63A, 80A<\/p>\n<p>2. Betriebsspannung: AC230V, 50Hz (Arbeitsmodus Phase-Leitung-Neutralleiter)<\/p>\n<p>3. \u00dcberspannungsschutzwert: AC270V \u00b15V (Phase zu Null)<\/p>\n<p>4. Unterspannungsschutzwert: AC170V \u00b15V (Phase bis Null)<\/p>\n<p>5. Erste Einschaltzeit: 5 Sekunden<\/p>\n<p>6. R\u00fcckstellzeit nach Ausfall: 20 Sekunden<\/p>\n<p>7. Aktionszeit: 0,1 Sekunden<\/p>\n<p>8. Die h\u00f6chste ist m\u00f6glichmitstandAC450V \u00dcberspannung(Phase zu Null)\u3002.<\/p>\n<h2><strong>Durchf\u00fchrungsbestimmungen<\/strong><\/h2>\n<hr \/>\n<p>JGJ242-2011 Code f\u00fcr die elektrische Planung von Wohngeb\u00e4uden<\/p>\n<p>JGJ\/T16-2008<\/p>\n<p>GJBT-672 Standardatlas f\u00fcr die elektrische Planung und Konstruktion von Wohngeb\u00e4uden<\/p>\n<p>GB\/T68895.10-2001<\/p>\n<p>Erf\u00fcllt die Sicherheitsstandards f\u00fcr Elektroger\u00e4te der Klasse III<\/p>\n<p>JB\/T12762-2015 \u300a<a href=\"https:\/\/ua-protector.com\/de\"><strong>3-Phasen 4-Draht \u00dcber- und Unterspannungsschutzger\u00e4t<\/strong><\/a>\uff08<strong>OUPA<\/strong>)\u300b<\/p>\n<h2><strong><a href=\"https:\/\/ua-protector.com\/de\/produkt\/3-phasen-4-leiter-strom-und-spannungsschutzschalter\/\">3-Phasen-4-Leiter-\u00dcber- und Unterspannungsschutz <\/a><\/strong><strong>der Gr\u00f6\u00dfe<\/strong><\/h2>\n<hr \/>\n<p><strong><img fetchpriority=\"high\" decoding=\"async\" class=\"alignnone wp-image-5588\" src=\"https:\/\/ua-protector.com\/wp-content\/uploads\/2025\/04\/\u5916\u5f62\u5c3a\u5bf8.jpg\" alt=\"\" width=\"800\" height=\"433\" srcset=\"https:\/\/ua-protector.com\/wp-content\/uploads\/2025\/04\/\u5916\u5f62\u5c3a\u5bf8.jpg 1141w, https:\/\/ua-protector.com\/wp-content\/uploads\/2025\/04\/\u5916\u5f62\u5c3a\u5bf8-300x162.jpg 300w, https:\/\/ua-protector.com\/wp-content\/uploads\/2025\/04\/\u5916\u5f62\u5c3a\u5bf8-1024x554.jpg 1024w, https:\/\/ua-protector.com\/wp-content\/uploads\/2025\/04\/\u5916\u5f62\u5c3a\u5bf8-768x415.jpg 768w, https:\/\/ua-protector.com\/wp-content\/uploads\/2025\/04\/\u5916\u5f62\u5c3a\u5bf8-18x10.jpg 18w, https:\/\/ua-protector.com\/wp-content\/uploads\/2025\/04\/\u5916\u5f62\u5c3a\u5bf8-600x324.jpg 600w\" sizes=\"(max-width: 800px) 100vw, 800px\" \/><\/strong><\/p>\n<h2><strong>Informationen zum Standardpaket<\/strong><\/h2>\n<hr \/>\n<p>&nbsp;<\/p>\n<p><img decoding=\"async\" class=\"alignnone size-medium wp-image-5943\" src=\"https:\/\/ua-protector.com\/wp-content\/uploads\/2025\/04\/45.5-23.5-31.5-box-300x300.jpg\" sizes=\"(max-width: 300px) 100vw, 300px\" srcset=\"https:\/\/ua-protector.com\/wp-content\/uploads\/2025\/04\/45.5-23.5-31.5-box-300x300.jpg 300w, https:\/\/ua-protector.com\/wp-content\/uploads\/2025\/04\/45.5-23.5-31.5-box-150x150.jpg 150w, https:\/\/ua-protector.com\/wp-content\/uploads\/2025\/04\/45.5-23.5-31.5-box-12x12.jpg 12w, https:\/\/ua-protector.com\/wp-content\/uploads\/2025\/04\/45.5-23.5-31.5-box-600x600.jpg 600w, https:\/\/ua-protector.com\/wp-content\/uploads\/2025\/04\/45.5-23.5-31.5-box-100x100.jpg 100w, https:\/\/ua-protector.com\/wp-content\/uploads\/2025\/04\/45.5-23.5-31.5-box.jpg 750w\" alt=\"\" width=\"300\" height=\"300\" \/><\/p>\n<div style=\"overflow-x: auto;\">\n<table>\n<tbody>\n<tr>\n<th>Karton Abmessung (cm)<\/th>\n<th>Packliste<\/th>\n<th>QTY<\/th>\n<th>Bruttogewicht(kg)<\/th>\n<\/tr>\n<tr>\n<td style=\"text-align: center;\">45,5 cm \u00d7 23,5 cm \u00d7 31,5 cm<\/td>\n<td style=\"text-align: center;\">\u00a0Besch\u00fctzer<\/td>\n<td style=\"text-align: center;\">60St\u00fcck<\/td>\n<td style=\"text-align: center;\">20kg<\/td>\n<\/tr>\n<\/tbody>\n<\/table>\n<\/div>\n<p>&nbsp;<\/p>\n<hr \/>\n<h1 class=\"elementor-heading-title elementor-size-default\"><span style=\"color: #0000ff;\">Kontaktieren Sie uns jetzt, kostenlose Muster sind verf\u00fcgbar<\/span><\/h1>\n<p>Wenn Sie mehr \u00fcber unsere Produkte und Dienstleistungen erfahren m\u00f6chten, erhalten Sie eine Antwort von einem Elektrofachmann. Wir freuen uns darauf, Sie zu unterst\u00fctzen.<\/p>\n<p>Mob\/WhatsApp\/<strong>WeChat\/<\/strong>Wang: +86 18958900126<br \/>\nGesch\u00e4ftliche E-Mail\uff1a<strong>sales@tokeep.net<br \/>\n<\/strong>Technologie E-Mail:\u00a0<strong>tokeepcc@gmail.com<\/strong><strong><br \/>\n<\/strong>Pers\u00f6nliche E-Mail:<strong>\u00a0wxj7607@126.com<\/strong><\/p>\n<p><img loading=\"lazy\" decoding=\"async\" class=\"alignnone wp-image-5833 size-full\" src=\"https:\/\/ua-protector.com\/wp-content\/uploads\/2025\/04\/whateapp-1.jpg\" sizes=\"(max-width: 573px) 100vw, 573px\" srcset=\"https:\/\/ua-protector.com\/wp-content\/uploads\/2025\/04\/whateapp-1.jpg 573w, https:\/\/ua-protector.com\/wp-content\/uploads\/2025\/04\/whateapp-1-300x169.jpg 300w, https:\/\/ua-protector.com\/wp-content\/uploads\/2025\/04\/whateapp-1-18x10.jpg 18w\" alt=\"\" width=\"573\" height=\"322\" \/><\/p>\n<p>&nbsp;<\/p>","protected":false},"excerpt":{"rendered":"<p>3-Phasen-4-Draht-\u00dcber- und Unterspannungsschutz ist ein Upgrade von der gew\u00f6hnlichen Art von Produkt, Produktmerkmale: geringer Stromverbrauch, lange Lebensdauer, pr\u00e4zise Steuerung, Phasenverlust Schutz, Mangel an Null-Linie Schutz, maximale Kurzschluss-Begrenzungsstrom 3000A, Software-Steuerung Humanisierung und klare Anzeige mit Led-Licht, das Produkt zum ersten Mal unter normalen Bedingungen der Stromversorgung Schlie\u00dfzeit eingeschaltet ist 6 Sekunden, wenn die Linie tritt \u00fcber-Unterspannung, Mangel an Phase und andere Fehler, wenn die Stromversorgung schaltet normal, ist die Schlie\u00dfzeit 40 Sekunden, spart dieses Design zu viel Zeit zu warten, wenn das Stromnetz in den Stromausfall ist.<\/p>","protected":false},"featured_media":4513,"template":"","meta":{"_acf_changed":false,"site-sidebar-layout":"default","site-content-layout":"","ast-site-content-layout":"default","site-content-style":"default","site-sidebar-style":"default","ast-global-header-display":"","ast-banner-title-visibility":"","ast-main-header-display":"","ast-hfb-above-header-display":"","ast-hfb-below-header-display":"","ast-hfb-mobile-header-display":"","site-post-title":"","ast-breadcrumbs-content":"","ast-featured-img":"","footer-sml-layout":"","theme-transparent-header-meta":"default","adv-header-id-meta":"","stick-header-meta":"","header-above-stick-meta":"","header-main-stick-meta":"","header-below-stick-meta":"","astra-migrate-meta-layouts":"set","ast-page-background-enabled":"default","ast-page-background-meta":{"desktop":{"background-color":"","background-image":"","background-repeat":"repeat","background-position":"center center","background-size":"auto","background-attachment":"scroll","background-type":"","background-media":"","overlay-type":"","overlay-color":"","overlay-opacity":"","overlay-gradient":""},"tablet":{"background-color":"","background-image":"","background-repeat":"repeat","background-position":"center center","background-size":"auto","background-attachment":"scroll","background-type":"","background-media":"","overlay-type":"","overlay-color":"","overlay-opacity":"","overlay-gradient":""},"mobile":{"background-color":"","background-image":"","background-repeat":"repeat","background-position":"center center","background-size":"auto","background-attachment":"scroll","background-type":"","background-media":"","overlay-type":"","overlay-color":"","overlay-opacity":"","overlay-gradient":""}},"ast-content-background-meta":{"desktop":{"background-color":"var(--ast-global-color-5)","background-image":"","background-repeat":"repeat","background-position":"center center","background-size":"auto","background-attachment":"scroll","background-type":"","background-media":"","overlay-type":"","overlay-color":"","overlay-opacity":"","overlay-gradient":""},"tablet":{"background-color":"var(--ast-global-color-5)","background-image":"","background-repeat":"repeat","background-position":"center center","background-size":"auto","background-attachment":"scroll","background-type":"","background-media":"","overlay-type":"","overlay-color":"","overlay-opacity":"","overlay-gradient":""},"mobile":{"background-color":"var(--ast-global-color-5)","background-image":"","background-repeat":"repeat","background-position":"center center","background-size":"auto","background-attachment":"scroll","background-type":"","background-media":"","overlay-type":"","overlay-color":"","overlay-opacity":"","overlay-gradient":""}}},"product_brand":[],"product_cat":[62,56],"product_tag":[88,86,90,89,87],"class_list":{"0":"post-4436","1":"product","2":"type-product","3":"status-publish","4":"has-post-thumbnail","6":"product_cat-voltage-protector","7":"product_cat-protector","8":"product_tag-automatic-reconnect-over-and-under-voltage-protection","9":"product_tag-voltage-protector","10":"product_tag-voltage-protector-3-phase","11":"product_tag-voltage-protector-for-air-conditioner","12":"product_tag-voltage-protector-for-home","13":"desktop-align-center","14":"tablet-align-left","15":"mobile-align-left","17":"first","18":"instock","19":"shipping-taxable","20":"product-type-simple"},"acf":[],"_links":{"self":[{"href":"https:\/\/ua-protector.com\/de\/wp-json\/wp\/v2\/product\/4436","targetHints":{"allow":["GET"]}}],"collection":[{"href":"https:\/\/ua-protector.com\/de\/wp-json\/wp\/v2\/product"}],"about":[{"href":"https:\/\/ua-protector.com\/de\/wp-json\/wp\/v2\/types\/product"}],"version-history":[{"count":21,"href":"https:\/\/ua-protector.com\/de\/wp-json\/wp\/v2\/product\/4436\/revisions"}],"predecessor-version":[{"id":6680,"href":"https:\/\/ua-protector.com\/de\/wp-json\/wp\/v2\/product\/4436\/revisions\/6680"}],"wp:featuredmedia":[{"embeddable":true,"href":"https:\/\/ua-protector.com\/de\/wp-json\/wp\/v2\/media\/4513"}],"wp:attachment":[{"href":"https:\/\/ua-protector.com\/de\/wp-json\/wp\/v2\/media?parent=4436"}],"wp:term":[{"taxonomy":"product_brand","embeddable":true,"href":"https:\/\/ua-protector.com\/de\/wp-json\/wp\/v2\/product_brand?post=4436"},{"taxonomy":"product_cat","embeddable":true,"href":"https:\/\/ua-protector.com\/de\/wp-json\/wp\/v2\/product_cat?post=4436"},{"taxonomy":"product_tag","embeddable":true,"href":"https:\/\/ua-protector.com\/de\/wp-json\/wp\/v2\/product_tag?post=4436"}],"curies":[{"name":"wp","href":"https:\/\/api.w.org\/{rel}","templated":true}]}}