{"id":4435,"date":"2025-04-27T02:23:54","date_gmt":"2025-04-27T02:23:54","guid":{"rendered":"https:\/\/ua-protector.com\/?post_type=product&#038;p=4435"},"modified":"2025-08-06T00:23:06","modified_gmt":"2025-08-06T07:23:06","slug":"intelligent-current-voltage-protector","status":"publish","type":"product","link":"https:\/\/ua-protector.com\/de\/produkt\/beschutzer\/feuerfester-strombegrenzungsschutzschalter\/intelligenter-strom-spannungs-schutzschalter\/","title":{"rendered":"Intelligenter strombegrenzender Spannungsw\u00e4chter JGIV-63S"},"content":{"rendered":"<h3><strong>Einf\u00fchrung des Produkts<\/strong><\/h3>\n<hr \/>\n<figure id=\"attachment_4506\" aria-describedby=\"caption-attachment-4506\" style=\"width: 150px\" class=\"wp-caption alignleft\"><img decoding=\"async\" class=\"wp-image-4506 size-thumbnail\" src=\"https:\/\/ua-protector.com\/wp-content\/uploads\/2025\/04\/JGXL-63-S-2-150x150.jpg\" alt=\"Spannungsw\u00e4chter f\u00fcr Zuhause\" width=\"150\" height=\"150\" srcset=\"https:\/\/ua-protector.com\/wp-content\/uploads\/2025\/04\/JGXL-63-S-2-150x150.jpg 150w, https:\/\/ua-protector.com\/wp-content\/uploads\/2025\/04\/JGXL-63-S-2-300x300.jpg 300w, https:\/\/ua-protector.com\/wp-content\/uploads\/2025\/04\/JGXL-63-S-2-100x100.jpg 100w, https:\/\/ua-protector.com\/wp-content\/uploads\/2025\/04\/JGXL-63-S-2-600x600.jpg 600w, https:\/\/ua-protector.com\/wp-content\/uploads\/2025\/04\/JGXL-63-S-2-768x768.jpg 768w, https:\/\/ua-protector.com\/wp-content\/uploads\/2025\/04\/JGXL-63-S-2.jpg 800w\" sizes=\"(max-width: 150px) 100vw, 150px\" \/><figcaption id=\"caption-attachment-4506\" class=\"wp-caption-text\">Spannungsw\u00e4chter f\u00fcr Zuhause<\/figcaption><\/figure>\n<p><a href=\"https:\/\/ua-protector.com\/de\/produkt-kategorie\/produkt\/\"> \u00a0Spannungsw\u00e4chter f\u00fcr Zuhause<\/a> ist Intelligent Strombegrenzung Typ \u00dcber-Unterspannungsschutz ist eine Reihe von: \u00dcberspannung, Unterspannung, \u00dcberstrom-Schutz-Funktionen eines umfassenden Schutz, Produkt modular, intelligent, visualisiert, Produkt \u00dcberspannung, Unterspannung, \u00dcberstrom-Schutz, alle Schutz-Parameter eingestellt werden k\u00f6nnen, wenn die Linie <a href=\"https:\/\/elejg.com\/\" target=\"_blank\" rel=\"noopener\">\u00dcberspannung<\/a>Beim Auftreten von Unterspannung, \u00dcberstrom und anderen Fehlern kann der Schutzschalter die Stromversorgung sofort unterbrechen, so dass die elektrischen Ger\u00e4te intakt bleiben und nicht besch\u00e4digt werden.<\/p>\n<p>\u3002 Diese Produktreihe hat eine kompakte Struktur und ein sch\u00f6nes Aussehen und wird auf Standardf\u00fchrungsschienen installiert.<\/p>\n<h3><strong>\u00a0Spannungsw\u00e4chter der Arbeitsbedingungen<\/strong><\/h3>\n<hr \/>\n<table style=\"border-collapse: collapse; width: 249.03pt;\" border=\"0\" width=\"332\" cellspacing=\"0\" cellpadding=\"0\">\n<tbody>\n<tr style=\"height: 13.50pt;\">\n<td class=\"et2\" style=\"height: 13.50pt; width: 159.40pt;\" width=\"212\" height=\"18\">Typ<\/td>\n<td class=\"et3\" style=\"width: 89.95pt;\" width=\"119\">JGIV-63S<\/td>\n<\/tr>\n<tr style=\"height: 13.50pt;\">\n<td class=\"et4\" style=\"height: 13.50pt;\" height=\"18\">Aktueller Einstellbereich<\/td>\n<td class=\"et4\"><span class=\"font2\">63A(2<\/span><span class=\"font3\">~<\/span><span class=\"font2\">63A)<\/span><\/td>\n<\/tr>\n<tr style=\"height: 13.50pt;\">\n<td class=\"et4\" style=\"height: 13.50pt;\" height=\"18\">Einstellbereich der \u00dcberspannung<\/td>\n<td class=\"et4\"><span class=\"font2\">AC270V(210<\/span><span class=\"font3\">~<\/span><span class=\"font2\">300V)<\/span><\/td>\n<\/tr>\n<tr style=\"height: 13.50pt;\">\n<td class=\"et4\" style=\"height: 13.50pt;\" height=\"18\">Bereich der Unterspannungseinstellung<\/td>\n<td class=\"et4\"><span class=\"font2\">AC170V(80<\/span><span class=\"font3\">~<\/span><span class=\"font2\">200V)<\/span><\/td>\n<\/tr>\n<\/tbody>\n<\/table>\n<p>1. Die Umgebungstemperatur betr\u00e4gt nicht mehr als +40 \u00b0C, nicht weniger als -5 \u00b0C, und die Durchschnittstemperatur \u00fcber 24 Stunden betr\u00e4gt nicht mehr als +35 \u00b0C; bei ++40\u00b0C betr\u00e4gt die Luftfeuchtigkeit der Umgebung nicht mehr als 50%;<\/p>\n<p>2. Die H\u00f6he des Meeresspiegels am Aufstellungsort darf 2000 Meter nicht \u00fcberschreiten.<\/p>\n<p>3. Verschmutzungsgrad 3<\/p>\n<p>4. In der Installationsumgebung gibt es kein explosionsgef\u00e4hrdetes Medium, keine Gase und leitf\u00e4higen St\u00e4ube, die \u00e4tzend sind und die Isolierung zerst\u00f6ren, und keine Orte, an denen Regen und Schnee eindringen<\/p>\n<h3><strong>Drittens, die wichtigsten technischen Parameter<\/strong><\/h3>\n<hr \/>\n<p>1. Betriebsspannung: AC230V, 50Hz;<\/p>\n<p>2. Nennstrom: 40A Einstellbereich von 1 bis 40A;<\/p>\n<p>80A Einstellbereich von 1 bis 80A;<\/p>\n<p>3. \u00dcberspannungsschutzwert: AC270V Einstellbereich von 220 bis 300V;<\/p>\n<p>4. \u00dcberspannungsschutzwert: AC170V Einstellbereich von 140 bis 200V;<\/p>\n<p>5. Automatisches Schlie\u00dfen mit einer Verz\u00f6gerung von 1 Sekunde beim ersten normalen Einschalten;<\/p>\n<p>6. Im Falle von \u00dcberspannung, Unterspannung und \u00dcberstrom beim ersten Einschalten wird das Produkt automatisch innerhalb von 3 Sekunden abgeschaltet;<\/p>\n<p>7. R\u00fcckstellzeit nach Ausfall: 20 Sekunden;<\/p>\n<p>8. Die mechanische Lebensdauer \u2265 100.000 mal;<\/p>\n<p>9. Produkt Verdrahtung Methode: unten in und aus der Leitung, oben in und aus der Leitung, die Standard-Verbindung<\/p>\n<p>Die Leitung ist unterbrochen und die Verbindung ist unterbrochen;<\/p>\n<p>10. Die Leistungsaufnahme des Produkts selbst: \u22642W<\/p>\n<p>11. Die Verdrahtungskapazit\u00e4t betr\u00e4gt 16 Quadratmeter<\/p>\n<h3><strong>Viertens: Die Schl\u00fcsselfunktion<\/strong><\/h3>\n<hr \/>\n<p>1. Einstellungstaste: Halten Sie die Einstelltaste 2 Sekunden lang gedr\u00fcckt, um in den Einstellungsmodus zu gelangen, und dr\u00fccken Sie sie nach dem Aufrufen des Einstellungsstatus jedes Mal, um das n\u00e4chste Einstellungsmen\u00fc aufzurufen;<\/p>\n<p>2. Aufw\u00e4rts-Taste: Abfrage der Einstellparameter des aktuellen Betriebs des Produkts und Erh\u00f6hung der Einstellwertparameter im Einstellzustand;<\/p>\n<p>3. Abw\u00e4rts-Taste: Abfrage der letzten Fehlerinformationen des Produkts und Reduzierung des Sollwertparameters im Einstellzustand;<\/p>\n<p>4. Reset-Taste: wenn der erste \u00dcberstrom erzeugt wird, wird das Produkt automatisch nach der Reset-Zeit in der Verz\u00f6gerung angegeben zu schlie\u00dfen, und wenn der zweite \u00dcberstrom muss festgestellt werden, dass die Last nicht \u00fcberlastet ist, dr\u00fccken Sie manuell die Reset-Taste, um das Produkt zu schlie\u00dfen, und dr\u00fccken Sie die Reset-Taste, um zu speichern und den Einstellungszustand zu verlassen, wenn der Zustand.<\/p>\n<h3><strong>Spannungsw\u00e4chter der Produkteinstellungen<\/strong><\/h3>\n<hr \/>\n<p>1. Halten Sie die Einstelltaste 2 Sekunden lang gedr\u00fcckt, um in den Einstellungsstatus zu gelangen, und zeigen Sie den \u00dcberspannungseinstellwert UH270 an; der Einstellbereich betr\u00e4gt 200-300, und der Standard-\u00dcberspannungsschutzwert ist AC270V;<\/p>\n<p>2. Dr\u00fccken Sie die Aufw\u00e4rts- oder Abw\u00e4rtstaste, um den f\u00fcr die \u00dcberspannung erforderlichen Schutzwert zu \u00e4ndern;<\/p>\n<p>3. Dr\u00fccken Sie die Einstellungstaste, um das n\u00e4chste Men\u00fc aufzurufen. Der Einstellwert f\u00fcr die Unterspannung ist UL170, und der Einstellbereich ist 140-200; Unterspannungsstandardschutzwert AC170V;<\/p>\n<p>4. Dr\u00fccken Sie die Aufw\u00e4rts- oder Abw\u00e4rtstaste, um den f\u00fcr die Unterspannung erforderlichen Schutzwert zu \u00e4ndern;<\/p>\n<p>5. Dr\u00fccken Sie die Einstellungstaste, um das n\u00e4chste Men\u00fc aufzurufen. Der Einstellwert f\u00fcr den Unterspannungsschutz ist Ut1, der Einstellbereich betr\u00e4gt 1-120 Sekunden, der Standardwert ist 1 Sekunde;<\/p>\n<p>6. Dr\u00fccken Sie die Aufw\u00e4rts- oder Abw\u00e4rtstaste, um den f\u00fcr die \u00dcberspannung erforderlichen Schutzwert zu \u00e4ndern;<\/p>\n<p>7. Dr\u00fccken Sie die Einstelltaste, um das n\u00e4chste Men\u00fc aufzurufen. Der Einstellwert f\u00fcr den Nennstromschutz ist In63, der Einstellbereich ist 1-80A, und der Standardwert ist 40A oder 63A;<\/p>\n<p>9. Dr\u00fccken Sie die Aufw\u00e4rts- oder Abw\u00e4rtstaste, um den f\u00fcr den \u00dcberstrom erforderlichen Schutzwert zu \u00e4ndern;<\/p>\n<p>10. Dr\u00fccken Sie die Einstellungstaste, um das n\u00e4chste Men\u00fc aufzurufen, stellen Sie die Zeit des \u00dcberstromschutzes Int20 ein, stellen Sie den Bereich von 1 bis 120 Sekunden ein, und der Standardwert ist 20 Sekunden;<\/p>\n<p>11. Dr\u00fccken Sie die Aufw\u00e4rts- oder Abw\u00e4rtstaste, um die f\u00fcr den \u00dcberstrom erforderliche Schutzzeit zu \u00e4ndern;<\/p>\n<p>12. Dr\u00fccken Sie die Einstellungstaste, um das n\u00e4chste Men\u00fc aufzurufen, und die automatische R\u00fcckstellzeit Adt20 nach dem Ausfall, der Einstellbereich ist 1-120 Sekunden, und der Standardwert ist 20 Sekunden;<\/p>\n<p>13. Dr\u00fccken Sie die Aufw\u00e4rts- oder Abw\u00e4rts-Taste, um die Zeit f\u00fcr die automatische R\u00fcckstellung zu \u00e4ndern;<\/p>\n<p>14. Nachdem die Einstellung abgeschlossen ist, dr\u00fccken Sie die Reset-Taste, um zu speichern und zur aktuellen Strom- und Spannungsanzeige zur\u00fcckzukehren<\/p>\n<h3><strong>Beschreibung des Panels<\/strong><\/h3>\n<hr \/>\n<p><img fetchpriority=\"high\" decoding=\"async\" class=\"alignnone wp-image-5539\" src=\"https:\/\/ua-protector.com\/wp-content\/uploads\/2025\/04\/\u9762\u677f\u8bf4\u660e-\u82f1\u6587.jpg\" alt=\"\" width=\"800\" height=\"577\" srcset=\"https:\/\/ua-protector.com\/wp-content\/uploads\/2025\/04\/\u9762\u677f\u8bf4\u660e-\u82f1\u6587.jpg 1343w, https:\/\/ua-protector.com\/wp-content\/uploads\/2025\/04\/\u9762\u677f\u8bf4\u660e-\u82f1\u6587-300x216.jpg 300w, https:\/\/ua-protector.com\/wp-content\/uploads\/2025\/04\/\u9762\u677f\u8bf4\u660e-\u82f1\u6587-1024x739.jpg 1024w, https:\/\/ua-protector.com\/wp-content\/uploads\/2025\/04\/\u9762\u677f\u8bf4\u660e-\u82f1\u6587-768x554.jpg 768w, https:\/\/ua-protector.com\/wp-content\/uploads\/2025\/04\/\u9762\u677f\u8bf4\u660e-\u82f1\u6587-18x12.jpg 18w, https:\/\/ua-protector.com\/wp-content\/uploads\/2025\/04\/\u9762\u677f\u8bf4\u660e-\u82f1\u6587-600x433.jpg 600w\" sizes=\"(max-width: 800px) 100vw, 800px\" \/><\/p>\n<p>&nbsp;<\/p>\n<p><img decoding=\"async\" class=\"alignnone wp-image-5538 size-full\" src=\"https:\/\/ua-protector.com\/wp-content\/uploads\/2025\/04\/\u4ea7\u54c1\u5c3a\u5bf8.jpg\" alt=\"\" width=\"700\" height=\"437\" srcset=\"https:\/\/ua-protector.com\/wp-content\/uploads\/2025\/04\/\u4ea7\u54c1\u5c3a\u5bf8.jpg 700w, https:\/\/ua-protector.com\/wp-content\/uploads\/2025\/04\/\u4ea7\u54c1\u5c3a\u5bf8-300x187.jpg 300w, https:\/\/ua-protector.com\/wp-content\/uploads\/2025\/04\/\u4ea7\u54c1\u5c3a\u5bf8-18x12.jpg 18w, https:\/\/ua-protector.com\/wp-content\/uploads\/2025\/04\/\u4ea7\u54c1\u5c3a\u5bf8-600x375.jpg 600w\" sizes=\"(max-width: 700px) 100vw, 700px\" \/><\/p>\n<h2>Sollte ein Plan sein<\/h2>\n<hr \/>\n<figure id=\"attachment_6111\" class=\"wp-caption alignleft\" aria-describedby=\"caption-attachment-6111\"><img loading=\"lazy\" decoding=\"async\" class=\"wp-image-6111 size-full\" src=\"https:\/\/ua-protector.com\/wp-content\/uploads\/2025\/04\/%E6%8E%A5%E7%BA%BF%E5%9B%BE-%E8%BF%87%E6%AC%A0%E5%8E%8B-3.jpg\" sizes=\"(max-width: 600px) 100vw, 600px\" srcset=\"https:\/\/ua-protector.com\/wp-content\/uploads\/2025\/04\/\u63a5\u7ebf\u56fe-\u8fc7\u6b20\u538b-3.jpg 600w, https:\/\/ua-protector.com\/wp-content\/uploads\/2025\/04\/\u63a5\u7ebf\u56fe-\u8fc7\u6b20\u538b-3-159x300.jpg 159w, https:\/\/ua-protector.com\/wp-content\/uploads\/2025\/04\/\u63a5\u7ebf\u56fe-\u8fc7\u6b20\u538b-3-542x1024.jpg 542w, https:\/\/ua-protector.com\/wp-content\/uploads\/2025\/04\/\u63a5\u7ebf\u56fe-\u8fc7\u6b20\u538b-3-6x12.jpg 6w\" alt=\"\u00dcber- und Unterspannungsschutzger\u00e4te\" width=\"600\" height=\"1133\" \/><figcaption id=\"caption-attachment-6111\" class=\"wp-caption-text\">\u00dcber- und Unterspannungsschutzger\u00e4te<\/figcaption><\/figure>\n<h3 data-slate-node=\"element\"><span class=\"null hover-sent\" style=\"color: #ff0000;\" data-slate-leaf=\"true\" data-sent-id=\"ejrkgDPYqe\">Warnung:<\/span><\/h3>\n<div data-slate-node=\"element\"><span data-slate-node=\"text\"><span class=\"null hover-sent\" data-slate-leaf=\"true\" data-sent-id=\"ejrkgDPYqe\">Die Dr\u00e4hte N und L d\u00fcrfen nicht falsch angeschlossen werden.<\/span><\/span><\/div>\n<div data-slate-node=\"element\" data-slate-fragment=\"JTVCJTdCJTIydHlwZSUyMiUzQSUyMnBhcmFncmFwaCUyMiUyQyUyMmNoaWxkcmVuJTIyJTNBJTVCJTdCJTIyaWQlMjIlM0ElMjJlanJrZ0RQWXFlJTIyJTJDJTIycGFyYUlkeCUyMiUzQTElMkMlMjJzcmMlMjIlM0ElMjJBdHRlbnRpb24lM0ElMjBUaGUlMjBOJTIwYW5kJTIwTCUyMHdpcmVzJTIwbXVzdCUyMG5vdCUyMGJlJTIwY29ubmVjdGVkJTIwaW5jb3JyZWN0bHkuJTIyJTJDJTIyZHN0JTIyJTNBJTIyJUU2JUIzJUE4JUU2JTg0JThGJUVGJUJDJTlBTiVFNSU5MiU4Q0wlRTclQkElQkYlRTQlQjglOEQlRTUlQkUlOTclRTglQkYlOUUlRTYlOEUlQTUlRTklOTQlOTklRTglQUYlQUYlRTMlODAlODIlMjIlMkMlMjJtZXRhZGF0YSUyMiUzQSUyMiUyMiUyQyUyMm1hdGNoZXMlMjIlM0FudWxsJTJDJTIybWV0YURhdGElMjIlM0ElNUIlNUQlMkMlMjJ0ZXh0JTIyJTNBJTIyVGhlJTIwTiUyMGFuZCUyMEwlMjB3aXJlcyUyMG11c3QlMjBub3QlMjBiZSUyMGNvbm5lY3RlZCUyMGluY29ycmVjdGx5LiUyMiU3RCU1RCU3RCUyQyU3QiUyMnR5cGUlMjIlM0ElMjJwYXJhZ3JhcGglMjIlMkMlMjJjaGlsZHJlbiUyMiUzQSU1QiU3QiUyMmlkJTIyJTNBJTIyVk5ETmRqOUFiQiUyMiUyQyUyMnBhcmFJZHglMjIlM0EyJTJDJTIyc3JjJTIyJTNBJTIyQWxsJTIwdGVybWluYWxzJTIwbXVzdCUyMGJlJTIwdGlnaHRlbmVkJTIwdG8lMjBwcmV2ZW50JTIwZmFsc2UlMjBjb25uZWN0aW9ucyUyMHRoYXQlMjBjb3VsZCUyMGJ1cm4lMjBvdXQlMjB0aGUlMjBwcm90ZWN0b3IuJTIyJTJDJTIyZHN0JTIyJTNBJTIyJUU2JTg5JTgwJUU2JTlDJTg5JUU3JUFCJUFGJUU1JUFEJTkwJUU1JUJGJTg1JUU5JUExJUJCJUU2JThCJUE3JUU3JUI0JUE3JUVGJUJDJThDJUU0JUJCJUE1JUU5JTk4JUIyJUU2JUFEJUEyJUU1JThGJUFGJUU4JTgzJUJEJUU3JTgzJUE3JUU1JTlEJThGJUU0JUJGJTlEJUU2JThBJUE0JUU1JTk5JUE4JUU3JTlBJTg0JUU5JTk0JTk5JUU4JUFGJUFGJUU4JUJGJTlFJUU2JThFJUE1JUUzJTgwJTgyJTIyJTJDJTIybWV0YWRhdGElMjIlM0ElMjIlMjIlMkMlMjJtYXRjaGVzJTIyJTNBbnVsbCUyQyUyMm1ldGFEYXRhJTIyJTNBJTVCJTVEJTJDJTIydGV4dCUyMiUzQSUyMkFsbCUyMHRlcm1pbmFscyUyMG11c3QlMjBiZSUyMHRpZ2h0ZW5lZCUyMHRvJTIwcHJldmVudCUyMGZhbHNlJTIwY29ubmVjdGlvbnMlMjB0aGF0JTIwY291bGQlMjBidXJuJTIwb3V0JTIwdGhlJTIwcHJvdGVjdG9yLiUyMiU3RCU1RCU3RCU1RA==\"><span data-slate-node=\"text\"><span class=\"null\" data-slate-leaf=\"true\" data-sent-id=\"VNDNdj9AbB\">Alle Klemmen m\u00fcssen fest angezogen sein, um falsche Verbindungen zu vermeiden, die den Schutz durchbrennen lassen k\u00f6nnten.<\/span><\/span><\/div>\n<h2><strong>Informationen zum Standardpaket<\/strong><\/h2>\n<hr \/>\n<p>&nbsp;<\/p>\n<p><img loading=\"lazy\" decoding=\"async\" class=\"alignnone size-medium wp-image-5943\" src=\"https:\/\/ua-protector.com\/wp-content\/uploads\/2025\/04\/45.5-23.5-31.5-box-300x300.jpg\" sizes=\"(max-width: 300px) 100vw, 300px\" srcset=\"https:\/\/ua-protector.com\/wp-content\/uploads\/2025\/04\/45.5-23.5-31.5-box-300x300.jpg 300w, https:\/\/ua-protector.com\/wp-content\/uploads\/2025\/04\/45.5-23.5-31.5-box-150x150.jpg 150w, https:\/\/ua-protector.com\/wp-content\/uploads\/2025\/04\/45.5-23.5-31.5-box-12x12.jpg 12w, https:\/\/ua-protector.com\/wp-content\/uploads\/2025\/04\/45.5-23.5-31.5-box-600x600.jpg 600w, https:\/\/ua-protector.com\/wp-content\/uploads\/2025\/04\/45.5-23.5-31.5-box-100x100.jpg 100w, https:\/\/ua-protector.com\/wp-content\/uploads\/2025\/04\/45.5-23.5-31.5-box.jpg 750w\" alt=\"\" width=\"300\" height=\"300\" \/><\/p>\n<table style=\"border-collapse: collapse; width: 392px; height: 152px;\" border=\"0\" width=\"459\" cellspacing=\"0\" cellpadding=\"0\">\n<tbody>\n<tr style=\"height: 33.00pt;\">\n<td class=\"et2\" style=\"height: 33.00pt; width: 143.90pt;\" width=\"191\" height=\"44\">Karton Abmessung (cm)<\/td>\n<td class=\"et2\" style=\"width: 54.00pt;\" width=\"72\">Packliste<\/td>\n<td class=\"et2\" style=\"width: 54.00pt;\" width=\"72\">QTY<\/td>\n<td class=\"et2\" style=\"width: 92.80pt;\" width=\"123\">Bruttogewicht(kg)<\/td>\n<\/tr>\n<tr style=\"height: 49.50pt;\">\n<td class=\"et2\" style=\"height: 49.50pt; width: 143.90pt;\" width=\"191\" height=\"66\">45,5 cm \u00d7 23,5 cm \u00d7 31,5 cm<\/td>\n<td class=\"et2\" style=\"width: 54.00pt;\" width=\"72\">Dosierschutz<\/td>\n<td class=\"et2\" style=\"width: 54.00pt;\" width=\"72\">120St\u00fcck<\/td>\n<td class=\"et2\" style=\"width: 92.80pt;\" width=\"123\">20kg<\/td>\n<\/tr>\n<\/tbody>\n<\/table>\n<p>&nbsp;<\/p>\n<hr \/>\n<h1 class=\"elementor-heading-title elementor-size-default\"><span style=\"color: #0000ff;\">Kontaktieren Sie uns jetzt, kostenlose Muster sind verf\u00fcgbar<\/span><\/h1>\n<p>Wenn Sie mehr \u00fcber unsere Produkte und Dienstleistungen erfahren m\u00f6chten, erhalten Sie eine Antwort von einem Elektrofachmann. Wir freuen uns darauf, Sie zu unterst\u00fctzen.<\/p>\n<p>Mob\/WhatsApp\/<strong>WeChat\/<\/strong>Wang: +86 18958900126<br \/>\nGesch\u00e4ftliche E-Mail\uff1a<strong>sales@tokeep.net<br \/>\n<\/strong>Technologie E-Mail:\u00a0<strong>tokeepcc@gmail.com<\/strong><strong><br \/>\n<\/strong>Pers\u00f6nliche E-Mail:<strong>\u00a0wxj7607@126.com<\/strong><\/p>\n<p><img loading=\"lazy\" decoding=\"async\" class=\"alignnone wp-image-5833 size-full\" src=\"https:\/\/ua-protector.com\/wp-content\/uploads\/2025\/04\/whateapp-1.jpg\" sizes=\"(max-width: 573px) 100vw, 573px\" srcset=\"https:\/\/ua-protector.com\/wp-content\/uploads\/2025\/04\/whateapp-1.jpg 573w, https:\/\/ua-protector.com\/wp-content\/uploads\/2025\/04\/whateapp-1-300x169.jpg 300w, https:\/\/ua-protector.com\/wp-content\/uploads\/2025\/04\/whateapp-1-18x10.jpg 18w\" alt=\"\" width=\"573\" height=\"322\" \/><\/p>","protected":false},"excerpt":{"rendered":"<p><a href=\"https:\/\/ua-protector.com\/de\/produkt-kategorie\/produkt\/\">\u00a0Spannungssch\u00fctzer<\/a> ist Intelligente Strombegrenzung Typ \u00dcber-Unterspannungsschutz ist eine Reihe von: \u00dcberspannung, Unterspannung, \u00dcberstrom-Schutz-Funktionen eines umfassenden Schutz, Produkt modular, intelligent, visualisiert, Produkt \u00dcberspannung, Unterspannung, \u00dcberstrom-Schutz, alle Schutz-Parameter eingestellt werden k\u00f6nnen, wenn die Linie \u00dcberspannung, Unterspannung, \u00dcberstrom und andere Fehler auftreten, kann der Schutz sofort die Stromversorgung abgeschaltet, sch\u00fctzen die elektrischen Ger\u00e4te intakt und nicht besch\u00e4digt.<br \/>\n<strong>Anweisungen \uff1a<\/strong><a href=\"https:\/\/ua-protector.com\/wp-content\/uploads\/2025\/04\/JGIV-63Svoltage-protector-1PN.pdf\"> Spannungsschutzger\u00e4t JGIV-63SManual<\/a><\/p>","protected":false},"featured_media":4506,"template":"","meta":{"_acf_changed":false,"site-sidebar-layout":"default","site-content-layout":"","ast-site-content-layout":"default","site-content-style":"default","site-sidebar-style":"default","ast-global-header-display":"","ast-banner-title-visibility":"","ast-main-header-display":"","ast-hfb-above-header-display":"","ast-hfb-below-header-display":"","ast-hfb-mobile-header-display":"","site-post-title":"","ast-breadcrumbs-content":"","ast-featured-img":"","footer-sml-layout":"","theme-transparent-header-meta":"default","adv-header-id-meta":"","stick-header-meta":"","header-above-stick-meta":"","header-main-stick-meta":"","header-below-stick-meta":"","astra-migrate-meta-layouts":"set","ast-page-background-enabled":"default","ast-page-background-meta":{"desktop":{"background-color":"","background-image":"","background-repeat":"repeat","background-position":"center center","background-size":"auto","background-attachment":"scroll","background-type":"","background-media":"","overlay-type":"","overlay-color":"","overlay-opacity":"","overlay-gradient":""},"tablet":{"background-color":"","background-image":"","background-repeat":"repeat","background-position":"center center","background-size":"auto","background-attachment":"scroll","background-type":"","background-media":"","overlay-type":"","overlay-color":"","overlay-opacity":"","overlay-gradient":""},"mobile":{"background-color":"","background-image":"","background-repeat":"repeat","background-position":"center center","background-size":"auto","background-attachment":"scroll","background-type":"","background-media":"","overlay-type":"","overlay-color":"","overlay-opacity":"","overlay-gradient":""}},"ast-content-background-meta":{"desktop":{"background-color":"var(--ast-global-color-5)","background-image":"","background-repeat":"repeat","background-position":"center center","background-size":"auto","background-attachment":"scroll","background-type":"","background-media":"","overlay-type":"","overlay-color":"","overlay-opacity":"","overlay-gradient":""},"tablet":{"background-color":"var(--ast-global-color-5)","background-image":"","background-repeat":"repeat","background-position":"center center","background-size":"auto","background-attachment":"scroll","background-type":"","background-media":"","overlay-type":"","overlay-color":"","overlay-opacity":"","overlay-gradient":""},"mobile":{"background-color":"var(--ast-global-color-5)","background-image":"","background-repeat":"repeat","background-position":"center center","background-size":"auto","background-attachment":"scroll","background-type":"","background-media":"","overlay-type":"","overlay-color":"","overlay-opacity":"","overlay-gradient":""}}},"product_brand":[],"product_cat":[65,70,55,56,62,69],"product_tag":[91,96,92,95,94,93],"class_list":{"0":"post-4435","1":"product","2":"type-product","3":"status-publish","4":"has-post-thumbnail","6":"product_cat-fireproof-current-limiting-protector","7":"product_cat-small-ammeter","8":"product_cat-meter","9":"product_cat-protector","10":"product_cat-voltage-protector","11":"product_cat-small-voltmeter","12":"product_tag-adjustable-over-and-under-voltage-protector","13":"product_tag-adjustable-voltage-protector-settings","14":"product_tag-digital-voltage-protector","15":"product_tag-protector-current-stabilizer-voltmeter-for-house-protection63a","16":"product_tag-voltage-output-stabilizer-for-home-office-appliance","17":"product_tag-voltage-protector-adjustable-under-over-voltage-protection","18":"desktop-align-center","19":"tablet-align-left","20":"mobile-align-left","22":"first","23":"instock","24":"featured","25":"shipping-taxable","26":"product-type-simple"},"acf":[],"_links":{"self":[{"href":"https:\/\/ua-protector.com\/de\/wp-json\/wp\/v2\/product\/4435","targetHints":{"allow":["GET"]}}],"collection":[{"href":"https:\/\/ua-protector.com\/de\/wp-json\/wp\/v2\/product"}],"about":[{"href":"https:\/\/ua-protector.com\/de\/wp-json\/wp\/v2\/types\/product"}],"version-history":[{"count":13,"href":"https:\/\/ua-protector.com\/de\/wp-json\/wp\/v2\/product\/4435\/revisions"}],"predecessor-version":[{"id":6679,"href":"https:\/\/ua-protector.com\/de\/wp-json\/wp\/v2\/product\/4435\/revisions\/6679"}],"wp:featuredmedia":[{"embeddable":true,"href":"https:\/\/ua-protector.com\/de\/wp-json\/wp\/v2\/media\/4506"}],"wp:attachment":[{"href":"https:\/\/ua-protector.com\/de\/wp-json\/wp\/v2\/media?parent=4435"}],"wp:term":[{"taxonomy":"product_brand","embeddable":true,"href":"https:\/\/ua-protector.com\/de\/wp-json\/wp\/v2\/product_brand?post=4435"},{"taxonomy":"product_cat","embeddable":true,"href":"https:\/\/ua-protector.com\/de\/wp-json\/wp\/v2\/product_cat?post=4435"},{"taxonomy":"product_tag","embeddable":true,"href":"https:\/\/ua-protector.com\/de\/wp-json\/wp\/v2\/product_tag?post=4435"}],"curies":[{"name":"wp","href":"https:\/\/api.w.org\/{rel}","templated":true}]}}