{"id":4434,"date":"2025-04-27T02:23:54","date_gmt":"2025-04-27T02:23:54","guid":{"rendered":"https:\/\/ua-protector.com\/?post_type=product&#038;p=4434"},"modified":"2025-08-06T00:56:38","modified_gmt":"2025-08-06T07:56:38","slug":"liquid-crystal-voltmeter-d85-20","status":"publish","type":"product","link":"https:\/\/ua-protector.com\/de\/produkt\/zahler\/kleines-voltmeter\/flussigkristall-spannungsmesser-d85-20\/","title":{"rendered":"Einphasen-Wechselstrom-Fl\u00fcssigkristall-Spannungsmesser d85-20"},"content":{"rendered":"<h2>Einf\u00fchrung<\/h2>\n<hr \/>\n<p><a href=\"https:\/\/ua-protector.com\/de\">\u00a0<\/a><\/p>\n<figure id=\"attachment_4500\" aria-describedby=\"caption-attachment-4500\" style=\"width: 300px\" class=\"wp-caption alignleft\"><a href=\"https:\/\/ua-protector.com\/de\/produkt\/\"><img fetchpriority=\"high\" decoding=\"async\" class=\"wp-image-4500 size-medium\" style=\"font-weight: inherit;\" src=\"https:\/\/ua-protector.com\/wp-content\/uploads\/2025\/04\/85-20-1-300x300.jpg\" alt=\"Fl\u00fcssigkristall-Voltmeter\u00a0\" width=\"300\" height=\"300\" srcset=\"https:\/\/ua-protector.com\/wp-content\/uploads\/2025\/04\/85-20-1-300x300.jpg 300w, https:\/\/ua-protector.com\/wp-content\/uploads\/2025\/04\/85-20-1-100x100.jpg 100w, https:\/\/ua-protector.com\/wp-content\/uploads\/2025\/04\/85-20-1-600x600.jpg 600w, https:\/\/ua-protector.com\/wp-content\/uploads\/2025\/04\/85-20-1-150x150.jpg 150w, https:\/\/ua-protector.com\/wp-content\/uploads\/2025\/04\/85-20-1-768x768.jpg 768w, https:\/\/ua-protector.com\/wp-content\/uploads\/2025\/04\/85-20-1.jpg 800w\" sizes=\"(max-width: 300px) 100vw, 300px\" \/><\/a><figcaption id=\"caption-attachment-4500\" class=\"wp-caption-text\">Fl\u00fcssigkristall-Voltmeter<\/figcaption><\/figure>\n<p><a href=\"https:\/\/ua-protector.com\/de\">Fl\u00fcssigkristall-Voltmeter\u00a0 <\/a>D85-20 <span style=\"font-size: 16px;\">D69-20, D91-20 Serie ist ein kleines Volumen von wirtschaftlichen digitalen elektrischen Messger\u00e4t, vor allem f\u00fcr die Echtzeit-Messung von Wechselspannung, Gleichspannung oder Wechselstrom, Gleichstrom in der elektrischen Schaltung verwendet, und mit LED-Digital-R\u00f6hre oder LCD-Fl\u00fcssigkristall in <\/span><\/p>\n<p><span style=\"font-size: 16px;\">digitaler Direktlesemodus. Es ist weit verbreitet in Umspannwerk Automatisierung, Verteilung Automatisierung, Pr\u00fcfger\u00e4te, Generatoren, und so weiter verwendet. Das Produkt hat die Vorteile der hohen Pr\u00e4zision, hohe Stabilit\u00e4t, hohe Zuverl\u00e4ssigkeit, geringer Stromverbrauch, geringe Gr\u00f6\u00dfe, einfache Installation, und LCD hat die Vorteile der klaren bac<\/span><span style=\"font-size: 16px;\">klight-Display, etc., die ein ideales Produkt, um verschiedene Zeiger elektrische Messger\u00e4te zu ersetzen ist.<\/span><\/p>\n<p>Fl\u00fcssigkristall-Voltmeter,Fl\u00fcssigkristall-Amperemeter,Voltmeter f\u00fcr Ger\u00e4te, Einphasen-Voltmeter,\u00a0 <a href=\"https:\/\/elejg.com\/\" target=\"_blank\" rel=\"noopener\">D85-20Voltmeter<\/a> D85-2040,D91-20<\/p>\n<p>&nbsp;<\/p>\n<p>&nbsp;<\/p>\n<p>&nbsp;<\/p>\n<h1>\u00a0Spezifikation<\/h1>\n<hr \/>\n<table style=\"border-collapse: collapse; width: 249.03pt;\" border=\"0\" width=\"332\" cellspacing=\"0\" cellpadding=\"0\">\n<tbody>\n<tr style=\"height: 13.50pt;\">\n<td class=\"et2\" style=\"height: 13.50pt; width: 159.40pt;\" width=\"212\" height=\"18\">Typ<\/td>\n<td class=\"et3\" style=\"width: 89.95pt;\" width=\"119\">Messbereich<\/td>\n<\/tr>\n<tr style=\"height: 13.50pt;\">\n<td class=\"et4\" style=\"height: 13.50pt;\" height=\"18\">D85-20 Voltmeter<\/td>\n<td class=\"et5\">AC100~450V<\/td>\n<\/tr>\n<tr style=\"height: 13.50pt;\">\n<td class=\"et4\" style=\"height: 13.50pt;\" height=\"18\">D69-20 Voltmeter<\/td>\n<td class=\"et5\">AC100~450V<\/td>\n<\/tr>\n<tr style=\"height: 13.50pt;\">\n<td class=\"et6\" style=\"height: 13.50pt;\" height=\"18\">D91-20 Voltmeter<\/td>\n<td class=\"et5\">AC100~450V<\/td>\n<\/tr>\n<tr style=\"height: 13.50pt;\">\n<td class=\"et7\" style=\"height: 27.00pt; width: 159.40pt;\" rowspan=\"2\" width=\"212\" height=\"36\">D85-2040 Voltmeter und Amperemeter<\/td>\n<td class=\"et5\">AC100~450V<\/td>\n<\/tr>\n<tr style=\"height: 13.50pt;\">\n<td class=\"et5\">1~100A<\/td>\n<\/tr>\n<\/tbody>\n<\/table>\n<h2><\/h2>\n<h2>Fl\u00fcssigkristall-Voltmeter von <strong>Gr\u00f6\u00dfe<\/strong><\/h2>\n<p>&nbsp;<\/p>\n<figure id=\"attachment_6618\" aria-describedby=\"caption-attachment-6618\" style=\"width: 600px\" class=\"wp-caption alignnone\"><img decoding=\"async\" class=\"wp-image-6618 size-full\" src=\"https:\/\/ua-protector.com\/wp-content\/uploads\/2025\/04\/D69-20\u5916\u5f62\u5c3a\u5bf8.jpg\" alt=\"D69-20 Spannungsmesser AC80-500V \" width=\"600\" height=\"405\" srcset=\"https:\/\/ua-protector.com\/wp-content\/uploads\/2025\/04\/D69-20\u5916\u5f62\u5c3a\u5bf8.jpg 600w, https:\/\/ua-protector.com\/wp-content\/uploads\/2025\/04\/D69-20\u5916\u5f62\u5c3a\u5bf8-300x203.jpg 300w, https:\/\/ua-protector.com\/wp-content\/uploads\/2025\/04\/D69-20\u5916\u5f62\u5c3a\u5bf8-18x12.jpg 18w\" sizes=\"(max-width: 600px) 100vw, 600px\" \/><figcaption id=\"caption-attachment-6618\" class=\"wp-caption-text\">D69-20 Spannungsmesser AC80-500V<\/figcaption><\/figure>\n<p>&nbsp;<\/p>\n<figure id=\"attachment_6619\" aria-describedby=\"caption-attachment-6619\" style=\"width: 600px\" class=\"wp-caption alignnone\"><img decoding=\"async\" class=\"wp-image-6619 size-full\" src=\"https:\/\/ua-protector.com\/wp-content\/uploads\/2025\/04\/D85-20\u5916\u5f62\u5c3a\u5bf8-2.jpg\" alt=\"D85-20 Spannungsmesser AC80-500V \" width=\"600\" height=\"406\" srcset=\"https:\/\/ua-protector.com\/wp-content\/uploads\/2025\/04\/D85-20\u5916\u5f62\u5c3a\u5bf8-2.jpg 600w, https:\/\/ua-protector.com\/wp-content\/uploads\/2025\/04\/D85-20\u5916\u5f62\u5c3a\u5bf8-2-300x203.jpg 300w, https:\/\/ua-protector.com\/wp-content\/uploads\/2025\/04\/D85-20\u5916\u5f62\u5c3a\u5bf8-2-18x12.jpg 18w\" sizes=\"(max-width: 600px) 100vw, 600px\" \/><figcaption id=\"caption-attachment-6619\" class=\"wp-caption-text\">D85-20 Spannungsmesser AC80-500V<\/figcaption><\/figure>\n<p>&nbsp;<\/p>\n<p>&nbsp;<\/p>\n<figure id=\"attachment_6620\" aria-describedby=\"caption-attachment-6620\" style=\"width: 600px\" class=\"wp-caption alignnone\"><img loading=\"lazy\" decoding=\"async\" class=\"wp-image-6620 size-full\" src=\"https:\/\/ua-protector.com\/wp-content\/uploads\/2025\/04\/D85-202-\u5916\u5f62\u5c3a\u5bf8.jpg\" alt=\"D85-2020 Doppelter Spannungsmesser AC80-500V\" width=\"600\" height=\"405\" srcset=\"https:\/\/ua-protector.com\/wp-content\/uploads\/2025\/04\/D85-202-\u5916\u5f62\u5c3a\u5bf8.jpg 600w, https:\/\/ua-protector.com\/wp-content\/uploads\/2025\/04\/D85-202-\u5916\u5f62\u5c3a\u5bf8-300x203.jpg 300w, https:\/\/ua-protector.com\/wp-content\/uploads\/2025\/04\/D85-202-\u5916\u5f62\u5c3a\u5bf8-18x12.jpg 18w\" sizes=\"(max-width: 600px) 100vw, 600px\" \/><figcaption id=\"caption-attachment-6620\" class=\"wp-caption-text\">D85-2020 Doppelter Spannungsmesser AC80-500V<\/figcaption><\/figure>\n<figure id=\"attachment_6621\" aria-describedby=\"caption-attachment-6621\" style=\"width: 600px\" class=\"wp-caption alignnone\"><img loading=\"lazy\" decoding=\"async\" class=\"wp-image-6621 size-full\" src=\"https:\/\/ua-protector.com\/wp-content\/uploads\/2025\/04\/D85-2040\u5916\u5f62\u5c3a\u5bf8.jpg\" alt=\"D85-2040 Strom- und Spannungsmesser AC80-500V\uff0c1-100A \" width=\"600\" height=\"420\" srcset=\"https:\/\/ua-protector.com\/wp-content\/uploads\/2025\/04\/D85-2040\u5916\u5f62\u5c3a\u5bf8.jpg 600w, https:\/\/ua-protector.com\/wp-content\/uploads\/2025\/04\/D85-2040\u5916\u5f62\u5c3a\u5bf8-300x210.jpg 300w, https:\/\/ua-protector.com\/wp-content\/uploads\/2025\/04\/D85-2040\u5916\u5f62\u5c3a\u5bf8-18x12.jpg 18w\" sizes=\"(max-width: 600px) 100vw, 600px\" \/><figcaption id=\"caption-attachment-6621\" class=\"wp-caption-text\">D85-2040 Strom- und Spannungsmesser AC80-500V\uff0c1-100A<\/figcaption><\/figure>\n<figure id=\"attachment_6622\" aria-describedby=\"caption-attachment-6622\" style=\"width: 600px\" class=\"wp-caption alignnone\"><img loading=\"lazy\" decoding=\"async\" class=\"wp-image-6622 size-full\" src=\"https:\/\/ua-protector.com\/wp-content\/uploads\/2025\/04\/D91-20\u5916\u5f62\u5c3a\u5bf8.jpg\" alt=\"D91-20 Spannungsmesser AC80-500V \" width=\"600\" height=\"288\" srcset=\"https:\/\/ua-protector.com\/wp-content\/uploads\/2025\/04\/D91-20\u5916\u5f62\u5c3a\u5bf8.jpg 600w, https:\/\/ua-protector.com\/wp-content\/uploads\/2025\/04\/D91-20\u5916\u5f62\u5c3a\u5bf8-300x144.jpg 300w, https:\/\/ua-protector.com\/wp-content\/uploads\/2025\/04\/D91-20\u5916\u5f62\u5c3a\u5bf8-18x9.jpg 18w\" sizes=\"(max-width: 600px) 100vw, 600px\" \/><figcaption id=\"caption-attachment-6622\" class=\"wp-caption-text\">D91-20 Spannungsmesser AC80-500V<\/figcaption><\/figure>\n<p><img loading=\"lazy\" decoding=\"async\" class=\"wp-image-6145 size-full\" src=\"https:\/\/ua-protector.com\/wp-content\/uploads\/2025\/04\/D85-20\u5916\u5f62\u5c3a\u5bf8-1.jpg\" alt=\"\" width=\"600\" height=\"456\" srcset=\"https:\/\/ua-protector.com\/wp-content\/uploads\/2025\/04\/D85-20\u5916\u5f62\u5c3a\u5bf8-1.jpg 600w, https:\/\/ua-protector.com\/wp-content\/uploads\/2025\/04\/D85-20\u5916\u5f62\u5c3a\u5bf8-1-300x228.jpg 300w, https:\/\/ua-protector.com\/wp-content\/uploads\/2025\/04\/D85-20\u5916\u5f62\u5c3a\u5bf8-1-16x12.jpg 16w\" sizes=\"(max-width: 600px) 100vw, 600px\" \/><\/p>\n<p>D85-20 Einbaulochgr\u00f6\u00dfe\uff1a68\u00d738mm<\/p>\n<hr \/>\n<h1 class=\"elementor-heading-title elementor-size-default\"><span style=\"color: #0000ff;\">Kontaktieren Sie uns jetzt, kostenlose Muster sind verf\u00fcgbar<\/span><\/h1>\n<p>Wenn Sie mehr \u00fcber unsere Produkte und Dienstleistungen erfahren m\u00f6chten, erhalten Sie eine Antwort von einem Elektrofachmann. Wir freuen uns darauf, Sie zu unterst\u00fctzen.<\/p>\n<p>Mob\/WhatsApp\/WeChat\/Wang: +86 18958900126<br \/>\nGesch\u00e4ftliche E-Mail\uff1a<strong>sales@tokeep.net<br \/>\n<\/strong>Technologie E-Mail:\u00a0<strong>tokeepcc@gmail.com<\/strong><strong><br \/>\n<\/strong>Pers\u00f6nliche E-Mail:<strong>\u00a0wxj7607@126.com<\/strong><\/p>\n<p><img loading=\"lazy\" decoding=\"async\" class=\"alignnone wp-image-5833 size-full\" src=\"https:\/\/ua-protector.com\/wp-content\/uploads\/2025\/04\/whateapp-1.jpg\" sizes=\"(max-width: 573px) 100vw, 573px\" srcset=\"https:\/\/ua-protector.com\/wp-content\/uploads\/2025\/04\/whateapp-1.jpg 573w, https:\/\/ua-protector.com\/wp-content\/uploads\/2025\/04\/whateapp-1-300x169.jpg 300w, https:\/\/ua-protector.com\/wp-content\/uploads\/2025\/04\/whateapp-1-18x10.jpg 18w\" alt=\"\" width=\"573\" height=\"322\" \/><\/p>","protected":false},"excerpt":{"rendered":"<p><a href=\"https:\/\/ua-protector.com\/de\">Fl\u00fcssigkristall-Voltmeter\u00a0 <\/a>D85-20 , D69-20, D91-20 Serie ist ein kleines Volumen von wirtschaftlichen digitalen elektrischen Messger\u00e4t, vor allem f\u00fcr die Echtzeit-Messung von Wechselspannung, Gleichspannung oder Wechselstrom, Gleichstrom in der elektrischen Schaltung, und mit LED-Digital-R\u00f6hre oder LCD-Fl\u00fcssigkristall in der digitalen Direktanzeige-Modus verwendet. Es ist weit verbreitet in der Umspannwerk-Automatisierung, Verteilung Automatisierung, Pr\u00fcfger\u00e4te, Generatoren, und so weiter verwendet. Das Produkt hat die Vorteile der hohen Pr\u00e4zision, hohe Stabilit\u00e4t, hohe Zuverl\u00e4ssigkeit, geringer Stromverbrauch, geringe Gr\u00f6\u00dfe, einfache Installation, und LCD hat die Vorteile der klaren Hintergrundbeleuchtung Display, etc., die ein ideales Produkt, um verschiedene Zeiger elektrische Messger\u00e4te zu ersetzen ist.<\/p>","protected":false},"featured_media":4500,"template":"","meta":{"_acf_changed":false,"site-sidebar-layout":"default","site-content-layout":"","ast-site-content-layout":"default","site-content-style":"default","site-sidebar-style":"default","ast-global-header-display":"","ast-banner-title-visibility":"","ast-main-header-display":"","ast-hfb-above-header-display":"","ast-hfb-below-header-display":"","ast-hfb-mobile-header-display":"","site-post-title":"","ast-breadcrumbs-content":"","ast-featured-img":"","footer-sml-layout":"","theme-transparent-header-meta":"default","adv-header-id-meta":"","stick-header-meta":"","header-above-stick-meta":"","header-main-stick-meta":"","header-below-stick-meta":"","astra-migrate-meta-layouts":"set","ast-page-background-enabled":"default","ast-page-background-meta":{"desktop":{"background-color":"","background-image":"","background-repeat":"repeat","background-position":"center center","background-size":"auto","background-attachment":"scroll","background-type":"","background-media":"","overlay-type":"","overlay-color":"","overlay-opacity":"","overlay-gradient":""},"tablet":{"background-color":"","background-image":"","background-repeat":"repeat","background-position":"center center","background-size":"auto","background-attachment":"scroll","background-type":"","background-media":"","overlay-type":"","overlay-color":"","overlay-opacity":"","overlay-gradient":""},"mobile":{"background-color":"","background-image":"","background-repeat":"repeat","background-position":"center center","background-size":"auto","background-attachment":"scroll","background-type":"","background-media":"","overlay-type":"","overlay-color":"","overlay-opacity":"","overlay-gradient":""}},"ast-content-background-meta":{"desktop":{"background-color":"var(--ast-global-color-5)","background-image":"","background-repeat":"repeat","background-position":"center center","background-size":"auto","background-attachment":"scroll","background-type":"","background-media":"","overlay-type":"","overlay-color":"","overlay-opacity":"","overlay-gradient":""},"tablet":{"background-color":"var(--ast-global-color-5)","background-image":"","background-repeat":"repeat","background-position":"center center","background-size":"auto","background-attachment":"scroll","background-type":"","background-media":"","overlay-type":"","overlay-color":"","overlay-opacity":"","overlay-gradient":""},"mobile":{"background-color":"var(--ast-global-color-5)","background-image":"","background-repeat":"repeat","background-position":"center center","background-size":"auto","background-attachment":"scroll","background-type":"","background-media":"","overlay-type":"","overlay-color":"","overlay-opacity":"","overlay-gradient":""}}},"product_brand":[],"product_cat":[69,70,55],"product_tag":[114,111,112,113],"class_list":{"0":"post-4434","1":"product","2":"type-product","3":"status-publish","4":"has-post-thumbnail","6":"product_cat-small-voltmeter","7":"product_cat-small-ammeter","8":"product_cat-meter","9":"product_tag-d69-20-voltmeter","10":"product_tag-d85-20-voltmeter","11":"product_tag-d85-2020-voltmeter","12":"product_tag-d85-2040-voltmeter","13":"desktop-align-center","14":"tablet-align-left","15":"mobile-align-left","17":"first","18":"instock","19":"featured","20":"shipping-taxable","21":"product-type-simple"},"acf":[],"_links":{"self":[{"href":"https:\/\/ua-protector.com\/de\/wp-json\/wp\/v2\/product\/4434","targetHints":{"allow":["GET"]}}],"collection":[{"href":"https:\/\/ua-protector.com\/de\/wp-json\/wp\/v2\/product"}],"about":[{"href":"https:\/\/ua-protector.com\/de\/wp-json\/wp\/v2\/types\/product"}],"version-history":[{"count":14,"href":"https:\/\/ua-protector.com\/de\/wp-json\/wp\/v2\/product\/4434\/revisions"}],"predecessor-version":[{"id":6687,"href":"https:\/\/ua-protector.com\/de\/wp-json\/wp\/v2\/product\/4434\/revisions\/6687"}],"wp:featuredmedia":[{"embeddable":true,"href":"https:\/\/ua-protector.com\/de\/wp-json\/wp\/v2\/media\/4500"}],"wp:attachment":[{"href":"https:\/\/ua-protector.com\/de\/wp-json\/wp\/v2\/media?parent=4434"}],"wp:term":[{"taxonomy":"product_brand","embeddable":true,"href":"https:\/\/ua-protector.com\/de\/wp-json\/wp\/v2\/product_brand?post=4434"},{"taxonomy":"product_cat","embeddable":true,"href":"https:\/\/ua-protector.com\/de\/wp-json\/wp\/v2\/product_cat?post=4434"},{"taxonomy":"product_tag","embeddable":true,"href":"https:\/\/ua-protector.com\/de\/wp-json\/wp\/v2\/product_tag?post=4434"}],"curies":[{"name":"wp","href":"https:\/\/api.w.org\/{rel}","templated":true}]}}