{"id":4433,"date":"2025-04-27T02:23:54","date_gmt":"2025-04-27T02:23:54","guid":{"rendered":"https:\/\/ua-protector.com\/?post_type=product&#038;p=4433"},"modified":"2025-08-06T01:03:56","modified_gmt":"2025-08-06T08:03:56","slug":"3-phase-4-wire-current-limiting-protector","status":"publish","type":"product","link":"https:\/\/ua-protector.com\/de\/produkt\/beschutzer\/feuerfester-strombegrenzungsschutzschalter\/3-phasen-4-leiter-strombegrenzungsschutzschalter\/","title":{"rendered":"3-Phasen-4-Leiter-Strombegrenzungsschalter JGFH-125JS"},"content":{"rendered":"<h3>Produkt-Einf\u00fchrung<\/h3>\n<hr \/>\n<figure id=\"attachment_4499\" aria-describedby=\"caption-attachment-4499\" style=\"width: 300px\" class=\"wp-caption alignleft\"><img fetchpriority=\"high\" decoding=\"async\" class=\"wp-image-4499 size-medium\" src=\"https:\/\/ua-protector.com\/wp-content\/uploads\/2025\/04\/JGFH-250js-0-300x300.jpg\" alt=\"3-Phasen-4-Leiter-Strombegrenzungsschutzschalter \" width=\"300\" height=\"300\" srcset=\"https:\/\/ua-protector.com\/wp-content\/uploads\/2025\/04\/JGFH-250js-0-300x300.jpg 300w, https:\/\/ua-protector.com\/wp-content\/uploads\/2025\/04\/JGFH-250js-0-100x100.jpg 100w, https:\/\/ua-protector.com\/wp-content\/uploads\/2025\/04\/JGFH-250js-0-600x600.jpg 600w, https:\/\/ua-protector.com\/wp-content\/uploads\/2025\/04\/JGFH-250js-0-150x150.jpg 150w, https:\/\/ua-protector.com\/wp-content\/uploads\/2025\/04\/JGFH-250js-0-768x768.jpg 768w, https:\/\/ua-protector.com\/wp-content\/uploads\/2025\/04\/JGFH-250js-0.jpg 800w\" sizes=\"(max-width: 300px) 100vw, 300px\" \/><figcaption id=\"caption-attachment-4499\" class=\"wp-caption-text\">3-Phasen-4-Leiter-Strombegrenzungsschutzschalter<\/figcaption><\/figure>\n<p><a href=\"https:\/\/ua-protector.com\/de\/protectors\/\">3-Phasen-4-Leiter-Strombegrenzungsschutzschalter<\/a>\u00a0JGFH-125JS ist ein umfassendes Schutzger\u00e4t mit einer Vielzahl von Schutzfunktionen wie \u00dcberspannung, Unterspannung, \u00dcberstrom, Leckage, Phasenausfall und Nullpunktabweichung. Das Produkt ist modular, intelligent, visualisiert usw. und unterst\u00fctzt das Standard-Kommunikationsprotokoll Modbus485 sowie alle Schutzparameter wie <a href=\"https:\/\/elejg.com\/\" target=\"_blank\" rel=\"noopener\">\u00dcberspannung<\/a>Der Unterspannungs- und \u00dcberstromschutz kann entsprechend dem Leistungsbedarf eingestellt werden, um sicherzustellen, dass \u00dcberspannung, Unterspannung, \u00dcberstrom, Leckstrom, Kurzschluss, Phasenverlust usw. in der Leitung auftreten. Im Falle eines Fehlers, z. B. eines Nullpunkts, kann der Schutzschalter die Stromversorgung sofort unterbrechen, um die elektrischen Ger\u00e4te vor Sch\u00e4den zu sch\u00fctzen.<\/p>\n<h3>Arbeitsbedingungen<\/h3>\n<hr \/>\n<p>1. Die erste normale Einschaltverz\u00f6gerung betr\u00e4gt 20 Sekunden und schlie\u00dft sich automatisch. Im Falle von \u00dcberspannung, Unterspannung, \u00dcberstrom und Leckage beim ersten Einschalten wird das Produkt automatisch innerhalb von 3 Sekunden abgeschaltet;<\/p>\n<p>2. Die Umgebungstemperatur betr\u00e4gt nicht mehr als +40 \u00b0C, nicht weniger als -5 \u00b0C, und die Durchschnittstemperatur \u00fcber 24 Stunden betr\u00e4gt nicht mehr als +35 \u00b0C; bei +40 \u00b0C betr\u00e4gt die Luftfeuchtigkeit der Umgebung nicht mehr als 50%.<\/p>\n<p>3. Die H\u00f6he des Meeresspiegels am Aufstellungsort darf 2000 Meter nicht \u00fcberschreiten.<\/p>\n<p>4. Verschmutzungsgrad III.<\/p>\n<p>5. In der Installationsumgebung gibt es kein explosionsgef\u00e4hrdetes Medium, kein korrosives und isolierendes Gas und keinen leitenden Staub, und es gibt keinen Regen und Schnee.<\/p>\n<h3><span data-slate-fragment=\"JTVCJTdCJTIydHlwZSUyMiUzQSUyMnBhcmFncmFwaCUyMiUyQyUyMmNoaWxkcmVuJTIyJTNBJTVCJTdCJTIyaWQlMjIlM0ElMjJCNEE1NjMyMWplJTIyJTJDJTIycGFyYUlkeCUyMiUzQTAlMkMlMjJzcmMlMjIlM0ElMjIzcGhhc2UlMjA0d2lyZSUyMGN1cnJlbnQlMjBsaW1pdGluZyUyMHByb3RlY3RvciUyMEpHRkgtMTI1SlMlQzIlQTBvZiUyMGFyYW1ldGVycyUyMiUyQyUyMmRzdCUyMiUzQSUyMiVFNCVCOCU4OSVFNyU5QiVCOCVFNSU5QiU5QiVFNyVCQSVCRiVFOSU5OSU5MCVFNiVCNSU4MSVFNCVCRiU5RCVFNiU4QSVBNCVFNSU5OSVBOEpHRkgtMTI1SlMlRTUlOEYlODIlRTYlOTUlQjAlMjIlMkMlMjJtZXRhZGF0YSUyMiUzQSUyMiUyMiUyQyUyMm1hdGNoZXMlMjIlM0FudWxsJTJDJTIybWV0YURhdGElMjIlM0ElNUIlNUQlMkMlMjJ0ZXh0JTIyJTNBJTIyM3BoYXNlJTIwNHdpcmUlMjBjdXJyZW50JTIwbGltaXRpbmclMjBwcm90ZWN0b3IlMjBKR0ZILTEyNUpTJUMyJUEwb2YlMjBhcmFtZXRlcnMlMjIlN0QlNUQlN0QlNUQ=\">3-Phasen-4-Leiter-Strombegrenzungsschalter JGFH-125JS von arameters<\/span><\/h3>\n<hr \/>\n<p>a. 1 Mal kann die Aktionszeit von 1 bis 120 Sekunden eingestellt werden, die Standardeinstellung ist 5 Sekunden;<\/p>\n<p>b. Das 1,1-fache der Aktionszeit ist weniger als 0,1 Sekunden;<\/p>\n<p>c. Der \u00dcberspannungsschutzwert AC265V ist im Bereich von 210-300V eingestellt,<\/p>\n<p>Die Aktionszeit betr\u00e4gt 0,1 Sekunden, und der Einstellbereich: 0,1-10 Sekunden;<\/p>\n<p>d. Der Unterspannungsschutzwert AC170V ist auf 120-200V eingestellt,<\/p>\n<p>Die Aktionszeit betr\u00e4gt 0,1 Sekunden, und der Einstellbereich: 0,1-10 Sekunden;<\/p>\n<p>e. Der Standardwert der dreiphasigen Unsymmetrie ist P000, d. h. der geschlossene Zustand;<\/p>\n<p>f. \u00dcberstrom-Einstellbereich<\/p>\n<p>Typ JGFH-125JS\/125: 32 bis 125A<\/p>\n<p>Modell JGFH-250JS\/250: 100 bis 250A<\/p>\n<p>Modell JGFH-400JS\/400: 160 bis 400A<\/p>\n<p>g. Der Einstellbereich des Fehlerstromschutzwertes: 1 bis 1000mA, die Voreinstellung ist 75mA, und die Ausl\u00f6sezeit betr\u00e4gt weniger als 0,1 Sekunden<\/p>\n<h3>Hilfsschaltplan und \u00e4u\u00dfere Abmessungen<\/h3>\n<hr \/>\n<p>&nbsp;<\/p>\n<p>&nbsp;<\/p>\n<hr \/>\n<h1 class=\"elementor-heading-title elementor-size-default\"><span style=\"color: #0000ff;\">Kontaktieren Sie uns jetzt, kostenlose Muster sind verf\u00fcgbar<\/span><\/h1>\n<p>Wenn Sie mehr \u00fcber unsere Produkte und Dienstleistungen erfahren m\u00f6chten, erhalten Sie eine Antwort von einem Elektrofachmann. Wir freuen uns darauf, Sie zu unterst\u00fctzen.<\/p>\n<p>Mob\/WhatsApp\/Wang: +86 18958900126<br \/>\nGesch\u00e4ftliche E-Mail\uff1a<strong>sales@tokeep.net<br \/>\n<\/strong>Technologie E-Mail:\u00a0<strong>tokeepcc@gmail.com<\/strong><strong><br \/>\n<\/strong>Pers\u00f6nliche E-Mail:<strong>\u00a0wxj7607@126.com<\/strong><\/p>\n<p><img decoding=\"async\" class=\"alignnone wp-image-5833 size-full\" src=\"https:\/\/ua-protector.com\/wp-content\/uploads\/2025\/04\/whateapp-1.jpg\" sizes=\"(max-width: 573px) 100vw, 573px\" srcset=\"https:\/\/ua-protector.com\/wp-content\/uploads\/2025\/04\/whateapp-1.jpg 573w, https:\/\/ua-protector.com\/wp-content\/uploads\/2025\/04\/whateapp-1-300x169.jpg 300w, https:\/\/ua-protector.com\/wp-content\/uploads\/2025\/04\/whateapp-1-18x10.jpg 18w\" alt=\"\" width=\"573\" height=\"322\" \/><\/p>","protected":false},"excerpt":{"rendered":"<p><a href=\"https:\/\/ua-protector.com\/de\/protectors\/\">3-Phasen-4-Leiter-Strombegrenzungsschutzschalter<\/a>\u00a0JGFH-125JS ist ein umfassendes Schutzger\u00e4t mit einer Vielzahl von Schutzfunktionen wie \u00dcberspannung, Unterspannung, \u00dcberstrom, Leckage, Phasenausfall und Nullpunktabweichung. Das Produkt ist modular, intelligent, visualisiert usw. und unterst\u00fctzt das Standard-Kommunikationsprotokoll Modbus485 sowie alle Schutzparameter wie <a href=\"https:\/\/elejg.com\/\">\u00dcberspannung<\/a><\/p>","protected":false},"featured_media":4495,"template":"","meta":{"_acf_changed":false,"site-sidebar-layout":"default","site-content-layout":"","ast-site-content-layout":"default","site-content-style":"default","site-sidebar-style":"default","ast-global-header-display":"","ast-banner-title-visibility":"","ast-main-header-display":"","ast-hfb-above-header-display":"","ast-hfb-below-header-display":"","ast-hfb-mobile-header-display":"","site-post-title":"","ast-breadcrumbs-content":"","ast-featured-img":"","footer-sml-layout":"","theme-transparent-header-meta":"default","adv-header-id-meta":"","stick-header-meta":"","header-above-stick-meta":"","header-main-stick-meta":"","header-below-stick-meta":"","astra-migrate-meta-layouts":"set","ast-page-background-enabled":"default","ast-page-background-meta":{"desktop":{"background-color":"","background-image":"","background-repeat":"repeat","background-position":"center center","background-size":"auto","background-attachment":"scroll","background-type":"","background-media":"","overlay-type":"","overlay-color":"","overlay-opacity":"","overlay-gradient":""},"tablet":{"background-color":"","background-image":"","background-repeat":"repeat","background-position":"center center","background-size":"auto","background-attachment":"scroll","background-type":"","background-media":"","overlay-type":"","overlay-color":"","overlay-opacity":"","overlay-gradient":""},"mobile":{"background-color":"","background-image":"","background-repeat":"repeat","background-position":"center center","background-size":"auto","background-attachment":"scroll","background-type":"","background-media":"","overlay-type":"","overlay-color":"","overlay-opacity":"","overlay-gradient":""}},"ast-content-background-meta":{"desktop":{"background-color":"var(--ast-global-color-5)","background-image":"","background-repeat":"repeat","background-position":"center center","background-size":"auto","background-attachment":"scroll","background-type":"","background-media":"","overlay-type":"","overlay-color":"","overlay-opacity":"","overlay-gradient":""},"tablet":{"background-color":"var(--ast-global-color-5)","background-image":"","background-repeat":"repeat","background-position":"center center","background-size":"auto","background-attachment":"scroll","background-type":"","background-media":"","overlay-type":"","overlay-color":"","overlay-opacity":"","overlay-gradient":""},"mobile":{"background-color":"var(--ast-global-color-5)","background-image":"","background-repeat":"repeat","background-position":"center center","background-size":"auto","background-attachment":"scroll","background-type":"","background-media":"","overlay-type":"","overlay-color":"","overlay-opacity":"","overlay-gradient":""}}},"product_brand":[],"product_cat":[65,56,64,61,62,69],"product_tag":[],"class_list":{"0":"post-4433","1":"product","2":"type-product","3":"status-publish","4":"has-post-thumbnail","6":"product_cat-fireproof-current-limiting-protector","7":"product_cat-protector","8":"product_cat-smart-meter","9":"product_cat-switch","10":"product_cat-voltage-protector","11":"product_cat-small-voltmeter","12":"desktop-align-center","13":"tablet-align-left","14":"mobile-align-left","16":"first","17":"instock","18":"featured","19":"shipping-taxable","20":"product-type-simple"},"acf":[],"_links":{"self":[{"href":"https:\/\/ua-protector.com\/de\/wp-json\/wp\/v2\/product\/4433","targetHints":{"allow":["GET"]}}],"collection":[{"href":"https:\/\/ua-protector.com\/de\/wp-json\/wp\/v2\/product"}],"about":[{"href":"https:\/\/ua-protector.com\/de\/wp-json\/wp\/v2\/types\/product"}],"version-history":[{"count":11,"href":"https:\/\/ua-protector.com\/de\/wp-json\/wp\/v2\/product\/4433\/revisions"}],"predecessor-version":[{"id":6689,"href":"https:\/\/ua-protector.com\/de\/wp-json\/wp\/v2\/product\/4433\/revisions\/6689"}],"wp:featuredmedia":[{"embeddable":true,"href":"https:\/\/ua-protector.com\/de\/wp-json\/wp\/v2\/media\/4495"}],"wp:attachment":[{"href":"https:\/\/ua-protector.com\/de\/wp-json\/wp\/v2\/media?parent=4433"}],"wp:term":[{"taxonomy":"product_brand","embeddable":true,"href":"https:\/\/ua-protector.com\/de\/wp-json\/wp\/v2\/product_brand?post=4433"},{"taxonomy":"product_cat","embeddable":true,"href":"https:\/\/ua-protector.com\/de\/wp-json\/wp\/v2\/product_cat?post=4433"},{"taxonomy":"product_tag","embeddable":true,"href":"https:\/\/ua-protector.com\/de\/wp-json\/wp\/v2\/product_tag?post=4433"}],"curies":[{"name":"wp","href":"https:\/\/api.w.org\/{rel}","templated":true}]}}