{"id":4432,"date":"2025-04-27T02:23:54","date_gmt":"2025-04-27T02:23:54","guid":{"rendered":"https:\/\/ua-protector.com\/?post_type=product&#038;p=4432"},"modified":"2025-08-06T01:26:43","modified_gmt":"2025-08-06T08:26:43","slug":"current-limiting-fire-alarm-protector","status":"publish","type":"product","link":"https:\/\/ua-protector.com\/de\/produkt\/beschutzer\/feuerfester-strombegrenzungsschutzschalter\/strombegrenzender-brandmeldeschutzschalter\/","title":{"rendered":"Strombegrenzender Feueralarmschutzschalter FHXL-63"},"content":{"rendered":"<h3><strong>\u00a0Einf\u00fchrung<\/strong><\/h3>\n<hr \/>\n<figure id=\"attachment_4494\" aria-describedby=\"caption-attachment-4494\" style=\"width: 300px\" class=\"wp-caption alignleft\"><img fetchpriority=\"high\" decoding=\"async\" class=\"wp-image-4494 size-medium\" src=\"https:\/\/ua-protector.com\/wp-content\/uploads\/2025\/04\/FHXL-63-1-300x300.jpg\" alt=\"strombegrenzender Brandmeldeschutzschalter\" width=\"300\" height=\"300\" srcset=\"https:\/\/ua-protector.com\/wp-content\/uploads\/2025\/04\/FHXL-63-1-300x300.jpg 300w, https:\/\/ua-protector.com\/wp-content\/uploads\/2025\/04\/FHXL-63-1-100x100.jpg 100w, https:\/\/ua-protector.com\/wp-content\/uploads\/2025\/04\/FHXL-63-1-600x600.jpg 600w, https:\/\/ua-protector.com\/wp-content\/uploads\/2025\/04\/FHXL-63-1-150x150.jpg 150w, https:\/\/ua-protector.com\/wp-content\/uploads\/2025\/04\/FHXL-63-1-768x768.jpg 768w, https:\/\/ua-protector.com\/wp-content\/uploads\/2025\/04\/FHXL-63-1.jpg 800w\" sizes=\"(max-width: 300px) 100vw, 300px\" \/><figcaption id=\"caption-attachment-4494\" class=\"wp-caption-text\">strombegrenzender Brandmeldeschutzschalter<\/figcaption><\/figure>\n<p>Die Serie FHXL-63 ist die <a href=\"https:\/\/ua-protector.com\/de\/produkt-kategorie\/produkt\/beschutzer\/feuerfester-strombegrenzungsschutzschalter\/\">strombegrenzender Brandmeldeschutzschalter<\/a>\uff08<span data-slate-fragment=\"JTVCJTdCJTIydHlwZSUyMiUzQSUyMnBhcmFncmFwaCUyMiUyQyUyMmNoaWxkcmVuJTIyJTNBJTVCJTdCJTIyaWQlMjIlM0ElMjJWa0RLV2puUFd6JTIyJTJDJTIycGFyYUlkeCUyMiUzQTAlMkMlMjJzcmMlMjIlM0ElMjJjdXJyZW50JTIwbGltaXRpbmclMjBwcm90ZWN0b3IlMjIlMkMlMjJkc3QlMjIlM0ElMjIlRTklOTklOTAlRTYlQjUlODElRTQlQkYlOUQlRTYlOEElQTQlRTUlOTklQTglMjIlMkMlMjJtZXRhZGF0YSUyMiUzQSUyMiUyMiUyQyUyMm1hdGNoZXMlMjIlM0FudWxsJTJDJTIybWV0YURhdGElMjIlM0ElNUIlNUQlMkMlMjJ0ZXh0JTIyJTNBJTIyY3VycmVudCUyMGxpbWl0aW5nJTIwcHJvdGVjdG9yJTIyJTdEJTVEJTdEJTVE\">Strombegrenzungsschutzeinrichtung\uff09<\/span>Es handelt sich um ein umfassendes Schutzger\u00e4t mit mehreren Schutzfunktionen f\u00fcr \u00dcberspannung, Unterspannung, \u00dcberstrom, Leckage, Temperatur und Raucherkennung. Das Produkt hat die Vorteile der Modularisierung, Intelligenz, Visualisierung und so weiter. Gleichzeitig unterst\u00fctzt es die standardm\u00e4\u00dfige Modbus485-Kommunikation.<\/p>\n<p>Protokoll. Alle Schutzparameter wie \u00dcberspannungs-, Unterspannungs- und \u00dcberstromschutz k\u00f6nnen entsprechend dem Leistungsbedarf eingestellt werden, um sicherzustellen, dass der Schutzschalter die Stromversorgung sofort unterbrechen kann, wenn<a href=\"https:\/\/elejg.com\/\" target=\"_blank\" rel=\"noopener\"> \u00dcberspannung<\/a>So k\u00f6nnen Unterspannung, \u00dcberstrom und andere Fehler in der Leitung vermieden und die elektrischen Ger\u00e4te vor Sch\u00e4den gesch\u00fctzt werden.<\/p>\n<p>Das Produkt hat eine kompakte Struktur und ein sch\u00f6nes Aussehen, und es gibt eine Standardf\u00fchrungsschiene f\u00fcr die Installation.<\/p>\n<h3><strong>Aktuelle Schutzparameter<\/strong><\/h3>\n<hr \/>\n<div style=\"overflow-x: auto;\">\n<table style=\"min-width: 600px; height: 190px;\" border=\"1\" width=\"714\" cellspacing=\"0\">\n<tbody>\n<tr>\n<td>Typ<\/td>\n<td>FHXL-63\/3P+N<\/td>\n<\/tr>\n<tr>\n<td>Aktuelle Spezifikationen<\/td>\n<td>63A(1~63A)<\/td>\n<\/tr>\n<tr>\n<td>Einstellbereich der \u00dcberspannung<\/td>\n<td>AC270V(210~300V)<\/td>\n<\/tr>\n<tr>\n<td>Bereich der Unterspannungseinstellung<\/td>\n<td>AC170V(80~200V)<\/td>\n<\/tr>\n<tr>\n<td>Ableitstrom-Einstellbereich<\/td>\n<td>20mA(5~300mA)<\/td>\n<\/tr>\n<tr>\n<td>Einstellung der Temperatur<\/td>\n<td>70\u2103(1~150\u2103)<\/td>\n<\/tr>\n<tr>\n<td>Betriebsspannung<\/td>\n<td>AC230V\/400V<\/td>\n<\/tr>\n<\/tbody>\n<\/table>\n<h3><strong>Funktionelle Merkmale des Produkts<\/strong><\/h3>\n<hr \/>\n<p>\u25a0 Schutzfunktion f\u00fcr Rauch und brennbare Gase: Wenn Rauch, Fl\u00fcssiggas, Erdgas, Propan, Butan und andere brennbare Gase im elektrischen Feld den Grenzwert \u00fcberschreiten, gibt die Schutzeinrichtung ein akustisches und optisches Alarmsignal ab, schaltet automatisch die Stromversorgung ab und zeigt Fehlerprotokolle in Echtzeit an.<br \/>\nKurzschlussschutzfunktion: Der Schutz \u00fcberwacht den Strom der Stromleitung in Echtzeit. Wenn ein Kurzschlussfehler in der Leitung auftritt, kann er einen schnellen Strombegrenzungsschutz innerhalb von 0,1 Sekunden erreichen und Echtzeit-Fehleraufzeichnungen anzeigen.<\/p>\n<p>\u25a0 \u00dcberlastschutzfunktion: Wenn der Strom des gesch\u00fctzten Stromkreises \u00fcberlastet wird und die \u00dcberlastdauer die Ausl\u00f6sezeit (3 - 60 Sekunden einstellbar) \u00fcberschreitet, startet der Schutz den Strombegrenzungsschutz und zeigt Echtzeit-Fehlerprotokolle an.<br \/>\n\u00dcberspannungsschutzfunktion: Wenn der Schutz eine Unter- oder \u00dcberspannung in der Leitung feststellt, unterbricht er automatisch die Stromzufuhr und zeigt in Echtzeit Fehlerprotokolle an.<\/p>\n<p>\u25a0 Temperatur\u00fcberwachungsfunktion f\u00fcr Verteilerkabel: Wenn die Temperatur des \u00fcberwachten Kabels den eingestellten Alarmwert \u00fcberschreitet, unterbricht der Schutz automatisch die Stromzufuhr und zeigt Echtzeit-Fehlerprotokolle an.<\/p>\n<p>\u25a0 Leckstrom-\u00dcberwachungsfunktion: Wenn der Leckstrom der \u00fcberwachten Leitung den eingestellten Alarmwert \u00fcberschreitet, sch\u00fctzt die Schutzeinrichtung automatisch und unterbricht die Stromzufuhr und zeigt das Fehlerprotokoll in Echtzeit an.<\/p>\n<p>\u25a0 Kommunikationsvernetzungsfunktion: Der Protector verf\u00fcgt \u00fcber eine RS485-Schnittstelle, die Daten an das Hintergrund\u00fcberwachungssystem senden kann, wodurch die f\u00fcnf Fernfunktionen Ferntelemetrie, Fernsignalisierung, Fernsteuerung, Ferneinstellung und Fernanzeige realisiert werden.<\/p>\n<p>Gleichzeitiges Trennen von Neutralleiter und stromf\u00fchrendem Leiter: Wenn ein Fehler im Stromkreis auftritt, unterbricht das Produkt gleichzeitig den Nullleiter und den stromf\u00fchrenden Leiter, ohne dass die Gefahr besteht, dass stromf\u00fchrende Dr\u00e4hte im Stromkreis verbleiben, weil der Nullleiter nicht unterbrochen wird.<\/p>\n<p>\u00dcberspannung f\u00fchrt nicht zu Sch\u00e4den: Wenn die dreiphasige Stromversorgung falsch angeschlossen wird, liegt die maximale Versorgungsspannung bei AC450V, und das Produkt wird innerhalb der eingestellten Zeit abgeschaltet, w\u00e4hrend das geerdete Produkt selbst nicht durch die hohe Spannung besch\u00e4digt wird.<br \/>\nAnti-Harmonische: Derzeit ist der Stromverbrauch im Stromnetz relativ komplex, mit einer gro\u00dfen Anzahl von Oberschwingungen vorhanden. Oberschwingungsgefahren k\u00f6nnen die Lebensdauer anderer elektrischer Ger\u00e4te verk\u00fcrzen, aber dieses Produkt ist in harmonischen Stromnetzen nicht betroffen.<br \/>\nWiederherstellungsfunktion mit einem Klick: Wenn Benutzer mit der Bedienung des Produkts nicht vertraut sind und die Schutzanforderungen f\u00fcr die Parametereinstellungen vor Ort nicht erf\u00fcllen k\u00f6nnen, k\u00f6nnen sie ganz einfach die Werkseinstellungen wiederherstellen, um durch unsachgem\u00e4\u00dfe Bedienung verursachte fehlerhafte Schutzprobleme zu vermeiden.<\/p>\n<h3><span data-slate-fragment=\"JTVCJTdCJTIydHlwZSUyMiUzQSUyMnBhcmFncmFwaCUyMiUyQyUyMmNoaWxkcmVuJTIyJTNBJTVCJTdCJTIyaWQlMjIlM0ElMjJWZGx2V2Q0d3JWJTIyJTJDJTIycGFyYUlkeCUyMiUzQTAlMkMlMjJzcmMlMjIlM0ElMjJXb3JraW5nJTIwY29uZGl0aW9ucyUyMiUyQyUyMmRzdCUyMiUzQSUyMiVFNSVCNyVBNSVFNCVCRCU5QyVFNiU5RCVBMSVFNCVCQiVCNiUyMiUyQyUyMm1ldGFkYXRhJTIyJTNBJTIyJTIyJTJDJTIybWF0Y2hlcyUyMiUzQW51bGwlMkMlMjJtZXRhRGF0YSUyMiUzQSU1QiU1RCUyQyUyMnRleHQlMjIlM0ElMjJXb3JraW5nJTIwY29uZGl0aW9ucyUyMiU3RCU1RCU3RCU1RA==\">Arbeitsbedingungen<\/span><\/h3>\n<hr \/>\n<\/div>\n<p>1. Beim ersten normalen Einschalten schlie\u00dft sich das Ger\u00e4t automatisch nach einer Verz\u00f6gerung von 1s; beim ersten Einschalten \u00f6ffnet sich das Ger\u00e4t unter den Bedingungen von \u00dcberspannung, Unterspannung, \u00dcberstrom und Leckage automatisch innerhalb von 3 Sekunden;<\/p>\n<p>2. Beim ersten Einschalten muss der Rauchsensor 60 Sekunden lang aufgeheizt werden, dann geht das Produkt in den Schutzzustand \u00fcber. Wenn der Rauchalarm auftritt und die St\u00f6rung behoben ist, muss die Reset-Taste 2 Sekunden lang manuell gedr\u00fcckt werden, dann kann der Rauchalarm aufgehoben werden.<\/p>\n<p>3. Aktuelle Schutzparameter:<\/p>\n<p>a. \u2265 1,05 mal Strom, &lt; 3 Minuten \u00d6ffnung.<\/p>\n<p>b. \u2265 1,2 mal Strom, Einstellbereich 1 bis 120 Sekunden, 10 Sekunden als Standard<\/p>\n<p>c. \u2265 2 mal Strom, \u22640,2 Sekunden \u00d6ffnung.<\/p>\n<p>4. Die Umgebungstemperatur darf + 40\u00b0C nicht \u00fcberschreiten, sie darf nicht niedriger als -5\u00b0C sein; und die Durchschnittstemperatur innerhalb von 24 Stunden darf + 35\u00b0C nicht \u00fcberschreiten; bei + 40\u00b0C darf die Luftfeuchtigkeit der Umgebung 50% nicht \u00fcberschreiten.<\/p>\n<p>5. Die H\u00f6he des Aufstellungsortes darf 2000 Meter nicht \u00fcberschreiten.<\/p>\n<p>6. Verschmutzungsgrad: III.<\/p>\n<p>7. In der Installationsumgebung darf kein explosives gef\u00e4hrliches Medium, kein korrosives und zerst\u00f6rerisches Gas und kein leitf\u00e4higer Staub vorhanden sein, und es darf kein Regen oder Schnee eindringen.<\/p>\n<h3><strong> strombegrenzende Brandmeldeschutzeinrichtung ist eine der wichtigsten Funktionen<\/strong><\/h3>\n<hr \/>\n<p>1. Einstellungstaste: Halten Sie die Einstellungstaste 2 Sekunden lang gedr\u00fcckt, um in den Einstellungsmodus zu gelangen. Nach dem Eintritt in den Einstellungsstatus ruft das System bei jedem Dr\u00fccken der Taste das n\u00e4chste Einstellungsmen\u00fc auf;<\/p>\n<p>2. Umschalttaste: Abfrage der aktuellen Echtzeit-Betriebsparameter des Produkts. Im Einstellzustand hat sie die Funktion der Ziffernumschaltung;<\/p>\n<p>3. Datentaste: Abfrage der letzten Fehlerinformationen des Produkts und \u00c4nderung der einzustellenden Parameter im Einstellzustand;<\/p>\n<p>4. Reset-Taste: Wenn der erste \u00dcberstrom oder die erste Leckage auftritt, schaltet sich das Ger\u00e4t nach der angegebenen R\u00fcckstellzeit automatisch ein. Wenn der zweite \u00dcberstrom-, Leckage- oder Feueralarm auftritt, muss best\u00e4tigt werden, dass kein Fehler im Stromkreis vorliegt. Dann m\u00fcssen Sie die Reset-Taste manuell dr\u00fccken, um das Produkt einzuschalten, und die Reset-Taste 2 Sekunden lang dr\u00fccken, um den Einstellungszustand zu speichern und zu verlassen.<\/p>\n<h2><strong>Informationen zum Standardpaket<\/strong><\/h2>\n<hr \/>\n<h3><a href=\"https:\/\/ua-protector.com\/de\/produkt\/\"><img decoding=\"async\" class=\"alignnone size-medium wp-image-6114\" src=\"https:\/\/ua-protector.com\/wp-content\/uploads\/2025\/04\/45.5-23.5-31.5-box-300x300.jpg\" alt=\"\" width=\"300\" height=\"300\" srcset=\"https:\/\/ua-protector.com\/wp-content\/uploads\/2025\/04\/45.5-23.5-31.5-box-300x300.jpg 300w, https:\/\/ua-protector.com\/wp-content\/uploads\/2025\/04\/45.5-23.5-31.5-box-150x150.jpg 150w, https:\/\/ua-protector.com\/wp-content\/uploads\/2025\/04\/45.5-23.5-31.5-box-12x12.jpg 12w, https:\/\/ua-protector.com\/wp-content\/uploads\/2025\/04\/45.5-23.5-31.5-box-600x600.jpg 600w, https:\/\/ua-protector.com\/wp-content\/uploads\/2025\/04\/45.5-23.5-31.5-box-100x100.jpg 100w, https:\/\/ua-protector.com\/wp-content\/uploads\/2025\/04\/45.5-23.5-31.5-box.jpg 750w\" sizes=\"(max-width: 300px) 100vw, 300px\" \/><\/a><\/h3>\n<div style=\"overflow-x: auto;\">\n<table>\n<tbody>\n<tr>\n<th>Karton Abmessung (cm)<\/th>\n<th>Packliste<\/th>\n<th>QTY<\/th>\n<th>Bruttogewicht(kg)<\/th>\n<\/tr>\n<tr>\n<td style=\"text-align: center;\">45,5 cm \u00d7 23,5 cm \u00d7 31,5 cm<\/td>\n<td style=\"text-align: center;\">\u00a0Besch\u00fctzer<\/td>\n<td style=\"text-align: center;\">60St\u00fcck<\/td>\n<td style=\"text-align: center;\">20kg<\/td>\n<\/tr>\n<\/tbody>\n<\/table>\n<\/div>\n<h3><\/h3>\n<h3><a href=\"https:\/\/ua-protector.com\/de\/produkt\/\">Strombegrenzender Brandmeldeschutzschalter<\/a> Abmessungen<\/h3>\n<hr \/>\n<p>&nbsp;<\/p>\n<p><img decoding=\"async\" class=\"alignnone wp-image-5530 size-full\" src=\"https:\/\/ua-protector.com\/wp-content\/uploads\/2025\/04\/\u9650\u6d41\u5f0f\u9632\u706b\u4fdd\u62a4\u5668-\u63d2\u56fe.jpg\" alt=\"feuerfester strombegrenzender Schutz\" width=\"750\" height=\"422\" srcset=\"https:\/\/ua-protector.com\/wp-content\/uploads\/2025\/04\/\u9650\u6d41\u5f0f\u9632\u706b\u4fdd\u62a4\u5668-\u63d2\u56fe.jpg 750w, https:\/\/ua-protector.com\/wp-content\/uploads\/2025\/04\/\u9650\u6d41\u5f0f\u9632\u706b\u4fdd\u62a4\u5668-\u63d2\u56fe-300x169.jpg 300w, https:\/\/ua-protector.com\/wp-content\/uploads\/2025\/04\/\u9650\u6d41\u5f0f\u9632\u706b\u4fdd\u62a4\u5668-\u63d2\u56fe-18x10.jpg 18w, https:\/\/ua-protector.com\/wp-content\/uploads\/2025\/04\/\u9650\u6d41\u5f0f\u9632\u706b\u4fdd\u62a4\u5668-\u63d2\u56fe-600x338.jpg 600w\" sizes=\"(max-width: 750px) 100vw, 750px\" \/><\/p>\n<p>&nbsp;<\/p>\n<hr \/>\n<h1 class=\"elementor-heading-title elementor-size-default\"><span style=\"color: #0000ff;\">Kontaktieren Sie uns jetzt, kostenlose Muster sind verf\u00fcgbar<\/span><\/h1>\n<p>Wenn Sie mehr \u00fcber unsere Produkte und Dienstleistungen erfahren m\u00f6chten, erhalten Sie eine Antwort von einem Elektrofachmann. Wir freuen uns darauf, Sie zu unterst\u00fctzen.<\/p>\n<p>Mob\/WhatsApp\/Wang: +86 18958900126<br \/>\nGesch\u00e4ftliche E-Mail\uff1a<strong>sales@tokeep.net<br \/>\n<\/strong>Technologie E-Mail:\u00a0<strong>tokeepcc@gmail.com<\/strong><strong><br \/>\n<\/strong>Pers\u00f6nliche E-Mail:<strong>\u00a0wxj7607@126.com<\/strong><\/p>\n<p><img loading=\"lazy\" decoding=\"async\" class=\"alignnone size-medium wp-image-5920\" src=\"https:\/\/ua-protector.com\/wp-content\/uploads\/2025\/05\/whateapp-300x169.jpg\" alt=\"\" width=\"300\" height=\"169\" srcset=\"https:\/\/ua-protector.com\/wp-content\/uploads\/2025\/05\/whateapp-300x169.jpg 300w, https:\/\/ua-protector.com\/wp-content\/uploads\/2025\/05\/whateapp-18x10.jpg 18w, https:\/\/ua-protector.com\/wp-content\/uploads\/2025\/05\/whateapp.jpg 573w\" sizes=\"(max-width: 300px) 100vw, 300px\" \/><\/p>","protected":false},"excerpt":{"rendered":"<p>Die Serie FHXL-63 ist die<a href=\"https:\/\/ua-protector.com\/de\/produkt\/strombegrenzender-brandmeldeschutzschalter\/\"><strong> strombegrenzender Brandmeldeschutzschalter<\/strong><\/a>\uff08 strombegrenzender Schutzeinrichtung\uff09, und es ist eine umfassende Schutzeinrichtung mit mehreren Schutzfunktionen f\u00fcr \u00dcberspannung, Unterspannung, \u00dcberstrom, Leckage, Temperatur und Raucherkennung. Das Produkt hat die Vorteile der Modularisierung, Intelligenz, Visualisierung und so weiter. Gleichzeitig unterst\u00fctzt es das Standard-Kommunikationsprotokoll Modbus485.<br \/>\n<strong>Anweisungen \uff1a<\/strong><a href=\"https:\/\/ua-protector.com\/wp-content\/uploads\/2025\/04\/FHXL-63-Current-Limiting-Fire-Alarm-Protector.pdf\">Strombegrenzungs-Feueralarm-SchutzeinrichtungFHXL-63 Handbuch<\/a><\/p>","protected":false},"featured_media":4488,"template":"","meta":{"_acf_changed":false,"site-sidebar-layout":"default","site-content-layout":"","ast-site-content-layout":"default","site-content-style":"default","site-sidebar-style":"default","ast-global-header-display":"","ast-banner-title-visibility":"","ast-main-header-display":"","ast-hfb-above-header-display":"","ast-hfb-below-header-display":"","ast-hfb-mobile-header-display":"","site-post-title":"","ast-breadcrumbs-content":"","ast-featured-img":"","footer-sml-layout":"","theme-transparent-header-meta":"default","adv-header-id-meta":"","stick-header-meta":"","header-above-stick-meta":"","header-main-stick-meta":"","header-below-stick-meta":"","astra-migrate-meta-layouts":"set","ast-page-background-enabled":"default","ast-page-background-meta":{"desktop":{"background-color":"","background-image":"","background-repeat":"repeat","background-position":"center center","background-size":"auto","background-attachment":"scroll","background-type":"","background-media":"","overlay-type":"","overlay-color":"","overlay-opacity":"","overlay-gradient":""},"tablet":{"background-color":"","background-image":"","background-repeat":"repeat","background-position":"center center","background-size":"auto","background-attachment":"scroll","background-type":"","background-media":"","overlay-type":"","overlay-color":"","overlay-opacity":"","overlay-gradient":""},"mobile":{"background-color":"","background-image":"","background-repeat":"repeat","background-position":"center center","background-size":"auto","background-attachment":"scroll","background-type":"","background-media":"","overlay-type":"","overlay-color":"","overlay-opacity":"","overlay-gradient":""}},"ast-content-background-meta":{"desktop":{"background-color":"var(--ast-global-color-5)","background-image":"","background-repeat":"repeat","background-position":"center center","background-size":"auto","background-attachment":"scroll","background-type":"","background-media":"","overlay-type":"","overlay-color":"","overlay-opacity":"","overlay-gradient":""},"tablet":{"background-color":"var(--ast-global-color-5)","background-image":"","background-repeat":"repeat","background-position":"center center","background-size":"auto","background-attachment":"scroll","background-type":"","background-media":"","overlay-type":"","overlay-color":"","overlay-opacity":"","overlay-gradient":""},"mobile":{"background-color":"var(--ast-global-color-5)","background-image":"","background-repeat":"repeat","background-position":"center center","background-size":"auto","background-attachment":"scroll","background-type":"","background-media":"","overlay-type":"","overlay-color":"","overlay-opacity":"","overlay-gradient":""}}},"product_brand":[],"product_cat":[65,70,56,64,62,69],"product_tag":[66,58,59,67,60,68],"class_list":{"0":"post-4432","1":"product","2":"type-product","3":"status-publish","4":"has-post-thumbnail","6":"product_cat-fireproof-current-limiting-protector","7":"product_cat-small-ammeter","8":"product_cat-protector","9":"product_cat-smart-meter","10":"product_cat-voltage-protector","11":"product_cat-small-voltmeter","12":"product_tag-current","13":"product_tag-energy","14":"product_tag-phase","15":"product_tag-protector","16":"product_tag-sale","17":"product_tag-voltage","18":"desktop-align-center","19":"tablet-align-left","20":"mobile-align-left","22":"first","23":"instock","24":"featured","25":"shipping-taxable","26":"product-type-simple"},"acf":[],"_links":{"self":[{"href":"https:\/\/ua-protector.com\/de\/wp-json\/wp\/v2\/product\/4432","targetHints":{"allow":["GET"]}}],"collection":[{"href":"https:\/\/ua-protector.com\/de\/wp-json\/wp\/v2\/product"}],"about":[{"href":"https:\/\/ua-protector.com\/de\/wp-json\/wp\/v2\/types\/product"}],"version-history":[{"count":32,"href":"https:\/\/ua-protector.com\/de\/wp-json\/wp\/v2\/product\/4432\/revisions"}],"predecessor-version":[{"id":6698,"href":"https:\/\/ua-protector.com\/de\/wp-json\/wp\/v2\/product\/4432\/revisions\/6698"}],"wp:featuredmedia":[{"embeddable":true,"href":"https:\/\/ua-protector.com\/de\/wp-json\/wp\/v2\/media\/4488"}],"wp:attachment":[{"href":"https:\/\/ua-protector.com\/de\/wp-json\/wp\/v2\/media?parent=4432"}],"wp:term":[{"taxonomy":"product_brand","embeddable":true,"href":"https:\/\/ua-protector.com\/de\/wp-json\/wp\/v2\/product_brand?post=4432"},{"taxonomy":"product_cat","embeddable":true,"href":"https:\/\/ua-protector.com\/de\/wp-json\/wp\/v2\/product_cat?post=4432"},{"taxonomy":"product_tag","embeddable":true,"href":"https:\/\/ua-protector.com\/de\/wp-json\/wp\/v2\/product_tag?post=4432"}],"curies":[{"name":"wp","href":"https:\/\/api.w.org\/{rel}","templated":true}]}}