{"id":4431,"date":"2025-04-27T02:23:54","date_gmt":"2025-04-27T02:23:54","guid":{"rendered":"https:\/\/ua-protector.com\/?post_type=product&#038;p=4431"},"modified":"2025-08-06T01:26:10","modified_gmt":"2025-08-06T08:26:10","slug":"3phase-4-wire-current-and-voltage-protector","status":"publish","type":"product","link":"https:\/\/ua-protector.com\/de\/produkt\/beschutzer\/spannungswachter\/3-phasen-4-leiter-strom-und-spannungsschutzschalter\/","title":{"rendered":"3-phasiger 4-Leiter-Strom- und Spannungsschutzschalter JGXL-63S-3P+N"},"content":{"rendered":"<h2><strong>Kurze Einf\u00fchrung<\/strong><\/h2>\n<hr \/>\n<figure id=\"attachment_4482\" aria-describedby=\"caption-attachment-4482\" style=\"width: 300px\" class=\"wp-caption alignleft\"><img fetchpriority=\"high\" decoding=\"async\" class=\"wp-image-4482 size-medium\" src=\"https:\/\/ua-protector.com\/wp-content\/uploads\/2025\/04\/JGXL-63S-4P-4-300x300.jpg\" alt=\"3-Phasen-4-Leiter-Strom- und Spannungsschutzschalter\" width=\"300\" height=\"300\" srcset=\"https:\/\/ua-protector.com\/wp-content\/uploads\/2025\/04\/JGXL-63S-4P-4-300x300.jpg 300w, https:\/\/ua-protector.com\/wp-content\/uploads\/2025\/04\/JGXL-63S-4P-4-100x100.jpg 100w, https:\/\/ua-protector.com\/wp-content\/uploads\/2025\/04\/JGXL-63S-4P-4-600x600.jpg 600w, https:\/\/ua-protector.com\/wp-content\/uploads\/2025\/04\/JGXL-63S-4P-4-150x150.jpg 150w, https:\/\/ua-protector.com\/wp-content\/uploads\/2025\/04\/JGXL-63S-4P-4-768x768.jpg 768w, https:\/\/ua-protector.com\/wp-content\/uploads\/2025\/04\/JGXL-63S-4P-4.jpg 800w\" sizes=\"(max-width: 300px) 100vw, 300px\" \/><figcaption id=\"caption-attachment-4482\" class=\"wp-caption-text\">3-Phasen-4-Leiter-Strom- und Spannungsschutzschalter<\/figcaption><\/figure>\n<p><a href=\"https:\/\/ua-protector.com\/de\">\u00a0 3-Phasen-4-Leiter-Strom- und Spannungsschutzschalter<\/a>\u00a0 JGXL-63S ist vor allem f\u00fcr AC 50Hz (60Hz), Nennbetriebsspannung 220\/380V, Haupt-Nennstrom von 2A bis 63A, intelligente Steuerung einstellbar Arbeitsstrom von 2A bis 63A, Steuerleistung von .5KW bis 20KW in das Stromnetz eingeschaltet, durchgef\u00fchrt und brechen den Strom oder die Spannung unter normalen Bedingungen (einschlie\u00dflich der angegebenen \u00dcberlastbedingungen), und kann auch eingeschaltet werden, durchgef\u00fchrt und f\u00fcr eine bestimmte Zeit und unter den angegebenen abnormalen Bedingungen (z. B. Kurzschluss) durchgef\u00fchrt. , <a href=\"https:\/\/elejg.com\/\" target=\"_blank\" rel=\"noopener\">Unterspannung<\/a>, usw.).<\/p>\n<p>Der dreiphasige, vieradrige strombegrenzende \u00dcber- und Unterspannungsschutz hat eine modulare Produktstruktur, die sich durch geringe Gr\u00f6\u00dfe, hohe Zuverl\u00e4ssigkeit und einfache Bedienung auszeichnet. Die wichtigsten Funktionen des Produkts sind: \u00dcberspannung, Unterspannung, Phasenausfall, Null-Linie und Null-Linie, \u00dcberstrom, augenblicklicher Kurzschluss, dreiphasige Unsymmetrie, Unterstrom, Phasenfolge, RS485-Kommunikation, Ein-Tasten-Werksreset und andere Funktionen, die weit verbreitet sind in: Telekommunikation, Metallurgie, Kohleminen, Stahl, Petrochemie, H\u00e4fen, Schiffe, Eisenbahnen, Krankenh\u00e4user, intelligente Geb\u00e4ude und andere Bereiche der Energieverteilung und Motorschutzsteuerungen.<\/p>\n<h2><span data-slate-fragment=\"JTVCJTdCJTIydHlwZSUyMiUzQSUyMnBhcmFncmFwaCUyMiUyQyUyMmNoaWxkcmVuJTIyJTNBJTVCJTdCJTIyaWQlMjIlM0ElMjJCNEE1Z2tKUjdlJTIyJTJDJTIycGFyYUlkeCUyMiUzQTAlMkMlMjJzcmMlMjIlM0ElMjIzcGhhc2UlMjA0d2lyZSUyMGN1cnJlbnQlMjBhbmQlMjB2b2x0YWdlJTIwcHJvdGVjdG9yJTIwaXMlMjBNYWluJTIwdGVjaG5pY2FsJTIwcGFyYW1ldGVycyUyMiUyQyUyMmRzdCUyMiUzQSUyMiVFNCVCOCU4OSVFNyU5QiVCOCVFNSU5QiU5QiVFNyVCQSVCRiVFNyU5NCVCNSVFNiVCNSU4MSVFNyU5NCVCNSVFNSU4RSU4QiVFNCVCRiU5RCVFNiU4QSVBNCVFNSU5OSVBOCVFNCVCOCVCQiVFOCVBNiU4MSVFNiU4QSU4MCVFNiU5QyVBRiVFNSU4RiU4MiVFNiU5NSVCMCUyMiUyQyUyMm1ldGFkYXRhJTIyJTNBJTIyJTIyJTJDJTIybWF0Y2hlcyUyMiUzQW51bGwlMkMlMjJtZXRhRGF0YSUyMiUzQSU1QiU1RCUyQyUyMnRleHQlMjIlM0ElMjIzcGhhc2UlMjA0d2lyZSUyMGN1cnJlbnQlMjBhbmQlMjB2b2x0YWdlJTIwcHJvdGVjdG9yJTIwaXMlMjBNYWluJTIwdGVjaG5pY2FsJTIwcGFyYW1ldGVycyUyMiU3RCU1RCU3RCU1RA==\">3-Phasen-4-Draht-Strom- und Spannungsschutzger\u00e4t ist Technische Hauptparameter<\/span><\/h2>\n<hr \/>\n<table style=\"height: 257px;\" width=\"674\">\n<tbody>\n<tr>\n<td width=\"212\">Typ<\/td>\n<td width=\"119\">JGXL-63S\/3P+N<\/td>\n<\/tr>\n<tr>\n<td>Aktuelle Spezifikationen<\/td>\n<td>63A(1~63A)<\/td>\n<\/tr>\n<tr>\n<td>Einstellbereich der \u00dcberspannung<\/td>\n<td>AC270V(210~300V)<\/td>\n<\/tr>\n<tr>\n<td>Bereich der Unterspannungseinstellung<\/td>\n<td>AC170V(80~200V)<\/td>\n<\/tr>\n<tr>\n<td>Betriebsspannung<\/td>\n<td>AC230V\/400V<\/td>\n<\/tr>\n<\/tbody>\n<\/table>\n<p>1. Spannungserfassungsbereich: AC80~450V, Genauigkeitsgrad: 1,0.<\/p>\n<p>2. Stromerfassungsbereich: 1~63A, Genauigkeitsgrad: 1,0.<\/p>\n<p>3. Die Leistungsaufnahme des Produkts selbst: \u22642W.<\/p>\n<p>4. Widerstandsf\u00e4hig gegen Kurzschlussstrom: 2000A.<\/p>\n<p>5. Die mechanische Lebensdauer betr\u00e4gt \u2265 100.000 Mal, die elektrische Lebensdauer 5.000 Mal.<\/p>\n<p>6. Verdrahtungsmethode f\u00fcr das Produkt: unten und unten am Leitungsausgang, oben in und aus der Leitung. Die Standard-Verdrahtungsmethode ist die untere Leitung und die abgehende Leitung.<\/p>\n<p>7. Die Verdrahtungskapazit\u00e4t betr\u00e4gt 16 Quadratmeter.<\/p>\n<p>8. Einzelheiten zum RS485-Kommunikationsprotokoll finden Sie im \"RS485 Communication Manual V2.0 for Power <a href=\"https:\/\/ua-protector.com\/de\/automatische-wiedereinschaltung-energiemessende-schutzeinrichtung-der-prufung-jgdl-63\/\" target=\"_blank\" rel=\"noopener\" data-wpil-monitor-id=\"8\">Messger\u00e4te und Schutzvorrichtungen\"<\/a>.<\/p>\n<h2><span data-slate-fragment=\"JTVCJTdCJTIydHlwZSUyMiUzQSUyMnBhcmFncmFwaCUyMiUyQyUyMmNoaWxkcmVuJTIyJTNBJTVCJTdCJTIyaWQlMjIlM0ElMjJCNEE1Z2tKUjdlJTIyJTJDJTIycGFyYUlkeCUyMiUzQTAlMkMlMjJzcmMlMjIlM0ElMjIzcGhhc2UlMjA0d2lyZSUyMGN1cnJlbnQlMjBhbmQlMjB2b2x0YWdlJTIwcHJvdGVjdG9yJTIwaXMlMjBNYWluJTIwdGVjaG5pY2FsJTIwcGFyYW1ldGVycyUyMiUyQyUyMmRzdCUyMiUzQSUyMiVFNCVCOCU4OSVFNyU5QiVCOCVFNSU5QiU5QiVFNyVCQSVCRiVFNyU5NCVCNSVFNiVCNSU4MSVFNyU5NCVCNSVFNSU4RSU4QiVFNCVCRiU5RCVFNiU4QSVBNCVFNSU5OSVBOCVFNCVCOCVCQiVFOCVBNiU4MSVFNiU4QSU4MCVFNiU5QyVBRiVFNSU4RiU4MiVFNiU5NSVCMCUyMiUyQyUyMm1ldGFkYXRhJTIyJTNBJTIyJTIyJTJDJTIybWF0Y2hlcyUyMiUzQW51bGwlMkMlMjJtZXRhRGF0YSUyMiUzQSU1QiU1RCUyQyUyMnRleHQlMjIlM0ElMjIzcGhhc2UlMjA0d2lyZSUyMGN1cnJlbnQlMjBhbmQlMjB2b2x0YWdlJTIwcHJvdGVjdG9yJTIwaXMlMjBNYWluJTIwdGVjaG5pY2FsJTIwcGFyYW1ldGVycyUyMiU3RCU1RCU3RCU1RA==\">3-Phasen-4-Leiter-Strom- und Spannungsschutzschalter von <\/span>Gr\u00f6\u00dfe<\/h2>\n<hr \/>\n<h1><\/h1>\n<h1><strong><img decoding=\"async\" class=\"alignnone wp-image-5612 size-full\" src=\"https:\/\/ua-protector.com\/wp-content\/uploads\/2025\/04\/\u5916\u578b\u5c3a\u5bf8-2.jpg\" alt=\"\" width=\"777\" height=\"419\" srcset=\"https:\/\/ua-protector.com\/wp-content\/uploads\/2025\/04\/\u5916\u578b\u5c3a\u5bf8-2.jpg 777w, https:\/\/ua-protector.com\/wp-content\/uploads\/2025\/04\/\u5916\u578b\u5c3a\u5bf8-2-300x162.jpg 300w, https:\/\/ua-protector.com\/wp-content\/uploads\/2025\/04\/\u5916\u578b\u5c3a\u5bf8-2-768x414.jpg 768w, https:\/\/ua-protector.com\/wp-content\/uploads\/2025\/04\/\u5916\u578b\u5c3a\u5bf8-2-18x10.jpg 18w, https:\/\/ua-protector.com\/wp-content\/uploads\/2025\/04\/\u5916\u578b\u5c3a\u5bf8-2-600x324.jpg 600w\" sizes=\"(max-width: 777px) 100vw, 777px\" \/><\/strong><\/h1>\n<p>&nbsp;<\/p>\n<p>&nbsp;<\/p>\n<h2><strong>Informationen zum Standardpaket<\/strong><\/h2>\n<hr \/>\n<p><img decoding=\"async\" class=\"alignnone size-medium wp-image-5943\" src=\"https:\/\/ua-protector.com\/wp-content\/uploads\/2025\/04\/45.5-23.5-31.5-box-300x300.jpg\" sizes=\"(max-width: 300px) 100vw, 300px\" srcset=\"https:\/\/ua-protector.com\/wp-content\/uploads\/2025\/04\/45.5-23.5-31.5-box-300x300.jpg 300w, https:\/\/ua-protector.com\/wp-content\/uploads\/2025\/04\/45.5-23.5-31.5-box-150x150.jpg 150w, https:\/\/ua-protector.com\/wp-content\/uploads\/2025\/04\/45.5-23.5-31.5-box-12x12.jpg 12w, https:\/\/ua-protector.com\/wp-content\/uploads\/2025\/04\/45.5-23.5-31.5-box-600x600.jpg 600w, https:\/\/ua-protector.com\/wp-content\/uploads\/2025\/04\/45.5-23.5-31.5-box-100x100.jpg 100w, https:\/\/ua-protector.com\/wp-content\/uploads\/2025\/04\/45.5-23.5-31.5-box.jpg 750w\" alt=\"\" width=\"300\" height=\"300\" \/><\/p>\n<table style=\"height: 106px;\" border=\"0\" width=\"813\" cellspacing=\"0\" cellpadding=\"0\">\n<tbody>\n<tr>\n<td class=\"et2\" width=\"191\" height=\"19\">Karton Abmessung (cm)<\/td>\n<td class=\"et2\" width=\"72\">Packliste<\/td>\n<td class=\"et2\" width=\"72\">QTY<\/td>\n<td class=\"et2\" width=\"123\">Bruttogewicht(kg)<\/td>\n<\/tr>\n<tr>\n<td class=\"et2\" width=\"191\" height=\"38\">45,5 cm \u00d7 23,5 cm \u00d7 31,5 cm<\/td>\n<td class=\"et2\" width=\"72\">\u00a0Besch\u00fctzer<\/td>\n<td class=\"et2\" width=\"72\">60St\u00fcck<\/td>\n<td class=\"et2\" width=\"123\">20kg<\/td>\n<\/tr>\n<\/tbody>\n<\/table>\n<p><a href=\"https:\/\/elejg.com\/\" target=\"_blank\" rel=\"noopener\">3-Phasen-4-Leiter-Strom- und Spannungsschutzschalter<\/a>,<span data-slate-fragment=\"JTVCJTdCJTIydHlwZSUyMiUzQSUyMnBhcmFncmFwaCUyMiUyQyUyMmNoaWxkcmVuJTIyJTNBJTVCJTdCJTIyaWQlMjIlM0ElMjJWMFFZMGs0cjJ6JTIyJTJDJTIycGFyYUlkeCUyMiUzQTAlMkMlMjJzcmMlMjIlM0ElMjJUaHJlZS1QaGFzZSUyMEZvdXItV2lyZSUyMFNlbGYtQ29tcG91bmQlMjBPdmVyLVVuZGVyLVZvbHRhZ2UlMjBDdXJyZW50JTIwTGltaXRpbmclMjBQcm90ZWN0b3IlMjA2M0ElMjBQaGFzZSUyMFNlcXVlbmNlJTIwTWlzc2luZyUyMFBoYXNlJTIwTWlzc2luZyUyMFplcm8lMjBvZmYlMjBQcm90ZWN0aW9uJTIwU3dpdGNoJTIyJTJDJTIyZHN0JTIyJTNBJTIyJUU0JUI4JTg5JUU3JTlCJUI4JUU1JTlCJTlCJUU3JUJBJUJGJUU4JTg3JUFBJUU1JUE0JThEJUU1JTkwJTg4JUU4JUJGJTg3JUU2JUFDJUEwJUU1JThFJThCJUU5JTk5JTkwJUU2JUI1JTgxJUU0JUJGJTlEJUU2JThBJUE0JUU1JTk5JUE4NjNBJUU3JTlCJUI4JUU1JUJBJThGJUU3JUJDJUJBJUU3JTlCJUI4JUU1JUE0JUIxJUU5JTlCJUI2JUU0JUJGJTlEJUU2JThBJUE0JUU1JUJDJTgwJUU1JTg1JUIzJTIyJTJDJTIybWV0YWRhdGElMjIlM0ElMjIlMjIlMkMlMjJtYXRjaGVzJTIyJTNBbnVsbCUyQyUyMm1ldGFEYXRhJTIyJTNBJTVCJTVEJTJDJTIydGV4dCUyMiUzQSUyMlRocmVlLVBoYXNlJTIwRm91ci1XaXJlJTIwU2VsZi1Db21wb3VuZCUyME92ZXItVW5kZXItVm9sdGFnZSUyMEN1cnJlbnQlMjBMaW1pdGluZyUyMFByb3RlY3RvciUyMDYzQSUyMFBoYXNlJTIwU2VxdWVuY2UlMjBNaXNzaW5nJTIwUGhhc2UlMjBNaXNzaW5nJTIwWmVybyUyMG9mZiUyMFByb3RlY3Rpb24lMjBTd2l0Y2glMjIlN0QlNUQlN0QlNUQ=\">Dreiphasiger Vierdraht-Selbstschalter zur \u00dcber-\/Unterspannungsbegrenzung 63A Phasensequenz Fehlende Phase Fehlende Nullstellung Schutzschalter<a href=\"https:\/\/ua-protector.com\/de\/produkt\/strombegrenzender-brandmeldeschutzschalter\/\">3-phasiger 4-Leiter-Strom- und Spannungsschutzschalter JGXL-63S-3P+N<\/a>,<\/span>Dreiphasen-VierleiterSelbsteinstellbarer \u00dcber-\/Unterspannungsschutz, Dreiphasen-Vierleiter-Strombegrenzungsschutz,Phasenfolge-Schutz, Phasenverlust-Schutz, Null-Schutz, Strombegrenzungs-Schutz, Phasenmangel, Null-Phasenfolge, \u00dcberlast-Kurzschluss, Dreiphasen-Unsymmetrie, Unterstrom, Dreiphasen-Vierleiter-Strombegrenzungs-Schutz, \u00dcber- und Unterspannungsschutz<\/p>\n<hr \/>\n<h1 class=\"elementor-heading-title elementor-size-default\"><span style=\"color: #0000ff;\">Kontaktieren Sie uns jetzt, kostenlose Muster sind verf\u00fcgbar<\/span><\/h1>\n<p>Wenn Sie mehr \u00fcber unsere Produkte und Dienstleistungen erfahren m\u00f6chten, erhalten Sie eine Antwort von einem Elektrofachmann. Wir freuen uns darauf, Sie zu unterst\u00fctzen.<\/p>\n<p>Mob\/WhatsApp\/Wang: +86 18958900126<br \/>\nGesch\u00e4ftliche E-Mail\uff1a<strong>sales@tokeep.net<br \/>\n<\/strong>Technologie E-Mail:\u00a0<strong>tokeepcc@gmail.com<\/strong><strong><br \/>\n<\/strong>Pers\u00f6nliche E-Mail:<strong>\u00a0wxj7607@126.com<\/strong><\/p>\n<p><img loading=\"lazy\" decoding=\"async\" class=\"alignnone wp-image-5833 size-full\" src=\"https:\/\/ua-protector.com\/wp-content\/uploads\/2025\/04\/whateapp-1.jpg\" sizes=\"(max-width: 573px) 100vw, 573px\" srcset=\"https:\/\/ua-protector.com\/wp-content\/uploads\/2025\/04\/whateapp-1.jpg 573w, https:\/\/ua-protector.com\/wp-content\/uploads\/2025\/04\/whateapp-1-300x169.jpg 300w, https:\/\/ua-protector.com\/wp-content\/uploads\/2025\/04\/whateapp-1-18x10.jpg 18w\" alt=\"\" width=\"573\" height=\"322\" \/><\/p>","protected":false},"excerpt":{"rendered":"<p>Die <a href=\"https:\/\/ua-protector.com\/de\">3-Phasen-4-Leiter-Strom- und Spannungsschutzschalter<\/a>\u00a0 wird haupts\u00e4chlich in Stromnetzen mit AC 50Hz (60Hz), Nennbetriebsspannung 220\/380V, Hauptk\u00f6rper-Nennstrom im Bereich von 2A bis 63A, intelligenter Regler einstellbarer Arbeitsstrom im Bereich von 2A bis 63A und Steuerleistung im Bereich von. 5KW bis 20KW zu verbinden, zu tragen, und trennen Sie Strom oder Spannung unter normalen Bedingungen (einschlie\u00dflich der angegebenen \u00dcberlastbedingungen), und kann auch angeschlossen werden Carrying Strom oder Spannung unter anormalen Bedingungen (wie Kurzschluss, Unterspannung, etc.) f\u00fcr eine bestimmte Zeit und brechen Vorschriften.<\/p>","protected":false},"featured_media":4482,"template":"","meta":{"_acf_changed":false,"site-sidebar-layout":"default","site-content-layout":"","ast-site-content-layout":"default","site-content-style":"default","site-sidebar-style":"default","ast-global-header-display":"","ast-banner-title-visibility":"","ast-main-header-display":"","ast-hfb-above-header-display":"","ast-hfb-below-header-display":"","ast-hfb-mobile-header-display":"","site-post-title":"","ast-breadcrumbs-content":"","ast-featured-img":"","footer-sml-layout":"","theme-transparent-header-meta":"default","adv-header-id-meta":"","stick-header-meta":"","header-above-stick-meta":"","header-main-stick-meta":"","header-below-stick-meta":"","astra-migrate-meta-layouts":"set","ast-page-background-enabled":"default","ast-page-background-meta":{"desktop":{"background-color":"","background-image":"","background-repeat":"repeat","background-position":"center center","background-size":"auto","background-attachment":"scroll","background-type":"","background-media":"","overlay-type":"","overlay-color":"","overlay-opacity":"","overlay-gradient":""},"tablet":{"background-color":"","background-image":"","background-repeat":"repeat","background-position":"center center","background-size":"auto","background-attachment":"scroll","background-type":"","background-media":"","overlay-type":"","overlay-color":"","overlay-opacity":"","overlay-gradient":""},"mobile":{"background-color":"","background-image":"","background-repeat":"repeat","background-position":"center center","background-size":"auto","background-attachment":"scroll","background-type":"","background-media":"","overlay-type":"","overlay-color":"","overlay-opacity":"","overlay-gradient":""}},"ast-content-background-meta":{"desktop":{"background-color":"var(--ast-global-color-5)","background-image":"","background-repeat":"repeat","background-position":"center center","background-size":"auto","background-attachment":"scroll","background-type":"","background-media":"","overlay-type":"","overlay-color":"","overlay-opacity":"","overlay-gradient":""},"tablet":{"background-color":"var(--ast-global-color-5)","background-image":"","background-repeat":"repeat","background-position":"center center","background-size":"auto","background-attachment":"scroll","background-type":"","background-media":"","overlay-type":"","overlay-color":"","overlay-opacity":"","overlay-gradient":""},"mobile":{"background-color":"var(--ast-global-color-5)","background-image":"","background-repeat":"repeat","background-position":"center center","background-size":"auto","background-attachment":"scroll","background-type":"","background-media":"","overlay-type":"","overlay-color":"","overlay-opacity":"","overlay-gradient":""}}},"product_brand":[],"product_cat":[70,65,63,56,64,62,69],"product_tag":[58,59,60],"class_list":{"0":"post-4431","1":"product","2":"type-product","3":"status-publish","4":"has-post-thumbnail","6":"product_cat-small-ammeter","7":"product_cat-fireproof-current-limiting-protector","8":"product_cat-motor-protector","9":"product_cat-protector","10":"product_cat-smart-meter","11":"product_cat-voltage-protector","12":"product_cat-small-voltmeter","13":"product_tag-energy","14":"product_tag-phase","15":"product_tag-sale","16":"desktop-align-center","17":"tablet-align-left","18":"mobile-align-left","20":"first","21":"instock","22":"featured","23":"shipping-taxable","24":"product-type-simple"},"acf":[],"_links":{"self":[{"href":"https:\/\/ua-protector.com\/de\/wp-json\/wp\/v2\/product\/4431","targetHints":{"allow":["GET"]}}],"collection":[{"href":"https:\/\/ua-protector.com\/de\/wp-json\/wp\/v2\/product"}],"about":[{"href":"https:\/\/ua-protector.com\/de\/wp-json\/wp\/v2\/types\/product"}],"version-history":[{"count":14,"href":"https:\/\/ua-protector.com\/de\/wp-json\/wp\/v2\/product\/4431\/revisions"}],"predecessor-version":[{"id":6697,"href":"https:\/\/ua-protector.com\/de\/wp-json\/wp\/v2\/product\/4431\/revisions\/6697"}],"wp:featuredmedia":[{"embeddable":true,"href":"https:\/\/ua-protector.com\/de\/wp-json\/wp\/v2\/media\/4482"}],"wp:attachment":[{"href":"https:\/\/ua-protector.com\/de\/wp-json\/wp\/v2\/media?parent=4431"}],"wp:term":[{"taxonomy":"product_brand","embeddable":true,"href":"https:\/\/ua-protector.com\/de\/wp-json\/wp\/v2\/product_brand?post=4431"},{"taxonomy":"product_cat","embeddable":true,"href":"https:\/\/ua-protector.com\/de\/wp-json\/wp\/v2\/product_cat?post=4431"},{"taxonomy":"product_tag","embeddable":true,"href":"https:\/\/ua-protector.com\/de\/wp-json\/wp\/v2\/product_tag?post=4431"}],"curies":[{"name":"wp","href":"https:\/\/api.w.org\/{rel}","templated":true}]}}