{"id":4430,"date":"2025-04-27T02:23:54","date_gmt":"2025-04-27T02:23:54","guid":{"rendered":"https:\/\/ua-protector.com\/?post_type=product&#038;p=4430"},"modified":"2025-08-06T01:25:41","modified_gmt":"2025-08-06T08:25:41","slug":"control-and-protective-switching-device-motor-protector","status":"publish","type":"product","link":"https:\/\/ua-protector.com\/de\/produkt\/beschutzer\/motorschutzschalter\/steuer-und-schutzschaltgerat-motorschutzschalter\/","title":{"rendered":"Steuer- und Schutzschaltger\u00e4t Motorschutzschalter JGKB-45"},"content":{"rendered":"<h2><strong>Einf\u00fchrung<\/strong><\/h2>\n<hr \/>\n<figure id=\"attachment_4481\" aria-describedby=\"caption-attachment-4481\" style=\"width: 300px\" class=\"wp-caption alignleft\"><img fetchpriority=\"high\" decoding=\"async\" class=\"wp-image-4481 size-medium\" src=\"https:\/\/ua-protector.com\/wp-content\/uploads\/2025\/04\/JGKB-45-1-300x300.jpg\" alt=\"Steuerung und Schutzschaltung,Motorschutzschalter\" width=\"300\" height=\"300\" srcset=\"https:\/\/ua-protector.com\/wp-content\/uploads\/2025\/04\/JGKB-45-1-300x300.jpg 300w, https:\/\/ua-protector.com\/wp-content\/uploads\/2025\/04\/JGKB-45-1-100x100.jpg 100w, https:\/\/ua-protector.com\/wp-content\/uploads\/2025\/04\/JGKB-45-1-600x600.jpg 600w, https:\/\/ua-protector.com\/wp-content\/uploads\/2025\/04\/JGKB-45-1-150x150.jpg 150w, https:\/\/ua-protector.com\/wp-content\/uploads\/2025\/04\/JGKB-45-1-768x768.jpg 768w, https:\/\/ua-protector.com\/wp-content\/uploads\/2025\/04\/JGKB-45-1.jpg 800w\" sizes=\"(max-width: 300px) 100vw, 300px\" \/><figcaption id=\"caption-attachment-4481\" class=\"wp-caption-text\">Steuerung und Schutzschaltung,Motorschutzschalter<\/figcaption><\/figure>\n<p>Die <a href=\"https:\/\/ua-protector.com\/de\/motorschutzschalter\/\">Steuerung und Schutzschaltung,Motorschutzschalter <\/a>hat ein sch\u00f6nes Design, und das Produkt verf\u00fcgt \u00fcber Funktionen wie \u00dcberspannung, Unterspannung, \u00dcberlast, Kurzschluss, blockierter Rotor, dreiphasiges Ungleichgewicht, \u00dcbertemperatur, Leckage, Kommunikation, etc. Die Software ist benutzerfreundlich, mit direkter dreireihiger Anzeige, und die Funktionen des Produkts sind leicht zu erweitern. Derzeit ist es die umfassendste Kontrolle und Schutzschalter in der Schutzfunktion der elektrischen <a href=\"https:\/\/elejg.com\/\" target=\"_blank\" rel=\"noopener\">Besch\u00fctzer<\/a>.<\/p>\n<h2><strong>\u00a0Produktmerkmale<\/strong><\/h2>\n<hr \/>\n<p>1. Funktionserweiterung: Temperatur- und Leckageschutz, sofern externes Zubeh\u00f6r angeschlossen ist, k\u00f6nnen die gew\u00fcnschten Schutzfunktionen hinzugef\u00fcgt werden<\/p>\n<p>2. Drei Zeilen digitale R\u00f6hrenanzeige, Echtzeit-Spannung, Strom, Leckage und Temperatur-Parameter Anzeige intuitiv<\/p>\n<p>3. Breiter einstellbarer Bereich des Schutzstroms:<\/p>\n<p>10A\uff1a 1-10A<\/p>\n<p>45A\uff1a 2-45A<\/p>\n<p>125A\uff1a 32-125A<\/p>\n<p>4. Anpassbare 485-Kommunikationsfunktion<\/p>\n<p>5. Passwortfunktion, um unn\u00f6tigen Kundendienst zu verhindern, der durch eine falsche Einstellung des Produkts durch Unbefugte vor Ort verursacht wird<\/p>\n<p>6. Werks-Wiederherstellungsfunktion hinzugef\u00fcgt, die bei Vor-Ort-Einstellungsfehlern die Wiederherstellung des urspr\u00fcnglichen Programmzustands mit einem Klick erm\u00f6glicht<\/p>\n<p>3\u3001 Technische Parameter<\/p>\n<p>1. Spannungserfassungsbereich: AC100~300V, Genauigkeit Ebene: 1,0 Ebene.<\/p>\n<p>2. Stromerfassungsbereich: 45 Typ, 1-45A, Genauigkeitsstufe: 1,0 Stufe.<\/p>\n<p>Typ 125, 32-125A, Genauigkeitsgrad: 1,0<\/p>\n<p>3. Leckstrom-Erfassungsbereich: 5-300mA, Genauigkeitsgrad: 2,5.<\/p>\n<p>4. Temperaturerfassungsbereich: -50~160 \u2103, Genauigkeitsstufe: 2,0.<\/p>\n<p>3. Produkt Leistungsaufnahme: \u2264 6W.<\/p>\n<p>4. Ultimatives Ausschaltverm\u00f6gen: 7000A.<\/p>\n<p>5. Mechanische Lebensdauer \u2265 1 Million Mal, elektrische Lebensdauer 200000 Mal.<\/p>\n<p>6. Das RS485-Kommunikationsprotokoll ist im RS485-Kommunikationshandbuch V2.0 f\u00fcr Leistungsmessger\u00e4te und Schutzger\u00e4te beschrieben.<\/p>\n<p>&nbsp;<\/p>\n<hr \/>\n<h1 class=\"elementor-heading-title elementor-size-default\"><span style=\"color: #0000ff;\">Kontaktieren Sie uns jetzt, kostenlose Muster sind verf\u00fcgbar<\/span><\/h1>\n<p>Wenn Sie mehr \u00fcber unsere Produkte und Dienstleistungen erfahren m\u00f6chten, erhalten Sie eine Antwort von einem Elektrofachmann. Wir freuen uns darauf, Sie zu unterst\u00fctzen.<\/p>\n<p>Mob\/WhatsApp\/<strong>WeChat\/<\/strong>Wang: +86 18958900126<br \/>\nGesch\u00e4ftliche E-Mail\uff1a<strong>sales@tokeep.net<br \/>\n<\/strong>Technologie E-Mail:\u00a0<strong>tokeepcc@gmail.com<\/strong><strong><br \/>\n<\/strong>Pers\u00f6nliche E-Mail:<strong>\u00a0wxj7607@126.com<\/strong><\/p>\n<p><img decoding=\"async\" class=\"alignnone wp-image-5833 size-full\" src=\"https:\/\/ua-protector.com\/wp-content\/uploads\/2025\/04\/whateapp-1.jpg\" sizes=\"(max-width: 573px) 100vw, 573px\" srcset=\"https:\/\/ua-protector.com\/wp-content\/uploads\/2025\/04\/whateapp-1.jpg 573w, https:\/\/ua-protector.com\/wp-content\/uploads\/2025\/04\/whateapp-1-300x169.jpg 300w, https:\/\/ua-protector.com\/wp-content\/uploads\/2025\/04\/whateapp-1-18x10.jpg 18w\" alt=\"\" width=\"573\" height=\"322\" \/><\/p>","protected":false},"excerpt":{"rendered":"<p>Die <a href=\"https:\/\/ua-protector.com\/de\/motorschutzschalter\/\">Steuerung und Schutzschaltung,Motorschutzschalter<\/a> hat ein sch\u00f6nes Design, und das Produkt verf\u00fcgt \u00fcber Funktionen wie \u00dcberspannung, Unterspannung, \u00dcberlast, Kurzschluss, blockierter Rotor, dreiphasiges Ungleichgewicht, \u00dcbertemperatur, Leckage, Kommunikation, etc. Das Software-Design ist benutzerfreundlich, mit direkter dreireihiger Anzeige, und die Funktionen des Produkts sind einfach zu erweitern. Derzeit,<\/p>","protected":false},"featured_media":4477,"template":"","meta":{"_acf_changed":false,"site-sidebar-layout":"default","site-content-layout":"","ast-site-content-layout":"default","site-content-style":"default","site-sidebar-style":"default","ast-global-header-display":"","ast-banner-title-visibility":"","ast-main-header-display":"","ast-hfb-above-header-display":"","ast-hfb-below-header-display":"","ast-hfb-mobile-header-display":"","site-post-title":"","ast-breadcrumbs-content":"","ast-featured-img":"","footer-sml-layout":"","theme-transparent-header-meta":"default","adv-header-id-meta":"","stick-header-meta":"","header-above-stick-meta":"","header-main-stick-meta":"","header-below-stick-meta":"","astra-migrate-meta-layouts":"set","ast-page-background-enabled":"default","ast-page-background-meta":{"desktop":{"background-color":"","background-image":"","background-repeat":"repeat","background-position":"center center","background-size":"auto","background-attachment":"scroll","background-type":"","background-media":"","overlay-type":"","overlay-color":"","overlay-opacity":"","overlay-gradient":""},"tablet":{"background-color":"","background-image":"","background-repeat":"repeat","background-position":"center center","background-size":"auto","background-attachment":"scroll","background-type":"","background-media":"","overlay-type":"","overlay-color":"","overlay-opacity":"","overlay-gradient":""},"mobile":{"background-color":"","background-image":"","background-repeat":"repeat","background-position":"center center","background-size":"auto","background-attachment":"scroll","background-type":"","background-media":"","overlay-type":"","overlay-color":"","overlay-opacity":"","overlay-gradient":""}},"ast-content-background-meta":{"desktop":{"background-color":"var(--ast-global-color-5)","background-image":"","background-repeat":"repeat","background-position":"center center","background-size":"auto","background-attachment":"scroll","background-type":"","background-media":"","overlay-type":"","overlay-color":"","overlay-opacity":"","overlay-gradient":""},"tablet":{"background-color":"var(--ast-global-color-5)","background-image":"","background-repeat":"repeat","background-position":"center center","background-size":"auto","background-attachment":"scroll","background-type":"","background-media":"","overlay-type":"","overlay-color":"","overlay-opacity":"","overlay-gradient":""},"mobile":{"background-color":"var(--ast-global-color-5)","background-image":"","background-repeat":"repeat","background-position":"center center","background-size":"auto","background-attachment":"scroll","background-type":"","background-media":"","overlay-type":"","overlay-color":"","overlay-opacity":"","overlay-gradient":""}}},"product_brand":[],"product_cat":[63,56,61,62],"product_tag":[58,59,60],"class_list":{"0":"post-4430","1":"product","2":"type-product","3":"status-publish","4":"has-post-thumbnail","6":"product_cat-motor-protector","7":"product_cat-protector","8":"product_cat-switch","9":"product_cat-voltage-protector","10":"product_tag-energy","11":"product_tag-phase","12":"product_tag-sale","13":"desktop-align-center","14":"tablet-align-left","15":"mobile-align-left","17":"first","18":"instock","19":"featured","20":"shipping-taxable","21":"product-type-simple"},"acf":[],"_links":{"self":[{"href":"https:\/\/ua-protector.com\/de\/wp-json\/wp\/v2\/product\/4430","targetHints":{"allow":["GET"]}}],"collection":[{"href":"https:\/\/ua-protector.com\/de\/wp-json\/wp\/v2\/product"}],"about":[{"href":"https:\/\/ua-protector.com\/de\/wp-json\/wp\/v2\/types\/product"}],"version-history":[{"count":8,"href":"https:\/\/ua-protector.com\/de\/wp-json\/wp\/v2\/product\/4430\/revisions"}],"predecessor-version":[{"id":6696,"href":"https:\/\/ua-protector.com\/de\/wp-json\/wp\/v2\/product\/4430\/revisions\/6696"}],"wp:featuredmedia":[{"embeddable":true,"href":"https:\/\/ua-protector.com\/de\/wp-json\/wp\/v2\/media\/4477"}],"wp:attachment":[{"href":"https:\/\/ua-protector.com\/de\/wp-json\/wp\/v2\/media?parent=4430"}],"wp:term":[{"taxonomy":"product_brand","embeddable":true,"href":"https:\/\/ua-protector.com\/de\/wp-json\/wp\/v2\/product_brand?post=4430"},{"taxonomy":"product_cat","embeddable":true,"href":"https:\/\/ua-protector.com\/de\/wp-json\/wp\/v2\/product_cat?post=4430"},{"taxonomy":"product_tag","embeddable":true,"href":"https:\/\/ua-protector.com\/de\/wp-json\/wp\/v2\/product_tag?post=4430"}],"curies":[{"name":"wp","href":"https:\/\/api.w.org\/{rel}","templated":true}]}}