{"id":4429,"date":"2025-04-27T02:23:54","date_gmt":"2025-04-27T02:23:54","guid":{"rendered":"https:\/\/ua-protector.com\/?post_type=product&#038;p=4429"},"modified":"2025-08-06T01:25:09","modified_gmt":"2025-08-06T08:25:09","slug":"three-phase-four-wire-self-resettable-over-under-voltage-protector","status":"publish","type":"product","link":"https:\/\/ua-protector.com\/de\/produkt\/beschutzer\/spannungswachter\/dreiphasiger-vieradriger-selbstruckstellbarer-schutzschalter-gegen-unterspannung\/","title":{"rendered":"Dreiphasiger, vieradriger, selbstr\u00fcckstellbarer \u00dcber-\/Unterspannungsschutz JGGQ-100S"},"content":{"rendered":"<h2><strong>1. Einleitung<\/strong><\/h2>\n<hr \/>\n<figure id=\"attachment_4472\" aria-describedby=\"caption-attachment-4472\" style=\"width: 300px\" class=\"wp-caption alignleft\"><img fetchpriority=\"high\" decoding=\"async\" class=\"wp-image-4472 size-medium\" src=\"https:\/\/ua-protector.com\/wp-content\/uploads\/2025\/04\/JGGQ-100S-0-300x300.jpg\" alt=\"3-phasiger 4-Draht-Schutzschalter mit selbstt\u00e4tiger R\u00fcckstellung bei \u00dcber- und Unterspannung \" width=\"300\" height=\"300\" srcset=\"https:\/\/ua-protector.com\/wp-content\/uploads\/2025\/04\/JGGQ-100S-0-300x300.jpg 300w, https:\/\/ua-protector.com\/wp-content\/uploads\/2025\/04\/JGGQ-100S-0-100x100.jpg 100w, https:\/\/ua-protector.com\/wp-content\/uploads\/2025\/04\/JGGQ-100S-0-600x600.jpg 600w, https:\/\/ua-protector.com\/wp-content\/uploads\/2025\/04\/JGGQ-100S-0-150x150.jpg 150w, https:\/\/ua-protector.com\/wp-content\/uploads\/2025\/04\/JGGQ-100S-0-768x768.jpg 768w, https:\/\/ua-protector.com\/wp-content\/uploads\/2025\/04\/JGGQ-100S-0.jpg 800w\" sizes=\"(max-width: 300px) 100vw, 300px\" \/><figcaption id=\"caption-attachment-4472\" class=\"wp-caption-text\">3-phasiger 4-Draht-Schutzschalter mit selbstt\u00e4tiger R\u00fcckstellung bei \u00dcber- und Unterspannung<\/figcaption><\/figure>\n<p><a href=\"https:\/\/ua-protector.com\/de\/\"><strong>Dreiphasiger, vieradriger, selbstr\u00fcckstellbarer \u00dcber-\/Unterspannungsschutz <\/strong><\/a>Wenn die Stromversorgungsleitung \u00dcber- und Unterspannung aufweist, kann der Schutzschalter den Stromkreis unter der st\u00e4ndigen Einwirkung von Hochspannung schnell und sicher unterbrechen, um das Auftreten von Unf\u00e4llen zu vermeiden, die durch die an die elektrischen Endger\u00e4te gesendete anormale Spannung verursacht werden, und wenn die Spannung zu normalen Werten zur\u00fcckkehrt, schaltet der Schutzschalter den Stromkreis innerhalb der festgelegten Zeit automatisch ein, um den normalen Betrieb der elektrischen Endger\u00e4te in der unbeaufsichtigten Situation zu gew\u00e4hrleisten.<\/p>\n<p><strong>Zweitens, die wichtigsten technischen Parameter<\/strong><\/p>\n<p>1. Nennstrom: 32A, 40A, 50A, 63A, 80A, 100A<\/p>\n<p>2. Betriebsspannung: AC230V (Arbeitsmodus Phase-Leitung-Neutralleiter)<\/p>\n<p>3. \u00dcberspannungsschutzwert: AC270V \u00b15V<\/p>\n<p>4. Unterspannungsschutzwert: AC170V \u00b15V<\/p>\n<p>5. R\u00fcckstellzeit nach Ausfall: 40 Sekunden \u00b15 Sekunden<\/p>\n<p>6. Aktionszeit: 0,1 Sekunden<\/p>\n<p>7. Die Produkte haben haupts\u00e4chlich die Funktionen des Phasenverlustschutzes und des fehlenden Nullleitungsschutzes, <a href=\"https:\/\/elejg.com\/\" target=\"_blank\" rel=\"noopener\">\u00dcberspannung<\/a> Schutz, Unterspannungsschutz und so weiter<\/p>\n<h2><strong>Die Umsetzung von Normen<\/strong><\/h2>\n<hr \/>\n<p>JGJ242-2011 Code f\u00fcr die elektrische Planung von Wohngeb\u00e4uden<\/p>\n<p>JGJ\/T16-2008<\/p>\n<p>GJBT-672 Standardatlas f\u00fcr die elektrische Planung und Konstruktion von Wohngeb\u00e4uden<\/p>\n<p>GB\/T68895.10-2001<\/p>\n<p>Erf\u00fcllt die Sicherheitsstandards f\u00fcr Elektroger\u00e4te der Klasse III<\/p>\n<p>JB\/T12762-2015 \u300a<strong>Selbst r\u00fccksetzbarer \u00dcber-\/Unterspannungsschutz<\/strong>\uff08<strong>OUPA<\/strong>)\u300b<\/p>\n<h2><strong>Die Gesamtabmessungen<\/strong><\/h2>\n<hr \/>\n<p>&nbsp;<\/p>\n<p><img decoding=\"async\" class=\"alignnone\" title=\"Abmessungen .jpg\" src=\"https:\/\/elejg.com\/static\/upload\/image\/20241216\/1734334647745672.jpg\" alt=\"\" width=\"664\" height=\"287\" border=\"0\" hspace=\"0\" vspace=\"0\" data-bd-imgshare-binded=\"1\" \/><\/p>\n<p>&nbsp;<\/p>\n<hr \/>\n<h1 class=\"elementor-heading-title elementor-size-default\"><span style=\"color: #0000ff;\">Kontaktieren Sie uns jetzt, kostenlose Muster sind verf\u00fcgbar<\/span><\/h1>\n<p>Wenn Sie mehr \u00fcber unsere Produkte und Dienstleistungen erfahren m\u00f6chten, erhalten Sie eine Antwort von einem Elektrofachmann. Wir freuen uns darauf, Sie zu unterst\u00fctzen.<\/p>\n<p>Mob\/WhatsApp\/Wang: +86 18958900126<br \/>\nGesch\u00e4ftliche E-Mail\uff1a<strong>sales@tokeep.net<br \/>\n<\/strong>Technologie E-Mail:\u00a0<strong>tokeepcc@gmail.com<\/strong><strong><br \/>\n<\/strong>Pers\u00f6nliche E-Mail:<strong>\u00a0wxj7607@126.com<\/strong><\/p>\n<p><img decoding=\"async\" class=\"alignnone wp-image-5833 size-full\" src=\"https:\/\/ua-protector.com\/wp-content\/uploads\/2025\/04\/whateapp-1.jpg\" sizes=\"(max-width: 573px) 100vw, 573px\" srcset=\"https:\/\/ua-protector.com\/wp-content\/uploads\/2025\/04\/whateapp-1.jpg 573w, https:\/\/ua-protector.com\/wp-content\/uploads\/2025\/04\/whateapp-1-300x169.jpg 300w, https:\/\/ua-protector.com\/wp-content\/uploads\/2025\/04\/whateapp-1-18x10.jpg 18w\" alt=\"\" width=\"573\" height=\"322\" \/><\/p>\n<p>&nbsp;<\/p>","protected":false},"excerpt":{"rendered":"<p><strong>Dreiphasiger, vieradriger, selbstr\u00fcckstellbarer \u00dcber-\/Unterspannungsschutz <\/strong>nimmt High-Speed-Mikro-Low-Power-Prozessor als das Herzst\u00fcck des Steuerkreises, magnetische Verriegelungsrelais als die wichtigste Schaltung, und modularisierte Standard-Design, wenn die Stromversorgungsleitung hat \u00dcberspannung und Unterspannung, kann der Schutz schnell und sicher schneiden Sie die Schaltung unter den kontinuierlichen Hochspannung Auswirkungen, Wenn die Spannung zu normalen Werten zur\u00fcckkehrt, schaltet der Schutzschalter den Stromkreis innerhalb der festgelegten Zeit automatisch wieder ein, um den normalen Betrieb der elektrischen Endger\u00e4te zu gew\u00e4hrleisten, wenn diese unbeaufsichtigt sind.<\/p>","protected":false},"featured_media":4472,"template":"","meta":{"_acf_changed":false,"site-sidebar-layout":"default","site-content-layout":"","ast-site-content-layout":"default","site-content-style":"default","site-sidebar-style":"default","ast-global-header-display":"","ast-banner-title-visibility":"","ast-main-header-display":"","ast-hfb-above-header-display":"","ast-hfb-below-header-display":"","ast-hfb-mobile-header-display":"","site-post-title":"","ast-breadcrumbs-content":"","ast-featured-img":"","footer-sml-layout":"","theme-transparent-header-meta":"default","adv-header-id-meta":"","stick-header-meta":"","header-above-stick-meta":"","header-main-stick-meta":"","header-below-stick-meta":"","astra-migrate-meta-layouts":"set","ast-page-background-enabled":"default","ast-page-background-meta":{"desktop":{"background-color":"","background-image":"","background-repeat":"repeat","background-position":"center center","background-size":"auto","background-attachment":"scroll","background-type":"","background-media":"","overlay-type":"","overlay-color":"","overlay-opacity":"","overlay-gradient":""},"tablet":{"background-color":"","background-image":"","background-repeat":"repeat","background-position":"center center","background-size":"auto","background-attachment":"scroll","background-type":"","background-media":"","overlay-type":"","overlay-color":"","overlay-opacity":"","overlay-gradient":""},"mobile":{"background-color":"","background-image":"","background-repeat":"repeat","background-position":"center center","background-size":"auto","background-attachment":"scroll","background-type":"","background-media":"","overlay-type":"","overlay-color":"","overlay-opacity":"","overlay-gradient":""}},"ast-content-background-meta":{"desktop":{"background-color":"var(--ast-global-color-5)","background-image":"","background-repeat":"repeat","background-position":"center center","background-size":"auto","background-attachment":"scroll","background-type":"","background-media":"","overlay-type":"","overlay-color":"","overlay-opacity":"","overlay-gradient":""},"tablet":{"background-color":"var(--ast-global-color-5)","background-image":"","background-repeat":"repeat","background-position":"center center","background-size":"auto","background-attachment":"scroll","background-type":"","background-media":"","overlay-type":"","overlay-color":"","overlay-opacity":"","overlay-gradient":""},"mobile":{"background-color":"var(--ast-global-color-5)","background-image":"","background-repeat":"repeat","background-position":"center center","background-size":"auto","background-attachment":"scroll","background-type":"","background-media":"","overlay-type":"","overlay-color":"","overlay-opacity":"","overlay-gradient":""}}},"product_brand":[],"product_cat":[62,56],"product_tag":[58,59,60],"class_list":{"0":"post-4429","1":"product","2":"type-product","3":"status-publish","4":"has-post-thumbnail","6":"product_cat-voltage-protector","7":"product_cat-protector","8":"product_tag-energy","9":"product_tag-phase","10":"product_tag-sale","11":"desktop-align-center","12":"tablet-align-left","13":"mobile-align-left","15":"first","16":"instock","17":"featured","18":"shipping-taxable","19":"product-type-simple"},"acf":[],"_links":{"self":[{"href":"https:\/\/ua-protector.com\/de\/wp-json\/wp\/v2\/product\/4429","targetHints":{"allow":["GET"]}}],"collection":[{"href":"https:\/\/ua-protector.com\/de\/wp-json\/wp\/v2\/product"}],"about":[{"href":"https:\/\/ua-protector.com\/de\/wp-json\/wp\/v2\/types\/product"}],"version-history":[{"count":14,"href":"https:\/\/ua-protector.com\/de\/wp-json\/wp\/v2\/product\/4429\/revisions"}],"predecessor-version":[{"id":6695,"href":"https:\/\/ua-protector.com\/de\/wp-json\/wp\/v2\/product\/4429\/revisions\/6695"}],"wp:featuredmedia":[{"embeddable":true,"href":"https:\/\/ua-protector.com\/de\/wp-json\/wp\/v2\/media\/4472"}],"wp:attachment":[{"href":"https:\/\/ua-protector.com\/de\/wp-json\/wp\/v2\/media?parent=4429"}],"wp:term":[{"taxonomy":"product_brand","embeddable":true,"href":"https:\/\/ua-protector.com\/de\/wp-json\/wp\/v2\/product_brand?post=4429"},{"taxonomy":"product_cat","embeddable":true,"href":"https:\/\/ua-protector.com\/de\/wp-json\/wp\/v2\/product_cat?post=4429"},{"taxonomy":"product_tag","embeddable":true,"href":"https:\/\/ua-protector.com\/de\/wp-json\/wp\/v2\/product_tag?post=4429"}],"curies":[{"name":"wp","href":"https:\/\/api.w.org\/{rel}","templated":true}]}}