{"id":4425,"date":"2025-04-27T02:23:54","date_gmt":"2025-04-27T02:23:54","guid":{"rendered":"https:\/\/ua-protector.com\/?post_type=product&#038;p=4425"},"modified":"2025-08-06T01:17:53","modified_gmt":"2025-08-06T08:17:53","slug":"adjustable-over-under-voltage-protector","status":"publish","type":"product","link":"https:\/\/ua-protector.com\/de\/produkt\/beschutzer\/feuerfester-strombegrenzungsschutzschalter\/einstellbarer-uber-unterspannungsschutz\/","title":{"rendered":"Einstellbarer \u00dcber-Unterspannungsschutz JGIV-63"},"content":{"rendered":"<h3>1\u3001Einf\u00fchrung<\/h3>\n<hr \/>\n<figure id=\"attachment_4449\" aria-describedby=\"caption-attachment-4449\" style=\"width: 300px\" class=\"wp-caption alignleft\"><img fetchpriority=\"high\" decoding=\"async\" src=\"https:\/\/ua-protector.com\/wp-content\/uploads\/2025\/04\/JGIV-63-4-300x300.jpg\" alt=\"Einstellbarer \u00dcber-Unterspannungsschutz\" width=\"300\" height=\"300\" \/><figcaption id=\"caption-attachment-4449\" class=\"wp-caption-text\">Einstellbarer \u00dcber-Unterspannungsschutz<\/figcaption><\/figure>\n<p><a href=\"https:\/\/ua-protector.com\/de\/produkt-kategorie\/produkt\/beschutzer\/spannungswachter\/\">\u00a0 \u00a0 Einstellbarer \u00dcber-Unterspannungsschutz<\/a>\u00a0 Die Serie JGIV-63 ist ein strombegrenzender \u00dcber- und Unterspannungsschutz mit Leckstrombegrenzung, der \u00dcber- und Unterspannungsschutz, Kurzschlussschutz, Leckstromschutz und umfassende Schutzfunktionen umfasst. Das Produkt hat die Vorteile der Modularit\u00e4t, Intelligenz und Visualisierung.<\/p>\n<p>Alle Schutzparameter wie \u00dcberspannung, Unterspannung und Leckageschutz k\u00f6nnen entsprechend dem Leistungsbedarf eingestellt werden, so dass der Schutzschalter die Stromversorgung im Falle einer St\u00f6rung sofort unterbrechen kann. <a href=\"https:\/\/elejg.com\/\" target=\"_blank\" rel=\"noopener\">\u00dcberspannung, Unterspannung,<\/a> Kurzschluss, Leckage und andere Fehler im Stromkreis und sch\u00fctzt die elektrischen Ger\u00e4te vor Sch\u00e4den.<br \/>\nDiese Produktreihe hat eine kompakte Struktur, ein sch\u00f6nes Aussehen und eine Standardschieneninstallation. Sie eignet sich vor allem f\u00fcr die Stromverteilung in Haushalten, Schulwohnheimen, Mietsh\u00e4usern und anderen Gelegenheiten.<\/p>\n<h3>2\u3001Arbeitsbedingungen und Parameter<\/h3>\n<hr \/>\n<p>2.1. Das erste normale Einschalten erfolgt automatisch nach einer Verz\u00f6gerung von 1 Sekunde; bei \u00dcberspannung, Unterspannung, \u00dcberstrom oder Leckage w\u00e4hrend des ersten Einschaltens schaltet sich das Produkt innerhalb von 1 Sekunde automatisch ab;<br \/>\n2.2. Aktuelle Schutzparameter:<br \/>\na. \u2265 1,0 mal Strom, Einstellbereich 1-120 Sekunden, Standard 10 Sekunden<br \/>\nb. \u2265 2 mal der Kurzschlussstrom, 0,1 Sekunden zum \u00d6ffnen des Stromkreises<br \/>\n2.3. Die Umgebungstemperatur sollte +40 \u2103 nicht \u00fcberschreiten, nicht niedriger als -5 \u2103 sein, und die durchschnittliche Temperatur \u00fcber 24 Stunden sollte +35 \u2103 nicht \u00fcberschreiten; Bei +40 \u2103 sollte die Umgebungsluftfeuchtigkeit 50% nicht \u00fcberschreiten.<br \/>\n2.4. Die Meeresh\u00f6he des Aufstellungsortes darf 2000 Meter nicht \u00fcberschreiten.5. Verschmutzungsgrad III.6. In der Installationsumgebung gibt es keine explosiven gef\u00e4hrlichen Medien, keine \u00e4tzenden oder isolierenden Gase und keinen leitf\u00e4higen Staub. Es gibt auch keine Bereiche, die von Regen oder Schnee betroffen sind.<\/p>\n<h3>3\u3001Einstellbarer \u00dcber-Unterspannungsschutz der Einstellungen<\/h3>\n<hr \/>\n<div style=\"overflow-x: auto;\">\n<table style=\"min-width: 600px; height: 305px;\" border=\"1\" width=\"1288\" cellspacing=\"0\">\n<tbody>\n<tr>\n<td>Typ<\/td>\n<td>JGIV-63<\/td>\n<\/tr>\n<tr>\n<td>Aktuelle Spezifikationen<\/td>\n<td>63A(2~63A)<\/td>\n<\/tr>\n<tr>\n<td>Einstellbereich der \u00dcberspannung<\/td>\n<td>AC270V(210~300V)<\/td>\n<\/tr>\n<tr>\n<td>Bereich der Unterspannungseinstellung<\/td>\n<td>AC170V(80~200V)<\/td>\n<\/tr>\n<tr>\n<td>Ableitstrom-Einstellbereich<\/td>\n<td>20mA(5~300mA)<\/td>\n<\/tr>\n<tr>\n<td>Betriebsspannung<\/td>\n<td>AC230V\/400V<\/td>\n<\/tr>\n<\/tbody>\n<\/table>\n<\/div>\n<p>3.1. Taste \"Einstellungen\": Halten Sie die Einstellungstaste 2 Sekunden lang gedr\u00fcckt, um in den Einstellungsmodus zu gelangen. Nach dem Aufrufen des Einstellungsmodus dr\u00fccken Sie die Taste einmal, um das n\u00e4chste Einstellungsmen\u00fc aufzurufen;<br \/>\n3.2. Umschalttaste: In der Einstellung ist dies die digitale Umschaltfunktion;<br \/>\n3.3. Datenschl\u00fcssel: Abfrage der letzten Fehlerinformationen des Produkts und \u00c4nderung der Parameter, die beim Setzen des Status eingestellt werden m\u00fcssen;<br \/>\n3.4. Reset-Taste: Wenn der erste \u00dcberstrom oder die erste Leckage auftritt, schaltet sich das Produkt nach einer bestimmten R\u00fcckstellverz\u00f6gerungszeit automatisch aus. Wenn der zweite \u00dcberstrom oder die zweite Leckage auftritt, muss manuell best\u00e4tigt werden, dass kein Fehler im Stromkreis vorhanden ist. Nach der manuellen Bet\u00e4tigung des R\u00fcckstellknopfes wird das Ger\u00e4t geschlossen. Dr\u00fccken Sie im eingestellten Zustand die R\u00fccksetztaste 1 Sekunde lang, um den eingestellten Zustand zu speichern und zu verlassen,<br \/>\n3.5 Halten Sie die Reset-Taste w\u00e4hrend der Echtzeitanzeige gedr\u00fcckt, um das Produkt zu \u00f6ffnen, und dr\u00fccken Sie sie erneut, um es zu schlie\u00dfen.<\/p>\n<p><img decoding=\"async\" src=\"https:\/\/ua-protector.com\/wp-content\/uploads\/2025\/04\/\u83dc\u5355-\u82f1\u6587.jpg\" alt=\"\" width=\"827\" height=\"594\" \/><\/p>\n<p>&nbsp;<\/p>\n<h3><img decoding=\"async\" src=\"https:\/\/ua-protector.com\/wp-content\/uploads\/2025\/04\/\u9762\u677f\u8bf4\u660e-\u82f1\u6587-1.jpg\" alt=\"\" width=\"451\" height=\"752\" \/><\/h3>\n<p>&nbsp;<\/p>\n<h3>5\u3001Abmessungen<\/h3>\n<hr \/>\n<p><img loading=\"lazy\" decoding=\"async\" src=\"https:\/\/ua-protector.com\/wp-content\/uploads\/2025\/04\/\u5b89\u88c5\u5c3a\u5bf8.jpg\" alt=\"\" width=\"686\" height=\"530\" \/><\/p>\n<h2>Sollte ein Plan sein<\/h2>\n<hr \/>\n<figure id=\"attachment_6111\" aria-describedby=\"caption-attachment-6111\" style=\"width: 600px\" class=\"wp-caption alignnone\"><img loading=\"lazy\" decoding=\"async\" class=\"wp-image-6111 size-full\" src=\"https:\/\/ua-protector.com\/wp-content\/uploads\/2025\/04\/\u63a5\u7ebf\u56fe-\u8fc7\u6b20\u538b-3.jpg\" alt=\"\u00dcber- und Unterspannungsschutzger\u00e4te\" width=\"600\" height=\"1133\" srcset=\"https:\/\/ua-protector.com\/wp-content\/uploads\/2025\/04\/\u63a5\u7ebf\u56fe-\u8fc7\u6b20\u538b-3.jpg 600w, https:\/\/ua-protector.com\/wp-content\/uploads\/2025\/04\/\u63a5\u7ebf\u56fe-\u8fc7\u6b20\u538b-3-159x300.jpg 159w, https:\/\/ua-protector.com\/wp-content\/uploads\/2025\/04\/\u63a5\u7ebf\u56fe-\u8fc7\u6b20\u538b-3-542x1024.jpg 542w, https:\/\/ua-protector.com\/wp-content\/uploads\/2025\/04\/\u63a5\u7ebf\u56fe-\u8fc7\u6b20\u538b-3-6x12.jpg 6w\" sizes=\"(max-width: 600px) 100vw, 600px\" \/><figcaption id=\"caption-attachment-6111\" class=\"wp-caption-text\">\u00dcber- und Unterspannungsschutzger\u00e4te<\/figcaption><\/figure>\n<h3 data-slate-node=\"element\"><span class=\"null hover-sent\" style=\"color: #ff0000;\" data-slate-leaf=\"true\" data-sent-id=\"ejrkgDPYqe\">Warnung:<\/span><\/h3>\n<div data-slate-node=\"element\"><span data-slate-node=\"text\"><span class=\"null hover-sent\" data-slate-leaf=\"true\" data-sent-id=\"ejrkgDPYqe\">Die Dr\u00e4hte N und L d\u00fcrfen nicht falsch angeschlossen werden.<\/span><\/span><\/div>\n<div data-slate-node=\"element\" data-slate-fragment=\"JTVCJTdCJTIydHlwZSUyMiUzQSUyMnBhcmFncmFwaCUyMiUyQyUyMmNoaWxkcmVuJTIyJTNBJTVCJTdCJTIyaWQlMjIlM0ElMjJlanJrZ0RQWXFlJTIyJTJDJTIycGFyYUlkeCUyMiUzQTElMkMlMjJzcmMlMjIlM0ElMjJBdHRlbnRpb24lM0ElMjBUaGUlMjBOJTIwYW5kJTIwTCUyMHdpcmVzJTIwbXVzdCUyMG5vdCUyMGJlJTIwY29ubmVjdGVkJTIwaW5jb3JyZWN0bHkuJTIyJTJDJTIyZHN0JTIyJTNBJTIyJUU2JUIzJUE4JUU2JTg0JThGJUVGJUJDJTlBTiVFNSU5MiU4Q0wlRTclQkElQkYlRTQlQjglOEQlRTUlQkUlOTclRTglQkYlOUUlRTYlOEUlQTUlRTklOTQlOTklRTglQUYlQUYlRTMlODAlODIlMjIlMkMlMjJtZXRhZGF0YSUyMiUzQSUyMiUyMiUyQyUyMm1hdGNoZXMlMjIlM0FudWxsJTJDJTIybWV0YURhdGElMjIlM0ElNUIlNUQlMkMlMjJ0ZXh0JTIyJTNBJTIyVGhlJTIwTiUyMGFuZCUyMEwlMjB3aXJlcyUyMG11c3QlMjBub3QlMjBiZSUyMGNvbm5lY3RlZCUyMGluY29ycmVjdGx5LiUyMiU3RCU1RCU3RCUyQyU3QiUyMnR5cGUlMjIlM0ElMjJwYXJhZ3JhcGglMjIlMkMlMjJjaGlsZHJlbiUyMiUzQSU1QiU3QiUyMmlkJTIyJTNBJTIyVk5ETmRqOUFiQiUyMiUyQyUyMnBhcmFJZHglMjIlM0EyJTJDJTIyc3JjJTIyJTNBJTIyQWxsJTIwdGVybWluYWxzJTIwbXVzdCUyMGJlJTIwdGlnaHRlbmVkJTIwdG8lMjBwcmV2ZW50JTIwZmFsc2UlMjBjb25uZWN0aW9ucyUyMHRoYXQlMjBjb3VsZCUyMGJ1cm4lMjBvdXQlMjB0aGUlMjBwcm90ZWN0b3IuJTIyJTJDJTIyZHN0JTIyJTNBJTIyJUU2JTg5JTgwJUU2JTlDJTg5JUU3JUFCJUFGJUU1JUFEJTkwJUU1JUJGJTg1JUU5JUExJUJCJUU2JThCJUE3JUU3JUI0JUE3JUVGJUJDJThDJUU0JUJCJUE1JUU5JTk4JUIyJUU2JUFEJUEyJUU1JThGJUFGJUU4JTgzJUJEJUU3JTgzJUE3JUU1JTlEJThGJUU0JUJGJTlEJUU2JThBJUE0JUU1JTk5JUE4JUU3JTlBJTg0JUU5JTk0JTk5JUU4JUFGJUFGJUU4JUJGJTlFJUU2JThFJUE1JUUzJTgwJTgyJTIyJTJDJTIybWV0YWRhdGElMjIlM0ElMjIlMjIlMkMlMjJtYXRjaGVzJTIyJTNBbnVsbCUyQyUyMm1ldGFEYXRhJTIyJTNBJTVCJTVEJTJDJTIydGV4dCUyMiUzQSUyMkFsbCUyMHRlcm1pbmFscyUyMG11c3QlMjBiZSUyMHRpZ2h0ZW5lZCUyMHRvJTIwcHJldmVudCUyMGZhbHNlJTIwY29ubmVjdGlvbnMlMjB0aGF0JTIwY291bGQlMjBidXJuJTIwb3V0JTIwdGhlJTIwcHJvdGVjdG9yLiUyMiU3RCU1RCU3RCU1RA==\"><span data-slate-node=\"text\"><span class=\"null\" data-slate-leaf=\"true\" data-sent-id=\"VNDNdj9AbB\">Alle Klemmen m\u00fcssen fest angezogen sein, um falsche Verbindungen zu vermeiden, die den Schutz durchbrennen lassen k\u00f6nnten.<\/span><\/span><\/div>\n<h2 class=\"wp-block-heading\"><\/h2>\n<h2><strong>Informationen zum Standardpaket<\/strong><\/h2>\n<hr \/>\n<p><img loading=\"lazy\" decoding=\"async\" class=\"alignnone wp-image-6114 size-medium\" src=\"https:\/\/ua-protector.com\/wp-content\/uploads\/2025\/04\/45.5-23.5-31.5-box-300x300.jpg\" alt=\"\" width=\"300\" height=\"300\" srcset=\"https:\/\/ua-protector.com\/wp-content\/uploads\/2025\/04\/45.5-23.5-31.5-box-300x300.jpg 300w, https:\/\/ua-protector.com\/wp-content\/uploads\/2025\/04\/45.5-23.5-31.5-box-150x150.jpg 150w, https:\/\/ua-protector.com\/wp-content\/uploads\/2025\/04\/45.5-23.5-31.5-box-12x12.jpg 12w, https:\/\/ua-protector.com\/wp-content\/uploads\/2025\/04\/45.5-23.5-31.5-box-600x600.jpg 600w, https:\/\/ua-protector.com\/wp-content\/uploads\/2025\/04\/45.5-23.5-31.5-box-100x100.jpg 100w, https:\/\/ua-protector.com\/wp-content\/uploads\/2025\/04\/45.5-23.5-31.5-box.jpg 750w\" sizes=\"(max-width: 300px) 100vw, 300px\" \/><\/p>\n<div style=\"overflow-x: auto;\">\n<table>\n<tbody>\n<tr>\n<th>Karton Abmessung (cm)<\/th>\n<th>Packliste<\/th>\n<th>QTY<\/th>\n<th>Bruttogewicht(kg)<\/th>\n<\/tr>\n<tr>\n<td style=\"text-align: center;\">45,5 cm \u00d7 23,5 cm \u00d7 31,5 cm<\/td>\n<td style=\"text-align: center;\">\u00a0Besch\u00fctzer<\/td>\n<td style=\"text-align: center;\">120St\u00fcck<\/td>\n<td style=\"text-align: center;\">20kg<\/td>\n<\/tr>\n<\/tbody>\n<\/table>\n<\/div>\n<p>&nbsp;<\/p>\n<h1 class=\"elementor-heading-title elementor-size-default\"><span style=\"color: #0000ff;\">Kontaktieren Sie uns jetzt, kostenlose Muster sind verf\u00fcgbar<\/span><\/h1>\n<hr \/>\n<p><strong>Wenn Sie mehr \u00fcber unsere Produkte und Dienstleistungen erfahren m\u00f6chten, erhalten Sie eine Antwort von einem Elektrofachmann. Wir freuen uns darauf, Sie zu unterst\u00fctzen.<\/strong><\/p>\n<p>Mob\/WhatsApp\/WeChat\/Wang: +86 18958900126<br \/>\nGesch\u00e4ftliche E-Mail\uff1a<strong>sales@tokeep.net<br \/>\n<\/strong>Technologie E-Mail:\u00a0<strong>tokeepcc@gmail.com<\/strong><strong><br \/>\n<\/strong>Pers\u00f6nliche E-Mail:<strong>\u00a0wxj7607@126.com<\/strong><\/p>\n<p><img loading=\"lazy\" decoding=\"async\" class=\"alignnone wp-image-5833 size-full\" src=\"https:\/\/ua-protector.com\/wp-content\/uploads\/2025\/04\/whateapp-1.jpg\" sizes=\"(max-width: 573px) 100vw, 573px\" srcset=\"https:\/\/ua-protector.com\/wp-content\/uploads\/2025\/04\/whateapp-1.jpg 573w, https:\/\/ua-protector.com\/wp-content\/uploads\/2025\/04\/whateapp-1-300x169.jpg 300w, https:\/\/ua-protector.com\/wp-content\/uploads\/2025\/04\/whateapp-1-18x10.jpg 18w\" alt=\"\" width=\"573\" height=\"322\" \/><\/p>\n<p>spannungsschutz f\u00fcr zuhause,in pakistan bester spannungsschutz f\u00fcr zuhause,einstellbarer \u00fcber- und unterspannungsschutz,spannungsschutz f\u00fcr k\u00fchlschrank,spannungsschutz preis<\/p>","protected":false},"excerpt":{"rendered":"<p><a href=\"https:\/\/ua-protector.com\/de\/produkt\/\"> Einstellbarer \u00dcber-Unterspannungsschutz\u00a0<\/a> Die Serie JGIV-63 ist ein strombegrenzender \u00dcber- und Unterspannungsschutz mit Leckstrombegrenzung, der \u00dcber- und Unterspannungsschutz, Kurzschlussschutz, Leckstromschutz und umfassende Schutzfunktionen umfasst. Das Produkt hat die Vorteile der Modularit\u00e4t, Intelligenz und Visualisierung.<\/p>","protected":false},"featured_media":4449,"template":"","meta":{"_acf_changed":false,"site-sidebar-layout":"default","site-content-layout":"","ast-site-content-layout":"default","site-content-style":"default","site-sidebar-style":"default","ast-global-header-display":"","ast-banner-title-visibility":"","ast-main-header-display":"","ast-hfb-above-header-display":"","ast-hfb-below-header-display":"","ast-hfb-mobile-header-display":"","site-post-title":"","ast-breadcrumbs-content":"","ast-featured-img":"","footer-sml-layout":"","theme-transparent-header-meta":"default","adv-header-id-meta":"","stick-header-meta":"","header-above-stick-meta":"","header-main-stick-meta":"","header-below-stick-meta":"","astra-migrate-meta-layouts":"set","ast-page-background-enabled":"default","ast-page-background-meta":{"desktop":{"background-color":"","background-image":"","background-repeat":"repeat","background-position":"center center","background-size":"auto","background-attachment":"scroll","background-type":"","background-media":"","overlay-type":"","overlay-color":"","overlay-opacity":"","overlay-gradient":""},"tablet":{"background-color":"","background-image":"","background-repeat":"repeat","background-position":"center center","background-size":"auto","background-attachment":"scroll","background-type":"","background-media":"","overlay-type":"","overlay-color":"","overlay-opacity":"","overlay-gradient":""},"mobile":{"background-color":"","background-image":"","background-repeat":"repeat","background-position":"center center","background-size":"auto","background-attachment":"scroll","background-type":"","background-media":"","overlay-type":"","overlay-color":"","overlay-opacity":"","overlay-gradient":""}},"ast-content-background-meta":{"desktop":{"background-color":"var(--ast-global-color-5)","background-image":"","background-repeat":"repeat","background-position":"center center","background-size":"auto","background-attachment":"scroll","background-type":"","background-media":"","overlay-type":"","overlay-color":"","overlay-opacity":"","overlay-gradient":""},"tablet":{"background-color":"var(--ast-global-color-5)","background-image":"","background-repeat":"repeat","background-position":"center center","background-size":"auto","background-attachment":"scroll","background-type":"","background-media":"","overlay-type":"","overlay-color":"","overlay-opacity":"","overlay-gradient":""},"mobile":{"background-color":"var(--ast-global-color-5)","background-image":"","background-repeat":"repeat","background-position":"center center","background-size":"auto","background-attachment":"scroll","background-type":"","background-media":"","overlay-type":"","overlay-color":"","overlay-opacity":"","overlay-gradient":""}}},"product_brand":[],"product_cat":[65,55,56,64,62,69],"product_tag":[91,115,110,87],"class_list":{"0":"post-4425","1":"product","2":"type-product","3":"status-publish","4":"has-post-thumbnail","6":"product_cat-fireproof-current-limiting-protector","7":"product_cat-meter","8":"product_cat-protector","9":"product_cat-smart-meter","10":"product_cat-voltage-protector","11":"product_cat-small-voltmeter","12":"product_tag-adjustable-over-and-under-voltage-protector","13":"product_tag-in-pakistanbest-voltage-protector-for-home","14":"product_tag-voltage-protector-220v","15":"product_tag-voltage-protector-for-home","16":"desktop-align-center","17":"tablet-align-left","18":"mobile-align-left","20":"first","21":"instock","22":"featured","23":"shipping-taxable","24":"product-type-simple"},"acf":[],"_links":{"self":[{"href":"https:\/\/ua-protector.com\/de\/wp-json\/wp\/v2\/product\/4425","targetHints":{"allow":["GET"]}}],"collection":[{"href":"https:\/\/ua-protector.com\/de\/wp-json\/wp\/v2\/product"}],"about":[{"href":"https:\/\/ua-protector.com\/de\/wp-json\/wp\/v2\/types\/product"}],"version-history":[{"count":42,"href":"https:\/\/ua-protector.com\/de\/wp-json\/wp\/v2\/product\/4425\/revisions"}],"predecessor-version":[{"id":6691,"href":"https:\/\/ua-protector.com\/de\/wp-json\/wp\/v2\/product\/4425\/revisions\/6691"}],"wp:featuredmedia":[{"embeddable":true,"href":"https:\/\/ua-protector.com\/de\/wp-json\/wp\/v2\/media\/4449"}],"wp:attachment":[{"href":"https:\/\/ua-protector.com\/de\/wp-json\/wp\/v2\/media?parent=4425"}],"wp:term":[{"taxonomy":"product_brand","embeddable":true,"href":"https:\/\/ua-protector.com\/de\/wp-json\/wp\/v2\/product_brand?post=4425"},{"taxonomy":"product_cat","embeddable":true,"href":"https:\/\/ua-protector.com\/de\/wp-json\/wp\/v2\/product_cat?post=4425"},{"taxonomy":"product_tag","embeddable":true,"href":"https:\/\/ua-protector.com\/de\/wp-json\/wp\/v2\/product_tag?post=4425"}],"curies":[{"name":"wp","href":"https:\/\/api.w.org\/{rel}","templated":true}]}}