{"id":4424,"date":"2025-04-27T02:23:54","date_gmt":"2025-04-27T02:23:54","guid":{"rendered":"https:\/\/ua-protector.com\/?post_type=product&#038;p=4424"},"modified":"2025-08-06T03:25:57","modified_gmt":"2025-08-06T10:25:57","slug":"selective-power-limit-protector","status":"publish","type":"product","link":"https:\/\/ua-protector.com\/de\/produkt\/beschutzer\/feuerfester-strombegrenzungsschutzschalter\/selektiver-leistungsbegrenzungsschutzschalter\/","title":{"rendered":"Der selektive Leistungsbegrenzungsschutzschalter JGXZ-63"},"content":{"rendered":"<h3>1\u3001Einf\u00fchrung<\/h3>\n<hr \/>\n<figure id=\"attachment_4443\" aria-describedby=\"caption-attachment-4443\" style=\"width: 300px\" class=\"wp-caption alignleft\"><img fetchpriority=\"high\" decoding=\"async\" class=\"wp-image-4443 size-medium\" src=\"https:\/\/ua-protector.com\/wp-content\/uploads\/2025\/04\/JGXZ-63-4-300x300.jpg\" alt=\"Selektiver Leistungsbegrenzungsschutz\" width=\"300\" height=\"300\" srcset=\"https:\/\/ua-protector.com\/wp-content\/uploads\/2025\/04\/JGXZ-63-4-300x300.jpg 300w, https:\/\/ua-protector.com\/wp-content\/uploads\/2025\/04\/JGXZ-63-4-100x100.jpg 100w, https:\/\/ua-protector.com\/wp-content\/uploads\/2025\/04\/JGXZ-63-4-600x600.jpg 600w, https:\/\/ua-protector.com\/wp-content\/uploads\/2025\/04\/JGXZ-63-4-150x150.jpg 150w, https:\/\/ua-protector.com\/wp-content\/uploads\/2025\/04\/JGXZ-63-4-768x768.jpg 768w, https:\/\/ua-protector.com\/wp-content\/uploads\/2025\/04\/JGXZ-63-4.jpg 800w\" sizes=\"(max-width: 300px) 100vw, 300px\" \/><figcaption id=\"caption-attachment-4443\" class=\"wp-caption-text\">Selektiver Leistungsbegrenzungsschutz<\/figcaption><\/figure>\n<p><strong><a href=\"https:\/\/ua-protector.com\/de\/\">\u00a0 \u00a0 \u00a0Selektiver Leistungsbegrenzungsschutz<\/a> <\/strong>JGXZ-63 ist ein selektiver Leistungsbegrenzer, der haupts\u00e4chlich zur Begrenzung der Leistungsaufnahme einzelner Elektroger\u00e4te mit \u00fcberm\u00e4\u00dfiger Leistung verwendet wird, und ein intelligenter Leistungsbegrenzer f\u00fcr die \u00dcberschreitung der Gesamtleistungsgrenze. Gleichzeitig verf\u00fcgt das Produkt \u00fcber mehrere Schutzfunktionen wie \u00dcberspannung, Unterspannung, Kurzschluss, Leckage, Temperatur, Frequenz und Strommessung. Das Produkt hat die Vorteile der Modularit\u00e4t, Intelligenz, Visualisierung und unterst\u00fctzt das Standard-Kommunikationsprotokoll Modbus 485.<\/p>\n<p>Alle Schutzparameter wie \u00dcberspannung, Unterspannung, Leistungsbegrenzung, Leckageschutz usw. k\u00f6nnen entsprechend dem Leistungsbedarf eingestellt werden, um sicherzustellen, dass die Schutzeinrichtung die Stromversorgung im Falle eines Stromausfalls sofort unterbrechen kann. <a href=\"https:\/\/www.elejg.com\/\" target=\"_blank\" rel=\"noopener\">\u00dcberspannung<\/a>Unterspannung, Kurzschluss, Leckage und andere Fehler in der Leitung und sch\u00fctzt die elektrischen Ger\u00e4te vor Sch\u00e4den.<\/p>\n<p>Diese Produktreihe zeichnet sich durch eine kompakte Struktur, ein sch\u00f6nes Aussehen und eine standardm\u00e4\u00dfige F\u00fchrungsschieneninstallation aus. Sie ist vor allem f\u00fcr Schulwohnheime, Mietsh\u00e4user und andere Gelegenheiten geeignet.<\/p>\n<h3>2\u3001Arbeitsprinzip des Produkts<\/h3>\n<hr \/>\n<p>Beispiel: Standardparameter des Produkts: Einzelne Leistung ist 0,2 kW, begrenzt auf 3 Mal, Gesamtleistung ist 2,0 kW<\/p>\n<p>a\u3001 Schlie\u00dfen Sie 10 Ger\u00e4te mit einer Leistung von weniger als 0,2 kW separat an, wobei die Einzelleistung nicht mehr als 0,2 kW und die Gesamtleistung nicht mehr als 2,0 kW betr\u00e4gt. Der Protector arbeitet normal. Wenn die Einzelleistung der angeschlossenen Elektroger\u00e4te nicht \u00fcbersteigt, aber die Gesamtleistung aufgrund zu vieler Anschl\u00fcsse 2,0 kW \u00fcbersteigt, schaltet sich der Schutz innerhalb der angegebenen Zeit ab, und eine manuelle R\u00fcckstellung ist zu diesem Zeitpunkt erforderlich.<\/p>\n<p>b\u3001 Wenn ein einzelnes elektrisches Ger\u00e4t mit einer Leistung von mehr als 0,2 kW angeschlossen wird, blinkt die rote Leuchte P des Ger\u00e4ts und zeigt damit an, dass ein Ger\u00e4t mit zu hoher Leistung angeschlossen wurde. Wenn die Stromzufuhr der Last nicht rechtzeitig innerhalb der angegebenen Zeit unterbrochen wird, beginnt das Ger\u00e4t einen Countdown. Nach Ablauf des Countdowns schaltet sich das Ger\u00e4t automatisch ab. Wenn nach dem Schlie\u00dfen immer noch Ger\u00e4te \u00fcber dem Grenzwert vorhanden sind, schaltet sich das Ger\u00e4t automatisch ab. Wenn der Grenzwert mehr als dreimal \u00fcberschritten wurde, muss der Reset-Knopf manuell gedr\u00fcckt werden, um den Stromkreis zu schlie\u00dfen.<\/p>\n<p>c\u3001 Wenn die Leistung eines einzelnen Ger\u00e4ts den Grenzwert nicht \u00fcberschreitet, aber die Gesamtleistung \u00fcbersteigt, muss das Produkt manuell zur\u00fcckgesetzt werden, um nach dem Schutz zu schlie\u00dfen.<\/p>\n<p>Wenn die R\u00fccksetztaste manuell gedr\u00fcckt werden muss, m\u00fcssen alle elektrischen Ger\u00e4te, die den Grenzwert \u00fcberschreiten, entfernt werden.<\/p>\n<h3>3\u3001Arbeitsbedingungen und Parameter<\/h3>\n<hr \/>\n<div class=\"scroll-table-container\">\n<table class=\"scroll-table\">\n<tbody>\n<tr>\n<th>Typ<\/th>\n<td>JGXZ-63<\/td>\n<\/tr>\n<tr>\n<th>Einzelne Leistungsstufe 1<\/th>\n<td>0.01~9.9kw<\/td>\n<\/tr>\n<tr>\n<th>Einzelne Leistungsstufe 2<\/th>\n<td>0,5~13,2kw<\/td>\n<\/tr>\n<tr>\n<th>Einstellbereich der \u00dcberspannung<\/th>\n<td>AC270V(210~300V)<\/td>\n<\/tr>\n<tr>\n<th>Bereich der Unterspannungseinstellung<\/th>\n<td>AC170V(80~200V)<\/td>\n<\/tr>\n<tr>\n<th>Ableitstrom-Einstellbereich<\/th>\n<td>20mA(5~300mA)<\/td>\n<\/tr>\n<tr>\n<th>Elektrizit\u00e4tsmessung<\/th>\n<td>0.1-99999.9kwh<\/td>\n<\/tr>\n<\/tbody>\n<\/table>\n<\/div>\n<p>&nbsp;<\/p>\n<p>3.1. Das erste normale Einschalten erfolgt automatisch nach einer Verz\u00f6gerung von 1 Sekunde; bei \u00dcberspannung, Unterspannung, \u00dcberstrom oder Leckage w\u00e4hrend des ersten Einschaltens schaltet sich das Produkt innerhalb von 1 Sekunde automatisch ab;<\/p>\n<p>3.2. Aktuelle Schutzparameter:<\/p>\n<p>a. \u2265 1,0 mal Strom, Einstellbereich 1-120 Sekunden, Standard 10 Sekunden<\/p>\n<p>b. \u2265 das 1,2-fache des Kurzschlussstroms, 0,1 Sekunden zum \u00d6ffnen des Stromkreises<\/p>\n<p>3.3. Die Umgebungstemperatur sollte +40 \u2103 nicht \u00fcberschreiten, nicht niedriger als -5 \u2103 sein, und die durchschnittliche Temperatur \u00fcber 24 Stunden sollte +35 \u2103 nicht \u00fcberschreiten; Bei +40 \u2103 sollte die Umgebungsluftfeuchtigkeit 50% nicht \u00fcberschreiten.<\/p>\n<p>3.4. Die Meeresh\u00f6he des Aufstellungsortes darf 2000 Meter nicht \u00fcberschreiten.5. Verschmutzungsgrad III.6. In der Installationsumgebung gibt es keine explosiven gef\u00e4hrlichen Medien, keine \u00e4tzenden oder isolierenden Gase und keinen leitf\u00e4higen Staub. Es gibt auch keine Bereiche, die von Regen oder Schnee betroffen sind.<\/p>\n<h3>4\u3001Panel-Beschreibung<\/h3>\n<hr \/>\n<p><img decoding=\"async\" class=\"alignnone wp-image-4535 size-full\" src=\"https:\/\/ua-protector.com\/wp-content\/uploads\/2025\/04\/\u9762\u677f\u8bf4\u660e-\u82f1\u6587\u7248.jpg\" alt=\"\" width=\"668\" height=\"733\" srcset=\"https:\/\/ua-protector.com\/wp-content\/uploads\/2025\/04\/\u9762\u677f\u8bf4\u660e-\u82f1\u6587\u7248.jpg 668w, https:\/\/ua-protector.com\/wp-content\/uploads\/2025\/04\/\u9762\u677f\u8bf4\u660e-\u82f1\u6587\u7248-600x658.jpg 600w, https:\/\/ua-protector.com\/wp-content\/uploads\/2025\/04\/\u9762\u677f\u8bf4\u660e-\u82f1\u6587\u7248-273x300.jpg 273w\" sizes=\"(max-width: 668px) 100vw, 668px\" \/><\/p>\n<h3>5\u3001<strong><a href=\"https:\/\/ua-protector.com\/de\/\">Selektiver Leistungsbegrenzungsschutz<\/a> <\/strong>Abmessungen<\/h3>\n<hr \/>\n<p><img decoding=\"async\" class=\"alignnone wp-image-5180 size-full\" src=\"https:\/\/ua-protector.com\/wp-content\/uploads\/2025\/04\/\u5916\u578b\u5c3a\u5bf8.jpg\" alt=\"\" width=\"687\" height=\"533\" srcset=\"https:\/\/ua-protector.com\/wp-content\/uploads\/2025\/04\/\u5916\u578b\u5c3a\u5bf8.jpg 687w, https:\/\/ua-protector.com\/wp-content\/uploads\/2025\/04\/\u5916\u578b\u5c3a\u5bf8-300x233.jpg 300w, https:\/\/ua-protector.com\/wp-content\/uploads\/2025\/04\/\u5916\u578b\u5c3a\u5bf8-15x12.jpg 15w, https:\/\/ua-protector.com\/wp-content\/uploads\/2025\/04\/\u5916\u578b\u5c3a\u5bf8-600x466.jpg 600w\" sizes=\"(max-width: 687px) 100vw, 687px\" \/><\/p>\n<p>&nbsp;<\/p>\n<h2>Sollte ein Plan sein<\/h2>\n<hr \/>\n<figure id=\"attachment_6111\" aria-describedby=\"caption-attachment-6111\" style=\"width: 600px\" class=\"wp-caption alignnone\"><img loading=\"lazy\" decoding=\"async\" class=\"wp-image-6111 size-full\" src=\"https:\/\/ua-protector.com\/wp-content\/uploads\/2025\/04\/\u63a5\u7ebf\u56fe-\u8fc7\u6b20\u538b-3.jpg\" alt=\"\u00dcber- und Unterspannungsschutzger\u00e4te\" width=\"600\" height=\"1133\" srcset=\"https:\/\/ua-protector.com\/wp-content\/uploads\/2025\/04\/\u63a5\u7ebf\u56fe-\u8fc7\u6b20\u538b-3.jpg 600w, https:\/\/ua-protector.com\/wp-content\/uploads\/2025\/04\/\u63a5\u7ebf\u56fe-\u8fc7\u6b20\u538b-3-159x300.jpg 159w, https:\/\/ua-protector.com\/wp-content\/uploads\/2025\/04\/\u63a5\u7ebf\u56fe-\u8fc7\u6b20\u538b-3-542x1024.jpg 542w, https:\/\/ua-protector.com\/wp-content\/uploads\/2025\/04\/\u63a5\u7ebf\u56fe-\u8fc7\u6b20\u538b-3-6x12.jpg 6w\" sizes=\"(max-width: 600px) 100vw, 600px\" \/><figcaption id=\"caption-attachment-6111\" class=\"wp-caption-text\">\u00dcber- und Unterspannungsschutzger\u00e4te<\/figcaption><\/figure>\n<h3 data-slate-node=\"element\"><span style=\"color: #ff0000;\" data-slate-node=\"text\"><span class=\"null hover-sent\" data-slate-leaf=\"true\" data-sent-id=\"ejrkgDPYqe\">Warnung:<\/span><\/span><\/h3>\n<div data-slate-node=\"element\"><span data-slate-node=\"text\"><span class=\"null hover-sent\" data-slate-leaf=\"true\" data-sent-id=\"ejrkgDPYqe\">Die Dr\u00e4hte N und L d\u00fcrfen nicht falsch angeschlossen werden.<\/span><\/span><\/div>\n<div data-slate-node=\"element\" data-slate-fragment=\"JTVCJTdCJTIydHlwZSUyMiUzQSUyMnBhcmFncmFwaCUyMiUyQyUyMmNoaWxkcmVuJTIyJTNBJTVCJTdCJTIyaWQlMjIlM0ElMjJlanJrZ0RQWXFlJTIyJTJDJTIycGFyYUlkeCUyMiUzQTElMkMlMjJzcmMlMjIlM0ElMjJBdHRlbnRpb24lM0ElMjBUaGUlMjBOJTIwYW5kJTIwTCUyMHdpcmVzJTIwbXVzdCUyMG5vdCUyMGJlJTIwY29ubmVjdGVkJTIwaW5jb3JyZWN0bHkuJTIyJTJDJTIyZHN0JTIyJTNBJTIyJUU2JUIzJUE4JUU2JTg0JThGJUVGJUJDJTlBTiVFNSU5MiU4Q0wlRTclQkElQkYlRTQlQjglOEQlRTUlQkUlOTclRTglQkYlOUUlRTYlOEUlQTUlRTklOTQlOTklRTglQUYlQUYlRTMlODAlODIlMjIlMkMlMjJtZXRhZGF0YSUyMiUzQSUyMiUyMiUyQyUyMm1hdGNoZXMlMjIlM0FudWxsJTJDJTIybWV0YURhdGElMjIlM0ElNUIlNUQlMkMlMjJ0ZXh0JTIyJTNBJTIyVGhlJTIwTiUyMGFuZCUyMEwlMjB3aXJlcyUyMG11c3QlMjBub3QlMjBiZSUyMGNvbm5lY3RlZCUyMGluY29ycmVjdGx5LiUyMiU3RCU1RCU3RCUyQyU3QiUyMnR5cGUlMjIlM0ElMjJwYXJhZ3JhcGglMjIlMkMlMjJjaGlsZHJlbiUyMiUzQSU1QiU3QiUyMmlkJTIyJTNBJTIyVk5ETmRqOUFiQiUyMiUyQyUyMnBhcmFJZHglMjIlM0EyJTJDJTIyc3JjJTIyJTNBJTIyQWxsJTIwdGVybWluYWxzJTIwbXVzdCUyMGJlJTIwdGlnaHRlbmVkJTIwdG8lMjBwcmV2ZW50JTIwZmFsc2UlMjBjb25uZWN0aW9ucyUyMHRoYXQlMjBjb3VsZCUyMGJ1cm4lMjBvdXQlMjB0aGUlMjBwcm90ZWN0b3IuJTIyJTJDJTIyZHN0JTIyJTNBJTIyJUU2JTg5JTgwJUU2JTlDJTg5JUU3JUFCJUFGJUU1JUFEJTkwJUU1JUJGJTg1JUU5JUExJUJCJUU2JThCJUE3JUU3JUI0JUE3JUVGJUJDJThDJUU0JUJCJUE1JUU5JTk4JUIyJUU2JUFEJUEyJUU1JThGJUFGJUU4JTgzJUJEJUU3JTgzJUE3JUU1JTlEJThGJUU0JUJGJTlEJUU2JThBJUE0JUU1JTk5JUE4JUU3JTlBJTg0JUU5JTk0JTk5JUU4JUFGJUFGJUU4JUJGJTlFJUU2JThFJUE1JUUzJTgwJTgyJTIyJTJDJTIybWV0YWRhdGElMjIlM0ElMjIlMjIlMkMlMjJtYXRjaGVzJTIyJTNBbnVsbCUyQyUyMm1ldGFEYXRhJTIyJTNBJTVCJTVEJTJDJTIydGV4dCUyMiUzQSUyMkFsbCUyMHRlcm1pbmFscyUyMG11c3QlMjBiZSUyMHRpZ2h0ZW5lZCUyMHRvJTIwcHJldmVudCUyMGZhbHNlJTIwY29ubmVjdGlvbnMlMjB0aGF0JTIwY291bGQlMjBidXJuJTIwb3V0JTIwdGhlJTIwcHJvdGVjdG9yLiUyMiU3RCU1RCU3RCU1RA==\"><span data-slate-node=\"text\"><span class=\"null\" data-slate-leaf=\"true\" data-sent-id=\"VNDNdj9AbB\">Alle Klemmen m\u00fcssen fest angezogen sein, um falsche Verbindungen zu vermeiden, die den Schutz durchbrennen lassen k\u00f6nnten.<\/span><\/span><\/div>\n<h2 class=\"wp-block-heading\"><\/h2>\n<h2><strong>Informationen zum Standardpaket<\/strong><\/h2>\n<hr \/>\n<p>&nbsp;<\/p>\n<p><img loading=\"lazy\" decoding=\"async\" class=\"alignnone size-medium wp-image-5943\" src=\"https:\/\/ua-protector.com\/wp-content\/uploads\/2025\/04\/45.5-23.5-31.5-box-300x300.jpg\" sizes=\"(max-width: 300px) 100vw, 300px\" srcset=\"https:\/\/ua-protector.com\/wp-content\/uploads\/2025\/04\/45.5-23.5-31.5-box-300x300.jpg 300w, https:\/\/ua-protector.com\/wp-content\/uploads\/2025\/04\/45.5-23.5-31.5-box-150x150.jpg 150w, https:\/\/ua-protector.com\/wp-content\/uploads\/2025\/04\/45.5-23.5-31.5-box-12x12.jpg 12w, https:\/\/ua-protector.com\/wp-content\/uploads\/2025\/04\/45.5-23.5-31.5-box-600x600.jpg 600w, https:\/\/ua-protector.com\/wp-content\/uploads\/2025\/04\/45.5-23.5-31.5-box-100x100.jpg 100w, https:\/\/ua-protector.com\/wp-content\/uploads\/2025\/04\/45.5-23.5-31.5-box.jpg 750w\" alt=\"\" width=\"300\" height=\"300\" \/><\/p>\n<div style=\"overflow-x: auto;\">\n<table style=\"height: 109px;\" width=\"1337\">\n<tbody>\n<tr>\n<th>Karton Abmessung (cm)<\/th>\n<th>Packliste<\/th>\n<th>QTY<\/th>\n<th>Bruttogewicht(kg)<\/th>\n<\/tr>\n<tr>\n<td style=\"text-align: center;\">45,5 cm \u00d7 23,5 cm \u00d7 31,5 cm<\/td>\n<td style=\"text-align: center;\">Dosierschutz<\/td>\n<td style=\"text-align: center;\">120St\u00fcck<\/td>\n<td style=\"text-align: center;\">20kg<\/td>\n<\/tr>\n<\/tbody>\n<\/table>\n<\/div>\n<hr \/>\n<h1 class=\"elementor-heading-title elementor-size-default\"><span style=\"color: #0000ff;\">Kontaktieren Sie uns jetzt, kostenlose Muster sind verf\u00fcgbar<\/span><\/h1>\n<p>Wenn Sie mehr \u00fcber unsere Produkte und Dienstleistungen erfahren m\u00f6chten, erhalten Sie eine Antwort von einem Elektrofachmann. Wir freuen uns darauf, Sie zu unterst\u00fctzen.<\/p>\n<p>Mob\/WhatsApp\/Wang: +86 18958900126<br \/>\nGesch\u00e4ftliche E-Mail\uff1a<strong>sales@tokeep.net<br \/>\n<\/strong>Technologie E-Mail:\u00a0<strong>tokeepcc@gmail.com<\/strong><strong><br \/>\n<\/strong>Pers\u00f6nliche E-Mail:<strong>\u00a0wxj7607@126.com<\/strong><\/p>\n<p><img loading=\"lazy\" decoding=\"async\" class=\"alignnone wp-image-5833 size-full\" src=\"https:\/\/ua-protector.com\/wp-content\/uploads\/2025\/04\/whateapp-1.jpg\" sizes=\"(max-width: 573px) 100vw, 573px\" srcset=\"https:\/\/ua-protector.com\/wp-content\/uploads\/2025\/04\/whateapp-1.jpg 573w, https:\/\/ua-protector.com\/wp-content\/uploads\/2025\/04\/whateapp-1-300x169.jpg 300w, https:\/\/ua-protector.com\/wp-content\/uploads\/2025\/04\/whateapp-1-18x10.jpg 18w\" alt=\"\" width=\"573\" height=\"322\" \/><\/p>\n<p>&nbsp;<\/p>","protected":false},"excerpt":{"rendered":"<p>JGXZ-63 ist ein selektiver Leistungsbegrenzer, der haupts\u00e4chlich zur Begrenzung des Stromverbrauchs einzelner Elektroger\u00e4te mit \u00fcberm\u00e4\u00dfiger Leistung verwendet wird, und ein intelligenter Leistungsbegrenzer f\u00fcr die \u00dcberschreitung der Gesamtleistungsgrenze.<br \/>\n<strong>Anweisungen \uff1a<a href=\"https:\/\/ua-protector.com\/wp-content\/uploads\/2025\/04\/JGXZ-63-Manual.pdf\">Selektiver Leistungsbegrenzer JGXZ-63-Handbuch<\/a><\/strong><\/p>\n<p>&nbsp;<\/p>","protected":false},"featured_media":4443,"template":"","meta":{"_acf_changed":false,"site-sidebar-layout":"default","site-content-layout":"","ast-site-content-layout":"default","site-content-style":"default","site-sidebar-style":"default","ast-global-header-display":"","ast-banner-title-visibility":"","ast-main-header-display":"","ast-hfb-above-header-display":"","ast-hfb-below-header-display":"","ast-hfb-mobile-header-display":"","site-post-title":"","ast-breadcrumbs-content":"","ast-featured-img":"","footer-sml-layout":"","theme-transparent-header-meta":"default","adv-header-id-meta":"","stick-header-meta":"","header-above-stick-meta":"","header-main-stick-meta":"","header-below-stick-meta":"","astra-migrate-meta-layouts":"set","ast-page-background-enabled":"default","ast-page-background-meta":{"desktop":{"background-color":"","background-image":"","background-repeat":"repeat","background-position":"center center","background-size":"auto","background-attachment":"scroll","background-type":"","background-media":"","overlay-type":"","overlay-color":"","overlay-opacity":"","overlay-gradient":""},"tablet":{"background-color":"","background-image":"","background-repeat":"repeat","background-position":"center center","background-size":"auto","background-attachment":"scroll","background-type":"","background-media":"","overlay-type":"","overlay-color":"","overlay-opacity":"","overlay-gradient":""},"mobile":{"background-color":"","background-image":"","background-repeat":"repeat","background-position":"center center","background-size":"auto","background-attachment":"scroll","background-type":"","background-media":"","overlay-type":"","overlay-color":"","overlay-opacity":"","overlay-gradient":""}},"ast-content-background-meta":{"desktop":{"background-color":"var(--ast-global-color-5)","background-image":"","background-repeat":"repeat","background-position":"center center","background-size":"auto","background-attachment":"scroll","background-type":"","background-media":"","overlay-type":"","overlay-color":"","overlay-opacity":"","overlay-gradient":""},"tablet":{"background-color":"var(--ast-global-color-5)","background-image":"","background-repeat":"repeat","background-position":"center center","background-size":"auto","background-attachment":"scroll","background-type":"","background-media":"","overlay-type":"","overlay-color":"","overlay-opacity":"","overlay-gradient":""},"mobile":{"background-color":"var(--ast-global-color-5)","background-image":"","background-repeat":"repeat","background-position":"center center","background-size":"auto","background-attachment":"scroll","background-type":"","background-media":"","overlay-type":"","overlay-color":"","overlay-opacity":"","overlay-gradient":""}}},"product_brand":[],"product_cat":[65,64,62,69],"product_tag":[96,110,93,87],"class_list":{"0":"post-4424","1":"product","2":"type-product","3":"status-publish","4":"has-post-thumbnail","6":"product_cat-fireproof-current-limiting-protector","7":"product_cat-smart-meter","8":"product_cat-voltage-protector","9":"product_cat-small-voltmeter","10":"product_tag-adjustable-voltage-protector-settings","11":"product_tag-voltage-protector-220v","12":"product_tag-voltage-protector-adjustable-under-over-voltage-protection","13":"product_tag-voltage-protector-for-home","14":"desktop-align-center","15":"tablet-align-left","16":"mobile-align-left","18":"first","19":"instock","20":"featured","21":"shipping-taxable","22":"product-type-external"},"acf":[],"_links":{"self":[{"href":"https:\/\/ua-protector.com\/de\/wp-json\/wp\/v2\/product\/4424","targetHints":{"allow":["GET"]}}],"collection":[{"href":"https:\/\/ua-protector.com\/de\/wp-json\/wp\/v2\/product"}],"about":[{"href":"https:\/\/ua-protector.com\/de\/wp-json\/wp\/v2\/types\/product"}],"version-history":[{"count":22,"href":"https:\/\/ua-protector.com\/de\/wp-json\/wp\/v2\/product\/4424\/revisions"}],"predecessor-version":[{"id":6701,"href":"https:\/\/ua-protector.com\/de\/wp-json\/wp\/v2\/product\/4424\/revisions\/6701"}],"wp:featuredmedia":[{"embeddable":true,"href":"https:\/\/ua-protector.com\/de\/wp-json\/wp\/v2\/media\/4443"}],"wp:attachment":[{"href":"https:\/\/ua-protector.com\/de\/wp-json\/wp\/v2\/media?parent=4424"}],"wp:term":[{"taxonomy":"product_brand","embeddable":true,"href":"https:\/\/ua-protector.com\/de\/wp-json\/wp\/v2\/product_brand?post=4424"},{"taxonomy":"product_cat","embeddable":true,"href":"https:\/\/ua-protector.com\/de\/wp-json\/wp\/v2\/product_cat?post=4424"},{"taxonomy":"product_tag","embeddable":true,"href":"https:\/\/ua-protector.com\/de\/wp-json\/wp\/v2\/product_tag?post=4424"}],"curies":[{"name":"wp","href":"https:\/\/api.w.org\/{rel}","templated":true}]}}